{"id":53935,"date":"2018-05-01T15:29:10","date_gmt":"2018-05-01T13:29:10","guid":{"rendered":"http:\/\/39-45.auzeau.fr\/39-45\/france\/35-ille-et-vilaine\/35-rennes-3-2\/"},"modified":"2018-05-14T19:24:03","modified_gmt":"2018-05-14T17:24:03","slug":"35-rennes-4","status":"publish","type":"page","link":"https:\/\/www.auzeau.fr\/39-45\/france\/35-ille-et-vilaine\/35-rennes-4\/","title":{"rendered":"35 &#8211; Rennes"},"content":{"rendered":"<p><img fetchpriority=\"high\" decoding=\"async\" class=\"aligncenter size-full wp-image-53906\" title=\"Rennes\" src=\"https:\/\/www.auzeau.fr\/39-45\/wp-content\/uploads\/Cimetieres\/31 -- 60\/35-Ille-et-Vilaine\/Rennes\/Rennes.jpg\" alt=\"\" width=\"900\" height=\"450\" srcset=\"https:\/\/www.auzeau.fr\/39-45\/wp-content\/uploads\/Cimetieres\/31%20--%2060\/35-Ille-et-Vilaine\/Rennes\/Rennes.jpg 900w, https:\/\/www.auzeau.fr\/39-45\/wp-content\/uploads\/Cimetieres\/31%20--%2060\/35-Ille-et-Vilaine\/Rennes\/Rennes-300x150.jpg 300w, https:\/\/www.auzeau.fr\/39-45\/wp-content\/uploads\/Cimetieres\/31%20--%2060\/35-Ille-et-Vilaine\/Rennes\/Rennes-768x384.jpg 768w\" sizes=\"(max-width: 900px) 100vw, 900px\" \/><\/p>\n<table style=\"width: 100%;\" border=\"0\">\n<tbody>\n<tr>\n<td style=\"width: 5%;\"><a name=\"DZ413\"><\/a><\/td>\n<td style=\"width: 5%;\"><\/td>\n<td style=\"width: 5%;\"><\/td>\n<td style=\"width: 5%;\"><\/td>\n<td style=\"width: 5%;\"><\/td>\n<td style=\"width: 5%;\"><\/td>\n<td style=\"width: 5%;\"><\/td>\n<td style=\"width: 5%;\"><\/td>\n<td style=\"width: 5%;\"><\/td>\n<td style=\"width: 5%;\"><\/td>\n<td style=\"width: 5%;\"><\/td>\n<td style=\"width: 5%;\"><\/td>\n<td style=\"width: 5%;\"><\/td>\n<td style=\"width: 5%;\"><\/td>\n<td style=\"width: 5%;\"><\/td>\n<td style=\"width: 5%;\"><\/td>\n<td style=\"width: 5%;\"><\/td>\n<td style=\"width: 5%;\"><\/td>\n<td style=\"width: 5%;\"><\/td>\n<td style=\"width: 5%;\"><\/td>\n<\/tr>\n<tr>\n<td colspan=\"15\"><strong><span style=\"font-size: xx-large;\"><span style=\"color: #000000;\">Mosquito DZ413 GB-K<\/span><br \/>\n<\/span><\/strong><\/td>\n<td colspan=\"5\">\n<p style=\"text-align: center;\"><strong><span style=\"font-size: xx-large;\">105 Sqn<\/span><\/strong><\/p>\n<\/td>\n<\/tr>\n<tr style=\"height: 40px;\">\n<td style=\"text-align: right;\" colspan=\"2\"><span style=\"font-size: 14px;\"><strong>Date : <\/strong><\/span><\/td>\n<td colspan=\"5\"><span style=\"font-size: 14px;\"><em>\u00a026 f\u00e9vrier 1943<\/em><\/span><\/td>\n<td style=\"text-align: right;\" colspan=\"3\"><span style=\"font-size: 14px;\"><strong>Mission : <\/strong><\/span><\/td>\n<td colspan=\"10\"><span style=\"font-size: 14px;\"><em>\u00a0Attaque d&#8217;un d\u00e9p\u00f4t de la Kriegsmarine \u00e0 Rennes<\/em><\/span><\/td>\n<\/tr>\n<tr style=\"height: 40px;\">\n<td><\/td>\n<td><\/td>\n<td style=\"text-align: right;\" colspan=\"5\"><span style=\"font-size: 14px;\"><strong>D\u00e9collage : <\/strong><\/span><\/td>\n<td colspan=\"10\"><span style=\"font-size: 14px;\"><em>\u00a0Marham \u00e0 16:46<\/em><\/span><\/td>\n<td><\/td>\n<td><\/td>\n<td><\/td>\n<\/tr>\n<tr style=\"height: 40px;\">\n<td><\/td>\n<td><\/td>\n<td style=\"text-align: right;\" colspan=\"5\"><span style=\"font-size: 14px;\"><strong>Causes de la perte : <\/strong><\/span><\/td>\n<td colspan=\"10\"><span style=\"font-size: 14px;\"><em>\u00a0Collision avec le <a href=\"https:\/\/www.auzeau.fr\/39-45\/france\/35-ille-et-vilaine\/35-rennes-3\/\">Mosquito DZ365<\/a><br \/>\n<\/em><\/span><\/td>\n<td><\/td>\n<td><\/td>\n<td><\/td>\n<\/tr>\n<tr style=\"height: 40px;\">\n<td><\/td>\n<td><\/td>\n<td style=\"text-align: right;\" colspan=\"5\"><span style=\"font-size: 14px;\"><strong>Lieu de la perte : <\/strong><\/span><\/td>\n<td colspan=\"10\"><span style=\"font-size: 14px;\"><em>\u00a0&#8220;Les Landes d&#8217;Apign\u00e9&#8221; \u00e0 Le Rheu (35)<\/em><\/span><\/td>\n<td><\/td>\n<td><\/td>\n<td><\/td>\n<\/tr>\n<tr style=\"height: 60px;\">\n<td><span style=\"font-size: 14px;\"><img decoding=\"async\" class=\"size-full wp-image-47198 alignleft\" title=\"USA\" src=\"https:\/\/www.auzeau.fr\/39-45\/wp-content\/uploads\/images\/Drapeaux\/USA.png\" alt=\"USA\" width=\"40\" height=\"20\" \/><\/span><\/td>\n<td><span style=\"font-size: 14px;\"><span class='tooltipsall tooltipsincontent classtoolTips19'>Fg Off<\/span><\/span><\/td>\n<td colspan=\"5\"><span style=\"font-size: 14px;\">Spencer Griffith<\/span><\/td>\n<td colspan=\"3\"><span style=\"font-size: 14px; color: #000000;\"><strong>KIMMEL<\/strong><\/span><\/td>\n<td style=\"text-align: center;\"><span style=\"font-size: 14px;\"><span class='tooltipsall tooltipsincontent classtoolTips151'>Pil<\/span><\/span><\/td>\n<td style=\"text-align: center;\"><span style=\"font-size: 14px;\"><span class='tooltipsall tooltipsincontent classtoolTips78'>RCAF<\/span><\/span><\/td>\n<td style=\"text-align: center;\" colspan=\"2\"><span style=\"font-size: 14px;\">J\/9561<\/span><\/td>\n<td><span style=\"font-size: 14px; color: #000000;\"><strong><span class='tooltipsall tooltipsincontent classtoolTips110'>KIA<\/span><\/strong><\/span><\/td>\n<td colspan=\"5\"><span style=\"font-size: 14px;\"><a href=\"https:\/\/www.auzeau.fr\/39-45\/france\/14-calvados\/14-bretteville-sur-laize-canadian-war-cemetery-2\/\"><em>Inhum\u00e9 \u00e0 Bretteville sur Laize (14)<\/em><\/a><em> Am\u00e9ricain engag\u00e9 dans la <span class='tooltipsall tooltipsincontent classtoolTips78'>RCAF<\/span><\/em><\/span><\/td>\n<\/tr>\n<tr style=\"height: 60px;\">\n<td><span style=\"font-size: 14px;\"><img decoding=\"async\" class=\"size-full wp-image-47210 alignleft\" title=\"Canada\" src=\"https:\/\/www.auzeau.fr\/39-45\/wp-content\/uploads\/images\/Drapeaux\/Canada.png\" alt=\"\" width=\"40\" height=\"20\" \/><\/span><\/td>\n<td><span style=\"font-size: 14px;\"><span class='tooltipsall tooltipsincontent classtoolTips19'>Fg Off<\/span><\/span><\/td>\n<td colspan=\"5\"><span style=\"font-size: 14px;\">Harry Nettleton<\/span><\/td>\n<td colspan=\"3\"><span style=\"font-size: 14px; color: #000000;\"><strong>KIRKLAND<\/strong><\/span><\/td>\n<td style=\"text-align: center;\"><span style=\"font-size: 14px;\"><span class='tooltipsall tooltipsincontent classtoolTips116'>Nav<\/span><\/span><\/td>\n<td style=\"text-align: center;\"><span style=\"font-size: 14px;\"><span class='tooltipsall tooltipsincontent classtoolTips78'>RCAF<\/span><\/span><\/td>\n<td style=\"text-align: center;\" colspan=\"2\"><span style=\"font-size: 14px;\">J\/10427<\/span><\/td>\n<td><span style=\"font-size: 14px; color: #000000;\"><strong><span class='tooltipsall tooltipsincontent classtoolTips110'>KIA<\/span><\/strong><\/span><\/td>\n<td colspan=\"5\"><\/td>\n<\/tr>\n<tr>\n<td colspan=\"20\" height=\"20\"><\/td>\n<\/tr>\n<tr>\n<td colspan=\"20\"><div id='gallery-1' class='gallery galleryid-53935 gallery-columns-1 gallery-size-thumbnail'><figure class='gallery-item'>\n\t\t\t<div class='gallery-icon portrait'>\n\t\t\t\t<a title=\"FO_H.N._KIRKLAND\"  title=\"FO_H.N._KIRKLAND\"  href='https:\/\/www.auzeau.fr\/39-45\/wp-content\/uploads\/Cimetieres\/31%20--%2060\/35-Ille-et-Vilaine\/Rennes\/DZ413\/FO_H.N._KIRKLAND.jpg'><img loading=\"lazy\" decoding=\"async\" width=\"150\" height=\"150\" src=\"https:\/\/www.auzeau.fr\/39-45\/wp-content\/uploads\/Cimetieres\/31 -- 60\/35-Ille-et-Vilaine\/Rennes\/DZ413\/FO_H.N._KIRKLAND-150x150.jpg\" class=\"attachment-thumbnail size-thumbnail\" alt=\"\" srcset=\"https:\/\/www.auzeau.fr\/39-45\/wp-content\/uploads\/Cimetieres\/31%20--%2060\/35-Ille-et-Vilaine\/Rennes\/DZ413\/FO_H.N._KIRKLAND-150x150.jpg 150w, https:\/\/www.auzeau.fr\/39-45\/wp-content\/uploads\/Cimetieres\/31%20--%2060\/35-Ille-et-Vilaine\/Rennes\/DZ413\/FO_H.N._KIRKLAND-50x50.jpg 50w\" sizes=\"(max-width: 150px) 100vw, 150px\" \/><\/a>\n\t\t\t<\/div><\/figure>\n\t\t<\/div>\n<\/td>\n<\/tr>\n<\/tbody>\n<\/table>\n<table style=\"background-color: #dcdcdc;\">\n<tbody>\n<tr>\n<td style=\"text-align: center;\"><ul id=\"menu-35-rennes\" class=\"menu\"><li id=\"menu-item-53904\" class=\"menu-item menu-item-type-post_type menu-item-object-page menu-item-53904\"><a href=\"https:\/\/www.auzeau.fr\/39-45\/france\/35-ille-et-vilaine\/35-rennes\/\">Hurricane L1613<\/a><\/li>\n<li id=\"menu-item-53948\" class=\"menu-item menu-item-type-post_type menu-item-object-page menu-item-53948\"><a href=\"https:\/\/www.auzeau.fr\/39-45\/france\/35-ille-et-vilaine\/35-rennes-2\/\">Halifax DG285<\/a><\/li>\n<li id=\"menu-item-53947\" class=\"menu-item menu-item-type-post_type menu-item-object-page menu-item-53947\"><a href=\"https:\/\/www.auzeau.fr\/39-45\/france\/35-ille-et-vilaine\/35-rennes-3\/\">Mosquito DZ365<\/a><\/li>\n<li id=\"menu-item-53946\" class=\"menu-item menu-item-type-post_type menu-item-object-page menu-item-53946\"><a href=\"https:\/\/www.auzeau.fr\/39-45\/france\/35-ille-et-vilaine\/35-rennes-4\/\">Mosquito DZ413<\/a><\/li>\n<li id=\"menu-item-53945\" class=\"menu-item menu-item-type-post_type menu-item-object-page menu-item-53945\"><a href=\"https:\/\/www.auzeau.fr\/39-45\/france\/35-ille-et-vilaine\/35-rennes-5\/\">Mustang P51 n\u00b0 FD545<\/a><\/li>\n<li id=\"menu-item-53944\" class=\"menu-item menu-item-type-post_type menu-item-object-page menu-item-53944\"><a href=\"https:\/\/www.auzeau.fr\/39-45\/france\/35-ille-et-vilaine\/35-rennes-6\/\">Lancaster ND814<\/a><\/li>\n<li id=\"menu-item-53943\" class=\"menu-item menu-item-type-post_type menu-item-object-page menu-item-53943\"><a href=\"https:\/\/www.auzeau.fr\/39-45\/france\/35-ille-et-vilaine\/35-rennes-7\/\">Spitfire MK798<\/a><\/li>\n<\/ul><\/td>\n<\/tr>\n<\/tbody>\n<\/table>\n<hr \/>\n<p style=\"text-align: center;\"><ul id=\"menu-35-ille-et-vilaine\" class=\"menu\"><li id=\"menu-item-67601\" class=\"menu-item menu-item-type-post_type menu-item-object-page menu-item-67601\"><a href=\"https:\/\/www.auzeau.fr\/39-45\/france\/35-ille-et-vilaine\/35-bruz\/\">35 \u2013 Bruz<\/a><\/li>\n<li id=\"menu-item-53830\" class=\"menu-item menu-item-type-post_type menu-item-object-page menu-item-53830\"><a href=\"https:\/\/www.auzeau.fr\/39-45\/france\/35-ille-et-vilaine\/35-dinard\/\">35 \u2013 Dinard English Cimetery<\/a><\/li>\n<li id=\"menu-item-99599\" class=\"menu-item menu-item-type-post_type menu-item-object-page menu-item-99599\"><a href=\"https:\/\/www.auzeau.fr\/39-45\/france\/35-ille-et-vilaine\/35-dinard-cimetiere-de-saint-enogat\/\">35 \u2013 Dinard Cimeti\u00e8re de Saint-Enogat<\/a><\/li>\n<li id=\"menu-item-67600\" class=\"menu-item menu-item-type-post_type menu-item-object-page menu-item-67600\"><a href=\"https:\/\/www.auzeau.fr\/39-45\/france\/35-ille-et-vilaine\/35-guichen\/\">35 \u2013 Guichen<\/a><\/li>\n<li id=\"menu-item-53831\" class=\"menu-item menu-item-type-post_type menu-item-object-page menu-item-53831\"><a href=\"https:\/\/www.auzeau.fr\/39-45\/france\/35-ille-et-vilaine\/35-le-pertre\/\">35 \u2013 Le Pertre<\/a><\/li>\n<li id=\"menu-item-53835\" class=\"menu-item menu-item-type-post_type menu-item-object-page menu-item-53835\"><a href=\"https:\/\/www.auzeau.fr\/39-45\/france\/35-ille-et-vilaine\/35-messac\/\">35- Messac<\/a><\/li>\n<li id=\"menu-item-53832\" class=\"menu-item menu-item-type-post_type menu-item-object-page menu-item-53832\"><a href=\"https:\/\/www.auzeau.fr\/39-45\/france\/35-ille-et-vilaine\/35-rennes\/\">35 \u2013 Rennes<\/a><\/li>\n<li id=\"menu-item-53833\" class=\"menu-item menu-item-type-post_type menu-item-object-page menu-item-53833\"><a href=\"https:\/\/www.auzeau.fr\/39-45\/france\/35-ille-et-vilaine\/35-romagne\/\">35 \u2013 Romagn\u00e9<\/a><\/li>\n<li id=\"menu-item-53834\" class=\"menu-item menu-item-type-post_type menu-item-object-page menu-item-53834\"><a href=\"https:\/\/www.auzeau.fr\/39-45\/france\/35-ille-et-vilaine\/35-saint-erblon\/\">35 \u2013 Saint-Erblon<\/a><\/li>\n<\/ul>\n<script type=\"text\/javascript\"> toolTips('.classtoolTips19','Flying Officer'); <\/script><script type=\"text\/javascript\"> toolTips('.classtoolTips78','Aviation Royale Canadienne<br\/><br\/>Royal Canadian Air Force'); <\/script><script type=\"text\/javascript\"> toolTips('.classtoolTips98','Colonel'); <\/script><script type=\"text\/javascript\"> toolTips('.classtoolTips110','Tu\u00e9 au combat<br\/><br\/>Killed In Action'); <\/script><script type=\"text\/javascript\"> toolTips('.classtoolTips114','Forces Fran\u00e7aises de l\\'Int\u00e9rieur'); <\/script><script type=\"text\/javascript\"> toolTips('.classtoolTips116','Navigateur<br\/><br\/>Navigator'); <\/script><script type=\"text\/javascript\"> toolTips('.classtoolTips118','Canonnier'); <\/script><script type=\"text\/javascript\"> toolTips('.classtoolTips127','D\u00e9c\u00e9d\u00e9 en Service A\u00e9rien Command\u00e9'); <\/script><script type=\"text\/javascript\"> toolTips('.classtoolTips144','Royal Corps of Signals'); <\/script><script type=\"text\/javascript\"> toolTips('.classtoolTips151','Pilote<br\/><br\/>Pilot'); <\/script><script type=\"text\/javascript\"> toolTips('.classtoolTips153','Porucznik'); <\/script><script type=\"text\/javascript\"> toolTips('.classtoolTips185','Mitrailleur<br\/><br\/>Air Gunner'); <\/script><script type=\"text\/javascript\"> toolTips('.classtoolTips187','Zone de parachutage<br\/><br\/>Dropping Zone'); <\/script><script type=\"text\/javascript\"> toolTips('.classtoolTips188','Bombardier<br\/><br\/>Air bomber'); <\/script><script type=\"text\/javascript\"> toolTips('.classtoolTips189','M\u00e9canicien volant<br\/><br\/>Flying Enginer'); <\/script><script type=\"text\/javascript\"> toolTips('.classtoolTips194','Lieutenant de Vaisseau'); <\/script><script type=\"text\/javascript\"> toolTips('.classtoolTips195','Enseigne de Vaisseau'); <\/script><script type=\"text\/javascript\"> toolTips('.classtoolTips196','second Ma\u00eetre'); <\/script><script type=\"text\/javascript\"> toolTips('.classtoolTips197','Aircraftman'); <\/script><script type=\"text\/javascript\"> toolTips('.classtoolTips199','Radio Officer'); <\/script><script type=\"text\/javascript\"> toolTips('.classtoolTips201','Lieutenant'); <\/script>","protected":false},"excerpt":{"rendered":"<p>Mosquito DZ413 GB-K 105 Sqn Date : \u00a026 f\u00e9vrier 1943 Mission : \u00a0Attaque d&#8217;un d\u00e9p\u00f4t de la Kriegsmarine \u00e0 Rennes D\u00e9collage : \u00a0Marham \u00e0 16:46 Causes de la perte : \u00a0Collision avec le Mosquito DZ365 Lieu de la perte : \u00a0&#8220;Les Landes d&#8217;Apign\u00e9&#8221; \u00e0 Le Rheu (35) Fg Off Spencer Griffith KIMMEL Pil RCAF J\/9561 [&hellip;]<\/p>\n","protected":false},"author":1,"featured_media":0,"parent":69,"menu_order":0,"comment_status":"closed","ping_status":"closed","template":"template-full-width Mosquito.php","meta":{"_lmt_disableupdate":"yes","_lmt_disable":"","footnotes":""},"categories":[590],"tags":[463],"wf_page_folders":[3124],"class_list":["post-53935","page","type-page","status-publish","hentry","category-mosquito","tag-105-squadron"],"_links":{"self":[{"href":"https:\/\/www.auzeau.fr\/39-45\/wp-json\/wp\/v2\/pages\/53935","targetHints":{"allow":["GET"]}}],"collection":[{"href":"https:\/\/www.auzeau.fr\/39-45\/wp-json\/wp\/v2\/pages"}],"about":[{"href":"https:\/\/www.auzeau.fr\/39-45\/wp-json\/wp\/v2\/types\/page"}],"author":[{"embeddable":true,"href":"https:\/\/www.auzeau.fr\/39-45\/wp-json\/wp\/v2\/users\/1"}],"replies":[{"embeddable":true,"href":"https:\/\/www.auzeau.fr\/39-45\/wp-json\/wp\/v2\/comments?post=53935"}],"version-history":[{"count":0,"href":"https:\/\/www.auzeau.fr\/39-45\/wp-json\/wp\/v2\/pages\/53935\/revisions"}],"up":[{"embeddable":true,"href":"https:\/\/www.auzeau.fr\/39-45\/wp-json\/wp\/v2\/pages\/69"}],"wp:attachment":[{"href":"https:\/\/www.auzeau.fr\/39-45\/wp-json\/wp\/v2\/media?parent=53935"}],"wp:term":[{"taxonomy":"category","embeddable":true,"href":"https:\/\/www.auzeau.fr\/39-45\/wp-json\/wp\/v2\/categories?post=53935"},{"taxonomy":"post_tag","embeddable":true,"href":"https:\/\/www.auzeau.fr\/39-45\/wp-json\/wp\/v2\/tags?post=53935"},{"taxonomy":"wf_page_folders","embeddable":true,"href":"https:\/\/www.auzeau.fr\/39-45\/wp-json\/wp\/v2\/wf_page_folders?post=53935"}],"curies":[{"name":"wp","href":"https:\/\/api.w.org\/{rel}","templated":true}]}}