{"id":53863,"date":"2018-05-01T14:23:40","date_gmt":"2018-05-01T12:23:40","guid":{"rendered":"http:\/\/39-45.auzeau.fr\/39-45\/france\/35-ille-et-vilaine\/35-dinard-2-2\/"},"modified":"2018-05-14T19:24:03","modified_gmt":"2018-05-14T17:24:03","slug":"35-dinard-3","status":"publish","type":"page","link":"https:\/\/www.auzeau.fr\/39-45\/france\/35-ille-et-vilaine\/35-dinard-3\/","title":{"rendered":"35 &#8211; Dinard"},"content":{"rendered":"<p><img fetchpriority=\"high\" decoding=\"async\" class=\"aligncenter size-full wp-image-53849\" title=\"Dinard\" src=\"https:\/\/www.auzeau.fr\/39-45\/wp-content\/uploads\/Cimetieres\/31 -- 60\/35-Ille-et-Vilaine\/Dinard\/Dinard.jpg\" alt=\"\" width=\"900\" height=\"403\" srcset=\"https:\/\/www.auzeau.fr\/39-45\/wp-content\/uploads\/Cimetieres\/31%20--%2060\/35-Ille-et-Vilaine\/Dinard\/Dinard.jpg 900w, https:\/\/www.auzeau.fr\/39-45\/wp-content\/uploads\/Cimetieres\/31%20--%2060\/35-Ille-et-Vilaine\/Dinard\/Dinard-300x134.jpg 300w, https:\/\/www.auzeau.fr\/39-45\/wp-content\/uploads\/Cimetieres\/31%20--%2060\/35-Ille-et-Vilaine\/Dinard\/Dinard-768x344.jpg 768w\" sizes=\"(max-width: 900px) 100vw, 900px\" \/><\/p>\n<table style=\"width: 100%;\" border=\"0\">\n<tbody>\n<tr>\n<td style=\"width: 5%;\"><a name=\"DD721\"><\/a><\/td>\n<td style=\"width: 5%;\"><\/td>\n<td style=\"width: 5%;\"><\/td>\n<td style=\"width: 5%;\"><\/td>\n<td style=\"width: 5%;\"><\/td>\n<td style=\"width: 5%;\"><\/td>\n<td style=\"width: 5%;\"><\/td>\n<td style=\"width: 5%;\"><\/td>\n<td style=\"width: 5%;\"><\/td>\n<td style=\"width: 5%;\"><\/td>\n<td style=\"width: 5%;\"><\/td>\n<td style=\"width: 5%;\"><\/td>\n<td style=\"width: 5%;\"><\/td>\n<td style=\"width: 5%;\"><\/td>\n<td style=\"width: 5%;\"><\/td>\n<td style=\"width: 5%;\"><\/td>\n<td style=\"width: 5%;\"><\/td>\n<td style=\"width: 5%;\"><\/td>\n<td style=\"width: 5%;\"><\/td>\n<td style=\"width: 5%;\"><\/td>\n<\/tr>\n<tr>\n<td colspan=\"15\"><strong><span style=\"font-size: xx-large;\"><span style=\"color: #000000;\">Mosquito DD721 PS-<\/span><br \/>\n<\/span><\/strong><\/td>\n<td colspan=\"5\">\n<p style=\"text-align: center;\"><strong><span style=\"font-size: xx-large;\">264 Sqn<\/span><\/strong><\/p>\n<\/td>\n<\/tr>\n<tr style=\"height: 40px;\">\n<td style=\"text-align: right;\" colspan=\"2\"><span style=\"font-size: 14px;\"><strong>Date : <\/strong><\/span><\/td>\n<td colspan=\"5\"><span style=\"font-size: 14px;\"><em>\u00a011 mars 1943<\/em><\/span><\/td>\n<td style=\"text-align: right;\" colspan=\"3\"><span style=\"font-size: 14px;\"><strong>Mission : \u00a0<\/strong><\/span><\/td>\n<td colspan=\"10\"><span style=\"font-size: 14px;\"><em><span class='tooltipsall tooltipsincontent classtoolTips31'>Ranger<\/span> vers Rennes (35)<\/em><\/span><\/td>\n<\/tr>\n<tr style=\"height: 40px;\">\n<td><\/td>\n<td><\/td>\n<td style=\"text-align: right;\" colspan=\"5\"><span style=\"font-size: 14px;\"><strong>D\u00e9collage : <\/strong><\/span><\/td>\n<td colspan=\"10\"><span style=\"font-size: 14px;\"><em>\u00a0Colerne vers 21:15<\/em><\/span><\/td>\n<td><\/td>\n<td><\/td>\n<td><\/td>\n<\/tr>\n<tr style=\"height: 40px;\">\n<td><\/td>\n<td><\/td>\n<td style=\"text-align: right;\" colspan=\"5\"><span style=\"font-size: 14px;\"><strong>Causes de la perte : <\/strong><\/span><\/td>\n<td colspan=\"10\"><\/td>\n<td><\/td>\n<td><\/td>\n<td><\/td>\n<\/tr>\n<tr style=\"height: 40px;\">\n<td><\/td>\n<td><\/td>\n<td style=\"text-align: right;\" colspan=\"5\"><span style=\"font-size: 14px;\"><strong>Lieu de la perte : <\/strong><\/span><\/td>\n<td colspan=\"10\"><span style=\"font-size: 14px;\"><em>\u00a0Golfe de Saint Malo (35)<br \/>\n<\/em><\/span><\/td>\n<td><\/td>\n<td><\/td>\n<td><\/td>\n<\/tr>\n<tr style=\"height: 60px;\">\n<td><span style=\"font-size: 14px;\"><img decoding=\"async\" class=\"size-full wp-image-47215 alignleft\" title=\"Royaume Uni\" src=\"https:\/\/www.auzeau.fr\/39-45\/wp-content\/uploads\/images\/Drapeaux\/Angleterre.png\" alt=\"Royaume-Uni\" width=\"40\" height=\"20\" \/><\/span><\/td>\n<td><span style=\"font-size: 14px;\"><span class='tooltipsall tooltipsincontent classtoolTips19'>Fg Off<\/span><\/span><\/td>\n<td colspan=\"5\"><span style=\"font-size: 14px;\">Charles Radford<\/span><\/td>\n<td colspan=\"3\"><span style=\"font-size: 14px; color: #000000;\"><strong>LAWRENCE<\/strong><\/span><\/td>\n<td style=\"text-align: center;\"><span style=\"font-size: 14px;\"><span class='tooltipsall tooltipsincontent classtoolTips116'>Nav<\/span><\/span><\/td>\n<td style=\"text-align: center;\"><span style=\"font-size: 14px;\"><span class='tooltipsall tooltipsincontent classtoolTips45'>RAFVR<\/span><\/span><\/td>\n<td style=\"text-align: center;\" colspan=\"2\"><span style=\"font-size: 14px;\">133007<\/span><\/td>\n<td><span style=\"font-size: 14px; color: #000000;\"><strong><span class='tooltipsall tooltipsincontent classtoolTips110'>KIA<\/span><\/strong><\/span><\/td>\n<td colspan=\"5\"><\/td>\n<\/tr>\n<tr style=\"height: 60px;\">\n<td><span style=\"font-size: 14px;\"><img decoding=\"async\" class=\"size-full wp-image-47215 alignleft\" title=\"Royaume Uni\" src=\"https:\/\/www.auzeau.fr\/39-45\/wp-content\/uploads\/images\/Drapeaux\/Angleterre.png\" alt=\"Royaume-Uni\" width=\"40\" height=\"20\" \/><\/span><\/td>\n<td><span style=\"font-size: 14px;\"><span class='tooltipsall tooltipsincontent classtoolTips19'>Fg Off<\/span><\/span><\/td>\n<td colspan=\"5\"><span style=\"font-size: 14px;\">Anthony Hugh<\/span><\/td>\n<td colspan=\"3\"><span style=\"font-size: 14px; color: #000000;\"><strong>STANLEY<\/strong><\/span><\/td>\n<td style=\"text-align: center;\"><span style=\"font-size: 14px;\"><span class='tooltipsall tooltipsincontent classtoolTips151'>Pil<\/span><\/span><\/td>\n<td style=\"text-align: center;\"><span style=\"font-size: 14px;\"><span class='tooltipsall tooltipsincontent classtoolTips45'>RAFVR<\/span><\/span><\/td>\n<td style=\"text-align: center;\" colspan=\"2\"><span style=\"font-size: 14px;\">119218<\/span><\/td>\n<td><span style=\"font-size: 14px; color: #000000;\"><strong><span class='tooltipsall tooltipsincontent classtoolTips111'>MIA<\/span><\/strong><\/span><\/td>\n<td colspan=\"5\"><span style=\"font-size: 10pt;\"><em>Runnymede Memorial<\/em><\/span><\/td>\n<\/tr>\n<tr>\n<td colspan=\"20\" height=\"20\"><\/td>\n<\/tr>\n<tr>\n<td colspan=\"20\"><div id='gallery-1' class='gallery galleryid-53863 gallery-columns-1 gallery-size-thumbnail'><figure class='gallery-item'>\n\t\t\t<div class='gallery-icon portrait'>\n\t\t\t\t<a title=\"C.R._LAWRENCE\"  title=\"C.R._LAWRENCE\"  href='https:\/\/www.auzeau.fr\/39-45\/wp-content\/uploads\/Cimetieres\/31%20--%2060\/35-Ille-et-Vilaine\/Dinard\/DD721\/C.R._LAWRENCE.jpg'><img decoding=\"async\" width=\"150\" height=\"150\" src=\"https:\/\/www.auzeau.fr\/39-45\/wp-content\/uploads\/Cimetieres\/31 -- 60\/35-Ille-et-Vilaine\/Dinard\/DD721\/C.R._LAWRENCE-150x150.jpg\" class=\"attachment-thumbnail size-thumbnail\" alt=\"\" srcset=\"https:\/\/www.auzeau.fr\/39-45\/wp-content\/uploads\/Cimetieres\/31%20--%2060\/35-Ille-et-Vilaine\/Dinard\/DD721\/C.R._LAWRENCE-150x150.jpg 150w, https:\/\/www.auzeau.fr\/39-45\/wp-content\/uploads\/Cimetieres\/31%20--%2060\/35-Ille-et-Vilaine\/Dinard\/DD721\/C.R._LAWRENCE-50x50.jpg 50w\" sizes=\"(max-width: 150px) 100vw, 150px\" \/><\/a>\n\t\t\t<\/div><\/figure>\n\t\t<\/div>\n<\/td>\n<\/tr>\n<\/tbody>\n<\/table>\n<table style=\"background-color: #dcdcdc;\">\n<tbody>\n<tr>\n<td style=\"text-align: center;\"><ul id=\"menu-35-dinard\" class=\"menu\"><li id=\"menu-item-53857\" class=\"menu-item menu-item-type-post_type menu-item-object-page menu-item-53857\"><a href=\"https:\/\/www.auzeau.fr\/39-45\/france\/35-ille-et-vilaine\/35-dinard\/\">Wellington BK301<\/a><\/li>\n<li id=\"menu-item-53875\" class=\"menu-item menu-item-type-post_type menu-item-object-page menu-item-53875\"><a href=\"https:\/\/www.auzeau.fr\/39-45\/france\/35-ille-et-vilaine\/35-dinard-2\/\">Whitley EB363<\/a><\/li>\n<li id=\"menu-item-53874\" class=\"menu-item menu-item-type-post_type menu-item-object-page menu-item-53874\"><a href=\"https:\/\/www.auzeau.fr\/39-45\/france\/35-ille-et-vilaine\/35-dinard-3\/\">Mosquito DD721<\/a><\/li>\n<li id=\"menu-item-53873\" class=\"menu-item menu-item-type-post_type menu-item-object-page menu-item-53873\"><a href=\"https:\/\/www.auzeau.fr\/39-45\/france\/35-ille-et-vilaine\/35-dinard-4\/\">Mosquito DZ712<\/a><\/li>\n<li id=\"menu-item-53872\" class=\"menu-item menu-item-type-post_type menu-item-object-page menu-item-53872\"><a href=\"https:\/\/www.auzeau.fr\/39-45\/france\/35-ille-et-vilaine\/35-dinard-5\/\">Typhoon MN296<\/a><\/li>\n<li id=\"menu-item-53871\" class=\"menu-item menu-item-type-post_type menu-item-object-page menu-item-53871\"><a href=\"https:\/\/www.auzeau.fr\/39-45\/france\/35-ille-et-vilaine\/35-dinard-6\/\">Typhoon MN524<\/a><\/li>\n<\/ul><\/td>\n<\/tr>\n<\/tbody>\n<\/table>\n<hr \/>\n<p style=\"text-align: center;\"><ul id=\"menu-35-ille-et-vilaine\" class=\"menu\"><li id=\"menu-item-67601\" class=\"menu-item menu-item-type-post_type menu-item-object-page menu-item-67601\"><a href=\"https:\/\/www.auzeau.fr\/39-45\/france\/35-ille-et-vilaine\/35-bruz\/\">35 \u2013 Bruz<\/a><\/li>\n<li id=\"menu-item-53830\" class=\"menu-item menu-item-type-post_type menu-item-object-page menu-item-53830\"><a href=\"https:\/\/www.auzeau.fr\/39-45\/france\/35-ille-et-vilaine\/35-dinard\/\">35 \u2013 Dinard English Cimetery<\/a><\/li>\n<li id=\"menu-item-99599\" class=\"menu-item menu-item-type-post_type menu-item-object-page menu-item-99599\"><a href=\"https:\/\/www.auzeau.fr\/39-45\/france\/35-ille-et-vilaine\/35-dinard-cimetiere-de-saint-enogat\/\">35 \u2013 Dinard Cimeti\u00e8re de Saint-Enogat<\/a><\/li>\n<li id=\"menu-item-67600\" class=\"menu-item menu-item-type-post_type menu-item-object-page menu-item-67600\"><a href=\"https:\/\/www.auzeau.fr\/39-45\/france\/35-ille-et-vilaine\/35-guichen\/\">35 \u2013 Guichen<\/a><\/li>\n<li id=\"menu-item-53831\" class=\"menu-item menu-item-type-post_type menu-item-object-page menu-item-53831\"><a href=\"https:\/\/www.auzeau.fr\/39-45\/france\/35-ille-et-vilaine\/35-le-pertre\/\">35 \u2013 Le Pertre<\/a><\/li>\n<li id=\"menu-item-53835\" class=\"menu-item menu-item-type-post_type menu-item-object-page menu-item-53835\"><a href=\"https:\/\/www.auzeau.fr\/39-45\/france\/35-ille-et-vilaine\/35-messac\/\">35- Messac<\/a><\/li>\n<li id=\"menu-item-53832\" class=\"menu-item menu-item-type-post_type menu-item-object-page menu-item-53832\"><a href=\"https:\/\/www.auzeau.fr\/39-45\/france\/35-ille-et-vilaine\/35-rennes\/\">35 \u2013 Rennes<\/a><\/li>\n<li id=\"menu-item-53833\" class=\"menu-item menu-item-type-post_type menu-item-object-page menu-item-53833\"><a href=\"https:\/\/www.auzeau.fr\/39-45\/france\/35-ille-et-vilaine\/35-romagne\/\">35 \u2013 Romagn\u00e9<\/a><\/li>\n<li id=\"menu-item-53834\" class=\"menu-item menu-item-type-post_type menu-item-object-page menu-item-53834\"><a href=\"https:\/\/www.auzeau.fr\/39-45\/france\/35-ille-et-vilaine\/35-saint-erblon\/\">35 \u2013 Saint-Erblon<\/a><\/li>\n<\/ul>\n<script type=\"text\/javascript\"> toolTips('.classtoolTips19','Flying Officer'); <\/script><script type=\"text\/javascript\"> toolTips('.classtoolTips31','Vols libres au dessus du territoire ennemi afin d\u2019occuper et de combattre la chasse ennemi<br\/><br\/>Freelance flights over enemy teritory, the intention was to occupy and tire ennemy fighters'); <\/script><script type=\"text\/javascript\"> toolTips('.classtoolTips45','Royal Air Force Volunteer Reserve'); <\/script><script type=\"text\/javascript\"> toolTips('.classtoolTips98','Colonel'); <\/script><script type=\"text\/javascript\"> toolTips('.classtoolTips110','Tu\u00e9 au combat<br\/><br\/>Killed In Action'); <\/script><script type=\"text\/javascript\"> toolTips('.classtoolTips111','Disparu au combat<br\/><br\/>Missing In Action'); <\/script><script type=\"text\/javascript\"> toolTips('.classtoolTips116','Navigateur<br\/><br\/>Navigator'); <\/script><script type=\"text\/javascript\"> toolTips('.classtoolTips127','D\u00e9c\u00e9d\u00e9 en Service A\u00e9rien Command\u00e9'); <\/script><script type=\"text\/javascript\"> toolTips('.classtoolTips144','Royal Corps of Signals'); <\/script><script type=\"text\/javascript\"> toolTips('.classtoolTips146','Royal Air Force'); <\/script><script type=\"text\/javascript\"> toolTips('.classtoolTips151','Pilote<br\/><br\/>Pilot'); <\/script><script type=\"text\/javascript\"> toolTips('.classtoolTips153','Porucznik'); <\/script><script type=\"text\/javascript\"> toolTips('.classtoolTips185','Mitrailleur<br\/><br\/>Air Gunner'); <\/script><script type=\"text\/javascript\"> toolTips('.classtoolTips187','Zone de parachutage<br\/><br\/>Dropping Zone'); <\/script><script type=\"text\/javascript\"> toolTips('.classtoolTips188','Bombardier<br\/><br\/>Air bomber'); <\/script><script type=\"text\/javascript\"> toolTips('.classtoolTips189','M\u00e9canicien volant<br\/><br\/>Flying Enginer'); <\/script><script type=\"text\/javascript\"> toolTips('.classtoolTips193','Royal Navy'); <\/script><script type=\"text\/javascript\"> toolTips('.classtoolTips197','Aircraftman'); <\/script><script type=\"text\/javascript\"> toolTips('.classtoolTips199','Radio Officer'); <\/script><script type=\"text\/javascript\"> toolTips('.classtoolTips201','Lieutenant'); <\/script>","protected":false},"excerpt":{"rendered":"<p>Mosquito DD721 PS- 264 Sqn Date : \u00a011 mars 1943 Mission : \u00a0 Ranger vers Rennes (35) D\u00e9collage : \u00a0Colerne vers 21:15 Causes de la perte : Lieu de la perte : \u00a0Golfe de Saint Malo (35) Fg Off Charles Radford LAWRENCE Nav RAFVR 133007 KIA Fg Off Anthony Hugh STANLEY Pil RAFVR 119218 MIA [&hellip;]<\/p>\n","protected":false},"author":1,"featured_media":0,"parent":69,"menu_order":0,"comment_status":"closed","ping_status":"closed","template":"template-full-width Mosquito.php","meta":{"_lmt_disableupdate":"yes","_lmt_disable":"","footnotes":""},"categories":[590],"tags":[1312],"wf_page_folders":[3124],"class_list":["post-53863","page","type-page","status-publish","hentry","category-mosquito","tag-264-squadron"],"_links":{"self":[{"href":"https:\/\/www.auzeau.fr\/39-45\/wp-json\/wp\/v2\/pages\/53863","targetHints":{"allow":["GET"]}}],"collection":[{"href":"https:\/\/www.auzeau.fr\/39-45\/wp-json\/wp\/v2\/pages"}],"about":[{"href":"https:\/\/www.auzeau.fr\/39-45\/wp-json\/wp\/v2\/types\/page"}],"author":[{"embeddable":true,"href":"https:\/\/www.auzeau.fr\/39-45\/wp-json\/wp\/v2\/users\/1"}],"replies":[{"embeddable":true,"href":"https:\/\/www.auzeau.fr\/39-45\/wp-json\/wp\/v2\/comments?post=53863"}],"version-history":[{"count":0,"href":"https:\/\/www.auzeau.fr\/39-45\/wp-json\/wp\/v2\/pages\/53863\/revisions"}],"up":[{"embeddable":true,"href":"https:\/\/www.auzeau.fr\/39-45\/wp-json\/wp\/v2\/pages\/69"}],"wp:attachment":[{"href":"https:\/\/www.auzeau.fr\/39-45\/wp-json\/wp\/v2\/media?parent=53863"}],"wp:term":[{"taxonomy":"category","embeddable":true,"href":"https:\/\/www.auzeau.fr\/39-45\/wp-json\/wp\/v2\/categories?post=53863"},{"taxonomy":"post_tag","embeddable":true,"href":"https:\/\/www.auzeau.fr\/39-45\/wp-json\/wp\/v2\/tags?post=53863"},{"taxonomy":"wf_page_folders","embeddable":true,"href":"https:\/\/www.auzeau.fr\/39-45\/wp-json\/wp\/v2\/wf_page_folders?post=53863"}],"curies":[{"name":"wp","href":"https:\/\/api.w.org\/{rel}","templated":true}]}}