{"id":5155,"date":"2017-08-12T19:46:36","date_gmt":"2017-08-12T17:46:36","guid":{"rendered":"http:\/\/www.auzeau.fr\/3945\/?page_id=5155"},"modified":"2018-05-14T19:17:29","modified_gmt":"2018-05-14T17:17:29","slug":"45-orleans","status":"publish","type":"page","link":"https:\/\/www.auzeau.fr\/39-45\/france\/45-loiret\/45-orleans\/","title":{"rendered":"45 &#8211; Orl\u00e9ans"},"content":{"rendered":"<p><img fetchpriority=\"high\" decoding=\"async\" class=\"aligncenter size-full wp-image-55162\" title=\"Orleans\" src=\"https:\/\/www.auzeau.fr\/39-45\/wp-content\/uploads\/Cimetieres\/31 -- 60\/45-Loiret\/Orleans\/Orleans.jpg\" alt=\"\" width=\"900\" height=\"382\" srcset=\"https:\/\/www.auzeau.fr\/39-45\/wp-content\/uploads\/Cimetieres\/31%20--%2060\/45-Loiret\/Orleans\/Orleans.jpg 900w, https:\/\/www.auzeau.fr\/39-45\/wp-content\/uploads\/Cimetieres\/31%20--%2060\/45-Loiret\/Orleans\/Orleans-300x127.jpg 300w, https:\/\/www.auzeau.fr\/39-45\/wp-content\/uploads\/Cimetieres\/31%20--%2060\/45-Loiret\/Orleans\/Orleans-768x326.jpg 768w\" sizes=\"(max-width: 900px) 100vw, 900px\" \/><\/p>\n<table style=\"width: 100%;\" border=\"0\">\n<tbody>\n<tr>\n<td style=\"width: 5%;\"><a name=\"JP649\"><\/a><\/td>\n<td style=\"width: 5%;\"><\/td>\n<td style=\"width: 5%;\"><\/td>\n<td style=\"width: 5%;\"><\/td>\n<td style=\"width: 5%;\"><\/td>\n<td style=\"width: 5%;\"><\/td>\n<td style=\"width: 5%;\"><\/td>\n<td style=\"width: 5%;\"><\/td>\n<td style=\"width: 5%;\"><\/td>\n<td style=\"width: 5%;\"><\/td>\n<td style=\"width: 5%;\"><\/td>\n<td style=\"width: 5%;\"><\/td>\n<td style=\"width: 5%;\"><\/td>\n<td style=\"width: 5%;\"><\/td>\n<td style=\"width: 5%;\"><\/td>\n<td style=\"width: 5%;\"><\/td>\n<td style=\"width: 5%;\"><\/td>\n<td style=\"width: 5%;\"><\/td>\n<td style=\"width: 5%;\"><\/td>\n<td style=\"width: 5%;\"><\/td>\n<\/tr>\n<tr>\n<td colspan=\"15\"><span style=\"color: #000000;\"><strong><span style=\"font-size: xx-large;\">Typhoon JP649 ZY-Z<\/span><\/strong><\/span><\/td>\n<td style=\"text-align: center;\" colspan=\"5\"><strong><span style=\"font-size: xx-large;\">247 Sqn<\/span><\/strong><\/td>\n<\/tr>\n<tr style=\"height: 40px;\">\n<td style=\"text-align: right;\" colspan=\"2\"><span style=\"font-size: 14px;\"> <strong>Date : <\/strong><\/span><\/td>\n<td colspan=\"5\"><span style=\"font-size: 14px;\"><em>14 f\u00e9vrier 1944<br \/>\n<\/em><\/span><\/td>\n<td style=\"text-align: right;\" colspan=\"3\"><span style=\"font-size: 14px;\"><strong>Mission : <\/strong><\/span><\/td>\n<td colspan=\"10\"><span style=\"font-size: 14px;\"><em><span class='tooltipsall tooltipsincontent classtoolTips31'>Ranger<\/span><\/em><\/span><\/td>\n<\/tr>\n<tr style=\"height: 40px;\">\n<td><\/td>\n<td><\/td>\n<td style=\"text-align: right;\" colspan=\"5\"><span style=\"font-size: 14px;\"><strong>D\u00e9collage : <\/strong><\/span><\/td>\n<td colspan=\"10\"><span style=\"font-size: 14px;\"><em>Merston<\/em><\/span><\/td>\n<td><\/td>\n<td><\/td>\n<td><\/td>\n<\/tr>\n<tr style=\"height: 40px;\">\n<td><\/td>\n<td><\/td>\n<td style=\"text-align: right;\" colspan=\"5\"><span style=\"font-size: 14px;\"><strong>Causes de la perte : <\/strong><\/span><\/td>\n<td colspan=\"10\"><span style=\"font-size: 14px;\"><em>Abattu par la <span class='tooltipsall tooltipsincontent classtoolTips70'>Flak<\/span><br \/>\n<\/em><\/span><\/td>\n<td><\/td>\n<td><\/td>\n<td><\/td>\n<\/tr>\n<tr style=\"height: 40px;\">\n<td><\/td>\n<td><\/td>\n<td style=\"text-align: right;\" colspan=\"5\"><span style=\"font-size: 14px;\"><strong>Lieu de la perte :<br \/>\n<\/strong><\/span><\/td>\n<td colspan=\"10\"><span style=\"font-size: 14px;\"><em>Vers Ch\u00e2teaudun (41)<\/em><\/span><\/td>\n<td><\/td>\n<td><\/td>\n<td><\/td>\n<\/tr>\n<tr style=\"height: 60px;\">\n<td><span style=\"font-size: 14px;\"><img decoding=\"async\" class=\"size-full wp-image-47215 alignleft\" title=\"Royaume Uni\" src=\"https:\/\/www.auzeau.fr\/39-45\/wp-content\/uploads\/images\/Drapeaux\/Angleterre.png\" alt=\"Royaume-Uni\" width=\"40\" height=\"20\" \/><\/span><\/td>\n<td><span style=\"font-size: 14px;\"><span class='tooltipsall tooltipsincontent classtoolTips19'>Fg Off<\/span><\/span><\/td>\n<td colspan=\"5\"><span style=\"font-size: 14px;\">Alexander Swanston<\/span><\/td>\n<td colspan=\"4\"><span style=\"font-size: 14px; color: #000000;\"><strong>AITCHISON<\/strong><\/span><\/td>\n<td style=\"text-align: center;\"><span style=\"font-size: 14px;\"><span class='tooltipsall tooltipsincontent classtoolTips45'>RAFVR<\/span><\/span><\/td>\n<td style=\"text-align: center;\" colspan=\"2\"><span style=\"font-size: 14px;\">127205<\/span><\/td>\n<td><span style=\"font-size: 14px; color: #000000;\"><strong><span class='tooltipsall tooltipsincontent classtoolTips110'>KIA<\/span><\/strong><\/span><\/td>\n<td colspan=\"5\"><\/td>\n<\/tr>\n<tr>\n<td colspan=\"20\" height=\"20\"><\/td>\n<\/tr>\n<tr>\n<td colspan=\"20\"><div id='gallery-1' class='gallery galleryid-5155 gallery-columns-1 gallery-size-thumbnail'><figure class='gallery-item'>\n\t\t\t<div class='gallery-icon portrait'>\n\t\t\t\t<a title=\"AITCHISON\"  title=\"AITCHISON\"  href='https:\/\/www.auzeau.fr\/39-45\/wp-content\/uploads\/Cimetieres\/31%20--%2060\/45-Loiret\/Orleans\/JP649\/AITCHISON.jpg'><img decoding=\"async\" width=\"150\" height=\"150\" src=\"https:\/\/www.auzeau.fr\/39-45\/wp-content\/uploads\/Cimetieres\/31 -- 60\/45-Loiret\/Orleans\/JP649\/AITCHISON-150x150.jpg\" class=\"attachment-thumbnail size-thumbnail\" alt=\"\" srcset=\"https:\/\/www.auzeau.fr\/39-45\/wp-content\/uploads\/Cimetieres\/31%20--%2060\/45-Loiret\/Orleans\/JP649\/AITCHISON-150x150.jpg 150w, https:\/\/www.auzeau.fr\/39-45\/wp-content\/uploads\/Cimetieres\/31%20--%2060\/45-Loiret\/Orleans\/JP649\/AITCHISON-50x50.jpg 50w\" sizes=\"(max-width: 150px) 100vw, 150px\" \/><\/a>\n\t\t\t<\/div><\/figure>\n\t\t<\/div>\n<\/td>\n<\/tr>\n<\/tbody>\n<\/table>\n<table>\n<tbody>\n<tr>\n<td style=\"background-color: #dcdcdc; text-align: center; vertical-align: middle;\">\n<p style=\"text-align: center;\"><ul id=\"menu-45-orleans\" class=\"menu\"><li id=\"menu-item-55188\" class=\"menu-item menu-item-type-post_type menu-item-object-page menu-item-55188\"><a href=\"https:\/\/www.auzeau.fr\/39-45\/france\/45-loiret\/45-orleans\/\">Typhoon JP649<\/a><\/li>\n<li id=\"menu-item-55262\" class=\"menu-item menu-item-type-post_type menu-item-object-page menu-item-55262\"><a href=\"https:\/\/www.auzeau.fr\/39-45\/france\/45-loiret\/45-orleans-2\/\">Albemarle V1641<\/a><\/li>\n<li id=\"menu-item-55225\" class=\"menu-item menu-item-type-post_type menu-item-object-page menu-item-55225\"><a href=\"https:\/\/www.auzeau.fr\/39-45\/france\/45-loiret\/45-orleans-3\/\">Lancaster JB292<\/a><\/li>\n<li id=\"menu-item-55224\" class=\"menu-item menu-item-type-post_type menu-item-object-page menu-item-55224\"><a href=\"https:\/\/www.auzeau.fr\/39-45\/france\/45-loiret\/45-orleans-4\/\">Lancaster LL891<\/a><\/li>\n<li id=\"menu-item-55223\" class=\"menu-item menu-item-type-post_type menu-item-object-page menu-item-55223\"><a href=\"https:\/\/www.auzeau.fr\/39-45\/france\/45-loiret\/45-orleans-5\/\">Lancaster ND730<\/a><\/li>\n<li id=\"menu-item-55222\" class=\"menu-item menu-item-type-post_type menu-item-object-page menu-item-55222\"><a href=\"https:\/\/www.auzeau.fr\/39-45\/france\/45-loiret\/45-orleans-6\/\">Lancaster ND741<\/a><\/li>\n<li id=\"menu-item-55221\" class=\"menu-item menu-item-type-post_type menu-item-object-page menu-item-55221\"><a href=\"https:\/\/www.auzeau.fr\/39-45\/france\/45-loiret\/45-orleans-7\/\">Lancaster ND627<\/a><\/li>\n<li id=\"menu-item-55220\" class=\"menu-item menu-item-type-post_type menu-item-object-page menu-item-55220\"><a href=\"https:\/\/www.auzeau.fr\/39-45\/france\/45-loiret\/45-orleans-8\/\">Lancaster LL941<\/a><\/li>\n<li id=\"menu-item-55219\" class=\"menu-item menu-item-type-post_type menu-item-object-page menu-item-55219\"><a href=\"https:\/\/www.auzeau.fr\/39-45\/france\/45-loiret\/45-orleans-9\/\">Lancaster LM178<\/a><\/li>\n<li id=\"menu-item-55218\" class=\"menu-item menu-item-type-post_type menu-item-object-page menu-item-55218\"><a href=\"https:\/\/www.auzeau.fr\/39-45\/france\/45-loiret\/45-orleans-10\/\">Lancaster ND560<\/a><\/li>\n<li id=\"menu-item-55217\" class=\"menu-item menu-item-type-post_type menu-item-object-page menu-item-55217\"><a href=\"https:\/\/www.auzeau.fr\/39-45\/france\/45-loiret\/45-orleans-11\/\">Lancaster ND903<\/a><\/li>\n<li id=\"menu-item-55216\" class=\"menu-item menu-item-type-post_type menu-item-object-page menu-item-55216\"><a href=\"https:\/\/www.auzeau.fr\/39-45\/france\/45-loiret\/45-orleans-12\/\">Lancaster PB252<\/a><\/li>\n<li id=\"menu-item-55215\" class=\"menu-item menu-item-type-post_type menu-item-object-page menu-item-55215\"><a href=\"https:\/\/www.auzeau.fr\/39-45\/france\/45-loiret\/45-orleans-13\/\">Stirling LK133<\/a><\/li>\n<\/ul>\n<\/td>\n<\/tr>\n<\/tbody>\n<\/table>\n<hr \/>\n<p style=\"text-align: center;\"><ul id=\"menu-45-loiret\" class=\"menu\"><li id=\"menu-item-68159\" class=\"menu-item menu-item-type-post_type menu-item-object-page menu-item-68159\"><a href=\"https:\/\/www.auzeau.fr\/39-45\/france\/45-loiret\/45-chaingy\/\">45 \u2013 Chaingy<\/a><\/li>\n<li id=\"menu-item-54952\" class=\"menu-item menu-item-type-post_type menu-item-object-page menu-item-54952\"><a href=\"https:\/\/www.auzeau.fr\/39-45\/france\/45-loiret\/45-fleury-les-aubrais-necropole-nationale\/\">45 \u2013 Fleury-les-Aubrais N\u00e9cropole Nationale<\/a><\/li>\n<li id=\"menu-item-54953\" class=\"menu-item menu-item-type-post_type menu-item-object-page menu-item-54953\"><a href=\"https:\/\/www.auzeau.fr\/39-45\/france\/45-loiret\/45-jouy-le-potier\/\">45 \u2013 Jouy-le-Potier<\/a><\/li>\n<li id=\"menu-item-54954\" class=\"menu-item menu-item-type-post_type menu-item-object-page menu-item-54954\"><a href=\"https:\/\/www.auzeau.fr\/39-45\/france\/45-loiret\/45-la-ferte-saint-aubin\/\">45 \u2013 La Fert\u00e9-Saint-Aubin<\/a><\/li>\n<li id=\"menu-item-54955\" class=\"menu-item menu-item-type-post_type menu-item-object-page menu-item-54955\"><a href=\"https:\/\/www.auzeau.fr\/39-45\/france\/45-loiret\/45-loury\/\">45 \u2013 Loury<\/a><\/li>\n<li id=\"menu-item-54956\" class=\"menu-item menu-item-type-post_type menu-item-object-page menu-item-54956\"><a href=\"https:\/\/www.auzeau.fr\/39-45\/france\/45-loiret\/45-orleans\/\">45 \u2013 Orl\u00e9ans<\/a><\/li>\n<li id=\"menu-item-54957\" class=\"menu-item menu-item-type-post_type menu-item-object-page menu-item-54957\"><a href=\"https:\/\/www.auzeau.fr\/39-45\/france\/45-loiret\/45-rebrechien\/\">45 \u2013 R\u00e9br\u00e9chien<\/a><\/li>\n<li id=\"menu-item-54958\" class=\"menu-item menu-item-type-post_type menu-item-object-page menu-item-54958\"><a href=\"https:\/\/www.auzeau.fr\/39-45\/france\/45-loiret\/45-saint-cyr-en-val\/\">45 \u2013 Saint-Cyr-en-Val<\/a><\/li>\n<li id=\"menu-item-68158\" class=\"menu-item menu-item-type-post_type menu-item-object-page menu-item-68158\"><a href=\"https:\/\/www.auzeau.fr\/39-45\/france\/45-loiret\/45-saint-jean-de-braye\/\">45 \u2013 Saint-Jean-de-Braye<\/a><\/li>\n<\/ul>\n<script type=\"text\/javascript\"> toolTips('.classtoolTips19','Flying Officer'); <\/script><script type=\"text\/javascript\"> toolTips('.classtoolTips31','Vols libres au dessus du territoire ennemi afin d\u2019occuper et de combattre la chasse ennemi<br\/><br\/>Freelance flights over enemy teritory, the intention was to occupy and tire ennemy fighters'); <\/script><script type=\"text\/javascript\"> toolTips('.classtoolTips45','Royal Air Force Volunteer Reserve'); <\/script><script type=\"text\/javascript\"> toolTips('.classtoolTips70','<img class=\"aligncenter wp-image-65848 size-full\" title=\"Flak18\" src=\"https:\/\/www.auzeau.fr\/39-45\/wp-content\/uploads\/images\/Materiel\/Flak18.JPG\" alt=\"\" width=\"640\" height=\"499\" \/><br\/><img class=\"aligncenter size-full wp-image-65849\" title=\"Flak30\" src=\"https:\/\/www.auzeau.fr\/39-45\/wp-content\/uploads\/images\/Materiel\/Flak30.JPG\" alt=\"\" width=\"640\" height=\"499\" \/>'); <\/script><script type=\"text\/javascript\"> toolTips('.classtoolTips98','Colonel'); <\/script><script type=\"text\/javascript\"> toolTips('.classtoolTips110','Tu\u00e9 au combat<br\/><br\/>Killed In Action'); <\/script><script type=\"text\/javascript\"> toolTips('.classtoolTips144','Royal Corps of Signals'); <\/script><script type=\"text\/javascript\"> toolTips('.classtoolTips146','Royal Air Force'); <\/script><script type=\"text\/javascript\"> toolTips('.classtoolTips153','Porucznik'); <\/script><script type=\"text\/javascript\"> toolTips('.classtoolTips158','Midshipman'); <\/script><script type=\"text\/javascript\"> toolTips('.classtoolTips185','Mitrailleur<br\/><br\/>Air Gunner'); <\/script><script type=\"text\/javascript\"> toolTips('.classtoolTips188','Bombardier<br\/><br\/>Air bomber'); <\/script><script type=\"text\/javascript\"> toolTips('.classtoolTips189','M\u00e9canicien volant<br\/><br\/>Flying Enginer'); <\/script><script type=\"text\/javascript\"> toolTips('.classtoolTips192','<img class=\"aligncenter size-full wp-image-65858\" title=\"Rampe_V1\" src=\"https:\/\/www.auzeau.fr\/39-45\/wp-content\/uploads\/Avions\/Allemand\/Rampe_V1.jpg\" alt=\"\" width=\"640\" height=\"426\" \/><br\/><img class=\"aligncenter size-full wp-image-65859\" title=\"V1\" src=\"https:\/\/www.auzeau.fr\/39-45\/wp-content\/uploads\/Avions\/Allemand\/V1.jpg\" alt=\"\" width=\"640\" height=\"424\" \/>'); <\/script><script type=\"text\/javascript\"> toolTips('.classtoolTips197','Aircraftman'); <\/script><script type=\"text\/javascript\"> toolTips('.classtoolTips199','Radio Officer'); <\/script><script type=\"text\/javascript\"> toolTips('.classtoolTips201','Lieutenant'); <\/script>","protected":false},"excerpt":{"rendered":"<p>Typhoon JP649 ZY-Z 247 Sqn Date : 14 f\u00e9vrier 1944 Mission : Ranger D\u00e9collage : Merston Causes de la perte : Abattu par la Flak Lieu de la perte : Vers Ch\u00e2teaudun (41) Fg Off Alexander Swanston AITCHISON RAFVR 127205 KIA<\/p>\n","protected":false},"author":1,"featured_media":0,"parent":79,"menu_order":0,"comment_status":"closed","ping_status":"closed","template":"template-full-width Typhoon.php","meta":{"_lmt_disableupdate":"yes","_lmt_disable":"","footnotes":""},"categories":[384],"tags":[596],"wf_page_folders":[3112],"class_list":["post-5155","page","type-page","status-publish","hentry","category-typhoon","tag-247-squadron"],"_links":{"self":[{"href":"https:\/\/www.auzeau.fr\/39-45\/wp-json\/wp\/v2\/pages\/5155","targetHints":{"allow":["GET"]}}],"collection":[{"href":"https:\/\/www.auzeau.fr\/39-45\/wp-json\/wp\/v2\/pages"}],"about":[{"href":"https:\/\/www.auzeau.fr\/39-45\/wp-json\/wp\/v2\/types\/page"}],"author":[{"embeddable":true,"href":"https:\/\/www.auzeau.fr\/39-45\/wp-json\/wp\/v2\/users\/1"}],"replies":[{"embeddable":true,"href":"https:\/\/www.auzeau.fr\/39-45\/wp-json\/wp\/v2\/comments?post=5155"}],"version-history":[{"count":0,"href":"https:\/\/www.auzeau.fr\/39-45\/wp-json\/wp\/v2\/pages\/5155\/revisions"}],"up":[{"embeddable":true,"href":"https:\/\/www.auzeau.fr\/39-45\/wp-json\/wp\/v2\/pages\/79"}],"wp:attachment":[{"href":"https:\/\/www.auzeau.fr\/39-45\/wp-json\/wp\/v2\/media?parent=5155"}],"wp:term":[{"taxonomy":"category","embeddable":true,"href":"https:\/\/www.auzeau.fr\/39-45\/wp-json\/wp\/v2\/categories?post=5155"},{"taxonomy":"post_tag","embeddable":true,"href":"https:\/\/www.auzeau.fr\/39-45\/wp-json\/wp\/v2\/tags?post=5155"},{"taxonomy":"wf_page_folders","embeddable":true,"href":"https:\/\/www.auzeau.fr\/39-45\/wp-json\/wp\/v2\/wf_page_folders?post=5155"}],"curies":[{"name":"wp","href":"https:\/\/api.w.org\/{rel}","templated":true}]}}