{"id":51101,"date":"2018-04-27T23:25:24","date_gmt":"2018-04-27T21:25:24","guid":{"rendered":"http:\/\/39-45.auzeau.fr\/39-45\/france\/18-cher\/18-saint-doulchard-2\/"},"modified":"2018-05-14T15:41:02","modified_gmt":"2018-05-14T13:41:02","slug":"18-saint-doulchard-2","status":"publish","type":"page","link":"https:\/\/www.auzeau.fr\/39-45\/france\/18-cher\/18-saint-doulchard-2\/","title":{"rendered":"18 &#8211; Saint-Doulchard"},"content":{"rendered":"<p><img fetchpriority=\"high\" decoding=\"async\" class=\"aligncenter size-full wp-image-51090\" title=\"Saint-Doulchard\" src=\"https:\/\/www.auzeau.fr\/39-45\/wp-content\/uploads\/Cimetieres\/01 -- 30\/18 - Cher\/Saint-Doulchard\/Saint-Doulchard.jpg\" alt=\"\" width=\"900\" height=\"386\" srcset=\"https:\/\/www.auzeau.fr\/39-45\/wp-content\/uploads\/Cimetieres\/01%20--%2030\/18%20-%20Cher\/Saint-Doulchard\/Saint-Doulchard.jpg 900w, https:\/\/www.auzeau.fr\/39-45\/wp-content\/uploads\/Cimetieres\/01%20--%2030\/18%20-%20Cher\/Saint-Doulchard\/Saint-Doulchard-300x129.jpg 300w, https:\/\/www.auzeau.fr\/39-45\/wp-content\/uploads\/Cimetieres\/01%20--%2030\/18%20-%20Cher\/Saint-Doulchard\/Saint-Doulchard-768x329.jpg 768w\" sizes=\"(max-width: 900px) 100vw, 900px\" \/><\/p>\n<table style=\"width: 100%;\" border=\"0\">\n<tbody>\n<tr>\n<td style=\"width: 5%;\"><\/td>\n<td style=\"width: 5%;\"><\/td>\n<td style=\"width: 5%;\"><\/td>\n<td style=\"width: 5%;\"><\/td>\n<td style=\"width: 5%;\"><\/td>\n<td style=\"width: 5%;\"><\/td>\n<td style=\"width: 5%;\"><\/td>\n<td style=\"width: 5%;\"><\/td>\n<td style=\"width: 5%;\"><\/td>\n<td style=\"width: 5%;\"><\/td>\n<td style=\"width: 5%;\"><\/td>\n<td style=\"width: 5%;\"><\/td>\n<td style=\"width: 5%;\"><\/td>\n<td style=\"width: 5%;\"><\/td>\n<td style=\"width: 5%;\"><\/td>\n<td style=\"width: 5%;\"><\/td>\n<td style=\"width: 5%;\"><\/td>\n<td style=\"width: 5%;\"><\/td>\n<td style=\"width: 5%;\"><\/td>\n<td style=\"width: 5%;\"><\/td>\n<\/tr>\n<tr>\n<td colspan=\"15\"><span style=\"color: #000000;\"><strong><span style=\"font-size: xx-large;\">Lancaster JB421 EA-K<\/span><\/strong><\/span><\/td>\n<td style=\"text-align: center;\" colspan=\"5\"><strong><span style=\"font-size: xx-large;\">49 Sqn<\/span><\/strong><\/td>\n<\/tr>\n<tr style=\"height: 40px;\">\n<td style=\"text-align: right;\" colspan=\"2\"><span style=\"font-size: 14px;\"><strong>Date : <\/strong><\/span><\/td>\n<td colspan=\"5\"><span style=\"font-size: 14px;\"><em>\u00a008 mai 1944<br \/>\n<\/em><\/span><\/td>\n<td style=\"text-align: right;\" colspan=\"3\"><span style=\"font-size: 14px;\"><strong>Mission : <\/strong><\/span><\/td>\n<td colspan=\"10\"><span style=\"font-size: 14px;\"><em>\u00a0Bombardement d&#8217;un d\u00e9p\u00f4t de munitions \u00e0 Salbris (41)<br \/>\n<\/em><\/span><\/td>\n<\/tr>\n<tr style=\"height: 40px;\">\n<td><\/td>\n<td><\/td>\n<td style=\"text-align: right;\" colspan=\"5\"><span style=\"font-size: 14px;\"><strong>D\u00e9collage :<br \/>\n<\/strong><\/span><\/td>\n<td colspan=\"10\"><span style=\"font-size: 14px;\"><em>\u00a0Fiskerton \u00e0 21:57<br \/>\n<\/em><\/span><\/td>\n<td><\/td>\n<td><\/td>\n<td><\/td>\n<\/tr>\n<tr style=\"height: 40px;\">\n<td><\/td>\n<td><\/td>\n<td style=\"text-align: right;\" colspan=\"5\"><span style=\"font-size: 14px;\"><strong>Causes de la perte : <\/strong><\/span><\/td>\n<td colspan=\"13\"><\/td>\n<\/tr>\n<tr style=\"height: 40px;\">\n<td><\/td>\n<td><\/td>\n<td style=\"text-align: right;\" colspan=\"5\"><span style=\"font-size: 14px;\"><strong>Lieu de la perte : <\/strong><\/span><\/td>\n<td colspan=\"10\"><span style=\"font-size: 14px;\"><em>\u00a0Saint-Doulchard (18)<\/em><\/span><\/td>\n<td><\/td>\n<td><\/td>\n<td><\/td>\n<\/tr>\n<tr style=\"height: 60px;\">\n<td><span style=\"font-size: 14px;\"><img decoding=\"async\" class=\"aligncenter size-full wp-image-47215\" title=\"Royaume Uni\" src=\"https:\/\/www.auzeau.fr\/39-45\/wp-content\/uploads\/images\/Drapeaux\/Angleterre.png\" alt=\"\" width=\"40\" height=\"20\" \/><\/span><\/td>\n<td><span style=\"font-size: 14px;\"><span class='tooltipsall tooltipsincontent classtoolTips12'>Plt Off<\/span><\/span><\/td>\n<td colspan=\"5\"><span style=\"font-size: 14px;\">Arthur Leslie<\/span><\/td>\n<td colspan=\"2\"><span style=\"font-size: 14px; color: #000000;\"><strong>ANDERSON<\/strong><\/span><\/td>\n<td style=\"text-align: center;\" colspan=\"2\"><span style=\"font-size: 14px;\"><span class='tooltipsall tooltipsincontent classtoolTips151'>Pil<\/span><\/span><\/td>\n<td style=\"text-align: center;\"><span style=\"font-size: 14px;\"><span class='tooltipsall tooltipsincontent classtoolTips45'>RAFVR<\/span><\/span><\/td>\n<td style=\"text-align: center;\" colspan=\"2\"><span style=\"font-size: 14px;\">172970<\/span><\/td>\n<td><span style=\"font-size: 14px; color: #000000;\"><strong><span class='tooltipsall tooltipsincontent classtoolTips110'>KIA<\/span><\/strong><\/span><\/td>\n<td colspan=\"5\"><\/td>\n<\/tr>\n<tr style=\"height: 60px;\">\n<td><span style=\"font-size: 14px;\"><img decoding=\"async\" class=\"aligncenter size-full wp-image-47215\" title=\"Royaume Uni\" src=\"https:\/\/www.auzeau.fr\/39-45\/wp-content\/uploads\/images\/Drapeaux\/Angleterre.png\" alt=\"\" width=\"40\" height=\"20\" \/><\/span><\/td>\n<td><span style=\"font-size: 14px;\"><span class='tooltipsall tooltipsincontent classtoolTips96'>Sgt<\/span><\/span><\/td>\n<td colspan=\"5\"><span style=\"font-size: 14px;\">Robert Leslie<\/span><\/td>\n<td colspan=\"2\"><span style=\"font-size: 14px; color: #000000;\"><strong>FOWLS<\/strong><\/span><\/td>\n<td style=\"text-align: center;\" colspan=\"2\"><span style=\"font-size: 14px;\"><span class='tooltipsall tooltipsincontent classtoolTips189'>FE<\/span><\/span><\/td>\n<td style=\"text-align: center;\"><span style=\"font-size: 14px;\"><span class='tooltipsall tooltipsincontent classtoolTips45'>RAFVR<\/span><\/span><\/td>\n<td style=\"text-align: center;\" colspan=\"2\"><span style=\"font-size: 14px;\">1083705<\/span><\/td>\n<td><span style=\"font-size: 14px; color: #000000;\"><strong><span class='tooltipsall tooltipsincontent classtoolTips110'>KIA<\/span><\/strong><\/span><\/td>\n<td colspan=\"5\"><\/td>\n<\/tr>\n<tr style=\"height: 60px;\">\n<td><span style=\"font-size: 14px;\"><img decoding=\"async\" class=\"aligncenter size-full wp-image-47215\" title=\"Royaume Uni\" src=\"https:\/\/www.auzeau.fr\/39-45\/wp-content\/uploads\/images\/Drapeaux\/Angleterre.png\" alt=\"\" width=\"40\" height=\"20\" \/><\/span><\/td>\n<td><span style=\"font-size: 14px;\"><span class='tooltipsall tooltipsincontent classtoolTips182'>WO<\/span><\/span><\/td>\n<td colspan=\"5\"><span style=\"font-size: 14px;\">Robert William<\/span><\/td>\n<td colspan=\"2\"><span style=\"font-size: 14px; color: #000000;\"><strong>LONG<\/strong><\/span><\/td>\n<td style=\"text-align: center;\" colspan=\"2\"><span style=\"font-size: 14px;\"><span class='tooltipsall tooltipsincontent classtoolTips115'>WOP<\/span> <span class='tooltipsall tooltipsincontent classtoolTips185'>AG<\/span><\/span><\/td>\n<td style=\"text-align: center;\"><span style=\"font-size: 14px;\"><span class='tooltipsall tooltipsincontent classtoolTips45'>RAFVR<\/span><\/span><\/td>\n<td style=\"text-align: center;\" colspan=\"2\"><span style=\"font-size: 14px;\">930245<\/span><\/td>\n<td><span style=\"font-size: 14px; color: #000000;\"><strong><span class='tooltipsall tooltipsincontent classtoolTips110'>KIA<\/span><\/strong><\/span><\/td>\n<td colspan=\"5\"><\/td>\n<\/tr>\n<tr style=\"height: 60px;\">\n<td><span style=\"font-size: 14px;\"><img decoding=\"async\" class=\"aligncenter size-full wp-image-47215\" title=\"Royaume Uni\" src=\"https:\/\/www.auzeau.fr\/39-45\/wp-content\/uploads\/images\/Drapeaux\/Angleterre.png\" alt=\"\" width=\"40\" height=\"20\" \/><\/span><\/td>\n<td><span style=\"font-size: 14px;\">Sgr<\/span><\/td>\n<td colspan=\"5\"><span style=\"font-size: 14px;\">Benjamin<\/span><\/td>\n<td colspan=\"2\"><span style=\"font-size: 14px; color: #000000;\"><strong>McLEOD<\/strong><\/span><\/td>\n<td style=\"text-align: center;\" colspan=\"2\"><span style=\"font-size: 14px;\"><span class='tooltipsall tooltipsincontent classtoolTips185'>AG<\/span><\/span><\/td>\n<td style=\"text-align: center;\"><span style=\"font-size: 14px;\"><span class='tooltipsall tooltipsincontent classtoolTips45'>RAFVR<\/span><\/span><\/td>\n<td style=\"text-align: center;\" colspan=\"2\"><span style=\"font-size: 14px;\">1616782<\/span><\/td>\n<td><span style=\"font-size: 14px; color: #000000;\"><strong><span class='tooltipsall tooltipsincontent classtoolTips110'>KIA<\/span><\/strong><\/span><\/td>\n<td colspan=\"5\"><\/td>\n<\/tr>\n<tr style=\"height: 60px;\">\n<td><span style=\"font-size: 14px;\"><img decoding=\"async\" class=\"aligncenter size-full wp-image-47215\" title=\"Royaume Uni\" src=\"https:\/\/www.auzeau.fr\/39-45\/wp-content\/uploads\/images\/Drapeaux\/Angleterre.png\" alt=\"\" width=\"40\" height=\"20\" \/><\/span><\/td>\n<td><span style=\"font-size: 14px;\"><span class='tooltipsall tooltipsincontent classtoolTips183'>FS<\/span><\/span><\/td>\n<td colspan=\"5\"><span style=\"font-size: 14px;\">Francis James<\/span><\/td>\n<td colspan=\"2\"><span style=\"font-size: 14px; color: #000000;\"><strong>PINCH<\/strong><\/span><\/td>\n<td style=\"text-align: center;\" colspan=\"2\"><span style=\"font-size: 14px;\"><span class='tooltipsall tooltipsincontent classtoolTips188'>AB<\/span><\/span><\/td>\n<td style=\"text-align: center;\"><span style=\"font-size: 14px;\"><span class='tooltipsall tooltipsincontent classtoolTips45'>RAFVR<\/span><\/span><\/td>\n<td style=\"text-align: center;\" colspan=\"2\"><span style=\"font-size: 14px;\">1397188<\/span><\/td>\n<td><span style=\"font-size: 14px; color: #000000;\"><strong><span class='tooltipsall tooltipsincontent classtoolTips110'>KIA<\/span><\/strong><\/span><\/td>\n<td colspan=\"5\"><\/td>\n<\/tr>\n<tr style=\"height: 60px;\">\n<td><span style=\"font-size: 14px;\"><img decoding=\"async\" class=\"aligncenter size-full wp-image-47210\" title=\"Canada\" src=\"https:\/\/www.auzeau.fr\/39-45\/wp-content\/uploads\/images\/Drapeaux\/Canada.png\" alt=\"\" width=\"40\" height=\"20\" \/><\/span><\/td>\n<td><span style=\"font-size: 14px;\"><span class='tooltipsall tooltipsincontent classtoolTips12'>Plt Off<\/span><\/span><\/td>\n<td colspan=\"5\"><span style=\"font-size: 14px;\">Joseph Charles<\/span><\/td>\n<td colspan=\"2\"><span style=\"font-size: 14px; color: #000000;\"><strong>ROACH<\/strong><\/span><\/td>\n<td style=\"text-align: center;\" colspan=\"2\"><span style=\"font-size: 14px;\"><span class='tooltipsall tooltipsincontent classtoolTips116'>Nav<\/span><\/span><\/td>\n<td style=\"text-align: center;\"><span style=\"font-size: 14px;\"><span class='tooltipsall tooltipsincontent classtoolTips78'>RCAF<\/span><\/span><\/td>\n<td style=\"text-align: center;\" colspan=\"2\"><span style=\"font-size: 14px;\">J\/88496<\/span><\/td>\n<td><span style=\"font-size: 14px; color: #000000;\"><strong><span class='tooltipsall tooltipsincontent classtoolTips110'>KIA<\/span><\/strong><\/span><\/td>\n<td colspan=\"5\"><\/td>\n<\/tr>\n<tr style=\"height: 60px;\">\n<td><span style=\"font-size: 14px;\"><img decoding=\"async\" class=\"aligncenter size-full wp-image-47215\" title=\"Royaume Uni\" src=\"https:\/\/www.auzeau.fr\/39-45\/wp-content\/uploads\/images\/Drapeaux\/Angleterre.png\" alt=\"\" width=\"40\" height=\"20\" \/><\/span><\/td>\n<td><span style=\"font-size: 14px;\"><span class='tooltipsall tooltipsincontent classtoolTips96'>Sgt<\/span><\/span><\/td>\n<td colspan=\"5\"><span style=\"font-size: 14px;\">Edward William<\/span><\/td>\n<td colspan=\"2\"><span style=\"font-size: 14px; color: #000000;\"><strong>RUSHTON<\/strong><\/span><\/td>\n<td style=\"text-align: center;\" colspan=\"2\"><span style=\"font-size: 14px;\"><span class='tooltipsall tooltipsincontent classtoolTips185'>AG<\/span><\/span><\/td>\n<td style=\"text-align: center;\"><span style=\"font-size: 14px;\"><span class='tooltipsall tooltipsincontent classtoolTips45'>RAFVR<\/span><\/span><\/td>\n<td style=\"text-align: center;\" colspan=\"2\"><span style=\"font-size: 14px;\">1880077<\/span><\/td>\n<td><span style=\"font-size: 14px; color: #000000;\"><strong><span class='tooltipsall tooltipsincontent classtoolTips110'>KIA<\/span><\/strong><\/span><\/td>\n<td colspan=\"5\"><\/td>\n<\/tr>\n<tr>\n<td colspan=\"20\" height=\"20\"><\/td>\n<\/tr>\n<tr>\n<td colspan=\"20\"><div id='gallery-1' class='gallery galleryid-51101 gallery-columns-7 gallery-size-thumbnail'><figure class='gallery-item'>\n\t\t\t<div class='gallery-icon portrait'>\n\t\t\t\t<a title=\"Anderson\"  title=\"Anderson\"  href='https:\/\/www.auzeau.fr\/39-45\/wp-content\/uploads\/Cimetieres\/01%20--%2030\/18%20-%20Cher\/Saint-Doulchard\/JB421\/Anderson.jpg'><img loading=\"lazy\" decoding=\"async\" width=\"150\" height=\"150\" src=\"https:\/\/www.auzeau.fr\/39-45\/wp-content\/uploads\/Cimetieres\/01 -- 30\/18 - Cher\/Saint-Doulchard\/JB421\/Anderson-150x150.jpg\" class=\"attachment-thumbnail size-thumbnail\" alt=\"\" srcset=\"https:\/\/www.auzeau.fr\/39-45\/wp-content\/uploads\/Cimetieres\/01%20--%2030\/18%20-%20Cher\/Saint-Doulchard\/JB421\/Anderson-150x150.jpg 150w, https:\/\/www.auzeau.fr\/39-45\/wp-content\/uploads\/Cimetieres\/01%20--%2030\/18%20-%20Cher\/Saint-Doulchard\/JB421\/Anderson-50x50.jpg 50w\" sizes=\"(max-width: 150px) 100vw, 150px\" \/><\/a>\n\t\t\t<\/div><\/figure><figure class='gallery-item'>\n\t\t\t<div class='gallery-icon portrait'>\n\t\t\t\t<a title=\"Fowls\"  title=\"Fowls\"  href='https:\/\/www.auzeau.fr\/39-45\/wp-content\/uploads\/Cimetieres\/01%20--%2030\/18%20-%20Cher\/Saint-Doulchard\/JB421\/Fowls.jpg'><img loading=\"lazy\" decoding=\"async\" width=\"150\" height=\"150\" src=\"https:\/\/www.auzeau.fr\/39-45\/wp-content\/uploads\/Cimetieres\/01 -- 30\/18 - Cher\/Saint-Doulchard\/JB421\/Fowls-150x150.jpg\" class=\"attachment-thumbnail size-thumbnail\" alt=\"\" srcset=\"https:\/\/www.auzeau.fr\/39-45\/wp-content\/uploads\/Cimetieres\/01%20--%2030\/18%20-%20Cher\/Saint-Doulchard\/JB421\/Fowls-150x150.jpg 150w, https:\/\/www.auzeau.fr\/39-45\/wp-content\/uploads\/Cimetieres\/01%20--%2030\/18%20-%20Cher\/Saint-Doulchard\/JB421\/Fowls-50x50.jpg 50w\" sizes=\"(max-width: 150px) 100vw, 150px\" \/><\/a>\n\t\t\t<\/div><\/figure><figure class='gallery-item'>\n\t\t\t<div class='gallery-icon portrait'>\n\t\t\t\t<a title=\"Leod\"  title=\"Leod\"  href='https:\/\/www.auzeau.fr\/39-45\/wp-content\/uploads\/Cimetieres\/01%20--%2030\/18%20-%20Cher\/Saint-Doulchard\/JB421\/Leod.jpg'><img loading=\"lazy\" decoding=\"async\" width=\"150\" height=\"150\" src=\"https:\/\/www.auzeau.fr\/39-45\/wp-content\/uploads\/Cimetieres\/01 -- 30\/18 - Cher\/Saint-Doulchard\/JB421\/Leod-150x150.jpg\" class=\"attachment-thumbnail size-thumbnail\" alt=\"\" srcset=\"https:\/\/www.auzeau.fr\/39-45\/wp-content\/uploads\/Cimetieres\/01%20--%2030\/18%20-%20Cher\/Saint-Doulchard\/JB421\/Leod-150x150.jpg 150w, https:\/\/www.auzeau.fr\/39-45\/wp-content\/uploads\/Cimetieres\/01%20--%2030\/18%20-%20Cher\/Saint-Doulchard\/JB421\/Leod-50x50.jpg 50w\" sizes=\"(max-width: 150px) 100vw, 150px\" \/><\/a>\n\t\t\t<\/div><\/figure><figure class='gallery-item'>\n\t\t\t<div class='gallery-icon portrait'>\n\t\t\t\t<a title=\"Long\"  title=\"Long\"  href='https:\/\/www.auzeau.fr\/39-45\/wp-content\/uploads\/Cimetieres\/01%20--%2030\/18%20-%20Cher\/Saint-Doulchard\/JB421\/Long.jpg'><img loading=\"lazy\" decoding=\"async\" width=\"150\" height=\"150\" src=\"https:\/\/www.auzeau.fr\/39-45\/wp-content\/uploads\/Cimetieres\/01 -- 30\/18 - Cher\/Saint-Doulchard\/JB421\/Long-150x150.jpg\" class=\"attachment-thumbnail size-thumbnail\" alt=\"\" srcset=\"https:\/\/www.auzeau.fr\/39-45\/wp-content\/uploads\/Cimetieres\/01%20--%2030\/18%20-%20Cher\/Saint-Doulchard\/JB421\/Long-150x150.jpg 150w, https:\/\/www.auzeau.fr\/39-45\/wp-content\/uploads\/Cimetieres\/01%20--%2030\/18%20-%20Cher\/Saint-Doulchard\/JB421\/Long-50x50.jpg 50w\" sizes=\"(max-width: 150px) 100vw, 150px\" \/><\/a>\n\t\t\t<\/div><\/figure><figure class='gallery-item'>\n\t\t\t<div class='gallery-icon portrait'>\n\t\t\t\t<a title=\"Pinch\"  title=\"Pinch\"  href='https:\/\/www.auzeau.fr\/39-45\/wp-content\/uploads\/Cimetieres\/01%20--%2030\/18%20-%20Cher\/Saint-Doulchard\/JB421\/Pinch.jpg'><img loading=\"lazy\" decoding=\"async\" width=\"150\" height=\"150\" src=\"https:\/\/www.auzeau.fr\/39-45\/wp-content\/uploads\/Cimetieres\/01 -- 30\/18 - Cher\/Saint-Doulchard\/JB421\/Pinch-150x150.jpg\" class=\"attachment-thumbnail size-thumbnail\" alt=\"\" srcset=\"https:\/\/www.auzeau.fr\/39-45\/wp-content\/uploads\/Cimetieres\/01%20--%2030\/18%20-%20Cher\/Saint-Doulchard\/JB421\/Pinch-150x150.jpg 150w, https:\/\/www.auzeau.fr\/39-45\/wp-content\/uploads\/Cimetieres\/01%20--%2030\/18%20-%20Cher\/Saint-Doulchard\/JB421\/Pinch-50x50.jpg 50w\" sizes=\"(max-width: 150px) 100vw, 150px\" \/><\/a>\n\t\t\t<\/div><\/figure><figure class='gallery-item'>\n\t\t\t<div class='gallery-icon portrait'>\n\t\t\t\t<a title=\"Roach\"  title=\"Roach\"  href='https:\/\/www.auzeau.fr\/39-45\/wp-content\/uploads\/Cimetieres\/01%20--%2030\/18%20-%20Cher\/Saint-Doulchard\/JB421\/Roach.jpg'><img loading=\"lazy\" decoding=\"async\" width=\"150\" height=\"150\" src=\"https:\/\/www.auzeau.fr\/39-45\/wp-content\/uploads\/Cimetieres\/01 -- 30\/18 - Cher\/Saint-Doulchard\/JB421\/Roach-150x150.jpg\" class=\"attachment-thumbnail size-thumbnail\" alt=\"\" srcset=\"https:\/\/www.auzeau.fr\/39-45\/wp-content\/uploads\/Cimetieres\/01%20--%2030\/18%20-%20Cher\/Saint-Doulchard\/JB421\/Roach-150x150.jpg 150w, https:\/\/www.auzeau.fr\/39-45\/wp-content\/uploads\/Cimetieres\/01%20--%2030\/18%20-%20Cher\/Saint-Doulchard\/JB421\/Roach-50x50.jpg 50w\" sizes=\"(max-width: 150px) 100vw, 150px\" \/><\/a>\n\t\t\t<\/div><\/figure><figure class='gallery-item'>\n\t\t\t<div class='gallery-icon portrait'>\n\t\t\t\t<a title=\"Rushton\"  title=\"Rushton\"  href='https:\/\/www.auzeau.fr\/39-45\/wp-content\/uploads\/Cimetieres\/01%20--%2030\/18%20-%20Cher\/Saint-Doulchard\/JB421\/Rushton.jpg'><img loading=\"lazy\" decoding=\"async\" width=\"150\" height=\"150\" src=\"https:\/\/www.auzeau.fr\/39-45\/wp-content\/uploads\/Cimetieres\/01 -- 30\/18 - Cher\/Saint-Doulchard\/JB421\/Rushton-150x150.jpg\" class=\"attachment-thumbnail size-thumbnail\" alt=\"\" srcset=\"https:\/\/www.auzeau.fr\/39-45\/wp-content\/uploads\/Cimetieres\/01%20--%2030\/18%20-%20Cher\/Saint-Doulchard\/JB421\/Rushton-150x150.jpg 150w, https:\/\/www.auzeau.fr\/39-45\/wp-content\/uploads\/Cimetieres\/01%20--%2030\/18%20-%20Cher\/Saint-Doulchard\/JB421\/Rushton-50x50.jpg 50w\" sizes=\"(max-width: 150px) 100vw, 150px\" \/><\/a>\n\t\t\t<\/div><\/figure>\n\t\t<\/div>\n<\/td>\n<\/tr>\n<\/tbody>\n<\/table>\n<table style=\"width: 100%; border-collapse: collapse; background-color: #dcdcdc;\">\n<tbody>\n<tr>\n<td style=\"width: 100%; text-align: center;\"><ul id=\"menu-18-saintdoulchard\" class=\"menu\"><li id=\"menu-item-51098\" class=\"menu-item menu-item-type-post_type menu-item-object-page menu-item-51098\"><a href=\"https:\/\/www.auzeau.fr\/39-45\/france\/18-cher\/18-saint-doulchard\/\">Stirling LK395<\/a><\/li>\n<li id=\"menu-item-51115\" class=\"menu-item menu-item-type-post_type menu-item-object-page menu-item-51115\"><a href=\"https:\/\/www.auzeau.fr\/39-45\/france\/18-cher\/18-saint-doulchard-2\/\">Lancaster JB421<\/a><\/li>\n<li id=\"menu-item-51114\" class=\"menu-item menu-item-type-post_type menu-item-object-page menu-item-51114\"><a href=\"https:\/\/www.auzeau.fr\/39-45\/france\/18-cher\/18-saint-doulchard-3\/\">Lancaster ND870<\/a><\/li>\n<li id=\"menu-item-51113\" class=\"menu-item menu-item-type-post_type menu-item-object-page menu-item-51113\"><a href=\"https:\/\/www.auzeau.fr\/39-45\/france\/18-cher\/18-saint-doulchard-4\/\">Lancaster LL863<\/a><\/li>\n<li id=\"menu-item-51112\" class=\"menu-item menu-item-type-post_type menu-item-object-page menu-item-51112\"><a href=\"https:\/\/www.auzeau.fr\/39-45\/france\/18-cher\/18-saint-doulchard-5\/\">Mosquito NS873<\/a><\/li>\n<li id=\"menu-item-51111\" class=\"menu-item menu-item-type-post_type menu-item-object-page menu-item-51111\"><a href=\"https:\/\/www.auzeau.fr\/39-45\/france\/18-cher\/18-saint-doulchard-6\/\">Stirling ?<\/a><\/li>\n<\/ul><\/td>\n<\/tr>\n<\/tbody>\n<\/table>\n<hr \/>\n<p style=\"text-align: center;\"><ul id=\"menu-18-cher\" class=\"menu\"><li id=\"menu-item-51031\" class=\"menu-item menu-item-type-post_type menu-item-object-page menu-item-51031\"><a href=\"https:\/\/www.auzeau.fr\/39-45\/france\/18-cher\/18-avord\/\">18 \u2013 Avord<\/a><\/li>\n<li id=\"menu-item-113414\" class=\"menu-item menu-item-type-post_type menu-item-object-page menu-item-113414\"><a href=\"https:\/\/www.auzeau.fr\/39-45\/france\/18-cher\/18-clemont\/\">18 \u2013 Cl\u00e9mont<\/a><\/li>\n<li id=\"menu-item-51032\" class=\"menu-item menu-item-type-post_type menu-item-object-page menu-item-51032\"><a href=\"https:\/\/www.auzeau.fr\/39-45\/france\/18-cher\/18-couy\/\">18 \u2013 Couy<\/a><\/li>\n<li id=\"menu-item-51033\" class=\"menu-item menu-item-type-post_type menu-item-object-page menu-item-51033\"><a href=\"https:\/\/www.auzeau.fr\/39-45\/france\/18-cher\/18-farges-en-septaine\/\">18 \u2013 Farges-en-Septaine<\/a><\/li>\n<li id=\"menu-item-51034\" class=\"menu-item menu-item-type-post_type menu-item-object-page menu-item-51034\"><a href=\"https:\/\/www.auzeau.fr\/39-45\/france\/18-cher\/18-genouilly\/\">18 \u2013 Genouilly<\/a><\/li>\n<li id=\"menu-item-101923\" class=\"menu-item menu-item-type-post_type menu-item-object-page menu-item-101923\"><a href=\"https:\/\/www.auzeau.fr\/39-45\/france\/18-cher\/18-moulins-sur-yevre\/\">18 \u2013 Moulins-sur-Y\u00e8vre<\/a><\/li>\n<li id=\"menu-item-51035\" class=\"menu-item menu-item-type-post_type menu-item-object-page menu-item-51035\"><a href=\"https:\/\/www.auzeau.fr\/39-45\/france\/18-cher\/18-saint-doulchard\/\">18 \u2013 Saint-Doulchard<\/a><\/li>\n<li id=\"menu-item-51036\" class=\"menu-item menu-item-type-post_type menu-item-object-page menu-item-51036\"><a href=\"https:\/\/www.auzeau.fr\/39-45\/france\/18-cher\/18-saint-hilaire-de-gondilly\/\">18 \u2013 Saint-Hilaire-de-Gondilly<\/a><\/li>\n<\/ul>\n<script type=\"text\/javascript\"> toolTips('.classtoolTips12','Pilot Officer'); <\/script><script type=\"text\/javascript\"> toolTips('.classtoolTips45','Royal Air Force Volunteer Reserve'); <\/script><script type=\"text\/javascript\"> toolTips('.classtoolTips78','Aviation Royale Canadienne<br\/><br\/>Royal Canadian Air Force'); <\/script><script type=\"text\/javascript\"> toolTips('.classtoolTips96','Sergent<br\/><br\/>Sergeant'); <\/script><script type=\"text\/javascript\"> toolTips('.classtoolTips98','Colonel'); <\/script><script type=\"text\/javascript\"> toolTips('.classtoolTips110','Tu\u00e9 au combat<br\/><br\/>Killed In Action'); <\/script><script type=\"text\/javascript\"> toolTips('.classtoolTips115','Op\u00e9rateur Radio<br\/><br\/>Wireless Op\u00e9rator'); <\/script><script type=\"text\/javascript\"> toolTips('.classtoolTips116','Navigateur<br\/><br\/>Navigator'); <\/script><script type=\"text\/javascript\"> toolTips('.classtoolTips118','Canonnier'); <\/script><script type=\"text\/javascript\"> toolTips('.classtoolTips144','Royal Corps of Signals'); <\/script><script type=\"text\/javascript\"> toolTips('.classtoolTips146','Royal Air Force'); <\/script><script type=\"text\/javascript\"> toolTips('.classtoolTips151','Pilote<br\/><br\/>Pilot'); <\/script><script type=\"text\/javascript\"> toolTips('.classtoolTips153','Porucznik'); <\/script><script type=\"text\/javascript\"> toolTips('.classtoolTips182','Warrant Officer'); <\/script><script type=\"text\/javascript\"> toolTips('.classtoolTips183','Flight Sergeant'); <\/script><script type=\"text\/javascript\"> toolTips('.classtoolTips185','Mitrailleur<br\/><br\/>Air Gunner'); <\/script><script type=\"text\/javascript\"> toolTips('.classtoolTips188','Bombardier<br\/><br\/>Air bomber'); <\/script><script type=\"text\/javascript\"> toolTips('.classtoolTips189','M\u00e9canicien volant<br\/><br\/>Flying Enginer'); <\/script><script type=\"text\/javascript\"> toolTips('.classtoolTips195','Enseigne de Vaisseau'); <\/script><script type=\"text\/javascript\"> toolTips('.classtoolTips197','Aircraftman'); <\/script><script type=\"text\/javascript\"> toolTips('.classtoolTips199','Radio Officer'); <\/script><script type=\"text\/javascript\"> toolTips('.classtoolTips201','Lieutenant'); <\/script>","protected":false},"excerpt":{"rendered":"<p>Lancaster JB421 EA-K 49 Sqn Date : \u00a008 mai 1944 Mission : \u00a0Bombardement d&#8217;un d\u00e9p\u00f4t de munitions \u00e0 Salbris (41) D\u00e9collage : \u00a0Fiskerton \u00e0 21:57 Causes de la perte : Lieu de la perte : \u00a0Saint-Doulchard (18) Plt Off Arthur Leslie ANDERSON Pil RAFVR 172970 KIA Sgt Robert Leslie FOWLS FE RAFVR 1083705 KIA WO [&hellip;]<\/p>\n","protected":false},"author":1,"featured_media":0,"parent":59,"menu_order":0,"comment_status":"closed","ping_status":"closed","template":"template-full-width Lancaster.php","meta":{"_lmt_disableupdate":"yes","_lmt_disable":"","footnotes":""},"categories":[323],"tags":[990],"wf_page_folders":[3139],"class_list":["post-51101","page","type-page","status-publish","hentry","category-lancaster","tag-49-squadron"],"_links":{"self":[{"href":"https:\/\/www.auzeau.fr\/39-45\/wp-json\/wp\/v2\/pages\/51101","targetHints":{"allow":["GET"]}}],"collection":[{"href":"https:\/\/www.auzeau.fr\/39-45\/wp-json\/wp\/v2\/pages"}],"about":[{"href":"https:\/\/www.auzeau.fr\/39-45\/wp-json\/wp\/v2\/types\/page"}],"author":[{"embeddable":true,"href":"https:\/\/www.auzeau.fr\/39-45\/wp-json\/wp\/v2\/users\/1"}],"replies":[{"embeddable":true,"href":"https:\/\/www.auzeau.fr\/39-45\/wp-json\/wp\/v2\/comments?post=51101"}],"version-history":[{"count":0,"href":"https:\/\/www.auzeau.fr\/39-45\/wp-json\/wp\/v2\/pages\/51101\/revisions"}],"up":[{"embeddable":true,"href":"https:\/\/www.auzeau.fr\/39-45\/wp-json\/wp\/v2\/pages\/59"}],"wp:attachment":[{"href":"https:\/\/www.auzeau.fr\/39-45\/wp-json\/wp\/v2\/media?parent=51101"}],"wp:term":[{"taxonomy":"category","embeddable":true,"href":"https:\/\/www.auzeau.fr\/39-45\/wp-json\/wp\/v2\/categories?post=51101"},{"taxonomy":"post_tag","embeddable":true,"href":"https:\/\/www.auzeau.fr\/39-45\/wp-json\/wp\/v2\/tags?post=51101"},{"taxonomy":"wf_page_folders","embeddable":true,"href":"https:\/\/www.auzeau.fr\/39-45\/wp-json\/wp\/v2\/wf_page_folders?post=51101"}],"curies":[{"name":"wp","href":"https:\/\/api.w.org\/{rel}","templated":true}]}}