{"id":50926,"date":"2018-04-27T15:51:46","date_gmt":"2018-04-27T13:51:46","guid":{"rendered":"http:\/\/39-45.auzeau.fr\/39-45\/france\/17-charente-maritime\/17-royan-2\/"},"modified":"2025-06-04T09:39:29","modified_gmt":"2025-06-04T07:39:29","slug":"17-royan-2","status":"publish","type":"page","link":"https:\/\/www.auzeau.fr\/39-45\/france\/17-charente-maritime\/17-royan-2\/","title":{"rendered":"17 &#8211; Royan"},"content":{"rendered":"<p><img fetchpriority=\"high\" decoding=\"async\" class=\"aligncenter size-full wp-image-50913\" title=\"Royan\" src=\"https:\/\/www.auzeau.fr\/39-45\/wp-content\/uploads\/Cimetieres\/01 -- 30\/17 - Charente-Maritime\/Royan\/Royan.jpg\" alt=\"\" width=\"900\" height=\"344\" srcset=\"https:\/\/www.auzeau.fr\/39-45\/wp-content\/uploads\/Cimetieres\/01%20--%2030\/17%20-%20Charente-Maritime\/Royan\/Royan.jpg 900w, https:\/\/www.auzeau.fr\/39-45\/wp-content\/uploads\/Cimetieres\/01%20--%2030\/17%20-%20Charente-Maritime\/Royan\/Royan-300x115.jpg 300w, https:\/\/www.auzeau.fr\/39-45\/wp-content\/uploads\/Cimetieres\/01%20--%2030\/17%20-%20Charente-Maritime\/Royan\/Royan-768x294.jpg 768w\" sizes=\"(max-width: 900px) 100vw, 900px\" \/><\/p>\n<table style=\"width: 100%;\" border=\"0\">\n<tbody>\n<tr>\n<td style=\"width: 5%;\"><\/td>\n<td style=\"width: 5%;\"><\/td>\n<td style=\"width: 5%;\"><\/td>\n<td style=\"width: 5%;\"><\/td>\n<td style=\"width: 5%;\"><\/td>\n<td style=\"width: 5%;\"><\/td>\n<td style=\"width: 5%;\"><\/td>\n<td style=\"width: 5%;\"><\/td>\n<td style=\"width: 5%;\"><\/td>\n<td style=\"width: 5%;\"><\/td>\n<td style=\"width: 5%;\"><\/td>\n<td style=\"width: 5%;\"><\/td>\n<td style=\"width: 5%;\"><\/td>\n<td style=\"width: 5%;\"><\/td>\n<td style=\"width: 5%;\"><\/td>\n<td style=\"width: 5%;\"><\/td>\n<td style=\"width: 5%;\"><\/td>\n<td style=\"width: 5%;\"><\/td>\n<td style=\"width: 5%;\"><\/td>\n<td style=\"width: 5%;\"><\/td>\n<\/tr>\n<tr>\n<td colspan=\"15\"><strong><span style=\"font-size: xx-large; color: #000000;\">Douglas SBD Dauntless 42-54544<\/span><br \/>\nCode <span class='tooltipsall tooltipsincontent classtoolTips136'>AAF<\/span> n\u00b0 176 n\u00b0 de s\u00e9rie 17384<\/strong><\/td>\n<td style=\"text-align: center; vertical-align: middle;\" colspan=\"5\"><strong><span style=\"font-size: xx-large;\">Flottille 4FB<\/span><\/strong><\/td>\n<\/tr>\n<tr style=\"height: 40px;\">\n<td style=\"text-align: right;\" colspan=\"2\"><strong>Date : <\/strong><\/td>\n<td colspan=\"5\"><em>\u00a001 janvier 1945<\/em><\/td>\n<td style=\"text-align: right;\" colspan=\"3\"><strong>Mission : <\/strong><\/td>\n<td colspan=\"10\"><em>\u00a0Attaque d&#8217;un p\u00e9trolier au large de la pointe de la Coubre (17)<\/em><\/td>\n<\/tr>\n<tr style=\"height: 40px;\">\n<td><\/td>\n<td><\/td>\n<td style=\"text-align: right;\" colspan=\"5\"><strong>D\u00e9collage : <\/strong><\/td>\n<td colspan=\"10\">\u00a0Cognac (17)<\/td>\n<td><\/td>\n<td><\/td>\n<td><\/td>\n<\/tr>\n<tr style=\"height: 40px;\">\n<td><\/td>\n<td><\/td>\n<td style=\"text-align: right;\" colspan=\"5\"><strong>Causes de la perte : <\/strong><\/td>\n<td colspan=\"13\"><em>\u00a0une bombe arm\u00e9e ne se d\u00e9tache pas du lance-bombes et explose lors de l&#8217; attaque en piqu\u00e9<\/em><\/td>\n<\/tr>\n<tr style=\"height: 40px;\">\n<td><\/td>\n<td><\/td>\n<td style=\"text-align: right;\" colspan=\"5\"><strong>Lieu de la perte : <\/strong><\/td>\n<td colspan=\"10\"><em>\u00a0au sud de la Tremblade (17)<\/em><\/td>\n<td><\/td>\n<td><\/td>\n<td><\/td>\n<\/tr>\n<tr style=\"height: 60px;\">\n<td><img decoding=\"async\" class=\"aligncenter size-full wp-image-47214\" title=\"France\" src=\"https:\/\/www.auzeau.fr\/39-45\/wp-content\/uploads\/images\/Drapeaux\/France.png\" alt=\"\" width=\"40\" height=\"20\" \/><\/td>\n<td><span class='tooltipsall tooltipsincontent classtoolTips200'>QM<\/span><\/td>\n<td colspan=\"5\">Michel Lucien<\/td>\n<td colspan=\"2\"><span style=\"color: #000000;\"><strong>CHAUVIN<\/strong><\/span><\/td>\n<td style=\"text-align: center;\" colspan=\"2\"><span class='tooltipsall tooltipsincontent classtoolTips115'>WOP<\/span> <span class='tooltipsall tooltipsincontent classtoolTips185'>AG<\/span><\/td>\n<td style=\"text-align: left;\"><span class='tooltipsall tooltipsincontent classtoolTips38'>A\u00e9ro<\/span><\/td>\n<td style=\"text-align: center;\" colspan=\"2\"><\/td>\n<td><span style=\"color: #000000;\"><strong><span class='tooltipsall tooltipsincontent classtoolTips110'>KIA<\/span><\/strong><\/span><\/td>\n<td colspan=\"5\"><img decoding=\"async\" class=\"size-full wp-image-47288 alignleft\" title=\"Medaille Militaire\" src=\"https:\/\/www.auzeau.fr\/39-45\/wp-content\/uploads\/images\/Medaille\/Medaille-Militaire.png\" alt=\"\" width=\"72\" height=\"20\" \/> <img loading=\"lazy\" decoding=\"async\" class=\"size-full wp-image-47270 alignleft\" title=\"Croix-de-Guerre-39-45\" src=\"https:\/\/www.auzeau.fr\/39-45\/wp-content\/uploads\/images\/Medaille\/Croix-de-Guerre-39-45.png\" alt=\"\" width=\"72\" height=\"20\" \/><span style=\"color: #000000;\"><strong> <span class='tooltipsall tooltipsincontent classtoolTips126'>MPF<\/span><\/strong><\/span><\/td>\n<\/tr>\n<tr style=\"height: 60px;\">\n<td><img decoding=\"async\" class=\"aligncenter size-full wp-image-47214\" title=\"France\" src=\"https:\/\/www.auzeau.fr\/39-45\/wp-content\/uploads\/images\/Drapeaux\/France.png\" alt=\"\" width=\"40\" height=\"20\" \/><\/td>\n<td><span class='tooltipsall tooltipsincontent classtoolTips130'>OE1<\/span><\/td>\n<td colspan=\"5\">Paul Alphonse<\/td>\n<td colspan=\"2\"><span style=\"color: #000000;\"><strong>GOFFENY<\/strong><\/span><\/td>\n<td style=\"text-align: center;\" colspan=\"2\"><span class='tooltipsall tooltipsincontent classtoolTips151'>Pil<\/span><\/td>\n<td style=\"text-align: left;\"><span class='tooltipsall tooltipsincontent classtoolTips38'>A\u00e9ro<\/span><\/td>\n<td style=\"text-align: center;\" colspan=\"2\"><\/td>\n<td><span style=\"color: #000000;\"><strong><span class='tooltipsall tooltipsincontent classtoolTips110'>KIA<\/span><\/strong><\/span><\/td>\n<td colspan=\"5\"><img loading=\"lazy\" decoding=\"async\" class=\"size-full wp-image-47239 alignleft\" title=\"Chevalier-L\u00e9gion-dHonneur\" src=\"https:\/\/www.auzeau.fr\/39-45\/wp-content\/uploads\/images\/Medaille\/de7ad77f9fc044a1c8d501e35183a115.png\" alt=\"\" width=\"72\" height=\"20\" \/> <img decoding=\"async\" class=\"size-full wp-image-47288 alignleft\" title=\"Medaille Militaire\" src=\"https:\/\/www.auzeau.fr\/39-45\/wp-content\/uploads\/images\/Medaille\/Medaille-Militaire.png\" alt=\"\" width=\"72\" height=\"20\" \/> <img loading=\"lazy\" decoding=\"async\" class=\"size-full wp-image-47270 alignleft\" title=\"Croix-de-Guerre-39-45\" src=\"https:\/\/www.auzeau.fr\/39-45\/wp-content\/uploads\/images\/Medaille\/Croix-de-Guerre-39-45.png\" alt=\"\" width=\"72\" height=\"20\" \/><span style=\"color: #000000;\"><strong> <span class='tooltipsall tooltipsincontent classtoolTips126'>MPF<\/span><\/strong><\/span><\/td>\n<\/tr>\n<\/tbody>\n<\/table>\n<div id='gallery-1' class='gallery galleryid-50926 gallery-columns-5 gallery-size-thumbnail'><figure class='gallery-item'>\n\t\t\t<div class='gallery-icon landscape'>\n\t\t\t\t<a title=\"Douglas SBD Dauntless 42-54544\"  title=\"Douglas SBD Dauntless 42-54544\"  href='https:\/\/www.auzeau.fr\/39-45\/wp-content\/uploads\/Cimetieres\/01%20--%2030\/17%20-%20Charente-Maritime\/Royan\/Douglas\/Douglas-SBD-Dauntless-42-54544.webp'><img loading=\"lazy\" decoding=\"async\" width=\"150\" height=\"150\" src=\"https:\/\/www.auzeau.fr\/39-45\/wp-content\/uploads\/Cimetieres\/01 -- 30\/17 - Charente-Maritime\/Royan\/Douglas\/Douglas-SBD-Dauntless-42-54544-150x150.webp\" class=\"attachment-thumbnail size-thumbnail\" alt=\"\" srcset=\"https:\/\/www.auzeau.fr\/39-45\/wp-content\/uploads\/Cimetieres\/01%20--%2030\/17%20-%20Charente-Maritime\/Royan\/Douglas\/Douglas-SBD-Dauntless-42-54544-150x150.webp 150w, https:\/\/www.auzeau.fr\/39-45\/wp-content\/uploads\/Cimetieres\/01%20--%2030\/17%20-%20Charente-Maritime\/Royan\/Douglas\/Douglas-SBD-Dauntless-42-54544-50x50.webp 50w\" sizes=\"(max-width: 150px) 100vw, 150px\" \/><\/a>\n\t\t\t<\/div><\/figure><figure class='gallery-item'>\n\t\t\t<div class='gallery-icon portrait'>\n\t\t\t\t<a title=\"Michel Chauvin\"  title=\"Michel Chauvin\"  href='https:\/\/www.auzeau.fr\/39-45\/wp-content\/uploads\/Cimetieres\/01%20--%2030\/17%20-%20Charente-Maritime\/Royan\/Douglas\/Michel-Chauvin.webp'><img loading=\"lazy\" decoding=\"async\" width=\"150\" height=\"150\" src=\"https:\/\/www.auzeau.fr\/39-45\/wp-content\/uploads\/Cimetieres\/01 -- 30\/17 - Charente-Maritime\/Royan\/Douglas\/Michel-Chauvin-150x150.webp\" class=\"attachment-thumbnail size-thumbnail\" alt=\"\" srcset=\"https:\/\/www.auzeau.fr\/39-45\/wp-content\/uploads\/Cimetieres\/01%20--%2030\/17%20-%20Charente-Maritime\/Royan\/Douglas\/Michel-Chauvin-150x150.webp 150w, https:\/\/www.auzeau.fr\/39-45\/wp-content\/uploads\/Cimetieres\/01%20--%2030\/17%20-%20Charente-Maritime\/Royan\/Douglas\/Michel-Chauvin-50x50.webp 50w\" sizes=\"(max-width: 150px) 100vw, 150px\" \/><\/a>\n\t\t\t<\/div><\/figure><figure class='gallery-item'>\n\t\t\t<div class='gallery-icon landscape'>\n\t\t\t\t<a title=\"Michel Chauvin\"  title=\"Michel Chauvin\"  href='https:\/\/www.auzeau.fr\/39-45\/wp-content\/uploads\/Cimetieres\/01%20--%2030\/17%20-%20Charente-Maritime\/Royan\/Douglas\/Chauvin.webp'><img loading=\"lazy\" decoding=\"async\" width=\"150\" height=\"150\" src=\"https:\/\/www.auzeau.fr\/39-45\/wp-content\/uploads\/Cimetieres\/01 -- 30\/17 - Charente-Maritime\/Royan\/Douglas\/Chauvin-150x150.webp\" class=\"attachment-thumbnail size-thumbnail\" alt=\"\" srcset=\"https:\/\/www.auzeau.fr\/39-45\/wp-content\/uploads\/Cimetieres\/01%20--%2030\/17%20-%20Charente-Maritime\/Royan\/Douglas\/Chauvin-150x150.webp 150w, https:\/\/www.auzeau.fr\/39-45\/wp-content\/uploads\/Cimetieres\/01%20--%2030\/17%20-%20Charente-Maritime\/Royan\/Douglas\/Chauvin-50x50.webp 50w\" sizes=\"(max-width: 150px) 100vw, 150px\" \/><\/a>\n\t\t\t<\/div><\/figure><figure class='gallery-item'>\n\t\t\t<div class='gallery-icon portrait'>\n\t\t\t\t<a title=\"Paul Goffeny\"  title=\"Paul Goffeny\"  href='https:\/\/www.auzeau.fr\/39-45\/wp-content\/uploads\/Cimetieres\/01%20--%2030\/17%20-%20Charente-Maritime\/Royan\/Douglas\/Paul-Goffeny.webp'><img loading=\"lazy\" decoding=\"async\" width=\"150\" height=\"150\" src=\"https:\/\/www.auzeau.fr\/39-45\/wp-content\/uploads\/Cimetieres\/01 -- 30\/17 - Charente-Maritime\/Royan\/Douglas\/Paul-Goffeny-150x150.webp\" class=\"attachment-thumbnail size-thumbnail\" alt=\"\" srcset=\"https:\/\/www.auzeau.fr\/39-45\/wp-content\/uploads\/Cimetieres\/01%20--%2030\/17%20-%20Charente-Maritime\/Royan\/Douglas\/Paul-Goffeny-150x150.webp 150w, https:\/\/www.auzeau.fr\/39-45\/wp-content\/uploads\/Cimetieres\/01%20--%2030\/17%20-%20Charente-Maritime\/Royan\/Douglas\/Paul-Goffeny-50x50.webp 50w\" sizes=\"(max-width: 150px) 100vw, 150px\" \/><\/a>\n\t\t\t<\/div><\/figure><figure class='gallery-item'>\n\t\t\t<div class='gallery-icon landscape'>\n\t\t\t\t<a title=\"Paul Goffeny\"  title=\"Paul Goffeny\"  href='https:\/\/www.auzeau.fr\/39-45\/wp-content\/uploads\/Cimetieres\/01%20--%2030\/17%20-%20Charente-Maritime\/Royan\/Douglas\/Goffeny.webp'><img loading=\"lazy\" decoding=\"async\" width=\"150\" height=\"150\" src=\"https:\/\/www.auzeau.fr\/39-45\/wp-content\/uploads\/Cimetieres\/01 -- 30\/17 - Charente-Maritime\/Royan\/Douglas\/Goffeny-150x150.webp\" class=\"attachment-thumbnail size-thumbnail\" alt=\"\" srcset=\"https:\/\/www.auzeau.fr\/39-45\/wp-content\/uploads\/Cimetieres\/01%20--%2030\/17%20-%20Charente-Maritime\/Royan\/Douglas\/Goffeny-150x150.webp 150w, https:\/\/www.auzeau.fr\/39-45\/wp-content\/uploads\/Cimetieres\/01%20--%2030\/17%20-%20Charente-Maritime\/Royan\/Douglas\/Goffeny-50x50.webp 50w\" sizes=\"(max-width: 150px) 100vw, 150px\" \/><\/a>\n\t\t\t<\/div><\/figure>\n\t\t<\/div>\n\n<p><span style=\"font-size: 8pt;\"><strong>04 juin 2025 :<\/strong> nouvelles photos<\/span><\/p>\n<table style=\"width: 100%; border-collapse: collapse; background-color: #dcdcdc;\">\n<tbody>\n<tr>\n<td style=\"width: 100%; text-align: center;\"><ul id=\"menu-17-royan\" class=\"menu\"><li id=\"menu-item-50923\" class=\"menu-item menu-item-type-post_type menu-item-object-page menu-item-50923\"><a href=\"https:\/\/www.auzeau.fr\/39-45\/france\/17-charente-maritime\/17-royan\/\">Stirling BK612<\/a><\/li>\n<li id=\"menu-item-50929\" class=\"menu-item menu-item-type-post_type menu-item-object-page menu-item-50929\"><a href=\"https:\/\/www.auzeau.fr\/39-45\/france\/17-charente-maritime\/17-royan-2\/\">Douglas SBD Dauntless 42-54544<\/a><\/li>\n<li id=\"menu-item-50933\" class=\"menu-item menu-item-type-post_type menu-item-object-page menu-item-50933\"><a href=\"https:\/\/www.auzeau.fr\/39-45\/france\/17-charente-maritime\/17-royan-3\/\">Lancaster PB695<\/a><\/li>\n<\/ul><\/td>\n<\/tr>\n<\/tbody>\n<\/table>\n<hr \/>\n<p style=\"text-align: center;\"><ul id=\"menu-17-charentes-maritime\" class=\"menu\"><li id=\"menu-item-50782\" class=\"menu-item menu-item-type-post_type menu-item-object-page menu-item-50782\"><a href=\"https:\/\/www.auzeau.fr\/39-45\/france\/17-charente-maritime\/17-ars-en-re\/\">17 \u2013 Ars-en-R\u00e9<\/a><\/li>\n<li id=\"menu-item-113410\" class=\"menu-item menu-item-type-post_type menu-item-object-page menu-item-113410\"><a href=\"https:\/\/www.auzeau.fr\/39-45\/france\/17-charente-maritime\/17-bussac-foret\/\">17 \u2013 Bussac-For\u00eat<\/a><\/li>\n<li id=\"menu-item-50783\" class=\"menu-item menu-item-type-post_type menu-item-object-page menu-item-50783\"><a href=\"https:\/\/www.auzeau.fr\/39-45\/france\/17-charente-maritime\/17-chatelaillon-plage\/\">17 \u2013 Chatelaillon-Plage<\/a><\/li>\n<li id=\"menu-item-113409\" class=\"menu-item menu-item-type-post_type menu-item-object-page menu-item-113409\"><a href=\"https:\/\/www.auzeau.fr\/39-45\/france\/17-charente-maritime\/17-chenac-saint-seurin-duzet-cenophage\/\">17 \u2013 Chenac-Saint-Seurin-d\u2019Uzet (c\u00e9nophage)<\/a><\/li>\n<li id=\"menu-item-113408\" class=\"menu-item menu-item-type-post_type menu-item-object-page menu-item-113408\"><a href=\"https:\/\/www.auzeau.fr\/39-45\/france\/17-charente-maritime\/17-chives\/\">17 \u2013 Chives<\/a><\/li>\n<li id=\"menu-item-103889\" class=\"menu-item menu-item-type-post_type menu-item-object-page menu-item-103889\"><a href=\"https:\/\/www.auzeau.fr\/39-45\/france\/17-charente-maritime\/17-dompierre-sur-mer\/\">17 \u2013 Dompierre-sur-Mer<\/a><\/li>\n<li id=\"menu-item-111408\" class=\"menu-item menu-item-type-post_type menu-item-object-page menu-item-111408\"><a href=\"https:\/\/www.auzeau.fr\/39-45\/france\/17-charente-maritime\/17-fouras\/\">17 \u2013 Fouras<\/a><\/li>\n<li id=\"menu-item-50784\" class=\"menu-item menu-item-type-post_type menu-item-object-page menu-item-50784\"><a href=\"https:\/\/www.auzeau.fr\/39-45\/france\/17-charente-maritime\/17-jonzac\/\">17 \u2013 Jonzac<\/a><\/li>\n<li id=\"menu-item-113407\" class=\"menu-item menu-item-type-post_type menu-item-object-page menu-item-113407\"><a href=\"https:\/\/www.auzeau.fr\/39-45\/france\/17-charente-maritime\/17-la-jard\/\">17 \u2013 La Jard<\/a><\/li>\n<li id=\"menu-item-50785\" class=\"menu-item menu-item-type-post_type menu-item-object-page menu-item-50785\"><a href=\"https:\/\/www.auzeau.fr\/39-45\/france\/17-charente-maritime\/17-la-rochelle\/\">17 \u2013 La Rochelle cimeti\u00e8re de Saint \u00c9loi<\/a><\/li>\n<li id=\"menu-item-113412\" class=\"menu-item menu-item-type-post_type menu-item-object-page menu-item-113412\"><a href=\"https:\/\/www.auzeau.fr\/39-45\/france\/17-charente-maritime\/17-la-rochelle-cimetiere-de-saint-maurice\/\">17 \u2013 La Rochelle cimeti\u00e8re de Saint Maurice<\/a><\/li>\n<li id=\"menu-item-50786\" class=\"menu-item menu-item-type-post_type menu-item-object-page menu-item-50786\"><a href=\"https:\/\/www.auzeau.fr\/39-45\/france\/17-charente-maritime\/17-le-bois-plage-en-re\/\">17 \u2013 Le Bois-Plage-en-R\u00e9<\/a><\/li>\n<li id=\"menu-item-50787\" class=\"menu-item menu-item-type-post_type menu-item-object-page menu-item-50787\"><a href=\"https:\/\/www.auzeau.fr\/39-45\/france\/17-charente-maritime\/17-le-chateau-doleron\/\">17 \u2013 Le Ch\u00e2teau-d\u2019Ol\u00e9ron<\/a><\/li>\n<li id=\"menu-item-50788\" class=\"menu-item menu-item-type-post_type menu-item-object-page menu-item-50788\"><a href=\"https:\/\/www.auzeau.fr\/39-45\/france\/17-charente-maritime\/17-muron\/\">17 \u2013 Muron<\/a><\/li>\n<li id=\"menu-item-50789\" class=\"menu-item menu-item-type-post_type menu-item-object-page menu-item-50789\"><a href=\"https:\/\/www.auzeau.fr\/39-45\/france\/17-charente-maritime\/17-retaud-necropole-nationale\/\">17 \u2013 R\u00e9taud N\u00e9cropole Nationale<\/a><\/li>\n<li id=\"menu-item-50790\" class=\"menu-item menu-item-type-post_type menu-item-object-page menu-item-50790\"><a href=\"https:\/\/www.auzeau.fr\/39-45\/france\/17-charente-maritime\/17-rochefort-cimetiere-communal\/\">17 \u2013 Rochefort Cimeti\u00e8re communal<\/a><\/li>\n<li id=\"menu-item-50791\" class=\"menu-item menu-item-type-post_type menu-item-object-page menu-item-50791\"><a href=\"https:\/\/www.auzeau.fr\/39-45\/france\/17-charente-maritime\/17-rochefort-cimetiere-de-la-marine\/\">17 \u2013 Rochefort Cimeti\u00e8re de la Marine<\/a><\/li>\n<li id=\"menu-item-50792\" class=\"menu-item menu-item-type-post_type menu-item-object-page menu-item-50792\"><a href=\"https:\/\/www.auzeau.fr\/39-45\/france\/17-charente-maritime\/17-royan\/\">17 \u2013 Royan<\/a><\/li>\n<li id=\"menu-item-50793\" class=\"menu-item menu-item-type-post_type menu-item-object-page menu-item-50793\"><a href=\"https:\/\/www.auzeau.fr\/39-45\/france\/17-charente-maritime\/17-saint-crepin\/\">17 \u2013 Saint-Cr\u00e9pin<\/a><\/li>\n<li id=\"menu-item-103665\" class=\"menu-item menu-item-type-post_type menu-item-object-page menu-item-103665\"><a href=\"https:\/\/www.auzeau.fr\/39-45\/france\/17-charente-maritime\/17-saint-georges-des-coteaux\/\">17 \u2013 Saint-Georges-des-Coteaux<\/a><\/li>\n<li id=\"menu-item-50794\" class=\"menu-item menu-item-type-post_type menu-item-object-page menu-item-50794\"><a href=\"https:\/\/www.auzeau.fr\/39-45\/france\/17-charente-maritime\/17-saint-jean-dangely\/\">17 \u2013 Saint-Jean-d\u2019Angely<\/a><\/li>\n<li id=\"menu-item-50795\" class=\"menu-item menu-item-type-post_type menu-item-object-page menu-item-50795\"><a href=\"https:\/\/www.auzeau.fr\/39-45\/france\/17-charente-maritime\/17-saint-martin-de-re\/\">17 \u2013 Saint-Martin-de-R\u00e9<\/a><\/li>\n<li id=\"menu-item-50796\" class=\"menu-item menu-item-type-post_type menu-item-object-page menu-item-50796\"><a href=\"https:\/\/www.auzeau.fr\/39-45\/france\/17-charente-maritime\/17-saint-palais-sur-mer\/\">17 \u2013 Saint-Palais-sur-Mer<\/a><\/li>\n<li id=\"menu-item-113411\" class=\"menu-item menu-item-type-post_type menu-item-object-page menu-item-113411\"><a href=\"https:\/\/www.auzeau.fr\/39-45\/france\/17-charente-maritime\/17-saint-sulpice-de-royan\/\">17 \u2013 Saint-Sulpice-de-Royan<\/a><\/li>\n<li id=\"menu-item-50797\" class=\"menu-item menu-item-type-post_type menu-item-object-page menu-item-50797\"><a href=\"https:\/\/www.auzeau.fr\/39-45\/france\/17-charente-maritime\/17-saint-trojan-les-bains\/\">17 \u2013 Saint-Trojan-les-Bains<\/a><\/li>\n<li id=\"menu-item-50798\" class=\"menu-item menu-item-type-post_type menu-item-object-page menu-item-50798\"><a href=\"https:\/\/www.auzeau.fr\/39-45\/france\/17-charente-maritime\/17-sainte-marie-de-re\/\">17 \u2013 Sainte-Marie-de-R\u00e9<\/a><\/li>\n<li id=\"menu-item-50799\" class=\"menu-item menu-item-type-post_type menu-item-object-page menu-item-50799\"><a href=\"https:\/\/www.auzeau.fr\/39-45\/france\/17-charente-maritime\/17-saintes\/\">17 \u2013 Saintes<\/a><\/li>\n<li id=\"menu-item-50800\" class=\"menu-item menu-item-type-post_type menu-item-object-page menu-item-50800\"><a href=\"https:\/\/www.auzeau.fr\/39-45\/france\/17-charente-maritime\/17-yves\/\">17 \u2013 Yves<\/a><\/li>\n<\/ul>\n<script type=\"text\/javascript\"> toolTips('.classtoolTips38','A\u00e9ronavale'); <\/script><script type=\"text\/javascript\"> toolTips('.classtoolTips98','Colonel'); <\/script><script type=\"text\/javascript\"> toolTips('.classtoolTips110','Tu\u00e9 au combat<br\/><br\/>Killed In Action'); <\/script><script type=\"text\/javascript\"> toolTips('.classtoolTips115','Op\u00e9rateur Radio<br\/><br\/>Wireless Op\u00e9rator'); <\/script><script type=\"text\/javascript\"> toolTips('.classtoolTips126','Mort Pour la France'); <\/script><script type=\"text\/javascript\"> toolTips('.classtoolTips127','D\u00e9c\u00e9d\u00e9 en Service A\u00e9rien Command\u00e9'); <\/script><script type=\"text\/javascript\"> toolTips('.classtoolTips130','Officier de premi\u00e8re classe des \u00e9quipages'); <\/script><script type=\"text\/javascript\"> toolTips('.classtoolTips134','\u00c9vad\u00e9<br\/><br\/>Evaded'); <\/script><script type=\"text\/javascript\"> toolTips('.classtoolTips136','Arm\u00e9e de l\u2019Air Fran\u00e7aise'); <\/script><script type=\"text\/javascript\"> toolTips('.classtoolTips144','Royal Corps of Signals'); <\/script><script type=\"text\/javascript\"> toolTips('.classtoolTips151','Pilote<br\/><br\/>Pilot'); <\/script><script type=\"text\/javascript\"> toolTips('.classtoolTips153','Porucznik'); <\/script><script type=\"text\/javascript\"> toolTips('.classtoolTips154','Groupe de Liaisons A\u00e9riennes'); <\/script><script type=\"text\/javascript\"> toolTips('.classtoolTips158','Midshipman'); <\/script><script type=\"text\/javascript\"> toolTips('.classtoolTips162','Telegraphist'); <\/script><script type=\"text\/javascript\"> toolTips('.classtoolTips182','Warrant Officer'); <\/script><script type=\"text\/javascript\"> toolTips('.classtoolTips185','Mitrailleur<br\/><br\/>Air Gunner'); <\/script><script type=\"text\/javascript\"> toolTips('.classtoolTips188','Bombardier<br\/><br\/>Air bomber'); <\/script><script type=\"text\/javascript\"> toolTips('.classtoolTips189','M\u00e9canicien volant<br\/><br\/>Flying Enginer'); <\/script><script type=\"text\/javascript\"> toolTips('.classtoolTips195','Enseigne de Vaisseau'); <\/script><script type=\"text\/javascript\"> toolTips('.classtoolTips197','Aircraftman'); <\/script><script type=\"text\/javascript\"> toolTips('.classtoolTips199','Radio Officer'); <\/script><script type=\"text\/javascript\"> toolTips('.classtoolTips200','Quartier Ma\u00eetre'); <\/script><script type=\"text\/javascript\"> toolTips('.classtoolTips201','Lieutenant'); <\/script>","protected":false},"excerpt":{"rendered":"<p>Douglas SBD Dauntless 42-54544 Code AAF n\u00b0 176 n\u00b0 de s\u00e9rie 17384 Flottille 4FB Date : \u00a001 janvier 1945 Mission : \u00a0Attaque d&#8217;un p\u00e9trolier au large de la pointe de la Coubre (17) D\u00e9collage : \u00a0Cognac (17) Causes de la perte : \u00a0une bombe arm\u00e9e ne se d\u00e9tache pas du lance-bombes et explose lors de [&hellip;]<\/p>\n","protected":false},"author":1,"featured_media":0,"parent":57,"menu_order":0,"comment_status":"closed","ping_status":"closed","template":"template-full-width Dauntless.php","meta":{"_lmt_disableupdate":"yes","_lmt_disable":"","footnotes":""},"categories":[825],"tags":[946],"wf_page_folders":[3140],"class_list":["post-50926","page","type-page","status-publish","hentry","category-dsb-dauntless","tag-flottille-4fb"],"_links":{"self":[{"href":"https:\/\/www.auzeau.fr\/39-45\/wp-json\/wp\/v2\/pages\/50926","targetHints":{"allow":["GET"]}}],"collection":[{"href":"https:\/\/www.auzeau.fr\/39-45\/wp-json\/wp\/v2\/pages"}],"about":[{"href":"https:\/\/www.auzeau.fr\/39-45\/wp-json\/wp\/v2\/types\/page"}],"author":[{"embeddable":true,"href":"https:\/\/www.auzeau.fr\/39-45\/wp-json\/wp\/v2\/users\/1"}],"replies":[{"embeddable":true,"href":"https:\/\/www.auzeau.fr\/39-45\/wp-json\/wp\/v2\/comments?post=50926"}],"version-history":[{"count":0,"href":"https:\/\/www.auzeau.fr\/39-45\/wp-json\/wp\/v2\/pages\/50926\/revisions"}],"up":[{"embeddable":true,"href":"https:\/\/www.auzeau.fr\/39-45\/wp-json\/wp\/v2\/pages\/57"}],"wp:attachment":[{"href":"https:\/\/www.auzeau.fr\/39-45\/wp-json\/wp\/v2\/media?parent=50926"}],"wp:term":[{"taxonomy":"category","embeddable":true,"href":"https:\/\/www.auzeau.fr\/39-45\/wp-json\/wp\/v2\/categories?post=50926"},{"taxonomy":"post_tag","embeddable":true,"href":"https:\/\/www.auzeau.fr\/39-45\/wp-json\/wp\/v2\/tags?post=50926"},{"taxonomy":"wf_page_folders","embeddable":true,"href":"https:\/\/www.auzeau.fr\/39-45\/wp-json\/wp\/v2\/wf_page_folders?post=50926"}],"curies":[{"name":"wp","href":"https:\/\/api.w.org\/{rel}","templated":true}]}}