{"id":48415,"date":"2018-04-23T09:27:32","date_gmt":"2018-04-23T07:27:32","guid":{"rendered":"http:\/\/www.auzeau.fr\/3945\/?page_id=48415"},"modified":"2018-05-14T16:39:32","modified_gmt":"2018-05-14T14:39:32","slug":"08-pouru-saint-remy-2","status":"publish","type":"page","link":"https:\/\/www.auzeau.fr\/39-45\/france\/08-ardennes\/08-pouru-saint-remy-2\/","title":{"rendered":"08 &#8211; Pouru-Saint-R\u00e9my"},"content":{"rendered":"<p><img fetchpriority=\"high\" decoding=\"async\" class=\"aligncenter size-full wp-image-48409\" title=\"Pouru_St_Remy\" src=\"https:\/\/www.auzeau.fr\/39-45\/wp-content\/uploads\/Cimetieres\/01 -- 30\/08 - Ardennes\/Pouru\/Pouru_St_Remy.jpg\" alt=\"\" width=\"900\" height=\"450\" srcset=\"https:\/\/www.auzeau.fr\/39-45\/wp-content\/uploads\/Cimetieres\/01%20--%2030\/08%20-%20Ardennes\/Pouru\/Pouru_St_Remy.jpg 900w, https:\/\/www.auzeau.fr\/39-45\/wp-content\/uploads\/Cimetieres\/01%20--%2030\/08%20-%20Ardennes\/Pouru\/Pouru_St_Remy-300x150.jpg 300w, https:\/\/www.auzeau.fr\/39-45\/wp-content\/uploads\/Cimetieres\/01%20--%2030\/08%20-%20Ardennes\/Pouru\/Pouru_St_Remy-768x384.jpg 768w\" sizes=\"(max-width: 900px) 100vw, 900px\" \/><\/p>\n<table style=\"width: 100%;\">\n<tbody>\n<tr>\n<td style=\"width: 5%;\"><\/td>\n<td style=\"width: 5%;\"><\/td>\n<td style=\"width: 5%;\"><\/td>\n<td style=\"width: 5%;\"><\/td>\n<td style=\"width: 5%;\"><\/td>\n<td style=\"width: 5%;\"><\/td>\n<td style=\"width: 5%;\"><\/td>\n<td style=\"width: 5%;\"><\/td>\n<td style=\"width: 5%;\"><\/td>\n<td style=\"width: 5%;\"><\/td>\n<td style=\"width: 5%;\"><\/td>\n<td style=\"width: 5%;\"><\/td>\n<td style=\"width: 5%;\"><\/td>\n<td style=\"width: 5%;\"><\/td>\n<td style=\"width: 5%;\"><\/td>\n<td style=\"width: 5%;\"><\/td>\n<td style=\"width: 5%;\"><\/td>\n<td style=\"width: 5%;\"><\/td>\n<td style=\"width: 5%;\"><\/td>\n<td style=\"width: 5%;\"><\/td>\n<\/tr>\n<tr>\n<td colspan=\"15\"><strong><span style=\"font-size: xx-large;\"><span style=\"color: #000000;\">Battle P2229 PH-O<\/span><br \/>\n<\/span><\/strong><\/td>\n<td colspan=\"5\"><strong><span style=\"font-size: xx-large;\">12 Sqn<br \/>\n<\/span><\/strong><\/td>\n<\/tr>\n<tr style=\"height: 40px;\">\n<td style=\"text-align: right;\" colspan=\"2\"><strong>Date : <\/strong><\/td>\n<td colspan=\"5\"><em>14 mai 1940<br \/>\n<\/em><\/td>\n<td style=\"text-align: right;\" colspan=\"3\"><strong>Mission : <\/strong><\/td>\n<td colspan=\"10\"><em>Sedan (08)<br \/>\n<\/em><\/td>\n<\/tr>\n<tr style=\"height: 40px;\">\n<td><\/td>\n<td><\/td>\n<td style=\"text-align: right;\" colspan=\"5\"><strong>D\u00e9collage : <\/strong><\/td>\n<td colspan=\"10\">Amifontaine \u00e0 15:27<\/td>\n<td><\/td>\n<td><\/td>\n<td><\/td>\n<\/tr>\n<tr style=\"height: 40px;\">\n<td><\/td>\n<td><\/td>\n<td style=\"text-align: right;\" colspan=\"5\"><strong>Causes de la perte : <\/strong><\/td>\n<td colspan=\"10\"><\/td>\n<td><\/td>\n<td><\/td>\n<td><\/td>\n<\/tr>\n<tr style=\"height: 40px;\">\n<td><\/td>\n<td><\/td>\n<td style=\"text-align: right;\" colspan=\"5\"><strong>Lieu de la perte : <\/strong><\/td>\n<td colspan=\"10\"><em>Pouru-Saint-R\u00e9my (08)<\/em><\/td>\n<td><\/td>\n<td><\/td>\n<td><\/td>\n<\/tr>\n<tr style=\"height: 60px;\">\n<td><img decoding=\"async\" class=\"aligncenter size-full wp-image-47215\" title=\"Royaume Uni\" src=\"https:\/\/www.auzeau.fr\/39-45\/wp-content\/uploads\/images\/Drapeaux\/Angleterre.png\" alt=\"\" width=\"40\" height=\"20\" \/><\/td>\n<td><span class='tooltipsall tooltipsincontent classtoolTips96'>Sgt<\/span><\/td>\n<td colspan=\"5\">Arthur Geoffrey<\/td>\n<td colspan=\"2\"><span style=\"color: #000000;\"><strong>JOHNSON<\/strong><\/span><\/td>\n<td style=\"text-align: center;\" colspan=\"2\"><span class='tooltipsall tooltipsincontent classtoolTips151'>Pil<\/span><\/td>\n<td style=\"text-align: center;\"><span class='tooltipsall tooltipsincontent classtoolTips146'>RAF<\/span><\/td>\n<td style=\"text-align: center;\" colspan=\"2\">563884<\/td>\n<td><span style=\"color: #000000;\"><strong><span class='tooltipsall tooltipsincontent classtoolTips110'>KIA<\/span><\/strong><\/span><\/td>\n<td colspan=\"5\"><\/td>\n<\/tr>\n<tr style=\"height: 60px;\">\n<td><img decoding=\"async\" class=\"aligncenter size-full wp-image-47215\" title=\"Royaume Uni\" src=\"https:\/\/www.auzeau.fr\/39-45\/wp-content\/uploads\/images\/Drapeaux\/Angleterre.png\" alt=\"\" width=\"40\" height=\"20\" \/><\/td>\n<td><span class='tooltipsall tooltipsincontent classtoolTips197'>AC<\/span><\/td>\n<td colspan=\"5\">F.T.<\/td>\n<td colspan=\"2\"><span style=\"color: #000000;\"><strong>SPENCER<\/strong><\/span><\/td>\n<td style=\"text-align: center;\" colspan=\"2\"><span class='tooltipsall tooltipsincontent classtoolTips115'>WOP<\/span> <span class='tooltipsall tooltipsincontent classtoolTips185'>AG<\/span><\/td>\n<td style=\"text-align: center;\"><span class='tooltipsall tooltipsincontent classtoolTips146'>RAF<\/span><\/td>\n<td style=\"text-align: center;\" colspan=\"2\">618586<\/td>\n<td><span class='tooltipsall tooltipsincontent classtoolTips113'>POW<\/span><\/td>\n<td colspan=\"5\"><\/td>\n<\/tr>\n<tr style=\"height: 60px;\">\n<td><img decoding=\"async\" class=\"aligncenter size-full wp-image-47215\" title=\"Royaume Uni\" src=\"https:\/\/www.auzeau.fr\/39-45\/wp-content\/uploads\/images\/Drapeaux\/Angleterre.png\" alt=\"\" width=\"40\" height=\"20\" \/><\/td>\n<td><span class='tooltipsall tooltipsincontent classtoolTips96'>Sgt<\/span><\/td>\n<td colspan=\"5\">Edward Frederick<\/td>\n<td colspan=\"2\"><span style=\"color: #000000;\"><strong>WHITE<\/strong><\/span><\/td>\n<td style=\"text-align: center;\" colspan=\"2\"><span class='tooltipsall tooltipsincontent classtoolTips117'>Obs<\/span><\/td>\n<td style=\"text-align: center;\"><span class='tooltipsall tooltipsincontent classtoolTips146'>RAF<\/span><\/td>\n<td style=\"text-align: center;\" colspan=\"2\">581009<\/td>\n<td><span style=\"color: #000000;\"><strong><span class='tooltipsall tooltipsincontent classtoolTips110'>KIA<\/span><\/strong><\/span><\/td>\n<td colspan=\"5\"><\/td>\n<\/tr>\n<tr>\n<td colspan=\"20\" height=\"20\"><\/td>\n<\/tr>\n<tr>\n<td colspan=\"20\"><div id='gallery-1' class='gallery galleryid-48415 gallery-columns-2 gallery-size-thumbnail'><figure class='gallery-item'>\n\t\t\t<div class='gallery-icon portrait'>\n\t\t\t\t<a title=\"Johnson\"  title=\"Johnson\"  href='https:\/\/www.auzeau.fr\/39-45\/wp-content\/uploads\/Cimetieres\/01%20--%2030\/08%20-%20Ardennes\/Pouru\/Battle-P5229\/Johnson.jpg'><img decoding=\"async\" width=\"150\" height=\"150\" src=\"https:\/\/www.auzeau.fr\/39-45\/wp-content\/uploads\/Cimetieres\/01 -- 30\/08 - Ardennes\/Pouru\/Battle-P5229\/Johnson-150x150.jpg\" class=\"attachment-thumbnail size-thumbnail\" alt=\"\" srcset=\"https:\/\/www.auzeau.fr\/39-45\/wp-content\/uploads\/Cimetieres\/01%20--%2030\/08%20-%20Ardennes\/Pouru\/Battle-P5229\/Johnson-150x150.jpg 150w, https:\/\/www.auzeau.fr\/39-45\/wp-content\/uploads\/Cimetieres\/01%20--%2030\/08%20-%20Ardennes\/Pouru\/Battle-P5229\/Johnson-50x50.jpg 50w\" sizes=\"(max-width: 150px) 100vw, 150px\" \/><\/a>\n\t\t\t<\/div><\/figure><figure class='gallery-item'>\n\t\t\t<div class='gallery-icon portrait'>\n\t\t\t\t<a title=\"White\"  title=\"White\"  href='https:\/\/www.auzeau.fr\/39-45\/wp-content\/uploads\/Cimetieres\/01%20--%2030\/08%20-%20Ardennes\/Pouru\/Battle-P5229\/White.jpg'><img loading=\"lazy\" decoding=\"async\" width=\"150\" height=\"150\" src=\"https:\/\/www.auzeau.fr\/39-45\/wp-content\/uploads\/Cimetieres\/01 -- 30\/08 - Ardennes\/Pouru\/Battle-P5229\/White-150x150.jpg\" class=\"attachment-thumbnail size-thumbnail\" alt=\"\" srcset=\"https:\/\/www.auzeau.fr\/39-45\/wp-content\/uploads\/Cimetieres\/01%20--%2030\/08%20-%20Ardennes\/Pouru\/Battle-P5229\/White-150x150.jpg 150w, https:\/\/www.auzeau.fr\/39-45\/wp-content\/uploads\/Cimetieres\/01%20--%2030\/08%20-%20Ardennes\/Pouru\/Battle-P5229\/White-50x50.jpg 50w\" sizes=\"(max-width: 150px) 100vw, 150px\" \/><\/a>\n\t\t\t<\/div><\/figure>\n\t\t<\/div>\n<\/td>\n<\/tr>\n<\/tbody>\n<\/table>\n<table>\n<tbody>\n<tr>\n<td style=\"background-color: #dcdcdc; text-align: center; vertical-align: middle;\">\n<p style=\"text-align: center;\"><ul id=\"menu-08-pouru\" class=\"menu\"><li id=\"menu-item-48618\" class=\"menu-item menu-item-type-post_type menu-item-object-page menu-item-48618\"><a href=\"https:\/\/www.auzeau.fr\/39-45\/france\/08-ardennes\/08-pouru-saint-remy\/\">Fairey Battle L4952 PH-X<\/a><\/li>\n<li id=\"menu-item-48617\" class=\"menu-item menu-item-type-post_type menu-item-object-page menu-item-48617\"><a href=\"https:\/\/www.auzeau.fr\/39-45\/france\/08-ardennes\/08-pouru-saint-remy-2\/\">Fairey Battle P2229 PH-O<\/a><\/li>\n<\/ul>\n<\/td>\n<\/tr>\n<\/tbody>\n<\/table>\n<hr \/>\n<p style=\"text-align: center;\"><ul id=\"menu-08-ardennes\" class=\"menu\"><li id=\"menu-item-48541\" class=\"menu-item menu-item-type-post_type menu-item-object-page menu-item-48541\"><a href=\"https:\/\/www.auzeau.fr\/39-45\/france\/08-ardennes\/08-aiglemont\/\">08 \u2013 Aiglemont<\/a><\/li>\n<li id=\"menu-item-48543\" class=\"menu-item menu-item-type-post_type menu-item-object-page menu-item-48543\"><a href=\"https:\/\/www.auzeau.fr\/39-45\/france\/08-ardennes\/08-belval-1\/\">08 \u2013 Belval<\/a><\/li>\n<li id=\"menu-item-103880\" class=\"menu-item menu-item-type-post_type menu-item-object-page menu-item-103880\"><a href=\"https:\/\/www.auzeau.fr\/39-45\/france\/08-ardennes\/08-boult-aux-bois\/\">08 \u2013 Boult-aux-Bois<\/a><\/li>\n<li id=\"menu-item-48544\" class=\"menu-item menu-item-type-post_type menu-item-object-page menu-item-48544\"><a href=\"https:\/\/www.auzeau.fr\/39-45\/france\/08-ardennes\/08-carignan\/\">08 \u2013 Carignan<\/a><\/li>\n<li id=\"menu-item-48545\" class=\"menu-item menu-item-type-post_type menu-item-object-page menu-item-48545\"><a href=\"https:\/\/www.auzeau.fr\/39-45\/france\/08-ardennes\/08-chehery\/\">08 \u2013 Ch\u00e9h\u00e9ry<\/a><\/li>\n<li id=\"menu-item-103879\" class=\"menu-item menu-item-type-post_type menu-item-object-page menu-item-103879\"><a href=\"https:\/\/www.auzeau.fr\/39-45\/france\/08-ardennes\/08-chuffilly-roche\/\">08 \u2013 Chuffilly-Roche<\/a><\/li>\n<li id=\"menu-item-48547\" class=\"menu-item menu-item-type-post_type menu-item-object-page menu-item-48547\"><a href=\"https:\/\/www.auzeau.fr\/39-45\/france\/08-ardennes\/08-donchery\/\">08 \u2013 Donchery<\/a><\/li>\n<li id=\"menu-item-48548\" class=\"menu-item menu-item-type-post_type menu-item-object-page menu-item-48548\"><a href=\"https:\/\/www.auzeau.fr\/39-45\/france\/08-ardennes\/08-douzy\/\">08 \u2013 Douzy<\/a><\/li>\n<li id=\"menu-item-48549\" class=\"menu-item menu-item-type-post_type menu-item-object-page menu-item-48549\"><a href=\"https:\/\/www.auzeau.fr\/39-45\/france\/08-ardennes\/08-elan\/\">08 \u2013 \u00c9lan<\/a><\/li>\n<li id=\"menu-item-48550\" class=\"menu-item menu-item-type-post_type menu-item-object-page menu-item-48550\"><a href=\"https:\/\/www.auzeau.fr\/39-45\/france\/08-ardennes\/08-fleigneux\/\">08 \u2013 Fleigneux<\/a><\/li>\n<li id=\"menu-item-48551\" class=\"menu-item menu-item-type-post_type menu-item-object-page menu-item-48551\"><a href=\"https:\/\/www.auzeau.fr\/39-45\/france\/08-ardennes\/08-floing-cimetiere-communal\/\">08 \u2013 Floing Cimeti\u00e8re Communal<\/a><\/li>\n<li id=\"menu-item-48552\" class=\"menu-item menu-item-type-post_type menu-item-object-page menu-item-48552\"><a href=\"https:\/\/www.auzeau.fr\/39-45\/france\/08-ardennes\/08-floing-necropole-nationale\/\">08 \u2013 Floing N\u00e9cropole Nationale<\/a><\/li>\n<li id=\"menu-item-48555\" class=\"menu-item menu-item-type-post_type menu-item-object-page menu-item-48555\"><a href=\"https:\/\/www.auzeau.fr\/39-45\/france\/08-ardennes\/08-frenois\/\">08 \u2013 Fr\u00e9nois<\/a><\/li>\n<li id=\"menu-item-48556\" class=\"menu-item menu-item-type-post_type menu-item-object-page menu-item-48556\"><a href=\"https:\/\/www.auzeau.fr\/39-45\/france\/08-ardennes\/08-glaire-et-villette\/\">08 \u2013 Glaire-et-Villette<\/a><\/li>\n<li id=\"menu-item-48557\" class=\"menu-item menu-item-type-post_type menu-item-object-page menu-item-48557\"><a href=\"https:\/\/www.auzeau.fr\/39-45\/france\/08-ardennes\/08-haraucourt\/\">08 \u2013 Haraucourt<\/a><\/li>\n<li id=\"menu-item-48559\" class=\"menu-item menu-item-type-post_type menu-item-object-page menu-item-48559\"><a href=\"https:\/\/www.auzeau.fr\/39-45\/france\/08-ardennes\/08-hargnies\/\">08 \u2013 Hargnies<\/a><\/li>\n<li id=\"menu-item-48560\" class=\"menu-item menu-item-type-post_type menu-item-object-page menu-item-48560\"><a href=\"https:\/\/www.auzeau.fr\/39-45\/france\/08-ardennes\/08-la-cassine\/\">08 \u2013 La Cassine<\/a><\/li>\n<li id=\"menu-item-48561\" class=\"menu-item menu-item-type-post_type menu-item-object-page menu-item-48561\"><a href=\"https:\/\/www.auzeau.fr\/39-45\/france\/08-ardennes\/08-le-thour-1\/\">08 \u2013 Le Thour<\/a><\/li>\n<li id=\"menu-item-48563\" class=\"menu-item menu-item-type-post_type menu-item-object-page menu-item-48563\"><a href=\"https:\/\/www.auzeau.fr\/39-45\/france\/08-ardennes\/08-les-hautes-rivieres\/\">08 \u2013 Les Hautes-Rivi\u00e8res<\/a><\/li>\n<li id=\"menu-item-48564\" class=\"menu-item menu-item-type-post_type menu-item-object-page menu-item-48564\"><a href=\"https:\/\/www.auzeau.fr\/39-45\/france\/08-ardennes\/08-maubert-fontaine\/\">08 \u2013 Maubert-Fontaine<\/a><\/li>\n<li id=\"menu-item-48565\" class=\"menu-item menu-item-type-post_type menu-item-object-page menu-item-48565\"><a href=\"https:\/\/www.auzeau.fr\/39-45\/france\/08-ardennes\/08-mesmont\/\">08 \u2013 Mesmont<\/a><\/li>\n<li id=\"menu-item-48566\" class=\"menu-item menu-item-type-post_type menu-item-object-page menu-item-48566\"><a href=\"https:\/\/www.auzeau.fr\/39-45\/france\/08-ardennes\/08-nouvion-sur-meuse\/\">08 \u2013 Nouvion-sur-Meuse<\/a><\/li>\n<li id=\"menu-item-48567\" class=\"menu-item menu-item-type-post_type menu-item-object-page menu-item-48567\"><a href=\"https:\/\/www.auzeau.fr\/39-45\/france\/08-ardennes\/08-novion-porcien\/\">08 \u2013 Novion-Porcien<\/a><\/li>\n<li id=\"menu-item-48569\" class=\"menu-item menu-item-type-post_type menu-item-object-page menu-item-48569\"><a href=\"https:\/\/www.auzeau.fr\/39-45\/france\/08-ardennes\/08-noyers-pont-maugis-necropole-nationale\/\">08 \u2013 Noyers-Pont-Maugis N\u00e9cropole Nationale<\/a><\/li>\n<li id=\"menu-item-48571\" class=\"menu-item menu-item-type-post_type menu-item-object-page menu-item-48571\"><a href=\"https:\/\/www.auzeau.fr\/39-45\/france\/08-ardennes\/08-pouru-saint-remy\/\">08 \u2013 Pouru-Saint-R\u00e9my<\/a><\/li>\n<li id=\"menu-item-48572\" class=\"menu-item menu-item-type-post_type menu-item-object-page menu-item-48572\"><a href=\"https:\/\/www.auzeau.fr\/39-45\/france\/08-ardennes\/08-remilly-aillicourt\/\">08 \u2013 Remilly-Aillicourt<\/a><\/li>\n<li id=\"menu-item-48573\" class=\"menu-item menu-item-type-post_type menu-item-object-page menu-item-48573\"><a href=\"https:\/\/www.auzeau.fr\/39-45\/france\/08-ardennes\/08-rethel\/\">08 \u2013 Rethel N\u00e9cropole Nationale<\/a><\/li>\n<li id=\"menu-item-48574\" class=\"menu-item menu-item-type-post_type menu-item-object-page menu-item-48574\"><a href=\"https:\/\/www.auzeau.fr\/39-45\/france\/08-ardennes\/08-saint-menges\/\">08 \u2013 Saint Menges<\/a><\/li>\n<li id=\"menu-item-48576\" class=\"menu-item menu-item-type-post_type menu-item-object-page menu-item-48576\"><a href=\"https:\/\/www.auzeau.fr\/39-45\/france\/08-ardennes\/08-sauville\/\">08 \u2013 Sauville<\/a><\/li>\n<li id=\"menu-item-48577\" class=\"menu-item menu-item-type-post_type menu-item-object-page menu-item-48577\"><a href=\"https:\/\/www.auzeau.fr\/39-45\/france\/08-ardennes\/08-secheval\/\">08 \u2013 S\u00e9cheval<\/a><\/li>\n<li id=\"menu-item-48578\" class=\"menu-item menu-item-type-post_type menu-item-object-page menu-item-48578\"><a href=\"https:\/\/www.auzeau.fr\/39-45\/france\/08-ardennes\/08-sedan-necropole-nationale\/\">08 \u2013 Sedan N\u00e9cropole Nationale<\/a><\/li>\n<li id=\"menu-item-48579\" class=\"menu-item menu-item-type-post_type menu-item-object-page menu-item-48579\"><a href=\"https:\/\/www.auzeau.fr\/39-45\/france\/08-ardennes\/08-seraincourt\/\">08 \u2013 Seraincourt<\/a><\/li>\n<li id=\"menu-item-48580\" class=\"menu-item menu-item-type-post_type menu-item-object-page menu-item-48580\"><a href=\"https:\/\/www.auzeau.fr\/39-45\/france\/08-ardennes\/08-sevigny-waleppe\/\">08 \u2013 S\u00e9vigny-Waleppe<\/a><\/li>\n<li id=\"menu-item-48581\" class=\"menu-item menu-item-type-post_type menu-item-object-page menu-item-48581\"><a href=\"https:\/\/www.auzeau.fr\/39-45\/france\/08-ardennes\/08-sorbon\/\">08 \u2013 Sorbon<\/a><\/li>\n<li id=\"menu-item-48582\" class=\"menu-item menu-item-type-post_type menu-item-object-page menu-item-48582\"><a href=\"https:\/\/www.auzeau.fr\/39-45\/france\/08-ardennes\/08-taillette\/\">08 \u2013 Taillette<\/a><\/li>\n<li id=\"menu-item-48583\" class=\"menu-item menu-item-type-post_type menu-item-object-page menu-item-48583\"><a href=\"https:\/\/www.auzeau.fr\/39-45\/france\/08-ardennes\/08-thelonne\/\">08 \u2013 Thelonne<\/a><\/li>\n<li id=\"menu-item-48584\" class=\"menu-item menu-item-type-post_type menu-item-object-page menu-item-48584\"><a href=\"https:\/\/www.auzeau.fr\/39-45\/france\/08-ardennes\/08-villers-cernay\/\">08 \u2013 Villers-Cernay<\/a><\/li>\n<\/ul>\n<script type=\"text\/javascript\"> toolTips('.classtoolTips96','Sergent<br\/><br\/>Sergeant'); <\/script><script type=\"text\/javascript\"> toolTips('.classtoolTips98','Colonel'); <\/script><script type=\"text\/javascript\"> toolTips('.classtoolTips110','Tu\u00e9 au combat<br\/><br\/>Killed In Action'); <\/script><script type=\"text\/javascript\"> toolTips('.classtoolTips113','Prisonnier de Guerre<br\/><br\/>Prisoner Of War'); <\/script><script type=\"text\/javascript\"> toolTips('.classtoolTips114','Forces Fran\u00e7aises de l\\'Int\u00e9rieur'); <\/script><script type=\"text\/javascript\"> toolTips('.classtoolTips115','Op\u00e9rateur Radio<br\/><br\/>Wireless Op\u00e9rator'); <\/script><script type=\"text\/javascript\"> toolTips('.classtoolTips117','Observateur<br\/><br\/>Oberver'); <\/script><script type=\"text\/javascript\"> toolTips('.classtoolTips134','\u00c9vad\u00e9<br\/><br\/>Evaded'); <\/script><script type=\"text\/javascript\"> toolTips('.classtoolTips144','Royal Corps of Signals'); <\/script><script type=\"text\/javascript\"> toolTips('.classtoolTips146','Royal Air Force'); <\/script><script type=\"text\/javascript\"> toolTips('.classtoolTips151','Pilote<br\/><br\/>Pilot'); <\/script><script type=\"text\/javascript\"> toolTips('.classtoolTips153','Porucznik'); <\/script><script type=\"text\/javascript\"> toolTips('.classtoolTips154','Groupe de Liaisons A\u00e9riennes'); <\/script><script type=\"text\/javascript\"> toolTips('.classtoolTips158','Midshipman'); <\/script><script type=\"text\/javascript\"> toolTips('.classtoolTips182','Warrant Officer'); <\/script><script type=\"text\/javascript\"> toolTips('.classtoolTips185','Mitrailleur<br\/><br\/>Air Gunner'); <\/script><script type=\"text\/javascript\"> toolTips('.classtoolTips188','Bombardier<br\/><br\/>Air bomber'); <\/script><script type=\"text\/javascript\"> toolTips('.classtoolTips189','M\u00e9canicien volant<br\/><br\/>Flying Enginer'); <\/script><script type=\"text\/javascript\"> toolTips('.classtoolTips193','Royal Navy'); <\/script><script type=\"text\/javascript\"> toolTips('.classtoolTips194','Lieutenant de Vaisseau'); <\/script><script type=\"text\/javascript\"> toolTips('.classtoolTips195','Enseigne de Vaisseau'); <\/script><script type=\"text\/javascript\"> toolTips('.classtoolTips196','second Ma\u00eetre'); <\/script><script type=\"text\/javascript\"> toolTips('.classtoolTips197','Aircraftman'); <\/script><script type=\"text\/javascript\"> toolTips('.classtoolTips199','Radio Officer'); <\/script><script type=\"text\/javascript\"> toolTips('.classtoolTips201','Lieutenant'); <\/script>","protected":false},"excerpt":{"rendered":"<p>Battle P2229 PH-O 12 Sqn Date : 14 mai 1940 Mission : Sedan (08) D\u00e9collage : Amifontaine \u00e0 15:27 Causes de la perte : Lieu de la perte : Pouru-Saint-R\u00e9my (08) Sgt Arthur Geoffrey JOHNSON Pil RAF 563884 KIA AC F.T. SPENCER WOP AG RAF 618586 POW Sgt Edward Frederick WHITE Obs RAF 581009 KIA<\/p>\n","protected":false},"author":1,"featured_media":0,"parent":53,"menu_order":0,"comment_status":"closed","ping_status":"closed","template":"template-full-width Battle.php","meta":{"_lmt_disableupdate":"yes","_lmt_disable":"","footnotes":""},"categories":[458],"tags":[508],"wf_page_folders":[3108],"class_list":["post-48415","page","type-page","status-publish","hentry","category-battle","tag-12-squadron"],"_links":{"self":[{"href":"https:\/\/www.auzeau.fr\/39-45\/wp-json\/wp\/v2\/pages\/48415","targetHints":{"allow":["GET"]}}],"collection":[{"href":"https:\/\/www.auzeau.fr\/39-45\/wp-json\/wp\/v2\/pages"}],"about":[{"href":"https:\/\/www.auzeau.fr\/39-45\/wp-json\/wp\/v2\/types\/page"}],"author":[{"embeddable":true,"href":"https:\/\/www.auzeau.fr\/39-45\/wp-json\/wp\/v2\/users\/1"}],"replies":[{"embeddable":true,"href":"https:\/\/www.auzeau.fr\/39-45\/wp-json\/wp\/v2\/comments?post=48415"}],"version-history":[{"count":0,"href":"https:\/\/www.auzeau.fr\/39-45\/wp-json\/wp\/v2\/pages\/48415\/revisions"}],"up":[{"embeddable":true,"href":"https:\/\/www.auzeau.fr\/39-45\/wp-json\/wp\/v2\/pages\/53"}],"wp:attachment":[{"href":"https:\/\/www.auzeau.fr\/39-45\/wp-json\/wp\/v2\/media?parent=48415"}],"wp:term":[{"taxonomy":"category","embeddable":true,"href":"https:\/\/www.auzeau.fr\/39-45\/wp-json\/wp\/v2\/categories?post=48415"},{"taxonomy":"post_tag","embeddable":true,"href":"https:\/\/www.auzeau.fr\/39-45\/wp-json\/wp\/v2\/tags?post=48415"},{"taxonomy":"wf_page_folders","embeddable":true,"href":"https:\/\/www.auzeau.fr\/39-45\/wp-json\/wp\/v2\/wf_page_folders?post=48415"}],"curies":[{"name":"wp","href":"https:\/\/api.w.org\/{rel}","templated":true}]}}