{"id":48237,"date":"2018-04-22T21:44:41","date_gmt":"2018-04-22T19:44:41","guid":{"rendered":"http:\/\/www.auzeau.fr\/3945\/?page_id=48237"},"modified":"2018-04-22T21:44:41","modified_gmt":"2018-04-22T21:44:41","slug":"08-floing-necropole-nationale-2","status":"publish","type":"page","link":"https:\/\/www.auzeau.fr\/39-45\/france\/08-ardennes\/08-floing-necropole-nationale-2\/","title":{"rendered":"08 &#8211; Floing N\u00e9cropole Nationale"},"content":{"rendered":"<p><img fetchpriority=\"high\" decoding=\"async\" class=\"aligncenter size-full wp-image-48219\" title=\"Floing\" src=\"https:\/\/www.auzeau.fr\/39-45\/wp-content\/uploads\/Cimetieres\/01 -- 30\/08 - Ardennes\/Floing-Necropole\/Floing.jpg\" alt=\"\" width=\"900\" height=\"450\" \/><\/p>\n<table style=\"width: 100%;\">\n<tbody>\n<tr>\n<td style=\"width: 5%;\"><\/td>\n<td style=\"width: 5%;\"><\/td>\n<td style=\"width: 5%;\"><\/td>\n<td style=\"width: 5%;\"><\/td>\n<td style=\"width: 5%;\"><\/td>\n<td style=\"width: 5%;\"><\/td>\n<td style=\"width: 5%;\"><\/td>\n<td style=\"width: 5%;\"><\/td>\n<td style=\"width: 5%;\"><\/td>\n<td style=\"width: 5%;\"><\/td>\n<td style=\"width: 5%;\"><\/td>\n<td style=\"width: 5%;\"><\/td>\n<td style=\"width: 5%;\"><\/td>\n<td style=\"width: 5%;\"><\/td>\n<td style=\"width: 5%;\"><\/td>\n<td style=\"width: 5%;\"><\/td>\n<td style=\"width: 5%;\"><\/td>\n<td style=\"width: 5%;\"><\/td>\n<td style=\"width: 5%;\"><\/td>\n<td style=\"width: 5%;\"><\/td>\n<\/tr>\n<tr>\n<td colspan=\"15\"><strong><span style=\"font-size: xx-large;\"><span style=\"color: #000000;\">Potez 63.11 N\u00b0 579<\/span><br \/>\n<\/span><\/strong><\/td>\n<td style=\"text-align: center;\" colspan=\"5\"><strong><span style=\"font-size: xx-large;\"><span class='tooltipsall tooltipsincontent classtoolTips122'>GAO<\/span> 547<br \/>\n<\/span><\/strong><\/td>\n<\/tr>\n<tr style=\"height: 40px;\">\n<td style=\"text-align: right;\" colspan=\"2\"><span style=\"font-size: 14px;\"> <strong>Date : <\/strong><\/span><\/td>\n<td colspan=\"5\"><span style=\"font-size: 14px;\"><em>\u00a014 mai 1940<\/em><\/span><\/td>\n<td style=\"text-align: right;\" colspan=\"3\"><span style=\"font-size: 14px;\"> <strong>Mission : <\/strong><\/span><\/td>\n<td colspan=\"10\"><span style=\"font-size: 14px;\"><em>\u00a0Reconnaissance dans la vall\u00e9e de la Bar (08)<\/em><\/span><\/td>\n<\/tr>\n<tr style=\"height: 40px;\">\n<td><\/td>\n<td><\/td>\n<td style=\"text-align: right;\" colspan=\"5\"><span style=\"font-size: 14px;\"> <strong>D\u00e9collage : <\/strong><\/span><\/td>\n<td colspan=\"10\"><em>\u00a0Vivaise (02)<\/em><\/td>\n<td><\/td>\n<td><\/td>\n<td><\/td>\n<\/tr>\n<tr style=\"height: 40px;\">\n<td><\/td>\n<td><\/td>\n<td style=\"text-align: right;\" colspan=\"5\"><span style=\"font-size: 14px;\"> <strong>Causes de la perte : <\/strong><\/span><\/td>\n<td colspan=\"10\"><span style=\"font-size: 14px;\"><em>\u00a0Abattu par 4 <span class='tooltipsall tooltipsincontent classtoolTips22'>Bf 110<\/span> <\/em><\/span><\/td>\n<td><\/td>\n<td><\/td>\n<td><\/td>\n<\/tr>\n<tr style=\"height: 40px;\">\n<td><\/td>\n<td><\/td>\n<td style=\"text-align: right;\" colspan=\"5\"><span style=\"font-size: 14px;\"> <strong>Lieu de la perte : <\/strong><\/span><\/td>\n<td colspan=\"10\"><span style=\"font-size: 14px;\"><em>\u00a0For\u00eat de Froidmont \u00e0 Gruy\u00e8re (08) <\/em><\/span><\/td>\n<td><\/td>\n<td><\/td>\n<td><\/td>\n<\/tr>\n<tr style=\"height: 60px;\">\n<td><span style=\"font-size: 14px;\"><img decoding=\"async\" class=\"aligncenter size-full wp-image-47214\" title=\"France\" src=\"https:\/\/www.auzeau.fr\/39-45\/wp-content\/uploads\/images\/Drapeaux\/France.png\" alt=\"\" width=\"40\" height=\"20\" \/><\/span><\/td>\n<td><span style=\"font-size: 14px;\"><span class='tooltipsall tooltipsincontent classtoolTips181'>SLT<\/span><\/span><\/td>\n<td colspan=\"5\"><span style=\"font-size: 14px;\">Claude Marie Pierre<\/span><\/td>\n<td colspan=\"4\"><span style=\"font-size: 14px; color: #000000;\"><strong>LEVASSEUR<\/strong><\/span><\/td>\n<td><span style=\"font-size: 14px;\"><span class='tooltipsall tooltipsincontent classtoolTips136'>AAF<\/span><\/span><\/td>\n<td colspan=\"2\"><\/td>\n<td><span style=\"font-size: 14px; color: #000000;\"><strong><span class='tooltipsall tooltipsincontent classtoolTips110'>KIA<\/span><\/strong><\/span><\/td>\n<td colspan=\"5\"><img decoding=\"async\" class=\"size-full wp-image-47239 alignleft\" title=\"Chevalier L\u00e9gion d'Honneur\" src=\"https:\/\/www.auzeau.fr\/39-45\/wp-content\/uploads\/images\/Medaille\/de7ad77f9fc044a1c8d501e35183a115.png\" alt=\"Chevalier de la L\u00e9gion d'Honneur\" width=\"72\" height=\"20\" \/><span style=\"color: #000000;\"><img loading=\"lazy\" decoding=\"async\" class=\"size-full wp-image-47270 alignleft\" title=\"Croix de Guerre 39-45\" src=\"https:\/\/www.auzeau.fr\/39-45\/wp-content\/uploads\/images\/Medaille\/Croix-de-Guerre-39-45.png\" alt=\"Croix de Guerre 39-45\" width=\"72\" height=\"20\" \/><strong><span class='tooltipsall tooltipsincontent classtoolTips126'>MPF<\/span><\/strong><\/span><a href=\"https:\/\/www.auzeau.fr\/39-45\/france\/36-indre\/36-vatan\/\"><span style=\"font-size: 8pt;\"> Inhum\u00e9 \u00e0 Vatan (36)<\/span><\/a><\/td>\n<\/tr>\n<tr style=\"height: 60px;\">\n<td><span style=\"font-size: 14px;\"><img decoding=\"async\" class=\"aligncenter size-full wp-image-47214\" title=\"France\" src=\"https:\/\/www.auzeau.fr\/39-45\/wp-content\/uploads\/images\/Drapeaux\/France.png\" alt=\"\" width=\"40\" height=\"20\" \/><\/span><\/td>\n<td><span style=\"font-size: 14px;\"><span class='tooltipsall tooltipsincontent classtoolTips170'>Cne<\/span><\/span><\/td>\n<td colspan=\"5\"><span style=\"font-size: 14px;\">Marcelin Henri Marie<\/span><\/td>\n<td colspan=\"4\"><span style=\"font-size: 14px; color: #000000;\"><strong>MARRAST<\/strong><\/span><\/td>\n<td><span style=\"font-size: 14px;\"><span class='tooltipsall tooltipsincontent classtoolTips136'>AAF<\/span><\/span><\/td>\n<td colspan=\"2\"><\/td>\n<td><span style=\"font-size: 14px;\"><span class='tooltipsall tooltipsincontent classtoolTips112'>WIA<\/span><\/span><\/td>\n<td colspan=\"5\"><img loading=\"lazy\" decoding=\"async\" class=\"size-full wp-image-47270 alignleft\" title=\"Croix de Guerre 39-45\" src=\"https:\/\/www.auzeau.fr\/39-45\/wp-content\/uploads\/images\/Medaille\/Croix-de-Guerre-39-45.png\" alt=\"Croix de Guerre 39-45\" width=\"72\" height=\"20\" \/><span style=\"color: #000000;\"><strong><span class='tooltipsall tooltipsincontent classtoolTips148'>DOW<\/span><\/strong><\/span><span style=\"font-size: 8pt;\"> le 15\/04 \u00e0 Laon (02) <\/span>.<span style=\"color: #000000;\"><strong><span class='tooltipsall tooltipsincontent classtoolTips126'>MPF<\/span><\/strong><\/span> <a href=\"https:\/\/www.auzeau.fr\/39-45\/france\/02-aisne\/02-soupir-necropole-nationale\/\"><span style=\"font-size: 8pt;\">Inhum\u00e9 \u00e0 Soupir (02) <\/span><\/a><\/td>\n<\/tr>\n<tr style=\"height: 60px;\">\n<td><span style=\"font-size: 14px;\"><img decoding=\"async\" class=\"aligncenter size-full wp-image-47214\" title=\"France\" src=\"https:\/\/www.auzeau.fr\/39-45\/wp-content\/uploads\/images\/Drapeaux\/France.png\" alt=\"\" width=\"40\" height=\"20\" \/><\/span><\/td>\n<td><span style=\"font-size: 14px;\"><span class='tooltipsall tooltipsincontent classtoolTips96'>Sgt<\/span><\/span><\/td>\n<td colspan=\"5\"><span style=\"font-size: 14px;\">Andr\u00e9 Paul Luc<\/span><\/td>\n<td colspan=\"4\"><span style=\"font-size: 14px; color: #000000;\"><strong>MOUGNE<\/strong><\/span><\/td>\n<td><span style=\"font-size: 14px;\"><span class='tooltipsall tooltipsincontent classtoolTips136'>AAF<\/span><\/span><\/td>\n<td colspan=\"2\"><\/td>\n<td><span style=\"font-size: 14px; color: #000000;\"><strong><span class='tooltipsall tooltipsincontent classtoolTips110'>KIA<\/span><\/strong><\/span><\/td>\n<td colspan=\"5\"><span style=\"color: #000000;\"><strong><span class='tooltipsall tooltipsincontent classtoolTips126'>MPF<\/span><\/strong><\/span><img loading=\"lazy\" decoding=\"async\" class=\"size-full wp-image-47270 alignleft\" title=\"Croix de Guerre 39-45\" src=\"https:\/\/www.auzeau.fr\/39-45\/wp-content\/uploads\/images\/Medaille\/Croix-de-Guerre-39-45.png\" alt=\"Croix de Guerre 39-45\" width=\"72\" height=\"20\" \/><\/td>\n<\/tr>\n<tr>\n<td colspan=\"20\" height=\"20\"><\/td>\n<\/tr>\n<tr>\n<td colspan=\"20\"><div id='gallery-1' class='gallery galleryid-48237 gallery-columns-2 gallery-size-thumbnail'><figure class='gallery-item'>\n\t\t\t<div class='gallery-icon portrait'>\n\t\t\t\t<a title=\"Mougne\"  title=\"Mougne\"  href='https:\/\/www.auzeau.fr\/39-45\/wp-content\/uploads\/Cimetieres\/01%20--%2030\/08%20-%20Ardennes\/Floing-Necropole\/Potez-579\/Mougne_1.jpg'><img loading=\"lazy\" decoding=\"async\" width=\"150\" height=\"150\" src=\"https:\/\/www.auzeau.fr\/39-45\/wp-content\/uploads\/Cimetieres\/01 -- 30\/08 - Ardennes\/Floing-Necropole\/Potez-579\/Mougne_1-150x150.jpg\" class=\"attachment-thumbnail size-thumbnail\" alt=\"\" srcset=\"https:\/\/www.auzeau.fr\/39-45\/wp-content\/uploads\/Cimetieres\/01%20--%2030\/08%20-%20Ardennes\/Floing-Necropole\/Potez-579\/Mougne_1-150x150.jpg 150w, https:\/\/www.auzeau.fr\/39-45\/wp-content\/uploads\/Cimetieres\/01%20--%2030\/08%20-%20Ardennes\/Floing-Necropole\/Potez-579\/Mougne_1-50x50.jpg 50w\" sizes=\"(max-width: 150px) 100vw, 150px\" \/><\/a>\n\t\t\t<\/div><\/figure><figure class='gallery-item'>\n\t\t\t<div class='gallery-icon landscape'>\n\t\t\t\t<a title=\"Mougne\"  title=\"Mougne\"  href='https:\/\/www.auzeau.fr\/39-45\/wp-content\/uploads\/Cimetieres\/01%20--%2030\/08%20-%20Ardennes\/Floing-Necropole\/Potez-579\/Mougne_2.jpg'><img loading=\"lazy\" decoding=\"async\" width=\"150\" height=\"150\" src=\"https:\/\/www.auzeau.fr\/39-45\/wp-content\/uploads\/Cimetieres\/01 -- 30\/08 - Ardennes\/Floing-Necropole\/Potez-579\/Mougne_2-150x150.jpg\" class=\"attachment-thumbnail size-thumbnail\" alt=\"\" srcset=\"https:\/\/www.auzeau.fr\/39-45\/wp-content\/uploads\/Cimetieres\/01%20--%2030\/08%20-%20Ardennes\/Floing-Necropole\/Potez-579\/Mougne_2-150x150.jpg 150w, https:\/\/www.auzeau.fr\/39-45\/wp-content\/uploads\/Cimetieres\/01%20--%2030\/08%20-%20Ardennes\/Floing-Necropole\/Potez-579\/Mougne_2-50x50.jpg 50w\" sizes=\"(max-width: 150px) 100vw, 150px\" \/><\/a>\n\t\t\t<\/div><\/figure>\n\t\t<\/div>\n<\/td>\n<\/tr>\n<\/tbody>\n<\/table>\n<p><span style=\"font-size: 8pt;\"><span style=\"color: #000000;\"><strong>01 mai 2021 :<\/strong><\/span> Ajout des Croix de guerre de l&#8217;\u00e9quipage<\/span><\/p>\n<table>\n<tbody>\n<tr>\n<td style=\"background-color: #dcdcdc; text-align: center; vertical-align: middle;\">\n<p style=\"text-align: center;\"><ul id=\"menu-08-floing\" class=\"menu\"><li id=\"menu-item-48595\" class=\"menu-item menu-item-type-post_type menu-item-object-page menu-item-48595\"><a href=\"https:\/\/www.auzeau.fr\/39-45\/france\/08-ardennes\/08-floing-necropole-nationale\/\">Amiot 143 n\u00b056<\/a><\/li>\n<li id=\"menu-item-48596\" class=\"menu-item menu-item-type-post_type menu-item-object-page menu-item-48596\"><a href=\"https:\/\/www.auzeau.fr\/39-45\/france\/08-ardennes\/08-floing-necropole-nationale-2\/\">Potez 63.11 N\u00b0 579<\/a><\/li>\n<li id=\"menu-item-48597\" class=\"menu-item menu-item-type-post_type menu-item-object-page menu-item-48597\"><a href=\"https:\/\/www.auzeau.fr\/39-45\/france\/08-ardennes\/08-floing-necropole-nationale-3\/\">Potez 63.11 n\u00b0 673<\/a><\/li>\n<\/ul>\n<\/td>\n<\/tr>\n<\/tbody>\n<\/table>\n<hr \/>\n<p style=\"text-align: center;\"><ul id=\"menu-08-ardennes\" class=\"menu\"><li id=\"menu-item-48541\" class=\"menu-item menu-item-type-post_type menu-item-object-page menu-item-48541\"><a href=\"https:\/\/www.auzeau.fr\/39-45\/france\/08-ardennes\/08-aiglemont\/\">08 \u2013 Aiglemont<\/a><\/li>\n<li id=\"menu-item-48543\" class=\"menu-item menu-item-type-post_type menu-item-object-page menu-item-48543\"><a href=\"https:\/\/www.auzeau.fr\/39-45\/france\/08-ardennes\/08-belval-1\/\">08 \u2013 Belval<\/a><\/li>\n<li id=\"menu-item-103880\" class=\"menu-item menu-item-type-post_type menu-item-object-page menu-item-103880\"><a href=\"https:\/\/www.auzeau.fr\/39-45\/france\/08-ardennes\/08-boult-aux-bois\/\">08 \u2013 Boult-aux-Bois<\/a><\/li>\n<li id=\"menu-item-48544\" class=\"menu-item menu-item-type-post_type menu-item-object-page menu-item-48544\"><a href=\"https:\/\/www.auzeau.fr\/39-45\/france\/08-ardennes\/08-carignan\/\">08 \u2013 Carignan<\/a><\/li>\n<li id=\"menu-item-48545\" class=\"menu-item menu-item-type-post_type menu-item-object-page menu-item-48545\"><a href=\"https:\/\/www.auzeau.fr\/39-45\/france\/08-ardennes\/08-chehery\/\">08 \u2013 Ch\u00e9h\u00e9ry<\/a><\/li>\n<li id=\"menu-item-103879\" class=\"menu-item menu-item-type-post_type menu-item-object-page menu-item-103879\"><a href=\"https:\/\/www.auzeau.fr\/39-45\/france\/08-ardennes\/08-chuffilly-roche\/\">08 \u2013 Chuffilly-Roche<\/a><\/li>\n<li id=\"menu-item-48547\" class=\"menu-item menu-item-type-post_type menu-item-object-page menu-item-48547\"><a href=\"https:\/\/www.auzeau.fr\/39-45\/france\/08-ardennes\/08-donchery\/\">08 \u2013 Donchery<\/a><\/li>\n<li id=\"menu-item-48548\" class=\"menu-item menu-item-type-post_type menu-item-object-page menu-item-48548\"><a href=\"https:\/\/www.auzeau.fr\/39-45\/france\/08-ardennes\/08-douzy\/\">08 \u2013 Douzy<\/a><\/li>\n<li id=\"menu-item-48549\" class=\"menu-item menu-item-type-post_type menu-item-object-page menu-item-48549\"><a href=\"https:\/\/www.auzeau.fr\/39-45\/france\/08-ardennes\/08-elan\/\">08 \u2013 \u00c9lan<\/a><\/li>\n<li id=\"menu-item-48550\" class=\"menu-item menu-item-type-post_type menu-item-object-page menu-item-48550\"><a href=\"https:\/\/www.auzeau.fr\/39-45\/france\/08-ardennes\/08-fleigneux\/\">08 \u2013 Fleigneux<\/a><\/li>\n<li id=\"menu-item-48551\" class=\"menu-item menu-item-type-post_type menu-item-object-page menu-item-48551\"><a href=\"https:\/\/www.auzeau.fr\/39-45\/france\/08-ardennes\/08-floing-cimetiere-communal\/\">08 \u2013 Floing Cimeti\u00e8re Communal<\/a><\/li>\n<li id=\"menu-item-48552\" class=\"menu-item menu-item-type-post_type menu-item-object-page menu-item-48552\"><a href=\"https:\/\/www.auzeau.fr\/39-45\/france\/08-ardennes\/08-floing-necropole-nationale\/\">08 \u2013 Floing N\u00e9cropole Nationale<\/a><\/li>\n<li id=\"menu-item-48555\" class=\"menu-item menu-item-type-post_type menu-item-object-page menu-item-48555\"><a href=\"https:\/\/www.auzeau.fr\/39-45\/france\/08-ardennes\/08-frenois\/\">08 \u2013 Fr\u00e9nois<\/a><\/li>\n<li id=\"menu-item-48556\" class=\"menu-item menu-item-type-post_type menu-item-object-page menu-item-48556\"><a href=\"https:\/\/www.auzeau.fr\/39-45\/france\/08-ardennes\/08-glaire-et-villette\/\">08 \u2013 Glaire-et-Villette<\/a><\/li>\n<li id=\"menu-item-48557\" class=\"menu-item menu-item-type-post_type menu-item-object-page menu-item-48557\"><a href=\"https:\/\/www.auzeau.fr\/39-45\/france\/08-ardennes\/08-haraucourt\/\">08 \u2013 Haraucourt<\/a><\/li>\n<li id=\"menu-item-48559\" class=\"menu-item menu-item-type-post_type menu-item-object-page menu-item-48559\"><a href=\"https:\/\/www.auzeau.fr\/39-45\/france\/08-ardennes\/08-hargnies\/\">08 \u2013 Hargnies<\/a><\/li>\n<li id=\"menu-item-48560\" class=\"menu-item menu-item-type-post_type menu-item-object-page menu-item-48560\"><a href=\"https:\/\/www.auzeau.fr\/39-45\/france\/08-ardennes\/08-la-cassine\/\">08 \u2013 La Cassine<\/a><\/li>\n<li id=\"menu-item-48561\" class=\"menu-item menu-item-type-post_type menu-item-object-page menu-item-48561\"><a href=\"https:\/\/www.auzeau.fr\/39-45\/france\/08-ardennes\/08-le-thour-1\/\">08 \u2013 Le Thour<\/a><\/li>\n<li id=\"menu-item-48563\" class=\"menu-item menu-item-type-post_type menu-item-object-page menu-item-48563\"><a href=\"https:\/\/www.auzeau.fr\/39-45\/france\/08-ardennes\/08-les-hautes-rivieres\/\">08 \u2013 Les Hautes-Rivi\u00e8res<\/a><\/li>\n<li id=\"menu-item-48564\" class=\"menu-item menu-item-type-post_type menu-item-object-page menu-item-48564\"><a href=\"https:\/\/www.auzeau.fr\/39-45\/france\/08-ardennes\/08-maubert-fontaine\/\">08 \u2013 Maubert-Fontaine<\/a><\/li>\n<li id=\"menu-item-48565\" class=\"menu-item menu-item-type-post_type menu-item-object-page menu-item-48565\"><a href=\"https:\/\/www.auzeau.fr\/39-45\/france\/08-ardennes\/08-mesmont\/\">08 \u2013 Mesmont<\/a><\/li>\n<li id=\"menu-item-48566\" class=\"menu-item menu-item-type-post_type menu-item-object-page menu-item-48566\"><a href=\"https:\/\/www.auzeau.fr\/39-45\/france\/08-ardennes\/08-nouvion-sur-meuse\/\">08 \u2013 Nouvion-sur-Meuse<\/a><\/li>\n<li id=\"menu-item-48567\" class=\"menu-item menu-item-type-post_type menu-item-object-page menu-item-48567\"><a href=\"https:\/\/www.auzeau.fr\/39-45\/france\/08-ardennes\/08-novion-porcien\/\">08 \u2013 Novion-Porcien<\/a><\/li>\n<li id=\"menu-item-48569\" class=\"menu-item menu-item-type-post_type menu-item-object-page menu-item-48569\"><a href=\"https:\/\/www.auzeau.fr\/39-45\/france\/08-ardennes\/08-noyers-pont-maugis-necropole-nationale\/\">08 \u2013 Noyers-Pont-Maugis N\u00e9cropole Nationale<\/a><\/li>\n<li id=\"menu-item-48571\" class=\"menu-item menu-item-type-post_type menu-item-object-page menu-item-48571\"><a href=\"https:\/\/www.auzeau.fr\/39-45\/france\/08-ardennes\/08-pouru-saint-remy\/\">08 \u2013 Pouru-Saint-R\u00e9my<\/a><\/li>\n<li id=\"menu-item-48572\" class=\"menu-item menu-item-type-post_type menu-item-object-page menu-item-48572\"><a href=\"https:\/\/www.auzeau.fr\/39-45\/france\/08-ardennes\/08-remilly-aillicourt\/\">08 \u2013 Remilly-Aillicourt<\/a><\/li>\n<li id=\"menu-item-48573\" class=\"menu-item menu-item-type-post_type menu-item-object-page menu-item-48573\"><a href=\"https:\/\/www.auzeau.fr\/39-45\/france\/08-ardennes\/08-rethel\/\">08 \u2013 Rethel N\u00e9cropole Nationale<\/a><\/li>\n<li id=\"menu-item-48574\" class=\"menu-item menu-item-type-post_type menu-item-object-page menu-item-48574\"><a href=\"https:\/\/www.auzeau.fr\/39-45\/france\/08-ardennes\/08-saint-menges\/\">08 \u2013 Saint Menges<\/a><\/li>\n<li id=\"menu-item-48576\" class=\"menu-item menu-item-type-post_type menu-item-object-page menu-item-48576\"><a href=\"https:\/\/www.auzeau.fr\/39-45\/france\/08-ardennes\/08-sauville\/\">08 \u2013 Sauville<\/a><\/li>\n<li id=\"menu-item-48577\" class=\"menu-item menu-item-type-post_type menu-item-object-page menu-item-48577\"><a href=\"https:\/\/www.auzeau.fr\/39-45\/france\/08-ardennes\/08-secheval\/\">08 \u2013 S\u00e9cheval<\/a><\/li>\n<li id=\"menu-item-48578\" class=\"menu-item menu-item-type-post_type menu-item-object-page menu-item-48578\"><a href=\"https:\/\/www.auzeau.fr\/39-45\/france\/08-ardennes\/08-sedan-necropole-nationale\/\">08 \u2013 Sedan N\u00e9cropole Nationale<\/a><\/li>\n<li id=\"menu-item-48579\" class=\"menu-item menu-item-type-post_type menu-item-object-page menu-item-48579\"><a href=\"https:\/\/www.auzeau.fr\/39-45\/france\/08-ardennes\/08-seraincourt\/\">08 \u2013 Seraincourt<\/a><\/li>\n<li id=\"menu-item-48580\" class=\"menu-item menu-item-type-post_type menu-item-object-page menu-item-48580\"><a href=\"https:\/\/www.auzeau.fr\/39-45\/france\/08-ardennes\/08-sevigny-waleppe\/\">08 \u2013 S\u00e9vigny-Waleppe<\/a><\/li>\n<li id=\"menu-item-48581\" class=\"menu-item menu-item-type-post_type menu-item-object-page menu-item-48581\"><a href=\"https:\/\/www.auzeau.fr\/39-45\/france\/08-ardennes\/08-sorbon\/\">08 \u2013 Sorbon<\/a><\/li>\n<li id=\"menu-item-48582\" class=\"menu-item menu-item-type-post_type menu-item-object-page menu-item-48582\"><a href=\"https:\/\/www.auzeau.fr\/39-45\/france\/08-ardennes\/08-taillette\/\">08 \u2013 Taillette<\/a><\/li>\n<li id=\"menu-item-48583\" class=\"menu-item menu-item-type-post_type menu-item-object-page menu-item-48583\"><a href=\"https:\/\/www.auzeau.fr\/39-45\/france\/08-ardennes\/08-thelonne\/\">08 \u2013 Thelonne<\/a><\/li>\n<li id=\"menu-item-48584\" class=\"menu-item menu-item-type-post_type menu-item-object-page menu-item-48584\"><a href=\"https:\/\/www.auzeau.fr\/39-45\/france\/08-ardennes\/08-villers-cernay\/\">08 \u2013 Villers-Cernay<\/a><\/li>\n<\/ul>\n<script type=\"text\/javascript\"> toolTips('.classtoolTips22','<img class=\"aligncenter size-full wp-image-65864\" title=\"Bf110\" src=\"https:\/\/www.auzeau.fr\/39-45\/wp-content\/uploads\/Avions\/Allemand\/Messerschmitt-Me110.jpg\" alt=\"\" width=\"442\" height=\"653\" \/>'); <\/script><script type=\"text\/javascript\"> toolTips('.classtoolTips96','Sergent<br\/><br\/>Sergeant'); <\/script><script type=\"text\/javascript\"> toolTips('.classtoolTips98','Colonel'); <\/script><script type=\"text\/javascript\"> toolTips('.classtoolTips110','Tu\u00e9 au combat<br\/><br\/>Killed In Action'); <\/script><script type=\"text\/javascript\"> toolTips('.classtoolTips112','Bless\u00e9 au combat<br\/><br\/>Wounded in action'); <\/script><script type=\"text\/javascript\"> toolTips('.classtoolTips114','Forces Fran\u00e7aises de l\\'Int\u00e9rieur'); <\/script><script type=\"text\/javascript\"> toolTips('.classtoolTips122','Groupe A\u00e9rien d\\'Observation'); <\/script><script type=\"text\/javascript\"> toolTips('.classtoolTips126','Mort Pour la France'); <\/script><script type=\"text\/javascript\"> toolTips('.classtoolTips134','\u00c9vad\u00e9<br\/><br\/>Evaded'); <\/script><script type=\"text\/javascript\"> toolTips('.classtoolTips136','Arm\u00e9e de l\u2019Air Fran\u00e7aise'); <\/script><script type=\"text\/javascript\"> toolTips('.classtoolTips144','Royal Corps of Signals'); <\/script><script type=\"text\/javascript\"> toolTips('.classtoolTips148','<strong>D\u00e9c\u00e9d\u00e9 de ses blessures<\/strong><br\/><br\/>concerne une personne qui a surv\u00e9cu pour atteindre un centre de traitement m\u00e9dical.<br\/><br\/><strong>Died of wounds<\/strong><br\/><br\/>concerns a person who survived to reach a medical treatment center.'); <\/script><script type=\"text\/javascript\"> toolTips('.classtoolTips150','Indemne<br\/><br\/>Unhurt'); <\/script><script type=\"text\/javascript\"> toolTips('.classtoolTips153','Porucznik'); <\/script><script type=\"text\/javascript\"> toolTips('.classtoolTips154','Groupe de Liaisons A\u00e9riennes'); <\/script><script type=\"text\/javascript\"> toolTips('.classtoolTips158','Midshipman'); <\/script><script type=\"text\/javascript\"> toolTips('.classtoolTips170','Capitaine'); <\/script><script type=\"text\/javascript\"> toolTips('.classtoolTips181','Sous-Lieutenant'); <\/script><script type=\"text\/javascript\"> toolTips('.classtoolTips185','Mitrailleur<br\/><br\/>Air Gunner'); <\/script><script type=\"text\/javascript\"> toolTips('.classtoolTips188','Bombardier<br\/><br\/>Air bomber'); <\/script><script type=\"text\/javascript\"> toolTips('.classtoolTips189','M\u00e9canicien volant<br\/><br\/>Flying Enginer'); <\/script><script type=\"text\/javascript\"> toolTips('.classtoolTips193','Royal Navy'); <\/script><script type=\"text\/javascript\"> toolTips('.classtoolTips194','Lieutenant de Vaisseau'); <\/script><script type=\"text\/javascript\"> toolTips('.classtoolTips195','Enseigne de Vaisseau'); <\/script><script type=\"text\/javascript\"> toolTips('.classtoolTips196','second Ma\u00eetre'); <\/script><script type=\"text\/javascript\"> toolTips('.classtoolTips197','Aircraftman'); <\/script><script type=\"text\/javascript\"> toolTips('.classtoolTips199','Radio Officer'); <\/script><script type=\"text\/javascript\"> toolTips('.classtoolTips201','Lieutenant'); <\/script>","protected":false},"excerpt":{"rendered":"<p>Potez 63.11 N\u00b0 579 GAO 547 Date : \u00a014 mai 1940 Mission : \u00a0Reconnaissance dans la vall\u00e9e de la Bar (08) D\u00e9collage : \u00a0Vivaise (02) Causes de la perte : \u00a0Abattu par 4 Bf 110 Lieu de la perte : \u00a0For\u00eat de Froidmont \u00e0 Gruy\u00e8re (08) SLT Claude Marie Pierre LEVASSEUR AAF KIA MPF Inhum\u00e9 [&hellip;]<\/p>\n","protected":false},"author":1,"featured_media":0,"parent":53,"menu_order":0,"comment_status":"closed","ping_status":"closed","template":"template-full-width Potez 63.php","meta":{"_lmt_disableupdate":"yes","_lmt_disable":"","footnotes":""},"categories":[414],"tags":[416],"wf_page_folders":[3108],"class_list":["post-48237","page","type-page","status-publish","hentry","category-potez-63-11","tag-gao-547"],"_links":{"self":[{"href":"https:\/\/www.auzeau.fr\/39-45\/wp-json\/wp\/v2\/pages\/48237","targetHints":{"allow":["GET"]}}],"collection":[{"href":"https:\/\/www.auzeau.fr\/39-45\/wp-json\/wp\/v2\/pages"}],"about":[{"href":"https:\/\/www.auzeau.fr\/39-45\/wp-json\/wp\/v2\/types\/page"}],"author":[{"embeddable":true,"href":"https:\/\/www.auzeau.fr\/39-45\/wp-json\/wp\/v2\/users\/1"}],"replies":[{"embeddable":true,"href":"https:\/\/www.auzeau.fr\/39-45\/wp-json\/wp\/v2\/comments?post=48237"}],"version-history":[{"count":0,"href":"https:\/\/www.auzeau.fr\/39-45\/wp-json\/wp\/v2\/pages\/48237\/revisions"}],"up":[{"embeddable":true,"href":"https:\/\/www.auzeau.fr\/39-45\/wp-json\/wp\/v2\/pages\/53"}],"wp:attachment":[{"href":"https:\/\/www.auzeau.fr\/39-45\/wp-json\/wp\/v2\/media?parent=48237"}],"wp:term":[{"taxonomy":"category","embeddable":true,"href":"https:\/\/www.auzeau.fr\/39-45\/wp-json\/wp\/v2\/categories?post=48237"},{"taxonomy":"post_tag","embeddable":true,"href":"https:\/\/www.auzeau.fr\/39-45\/wp-json\/wp\/v2\/tags?post=48237"},{"taxonomy":"wf_page_folders","embeddable":true,"href":"https:\/\/www.auzeau.fr\/39-45\/wp-json\/wp\/v2\/wf_page_folders?post=48237"}],"curies":[{"name":"wp","href":"https:\/\/api.w.org\/{rel}","templated":true}]}}