{"id":42390,"date":"2017-12-11T22:30:17","date_gmt":"2017-12-11T21:30:17","guid":{"rendered":"http:\/\/www.auzeau.fr\/3945\/?page_id=42390"},"modified":"2017-12-11T22:30:17","modified_gmt":"2017-12-11T22:30:17","slug":"61-tesse-froulay","status":"publish","type":"page","link":"https:\/\/www.auzeau.fr\/39-45\/france\/61-orne\/61-tesse-froulay\/","title":{"rendered":"61 &#8211; Tess\u00e9-Froulay"},"content":{"rendered":"<p><img fetchpriority=\"high\" decoding=\"async\" class=\"aligncenter size-full wp-image-57921\" title=\"Tesse-Froulay\" src=\"https:\/\/www.auzeau.fr\/39-45\/wp-content\/uploads\/Cimetieres\/60 --\/61-Orne\/Tesse-Froulay\/Tesse-Froulay.jpg\" alt=\"\" width=\"900\" height=\"514\" srcset=\"https:\/\/www.auzeau.fr\/39-45\/wp-content\/uploads\/Cimetieres\/60%20--\/61-Orne\/Tesse-Froulay\/Tesse-Froulay.jpg 900w, https:\/\/www.auzeau.fr\/39-45\/wp-content\/uploads\/Cimetieres\/60%20--\/61-Orne\/Tesse-Froulay\/Tesse-Froulay-300x171.jpg 300w, https:\/\/www.auzeau.fr\/39-45\/wp-content\/uploads\/Cimetieres\/60%20--\/61-Orne\/Tesse-Froulay\/Tesse-Froulay-768x439.jpg 768w\" sizes=\"(max-width: 900px) 100vw, 900px\" \/><\/p>\n<table class=\"tableau_centre_bordure\" style=\"width: 100%;\">\n<tbody>\n<tr>\n<td style=\"width: 5%;\"><\/td>\n<td style=\"width: 5%;\"><\/td>\n<td style=\"width: 5%;\"><\/td>\n<td style=\"width: 5%;\"><\/td>\n<td style=\"width: 5%;\"><\/td>\n<td style=\"width: 5%;\"><\/td>\n<td style=\"width: 5%;\"><\/td>\n<td style=\"width: 5%;\"><\/td>\n<td style=\"width: 5%;\"><\/td>\n<td style=\"width: 5%;\"><\/td>\n<td style=\"width: 5%;\"><\/td>\n<td style=\"width: 5%;\"><\/td>\n<td style=\"width: 5%;\"><\/td>\n<td style=\"width: 5%;\"><\/td>\n<td style=\"width: 5%;\"><\/td>\n<td style=\"width: 5%;\"><\/td>\n<td style=\"width: 5%;\"><\/td>\n<td style=\"width: 5%;\"><\/td>\n<td style=\"width: 5%;\"><\/td>\n<td style=\"width: 5%;\"><\/td>\n<\/tr>\n<tr>\n<td colspan=\"15\"><span style=\"color: #000000;\"><strong><span style=\"font-size: xx-large;\">Chance-Vought V156F n\u00b0 14 <\/span><\/strong><\/span><span style=\"font-size: xx-large;\">Code AB1-7<\/span><\/td>\n<td colspan=\"5\">\n<p style=\"text-align: center;\"><strong><span style=\"font-size: xx-large;\">Escadrille AB1<\/span><\/strong><\/p>\n<\/td>\n<\/tr>\n<tr style=\"height: 40px;\">\n<td style=\"text-align: right;\" colspan=\"2\"><span style=\"font-size: 14px;\"> <strong>Date : <\/strong><\/span><\/td>\n<td colspan=\"5\"><span style=\"font-size: 14px;\"><em>20 mai 1940<\/em><\/span><\/td>\n<td style=\"text-align: right;\" colspan=\"3\"><span style=\"font-size: 14px;\"> <strong>Mission : <\/strong><\/span><\/td>\n<td colspan=\"10\"><span style=\"font-size: 14px;\"><em>Destruction de ponts \u00e0 Origny Ste Benoite (02)<\/em><\/span><\/td>\n<\/tr>\n<tr style=\"height: 40px;\">\n<td><\/td>\n<td><\/td>\n<td style=\"text-align: right;\" colspan=\"5\"><span style=\"font-size: 14px;\"> <strong>D\u00e9collage : <\/strong><\/span><\/td>\n<td colspan=\"10\"><span style=\"font-size: 14px;\"><em>Boulogne-Alprech (62)<\/em><\/span><\/td>\n<td><\/td>\n<td><\/td>\n<td><\/td>\n<\/tr>\n<tr style=\"height: 40px;\">\n<td><\/td>\n<td><\/td>\n<td style=\"text-align: right;\" colspan=\"5\"><span style=\"font-size: 14px;\"> <strong>Causes de la perte : <\/strong><\/span><\/td>\n<td colspan=\"10\"><span style=\"font-size: 14px;\"><em>Abattu en combat a\u00e9rien par un <span class='tooltipsall tooltipsincontent classtoolTips27'>Me 109<\/span><br \/>\n<\/em><\/span><\/td>\n<td><\/td>\n<td><\/td>\n<td><\/td>\n<\/tr>\n<tr style=\"height: 40px;\">\n<td><\/td>\n<td><\/td>\n<td style=\"text-align: right;\" colspan=\"5\"><span style=\"font-size: 14px;\"> <strong>Lieu de la perte : <\/strong><\/span><\/td>\n<td colspan=\"10\"><span style=\"font-size: 14px;\"><em>&#8220;Le Grand Champs&#8221; \u00e0 Urvillers (02)<\/em><\/span><\/td>\n<td><\/td>\n<td><\/td>\n<td><\/td>\n<\/tr>\n<tr>\n<td><\/td>\n<td><\/td>\n<td><\/td>\n<td><\/td>\n<td><\/td>\n<td><\/td>\n<td><\/td>\n<td><\/td>\n<td><\/td>\n<td><\/td>\n<td><\/td>\n<td><\/td>\n<td><\/td>\n<td><\/td>\n<td><\/td>\n<td><\/td>\n<td><\/td>\n<td><\/td>\n<td><\/td>\n<td><\/td>\n<\/tr>\n<tr style=\"height: 60px;\">\n<td><span style=\"font-size: 14px;\"><img decoding=\"async\" class=\"size-full wp-image-47214 alignleft\" title=\"France\" src=\"https:\/\/www.auzeau.fr\/39-45\/wp-content\/uploads\/images\/Drapeaux\/France.png\" alt=\"France\" width=\"40\" height=\"20\" \/><\/span><\/td>\n<td><span style=\"font-size: 14px;\"><span class='tooltipsall tooltipsincontent classtoolTips194'>LV<\/span><\/span><\/td>\n<td colspan=\"5\"><span style=\"font-size: 14px;\">Julien Thormod<\/span><\/td>\n<td colspan=\"4\"><span style=\"font-size: 14px; color: #000000;\"><strong>MARTIN<\/strong><\/span><\/td>\n<td style=\"text-align: center;\"><span style=\"font-size: 14px;\"><span class='tooltipsall tooltipsincontent classtoolTips151'>Pil<\/span><\/span><\/td>\n<td colspan=\"2\"><span style=\"font-size: 14px;\">A\u00e9ronavale<\/span><\/td>\n<td><span style=\"font-size: 14px; color: #000000;\"><strong><span class='tooltipsall tooltipsincontent classtoolTips110'>KIA<\/span><\/strong><\/span><\/td>\n<td colspan=\"5\"><span style=\"font-size: 14px;\"><img decoding=\"async\" class=\"size-full wp-image-47239 alignleft\" title=\"Chevalier-L\u00e9gion-dHonneur\" src=\"https:\/\/www.auzeau.fr\/39-45\/wp-content\/uploads\/images\/Medaille\/de7ad77f9fc044a1c8d501e35183a115.png\" alt=\"Chevalier de la L\u00e9gion d'Honneur\" width=\"72\" height=\"20\" \/>\u00a0<img loading=\"lazy\" decoding=\"async\" class=\"size-full wp-image-47270 alignleft\" title=\"Croix-de-Guerre-39-45\" src=\"https:\/\/www.auzeau.fr\/39-45\/wp-content\/uploads\/images\/Medaille\/Croix-de-Guerre-39-45.png\" alt=\"Croix-de-Guerre-39-45\" width=\"72\" height=\"20\" \/><\/span><\/td>\n<\/tr>\n<tr style=\"height: 60px;\">\n<td><span style=\"font-size: 14px;\"><img decoding=\"async\" class=\"size-full wp-image-47214 alignleft\" title=\"France\" src=\"https:\/\/www.auzeau.fr\/39-45\/wp-content\/uploads\/images\/Drapeaux\/France.png\" alt=\"France\" width=\"40\" height=\"20\" \/><\/span><\/td>\n<td><span style=\"font-size: 14px;\"><span class='tooltipsall tooltipsincontent classtoolTips196'>SM<\/span><\/span><\/td>\n<td colspan=\"5\"><span style=\"font-size: 14px;\">Jean Louis<\/span><\/td>\n<td colspan=\"4\"><span style=\"font-size: 14px; color: #000000;\"><strong>JEANDRON<\/strong><\/span><\/td>\n<td style=\"text-align: center;\"><span style=\"font-size: 14px;\"><span class='tooltipsall tooltipsincontent classtoolTips115'>WOP<\/span><\/span><\/td>\n<td colspan=\"2\"><span style=\"font-size: 14px;\">A\u00e9ronavale<\/span><\/td>\n<td><span style=\"font-size: 14px; color: #000000;\"><strong><span class='tooltipsall tooltipsincontent classtoolTips110'>KIA<\/span><\/strong><\/span><\/td>\n<td colspan=\"5\"><a href=\"https:\/\/www.auzeau.fr\/39-45\/france\/02-aisne\/02-urvilliers\"><em><span style=\"font-size: 10px;\"><span style=\"font-size: 10pt;\">Inhum\u00e9 \u00e0 Urvillers (02)<\/span><\/span><\/em><\/a><\/td>\n<\/tr>\n<\/tbody>\n<\/table>\n<div id='gallery-1' class='gallery galleryid-42390 gallery-columns-2 gallery-size-thumbnail'><figure class='gallery-item'>\n\t\t\t<div class='gallery-icon portrait'>\n\t\t\t\t<a title=\"Martin-1\"  title=\"Martin-1\"  href='https:\/\/www.auzeau.fr\/39-45\/wp-content\/uploads\/Cimetieres\/60%20--\/61-Orne\/Tesse-Froulay\/Martin-1.jpg'><img loading=\"lazy\" decoding=\"async\" width=\"150\" height=\"150\" src=\"https:\/\/www.auzeau.fr\/39-45\/wp-content\/uploads\/Cimetieres\/60 --\/61-Orne\/Tesse-Froulay\/Martin-1-150x150.jpg\" class=\"attachment-thumbnail size-thumbnail\" alt=\"\" srcset=\"https:\/\/www.auzeau.fr\/39-45\/wp-content\/uploads\/Cimetieres\/60%20--\/61-Orne\/Tesse-Froulay\/Martin-1-150x150.jpg 150w, https:\/\/www.auzeau.fr\/39-45\/wp-content\/uploads\/Cimetieres\/60%20--\/61-Orne\/Tesse-Froulay\/Martin-1-50x50.jpg 50w\" sizes=\"(max-width: 150px) 100vw, 150px\" \/><\/a>\n\t\t\t<\/div><\/figure><figure class='gallery-item'>\n\t\t\t<div class='gallery-icon portrait'>\n\t\t\t\t<a title=\"Martin-2\"  title=\"Martin-2\"  href='https:\/\/www.auzeau.fr\/39-45\/wp-content\/uploads\/Cimetieres\/60%20--\/61-Orne\/Tesse-Froulay\/Martin-2.jpg'><img loading=\"lazy\" decoding=\"async\" width=\"150\" height=\"150\" src=\"https:\/\/www.auzeau.fr\/39-45\/wp-content\/uploads\/Cimetieres\/60 --\/61-Orne\/Tesse-Froulay\/Martin-2-150x150.jpg\" class=\"attachment-thumbnail size-thumbnail\" alt=\"\" srcset=\"https:\/\/www.auzeau.fr\/39-45\/wp-content\/uploads\/Cimetieres\/60%20--\/61-Orne\/Tesse-Froulay\/Martin-2-150x150.jpg 150w, https:\/\/www.auzeau.fr\/39-45\/wp-content\/uploads\/Cimetieres\/60%20--\/61-Orne\/Tesse-Froulay\/Martin-2-50x50.jpg 50w\" sizes=\"(max-width: 150px) 100vw, 150px\" \/><\/a>\n\t\t\t<\/div><\/figure>\n\t\t<\/div>\n\n<hr \/>\n<p style=\"text-align: center;\"><ul id=\"menu-61-orne\" class=\"menu\"><li id=\"menu-item-57849\" class=\"menu-item menu-item-type-post_type menu-item-object-page menu-item-57849\"><a href=\"https:\/\/www.auzeau.fr\/39-45\/france\/61-orne\/61-athis-val-de-rouvre-breel\/\">61 \u2013 Athis-Val-de-Rouvre (Br\u00e9el)<\/a><\/li>\n<li id=\"menu-item-57850\" class=\"menu-item menu-item-type-post_type menu-item-object-page menu-item-57850\"><a href=\"https:\/\/www.auzeau.fr\/39-45\/france\/61-orne\/61-belforet-en-perche-le-gue-de-la-chaine\/\">61 \u2013 Belfor\u00eat-en-Perche (Le Gu\u00e9-de-la-Chaine)<\/a><\/li>\n<li id=\"menu-item-67201\" class=\"menu-item menu-item-type-post_type menu-item-object-page menu-item-67201\"><a href=\"https:\/\/www.auzeau.fr\/39-45\/france\/61-orne\/61-bursard\/\">61 \u2013 Bursard<\/a><\/li>\n<li id=\"menu-item-57851\" class=\"menu-item menu-item-type-post_type menu-item-object-page menu-item-57851\"><a href=\"https:\/\/www.auzeau.fr\/39-45\/france\/61-orne\/61-cahan\/\">61 \u2013 Cahan<\/a><\/li>\n<li id=\"menu-item-97901\" class=\"menu-item menu-item-type-post_type menu-item-object-page menu-item-97901\"><a href=\"https:\/\/www.auzeau.fr\/39-45\/france\/61-orne\/61-caligny\/\">61 \u2013 Caligny<\/a><\/li>\n<li id=\"menu-item-57852\" class=\"menu-item menu-item-type-post_type menu-item-object-page menu-item-57852\"><a href=\"https:\/\/www.auzeau.fr\/39-45\/france\/61-orne\/61-couterne\/\">61 \u2013 Couterne (Lignou)<\/a><\/li>\n<li id=\"menu-item-67320\" class=\"menu-item menu-item-type-post_type menu-item-object-page menu-item-67320\"><a href=\"https:\/\/www.auzeau.fr\/39-45\/france\/61-orne\/61-ecorcei\/\">61 \u2013 \u00c9corcei<\/a><\/li>\n<li id=\"menu-item-57853\" class=\"menu-item menu-item-type-post_type menu-item-object-page menu-item-57853\"><a href=\"https:\/\/www.auzeau.fr\/39-45\/france\/61-orne\/61-ecouche-les-vallees-ecouche\/\">61 \u2013 \u00c9couch\u00e9-les-Vall\u00e9es (\u00c9couch\u00e9)<\/a><\/li>\n<li id=\"menu-item-97900\" class=\"menu-item menu-item-type-post_type menu-item-object-page menu-item-97900\"><a href=\"https:\/\/www.auzeau.fr\/39-45\/france\/61-orne\/61-juvigny-sur-orne\/\">61 \u2013 Juvigny-sur-Orne<\/a><\/li>\n<li id=\"menu-item-97899\" class=\"menu-item menu-item-type-post_type menu-item-object-page menu-item-97899\"><a href=\"https:\/\/www.auzeau.fr\/39-45\/france\/61-orne\/61-la-courbe\/\">61 \u2013 La Courbe<\/a><\/li>\n<li id=\"menu-item-102944\" class=\"menu-item menu-item-type-post_type menu-item-object-page menu-item-102944\"><a href=\"https:\/\/www.auzeau.fr\/39-45\/france\/61-orne\/61-la-rouge\/\">61 \u2013 La Rouge<\/a><\/li>\n<li id=\"menu-item-97898\" class=\"menu-item menu-item-type-post_type menu-item-object-page menu-item-97898\"><a href=\"https:\/\/www.auzeau.fr\/39-45\/france\/61-orne\/61-le-chateau-dalmeneches\/\">61 \u2013 Le Ch\u00e2teau-d\u2019Almen\u00eaches<\/a><\/li>\n<li id=\"menu-item-57854\" class=\"menu-item menu-item-type-post_type menu-item-object-page menu-item-57854\"><a href=\"https:\/\/www.auzeau.fr\/39-45\/france\/61-orne\/61-menil-hubert\/\">61 \u2013 M\u00e9nil-Hubert-sur-Orne<\/a><\/li>\n<li id=\"menu-item-57855\" class=\"menu-item menu-item-type-post_type menu-item-object-page menu-item-57855\"><a href=\"https:\/\/www.auzeau.fr\/39-45\/france\/61-orne\/61-montgaroult\/\">61 \u2013 Montgaroult<\/a><\/li>\n<li id=\"menu-item-57856\" class=\"menu-item menu-item-type-post_type menu-item-object-page menu-item-57856\"><a href=\"https:\/\/www.auzeau.fr\/39-45\/france\/61-orne\/61-occagnes-cuy\/\">61 \u2013 Occagnes (Cuy)<\/a><\/li>\n<li id=\"menu-item-67199\" class=\"menu-item menu-item-type-post_type menu-item-object-page menu-item-67199\"><a href=\"https:\/\/www.auzeau.fr\/39-45\/france\/61-orne\/61-saint-hilaire-sur-rille\/\">61 \u2013 Saint-Hilaire-sur-Rille<\/a><\/li>\n<li id=\"menu-item-67200\" class=\"menu-item menu-item-type-post_type menu-item-object-page menu-item-67200\"><a href=\"https:\/\/www.auzeau.fr\/39-45\/france\/61-orne\/61-sainte-gauburge-sainte-colombe\/\">61 \u2013 Sainte-Gauburge-Sainte-Colombe<\/a><\/li>\n<li id=\"menu-item-97897\" class=\"menu-item menu-item-type-post_type menu-item-object-page menu-item-97897\"><a href=\"https:\/\/www.auzeau.fr\/39-45\/france\/61-orne\/61-saint-pierre-dentremont\/\">61 \u2013 Saint-Pierre d\u2019Entremont<\/a><\/li>\n<li id=\"menu-item-57857\" class=\"menu-item menu-item-type-post_type menu-item-object-page menu-item-57857\"><a href=\"https:\/\/www.auzeau.fr\/39-45\/france\/61-orne\/61-tesse-froulay\/\">61 \u2013 Tess\u00e9-Froulay<\/a><\/li>\n<\/ul>\n<script type=\"text\/javascript\"> toolTips('.classtoolTips27','<img class=\"aligncenter wp-image-65839 size-full\" title=\"ME 109\" src=\"https:\/\/www.auzeau.fr\/39-45\/wp-content\/uploads\/Avions\/Allemand\/Me109.JPG\" alt=\"\" width=\"650\" height=\"357\" \/>'); <\/script><script type=\"text\/javascript\"> toolTips('.classtoolTips38','A\u00e9ronavale'); <\/script><script type=\"text\/javascript\"> toolTips('.classtoolTips98','Colonel'); <\/script><script type=\"text\/javascript\"> toolTips('.classtoolTips110','Tu\u00e9 au combat<br\/><br\/>Killed In Action'); <\/script><script type=\"text\/javascript\"> toolTips('.classtoolTips115','Op\u00e9rateur Radio<br\/><br\/>Wireless Op\u00e9rator'); <\/script><script type=\"text\/javascript\"> toolTips('.classtoolTips116','Navigateur<br\/><br\/>Navigator'); <\/script><script type=\"text\/javascript\"> toolTips('.classtoolTips134','\u00c9vad\u00e9<br\/><br\/>Evaded'); <\/script><script type=\"text\/javascript\"> toolTips('.classtoolTips144','Royal Corps of Signals'); <\/script><script type=\"text\/javascript\"> toolTips('.classtoolTips151','Pilote<br\/><br\/>Pilot'); <\/script><script type=\"text\/javascript\"> toolTips('.classtoolTips153','Porucznik'); <\/script><script type=\"text\/javascript\"> toolTips('.classtoolTips182','Warrant Officer'); <\/script><script type=\"text\/javascript\"> toolTips('.classtoolTips185','Mitrailleur<br\/><br\/>Air Gunner'); <\/script><script type=\"text\/javascript\"> toolTips('.classtoolTips188','Bombardier<br\/><br\/>Air bomber'); <\/script><script type=\"text\/javascript\"> toolTips('.classtoolTips189','M\u00e9canicien volant<br\/><br\/>Flying Enginer'); <\/script><script type=\"text\/javascript\"> toolTips('.classtoolTips192','<img class=\"aligncenter size-full wp-image-65858\" title=\"Rampe_V1\" src=\"https:\/\/www.auzeau.fr\/39-45\/wp-content\/uploads\/Avions\/Allemand\/Rampe_V1.jpg\" alt=\"\" width=\"640\" height=\"426\" \/><br\/><img class=\"aligncenter size-full wp-image-65859\" title=\"V1\" src=\"https:\/\/www.auzeau.fr\/39-45\/wp-content\/uploads\/Avions\/Allemand\/V1.jpg\" alt=\"\" width=\"640\" height=\"424\" \/>'); <\/script><script type=\"text\/javascript\"> toolTips('.classtoolTips193','Royal Navy'); <\/script><script type=\"text\/javascript\"> toolTips('.classtoolTips194','Lieutenant de Vaisseau'); <\/script><script type=\"text\/javascript\"> toolTips('.classtoolTips195','Enseigne de Vaisseau'); <\/script><script type=\"text\/javascript\"> toolTips('.classtoolTips196','second Ma\u00eetre'); <\/script><script type=\"text\/javascript\"> toolTips('.classtoolTips197','Aircraftman'); <\/script><script type=\"text\/javascript\"> toolTips('.classtoolTips199','Radio Officer'); <\/script><script type=\"text\/javascript\"> toolTips('.classtoolTips201','Lieutenant'); <\/script>","protected":false},"excerpt":{"rendered":"<p>Chance-Vought V156F n\u00b0 14 Code AB1-7 Escadrille AB1 Date : 20 mai 1940 Mission : Destruction de ponts \u00e0 Origny Ste Benoite (02) D\u00e9collage : Boulogne-Alprech (62) Causes de la perte : Abattu en combat a\u00e9rien par un Me 109 Lieu de la perte : &#8220;Le Grand Champs&#8221; \u00e0 Urvillers (02) LV Julien Thormod MARTIN [&hellip;]<\/p>\n","protected":false},"author":1,"featured_media":0,"parent":42400,"menu_order":0,"comment_status":"closed","ping_status":"closed","template":"template-full-widthChance-Vought V156 F.php","meta":{"_lmt_disableupdate":"yes","_lmt_disable":"","footnotes":""},"categories":[423],"tags":[424],"wf_page_folders":[3128],"class_list":["post-42390","page","type-page","status-publish","hentry","category-change-vought-v156f","tag-escadrille-ab1"],"_links":{"self":[{"href":"https:\/\/www.auzeau.fr\/39-45\/wp-json\/wp\/v2\/pages\/42390","targetHints":{"allow":["GET"]}}],"collection":[{"href":"https:\/\/www.auzeau.fr\/39-45\/wp-json\/wp\/v2\/pages"}],"about":[{"href":"https:\/\/www.auzeau.fr\/39-45\/wp-json\/wp\/v2\/types\/page"}],"author":[{"embeddable":true,"href":"https:\/\/www.auzeau.fr\/39-45\/wp-json\/wp\/v2\/users\/1"}],"replies":[{"embeddable":true,"href":"https:\/\/www.auzeau.fr\/39-45\/wp-json\/wp\/v2\/comments?post=42390"}],"version-history":[{"count":0,"href":"https:\/\/www.auzeau.fr\/39-45\/wp-json\/wp\/v2\/pages\/42390\/revisions"}],"up":[{"embeddable":true,"href":"https:\/\/www.auzeau.fr\/39-45\/wp-json\/wp\/v2\/pages\/42400"}],"wp:attachment":[{"href":"https:\/\/www.auzeau.fr\/39-45\/wp-json\/wp\/v2\/media?parent=42390"}],"wp:term":[{"taxonomy":"category","embeddable":true,"href":"https:\/\/www.auzeau.fr\/39-45\/wp-json\/wp\/v2\/categories?post=42390"},{"taxonomy":"post_tag","embeddable":true,"href":"https:\/\/www.auzeau.fr\/39-45\/wp-json\/wp\/v2\/tags?post=42390"},{"taxonomy":"wf_page_folders","embeddable":true,"href":"https:\/\/www.auzeau.fr\/39-45\/wp-json\/wp\/v2\/wf_page_folders?post=42390"}],"curies":[{"name":"wp","href":"https:\/\/api.w.org\/{rel}","templated":true}]}}