{"id":42383,"date":"2017-12-11T21:14:35","date_gmt":"2017-12-11T20:14:35","guid":{"rendered":"http:\/\/www.auzeau.fr\/3945\/?page_id=42383"},"modified":"2018-05-14T19:24:03","modified_gmt":"2018-05-14T17:24:03","slug":"61-montgaroult","status":"publish","type":"page","link":"https:\/\/www.auzeau.fr\/39-45\/france\/61-orne\/61-montgaroult\/","title":{"rendered":"61 &#8211; Montgaroult"},"content":{"rendered":"<p><img fetchpriority=\"high\" decoding=\"async\" class=\"aligncenter size-full wp-image-57915\" title=\"Montgaroult\" src=\"https:\/\/www.auzeau.fr\/39-45\/wp-content\/uploads\/Cimetieres\/60 --\/61-Orne\/Montgaroult\/Montgaroult.jpg\" alt=\"\" width=\"900\" height=\"356\" srcset=\"https:\/\/www.auzeau.fr\/39-45\/wp-content\/uploads\/Cimetieres\/60%20--\/61-Orne\/Montgaroult\/Montgaroult.jpg 900w, https:\/\/www.auzeau.fr\/39-45\/wp-content\/uploads\/Cimetieres\/60%20--\/61-Orne\/Montgaroult\/Montgaroult-300x119.jpg 300w, https:\/\/www.auzeau.fr\/39-45\/wp-content\/uploads\/Cimetieres\/60%20--\/61-Orne\/Montgaroult\/Montgaroult-768x304.jpg 768w\" sizes=\"(max-width: 900px) 100vw, 900px\" \/><\/p>\n<table style=\"width: 100%;\" border=\"0\">\n<tbody>\n<tr>\n<td style=\"width: 5%;\"><\/td>\n<td style=\"width: 5%;\"><\/td>\n<td style=\"width: 5%;\"><\/td>\n<td style=\"width: 5%;\"><\/td>\n<td style=\"width: 5%;\"><\/td>\n<td style=\"width: 5%;\"><\/td>\n<td style=\"width: 5%;\"><\/td>\n<td style=\"width: 5%;\"><\/td>\n<td style=\"width: 5%;\"><\/td>\n<td style=\"width: 5%;\"><\/td>\n<td style=\"width: 5%;\"><\/td>\n<td style=\"width: 5%;\"><\/td>\n<td style=\"width: 5%;\"><\/td>\n<td style=\"width: 5%;\"><\/td>\n<td style=\"width: 5%;\"><\/td>\n<td style=\"width: 5%;\"><\/td>\n<td style=\"width: 5%;\"><\/td>\n<td style=\"width: 5%;\"><\/td>\n<td style=\"width: 5%;\"><\/td>\n<td style=\"width: 5%;\"><\/td>\n<\/tr>\n<tr>\n<td colspan=\"15\"><strong><span style=\"font-size: xx-large;\"><span style=\"color: #000000;\">Mosquito NT151 OM-X<\/span><br \/>\n<\/span><\/strong><\/td>\n<td style=\"text-align: center;\" colspan=\"5\"><strong><span style=\"font-size: xx-large;\">107 Sqn<\/span><\/strong><\/td>\n<\/tr>\n<tr>\n<td style=\"text-align: right;\" colspan=\"2\"><strong>Date : <\/strong><\/td>\n<td colspan=\"5\"><em>05 juillet 1944<br \/>\n<\/em><\/td>\n<td style=\"text-align: right;\" colspan=\"3\"><strong>Mission : <\/strong><\/td>\n<td colspan=\"10\"><em><span class='tooltipsall tooltipsincontent classtoolTips7'>Intruder<\/span> de nuit<br \/>\n<\/em><\/td>\n<\/tr>\n<tr>\n<td><\/td>\n<td><\/td>\n<td style=\"text-align: right;\" colspan=\"5\"><strong>D\u00e9collage :<\/strong><\/td>\n<td colspan=\"10\"><em>Lasham<br \/>\n<\/em><\/td>\n<td><\/td>\n<td><\/td>\n<td><\/td>\n<\/tr>\n<tr>\n<td><\/td>\n<td><\/td>\n<td style=\"text-align: right;\" colspan=\"5\"><strong>Causes de la perte :<\/strong><\/td>\n<td colspan=\"13\"><\/td>\n<\/tr>\n<tr>\n<td><\/td>\n<td><\/td>\n<td style=\"text-align: right;\" colspan=\"5\"><strong>Lieu de la perte :<br \/>\n<\/strong><\/td>\n<td colspan=\"10\"><em><span style=\"color: #000000;\"> Montgaroult (61)<br \/>\n<\/span><\/em><\/td>\n<td><\/td>\n<td><\/td>\n<td><\/td>\n<\/tr>\n<tr>\n<td><img decoding=\"async\" class=\"size-full wp-image-47215 alignleft\" title=\"Royaume Uni\" src=\"https:\/\/www.auzeau.fr\/39-45\/wp-content\/uploads\/images\/Drapeaux\/Angleterre.png\" alt=\"Royaume Uni\" width=\"40\" height=\"20\" \/><\/td>\n<td><span class='tooltipsall tooltipsincontent classtoolTips19'>Fg Off<\/span><\/td>\n<td colspan=\"5\">Patrick Thomas<\/td>\n<td colspan=\"3\"><span style=\"color: #000000;\"><strong>GREEN<\/strong><\/span><\/td>\n<td><span class='tooltipsall tooltipsincontent classtoolTips151'>Pil<\/span><\/td>\n<td style=\"text-align: center;\"><span class='tooltipsall tooltipsincontent classtoolTips45'>RAFVR<\/span><\/td>\n<td colspan=\"2\">144635<\/td>\n<td><span style=\"color: #000000;\"><strong><span class='tooltipsall tooltipsincontent classtoolTips110'>KIA<\/span><\/strong><\/span><\/td>\n<td colspan=\"5\"><\/td>\n<\/tr>\n<tr>\n<td><img decoding=\"async\" class=\"size-full wp-image-47215 alignleft\" title=\"Royaume Uni\" src=\"https:\/\/www.auzeau.fr\/39-45\/wp-content\/uploads\/images\/Drapeaux\/Angleterre.png\" alt=\"Royaume Uni\" width=\"40\" height=\"20\" \/><\/td>\n<td><span class='tooltipsall tooltipsincontent classtoolTips19'>Fg Off<\/span><\/td>\n<td colspan=\"5\">Basil Arthur<\/td>\n<td colspan=\"3\"><span style=\"color: #000000;\"><strong>LAMBERT<\/strong><\/span><\/td>\n<td><span class='tooltipsall tooltipsincontent classtoolTips116'>Nav<\/span><\/td>\n<td style=\"text-align: center;\"><span class='tooltipsall tooltipsincontent classtoolTips45'>RAFVR<\/span><\/td>\n<td colspan=\"2\">137373<\/td>\n<td><span style=\"color: #000000;\"><strong><span class='tooltipsall tooltipsincontent classtoolTips110'>KIA<\/span><\/strong><\/span><\/td>\n<td colspan=\"5\"><\/td>\n<\/tr>\n<tr>\n<td colspan=\"20\" height=\"20\"><\/td>\n<\/tr>\n<tr>\n<td colspan=\"20\"><div id='gallery-1' class='gallery galleryid-42383 gallery-columns-3 gallery-size-thumbnail'><figure class='gallery-item'>\n\t\t\t<div class='gallery-icon landscape'>\n\t\t\t\t<a title=\"Mosquito_NT151\"  title=\"Mosquito_NT151\"  href='https:\/\/www.auzeau.fr\/39-45\/wp-content\/uploads\/Cimetieres\/60%20--\/61-Orne\/Montgaroult\/Mosquito_NT151.jpg'><img decoding=\"async\" width=\"150\" height=\"150\" src=\"https:\/\/www.auzeau.fr\/39-45\/wp-content\/uploads\/Cimetieres\/60 --\/61-Orne\/Montgaroult\/Mosquito_NT151-150x150.jpg\" class=\"attachment-thumbnail size-thumbnail\" alt=\"\" srcset=\"https:\/\/www.auzeau.fr\/39-45\/wp-content\/uploads\/Cimetieres\/60%20--\/61-Orne\/Montgaroult\/Mosquito_NT151-150x150.jpg 150w, https:\/\/www.auzeau.fr\/39-45\/wp-content\/uploads\/Cimetieres\/60%20--\/61-Orne\/Montgaroult\/Mosquito_NT151-50x50.jpg 50w\" sizes=\"(max-width: 150px) 100vw, 150px\" \/><\/a>\n\t\t\t<\/div><\/figure><figure class='gallery-item'>\n\t\t\t<div class='gallery-icon portrait'>\n\t\t\t\t<a title=\"Green\"  title=\"Green\"  href='https:\/\/www.auzeau.fr\/39-45\/wp-content\/uploads\/Cimetieres\/60%20--\/61-Orne\/Montgaroult\/Green.jpg'><img loading=\"lazy\" decoding=\"async\" width=\"150\" height=\"150\" src=\"https:\/\/www.auzeau.fr\/39-45\/wp-content\/uploads\/Cimetieres\/60 --\/61-Orne\/Montgaroult\/Green-150x150.jpg\" class=\"attachment-thumbnail size-thumbnail\" alt=\"\" srcset=\"https:\/\/www.auzeau.fr\/39-45\/wp-content\/uploads\/Cimetieres\/60%20--\/61-Orne\/Montgaroult\/Green-150x150.jpg 150w, https:\/\/www.auzeau.fr\/39-45\/wp-content\/uploads\/Cimetieres\/60%20--\/61-Orne\/Montgaroult\/Green-50x50.jpg 50w\" sizes=\"(max-width: 150px) 100vw, 150px\" \/><\/a>\n\t\t\t<\/div><\/figure><figure class='gallery-item'>\n\t\t\t<div class='gallery-icon portrait'>\n\t\t\t\t<a title=\"Lambert\"  title=\"Lambert\"  href='https:\/\/www.auzeau.fr\/39-45\/wp-content\/uploads\/Cimetieres\/60%20--\/61-Orne\/Montgaroult\/Lambert.jpg'><img loading=\"lazy\" decoding=\"async\" width=\"150\" height=\"150\" src=\"https:\/\/www.auzeau.fr\/39-45\/wp-content\/uploads\/Cimetieres\/60 --\/61-Orne\/Montgaroult\/Lambert-150x150.jpg\" class=\"attachment-thumbnail size-thumbnail\" alt=\"\" srcset=\"https:\/\/www.auzeau.fr\/39-45\/wp-content\/uploads\/Cimetieres\/60%20--\/61-Orne\/Montgaroult\/Lambert-150x150.jpg 150w, https:\/\/www.auzeau.fr\/39-45\/wp-content\/uploads\/Cimetieres\/60%20--\/61-Orne\/Montgaroult\/Lambert-50x50.jpg 50w\" sizes=\"(max-width: 150px) 100vw, 150px\" \/><\/a>\n\t\t\t<\/div><\/figure>\n\t\t<\/div>\n<\/td>\n<\/tr>\n<\/tbody>\n<\/table>\n<hr \/>\n<p style=\"text-align: center;\"><ul id=\"menu-61-orne\" class=\"menu\"><li id=\"menu-item-57849\" class=\"menu-item menu-item-type-post_type menu-item-object-page menu-item-57849\"><a href=\"https:\/\/www.auzeau.fr\/39-45\/france\/61-orne\/61-athis-val-de-rouvre-breel\/\">61 \u2013 Athis-Val-de-Rouvre (Br\u00e9el)<\/a><\/li>\n<li id=\"menu-item-57850\" class=\"menu-item menu-item-type-post_type menu-item-object-page menu-item-57850\"><a href=\"https:\/\/www.auzeau.fr\/39-45\/france\/61-orne\/61-belforet-en-perche-le-gue-de-la-chaine\/\">61 \u2013 Belfor\u00eat-en-Perche (Le Gu\u00e9-de-la-Chaine)<\/a><\/li>\n<li id=\"menu-item-67201\" class=\"menu-item menu-item-type-post_type menu-item-object-page menu-item-67201\"><a href=\"https:\/\/www.auzeau.fr\/39-45\/france\/61-orne\/61-bursard\/\">61 \u2013 Bursard<\/a><\/li>\n<li id=\"menu-item-57851\" class=\"menu-item menu-item-type-post_type menu-item-object-page menu-item-57851\"><a href=\"https:\/\/www.auzeau.fr\/39-45\/france\/61-orne\/61-cahan\/\">61 \u2013 Cahan<\/a><\/li>\n<li id=\"menu-item-97901\" class=\"menu-item menu-item-type-post_type menu-item-object-page menu-item-97901\"><a href=\"https:\/\/www.auzeau.fr\/39-45\/france\/61-orne\/61-caligny\/\">61 \u2013 Caligny<\/a><\/li>\n<li id=\"menu-item-57852\" class=\"menu-item menu-item-type-post_type menu-item-object-page menu-item-57852\"><a href=\"https:\/\/www.auzeau.fr\/39-45\/france\/61-orne\/61-couterne\/\">61 \u2013 Couterne (Lignou)<\/a><\/li>\n<li id=\"menu-item-67320\" class=\"menu-item menu-item-type-post_type menu-item-object-page menu-item-67320\"><a href=\"https:\/\/www.auzeau.fr\/39-45\/france\/61-orne\/61-ecorcei\/\">61 \u2013 \u00c9corcei<\/a><\/li>\n<li id=\"menu-item-57853\" class=\"menu-item menu-item-type-post_type menu-item-object-page menu-item-57853\"><a href=\"https:\/\/www.auzeau.fr\/39-45\/france\/61-orne\/61-ecouche-les-vallees-ecouche\/\">61 \u2013 \u00c9couch\u00e9-les-Vall\u00e9es (\u00c9couch\u00e9)<\/a><\/li>\n<li id=\"menu-item-97900\" class=\"menu-item menu-item-type-post_type menu-item-object-page menu-item-97900\"><a href=\"https:\/\/www.auzeau.fr\/39-45\/france\/61-orne\/61-juvigny-sur-orne\/\">61 \u2013 Juvigny-sur-Orne<\/a><\/li>\n<li id=\"menu-item-97899\" class=\"menu-item menu-item-type-post_type menu-item-object-page menu-item-97899\"><a href=\"https:\/\/www.auzeau.fr\/39-45\/france\/61-orne\/61-la-courbe\/\">61 \u2013 La Courbe<\/a><\/li>\n<li id=\"menu-item-102944\" class=\"menu-item menu-item-type-post_type menu-item-object-page menu-item-102944\"><a href=\"https:\/\/www.auzeau.fr\/39-45\/france\/61-orne\/61-la-rouge\/\">61 \u2013 La Rouge<\/a><\/li>\n<li id=\"menu-item-97898\" class=\"menu-item menu-item-type-post_type menu-item-object-page menu-item-97898\"><a href=\"https:\/\/www.auzeau.fr\/39-45\/france\/61-orne\/61-le-chateau-dalmeneches\/\">61 \u2013 Le Ch\u00e2teau-d\u2019Almen\u00eaches<\/a><\/li>\n<li id=\"menu-item-57854\" class=\"menu-item menu-item-type-post_type menu-item-object-page menu-item-57854\"><a href=\"https:\/\/www.auzeau.fr\/39-45\/france\/61-orne\/61-menil-hubert\/\">61 \u2013 M\u00e9nil-Hubert-sur-Orne<\/a><\/li>\n<li id=\"menu-item-57855\" class=\"menu-item menu-item-type-post_type menu-item-object-page menu-item-57855\"><a href=\"https:\/\/www.auzeau.fr\/39-45\/france\/61-orne\/61-montgaroult\/\">61 \u2013 Montgaroult<\/a><\/li>\n<li id=\"menu-item-57856\" class=\"menu-item menu-item-type-post_type menu-item-object-page menu-item-57856\"><a href=\"https:\/\/www.auzeau.fr\/39-45\/france\/61-orne\/61-occagnes-cuy\/\">61 \u2013 Occagnes (Cuy)<\/a><\/li>\n<li id=\"menu-item-67199\" class=\"menu-item menu-item-type-post_type menu-item-object-page menu-item-67199\"><a href=\"https:\/\/www.auzeau.fr\/39-45\/france\/61-orne\/61-saint-hilaire-sur-rille\/\">61 \u2013 Saint-Hilaire-sur-Rille<\/a><\/li>\n<li id=\"menu-item-67200\" class=\"menu-item menu-item-type-post_type menu-item-object-page menu-item-67200\"><a href=\"https:\/\/www.auzeau.fr\/39-45\/france\/61-orne\/61-sainte-gauburge-sainte-colombe\/\">61 \u2013 Sainte-Gauburge-Sainte-Colombe<\/a><\/li>\n<li id=\"menu-item-97897\" class=\"menu-item menu-item-type-post_type menu-item-object-page menu-item-97897\"><a href=\"https:\/\/www.auzeau.fr\/39-45\/france\/61-orne\/61-saint-pierre-dentremont\/\">61 \u2013 Saint-Pierre d\u2019Entremont<\/a><\/li>\n<li id=\"menu-item-57857\" class=\"menu-item menu-item-type-post_type menu-item-object-page menu-item-57857\"><a href=\"https:\/\/www.auzeau.fr\/39-45\/france\/61-orne\/61-tesse-froulay\/\">61 \u2013 Tess\u00e9-Froulay<\/a><\/li>\n<\/ul>\n<script type=\"text\/javascript\"> toolTips('.classtoolTips7','Patrouille offensive, visant \u00e0 d\u00e9truire les avions ennemis sur leur propre territoire<br\/><br\/>Offensive patrol, to destroy enemy aircraft in their own territory'); <\/script><script type=\"text\/javascript\"> toolTips('.classtoolTips19','Flying Officer'); <\/script><script type=\"text\/javascript\"> toolTips('.classtoolTips45','Royal Air Force Volunteer Reserve'); <\/script><script type=\"text\/javascript\"> toolTips('.classtoolTips98','Colonel'); <\/script><script type=\"text\/javascript\"> toolTips('.classtoolTips110','Tu\u00e9 au combat<br\/><br\/>Killed In Action'); <\/script><script type=\"text\/javascript\"> toolTips('.classtoolTips116','Navigateur<br\/><br\/>Navigator'); <\/script><script type=\"text\/javascript\"> toolTips('.classtoolTips144','Royal Corps of Signals'); <\/script><script type=\"text\/javascript\"> toolTips('.classtoolTips146','Royal Air Force'); <\/script><script type=\"text\/javascript\"> toolTips('.classtoolTips151','Pilote<br\/><br\/>Pilot'); <\/script><script type=\"text\/javascript\"> toolTips('.classtoolTips153','Porucznik'); <\/script><script type=\"text\/javascript\"> toolTips('.classtoolTips173','Leading Airman'); <\/script><script type=\"text\/javascript\"> toolTips('.classtoolTips185','Mitrailleur<br\/><br\/>Air Gunner'); <\/script><script type=\"text\/javascript\"> toolTips('.classtoolTips188','Bombardier<br\/><br\/>Air bomber'); <\/script><script type=\"text\/javascript\"> toolTips('.classtoolTips189','M\u00e9canicien volant<br\/><br\/>Flying Enginer'); <\/script><script type=\"text\/javascript\"> toolTips('.classtoolTips193','Royal Navy'); <\/script><script type=\"text\/javascript\"> toolTips('.classtoolTips197','Aircraftman'); <\/script><script type=\"text\/javascript\"> toolTips('.classtoolTips199','Radio Officer'); <\/script><script type=\"text\/javascript\"> toolTips('.classtoolTips201','Lieutenant'); <\/script>","protected":false},"excerpt":{"rendered":"<p>Mosquito NT151 OM-X 107 Sqn Date : 05 juillet 1944 Mission : Intruder de nuit D\u00e9collage : Lasham Causes de la perte : Lieu de la perte : Montgaroult (61) Fg Off Patrick Thomas GREEN Pil RAFVR 144635 KIA Fg Off Basil Arthur LAMBERT Nav RAFVR 137373 KIA<\/p>\n","protected":false},"author":1,"featured_media":0,"parent":42400,"menu_order":0,"comment_status":"closed","ping_status":"closed","template":"template-full-width Mosquito.php","meta":{"_lmt_disableupdate":"yes","_lmt_disable":"","footnotes":""},"categories":[590],"tags":[698],"wf_page_folders":[3128],"class_list":["post-42383","page","type-page","status-publish","hentry","category-mosquito","tag-107-squadron"],"_links":{"self":[{"href":"https:\/\/www.auzeau.fr\/39-45\/wp-json\/wp\/v2\/pages\/42383","targetHints":{"allow":["GET"]}}],"collection":[{"href":"https:\/\/www.auzeau.fr\/39-45\/wp-json\/wp\/v2\/pages"}],"about":[{"href":"https:\/\/www.auzeau.fr\/39-45\/wp-json\/wp\/v2\/types\/page"}],"author":[{"embeddable":true,"href":"https:\/\/www.auzeau.fr\/39-45\/wp-json\/wp\/v2\/users\/1"}],"replies":[{"embeddable":true,"href":"https:\/\/www.auzeau.fr\/39-45\/wp-json\/wp\/v2\/comments?post=42383"}],"version-history":[{"count":0,"href":"https:\/\/www.auzeau.fr\/39-45\/wp-json\/wp\/v2\/pages\/42383\/revisions"}],"up":[{"embeddable":true,"href":"https:\/\/www.auzeau.fr\/39-45\/wp-json\/wp\/v2\/pages\/42400"}],"wp:attachment":[{"href":"https:\/\/www.auzeau.fr\/39-45\/wp-json\/wp\/v2\/media?parent=42383"}],"wp:term":[{"taxonomy":"category","embeddable":true,"href":"https:\/\/www.auzeau.fr\/39-45\/wp-json\/wp\/v2\/categories?post=42383"},{"taxonomy":"post_tag","embeddable":true,"href":"https:\/\/www.auzeau.fr\/39-45\/wp-json\/wp\/v2\/tags?post=42383"},{"taxonomy":"wf_page_folders","embeddable":true,"href":"https:\/\/www.auzeau.fr\/39-45\/wp-json\/wp\/v2\/wf_page_folders?post=42383"}],"curies":[{"name":"wp","href":"https:\/\/api.w.org\/{rel}","templated":true}]}}