{"id":42378,"date":"2017-12-13T22:02:08","date_gmt":"2017-12-13T21:02:08","guid":{"rendered":"http:\/\/www.auzeau.fr\/3945\/?page_id=42378"},"modified":"2020-03-30T11:20:10","modified_gmt":"2020-03-30T09:20:10","slug":"61-couterne","status":"publish","type":"page","link":"https:\/\/www.auzeau.fr\/39-45\/france\/61-orne\/61-couterne\/","title":{"rendered":"61 &#8211; Couterne (Lignou)"},"content":{"rendered":"<p><img fetchpriority=\"high\" decoding=\"async\" class=\"aligncenter size-full wp-image-57889\" title=\"Lignou-Couterne\" src=\"https:\/\/www.auzeau.fr\/39-45\/wp-content\/uploads\/Cimetieres\/60 --\/61-Orne\/Lignou\/Lignou-Couterne.jpg\" alt=\"\" width=\"900\" height=\"367\" srcset=\"https:\/\/www.auzeau.fr\/39-45\/wp-content\/uploads\/Cimetieres\/60%20--\/61-Orne\/Lignou\/Lignou-Couterne.jpg 900w, https:\/\/www.auzeau.fr\/39-45\/wp-content\/uploads\/Cimetieres\/60%20--\/61-Orne\/Lignou\/Lignou-Couterne-300x122.jpg 300w, https:\/\/www.auzeau.fr\/39-45\/wp-content\/uploads\/Cimetieres\/60%20--\/61-Orne\/Lignou\/Lignou-Couterne-768x313.jpg 768w\" sizes=\"(max-width: 900px) 100vw, 900px\" \/><\/p>\n<table style=\"width: 100%;\" border=\"0\">\n<tbody>\n<tr>\n<td style=\"width: 5%;\"><\/td>\n<td style=\"width: 5%;\"><\/td>\n<td style=\"width: 5%;\"><\/td>\n<td style=\"width: 5%;\"><\/td>\n<td style=\"width: 5%;\"><\/td>\n<td style=\"width: 5%;\"><\/td>\n<td style=\"width: 5%;\"><\/td>\n<td style=\"width: 5%;\"><\/td>\n<td style=\"width: 5%;\"><\/td>\n<td style=\"width: 5%;\"><\/td>\n<td style=\"width: 5%;\"><\/td>\n<td style=\"width: 5%;\"><\/td>\n<td style=\"width: 5%;\"><\/td>\n<td style=\"width: 5%;\"><\/td>\n<td style=\"width: 5%;\"><\/td>\n<td style=\"width: 5%;\"><\/td>\n<td style=\"width: 5%;\"><\/td>\n<td style=\"width: 5%;\"><\/td>\n<td style=\"width: 5%;\"><\/td>\n<td style=\"width: 5%;\"><\/td>\n<\/tr>\n<tr>\n<td colspan=\"15\"><strong><span style=\"font-size: xx-large;\"><span style=\"color: #000000;\">Spitfire MJ428 YO-<\/span><br \/>\n<\/span><\/strong><\/td>\n<td style=\"text-align: center;\" colspan=\"5\"><strong><span style=\"font-size: xx-large;\">401 Sqn<br \/>\n<\/span><\/strong><\/td>\n<\/tr>\n<tr style=\"height: 40px;\">\n<td style=\"text-align: right;\" colspan=\"2\"><strong>Date : <\/strong><\/td>\n<td colspan=\"5\"><em>\u00a028 juin 1944<br \/>\n<\/em><\/td>\n<td style=\"text-align: right;\" colspan=\"3\"><strong>Mission : <\/strong><\/td>\n<td colspan=\"10\"><em>\u00a0Reconnaissance arm\u00e9e\u00a0 au S-W de Caen (14)<br \/>\n<\/em><\/td>\n<\/tr>\n<tr style=\"height: 40px;\">\n<td><\/td>\n<td><\/td>\n<td style=\"text-align: right;\" colspan=\"5\"><strong>D\u00e9collage :<\/strong><\/td>\n<td colspan=\"10\"><em>\u00a0ALG B4 B\u00e9ny-sur-Mer (14) \u00e0 21:15<br \/>\n<\/em><\/td>\n<td><\/td>\n<td><\/td>\n<td><\/td>\n<\/tr>\n<tr style=\"height: 40px;\">\n<td><\/td>\n<td><\/td>\n<td style=\"text-align: right;\" colspan=\"5\"><strong>Causes de la perte :<\/strong><\/td>\n<td colspan=\"13\"><em>\u00a0Abattu en combat a\u00e9rien par des <span class='tooltipsall tooltipsincontent classtoolTips26'>FW 190<\/span> du I\/JG1 et 1.\/JG11<\/em><\/td>\n<\/tr>\n<tr style=\"height: 40px;\">\n<td><\/td>\n<td><\/td>\n<td style=\"text-align: right;\" colspan=\"5\"><strong>Lieu de la perte :<br \/>\n<\/strong><\/td>\n<td colspan=\"10\"><em>\u00a0Couterne (61)<br \/>\n<\/em><\/td>\n<td><\/td>\n<td><\/td>\n<td><\/td>\n<\/tr>\n<tr style=\"height: 60px;\">\n<td><img decoding=\"async\" class=\"aligncenter size-full wp-image-47210\" title=\"Canada\" src=\"https:\/\/www.auzeau.fr\/39-45\/wp-content\/uploads\/images\/Drapeaux\/Canada.png\" alt=\"Canada\" width=\"40\" height=\"20\" \/><\/td>\n<td><span class='tooltipsall tooltipsincontent classtoolTips12'>Plt Off<\/span><\/td>\n<td colspan=\"5\">Robert Dunlop<\/td>\n<td colspan=\"3\"><span style=\"color: #000000;\"><strong>DAVIDSON<\/strong><\/span><\/td>\n<td><\/td>\n<td style=\"text-align: center;\"><span class='tooltipsall tooltipsincontent classtoolTips78'>RCAF<\/span><\/td>\n<td colspan=\"2\">J\/88096<\/td>\n<td><span style=\"color: #000000;\"><strong><span class='tooltipsall tooltipsincontent classtoolTips110'>KIA<\/span><\/strong><\/span><\/td>\n<td colspan=\"5\"><\/td>\n<\/tr>\n<\/tbody>\n<\/table>\n<div id='gallery-1' class='gallery galleryid-42378 gallery-columns-3 gallery-size-thumbnail'><figure class='gallery-item'>\n\t\t\t<div class='gallery-icon portrait'>\n\t\t\t\t<a title=\"Davidson_1\"  title=\"Davidson_1\"  href='https:\/\/www.auzeau.fr\/39-45\/wp-content\/uploads\/Cimetieres\/60%20--\/61-Orne\/Lignou\/Davidson_1.jpg'><img decoding=\"async\" width=\"150\" height=\"150\" src=\"https:\/\/www.auzeau.fr\/39-45\/wp-content\/uploads\/Cimetieres\/60 --\/61-Orne\/Lignou\/Davidson_1-150x150.jpg\" class=\"attachment-thumbnail size-thumbnail\" alt=\"\" srcset=\"https:\/\/www.auzeau.fr\/39-45\/wp-content\/uploads\/Cimetieres\/60%20--\/61-Orne\/Lignou\/Davidson_1-150x150.jpg 150w, https:\/\/www.auzeau.fr\/39-45\/wp-content\/uploads\/Cimetieres\/60%20--\/61-Orne\/Lignou\/Davidson_1-50x50.jpg 50w\" sizes=\"(max-width: 150px) 100vw, 150px\" \/><\/a>\n\t\t\t<\/div><\/figure><figure class='gallery-item'>\n\t\t\t<div class='gallery-icon portrait'>\n\t\t\t\t<a title=\"Davidson_2\"  title=\"Davidson_2\"  href='https:\/\/www.auzeau.fr\/39-45\/wp-content\/uploads\/Cimetieres\/60%20--\/61-Orne\/Lignou\/Davidson_2.jpg'><img loading=\"lazy\" decoding=\"async\" width=\"150\" height=\"150\" src=\"https:\/\/www.auzeau.fr\/39-45\/wp-content\/uploads\/Cimetieres\/60 --\/61-Orne\/Lignou\/Davidson_2-150x150.jpg\" class=\"attachment-thumbnail size-thumbnail\" alt=\"\" srcset=\"https:\/\/www.auzeau.fr\/39-45\/wp-content\/uploads\/Cimetieres\/60%20--\/61-Orne\/Lignou\/Davidson_2-150x150.jpg 150w, https:\/\/www.auzeau.fr\/39-45\/wp-content\/uploads\/Cimetieres\/60%20--\/61-Orne\/Lignou\/Davidson_2-50x50.jpg 50w\" sizes=\"(max-width: 150px) 100vw, 150px\" \/><\/a>\n\t\t\t<\/div><\/figure><figure class='gallery-item'>\n\t\t\t<div class='gallery-icon portrait'>\n\t\t\t\t<a title=\"Davidson\"  title=\"Davidson\"  href='https:\/\/www.auzeau.fr\/39-45\/wp-content\/uploads\/Cimetieres\/60%20--\/61-Orne\/Lignou\/Davidson.jpg'><img loading=\"lazy\" decoding=\"async\" width=\"150\" height=\"150\" src=\"https:\/\/www.auzeau.fr\/39-45\/wp-content\/uploads\/Cimetieres\/60 --\/61-Orne\/Lignou\/Davidson-150x150.jpg\" class=\"attachment-thumbnail size-thumbnail\" alt=\"\" srcset=\"https:\/\/www.auzeau.fr\/39-45\/wp-content\/uploads\/Cimetieres\/60%20--\/61-Orne\/Lignou\/Davidson-150x150.jpg 150w, https:\/\/www.auzeau.fr\/39-45\/wp-content\/uploads\/Cimetieres\/60%20--\/61-Orne\/Lignou\/Davidson-50x50.jpg 50w\" sizes=\"(max-width: 150px) 100vw, 150px\" \/><\/a>\n\t\t\t<\/div><\/figure>\n\t\t<\/div>\n\n<hr \/>\n<p style=\"text-align: center;\"><ul id=\"menu-61-orne\" class=\"menu\"><li id=\"menu-item-57849\" class=\"menu-item menu-item-type-post_type menu-item-object-page menu-item-57849\"><a href=\"https:\/\/www.auzeau.fr\/39-45\/france\/61-orne\/61-athis-val-de-rouvre-breel\/\">61 \u2013 Athis-Val-de-Rouvre (Br\u00e9el)<\/a><\/li>\n<li id=\"menu-item-57850\" class=\"menu-item menu-item-type-post_type menu-item-object-page menu-item-57850\"><a href=\"https:\/\/www.auzeau.fr\/39-45\/france\/61-orne\/61-belforet-en-perche-le-gue-de-la-chaine\/\">61 \u2013 Belfor\u00eat-en-Perche (Le Gu\u00e9-de-la-Chaine)<\/a><\/li>\n<li id=\"menu-item-67201\" class=\"menu-item menu-item-type-post_type menu-item-object-page menu-item-67201\"><a href=\"https:\/\/www.auzeau.fr\/39-45\/france\/61-orne\/61-bursard\/\">61 \u2013 Bursard<\/a><\/li>\n<li id=\"menu-item-57851\" class=\"menu-item menu-item-type-post_type menu-item-object-page menu-item-57851\"><a href=\"https:\/\/www.auzeau.fr\/39-45\/france\/61-orne\/61-cahan\/\">61 \u2013 Cahan<\/a><\/li>\n<li id=\"menu-item-97901\" class=\"menu-item menu-item-type-post_type menu-item-object-page menu-item-97901\"><a href=\"https:\/\/www.auzeau.fr\/39-45\/france\/61-orne\/61-caligny\/\">61 \u2013 Caligny<\/a><\/li>\n<li id=\"menu-item-57852\" class=\"menu-item menu-item-type-post_type menu-item-object-page menu-item-57852\"><a href=\"https:\/\/www.auzeau.fr\/39-45\/france\/61-orne\/61-couterne\/\">61 \u2013 Couterne (Lignou)<\/a><\/li>\n<li id=\"menu-item-67320\" class=\"menu-item menu-item-type-post_type menu-item-object-page menu-item-67320\"><a href=\"https:\/\/www.auzeau.fr\/39-45\/france\/61-orne\/61-ecorcei\/\">61 \u2013 \u00c9corcei<\/a><\/li>\n<li id=\"menu-item-57853\" class=\"menu-item menu-item-type-post_type menu-item-object-page menu-item-57853\"><a href=\"https:\/\/www.auzeau.fr\/39-45\/france\/61-orne\/61-ecouche-les-vallees-ecouche\/\">61 \u2013 \u00c9couch\u00e9-les-Vall\u00e9es (\u00c9couch\u00e9)<\/a><\/li>\n<li id=\"menu-item-97900\" class=\"menu-item menu-item-type-post_type menu-item-object-page menu-item-97900\"><a href=\"https:\/\/www.auzeau.fr\/39-45\/france\/61-orne\/61-juvigny-sur-orne\/\">61 \u2013 Juvigny-sur-Orne<\/a><\/li>\n<li id=\"menu-item-97899\" class=\"menu-item menu-item-type-post_type menu-item-object-page menu-item-97899\"><a href=\"https:\/\/www.auzeau.fr\/39-45\/france\/61-orne\/61-la-courbe\/\">61 \u2013 La Courbe<\/a><\/li>\n<li id=\"menu-item-102944\" class=\"menu-item menu-item-type-post_type menu-item-object-page menu-item-102944\"><a href=\"https:\/\/www.auzeau.fr\/39-45\/france\/61-orne\/61-la-rouge\/\">61 \u2013 La Rouge<\/a><\/li>\n<li id=\"menu-item-97898\" class=\"menu-item menu-item-type-post_type menu-item-object-page menu-item-97898\"><a href=\"https:\/\/www.auzeau.fr\/39-45\/france\/61-orne\/61-le-chateau-dalmeneches\/\">61 \u2013 Le Ch\u00e2teau-d\u2019Almen\u00eaches<\/a><\/li>\n<li id=\"menu-item-57854\" class=\"menu-item menu-item-type-post_type menu-item-object-page menu-item-57854\"><a href=\"https:\/\/www.auzeau.fr\/39-45\/france\/61-orne\/61-menil-hubert\/\">61 \u2013 M\u00e9nil-Hubert-sur-Orne<\/a><\/li>\n<li id=\"menu-item-57855\" class=\"menu-item menu-item-type-post_type menu-item-object-page menu-item-57855\"><a href=\"https:\/\/www.auzeau.fr\/39-45\/france\/61-orne\/61-montgaroult\/\">61 \u2013 Montgaroult<\/a><\/li>\n<li id=\"menu-item-57856\" class=\"menu-item menu-item-type-post_type menu-item-object-page menu-item-57856\"><a href=\"https:\/\/www.auzeau.fr\/39-45\/france\/61-orne\/61-occagnes-cuy\/\">61 \u2013 Occagnes (Cuy)<\/a><\/li>\n<li id=\"menu-item-67199\" class=\"menu-item menu-item-type-post_type menu-item-object-page menu-item-67199\"><a href=\"https:\/\/www.auzeau.fr\/39-45\/france\/61-orne\/61-saint-hilaire-sur-rille\/\">61 \u2013 Saint-Hilaire-sur-Rille<\/a><\/li>\n<li id=\"menu-item-67200\" class=\"menu-item menu-item-type-post_type menu-item-object-page menu-item-67200\"><a href=\"https:\/\/www.auzeau.fr\/39-45\/france\/61-orne\/61-sainte-gauburge-sainte-colombe\/\">61 \u2013 Sainte-Gauburge-Sainte-Colombe<\/a><\/li>\n<li id=\"menu-item-97897\" class=\"menu-item menu-item-type-post_type menu-item-object-page menu-item-97897\"><a href=\"https:\/\/www.auzeau.fr\/39-45\/france\/61-orne\/61-saint-pierre-dentremont\/\">61 \u2013 Saint-Pierre d\u2019Entremont<\/a><\/li>\n<li id=\"menu-item-57857\" class=\"menu-item menu-item-type-post_type menu-item-object-page menu-item-57857\"><a href=\"https:\/\/www.auzeau.fr\/39-45\/france\/61-orne\/61-tesse-froulay\/\">61 \u2013 Tess\u00e9-Froulay<\/a><\/li>\n<\/ul>\n<script type=\"text\/javascript\"> toolTips('.classtoolTips12','Pilot Officer'); <\/script><script type=\"text\/javascript\"> toolTips('.classtoolTips26','<img class=\"aligncenter wp-image-65838 size-full\" title=\"FW 190\" src=\"https:\/\/www.auzeau.fr\/39-45\/wp-content\/uploads\/Avions\/Allemand\/Fw190.jpg\" alt=\"\" width=\"640\" height=\"300\" \/>'); <\/script><script type=\"text\/javascript\"> toolTips('.classtoolTips78','Aviation Royale Canadienne<br\/><br\/>Royal Canadian Air Force'); <\/script><script type=\"text\/javascript\"> toolTips('.classtoolTips98','Colonel'); <\/script><script type=\"text\/javascript\"> toolTips('.classtoolTips110','Tu\u00e9 au combat<br\/><br\/>Killed In Action'); <\/script><script type=\"text\/javascript\"> toolTips('.classtoolTips118','Canonnier'); <\/script><script type=\"text\/javascript\"> toolTips('.classtoolTips138','<strong>Piste Avanc\u00e9e d\\'Aviation<\/strong><br\/><br\/>A\u00e9rodromes temporaires construits par les Alli\u00e9s au cours de la Seconde Guerre mondiale durant la lib\u00e9ration de l\\'Europe.<br\/><br\/><strong>Advanced Landing Ground<\/strong><br\/><br\/>Temporary advance airfields constructed by the Allies during World War II during the liberation of Europe.'); <\/script><script type=\"text\/javascript\"> toolTips('.classtoolTips144','Royal Corps of Signals'); <\/script><script type=\"text\/javascript\"> toolTips('.classtoolTips153','Porucznik'); <\/script><script type=\"text\/javascript\"> toolTips('.classtoolTips185','Mitrailleur<br\/><br\/>Air Gunner'); <\/script><script type=\"text\/javascript\"> toolTips('.classtoolTips188','Bombardier<br\/><br\/>Air bomber'); <\/script><script type=\"text\/javascript\"> toolTips('.classtoolTips189','M\u00e9canicien volant<br\/><br\/>Flying Enginer'); <\/script><script type=\"text\/javascript\"> toolTips('.classtoolTips193','Royal Navy'); <\/script><script type=\"text\/javascript\"> toolTips('.classtoolTips197','Aircraftman'); <\/script><script type=\"text\/javascript\"> toolTips('.classtoolTips199','Radio Officer'); <\/script><script type=\"text\/javascript\"> toolTips('.classtoolTips201','Lieutenant'); <\/script>","protected":false},"excerpt":{"rendered":"<p>Spitfire MJ428 YO- 401 Sqn Date : \u00a028 juin 1944 Mission : \u00a0Reconnaissance arm\u00e9e\u00a0 au S-W de Caen (14) D\u00e9collage : \u00a0ALG B4 B\u00e9ny-sur-Mer (14) \u00e0 21:15 Causes de la perte : \u00a0Abattu en combat a\u00e9rien par des FW 190 du I\/JG1 et 1.\/JG11 Lieu de la perte : \u00a0Couterne (61) Plt Off Robert Dunlop [&hellip;]<\/p>\n","protected":false},"author":1,"featured_media":0,"parent":42400,"menu_order":0,"comment_status":"closed","ping_status":"closed","template":"template-full-width Spitfire.php","meta":{"_lmt_disableupdate":"yes","_lmt_disable":"","footnotes":""},"categories":[586],"tags":[599],"wf_page_folders":[3128],"class_list":["post-42378","page","type-page","status-publish","hentry","category-spitfire","tag-401-squadron"],"_links":{"self":[{"href":"https:\/\/www.auzeau.fr\/39-45\/wp-json\/wp\/v2\/pages\/42378","targetHints":{"allow":["GET"]}}],"collection":[{"href":"https:\/\/www.auzeau.fr\/39-45\/wp-json\/wp\/v2\/pages"}],"about":[{"href":"https:\/\/www.auzeau.fr\/39-45\/wp-json\/wp\/v2\/types\/page"}],"author":[{"embeddable":true,"href":"https:\/\/www.auzeau.fr\/39-45\/wp-json\/wp\/v2\/users\/1"}],"replies":[{"embeddable":true,"href":"https:\/\/www.auzeau.fr\/39-45\/wp-json\/wp\/v2\/comments?post=42378"}],"version-history":[{"count":0,"href":"https:\/\/www.auzeau.fr\/39-45\/wp-json\/wp\/v2\/pages\/42378\/revisions"}],"up":[{"embeddable":true,"href":"https:\/\/www.auzeau.fr\/39-45\/wp-json\/wp\/v2\/pages\/42400"}],"wp:attachment":[{"href":"https:\/\/www.auzeau.fr\/39-45\/wp-json\/wp\/v2\/media?parent=42378"}],"wp:term":[{"taxonomy":"category","embeddable":true,"href":"https:\/\/www.auzeau.fr\/39-45\/wp-json\/wp\/v2\/categories?post=42378"},{"taxonomy":"post_tag","embeddable":true,"href":"https:\/\/www.auzeau.fr\/39-45\/wp-json\/wp\/v2\/tags?post=42378"},{"taxonomy":"wf_page_folders","embeddable":true,"href":"https:\/\/www.auzeau.fr\/39-45\/wp-json\/wp\/v2\/wf_page_folders?post=42378"}],"curies":[{"name":"wp","href":"https:\/\/api.w.org\/{rel}","templated":true}]}}