{"id":42176,"date":"2018-03-17T19:28:41","date_gmt":"2018-03-17T18:28:41","guid":{"rendered":"http:\/\/www.auzeau.fr\/3945\/?page_id=42176"},"modified":"2018-05-14T16:56:39","modified_gmt":"2018-05-14T14:56:39","slug":"56-lanester","status":"publish","type":"page","link":"https:\/\/www.auzeau.fr\/39-45\/france\/56-morbihan\/56-lanester\/","title":{"rendered":"56 &#8211; Lanester"},"content":{"rendered":"<p><img fetchpriority=\"high\" decoding=\"async\" class=\"aligncenter size-full wp-image-55759\" title=\"Lanester\" src=\"https:\/\/www.auzeau.fr\/39-45\/wp-content\/uploads\/Cimetieres\/31 -- 60\/56-Morbihan\/Lanester\/Lanester.jpg\" alt=\"\" width=\"900\" height=\"427\" srcset=\"https:\/\/www.auzeau.fr\/39-45\/wp-content\/uploads\/Cimetieres\/31%20--%2060\/56-Morbihan\/Lanester\/Lanester.jpg 900w, https:\/\/www.auzeau.fr\/39-45\/wp-content\/uploads\/Cimetieres\/31%20--%2060\/56-Morbihan\/Lanester\/Lanester-300x142.jpg 300w, https:\/\/www.auzeau.fr\/39-45\/wp-content\/uploads\/Cimetieres\/31%20--%2060\/56-Morbihan\/Lanester\/Lanester-768x364.jpg 768w\" sizes=\"(max-width: 900px) 100vw, 900px\" \/><\/p>\n<table style=\"width: 100%;\" border=\"0\">\n<tbody>\n<tr>\n<td style=\"width: 5%;\"><\/td>\n<td style=\"width: 5%;\"><\/td>\n<td style=\"width: 5%;\"><\/td>\n<td style=\"width: 5%;\"><\/td>\n<td style=\"width: 5%;\"><\/td>\n<td style=\"width: 5%;\"><\/td>\n<td style=\"width: 5%;\"><\/td>\n<td style=\"width: 5%;\"><\/td>\n<td style=\"width: 5%;\"><\/td>\n<td style=\"width: 5%;\"><\/td>\n<td style=\"width: 5%;\"><\/td>\n<td style=\"width: 5%;\"><\/td>\n<td style=\"width: 5%;\"><\/td>\n<td style=\"width: 5%;\"><\/td>\n<td style=\"width: 5%;\"><\/td>\n<td style=\"width: 5%;\"><\/td>\n<td style=\"width: 5%;\"><\/td>\n<td style=\"width: 5%;\"><\/td>\n<td style=\"width: 5%;\"><\/td>\n<td style=\"width: 5%;\"><\/td>\n<\/tr>\n<tr>\n<td colspan=\"15\"><strong><span style=\"font-size: xx-large;\"><span style=\"color: #000000;\">Beaufort L4474 MW-E<\/span><br \/>\n<\/span><\/strong><\/td>\n<td style=\"text-align: center;\" colspan=\"5\"><strong><span style=\"font-size: xx-large;\">217 Sqn<br \/>\n<\/span><\/strong><\/td>\n<\/tr>\n<tr>\n<td style=\"text-align: right;\" colspan=\"2\"><strong>Date : <\/strong><\/td>\n<td colspan=\"5\"><em>20 d\u00e9cembre 1940<br \/>\n<\/em><\/td>\n<td style=\"text-align: right;\" colspan=\"3\"><strong>Mission : <\/strong><\/td>\n<td colspan=\"10\"><em>Lorient (56)<\/em><\/td>\n<\/tr>\n<tr style=\"height: 40px;\">\n<td><\/td>\n<td><\/td>\n<td style=\"text-align: right;\" colspan=\"5\"><strong>D\u00e9collage :<\/strong><\/td>\n<td colspan=\"10\"><em>St-Eval \u00e0 04:07<br \/>\n<\/em><\/td>\n<td><\/td>\n<td><\/td>\n<td><\/td>\n<\/tr>\n<tr style=\"height: 40px;\">\n<td><\/td>\n<td><\/td>\n<td style=\"text-align: right;\" colspan=\"5\"><strong>Causes de la perte :<\/strong><\/td>\n<td colspan=\"10\"><em>Abattu par la <span class='tooltipsall tooltipsincontent classtoolTips70'>Flak<\/span><br \/>\n<\/em><\/td>\n<td><\/td>\n<td><\/td>\n<td><\/td>\n<\/tr>\n<tr style=\"height: 40px;\">\n<td><\/td>\n<td><\/td>\n<td style=\"text-align: right;\" colspan=\"5\"><strong>Lieu de la perte :<br \/>\n<\/strong><\/td>\n<td colspan=\"10\"><em><span style=\"color: #000000;\">&#8220;Malachappe&#8221; \u00e0 Lanester (56) <\/span><\/em><\/td>\n<td><\/td>\n<td><\/td>\n<td><\/td>\n<\/tr>\n<tr style=\"height: 60px;\">\n<td><img decoding=\"async\" class=\"size-full wp-image-47215 alignleft\" title=\"Royaume Uni\" src=\"https:\/\/www.auzeau.fr\/39-45\/wp-content\/uploads\/images\/Drapeaux\/Angleterre.png\" alt=\"Royaume-Uni\" width=\"40\" height=\"20\" \/><\/td>\n<td><span class='tooltipsall tooltipsincontent classtoolTips96'>Sgt<\/span><\/td>\n<td colspan=\"5\">Peter<\/td>\n<td colspan=\"3\"><span style=\"color: #000000;\"><strong>MILLGAN<\/strong><\/span><\/td>\n<td><span class='tooltipsall tooltipsincontent classtoolTips115'>WOP<\/span><\/td>\n<td style=\"text-align: center;\"><span class='tooltipsall tooltipsincontent classtoolTips146'>RAF<\/span><\/td>\n<td colspan=\"2\">629402<\/td>\n<td><span style=\"color: #000000;\"><strong><span class='tooltipsall tooltipsincontent classtoolTips110'>KIA<\/span><\/strong><\/span><\/td>\n<td colspan=\"5\"><\/td>\n<\/tr>\n<tr style=\"height: 60px;\">\n<td><img decoding=\"async\" class=\"size-full wp-image-47215 alignleft\" title=\"Royaume Uni\" src=\"https:\/\/www.auzeau.fr\/39-45\/wp-content\/uploads\/images\/Drapeaux\/Angleterre.png\" alt=\"Royaume-Uni\" width=\"40\" height=\"20\" \/><\/td>\n<td><span class='tooltipsall tooltipsincontent classtoolTips96'>Sgt<\/span><\/td>\n<td colspan=\"5\">William Sidney<\/td>\n<td colspan=\"3\"><span style=\"color: #000000;\"><strong>PLANT<\/strong><\/span><\/td>\n<td><span class='tooltipsall tooltipsincontent classtoolTips185'>AG<\/span><\/td>\n<td style=\"text-align: center;\"><span class='tooltipsall tooltipsincontent classtoolTips146'>RAF<\/span><\/td>\n<td colspan=\"2\">552486<\/td>\n<td><span style=\"color: #000000;\"><strong><span class='tooltipsall tooltipsincontent classtoolTips110'>KIA<\/span><\/strong><\/span><\/td>\n<td colspan=\"5\"><\/td>\n<\/tr>\n<tr style=\"height: 60px;\">\n<td><img decoding=\"async\" class=\"size-full wp-image-47215 alignleft\" title=\"Royaume Uni\" src=\"https:\/\/www.auzeau.fr\/39-45\/wp-content\/uploads\/images\/Drapeaux\/Angleterre.png\" alt=\"Royaume-Uni\" width=\"40\" height=\"20\" \/><\/td>\n<td><span class='tooltipsall tooltipsincontent classtoolTips96'>Sgt<\/span><\/td>\n<td colspan=\"5\">Charles Maurice<\/td>\n<td colspan=\"3\"><span style=\"color: #000000;\"><strong>TIPLADY<\/strong><\/span><\/td>\n<td><span class='tooltipsall tooltipsincontent classtoolTips117'>Obs<\/span><\/td>\n<td style=\"text-align: center;\"><span class='tooltipsall tooltipsincontent classtoolTips45'>RAFVR<\/span><\/td>\n<td colspan=\"2\">949600<\/td>\n<td><span style=\"color: #000000;\"><strong><span class='tooltipsall tooltipsincontent classtoolTips110'>KIA<\/span><\/strong><\/span><\/td>\n<td colspan=\"5\"><\/td>\n<\/tr>\n<tr style=\"height: 60px;\">\n<td><img decoding=\"async\" class=\"size-full wp-image-47215 alignleft\" title=\"Royaume Uni\" src=\"https:\/\/www.auzeau.fr\/39-45\/wp-content\/uploads\/images\/Drapeaux\/Angleterre.png\" alt=\"Royaume-Uni\" width=\"40\" height=\"20\" \/><\/td>\n<td><span class='tooltipsall tooltipsincontent classtoolTips12'>Plt Off<\/span><\/td>\n<td colspan=\"5\">Nelson Henry<\/td>\n<td colspan=\"3\"><span style=\"color: #000000;\"><strong>WEBB<\/strong><\/span><\/td>\n<td><span class='tooltipsall tooltipsincontent classtoolTips151'>Pil<\/span><\/td>\n<td style=\"text-align: center;\"><span class='tooltipsall tooltipsincontent classtoolTips45'>RAFVR<\/span><\/td>\n<td colspan=\"2\">957879<\/td>\n<td><span style=\"color: #000000;\"><strong><span class='tooltipsall tooltipsincontent classtoolTips110'>KIA<\/span><\/strong><\/span><\/td>\n<td colspan=\"5\"><img decoding=\"async\" class=\"alignnone size-full wp-image-35378\" title=\"Distinguished-Flying-Medal\" src=\"https:\/\/www.auzeau.fr\/39-45\/wp-content\/uploads\/images\/Medaille\/Distinguished-Flying-Medal.png\" alt=\"Medaille - Distinguished-Flying-Medal.png\" width=\"73\" height=\"20\" \/><\/td>\n<\/tr>\n<tr>\n<td colspan=\"20\" height=\"20\"><\/td>\n<\/tr>\n<tr>\n<td colspan=\"20\"><div id='gallery-1' class='gallery galleryid-42176 gallery-columns-5 gallery-size-thumbnail'><figure class='gallery-item'>\n\t\t\t<div class='gallery-icon landscape'>\n\t\t\t\t<a title=\"Beaufort_L4474\"  title=\"Beaufort_L4474\"  href='https:\/\/www.auzeau.fr\/39-45\/wp-content\/uploads\/Cimetieres\/31%20--%2060\/56-Morbihan\/Lanester\/L4474\/Beaufort_L4474.jpg'><img loading=\"lazy\" decoding=\"async\" width=\"150\" height=\"150\" src=\"https:\/\/www.auzeau.fr\/39-45\/wp-content\/uploads\/Cimetieres\/31 -- 60\/56-Morbihan\/Lanester\/L4474\/Beaufort_L4474-150x150.jpg\" class=\"attachment-thumbnail size-thumbnail\" alt=\"\" srcset=\"https:\/\/www.auzeau.fr\/39-45\/wp-content\/uploads\/Cimetieres\/31%20--%2060\/56-Morbihan\/Lanester\/L4474\/Beaufort_L4474-150x150.jpg 150w, https:\/\/www.auzeau.fr\/39-45\/wp-content\/uploads\/Cimetieres\/31%20--%2060\/56-Morbihan\/Lanester\/L4474\/Beaufort_L4474-50x50.jpg 50w\" sizes=\"(max-width: 150px) 100vw, 150px\" \/><\/a>\n\t\t\t<\/div><\/figure><figure class='gallery-item'>\n\t\t\t<div class='gallery-icon portrait'>\n\t\t\t\t<a title=\"Milligan\"  title=\"Milligan\"  href='https:\/\/www.auzeau.fr\/39-45\/wp-content\/uploads\/Cimetieres\/31%20--%2060\/56-Morbihan\/Lanester\/L4474\/Milligan.jpg'><img loading=\"lazy\" decoding=\"async\" width=\"150\" height=\"150\" src=\"https:\/\/www.auzeau.fr\/39-45\/wp-content\/uploads\/Cimetieres\/31 -- 60\/56-Morbihan\/Lanester\/L4474\/Milligan-150x150.jpg\" class=\"attachment-thumbnail size-thumbnail\" alt=\"\" srcset=\"https:\/\/www.auzeau.fr\/39-45\/wp-content\/uploads\/Cimetieres\/31%20--%2060\/56-Morbihan\/Lanester\/L4474\/Milligan-150x150.jpg 150w, https:\/\/www.auzeau.fr\/39-45\/wp-content\/uploads\/Cimetieres\/31%20--%2060\/56-Morbihan\/Lanester\/L4474\/Milligan-50x50.jpg 50w\" sizes=\"(max-width: 150px) 100vw, 150px\" \/><\/a>\n\t\t\t<\/div><\/figure><figure class='gallery-item'>\n\t\t\t<div class='gallery-icon portrait'>\n\t\t\t\t<a title=\"Plant\"  title=\"Plant\"  href='https:\/\/www.auzeau.fr\/39-45\/wp-content\/uploads\/Cimetieres\/31%20--%2060\/56-Morbihan\/Lanester\/L4474\/Plant.jpg'><img loading=\"lazy\" decoding=\"async\" width=\"150\" height=\"150\" src=\"https:\/\/www.auzeau.fr\/39-45\/wp-content\/uploads\/Cimetieres\/31 -- 60\/56-Morbihan\/Lanester\/L4474\/Plant-150x150.jpg\" class=\"attachment-thumbnail size-thumbnail\" alt=\"\" srcset=\"https:\/\/www.auzeau.fr\/39-45\/wp-content\/uploads\/Cimetieres\/31%20--%2060\/56-Morbihan\/Lanester\/L4474\/Plant-150x150.jpg 150w, https:\/\/www.auzeau.fr\/39-45\/wp-content\/uploads\/Cimetieres\/31%20--%2060\/56-Morbihan\/Lanester\/L4474\/Plant-50x50.jpg 50w\" sizes=\"(max-width: 150px) 100vw, 150px\" \/><\/a>\n\t\t\t<\/div><\/figure><figure class='gallery-item'>\n\t\t\t<div class='gallery-icon portrait'>\n\t\t\t\t<a title=\"Tiplady\"  title=\"Tiplady\"  href='https:\/\/www.auzeau.fr\/39-45\/wp-content\/uploads\/Cimetieres\/31%20--%2060\/56-Morbihan\/Lanester\/L4474\/Tiplady.jpg'><img loading=\"lazy\" decoding=\"async\" width=\"150\" height=\"150\" src=\"https:\/\/www.auzeau.fr\/39-45\/wp-content\/uploads\/Cimetieres\/31 -- 60\/56-Morbihan\/Lanester\/L4474\/Tiplady-150x150.jpg\" class=\"attachment-thumbnail size-thumbnail\" alt=\"\" srcset=\"https:\/\/www.auzeau.fr\/39-45\/wp-content\/uploads\/Cimetieres\/31%20--%2060\/56-Morbihan\/Lanester\/L4474\/Tiplady-150x150.jpg 150w, https:\/\/www.auzeau.fr\/39-45\/wp-content\/uploads\/Cimetieres\/31%20--%2060\/56-Morbihan\/Lanester\/L4474\/Tiplady-50x50.jpg 50w\" sizes=\"(max-width: 150px) 100vw, 150px\" \/><\/a>\n\t\t\t<\/div><\/figure><figure class='gallery-item'>\n\t\t\t<div class='gallery-icon portrait'>\n\t\t\t\t<a title=\"Webb\"  title=\"Webb\"  href='https:\/\/www.auzeau.fr\/39-45\/wp-content\/uploads\/Cimetieres\/31%20--%2060\/56-Morbihan\/Lanester\/L4474\/Webb.jpg'><img loading=\"lazy\" decoding=\"async\" width=\"150\" height=\"150\" src=\"https:\/\/www.auzeau.fr\/39-45\/wp-content\/uploads\/Cimetieres\/31 -- 60\/56-Morbihan\/Lanester\/L4474\/Webb-150x150.jpg\" class=\"attachment-thumbnail size-thumbnail\" alt=\"\" srcset=\"https:\/\/www.auzeau.fr\/39-45\/wp-content\/uploads\/Cimetieres\/31%20--%2060\/56-Morbihan\/Lanester\/L4474\/Webb-150x150.jpg 150w, https:\/\/www.auzeau.fr\/39-45\/wp-content\/uploads\/Cimetieres\/31%20--%2060\/56-Morbihan\/Lanester\/L4474\/Webb-50x50.jpg 50w\" sizes=\"(max-width: 150px) 100vw, 150px\" \/><\/a>\n\t\t\t<\/div><\/figure>\n\t\t<\/div>\n<\/td>\n<\/tr>\n<\/tbody>\n<\/table>\n<table>\n<tbody>\n<tr>\n<td style=\"background-color: #dcdcdc; text-align: center; vertical-align: middle;\">\n<p style=\"text-align: center;\"><ul id=\"menu-56-lanester\" class=\"menu\"><li id=\"menu-item-56102\" class=\"menu-item menu-item-type-post_type menu-item-object-page menu-item-56102\"><a href=\"https:\/\/www.auzeau.fr\/39-45\/france\/56-morbihan\/56-lanester\/\">Beaufort L4474<\/a><\/li>\n<li id=\"menu-item-56107\" class=\"menu-item menu-item-type-post_type menu-item-object-page menu-item-56107\"><a href=\"https:\/\/www.auzeau.fr\/39-45\/france\/56-morbihan\/56-lanester-2\/\">Hampden X3141<\/a><\/li>\n<\/ul>\n<\/td>\n<\/tr>\n<\/tbody>\n<\/table>\n<hr \/>\n<p style=\"text-align: center;\"><ul id=\"menu-56-morbihan\" class=\"menu\"><li id=\"menu-item-55636\" class=\"menu-item menu-item-type-post_type menu-item-object-page menu-item-55636\"><a href=\"https:\/\/www.auzeau.fr\/39-45\/france\/56-morbihan\/56-gavres\/\">56 \u2013 Gavres<\/a><\/li>\n<li id=\"menu-item-55637\" class=\"menu-item menu-item-type-post_type menu-item-object-page menu-item-55637\"><a href=\"https:\/\/www.auzeau.fr\/39-45\/france\/56-morbihan\/56-guidel\/\">56 \u2013 Guidel<\/a><\/li>\n<li id=\"menu-item-101551\" class=\"menu-item menu-item-type-post_type menu-item-object-page menu-item-101551\"><a href=\"https:\/\/www.auzeau.fr\/39-45\/france\/56-morbihan\/56-hennebont-cimetiere-de-st-caradec\/\">56 \u2013 Hennebont Cimeti\u00e8re de St Caradec<\/a><\/li>\n<li id=\"menu-item-68201\" class=\"menu-item menu-item-type-post_type menu-item-object-page menu-item-68201\"><a href=\"https:\/\/www.auzeau.fr\/39-45\/france\/56-morbihan\/56-ile-aux-moines\/\">56 \u2013 Ile-aux-Moines<\/a><\/li>\n<li id=\"menu-item-68200\" class=\"menu-item menu-item-type-post_type menu-item-object-page menu-item-68200\"><a href=\"https:\/\/www.auzeau.fr\/39-45\/france\/56-morbihan\/56-la-trinite-sur-mer\/\">56 \u2013 La Trinit\u00e9-sur-Mer<\/a><\/li>\n<li id=\"menu-item-68199\" class=\"menu-item menu-item-type-post_type menu-item-object-page menu-item-68199\"><a href=\"https:\/\/www.auzeau.fr\/39-45\/france\/56-morbihan\/56-lamor-plage\/\">56 \u2013 Lamor-Plage<\/a><\/li>\n<li id=\"menu-item-55638\" class=\"menu-item menu-item-type-post_type menu-item-object-page menu-item-55638\"><a href=\"https:\/\/www.auzeau.fr\/39-45\/france\/56-morbihan\/56-lanester\/\">56 \u2013 Lanester<\/a><\/li>\n<li id=\"menu-item-55639\" class=\"menu-item menu-item-type-post_type menu-item-object-page menu-item-55639\"><a href=\"https:\/\/www.auzeau.fr\/39-45\/france\/56-morbihan\/56-lorient\/\">56 \u2013 Lorient<\/a><\/li>\n<li id=\"menu-item-68198\" class=\"menu-item menu-item-type-post_type menu-item-object-page menu-item-68198\"><a href=\"https:\/\/www.auzeau.fr\/39-45\/france\/56-morbihan\/56-penestin\/\">56 \u2013 P\u00e9nestin<\/a><\/li>\n<li id=\"menu-item-68197\" class=\"menu-item menu-item-type-post_type menu-item-object-page menu-item-68197\"><a href=\"https:\/\/www.auzeau.fr\/39-45\/france\/56-morbihan\/56-plougoumelen\/\">56 \u2013 Plougoumelen<\/a><\/li>\n<li id=\"menu-item-68203\" class=\"menu-item menu-item-type-post_type menu-item-object-page menu-item-68203\"><a href=\"https:\/\/www.auzeau.fr\/39-45\/france\/56-morbihan\/56-quiberon\/\">56 \u2013 Quiberon<\/a><\/li>\n<li id=\"menu-item-55640\" class=\"menu-item menu-item-type-post_type menu-item-object-page menu-item-55640\"><a href=\"https:\/\/www.auzeau.fr\/39-45\/france\/56-morbihan\/56-reguiny\/\">56 \u2013 R\u00e9guiny<\/a><\/li>\n<li id=\"menu-item-69830\" class=\"menu-item menu-item-type-post_type menu-item-object-page menu-item-69830\"><a href=\"https:\/\/www.auzeau.fr\/39-45\/france\/56-morbihan\/56-sainte-anne-d-auray\/\">56 &#8211; Sainte-Anne-d&#8217;Auray N\u00e9cropole nationale<\/a><\/li>\n<li id=\"menu-item-68195\" class=\"menu-item menu-item-type-post_type menu-item-object-page menu-item-68195\"><a href=\"https:\/\/www.auzeau.fr\/39-45\/france\/56-morbihan\/56-sarzeau\/\">56 \u2013 Sarzeau<\/a><\/li>\n<li id=\"menu-item-68194\" class=\"menu-item menu-item-type-post_type menu-item-object-page menu-item-68194\"><a href=\"https:\/\/www.auzeau.fr\/39-45\/france\/56-morbihan\/56-vannes\/\">56 \u2013 Vannes<\/a><\/li>\n<\/ul>\n<script type=\"text\/javascript\"> toolTips('.classtoolTips12','Pilot Officer'); <\/script><script type=\"text\/javascript\"> toolTips('.classtoolTips45','Royal Air Force Volunteer Reserve'); <\/script><script type=\"text\/javascript\"> toolTips('.classtoolTips70','<img class=\"aligncenter wp-image-65848 size-full\" title=\"Flak18\" src=\"https:\/\/www.auzeau.fr\/39-45\/wp-content\/uploads\/images\/Materiel\/Flak18.JPG\" alt=\"\" width=\"640\" height=\"499\" \/><br\/><img class=\"aligncenter size-full wp-image-65849\" title=\"Flak30\" src=\"https:\/\/www.auzeau.fr\/39-45\/wp-content\/uploads\/images\/Materiel\/Flak30.JPG\" alt=\"\" width=\"640\" height=\"499\" \/>'); <\/script><script type=\"text\/javascript\"> toolTips('.classtoolTips95','Leading Aircraftman'); <\/script><script type=\"text\/javascript\"> toolTips('.classtoolTips96','Sergent<br\/><br\/>Sergeant'); <\/script><script type=\"text\/javascript\"> toolTips('.classtoolTips98','Colonel'); <\/script><script type=\"text\/javascript\"> toolTips('.classtoolTips110','Tu\u00e9 au combat<br\/><br\/>Killed In Action'); <\/script><script type=\"text\/javascript\"> toolTips('.classtoolTips115','Op\u00e9rateur Radio<br\/><br\/>Wireless Op\u00e9rator'); <\/script><script type=\"text\/javascript\"> toolTips('.classtoolTips117','Observateur<br\/><br\/>Oberver'); <\/script><script type=\"text\/javascript\"> toolTips('.classtoolTips134','\u00c9vad\u00e9<br\/><br\/>Evaded'); <\/script><script type=\"text\/javascript\"> toolTips('.classtoolTips144','Royal Corps of Signals'); <\/script><script type=\"text\/javascript\"> toolTips('.classtoolTips146','Royal Air Force'); <\/script><script type=\"text\/javascript\"> toolTips('.classtoolTips151','Pilote<br\/><br\/>Pilot'); <\/script><script type=\"text\/javascript\"> toolTips('.classtoolTips153','Porucznik'); <\/script><script type=\"text\/javascript\"> toolTips('.classtoolTips158','Midshipman'); <\/script><script type=\"text\/javascript\"> toolTips('.classtoolTips173','Leading Airman'); <\/script><script type=\"text\/javascript\"> toolTips('.classtoolTips182','Warrant Officer'); <\/script><script type=\"text\/javascript\"> toolTips('.classtoolTips185','Mitrailleur<br\/><br\/>Air Gunner'); <\/script><script type=\"text\/javascript\"> toolTips('.classtoolTips188','Bombardier<br\/><br\/>Air bomber'); <\/script><script type=\"text\/javascript\"> toolTips('.classtoolTips189','M\u00e9canicien volant<br\/><br\/>Flying Enginer'); <\/script><script type=\"text\/javascript\"> toolTips('.classtoolTips195','Enseigne de Vaisseau'); <\/script><script type=\"text\/javascript\"> toolTips('.classtoolTips197','Aircraftman'); <\/script><script type=\"text\/javascript\"> toolTips('.classtoolTips199','Radio Officer'); <\/script><script type=\"text\/javascript\"> toolTips('.classtoolTips201','Lieutenant'); <\/script>","protected":false},"excerpt":{"rendered":"<p>Beaufort L4474 MW-E 217 Sqn Date : 20 d\u00e9cembre 1940 Mission : Lorient (56) D\u00e9collage : St-Eval \u00e0 04:07 Causes de la perte : Abattu par la Flak Lieu de la perte : &#8220;Malachappe&#8221; \u00e0 Lanester (56) Sgt Peter MILLGAN WOP RAF 629402 KIA Sgt William Sidney PLANT AG RAF 552486 KIA Sgt Charles Maurice [&hellip;]<\/p>\n","protected":false},"author":1,"featured_media":0,"parent":43153,"menu_order":0,"comment_status":"closed","ping_status":"closed","template":"template-full-width Beaufort.php","meta":{"_lmt_disableupdate":"yes","_lmt_disable":"","footnotes":""},"categories":[958],"tags":[959],"wf_page_folders":[3110],"class_list":["post-42176","page","type-page","status-publish","hentry","category-beaufort","tag-217-squadron"],"_links":{"self":[{"href":"https:\/\/www.auzeau.fr\/39-45\/wp-json\/wp\/v2\/pages\/42176","targetHints":{"allow":["GET"]}}],"collection":[{"href":"https:\/\/www.auzeau.fr\/39-45\/wp-json\/wp\/v2\/pages"}],"about":[{"href":"https:\/\/www.auzeau.fr\/39-45\/wp-json\/wp\/v2\/types\/page"}],"author":[{"embeddable":true,"href":"https:\/\/www.auzeau.fr\/39-45\/wp-json\/wp\/v2\/users\/1"}],"replies":[{"embeddable":true,"href":"https:\/\/www.auzeau.fr\/39-45\/wp-json\/wp\/v2\/comments?post=42176"}],"version-history":[{"count":0,"href":"https:\/\/www.auzeau.fr\/39-45\/wp-json\/wp\/v2\/pages\/42176\/revisions"}],"up":[{"embeddable":true,"href":"https:\/\/www.auzeau.fr\/39-45\/wp-json\/wp\/v2\/pages\/43153"}],"wp:attachment":[{"href":"https:\/\/www.auzeau.fr\/39-45\/wp-json\/wp\/v2\/media?parent=42176"}],"wp:term":[{"taxonomy":"category","embeddable":true,"href":"https:\/\/www.auzeau.fr\/39-45\/wp-json\/wp\/v2\/categories?post=42176"},{"taxonomy":"post_tag","embeddable":true,"href":"https:\/\/www.auzeau.fr\/39-45\/wp-json\/wp\/v2\/tags?post=42176"},{"taxonomy":"wf_page_folders","embeddable":true,"href":"https:\/\/www.auzeau.fr\/39-45\/wp-json\/wp\/v2\/wf_page_folders?post=42176"}],"curies":[{"name":"wp","href":"https:\/\/api.w.org\/{rel}","templated":true}]}}