{"id":41428,"date":"2017-10-20T22:08:35","date_gmt":"2017-10-20T20:08:35","guid":{"rendered":"http:\/\/www.auzeau.fr\/3945\/?page_id=41428"},"modified":"2018-05-15T19:18:40","modified_gmt":"2018-05-15T17:18:40","slug":"27-connelles","status":"publish","type":"page","link":"https:\/\/www.auzeau.fr\/39-45\/france\/27-eure\/27-connelles\/","title":{"rendered":"27 &#8211; Connelles"},"content":{"rendered":"<p><img fetchpriority=\"high\" decoding=\"async\" class=\"aligncenter size-full wp-image-52207\" title=\"Connelles\" src=\"https:\/\/www.auzeau.fr\/39-45\/wp-content\/uploads\/Cimetieres\/01 -- 30\/27 - Eure\/Connelles\/Connelles.jpg\" alt=\"\" width=\"900\" height=\"450\" srcset=\"https:\/\/www.auzeau.fr\/39-45\/wp-content\/uploads\/Cimetieres\/01%20--%2030\/27%20-%20Eure\/Connelles\/Connelles.jpg 900w, https:\/\/www.auzeau.fr\/39-45\/wp-content\/uploads\/Cimetieres\/01%20--%2030\/27%20-%20Eure\/Connelles\/Connelles-300x150.jpg 300w, https:\/\/www.auzeau.fr\/39-45\/wp-content\/uploads\/Cimetieres\/01%20--%2030\/27%20-%20Eure\/Connelles\/Connelles-768x384.jpg 768w\" sizes=\"(max-width: 900px) 100vw, 900px\" \/><\/p>\n<table style=\"width: 100%;\" border=\"0\">\n<tbody>\n<tr>\n<td style=\"width: 5%;\"><\/td>\n<td style=\"width: 5%;\"><\/td>\n<td style=\"width: 5%;\"><\/td>\n<td style=\"width: 5%;\"><\/td>\n<td style=\"width: 5%;\"><\/td>\n<td style=\"width: 5%;\"><\/td>\n<td style=\"width: 5%;\"><\/td>\n<td style=\"width: 5%;\"><\/td>\n<td style=\"width: 5%;\"><\/td>\n<td style=\"width: 5%;\"><\/td>\n<td style=\"width: 5%;\"><\/td>\n<td style=\"width: 5%;\"><\/td>\n<td style=\"width: 5%;\"><\/td>\n<td style=\"width: 5%;\"><\/td>\n<td style=\"width: 5%;\"><\/td>\n<td style=\"width: 5%;\"><\/td>\n<td style=\"width: 5%;\"><\/td>\n<td style=\"width: 5%;\"><\/td>\n<td style=\"width: 5%;\"><\/td>\n<td style=\"width: 5%;\"><\/td>\n<\/tr>\n<tr>\n<td colspan=\"15\"><strong><span style=\"font-size: xx-large;\"><span style=\"color: #000000;\">Spitfire ML120 FF-P<\/span><br \/>\n<\/span><\/strong><\/td>\n<td style=\"text-align: center;\" colspan=\"5\"><strong><span style=\"font-size: xx-large;\">132 Sqn<\/span><\/strong><\/td>\n<\/tr>\n<tr style=\"height: 40px;\">\n<td style=\"text-align: right;\" colspan=\"2\"><span style=\"font-size: 14px;\"><strong>Date : <\/strong><\/span><\/td>\n<td colspan=\"5\"><span style=\"font-size: 14px;\"><em>18 juin 1944<br \/>\n<\/em><\/span><\/td>\n<td style=\"text-align: right;\" colspan=\"3\"><span style=\"font-size: 14px;\"><strong>Mission : <\/strong><\/span><\/td>\n<td colspan=\"10\"><span style=\"font-size: 14px;\"><em><span class='tooltipsall tooltipsincontent classtoolTips31'>Ranger<\/span> secteur\u00a0 d&#8217;\u00c9vreux (27)<br \/>\n<\/em><\/span><\/td>\n<\/tr>\n<tr style=\"height: 40px;\">\n<td><\/td>\n<td><\/td>\n<td style=\"text-align: right;\" colspan=\"5\"><span style=\"font-size: 14px;\"><strong>D\u00e9collage : <\/strong><\/span><\/td>\n<td colspan=\"10\"><span style=\"font-size: 14px;\"><em>Ford \u00e0 14:55<br \/>\n<\/em><\/span><\/td>\n<td><\/td>\n<td><\/td>\n<td><\/td>\n<\/tr>\n<tr style=\"height: 40px;\">\n<td><\/td>\n<td><\/td>\n<td style=\"text-align: right;\" colspan=\"5\"><span style=\"font-size: 14px;\"><strong>Causes de la perte : <\/strong><\/span><\/td>\n<td colspan=\"10\"><span style=\"font-size: 14px;\"><em>Abattu par <span class=\"st\">la <span class='tooltipsall tooltipsincontent classtoolTips70'>Flak<\/span> en poursuivant un <span class='tooltipsall tooltipsincontent classtoolTips26'>FW 190<\/span><\/span><br \/>\n<\/em><\/span><\/td>\n<td><\/td>\n<td><\/td>\n<td><\/td>\n<\/tr>\n<tr style=\"height: 40px;\">\n<td><\/td>\n<td><\/td>\n<td style=\"text-align: right;\" colspan=\"5\"><span style=\"font-size: 14px;\"><strong>Lieu de la perte : <\/strong><\/span><\/td>\n<td colspan=\"10\"><span style=\"font-size: 14px;\"><em>Connelles (27)<\/em><\/span><\/td>\n<td><\/td>\n<td><\/td>\n<td><\/td>\n<\/tr>\n<tr style=\"height: 60px;\">\n<td><span style=\"font-size: 14px;\"><img decoding=\"async\" class=\"size-full wp-image-47215 alignleft\" title=\"Royaume Uni\" src=\"https:\/\/www.auzeau.fr\/39-45\/wp-content\/uploads\/images\/Drapeaux\/Angleterre.png\" alt=\"Royaume-Uni\" width=\"40\" height=\"20\" \/><\/span><\/td>\n<td><span class='tooltipsall tooltipsincontent classtoolTips33'>Flt <span class='tooltipsall tooltipsincontent classtoolTips201'>Lt<\/span><\/span><\/td>\n<td colspan=\"5\">Robert Lionel Frank<\/td>\n<td colspan=\"3\"><span style=\"font-size: 14px; color: #000000;\"><strong>DAY<\/strong><\/span><\/td>\n<td><\/td>\n<td><span class='tooltipsall tooltipsincontent classtoolTips146'>RAF<\/span><\/td>\n<td colspan=\"2\">41263<\/td>\n<td><span style=\"font-size: 14px; color: #000000;\"><strong><span class='tooltipsall tooltipsincontent classtoolTips110'>KIA<\/span><\/strong><\/span><\/td>\n<td colspan=\"5\">\u00a0<img decoding=\"async\" class=\"alignnone size-full wp-image-35373\" title=\"Distinguished-Flying-Cross\" src=\"https:\/\/www.auzeau.fr\/39-45\/wp-content\/uploads\/images\/Medaille\/Distinguished-Flying-Cross.png\" alt=\"Medaille - Distinguished-Flying-Cross.png\" width=\"73\" height=\"20\" \/><\/td>\n<\/tr>\n<tr>\n<td colspan=\"20\" height=\"20\"><\/td>\n<\/tr>\n<tr>\n<td colspan=\"20\"><div id='gallery-1' class='gallery galleryid-41428 gallery-columns-2 gallery-size-thumbnail'><figure class='gallery-item'>\n\t\t\t<div class='gallery-icon portrait'>\n\t\t\t\t<a title=\"Spitfire_ML120\"  title=\"Spitfire_ML120\"  href='https:\/\/www.auzeau.fr\/39-45\/wp-content\/uploads\/Cimetieres\/01%20--%2030\/27%20-%20Eure\/Connelles\/Spitfire_ML120.jpg'><img loading=\"lazy\" decoding=\"async\" width=\"150\" height=\"150\" src=\"https:\/\/www.auzeau.fr\/39-45\/wp-content\/uploads\/Cimetieres\/01 -- 30\/27 - Eure\/Connelles\/Spitfire_ML120-150x150.jpg\" class=\"attachment-thumbnail size-thumbnail\" alt=\"\" srcset=\"https:\/\/www.auzeau.fr\/39-45\/wp-content\/uploads\/Cimetieres\/01%20--%2030\/27%20-%20Eure\/Connelles\/Spitfire_ML120-150x150.jpg 150w, https:\/\/www.auzeau.fr\/39-45\/wp-content\/uploads\/Cimetieres\/01%20--%2030\/27%20-%20Eure\/Connelles\/Spitfire_ML120-50x50.jpg 50w\" sizes=\"(max-width: 150px) 100vw, 150px\" \/><\/a>\n\t\t\t<\/div><\/figure><figure class='gallery-item'>\n\t\t\t<div class='gallery-icon portrait'>\n\t\t\t\t<a title=\"Day\"  title=\"Day\"  href='https:\/\/www.auzeau.fr\/39-45\/wp-content\/uploads\/Cimetieres\/01%20--%2030\/27%20-%20Eure\/Connelles\/Day.jpg'><img loading=\"lazy\" decoding=\"async\" width=\"150\" height=\"150\" src=\"https:\/\/www.auzeau.fr\/39-45\/wp-content\/uploads\/Cimetieres\/01 -- 30\/27 - Eure\/Connelles\/Day-150x150.jpg\" class=\"attachment-thumbnail size-thumbnail\" alt=\"\" srcset=\"https:\/\/www.auzeau.fr\/39-45\/wp-content\/uploads\/Cimetieres\/01%20--%2030\/27%20-%20Eure\/Connelles\/Day-150x150.jpg 150w, https:\/\/www.auzeau.fr\/39-45\/wp-content\/uploads\/Cimetieres\/01%20--%2030\/27%20-%20Eure\/Connelles\/Day-50x50.jpg 50w\" sizes=\"(max-width: 150px) 100vw, 150px\" \/><\/a>\n\t\t\t<\/div><\/figure>\n\t\t<\/div>\n<\/td>\n<\/tr>\n<tr>\n<td colspan=\"20\" height=\"20\"><\/td>\n<\/tr>\n<tr>\n<td colspan=\"20\"><span style=\"font-size: 10pt;\"><em>Distinguished Flying Cross<\/em><\/span><br \/>\n<span style=\"font-size: 10pt;\"> <em> Flying Officer Robert Lionel Frank DAY (41263), No. 141 Squadron.<\/em><\/span><br \/>\n<span style=\"font-size: 10pt;\"> <em> Pilot Officer Francis Charles Anthony LANNING (79580), Royal Air Force Volunteer Reserve No. 141 Squadron.<\/em><\/span><br \/>\n<span style=\"font-size: 10pt;\"> <em> In May, 1941, Flying Officer Day and Pilot Officer Lanning were the pilot and air gunner respectively of an aircraft engaged in night fighting operations. Observing an enemy aircraft at about 1,000 feet below him, Flying Officer Day skilfully closed in to attack and enabled Pilot Officer Lanning to shoot down the raider. The same night, on further patrol, these officers destroyed another enemy aircraft. Flying Officer Day and Pilot Officer Lanning have carried out many night operational flights and both have displayed great courage and devotion to duty.<\/em><\/span><br \/>\n<span style=\"font-size: 10pt;\"> <strong><em> THE LONDON GAZETTE, FRIDAY, 6 JUNE, 1941.<\/em><\/strong><\/span><\/td>\n<\/tr>\n<\/tbody>\n<\/table>\n<hr \/>\n<p style=\"text-align: center;\"><ul id=\"menu-27-eure\" class=\"menu\"><li id=\"menu-item-52005\" class=\"menu-item menu-item-type-post_type menu-item-object-page menu-item-52005\"><a href=\"https:\/\/www.auzeau.fr\/39-45\/france\/27-eure\/27-aigleville\/\">27 \u2013 Aigleville<\/a><\/li>\n<li id=\"menu-item-52006\" class=\"menu-item menu-item-type-post_type menu-item-object-page menu-item-52006\"><a href=\"https:\/\/www.auzeau.fr\/39-45\/france\/27-eure\/27-autheuil-authouillet\/\">27 \u2013 Autheuil-Authouillet<\/a><\/li>\n<li id=\"menu-item-52007\" class=\"menu-item menu-item-type-post_type menu-item-object-page menu-item-52007\"><a href=\"https:\/\/www.auzeau.fr\/39-45\/france\/27-eure\/27-barville\/\">27 \u2013 Barville<\/a><\/li>\n<li id=\"menu-item-52008\" class=\"menu-item menu-item-type-post_type menu-item-object-page menu-item-52008\"><a href=\"https:\/\/www.auzeau.fr\/39-45\/france\/27-eure\/27-beaumont-le-roger\/\">27 \u2013 Beaumont-le-Roger<\/a><\/li>\n<li id=\"menu-item-52009\" class=\"menu-item menu-item-type-post_type menu-item-object-page menu-item-52009\"><a href=\"https:\/\/www.auzeau.fr\/39-45\/france\/27-eure\/27-bernay\/\">27 \u2013 Bernay<\/a><\/li>\n<li id=\"menu-item-52010\" class=\"menu-item menu-item-type-post_type menu-item-object-page menu-item-52010\"><a href=\"https:\/\/www.auzeau.fr\/39-45\/france\/27-eure\/27-berthenonville\/\">27 \u2013 Berthenonville<\/a><\/li>\n<li id=\"menu-item-52011\" class=\"menu-item menu-item-type-post_type menu-item-object-page menu-item-52011\"><a href=\"https:\/\/www.auzeau.fr\/39-45\/france\/27-eure\/27-bezu-saint-eloi\/\">27 \u2013 B\u00e9zu-Saint-\u00c9loi<\/a><\/li>\n<li id=\"menu-item-99611\" class=\"menu-item menu-item-type-post_type menu-item-object-page menu-item-99611\"><a href=\"https:\/\/www.auzeau.fr\/39-45\/france\/27-eure\/27-boulleville\/\">27 \u2013 Boulleville<\/a><\/li>\n<li id=\"menu-item-52012\" class=\"menu-item menu-item-type-post_type menu-item-object-page menu-item-52012\"><a href=\"https:\/\/www.auzeau.fr\/39-45\/france\/27-eure\/27-breux-sur-avre\/\">27 \u2013 Breux-sur-Avre<\/a><\/li>\n<li id=\"menu-item-67599\" class=\"menu-item menu-item-type-post_type menu-item-object-page menu-item-67599\"><a href=\"https:\/\/www.auzeau.fr\/39-45\/france\/27-eure\/27-cauge\/\">27 \u2013 Caug\u00e9<\/a><\/li>\n<li id=\"menu-item-52013\" class=\"menu-item menu-item-type-post_type menu-item-object-page menu-item-52013\"><a href=\"https:\/\/www.auzeau.fr\/39-45\/france\/27-eure\/27-charleval\/\">27 \u2013 Charleval<\/a><\/li>\n<li id=\"menu-item-52014\" class=\"menu-item menu-item-type-post_type menu-item-object-page menu-item-52014\"><a href=\"https:\/\/www.auzeau.fr\/39-45\/france\/27-eure\/27-cheronvilliers\/\">27 \u2013 Ch\u00e9ronvilliers<\/a><\/li>\n<li id=\"menu-item-52015\" class=\"menu-item menu-item-type-post_type menu-item-object-page menu-item-52015\"><a href=\"https:\/\/www.auzeau.fr\/39-45\/france\/27-eure\/27-conches-en-ouche\/\">27 \u2013 Conches-en-Ouche<\/a><\/li>\n<li id=\"menu-item-52016\" class=\"menu-item menu-item-type-post_type menu-item-object-page menu-item-52016\"><a href=\"https:\/\/www.auzeau.fr\/39-45\/france\/27-eure\/27-connelles\/\">27 \u2013 Connelles<\/a><\/li>\n<li id=\"menu-item-93645\" class=\"menu-item menu-item-type-post_type menu-item-object-page menu-item-93645\"><a href=\"https:\/\/www.auzeau.fr\/39-45\/france\/27-eure\/27-corneville-sur-risle\/\">27 \u2013 Corneville-sur-Risle<\/a><\/li>\n<li id=\"menu-item-52017\" class=\"menu-item menu-item-type-post_type menu-item-object-page menu-item-52017\"><a href=\"https:\/\/www.auzeau.fr\/39-45\/france\/27-eure\/27-coulongues\/\">27 \u2013 Coulongues<\/a><\/li>\n<li id=\"menu-item-52018\" class=\"menu-item menu-item-type-post_type menu-item-object-page menu-item-52018\"><a href=\"https:\/\/www.auzeau.fr\/39-45\/france\/27-eure\/27-criquebeuf-la-campagne\/\">27 \u2013 Criquebeuf-la-Campagne<\/a><\/li>\n<li id=\"menu-item-52019\" class=\"menu-item menu-item-type-post_type menu-item-object-page menu-item-52019\"><a href=\"https:\/\/www.auzeau.fr\/39-45\/france\/27-eure\/27-ecquetot\/\">27 \u2013 Ecquetot<\/a><\/li>\n<li id=\"menu-item-52020\" class=\"menu-item menu-item-type-post_type menu-item-object-page menu-item-52020\"><a href=\"https:\/\/www.auzeau.fr\/39-45\/france\/27-eure\/27-epinay-mesnil-en-ouche\/\">27 \u2013 \u00c9pinay Mesnil-en-Ouche<\/a><\/li>\n<li id=\"menu-item-93642\" class=\"menu-item menu-item-type-post_type menu-item-object-page menu-item-93642\"><a href=\"https:\/\/www.auzeau.fr\/39-45\/france\/27-eure\/27-etreville\/\">27 \u2013 \u00c9tr\u00e9ville<\/a><\/li>\n<li id=\"menu-item-93641\" class=\"menu-item menu-item-type-post_type menu-item-object-page menu-item-93641\"><a href=\"https:\/\/www.auzeau.fr\/39-45\/france\/27-eure\/27-eturqueraye\/\">27 \u2013 \u00c9turqueraye<\/a><\/li>\n<li id=\"menu-item-67922\" class=\"menu-item menu-item-type-post_type menu-item-object-page menu-item-67922\"><a href=\"https:\/\/www.auzeau.fr\/39-45\/france\/27-eure\/27-evreux\/\">27 \u2013 \u00c9vreux<\/a><\/li>\n<li id=\"menu-item-52021\" class=\"menu-item menu-item-type-post_type menu-item-object-page menu-item-52021\"><a href=\"https:\/\/www.auzeau.fr\/39-45\/france\/27-eure\/27-fontaine-la-louvet\/\">27 \u2013 Fontaine-la-Louvet<\/a><\/li>\n<li id=\"menu-item-93644\" class=\"menu-item menu-item-type-post_type menu-item-object-page menu-item-93644\"><a href=\"https:\/\/www.auzeau.fr\/39-45\/france\/27-eure\/27-fourmetot\/\">27 \u2013 Fourmetot<\/a><\/li>\n<li id=\"menu-item-52022\" class=\"menu-item menu-item-type-post_type menu-item-object-page menu-item-52022\"><a href=\"https:\/\/www.auzeau.fr\/39-45\/france\/27-eure\/27-fresney\/\">27 \u2013 Fresney<\/a><\/li>\n<li id=\"menu-item-52023\" class=\"menu-item menu-item-type-post_type menu-item-object-page menu-item-52023\"><a href=\"https:\/\/www.auzeau.fr\/39-45\/france\/27-eure\/27-gasny\/\">27 \u2013 Gasny<\/a><\/li>\n<li id=\"menu-item-52024\" class=\"menu-item menu-item-type-post_type menu-item-object-page menu-item-52024\"><a href=\"https:\/\/www.auzeau.fr\/39-45\/france\/27-eure\/27-giverny\/\">27 \u2013 Giverny<\/a><\/li>\n<li id=\"menu-item-93640\" class=\"menu-item menu-item-type-post_type menu-item-object-page menu-item-93640\"><a href=\"https:\/\/www.auzeau.fr\/39-45\/france\/27-eure\/27-glos-sur-risle\/\">27 \u2013 Glos-sur-Risle<\/a><\/li>\n<li id=\"menu-item-52025\" class=\"menu-item menu-item-type-post_type menu-item-object-page menu-item-52025\"><a href=\"https:\/\/www.auzeau.fr\/39-45\/france\/27-eure\/27-houville-en-vexin\/\">27 \u2013 Houville-en-Vexin<\/a><\/li>\n<li id=\"menu-item-93650\" class=\"menu-item menu-item-type-post_type menu-item-object-page menu-item-93650\"><a href=\"https:\/\/www.auzeau.fr\/39-45\/france\/27-eure\/27-illeville-sur-montfort\/\">27 \u2013 Illeville-sur-Montfort<\/a><\/li>\n<li id=\"menu-item-99610\" class=\"menu-item menu-item-type-post_type menu-item-object-page menu-item-99610\"><a href=\"https:\/\/www.auzeau.fr\/39-45\/france\/27-eure\/27-la-lande-saint-leger\/\">27 \u2013 La Lande-Saint-L\u00e9ger<\/a><\/li>\n<li id=\"menu-item-99613\" class=\"menu-item menu-item-type-post_type menu-item-object-page menu-item-99613\"><a href=\"https:\/\/www.auzeau.fr\/39-45\/france\/27-eure\/27-la-neuve-lyre\/\">27 \u2013 La Neuve-Lyre<\/a><\/li>\n<li id=\"menu-item-52026\" class=\"menu-item menu-item-type-post_type menu-item-object-page menu-item-52026\"><a href=\"https:\/\/www.auzeau.fr\/39-45\/france\/27-eure\/27-le-fidelaire\/\">27 \u2013 Le Fidelaire<\/a><\/li>\n<li id=\"menu-item-93649\" class=\"menu-item menu-item-type-post_type menu-item-object-page menu-item-93649\"><a href=\"https:\/\/www.auzeau.fr\/39-45\/france\/27-eure\/27-le-gros-theil\/\">27 \u2013 Le Gros-Theil<\/a><\/li>\n<li id=\"menu-item-52027\" class=\"menu-item menu-item-type-post_type menu-item-object-page menu-item-52027\"><a href=\"https:\/\/www.auzeau.fr\/39-45\/france\/27-eure\/27-le-thuit\/\">27 \u2013 Le Thuit<\/a><\/li>\n<li id=\"menu-item-67923\" class=\"menu-item menu-item-type-post_type menu-item-object-page menu-item-67923\"><a href=\"https:\/\/www.auzeau.fr\/39-45\/france\/27-eure\/27-les-andelys\/\">27 \u2013 Les Andelys<\/a><\/li>\n<li id=\"menu-item-52028\" class=\"menu-item menu-item-type-post_type menu-item-object-page menu-item-52028\"><a href=\"https:\/\/www.auzeau.fr\/39-45\/france\/27-eure\/27-les-baux-de-breteuil\/\">27 \u2013 Les Baux-de-Breteuil<\/a><\/li>\n<li id=\"menu-item-52029\" class=\"menu-item menu-item-type-post_type menu-item-object-page menu-item-52029\"><a href=\"https:\/\/www.auzeau.fr\/39-45\/france\/27-eure\/27-les-hogues\/\">27 \u2013 Les Hogues<\/a><\/li>\n<li id=\"menu-item-52030\" class=\"menu-item menu-item-type-post_type menu-item-object-page menu-item-52030\"><a href=\"https:\/\/www.auzeau.fr\/39-45\/france\/27-eure\/27-les-minieres\/\">27 \u2013 Les Mini\u00e8res<\/a><\/li>\n<li id=\"menu-item-99774\" class=\"menu-item menu-item-type-post_type menu-item-object-page menu-item-99774\"><a href=\"https:\/\/www.auzeau.fr\/39-45\/france\/27-eure\/27-les-preaux\/\">27 \u2013 Les Pr\u00e9aux<\/a><\/li>\n<li id=\"menu-item-99612\" class=\"menu-item menu-item-type-post_type menu-item-object-page menu-item-99612\"><a href=\"https:\/\/www.auzeau.fr\/39-45\/france\/27-eure\/27-marbois-le-chesne-2\/\">27 \u2013 Marbois (Le Chesne)<\/a><\/li>\n<li id=\"menu-item-99773\" class=\"menu-item menu-item-type-post_type menu-item-object-page menu-item-99773\"><a href=\"https:\/\/www.auzeau.fr\/39-45\/france\/27-eure\/27-martainville\/\">27 \u2013 Martainville<\/a><\/li>\n<li id=\"menu-item-52031\" class=\"menu-item menu-item-type-post_type menu-item-object-page menu-item-52031\"><a href=\"https:\/\/www.auzeau.fr\/39-45\/france\/27-eure\/27-merey\/\">27 \u2013 Merey<\/a><\/li>\n<li id=\"menu-item-52032\" class=\"menu-item menu-item-type-post_type menu-item-object-page menu-item-52032\"><a href=\"https:\/\/www.auzeau.fr\/39-45\/france\/27-eure\/27-neaufles-saint-martin\/\">27 \u2013 Neaufles-Saint-Martin<\/a><\/li>\n<li id=\"menu-item-52033\" class=\"menu-item menu-item-type-post_type menu-item-object-page menu-item-52033\"><a href=\"https:\/\/www.auzeau.fr\/39-45\/france\/27-eure\/27-pacy-sur-eure\/\">27 \u2013 Pacy-sur-Eure<\/a><\/li>\n<li id=\"menu-item-52034\" class=\"menu-item menu-item-type-post_type menu-item-object-page menu-item-52034\"><a href=\"https:\/\/www.auzeau.fr\/39-45\/france\/27-eure\/27-piencourt\/\">27 \u2013 Piencourt<\/a><\/li>\n<li id=\"menu-item-52035\" class=\"menu-item menu-item-type-post_type menu-item-object-page menu-item-52035\"><a href=\"https:\/\/www.auzeau.fr\/39-45\/france\/27-eure\/27-pont-audemer\/\">27 \u2013 Pont-Audemer<\/a><\/li>\n<li id=\"menu-item-52036\" class=\"menu-item menu-item-type-post_type menu-item-object-page menu-item-52036\"><a href=\"https:\/\/www.auzeau.fr\/39-45\/france\/27-eure\/27-reuilly\/\">27 \u2013 Reuilly<\/a><\/li>\n<li id=\"menu-item-52037\" class=\"menu-item menu-item-type-post_type menu-item-object-page menu-item-52037\"><a href=\"https:\/\/www.auzeau.fr\/39-45\/france\/27-eure\/27-rugles\/\">27 \u2013 Rugles<\/a><\/li>\n<li id=\"menu-item-52038\" class=\"menu-item menu-item-type-post_type menu-item-object-page menu-item-52038\"><a href=\"https:\/\/www.auzeau.fr\/39-45\/france\/27-eure\/27-saint-andre-de-leure\/\">27 \u2013 Saint-Andr\u00e9-de-l\u2019Eure<\/a><\/li>\n<li id=\"menu-item-93646\" class=\"menu-item menu-item-type-post_type menu-item-object-page menu-item-93646\"><a href=\"https:\/\/www.auzeau.fr\/39-45\/france\/27-eure\/27-saint-philibert-sur-risle\/\">27 \u2013 Saint-Philibert-sur-Risle<\/a><\/li>\n<li id=\"menu-item-67598\" class=\"menu-item menu-item-type-post_type menu-item-object-page menu-item-67598\"><a href=\"https:\/\/www.auzeau.fr\/39-45\/france\/27-eure\/27-saint-pierre-d-autils\/\">27 \u2013 Saint-Pierre-d\u2019Autils<\/a><\/li>\n<li id=\"menu-item-69833\" class=\"menu-item menu-item-type-post_type menu-item-object-page menu-item-69833\"><a href=\"https:\/\/www.auzeau.fr\/39-45\/france\/27-eure\/27-saint-pierre-du-vauvray\/\">27 \u2013 Saint-Pierre-du-Vauvray<\/a><\/li>\n<li id=\"menu-item-99772\" class=\"menu-item menu-item-type-post_type menu-item-object-page menu-item-99772\"><a href=\"https:\/\/www.auzeau.fr\/39-45\/france\/27-eure\/27-st-samson-de-la-roque\/\">27 \u2013 Saint-Samson-de-la-Roque<\/a><\/li>\n<li id=\"menu-item-52039\" class=\"menu-item menu-item-type-post_type menu-item-object-page menu-item-52039\"><a href=\"https:\/\/www.auzeau.fr\/39-45\/france\/27-eure\/27-tillieres-sur-avre\/\">27 \u2013 Tilli\u00e8res-sur-Avre<\/a><\/li>\n<li id=\"menu-item-67597\" class=\"menu-item menu-item-type-post_type menu-item-object-page menu-item-67597\"><a href=\"https:\/\/www.auzeau.fr\/39-45\/france\/27-eure\/27-tosny\/\">27 \u2013 Tosny<\/a><\/li>\n<li id=\"menu-item-93648\" class=\"menu-item menu-item-type-post_type menu-item-object-page menu-item-93648\"><a href=\"https:\/\/www.auzeau.fr\/39-45\/france\/27-eure\/27-tourville-la-campagne\/\">27 \u2013 Tourville-la-Campagne<\/a><\/li>\n<li id=\"menu-item-52040\" class=\"menu-item menu-item-type-post_type menu-item-object-page menu-item-52040\"><a href=\"https:\/\/www.auzeau.fr\/39-45\/france\/27-eure\/27-verneuil-sur-avre\/\">27 \u2013 Verneuil-sur-Avre<\/a><\/li>\n<li id=\"menu-item-93647\" class=\"menu-item menu-item-type-post_type menu-item-object-page menu-item-93647\"><a href=\"https:\/\/www.auzeau.fr\/39-45\/france\/27-eure\/27-villez-sur-le-neubourg\/\">27 \u2013 Villez-sur-le-Neubourg<\/a><\/li>\n<\/ul>\n<script type=\"text\/javascript\"> toolTips('.classtoolTips26','<img class=\"aligncenter wp-image-65838 size-full\" title=\"FW 190\" src=\"https:\/\/www.auzeau.fr\/39-45\/wp-content\/uploads\/Avions\/Allemand\/Fw190.jpg\" alt=\"\" width=\"640\" height=\"300\" \/>'); <\/script><script type=\"text\/javascript\"> toolTips('.classtoolTips31','Vols libres au dessus du territoire ennemi afin d\u2019occuper et de combattre la chasse ennemi<br\/><br\/>Freelance flights over enemy teritory, the intention was to occupy and tire ennemy fighters'); <\/script><script type=\"text\/javascript\"> toolTips('.classtoolTips33','Flight Lieutenant'); <\/script><script type=\"text\/javascript\"> toolTips('.classtoolTips63','Dispatcher'); <\/script><script type=\"text\/javascript\"> toolTips('.classtoolTips70','<img class=\"aligncenter wp-image-65848 size-full\" title=\"Flak18\" src=\"https:\/\/www.auzeau.fr\/39-45\/wp-content\/uploads\/images\/Materiel\/Flak18.JPG\" alt=\"\" width=\"640\" height=\"499\" \/><br\/><img class=\"aligncenter size-full wp-image-65849\" title=\"Flak30\" src=\"https:\/\/www.auzeau.fr\/39-45\/wp-content\/uploads\/images\/Materiel\/Flak30.JPG\" alt=\"\" width=\"640\" height=\"499\" \/>'); <\/script><script type=\"text\/javascript\"> toolTips('.classtoolTips98','Colonel'); <\/script><script type=\"text\/javascript\"> toolTips('.classtoolTips110','Tu\u00e9 au combat<br\/><br\/>Killed In Action'); <\/script><script type=\"text\/javascript\"> toolTips('.classtoolTips114','Forces Fran\u00e7aises de l\\'Int\u00e9rieur'); <\/script><script type=\"text\/javascript\"> toolTips('.classtoolTips117','Observateur<br\/><br\/>Oberver'); <\/script><script type=\"text\/javascript\"> toolTips('.classtoolTips134','\u00c9vad\u00e9<br\/><br\/>Evaded'); <\/script><script type=\"text\/javascript\"> toolTips('.classtoolTips144','Royal Corps of Signals'); <\/script><script type=\"text\/javascript\"> toolTips('.classtoolTips146','Royal Air Force'); <\/script><script type=\"text\/javascript\"> toolTips('.classtoolTips148','<strong>D\u00e9c\u00e9d\u00e9 de ses blessures<\/strong><br\/><br\/>concerne une personne qui a surv\u00e9cu pour atteindre un centre de traitement m\u00e9dical.<br\/><br\/><strong>Died of wounds<\/strong><br\/><br\/>concerns a person who survived to reach a medical treatment center.'); <\/script><script type=\"text\/javascript\"> toolTips('.classtoolTips151','Pilote<br\/><br\/>Pilot'); <\/script><script type=\"text\/javascript\"> toolTips('.classtoolTips153','Porucznik'); <\/script><script type=\"text\/javascript\"> toolTips('.classtoolTips185','Mitrailleur<br\/><br\/>Air Gunner'); <\/script><script type=\"text\/javascript\"> toolTips('.classtoolTips188','Bombardier<br\/><br\/>Air bomber'); <\/script><script type=\"text\/javascript\"> toolTips('.classtoolTips189','M\u00e9canicien volant<br\/><br\/>Flying Enginer'); <\/script><script type=\"text\/javascript\"> toolTips('.classtoolTips193','Royal Navy'); <\/script><script type=\"text\/javascript\"> toolTips('.classtoolTips195','Enseigne de Vaisseau'); <\/script><script type=\"text\/javascript\"> toolTips('.classtoolTips197','Aircraftman'); <\/script><script type=\"text\/javascript\"> toolTips('.classtoolTips199','Radio Officer'); <\/script><script type=\"text\/javascript\"> toolTips('.classtoolTips201','Lieutenant'); <\/script>","protected":false},"excerpt":{"rendered":"<p>Spitfire ML120 FF-P 132 Sqn Date : 18 juin 1944 Mission : Ranger secteur\u00a0 d&#8217;\u00c9vreux (27) D\u00e9collage : Ford \u00e0 14:55 Causes de la perte : Abattu par la Flak en poursuivant un FW 190 Lieu de la perte : Connelles (27) Flt Lt Robert Lionel Frank DAY RAF 41263 KIA \u00a0 Distinguished Flying Cross [&hellip;]<\/p>\n","protected":false},"author":1,"featured_media":0,"parent":63,"menu_order":0,"comment_status":"closed","ping_status":"closed","template":"template-full-width Spitfire.php","meta":{"_lmt_disableupdate":"yes","_lmt_disable":"","footnotes":""},"categories":[586],"tags":[1048],"wf_page_folders":[3119],"class_list":["post-41428","page","type-page","status-publish","hentry","category-spitfire","tag-132-squadron"],"_links":{"self":[{"href":"https:\/\/www.auzeau.fr\/39-45\/wp-json\/wp\/v2\/pages\/41428","targetHints":{"allow":["GET"]}}],"collection":[{"href":"https:\/\/www.auzeau.fr\/39-45\/wp-json\/wp\/v2\/pages"}],"about":[{"href":"https:\/\/www.auzeau.fr\/39-45\/wp-json\/wp\/v2\/types\/page"}],"author":[{"embeddable":true,"href":"https:\/\/www.auzeau.fr\/39-45\/wp-json\/wp\/v2\/users\/1"}],"replies":[{"embeddable":true,"href":"https:\/\/www.auzeau.fr\/39-45\/wp-json\/wp\/v2\/comments?post=41428"}],"version-history":[{"count":0,"href":"https:\/\/www.auzeau.fr\/39-45\/wp-json\/wp\/v2\/pages\/41428\/revisions"}],"up":[{"embeddable":true,"href":"https:\/\/www.auzeau.fr\/39-45\/wp-json\/wp\/v2\/pages\/63"}],"wp:attachment":[{"href":"https:\/\/www.auzeau.fr\/39-45\/wp-json\/wp\/v2\/media?parent=41428"}],"wp:term":[{"taxonomy":"category","embeddable":true,"href":"https:\/\/www.auzeau.fr\/39-45\/wp-json\/wp\/v2\/categories?post=41428"},{"taxonomy":"post_tag","embeddable":true,"href":"https:\/\/www.auzeau.fr\/39-45\/wp-json\/wp\/v2\/tags?post=41428"},{"taxonomy":"wf_page_folders","embeddable":true,"href":"https:\/\/www.auzeau.fr\/39-45\/wp-json\/wp\/v2\/wf_page_folders?post=41428"}],"curies":[{"name":"wp","href":"https:\/\/api.w.org\/{rel}","templated":true}]}}