{"id":3640,"date":"2017-08-09T15:40:23","date_gmt":"2017-08-09T13:40:23","guid":{"rendered":"http:\/\/www.auzeau.fr\/3945\/?page_id=3640"},"modified":"2018-05-15T19:17:57","modified_gmt":"2018-05-15T17:17:57","slug":"28-marville-les-bois","status":"publish","type":"page","link":"https:\/\/www.auzeau.fr\/39-45\/france\/28-eure-et-loir\/28-marville-les-bois\/","title":{"rendered":"28 &#8211; Marville-les-Bois"},"content":{"rendered":"<p><img fetchpriority=\"high\" decoding=\"async\" class=\"aligncenter size-full wp-image-52886\" title=\"Marville_les_Bois\" src=\"https:\/\/www.auzeau.fr\/39-45\/wp-content\/uploads\/Cimetieres\/01 -- 30\/28 - Eure et Loir\/Marville\/Marville_les_Bois.jpg\" alt=\"\" width=\"900\" height=\"373\" srcset=\"https:\/\/www.auzeau.fr\/39-45\/wp-content\/uploads\/Cimetieres\/01%20--%2030\/28%20-%20Eure%20et%20Loir\/Marville\/Marville_les_Bois.jpg 900w, https:\/\/www.auzeau.fr\/39-45\/wp-content\/uploads\/Cimetieres\/01%20--%2030\/28%20-%20Eure%20et%20Loir\/Marville\/Marville_les_Bois-300x124.jpg 300w, https:\/\/www.auzeau.fr\/39-45\/wp-content\/uploads\/Cimetieres\/01%20--%2030\/28%20-%20Eure%20et%20Loir\/Marville\/Marville_les_Bois-768x318.jpg 768w\" sizes=\"(max-width: 900px) 100vw, 900px\" \/><\/p>\n<table style=\"width: 100%;\" border=\"0\">\n<tbody>\n<tr>\n<td style=\"width: 5%;\"><\/td>\n<td style=\"width: 5%;\"><\/td>\n<td style=\"width: 5%;\"><\/td>\n<td style=\"width: 5%;\"><\/td>\n<td style=\"width: 5%;\"><\/td>\n<td style=\"width: 5%;\"><\/td>\n<td style=\"width: 5%;\"><\/td>\n<td style=\"width: 5%;\"><\/td>\n<td style=\"width: 5%;\"><\/td>\n<td style=\"width: 5%;\"><\/td>\n<td style=\"width: 5%;\"><\/td>\n<td style=\"width: 5%;\"><\/td>\n<td style=\"width: 5%;\"><\/td>\n<td style=\"width: 5%;\"><\/td>\n<td style=\"width: 5%;\"><\/td>\n<td style=\"width: 5%;\"><\/td>\n<td style=\"width: 5%;\"><\/td>\n<td style=\"width: 5%;\"><\/td>\n<td style=\"width: 5%;\"><\/td>\n<td style=\"width: 5%;\"><\/td>\n<\/tr>\n<tr>\n<td colspan=\"15\"><span style=\"color: #000000;\"><strong><span style=\"font-size: xx-large;\">P51 Mustang FX986 <span class='tooltipsall tooltipsincontent classtoolTips191'>Mt<\/span>-<\/span><\/strong><\/span><\/td>\n<td style=\"text-align: center;\" colspan=\"5\"><strong><span style=\"font-size: xx-large;\">122 Sqn<\/span><\/strong><\/td>\n<\/tr>\n<tr style=\"height: 40px;\">\n<td style=\"text-align: right;\" colspan=\"2\"><span style=\"font-size: 14px;\"><strong>Date :\u00a0<\/strong><\/span><\/td>\n<td colspan=\"5\"><span style=\"font-size: 14px;\"><em>17\u00a0juin 1944<\/em><\/span><\/td>\n<td style=\"text-align: right;\" colspan=\"3\"><span style=\"font-size: 14px;\"><strong>Mission :\u00a0<\/strong><\/span><\/td>\n<td colspan=\"10\"><span style=\"font-size: 14px;\"><em>Reconnaissance arm\u00e9e<\/em><\/span><\/td>\n<\/tr>\n<tr style=\"height: 40px;\">\n<td><span style=\"font-size: 14px;\">\u00a0<\/span><\/td>\n<td><span style=\"font-size: 14px;\">\u00a0<\/span><\/td>\n<td style=\"text-align: right;\" colspan=\"5\"><span style=\"font-size: 14px;\"><strong>D\u00e9collage :\u00a0 <\/strong><\/span><\/td>\n<td colspan=\"10\"><span style=\"font-size: 14px;\"><em>Ford<\/em><\/span><\/td>\n<td><span style=\"font-size: 14px;\">\u00a0<\/span><\/td>\n<td><span style=\"font-size: 14px;\">\u00a0<\/span><\/td>\n<td><span style=\"font-size: 14px;\">\u00a0<\/span><\/td>\n<\/tr>\n<tr style=\"height: 40px;\">\n<td><span style=\"font-size: 14px;\">\u00a0<\/span><\/td>\n<td><span style=\"font-size: 14px;\">\u00a0<\/span><\/td>\n<td style=\"text-align: right;\" colspan=\"5\"><span style=\"font-size: 14px;\"><strong>Causes de la perte :\u00a0<\/strong><\/span><\/td>\n<td colspan=\"10\"><span style=\"font-size: 14px;\"><em>Abattu\u00a0par\u00a0un <span class='tooltipsall tooltipsincontent classtoolTips27'>Me 109<\/span><\/em><\/span><\/td>\n<td><span style=\"font-size: 14px;\">\u00a0<\/span><\/td>\n<td><span style=\"font-size: 14px;\">\u00a0<\/span><\/td>\n<td><span style=\"font-size: 14px;\">\u00a0<\/span><\/td>\n<\/tr>\n<tr style=\"height: 40px;\">\n<td><span style=\"font-size: 14px;\">\u00a0<\/span><\/td>\n<td><span style=\"font-size: 14px;\">\u00a0<\/span><\/td>\n<td style=\"text-align: right;\" colspan=\"5\"><span style=\"font-size: 14px;\"><strong>Lieu de la perte :\u00a0<\/strong><\/span><\/td>\n<td colspan=\"10\"><span style=\"font-size: 14px;\"><em>Marville-les-Bois\u00a0 (28)<\/em><\/span><\/td>\n<td><span style=\"font-size: 14px;\">\u00a0<\/span><\/td>\n<td><span style=\"font-size: 14px;\">\u00a0<\/span><\/td>\n<td><span style=\"font-size: 14px;\">\u00a0<\/span><\/td>\n<\/tr>\n<tr style=\"height: 60px;\">\n<td><span style=\"font-size: 14px;\"><img decoding=\"async\" class=\"size-full wp-image-47231 alignleft\" title=\"New Zeland\" src=\"https:\/\/www.auzeau.fr\/39-45\/wp-content\/uploads\/images\/Drapeaux\/New-Zeland.png\" alt=\"\" width=\"40\" height=\"20\" \/><\/span><\/td>\n<td><span style=\"font-size: 14px;\"><span class='tooltipsall tooltipsincontent classtoolTips10'>Sqn Ldr<\/span><\/span><\/td>\n<td colspan=\"5\"><span style=\"font-size: 14px;\">Ernest Leslie<\/span><\/td>\n<td colspan=\"4\"><span style=\"font-size: 14px; color: #000000;\"><strong>JOYCE<\/strong><\/span><\/td>\n<td><span style=\"font-size: 14px;\"><span class='tooltipsall tooltipsincontent classtoolTips44'>RNZAF<\/span><\/span><\/td>\n<td colspan=\"2\"><span style=\"font-size: 14px;\">40770<\/span><\/td>\n<td><span style=\"font-size: 14px; color: #000000;\"><strong><span class='tooltipsall tooltipsincontent classtoolTips110'>KIA<\/span><\/strong><\/span><\/td>\n<td colspan=\"5\"><span style=\"font-size: 14px;\"><img decoding=\"async\" class=\"size-full wp-image-47248 alignleft\" title=\"Distinguished-Flying-Medal\" src=\"https:\/\/www.auzeau.fr\/39-45\/wp-content\/uploads\/images\/Medaille\/Distinguished-Flying-Medal.png\" alt=\"\" width=\"73\" height=\"20\" \/><\/span><\/td>\n<\/tr>\n<tr>\n<td colspan=\"20\" height=\"20\"><\/td>\n<\/tr>\n<tr>\n<td colspan=\"20\"><div id='gallery-1' class='gallery galleryid-3640 gallery-columns-3 gallery-size-thumbnail'><figure class='gallery-item'>\n\t\t\t<div class='gallery-icon landscape'>\n\t\t\t\t<a title=\"Grave\"  title=\"Grave\"  href='https:\/\/www.auzeau.fr\/39-45\/wp-content\/uploads\/Cimetieres\/01%20--%2030\/28%20-%20Eure%20et%20Loir\/Marville\/Grave.jpg'><img loading=\"lazy\" decoding=\"async\" width=\"150\" height=\"150\" src=\"https:\/\/www.auzeau.fr\/39-45\/wp-content\/uploads\/Cimetieres\/01 -- 30\/28 - Eure et Loir\/Marville\/Grave-150x150.jpg\" class=\"attachment-thumbnail size-thumbnail\" alt=\"\" srcset=\"https:\/\/www.auzeau.fr\/39-45\/wp-content\/uploads\/Cimetieres\/01%20--%2030\/28%20-%20Eure%20et%20Loir\/Marville\/Grave-150x150.jpg 150w, https:\/\/www.auzeau.fr\/39-45\/wp-content\/uploads\/Cimetieres\/01%20--%2030\/28%20-%20Eure%20et%20Loir\/Marville\/Grave-50x50.jpg 50w\" sizes=\"(max-width: 150px) 100vw, 150px\" \/><\/a>\n\t\t\t<\/div><\/figure><figure class='gallery-item'>\n\t\t\t<div class='gallery-icon portrait'>\n\t\t\t\t<a title=\"E.L._JOYCE\"  title=\"E.L._JOYCE\"  href='https:\/\/www.auzeau.fr\/39-45\/wp-content\/uploads\/Cimetieres\/01%20--%2030\/28%20-%20Eure%20et%20Loir\/Marville\/E.L._JOYCE.jpg'><img loading=\"lazy\" decoding=\"async\" width=\"150\" height=\"150\" src=\"https:\/\/www.auzeau.fr\/39-45\/wp-content\/uploads\/Cimetieres\/01 -- 30\/28 - Eure et Loir\/Marville\/E.L._JOYCE-150x150.jpg\" class=\"attachment-thumbnail size-thumbnail\" alt=\"\" srcset=\"https:\/\/www.auzeau.fr\/39-45\/wp-content\/uploads\/Cimetieres\/01%20--%2030\/28%20-%20Eure%20et%20Loir\/Marville\/E.L._JOYCE-150x150.jpg 150w, https:\/\/www.auzeau.fr\/39-45\/wp-content\/uploads\/Cimetieres\/01%20--%2030\/28%20-%20Eure%20et%20Loir\/Marville\/E.L._JOYCE-50x50.jpg 50w\" sizes=\"(max-width: 150px) 100vw, 150px\" \/><\/a>\n\t\t\t<\/div><\/figure><figure class='gallery-item'>\n\t\t\t<div class='gallery-icon portrait'>\n\t\t\t\t<a title=\"JOYCE\"  title=\"JOYCE\"  href='https:\/\/www.auzeau.fr\/39-45\/wp-content\/uploads\/Cimetieres\/01%20--%2030\/28%20-%20Eure%20et%20Loir\/Marville\/JOYCE.jpg'><img loading=\"lazy\" decoding=\"async\" width=\"150\" height=\"150\" src=\"https:\/\/www.auzeau.fr\/39-45\/wp-content\/uploads\/Cimetieres\/01 -- 30\/28 - Eure et Loir\/Marville\/JOYCE-150x150.jpg\" class=\"attachment-thumbnail size-thumbnail\" alt=\"\" srcset=\"https:\/\/www.auzeau.fr\/39-45\/wp-content\/uploads\/Cimetieres\/01%20--%2030\/28%20-%20Eure%20et%20Loir\/Marville\/JOYCE-150x150.jpg 150w, https:\/\/www.auzeau.fr\/39-45\/wp-content\/uploads\/Cimetieres\/01%20--%2030\/28%20-%20Eure%20et%20Loir\/Marville\/JOYCE-50x50.jpg 50w\" sizes=\"(max-width: 150px) 100vw, 150px\" \/><\/a>\n\t\t\t<\/div><\/figure>\n\t\t<\/div>\n<\/td>\n<\/tr>\n<tr>\n<td colspan=\"20\">\u00a0<span style=\"font-size: 10pt;\"><em>&#8220;N.Z.40770 Flight Sergeant Ernest Leslie JOYCE, Royal New Zealand Air Force,\u00a0 No.73 Squadron.<br \/>\nDuring a long and continuous period of service, this airman has performed splendid work. In low level machine gun attacks on enenemy ground targets he has displayed great determination and achieved much success. On one occasion, at night, he participated in an attack on the aerodrome at Martuba. Despite heavy defensive fire he machine\u00adgunned dispersed aircraft on the ground from only 50 feet. In this vigorous attack he assisted in the probable destruction of several enemy aircraft. On another occasion at night, he observed a Junkers 88 flying at some 400 feet above him. Skilfully manoeuvring his aircraft he closed in on the rear of the enemy aircraft whose pilot began to take violent evasive action. Flight Sergeant Joyce, however countered every move and, eventually closing in, shot down the enemy aircraft from close range. He has destroyed at least 5 enemy aircraft, 2 of them at night. Throughout, his operational career, this airman has displayed great gallantry, tenacity and devotion to duty. &#8220;<\/em><br \/>\n<strong>Second supplement to The London Gazette of TUESDAY, the 18th of AUGUST, 1942<\/strong><\/span><\/td>\n<\/tr>\n<\/tbody>\n<\/table>\n<hr \/>\n<p style=\"text-align: center;\"><ul id=\"menu-28-eure-et-loir\" class=\"menu\"><li id=\"menu-item-52592\" class=\"menu-item menu-item-type-post_type menu-item-object-page menu-item-52592\"><a href=\"https:\/\/www.auzeau.fr\/39-45\/france\/28-eure-et-loir\/28-auneau\/\">28 \u2013 Auneau<\/a><\/li>\n<li id=\"menu-item-52593\" class=\"menu-item menu-item-type-post_type menu-item-object-page menu-item-52593\"><a href=\"https:\/\/www.auzeau.fr\/39-45\/france\/28-eure-et-loir\/28-berou-la-mulotiere\/\">28 \u2013 B\u00e9rou-la-Muloti\u00e8re<\/a><\/li>\n<li id=\"menu-item-52594\" class=\"menu-item menu-item-type-post_type menu-item-object-page menu-item-52594\"><a href=\"https:\/\/www.auzeau.fr\/39-45\/france\/28-eure-et-loir\/28-blevy\/\">28 \u2013 Bl\u00e9vy<\/a><\/li>\n<li id=\"menu-item-52595\" class=\"menu-item menu-item-type-post_type menu-item-object-page menu-item-52595\"><a href=\"https:\/\/www.auzeau.fr\/39-45\/france\/28-eure-et-loir\/28-broue\/\">28 \u2013 Brou\u00e9<\/a><\/li>\n<li id=\"menu-item-52596\" class=\"menu-item menu-item-type-post_type menu-item-object-page menu-item-52596\"><a href=\"https:\/\/www.auzeau.fr\/39-45\/france\/28-eure-et-loir\/28-bu\/\">28 \u2013 B\u00fb<\/a><\/li>\n<li id=\"menu-item-52597\" class=\"menu-item menu-item-type-post_type menu-item-object-page menu-item-52597\"><a href=\"https:\/\/www.auzeau.fr\/39-45\/france\/28-eure-et-loir\/28-chateaudun\/\">28 \u2013 Ch\u00e2teaudun<\/a><\/li>\n<li id=\"menu-item-52598\" class=\"menu-item menu-item-type-post_type menu-item-object-page menu-item-52598\"><a href=\"https:\/\/www.auzeau.fr\/39-45\/france\/28-eure-et-loir\/28-donnemain-saint-mames\/\">28 \u2013 Donnemain-Saint-Mam\u00e8s<\/a><\/li>\n<li id=\"menu-item-52599\" class=\"menu-item menu-item-type-post_type menu-item-object-page menu-item-52599\"><a href=\"https:\/\/www.auzeau.fr\/39-45\/france\/28-eure-et-loir\/28-dreux\/\">28 \u2013 Dreux<\/a><\/li>\n<li id=\"menu-item-52600\" class=\"menu-item menu-item-type-post_type menu-item-object-page menu-item-52600\"><a href=\"https:\/\/www.auzeau.fr\/39-45\/france\/28-eure-et-loir\/28-epautrolles\/\">28 \u2013 \u00c9pautrolles<\/a><\/li>\n<li id=\"menu-item-52601\" class=\"menu-item menu-item-type-post_type menu-item-object-page menu-item-52601\"><a href=\"https:\/\/www.auzeau.fr\/39-45\/france\/28-eure-et-loir\/28-epernon\/\">28 \u2013 \u00c9pernon<\/a><\/li>\n<li id=\"menu-item-67206\" class=\"menu-item menu-item-type-post_type menu-item-object-page menu-item-67206\"><a href=\"https:\/\/www.auzeau.fr\/39-45\/france\/28-eure-et-loir\/28-friaize\/\">28 \u2013 Friaize<\/a><\/li>\n<li id=\"menu-item-69831\" class=\"menu-item menu-item-type-post_type menu-item-object-page menu-item-69831\"><a href=\"https:\/\/www.auzeau.fr\/39-45\/france\/28-eure-et-loir\/28-garancieres-en-drouais\/\">28 \u2013 Garanci\u00e8res-en-Drouais<\/a><\/li>\n<li id=\"menu-item-52602\" class=\"menu-item menu-item-type-post_type menu-item-object-page menu-item-52602\"><a href=\"https:\/\/www.auzeau.fr\/39-45\/france\/28-eure-et-loir\/28-laons\/\">28 \u2013 Laons<\/a><\/li>\n<li id=\"menu-item-67205\" class=\"menu-item menu-item-type-post_type menu-item-object-page menu-item-67205\"><a href=\"https:\/\/www.auzeau.fr\/39-45\/france\/28-eure-et-loir\/28-les-corvees-les-yys\/\">28 \u2013 Les-Corv\u00e9es-les-Yys<\/a><\/li>\n<li id=\"menu-item-52603\" class=\"menu-item menu-item-type-post_type menu-item-object-page menu-item-52603\"><a href=\"https:\/\/www.auzeau.fr\/39-45\/france\/28-eure-et-loir\/28-luray\/\">28 \u2013 Luray<\/a><\/li>\n<li id=\"menu-item-67326\" class=\"menu-item menu-item-type-post_type menu-item-object-page menu-item-67326\"><a href=\"https:\/\/www.auzeau.fr\/39-45\/france\/28-eure-et-loir\/28-magny\/\">28 \u2013 Magny<\/a><\/li>\n<li id=\"menu-item-52604\" class=\"menu-item menu-item-type-post_type menu-item-object-page menu-item-52604\"><a href=\"https:\/\/www.auzeau.fr\/39-45\/france\/28-eure-et-loir\/28-marville-les-bois\/\">28 \u2013 Marville-les-Bois<\/a><\/li>\n<li id=\"menu-item-67325\" class=\"menu-item menu-item-type-post_type menu-item-object-page menu-item-67325\"><a href=\"https:\/\/www.auzeau.fr\/39-45\/france\/28-eure-et-loir\/28-mezieres-en-drouais\/\">28 \u2013 M\u00e9zi\u00e8res-en-Drouais<\/a><\/li>\n<li id=\"menu-item-52605\" class=\"menu-item menu-item-type-post_type menu-item-object-page menu-item-52605\"><a href=\"https:\/\/www.auzeau.fr\/39-45\/france\/28-eure-et-loir\/28-nogent-le-rotrou\/\">28 \u2013 Nogent-le-Rotrou<\/a><\/li>\n<li id=\"menu-item-52606\" class=\"menu-item menu-item-type-post_type menu-item-object-page menu-item-52606\"><a href=\"https:\/\/www.auzeau.fr\/39-45\/france\/28-eure-et-loir\/28-oulins\/\">28 \u2013 Oulins<\/a><\/li>\n<li id=\"menu-item-67324\" class=\"menu-item menu-item-type-post_type menu-item-object-page menu-item-67324\"><a href=\"https:\/\/www.auzeau.fr\/39-45\/france\/28-eure-et-loir\/28-pontgouin\/\">28 \u2013 Pontgouin<\/a><\/li>\n<li id=\"menu-item-67323\" class=\"menu-item menu-item-type-post_type menu-item-object-page menu-item-67323\"><a href=\"https:\/\/www.auzeau.fr\/39-45\/france\/28-eure-et-loir\/28-saint-arnoult-des-bois\/\">28 \u2013 Saint-Arnoult-des-Bois<\/a><\/li>\n<li id=\"menu-item-52607\" class=\"menu-item menu-item-type-post_type menu-item-object-page menu-item-52607\"><a href=\"https:\/\/www.auzeau.fr\/39-45\/france\/28-eure-et-loir\/28-saint-cloud-en-dunois\/\">28 \u2013 Saint-Cloud-en-Dunois<\/a><\/li>\n<li id=\"menu-item-52608\" class=\"menu-item menu-item-type-post_type menu-item-object-page menu-item-52608\"><a href=\"https:\/\/www.auzeau.fr\/39-45\/france\/28-eure-et-loir\/28-saint-maurice-saint-germain\/\">28 \u2013 Saint-Maurice-Saint-Germain<\/a><\/li>\n<li id=\"menu-item-52609\" class=\"menu-item menu-item-type-post_type menu-item-object-page menu-item-52609\"><a href=\"https:\/\/www.auzeau.fr\/39-45\/france\/28-eure-et-loir\/28-sainte-gemme-moronval\/\">28 \u2013 Sainte-Gemme-Moronval<\/a><\/li>\n<li id=\"menu-item-52610\" class=\"menu-item menu-item-type-post_type menu-item-object-page menu-item-52610\"><a href=\"https:\/\/www.auzeau.fr\/39-45\/france\/28-eure-et-loir\/28-senonches\/\">28 \u2013 Senonches<\/a><\/li>\n<li id=\"menu-item-52611\" class=\"menu-item menu-item-type-post_type menu-item-object-page menu-item-52611\"><a href=\"https:\/\/www.auzeau.fr\/39-45\/france\/28-eure-et-loir\/28-serazereux\/\">28 \u2013 Serazereux<\/a><\/li>\n<li id=\"menu-item-52612\" class=\"menu-item menu-item-type-post_type menu-item-object-page menu-item-52612\"><a href=\"https:\/\/www.auzeau.fr\/39-45\/france\/28-eure-et-loir\/28-soulaires\/\">28 \u2013 Soulaires<\/a><\/li>\n<li id=\"menu-item-52613\" class=\"menu-item menu-item-type-post_type menu-item-object-page menu-item-52613\"><a href=\"https:\/\/www.auzeau.fr\/39-45\/france\/28-eure-et-loir\/28-theuville\/\">28 \u2013 Theuville<\/a><\/li>\n<li id=\"menu-item-52614\" class=\"menu-item menu-item-type-post_type menu-item-object-page menu-item-52614\"><a href=\"https:\/\/www.auzeau.fr\/39-45\/france\/28-eure-et-loir\/28-villampuy\/\">28 \u2013 Villampuy<\/a><\/li>\n<li id=\"menu-item-52615\" class=\"menu-item menu-item-type-post_type menu-item-object-page menu-item-52615\"><a href=\"https:\/\/www.auzeau.fr\/39-45\/france\/28-eure-et-loir\/28-yevres\/\">28 \u2013 Y\u00e8vres<\/a><\/li>\n<\/ul>\n<script type=\"text\/javascript\"> toolTips('.classtoolTips10','Squadron Leader'); <\/script><script type=\"text\/javascript\"> toolTips('.classtoolTips27','<img class=\"aligncenter wp-image-65839 size-full\" title=\"ME 109\" src=\"https:\/\/www.auzeau.fr\/39-45\/wp-content\/uploads\/Avions\/Allemand\/Me109.JPG\" alt=\"\" width=\"650\" height=\"357\" \/>'); <\/script><script type=\"text\/javascript\"> toolTips('.classtoolTips44','Royal New Zealand Air Force'); <\/script><script type=\"text\/javascript\"> toolTips('.classtoolTips63','Dispatcher'); <\/script><script type=\"text\/javascript\"> toolTips('.classtoolTips98','Colonel'); <\/script><script type=\"text\/javascript\"> toolTips('.classtoolTips110','Tu\u00e9 au combat<br\/><br\/>Killed In Action'); <\/script><script type=\"text\/javascript\"> toolTips('.classtoolTips117','Observateur<br\/><br\/>Oberver'); <\/script><script type=\"text\/javascript\"> toolTips('.classtoolTips123','Secret Intelligence Service<br\/><br\/>Service Secret'); <\/script><script type=\"text\/javascript\"> toolTips('.classtoolTips134','\u00c9vad\u00e9<br\/><br\/>Evaded'); <\/script><script type=\"text\/javascript\"> toolTips('.classtoolTips144','Royal Corps of Signals'); <\/script><script type=\"text\/javascript\"> toolTips('.classtoolTips146','Royal Air Force'); <\/script><script type=\"text\/javascript\"> toolTips('.classtoolTips148','<strong>D\u00e9c\u00e9d\u00e9 de ses blessures<\/strong><br\/><br\/>concerne une personne qui a surv\u00e9cu pour atteindre un centre de traitement m\u00e9dical.<br\/><br\/><strong>Died of wounds<\/strong><br\/><br\/>concerns a person who survived to reach a medical treatment center.'); <\/script><script type=\"text\/javascript\"> toolTips('.classtoolTips151','Pilote<br\/><br\/>Pilot'); <\/script><script type=\"text\/javascript\"> toolTips('.classtoolTips153','Porucznik'); <\/script><script type=\"text\/javascript\"> toolTips('.classtoolTips173','Leading Airman'); <\/script><script type=\"text\/javascript\"> toolTips('.classtoolTips182','Warrant Officer'); <\/script><script type=\"text\/javascript\"> toolTips('.classtoolTips185','Mitrailleur<br\/><br\/>Air Gunner'); <\/script><script type=\"text\/javascript\"> toolTips('.classtoolTips188','Bombardier<br\/><br\/>Air bomber'); <\/script><script type=\"text\/javascript\"> toolTips('.classtoolTips189','M\u00e9canicien volant<br\/><br\/>Flying Enginer'); <\/script><script type=\"text\/javascript\"> toolTips('.classtoolTips191','Ma\u00eetre'); <\/script><script type=\"text\/javascript\"> toolTips('.classtoolTips193','Royal Navy'); <\/script><script type=\"text\/javascript\"> toolTips('.classtoolTips195','Enseigne de Vaisseau'); <\/script><script type=\"text\/javascript\"> toolTips('.classtoolTips197','Aircraftman'); <\/script><script type=\"text\/javascript\"> toolTips('.classtoolTips199','Radio Officer'); <\/script><script type=\"text\/javascript\"> toolTips('.classtoolTips201','Lieutenant'); <\/script>","protected":false},"excerpt":{"rendered":"<p>P51 Mustang FX986 Mt- 122 Sqn Date :\u00a0 17\u00a0juin 1944 Mission :\u00a0 Reconnaissance arm\u00e9e \u00a0 \u00a0 D\u00e9collage :\u00a0 Ford \u00a0 \u00a0 \u00a0 \u00a0 \u00a0 Causes de la perte :\u00a0 Abattu\u00a0par\u00a0un Me 109 \u00a0 \u00a0 \u00a0 \u00a0 \u00a0 Lieu de la perte :\u00a0 Marville-les-Bois\u00a0 (28) \u00a0 \u00a0 \u00a0 Sqn Ldr Ernest Leslie JOYCE RNZAF 40770 KIA [&hellip;]<\/p>\n","protected":false},"author":1,"featured_media":0,"parent":65,"menu_order":0,"comment_status":"closed","ping_status":"closed","template":"template-full-width P-51.php","meta":{"_lmt_disableupdate":"yes","_lmt_disable":"","footnotes":""},"categories":[581],"tags":[846],"wf_page_folders":[3120],"class_list":["post-3640","page","type-page","status-publish","hentry","category-p51-mustang","tag-122-squadron"],"_links":{"self":[{"href":"https:\/\/www.auzeau.fr\/39-45\/wp-json\/wp\/v2\/pages\/3640","targetHints":{"allow":["GET"]}}],"collection":[{"href":"https:\/\/www.auzeau.fr\/39-45\/wp-json\/wp\/v2\/pages"}],"about":[{"href":"https:\/\/www.auzeau.fr\/39-45\/wp-json\/wp\/v2\/types\/page"}],"author":[{"embeddable":true,"href":"https:\/\/www.auzeau.fr\/39-45\/wp-json\/wp\/v2\/users\/1"}],"replies":[{"embeddable":true,"href":"https:\/\/www.auzeau.fr\/39-45\/wp-json\/wp\/v2\/comments?post=3640"}],"version-history":[{"count":0,"href":"https:\/\/www.auzeau.fr\/39-45\/wp-json\/wp\/v2\/pages\/3640\/revisions"}],"up":[{"embeddable":true,"href":"https:\/\/www.auzeau.fr\/39-45\/wp-json\/wp\/v2\/pages\/65"}],"wp:attachment":[{"href":"https:\/\/www.auzeau.fr\/39-45\/wp-json\/wp\/v2\/media?parent=3640"}],"wp:term":[{"taxonomy":"category","embeddable":true,"href":"https:\/\/www.auzeau.fr\/39-45\/wp-json\/wp\/v2\/categories?post=3640"},{"taxonomy":"post_tag","embeddable":true,"href":"https:\/\/www.auzeau.fr\/39-45\/wp-json\/wp\/v2\/tags?post=3640"},{"taxonomy":"wf_page_folders","embeddable":true,"href":"https:\/\/www.auzeau.fr\/39-45\/wp-json\/wp\/v2\/wf_page_folders?post=3640"}],"curies":[{"name":"wp","href":"https:\/\/api.w.org\/{rel}","templated":true}]}}