{"id":3628,"date":"2017-08-09T14:50:14","date_gmt":"2017-08-09T12:50:14","guid":{"rendered":"http:\/\/www.auzeau.fr\/3945\/?page_id=3628"},"modified":"2018-05-14T16:03:17","modified_gmt":"2018-05-14T14:03:17","slug":"28-epautrolles","status":"publish","type":"page","link":"https:\/\/www.auzeau.fr\/39-45\/france\/28-eure-et-loir\/28-epautrolles\/","title":{"rendered":"28 &#8211; \u00c9pautrolles"},"content":{"rendered":"<p><img fetchpriority=\"high\" decoding=\"async\" class=\"aligncenter size-full wp-image-52835\" title=\"Epeautrolles\" src=\"https:\/\/www.auzeau.fr\/39-45\/wp-content\/uploads\/Cimetieres\/01 -- 30\/28 - Eure et Loir\/Epeautrolles\/Epeautrolles.jpg\" alt=\"\" width=\"900\" height=\"384\" srcset=\"https:\/\/www.auzeau.fr\/39-45\/wp-content\/uploads\/Cimetieres\/01%20--%2030\/28%20-%20Eure%20et%20Loir\/Epeautrolles\/Epeautrolles.jpg 900w, https:\/\/www.auzeau.fr\/39-45\/wp-content\/uploads\/Cimetieres\/01%20--%2030\/28%20-%20Eure%20et%20Loir\/Epeautrolles\/Epeautrolles-300x128.jpg 300w, https:\/\/www.auzeau.fr\/39-45\/wp-content\/uploads\/Cimetieres\/01%20--%2030\/28%20-%20Eure%20et%20Loir\/Epeautrolles\/Epeautrolles-768x328.jpg 768w\" sizes=\"(max-width: 900px) 100vw, 900px\" \/><\/p>\n<table style=\"width: 100%;\" border=\"0\">\n<tbody>\n<tr>\n<td style=\"width: 5%;\"><\/td>\n<td style=\"width: 5%;\"><\/td>\n<td style=\"width: 5%;\"><\/td>\n<td style=\"width: 5%;\"><\/td>\n<td style=\"width: 5%;\"><\/td>\n<td style=\"width: 5%;\"><\/td>\n<td style=\"width: 5%;\"><\/td>\n<td style=\"width: 5%;\"><\/td>\n<td style=\"width: 5%;\"><\/td>\n<td style=\"width: 5%;\"><\/td>\n<td style=\"width: 5%;\"><\/td>\n<td style=\"width: 5%;\"><\/td>\n<td style=\"width: 5%;\"><\/td>\n<td style=\"width: 5%;\"><\/td>\n<td style=\"width: 5%;\"><\/td>\n<td style=\"width: 5%;\"><\/td>\n<td style=\"width: 5%;\"><\/td>\n<td style=\"width: 5%;\"><\/td>\n<td style=\"width: 5%;\"><\/td>\n<td style=\"width: 5%;\"><\/td>\n<\/tr>\n<tr>\n<td colspan=\"15\"><strong><span style=\"font-size: xx-large;\"><span style=\"color: #000000;\">Halifax DK255 ZL-B<\/span><br \/>\n<\/span><\/strong><\/td>\n<td colspan=\"5\"><strong><span style=\"font-size: xx-large;\">427 Sqn<\/span><\/strong><\/td>\n<\/tr>\n<tr style=\"height: 40px;\">\n<td style=\"text-align: right;\" colspan=\"2\"><span style=\"font-size: 14px;\"><strong>Date :\u00a0<\/strong><\/span><\/td>\n<td colspan=\"5\"><span style=\"font-size: 14px;\"><em>07 septembre 1943<\/em><\/span><\/td>\n<td style=\"text-align: right;\" colspan=\"3\"><span style=\"font-size: 14px;\"><strong>Mission :\u00a0<\/strong><\/span><\/td>\n<td colspan=\"10\"><span style=\"font-size: 14px;\"><em>munich (All.)<br \/>\n<\/em><\/span><\/td>\n<\/tr>\n<tr style=\"height: 40px;\">\n<td><span style=\"font-size: 14px;\">\u00a0<\/span><\/td>\n<td><span style=\"font-size: 14px;\">\u00a0<\/span><\/td>\n<td style=\"text-align: right;\" colspan=\"5\"><span style=\"font-size: 14px;\"><strong>D\u00e9collage :\u00a0 <\/strong><\/span><\/td>\n<td colspan=\"10\"><span style=\"font-size: 14px;\"><em>Leeming \u00e0 19:31<br \/>\n<\/em><\/span><\/td>\n<td><span style=\"font-size: 14px;\">\u00a0<\/span><\/td>\n<td><span style=\"font-size: 14px;\">\u00a0<\/span><\/td>\n<td><span style=\"font-size: 14px;\">\u00a0<\/span><\/td>\n<\/tr>\n<tr style=\"height: 40px;\">\n<td><span style=\"font-size: 14px;\">\u00a0<\/span><\/td>\n<td><span style=\"font-size: 14px;\">\u00a0<\/span><\/td>\n<td style=\"text-align: right;\" colspan=\"5\"><span style=\"font-size: 14px;\"><strong>Causes de la perte :\u00a0<\/strong><\/span><\/td>\n<td colspan=\"10\"><span style=\"font-size: 14px;\"><em>\u00a0<\/em><\/span><\/td>\n<td><span style=\"font-size: 14px;\">\u00a0<\/span><\/td>\n<td><span style=\"font-size: 14px;\">\u00a0<\/span><\/td>\n<td><span style=\"font-size: 14px;\">\u00a0<\/span><\/td>\n<\/tr>\n<tr style=\"height: 40px;\">\n<td><span style=\"font-size: 14px;\">\u00a0<\/span><\/td>\n<td><span style=\"font-size: 14px;\">\u00a0<\/span><\/td>\n<td style=\"text-align: right;\" colspan=\"5\"><span style=\"font-size: 14px;\"><strong>Lieu de la perte :\u00a0<\/strong><\/span><\/td>\n<td colspan=\"10\"><span style=\"font-size: 14px;\"><em>Pr\u00e8s d&#8217;\u00c9peautrolles (28)<\/em><\/span><\/td>\n<td><span style=\"font-size: 14px;\">\u00a0<\/span><\/td>\n<td><span style=\"font-size: 14px;\">\u00a0<\/span><\/td>\n<td><span style=\"font-size: 14px;\">\u00a0<\/span><\/td>\n<\/tr>\n<tr style=\"height: 60px;\">\n<td><span style=\"font-size: 14px;\"><img decoding=\"async\" class=\"size-full wp-image-47210 alignleft\" title=\"Canada\" src=\"https:\/\/www.auzeau.fr\/39-45\/wp-content\/uploads\/images\/Drapeaux\/Canada.png\" alt=\"\" width=\"40\" height=\"20\" \/><\/span><\/td>\n<td><span style=\"font-size: 14px;\"><span class='tooltipsall tooltipsincontent classtoolTips96'>Sgt<\/span><\/span><\/td>\n<td colspan=\"5\"><span style=\"font-size: 14px;\">Alick Victor Douglas<\/span><\/td>\n<td colspan=\"4\"><span style=\"font-size: 14px; color: #000000;\"><strong>HUMPHRIES<\/strong><\/span><\/td>\n<td><span style=\"font-size: 14px;\"><span class='tooltipsall tooltipsincontent classtoolTips78'>RCAF<\/span><\/span><\/td>\n<td colspan=\"2\"><span style=\"font-size: 14px;\">R\/225311<\/span><\/td>\n<td><span style=\"font-size: 14px; color: #000000;\"><strong><span class='tooltipsall tooltipsincontent classtoolTips110'>KIA<\/span><\/strong><\/span><\/td>\n<td colspan=\"5\"><span style=\"font-size: 10pt;\"><em><a href=\"https:\/\/www.auzeau.fr\/39-45\/france\/14-calvados\/14-saint-desir-war-cemetery-5\/\">inhum\u00e9 \u00e0 Saint D\u00e9sir (14)<\/a><\/em><\/span><\/td>\n<\/tr>\n<tr style=\"height: 60px;\">\n<td><span style=\"font-size: 14px;\"><img decoding=\"async\" class=\"size-full wp-image-47215 alignleft\" title=\"Royaume Uni\" src=\"https:\/\/www.auzeau.fr\/39-45\/wp-content\/uploads\/images\/Drapeaux\/Angleterre.png\" alt=\"Royaume-Uni\" width=\"40\" height=\"20\" \/><\/span><\/td>\n<td><span style=\"font-size: 14px;\"><span class='tooltipsall tooltipsincontent classtoolTips96'>Sgt<\/span><\/span><\/td>\n<td colspan=\"5\"><span style=\"font-size: 14px;\">Philip Cyril<\/span><\/td>\n<td colspan=\"4\"><span style=\"font-size: 14px; color: #000000;\"><strong>JONES<\/strong><\/span><\/td>\n<td><span style=\"font-size: 14px;\"><span class='tooltipsall tooltipsincontent classtoolTips45'>RAFVR<\/span><\/span><\/td>\n<td colspan=\"2\"><span style=\"font-size: 14px;\">1391954<\/span><\/td>\n<td><span style=\"font-size: 14px; color: #000000;\"><strong><span class='tooltipsall tooltipsincontent classtoolTips110'>KIA<\/span><\/strong><\/span><\/td>\n<td colspan=\"5\"><span style=\"font-size: 10pt;\"><em><a href=\"https:\/\/www.auzeau.fr\/39-45\/france\/14-calvados\/14-saint-desir-war-cemetery-5\/\">inhum\u00e9 \u00e0 Saint D\u00e9sir (14)<\/a><\/em><\/span><\/td>\n<\/tr>\n<tr style=\"height: 60px;\">\n<td><span style=\"font-size: 14px;\"><img decoding=\"async\" class=\"size-full wp-image-47215 alignleft\" title=\"Royaume Uni\" src=\"https:\/\/www.auzeau.fr\/39-45\/wp-content\/uploads\/images\/Drapeaux\/Angleterre.png\" alt=\"Royaume-Uni\" width=\"40\" height=\"20\" \/><\/span><\/td>\n<td><span style=\"font-size: 14px;\"><span class='tooltipsall tooltipsincontent classtoolTips96'>Sgt<\/span><\/span><\/td>\n<td colspan=\"5\"><span style=\"font-size: 14px;\">Stanley<\/span><\/td>\n<td colspan=\"4\"><span style=\"font-size: 14px; color: #000000;\"><strong>LLOYD<\/strong><\/span><\/td>\n<td><span style=\"font-size: 14px;\"><span class='tooltipsall tooltipsincontent classtoolTips146'>RAF<\/span><\/span><\/td>\n<td colspan=\"2\"><span style=\"font-size: 14px;\">654033<\/span><\/td>\n<td><span style=\"font-size: 14px; color: #000000;\"><strong><span class='tooltipsall tooltipsincontent classtoolTips110'>KIA<\/span><\/strong><\/span><\/td>\n<td colspan=\"5\"><span style=\"font-size: 10pt;\"><em><a href=\"https:\/\/www.auzeau.fr\/39-45\/france\/14-calvados\/14-saint-desir-war-cemetery-5\/\">inhum\u00e9 \u00e0 Saint D\u00e9sir (14) <\/a><\/em><\/span><\/td>\n<\/tr>\n<tr style=\"height: 60px;\">\n<td><span style=\"font-size: 14px;\"><img decoding=\"async\" class=\"size-full wp-image-47215 alignleft\" title=\"Royaume Uni\" src=\"https:\/\/www.auzeau.fr\/39-45\/wp-content\/uploads\/images\/Drapeaux\/Angleterre.png\" alt=\"Royaume-Uni\" width=\"40\" height=\"20\" \/><\/span><\/td>\n<td><span style=\"font-size: 14px;\"><span class='tooltipsall tooltipsincontent classtoolTips19'>Fg Off<\/span><\/span><\/td>\n<td colspan=\"5\"><span style=\"font-size: 14px;\">Edmond Arthur<\/span><\/td>\n<td colspan=\"4\"><span style=\"font-size: 14px; color: #000000;\"><strong>PERY KNOX GORE<br \/>\n<\/strong><\/span><\/td>\n<td><span style=\"font-size: 14px;\"><span class='tooltipsall tooltipsincontent classtoolTips45'>RAFVR<\/span><\/span><\/td>\n<td colspan=\"2\"><span style=\"font-size: 14px;\">121049<\/span><\/td>\n<td><span style=\"font-size: 14px; color: #000000;\"><strong><span class='tooltipsall tooltipsincontent classtoolTips110'>KIA<\/span><\/strong><\/span><\/td>\n<td colspan=\"5\"><span style=\"font-size: 10pt;\"><em><a href=\"https:\/\/www.auzeau.fr\/39-45\/france\/14-calvados\/14-saint-desir-war-cemetery-5\/\">inhum\u00e9 \u00e0 Saint D\u00e9sir (14)<\/a><\/em><\/span><\/td>\n<\/tr>\n<tr style=\"height: 60px;\">\n<td><span style=\"font-size: 14px;\"><img decoding=\"async\" class=\"size-full wp-image-47215 alignleft\" title=\"Royaume Uni\" src=\"https:\/\/www.auzeau.fr\/39-45\/wp-content\/uploads\/images\/Drapeaux\/Angleterre.png\" alt=\"Royaume-Uni\" width=\"40\" height=\"20\" \/><\/span><\/td>\n<td><span style=\"font-size: 14px;\"><span class='tooltipsall tooltipsincontent classtoolTips96'>Sgt<\/span><\/span><\/td>\n<td colspan=\"5\"><span style=\"font-size: 14px;\">Elliott Eggleston<\/span><\/td>\n<td colspan=\"4\"><span style=\"font-size: 14px; color: #000000;\"><strong>STRONG<\/strong><\/span><\/td>\n<td><span style=\"font-size: 14px;\"><span class='tooltipsall tooltipsincontent classtoolTips45'>RAFVR<\/span><\/span><\/td>\n<td colspan=\"2\"><span style=\"font-size: 14px;\">1126658<\/span><\/td>\n<td><span style=\"font-size: 14px; color: #000000;\"><strong><strong><span class='tooltipsall tooltipsincontent classtoolTips110'>KIA<\/span><\/strong><\/strong><\/span><\/td>\n<td colspan=\"5\"><span style=\"font-size: 10pt;\"><em>\u00a0<\/em><\/span><\/td>\n<\/tr>\n<tr style=\"height: 60px;\">\n<td><span style=\"font-size: 14px;\"><img decoding=\"async\" class=\"size-full wp-image-47215 alignleft\" title=\"Royaume Uni\" src=\"https:\/\/www.auzeau.fr\/39-45\/wp-content\/uploads\/images\/Drapeaux\/Angleterre.png\" alt=\"Royaume-Uni\" width=\"40\" height=\"20\" \/><\/span><\/td>\n<td><span style=\"font-size: 14px;\"><span class='tooltipsall tooltipsincontent classtoolTips12'>Plt Off<\/span><\/span><\/td>\n<td colspan=\"5\"><span style=\"font-size: 14px;\">Harry Scott<\/span><\/td>\n<td colspan=\"4\"><span style=\"font-size: 14px; color: #000000;\"><strong>THEW<\/strong><\/span><\/td>\n<td><span style=\"font-size: 14px;\"><span class='tooltipsall tooltipsincontent classtoolTips45'>RAFVR<\/span><\/span><\/td>\n<td colspan=\"2\"><span style=\"font-size: 14px;\">142371<\/span><\/td>\n<td><span style=\"font-size: 14px; color: #000000;\"><strong><strong><span class='tooltipsall tooltipsincontent classtoolTips110'>KIA<\/span><\/strong><\/strong><\/span><\/td>\n<td colspan=\"5\"><span style=\"font-size: 10pt;\"><em><a href=\"https:\/\/www.auzeau.fr\/39-45\/france\/14-calvados\/14-saint-desir-war-cemetery-5\/\">inhum\u00e9 \u00e0 Saint D\u00e9sir (14)<\/a> <\/em><\/span><\/td>\n<\/tr>\n<tr style=\"height: 60px;\">\n<td><span style=\"font-size: 14px;\"><img decoding=\"async\" class=\"size-full wp-image-47215 alignleft\" title=\"Royaume Uni\" src=\"https:\/\/www.auzeau.fr\/39-45\/wp-content\/uploads\/images\/Drapeaux\/Angleterre.png\" alt=\"Royaume-Uni\" width=\"40\" height=\"20\" \/><\/span><\/td>\n<td><span style=\"font-size: 14px;\"><span class='tooltipsall tooltipsincontent classtoolTips96'>Sgt<\/span><\/span><\/td>\n<td colspan=\"5\"><span style=\"font-size: 14px;\">John James<\/span><\/td>\n<td colspan=\"4\"><span style=\"font-size: 14px; color: #000000;\"><strong>THOMAS<\/strong><\/span><\/td>\n<td><span style=\"font-size: 14px;\"><span class='tooltipsall tooltipsincontent classtoolTips45'>RAFVR<\/span><\/span><\/td>\n<td colspan=\"2\"><span style=\"font-size: 14px;\">1384314<\/span><\/td>\n<td><span style=\"font-size: 14px; color: #000000;\"><strong><span class='tooltipsall tooltipsincontent classtoolTips110'>KIA<\/span><\/strong><\/span><\/td>\n<td colspan=\"5\"><span style=\"font-size: 10pt;\"><em><a href=\"https:\/\/www.auzeau.fr\/39-45\/france\/14-calvados\/14-saint-desir-war-cemetery-5\/\">inhum\u00e9 \u00e0 Saint D\u00e9sir (14)<\/a><\/em><\/span><\/td>\n<\/tr>\n<tr>\n<td colspan=\"20\" height=\"20\"><\/td>\n<\/tr>\n<tr>\n<td colspan=\"20\"><div id='gallery-1' class='gallery galleryid-3628 gallery-columns-2 gallery-size-thumbnail'><figure class='gallery-item'>\n\t\t\t<div class='gallery-icon portrait'>\n\t\t\t\t<a title=\"Strong_1\"  title=\"Strong_1\"  href='https:\/\/www.auzeau.fr\/39-45\/wp-content\/uploads\/Cimetieres\/01%20--%2030\/28%20-%20Eure%20et%20Loir\/Epeautrolles\/Strong_1.jpg'><img loading=\"lazy\" decoding=\"async\" width=\"150\" height=\"150\" src=\"https:\/\/www.auzeau.fr\/39-45\/wp-content\/uploads\/Cimetieres\/01 -- 30\/28 - Eure et Loir\/Epeautrolles\/Strong_1-150x150.jpg\" class=\"attachment-thumbnail size-thumbnail\" alt=\"\" srcset=\"https:\/\/www.auzeau.fr\/39-45\/wp-content\/uploads\/Cimetieres\/01%20--%2030\/28%20-%20Eure%20et%20Loir\/Epeautrolles\/Strong_1-150x150.jpg 150w, https:\/\/www.auzeau.fr\/39-45\/wp-content\/uploads\/Cimetieres\/01%20--%2030\/28%20-%20Eure%20et%20Loir\/Epeautrolles\/Strong_1-50x50.jpg 50w\" sizes=\"(max-width: 150px) 100vw, 150px\" \/><\/a>\n\t\t\t<\/div><\/figure><figure class='gallery-item'>\n\t\t\t<div class='gallery-icon portrait'>\n\t\t\t\t<a title=\"Strong_2\"  title=\"Strong_2\"  href='https:\/\/www.auzeau.fr\/39-45\/wp-content\/uploads\/Cimetieres\/01%20--%2030\/28%20-%20Eure%20et%20Loir\/Epeautrolles\/Strong_2.jpg'><img loading=\"lazy\" decoding=\"async\" width=\"150\" height=\"150\" src=\"https:\/\/www.auzeau.fr\/39-45\/wp-content\/uploads\/Cimetieres\/01 -- 30\/28 - Eure et Loir\/Epeautrolles\/Strong_2-150x150.jpg\" class=\"attachment-thumbnail size-thumbnail\" alt=\"\" srcset=\"https:\/\/www.auzeau.fr\/39-45\/wp-content\/uploads\/Cimetieres\/01%20--%2030\/28%20-%20Eure%20et%20Loir\/Epeautrolles\/Strong_2-150x150.jpg 150w, https:\/\/www.auzeau.fr\/39-45\/wp-content\/uploads\/Cimetieres\/01%20--%2030\/28%20-%20Eure%20et%20Loir\/Epeautrolles\/Strong_2-50x50.jpg 50w\" sizes=\"(max-width: 150px) 100vw, 150px\" \/><\/a>\n\t\t\t<\/div><\/figure>\n\t\t<\/div>\n<\/td>\n<\/tr>\n<\/tbody>\n<\/table>\n<hr \/>\n<p style=\"text-align: center;\"><ul id=\"menu-28-eure-et-loir\" class=\"menu\"><li id=\"menu-item-52592\" class=\"menu-item menu-item-type-post_type menu-item-object-page menu-item-52592\"><a href=\"https:\/\/www.auzeau.fr\/39-45\/france\/28-eure-et-loir\/28-auneau\/\">28 \u2013 Auneau<\/a><\/li>\n<li id=\"menu-item-52593\" class=\"menu-item menu-item-type-post_type menu-item-object-page menu-item-52593\"><a href=\"https:\/\/www.auzeau.fr\/39-45\/france\/28-eure-et-loir\/28-berou-la-mulotiere\/\">28 \u2013 B\u00e9rou-la-Muloti\u00e8re<\/a><\/li>\n<li id=\"menu-item-52594\" class=\"menu-item menu-item-type-post_type menu-item-object-page menu-item-52594\"><a href=\"https:\/\/www.auzeau.fr\/39-45\/france\/28-eure-et-loir\/28-blevy\/\">28 \u2013 Bl\u00e9vy<\/a><\/li>\n<li id=\"menu-item-52595\" class=\"menu-item menu-item-type-post_type menu-item-object-page menu-item-52595\"><a href=\"https:\/\/www.auzeau.fr\/39-45\/france\/28-eure-et-loir\/28-broue\/\">28 \u2013 Brou\u00e9<\/a><\/li>\n<li id=\"menu-item-52596\" class=\"menu-item menu-item-type-post_type menu-item-object-page menu-item-52596\"><a href=\"https:\/\/www.auzeau.fr\/39-45\/france\/28-eure-et-loir\/28-bu\/\">28 \u2013 B\u00fb<\/a><\/li>\n<li id=\"menu-item-52597\" class=\"menu-item menu-item-type-post_type menu-item-object-page menu-item-52597\"><a href=\"https:\/\/www.auzeau.fr\/39-45\/france\/28-eure-et-loir\/28-chateaudun\/\">28 \u2013 Ch\u00e2teaudun<\/a><\/li>\n<li id=\"menu-item-52598\" class=\"menu-item menu-item-type-post_type menu-item-object-page menu-item-52598\"><a href=\"https:\/\/www.auzeau.fr\/39-45\/france\/28-eure-et-loir\/28-donnemain-saint-mames\/\">28 \u2013 Donnemain-Saint-Mam\u00e8s<\/a><\/li>\n<li id=\"menu-item-52599\" class=\"menu-item menu-item-type-post_type menu-item-object-page menu-item-52599\"><a href=\"https:\/\/www.auzeau.fr\/39-45\/france\/28-eure-et-loir\/28-dreux\/\">28 \u2013 Dreux<\/a><\/li>\n<li id=\"menu-item-52600\" class=\"menu-item menu-item-type-post_type menu-item-object-page menu-item-52600\"><a href=\"https:\/\/www.auzeau.fr\/39-45\/france\/28-eure-et-loir\/28-epautrolles\/\">28 \u2013 \u00c9pautrolles<\/a><\/li>\n<li id=\"menu-item-52601\" class=\"menu-item menu-item-type-post_type menu-item-object-page menu-item-52601\"><a href=\"https:\/\/www.auzeau.fr\/39-45\/france\/28-eure-et-loir\/28-epernon\/\">28 \u2013 \u00c9pernon<\/a><\/li>\n<li id=\"menu-item-67206\" class=\"menu-item menu-item-type-post_type menu-item-object-page menu-item-67206\"><a href=\"https:\/\/www.auzeau.fr\/39-45\/france\/28-eure-et-loir\/28-friaize\/\">28 \u2013 Friaize<\/a><\/li>\n<li id=\"menu-item-69831\" class=\"menu-item menu-item-type-post_type menu-item-object-page menu-item-69831\"><a href=\"https:\/\/www.auzeau.fr\/39-45\/france\/28-eure-et-loir\/28-garancieres-en-drouais\/\">28 \u2013 Garanci\u00e8res-en-Drouais<\/a><\/li>\n<li id=\"menu-item-52602\" class=\"menu-item menu-item-type-post_type menu-item-object-page menu-item-52602\"><a href=\"https:\/\/www.auzeau.fr\/39-45\/france\/28-eure-et-loir\/28-laons\/\">28 \u2013 Laons<\/a><\/li>\n<li id=\"menu-item-67205\" class=\"menu-item menu-item-type-post_type menu-item-object-page menu-item-67205\"><a href=\"https:\/\/www.auzeau.fr\/39-45\/france\/28-eure-et-loir\/28-les-corvees-les-yys\/\">28 \u2013 Les-Corv\u00e9es-les-Yys<\/a><\/li>\n<li id=\"menu-item-52603\" class=\"menu-item menu-item-type-post_type menu-item-object-page menu-item-52603\"><a href=\"https:\/\/www.auzeau.fr\/39-45\/france\/28-eure-et-loir\/28-luray\/\">28 \u2013 Luray<\/a><\/li>\n<li id=\"menu-item-67326\" class=\"menu-item menu-item-type-post_type menu-item-object-page menu-item-67326\"><a href=\"https:\/\/www.auzeau.fr\/39-45\/france\/28-eure-et-loir\/28-magny\/\">28 \u2013 Magny<\/a><\/li>\n<li id=\"menu-item-52604\" class=\"menu-item menu-item-type-post_type menu-item-object-page menu-item-52604\"><a href=\"https:\/\/www.auzeau.fr\/39-45\/france\/28-eure-et-loir\/28-marville-les-bois\/\">28 \u2013 Marville-les-Bois<\/a><\/li>\n<li id=\"menu-item-67325\" class=\"menu-item menu-item-type-post_type menu-item-object-page menu-item-67325\"><a href=\"https:\/\/www.auzeau.fr\/39-45\/france\/28-eure-et-loir\/28-mezieres-en-drouais\/\">28 \u2013 M\u00e9zi\u00e8res-en-Drouais<\/a><\/li>\n<li id=\"menu-item-52605\" class=\"menu-item menu-item-type-post_type menu-item-object-page menu-item-52605\"><a href=\"https:\/\/www.auzeau.fr\/39-45\/france\/28-eure-et-loir\/28-nogent-le-rotrou\/\">28 \u2013 Nogent-le-Rotrou<\/a><\/li>\n<li id=\"menu-item-52606\" class=\"menu-item menu-item-type-post_type menu-item-object-page menu-item-52606\"><a href=\"https:\/\/www.auzeau.fr\/39-45\/france\/28-eure-et-loir\/28-oulins\/\">28 \u2013 Oulins<\/a><\/li>\n<li id=\"menu-item-67324\" class=\"menu-item menu-item-type-post_type menu-item-object-page menu-item-67324\"><a href=\"https:\/\/www.auzeau.fr\/39-45\/france\/28-eure-et-loir\/28-pontgouin\/\">28 \u2013 Pontgouin<\/a><\/li>\n<li id=\"menu-item-67323\" class=\"menu-item menu-item-type-post_type menu-item-object-page menu-item-67323\"><a href=\"https:\/\/www.auzeau.fr\/39-45\/france\/28-eure-et-loir\/28-saint-arnoult-des-bois\/\">28 \u2013 Saint-Arnoult-des-Bois<\/a><\/li>\n<li id=\"menu-item-52607\" class=\"menu-item menu-item-type-post_type menu-item-object-page menu-item-52607\"><a href=\"https:\/\/www.auzeau.fr\/39-45\/france\/28-eure-et-loir\/28-saint-cloud-en-dunois\/\">28 \u2013 Saint-Cloud-en-Dunois<\/a><\/li>\n<li id=\"menu-item-52608\" class=\"menu-item menu-item-type-post_type menu-item-object-page menu-item-52608\"><a href=\"https:\/\/www.auzeau.fr\/39-45\/france\/28-eure-et-loir\/28-saint-maurice-saint-germain\/\">28 \u2013 Saint-Maurice-Saint-Germain<\/a><\/li>\n<li id=\"menu-item-52609\" class=\"menu-item menu-item-type-post_type menu-item-object-page menu-item-52609\"><a href=\"https:\/\/www.auzeau.fr\/39-45\/france\/28-eure-et-loir\/28-sainte-gemme-moronval\/\">28 \u2013 Sainte-Gemme-Moronval<\/a><\/li>\n<li id=\"menu-item-52610\" class=\"menu-item menu-item-type-post_type menu-item-object-page menu-item-52610\"><a href=\"https:\/\/www.auzeau.fr\/39-45\/france\/28-eure-et-loir\/28-senonches\/\">28 \u2013 Senonches<\/a><\/li>\n<li id=\"menu-item-52611\" class=\"menu-item menu-item-type-post_type menu-item-object-page menu-item-52611\"><a href=\"https:\/\/www.auzeau.fr\/39-45\/france\/28-eure-et-loir\/28-serazereux\/\">28 \u2013 Serazereux<\/a><\/li>\n<li id=\"menu-item-52612\" class=\"menu-item menu-item-type-post_type menu-item-object-page menu-item-52612\"><a href=\"https:\/\/www.auzeau.fr\/39-45\/france\/28-eure-et-loir\/28-soulaires\/\">28 \u2013 Soulaires<\/a><\/li>\n<li id=\"menu-item-52613\" class=\"menu-item menu-item-type-post_type menu-item-object-page menu-item-52613\"><a href=\"https:\/\/www.auzeau.fr\/39-45\/france\/28-eure-et-loir\/28-theuville\/\">28 \u2013 Theuville<\/a><\/li>\n<li id=\"menu-item-52614\" class=\"menu-item menu-item-type-post_type menu-item-object-page menu-item-52614\"><a href=\"https:\/\/www.auzeau.fr\/39-45\/france\/28-eure-et-loir\/28-villampuy\/\">28 \u2013 Villampuy<\/a><\/li>\n<li id=\"menu-item-52615\" class=\"menu-item menu-item-type-post_type menu-item-object-page menu-item-52615\"><a href=\"https:\/\/www.auzeau.fr\/39-45\/france\/28-eure-et-loir\/28-yevres\/\">28 \u2013 Y\u00e8vres<\/a><\/li>\n<\/ul>\n<script type=\"text\/javascript\"> toolTips('.classtoolTips12','Pilot Officer'); <\/script><script type=\"text\/javascript\"> toolTips('.classtoolTips19','Flying Officer'); <\/script><script type=\"text\/javascript\"> toolTips('.classtoolTips45','Royal Air Force Volunteer Reserve'); <\/script><script type=\"text\/javascript\"> toolTips('.classtoolTips78','Aviation Royale Canadienne<br\/><br\/>Royal Canadian Air Force'); <\/script><script type=\"text\/javascript\"> toolTips('.classtoolTips96','Sergent<br\/><br\/>Sergeant'); <\/script><script type=\"text\/javascript\"> toolTips('.classtoolTips98','Colonel'); <\/script><script type=\"text\/javascript\"> toolTips('.classtoolTips110','Tu\u00e9 au combat<br\/><br\/>Killed In Action'); <\/script><script type=\"text\/javascript\"> toolTips('.classtoolTips118','Canonnier'); <\/script><script type=\"text\/javascript\"> toolTips('.classtoolTips144','Royal Corps of Signals'); <\/script><script type=\"text\/javascript\"> toolTips('.classtoolTips146','Royal Air Force'); <\/script><script type=\"text\/javascript\"> toolTips('.classtoolTips153','Porucznik'); <\/script><script type=\"text\/javascript\"> toolTips('.classtoolTips154','Groupe de Liaisons A\u00e9riennes'); <\/script><script type=\"text\/javascript\"> toolTips('.classtoolTips169','Pointe'); <\/script><script type=\"text\/javascript\"> toolTips('.classtoolTips173','Leading Airman'); <\/script><script type=\"text\/javascript\"> toolTips('.classtoolTips185','Mitrailleur<br\/><br\/>Air Gunner'); <\/script><script type=\"text\/javascript\"> toolTips('.classtoolTips188','Bombardier<br\/><br\/>Air bomber'); <\/script><script type=\"text\/javascript\"> toolTips('.classtoolTips189','M\u00e9canicien volant<br\/><br\/>Flying Enginer'); <\/script><script type=\"text\/javascript\"> toolTips('.classtoolTips193','Royal Navy'); <\/script><script type=\"text\/javascript\"> toolTips('.classtoolTips194','Lieutenant de Vaisseau'); <\/script><script type=\"text\/javascript\"> toolTips('.classtoolTips195','Enseigne de Vaisseau'); <\/script><script type=\"text\/javascript\"> toolTips('.classtoolTips197','Aircraftman'); <\/script><script type=\"text\/javascript\"> toolTips('.classtoolTips199','Radio Officer'); <\/script><script type=\"text\/javascript\"> toolTips('.classtoolTips201','Lieutenant'); <\/script>","protected":false},"excerpt":{"rendered":"<p>Halifax DK255 ZL-B 427 Sqn Date :\u00a0 07 septembre 1943 Mission :\u00a0 munich (All.) \u00a0 \u00a0 D\u00e9collage :\u00a0 Leeming \u00e0 19:31 \u00a0 \u00a0 \u00a0 \u00a0 \u00a0 Causes de la perte :\u00a0 \u00a0 \u00a0 \u00a0 \u00a0 \u00a0 \u00a0 Lieu de la perte :\u00a0 Pr\u00e8s d&#8217;\u00c9peautrolles (28) \u00a0 \u00a0 \u00a0 Sgt Alick Victor Douglas HUMPHRIES RCAF R\/225311 [&hellip;]<\/p>\n","protected":false},"author":1,"featured_media":0,"parent":65,"menu_order":0,"comment_status":"closed","ping_status":"closed","template":"template-full-width Halifax.php","meta":{"_lmt_disableupdate":"yes","_lmt_disable":"","footnotes":""},"categories":[332],"tags":[356],"wf_page_folders":[3120],"class_list":["post-3628","page","type-page","status-publish","hentry","category-halifax","tag-427-squadron"],"_links":{"self":[{"href":"https:\/\/www.auzeau.fr\/39-45\/wp-json\/wp\/v2\/pages\/3628","targetHints":{"allow":["GET"]}}],"collection":[{"href":"https:\/\/www.auzeau.fr\/39-45\/wp-json\/wp\/v2\/pages"}],"about":[{"href":"https:\/\/www.auzeau.fr\/39-45\/wp-json\/wp\/v2\/types\/page"}],"author":[{"embeddable":true,"href":"https:\/\/www.auzeau.fr\/39-45\/wp-json\/wp\/v2\/users\/1"}],"replies":[{"embeddable":true,"href":"https:\/\/www.auzeau.fr\/39-45\/wp-json\/wp\/v2\/comments?post=3628"}],"version-history":[{"count":0,"href":"https:\/\/www.auzeau.fr\/39-45\/wp-json\/wp\/v2\/pages\/3628\/revisions"}],"up":[{"embeddable":true,"href":"https:\/\/www.auzeau.fr\/39-45\/wp-json\/wp\/v2\/pages\/65"}],"wp:attachment":[{"href":"https:\/\/www.auzeau.fr\/39-45\/wp-json\/wp\/v2\/media?parent=3628"}],"wp:term":[{"taxonomy":"category","embeddable":true,"href":"https:\/\/www.auzeau.fr\/39-45\/wp-json\/wp\/v2\/categories?post=3628"},{"taxonomy":"post_tag","embeddable":true,"href":"https:\/\/www.auzeau.fr\/39-45\/wp-json\/wp\/v2\/tags?post=3628"},{"taxonomy":"wf_page_folders","embeddable":true,"href":"https:\/\/www.auzeau.fr\/39-45\/wp-json\/wp\/v2\/wf_page_folders?post=3628"}],"curies":[{"name":"wp","href":"https:\/\/api.w.org\/{rel}","templated":true}]}}