{"id":35455,"date":"2017-10-04T20:56:49","date_gmt":"2017-10-04T18:56:49","guid":{"rendered":"http:\/\/www.auzeau.fr\/3945\/?page_id=35455"},"modified":"2018-05-14T15:41:05","modified_gmt":"2018-05-14T13:41:05","slug":"53-saint-gemmes-le-robert","status":"publish","type":"page","link":"https:\/\/www.auzeau.fr\/39-45\/france\/53-mayenne\/53-saint-gemmes-le-robert\/","title":{"rendered":"53 &#8211; Saint-Gemmes-le-Robert"},"content":{"rendered":"<p><img fetchpriority=\"high\" decoding=\"async\" class=\"aligncenter size-full wp-image-55591\" title=\"St-Gemmes-Le-Robert\" src=\"https:\/\/www.auzeau.fr\/39-45\/wp-content\/uploads\/Cimetieres\/31 -- 60\/53-Mayenne\/Saint-gemmes-le-robert\/St-Gemmes-Le-Robert.jpg\" alt=\"\" width=\"900\" height=\"457\" srcset=\"https:\/\/www.auzeau.fr\/39-45\/wp-content\/uploads\/Cimetieres\/31%20--%2060\/53-Mayenne\/Saint-gemmes-le-robert\/St-Gemmes-Le-Robert.jpg 900w, https:\/\/www.auzeau.fr\/39-45\/wp-content\/uploads\/Cimetieres\/31%20--%2060\/53-Mayenne\/Saint-gemmes-le-robert\/St-Gemmes-Le-Robert-300x152.jpg 300w, https:\/\/www.auzeau.fr\/39-45\/wp-content\/uploads\/Cimetieres\/31%20--%2060\/53-Mayenne\/Saint-gemmes-le-robert\/St-Gemmes-Le-Robert-768x390.jpg 768w\" sizes=\"(max-width: 900px) 100vw, 900px\" \/><\/p>\n<table style=\"width: 100%;\">\n<tbody>\n<tr>\n<td style=\"width: 5%;\"><\/td>\n<td style=\"width: 5%;\"><\/td>\n<td style=\"width: 5%;\"><\/td>\n<td style=\"width: 5%;\"><\/td>\n<td style=\"width: 5%;\"><\/td>\n<td style=\"width: 5%;\"><\/td>\n<td style=\"width: 5%;\"><\/td>\n<td style=\"width: 5%;\"><\/td>\n<td style=\"width: 5%;\"><\/td>\n<td style=\"width: 5%;\"><\/td>\n<td style=\"width: 5%;\"><\/td>\n<td style=\"width: 5%;\"><\/td>\n<td style=\"width: 5%;\"><\/td>\n<td style=\"width: 5%;\"><\/td>\n<td style=\"width: 5%;\"><\/td>\n<td style=\"width: 5%;\"><\/td>\n<td style=\"width: 5%;\"><\/td>\n<td style=\"width: 5%;\"><\/td>\n<td style=\"width: 5%;\"><\/td>\n<td style=\"width: 5%;\"><\/td>\n<\/tr>\n<tr>\n<td colspan=\"15\"><strong><span style=\"font-size: xx-large;\"><span style=\"color: #000000;\">Lancaster DV229 JO-P<\/span><br \/>\n<\/span><\/strong><\/td>\n<td style=\"text-align: center;\" colspan=\"5\"><strong><span style=\"font-size: xx-large;\">463 Sqn<\/span><\/strong><\/td>\n<\/tr>\n<tr style=\"height: 40px;\">\n<td style=\"text-align: right;\" colspan=\"2\"><strong>Date : <\/strong><\/td>\n<td colspan=\"5\"><em>\u00a011 juin 1944<\/em><\/td>\n<td style=\"text-align: right;\" colspan=\"3\"><strong>Mission : <\/strong><\/td>\n<td colspan=\"10\"><em>\u00a0Bombardement d&#8217;installations ferroviaires \u00e0 Orl\u00e9ans (45)<br \/>\n<\/em><\/td>\n<\/tr>\n<tr style=\"height: 40px;\">\n<td><\/td>\n<td><\/td>\n<td style=\"text-align: right; width: 25%;\" colspan=\"5\"><strong>D\u00e9collage : <\/strong><\/td>\n<td colspan=\"10\"><em>\u00a0Waddington \u00e0 2219<br \/>\n<\/em><\/td>\n<td><\/td>\n<td><\/td>\n<td><\/td>\n<\/tr>\n<tr style=\"height: 40px;\">\n<td><\/td>\n<td><\/td>\n<td style=\"text-align: right; width: 25%;\" colspan=\"5\"><strong>Causes de la perte : <\/strong><\/td>\n<td colspan=\"13\"><em>\u00a0Probablement touch\u00e9 au dessus de l&#8217;objectif par la <span class='tooltipsall tooltipsincontent classtoolTips70'>Flak<\/span>. Un moteur en feu appareil \u00e9vacu\u00e9 par l&#8217;\u00e9quipage (sauf le pilote).<\/em><\/td>\n<\/tr>\n<tr style=\"height: 40px;\">\n<td><\/td>\n<td><\/td>\n<td style=\"text-align: right; width: 25%;\" colspan=\"5\"><strong>Lieu de la perte : <\/strong><\/td>\n<td colspan=\"10\"><em>\u00a0&#8220;Bois de Crun&#8221; \u00e0 Saint-Gemmes-le-Robert (28)<\/em><\/td>\n<td><\/td>\n<td><\/td>\n<td><\/td>\n<\/tr>\n<tr style=\"height: 60px;\">\n<td><img decoding=\"async\" class=\"size-full wp-image-47228 alignleft\" title=\"Australie\" src=\"https:\/\/www.auzeau.fr\/39-45\/wp-content\/uploads\/images\/Drapeaux\/Australie.png\" alt=\"Australie\" width=\"40\" height=\"20\" \/><\/td>\n<td><span class='tooltipsall tooltipsincontent classtoolTips183'>FS<\/span><\/td>\n<td colspan=\"5\">Maxwell Rae<\/td>\n<td colspan=\"3\"><span style=\"color: #000000;\"><strong>BARRY<\/strong><\/span><\/td>\n<td style=\"text-align: center; width: 4.375%;\"><span class='tooltipsall tooltipsincontent classtoolTips185'>AG<\/span><\/td>\n<td><span class='tooltipsall tooltipsincontent classtoolTips77'>RAAF<\/span><\/td>\n<td colspan=\"2\">419764<\/td>\n<td><span class='tooltipsall tooltipsincontent classtoolTips113'>POW<\/span><\/td>\n<td colspan=\"5\"><\/td>\n<\/tr>\n<tr style=\"height: 60px;\">\n<td><img decoding=\"async\" class=\"size-full wp-image-47228 alignleft\" title=\"Australie\" src=\"https:\/\/www.auzeau.fr\/39-45\/wp-content\/uploads\/images\/Drapeaux\/Australie.png\" alt=\"Australie\" width=\"40\" height=\"20\" \/><\/td>\n<td><span class='tooltipsall tooltipsincontent classtoolTips12'>Plt Off<\/span><\/td>\n<td colspan=\"5\">Joseph John<\/td>\n<td colspan=\"3\"><span style=\"color: #000000;\"><strong>FLETCHER<\/strong><\/span><\/td>\n<td style=\"text-align: center; width: 4.375%;\"><span class='tooltipsall tooltipsincontent classtoolTips151'>Pil<\/span><\/td>\n<td><span class='tooltipsall tooltipsincontent classtoolTips77'>RAAF<\/span><\/td>\n<td colspan=\"2\">414668<\/td>\n<td><span style=\"color: #000000;\"><strong><span class='tooltipsall tooltipsincontent classtoolTips110'>KIA<\/span><\/strong><\/span><\/td>\n<td colspan=\"5\"><\/td>\n<\/tr>\n<tr style=\"height: 60px;\">\n<td><img decoding=\"async\" class=\"size-full wp-image-47228 alignleft\" title=\"Australie\" src=\"https:\/\/www.auzeau.fr\/39-45\/wp-content\/uploads\/images\/Drapeaux\/Australie.png\" alt=\"Australie\" width=\"40\" height=\"20\" \/><\/td>\n<td><span class='tooltipsall tooltipsincontent classtoolTips183'>FS<\/span><\/td>\n<td colspan=\"5\">Glen William<\/td>\n<td colspan=\"3\"><span style=\"color: #000000;\"><strong>KING<\/strong><\/span><\/td>\n<td style=\"text-align: center; width: 4.375%;\"><span class='tooltipsall tooltipsincontent classtoolTips116'>Nav<\/span><\/td>\n<td><span class='tooltipsall tooltipsincontent classtoolTips77'>RAAF<\/span><\/td>\n<td colspan=\"2\">426352<\/td>\n<td><span class='tooltipsall tooltipsincontent classtoolTips113'>POW<\/span><\/td>\n<td colspan=\"5\"><\/td>\n<\/tr>\n<tr style=\"height: 60px;\">\n<td><img decoding=\"async\" class=\"size-full wp-image-47228 alignleft\" title=\"Australie\" src=\"https:\/\/www.auzeau.fr\/39-45\/wp-content\/uploads\/images\/Drapeaux\/Australie.png\" alt=\"Australie\" width=\"40\" height=\"20\" \/><\/td>\n<td><span class='tooltipsall tooltipsincontent classtoolTips183'>FS<\/span><\/td>\n<td colspan=\"5\">Anthony William<\/td>\n<td colspan=\"3\"><span style=\"color: #000000;\"><strong>MATTHEWS<\/strong><\/span><\/td>\n<td style=\"text-align: center; width: 4.375%;\"><span class='tooltipsall tooltipsincontent classtoolTips188'>AB<\/span><\/td>\n<td><span class='tooltipsall tooltipsincontent classtoolTips77'>RAAF<\/span><\/td>\n<td colspan=\"2\">418756<\/td>\n<td><span class='tooltipsall tooltipsincontent classtoolTips134'>EVA<\/span><\/td>\n<td colspan=\"5\"><\/td>\n<\/tr>\n<tr style=\"height: 60px;\">\n<td><img decoding=\"async\" class=\"size-full wp-image-47228 alignleft\" title=\"Australie\" src=\"https:\/\/www.auzeau.fr\/39-45\/wp-content\/uploads\/images\/Drapeaux\/Australie.png\" alt=\"Australie\" width=\"40\" height=\"20\" \/><\/td>\n<td><span class='tooltipsall tooltipsincontent classtoolTips183'>FS<\/span><\/td>\n<td colspan=\"5\">Frank Herbert<\/td>\n<td colspan=\"3\"><span style=\"color: #000000;\"><strong>REDFORD<\/strong><\/span><\/td>\n<td style=\"text-align: center; width: 4.375%;\"><span class='tooltipsall tooltipsincontent classtoolTips185'>AG<\/span><\/td>\n<td><span class='tooltipsall tooltipsincontent classtoolTips77'>RAAF<\/span><\/td>\n<td colspan=\"2\">427734<\/td>\n<td><span class='tooltipsall tooltipsincontent classtoolTips134'>EVA<\/span><\/td>\n<td colspan=\"5\"><\/td>\n<\/tr>\n<tr style=\"height: 60px;\">\n<td><img decoding=\"async\" class=\"size-full wp-image-47228 alignleft\" title=\"Australie\" src=\"https:\/\/www.auzeau.fr\/39-45\/wp-content\/uploads\/images\/Drapeaux\/Australie.png\" alt=\"Australie\" width=\"40\" height=\"20\" \/><\/td>\n<td><span class='tooltipsall tooltipsincontent classtoolTips182'>WO<\/span><\/td>\n<td colspan=\"5\">Noel William<\/td>\n<td colspan=\"3\"><span style=\"color: #000000;\"><strong>ROBINSON<\/strong><\/span><\/td>\n<td style=\"text-align: center; width: 4.375%;\"><span class='tooltipsall tooltipsincontent classtoolTips115'>WOP<\/span><\/td>\n<td><span class='tooltipsall tooltipsincontent classtoolTips77'>RAAF<\/span><\/td>\n<td colspan=\"2\">404682<\/td>\n<td><span class='tooltipsall tooltipsincontent classtoolTips113'>POW<\/span><\/td>\n<td colspan=\"5\"><\/td>\n<\/tr>\n<tr style=\"height: 60px;\">\n<td><img decoding=\"async\" class=\"size-full wp-image-47215 alignleft\" title=\"Royaume Uni\" src=\"https:\/\/www.auzeau.fr\/39-45\/wp-content\/uploads\/images\/Drapeaux\/Angleterre.png\" alt=\"Royaume Uni\" width=\"40\" height=\"20\" \/><\/td>\n<td><span class='tooltipsall tooltipsincontent classtoolTips96'>Sgt<\/span><\/td>\n<td colspan=\"5\">A. K.<\/td>\n<td colspan=\"3\"><span style=\"color: #000000;\"><strong>SMITH<\/strong><\/span><\/td>\n<td style=\"text-align: center; width: 4.375%;\"><span class='tooltipsall tooltipsincontent classtoolTips189'>FE<\/span><\/td>\n<td><span class='tooltipsall tooltipsincontent classtoolTips146'>RAF<\/span><\/td>\n<td colspan=\"2\">949366<\/td>\n<td><span class='tooltipsall tooltipsincontent classtoolTips113'>POW<\/span><\/td>\n<td colspan=\"5\"><\/td>\n<\/tr>\n<tr>\n<td colspan=\"20\" height=\"20\"><\/td>\n<\/tr>\n<tr>\n<td colspan=\"20\"><div id='gallery-1' class='gallery galleryid-35455 gallery-columns-3 gallery-size-thumbnail'><figure class='gallery-item'>\n\t\t\t<div class='gallery-icon portrait'>\n\t\t\t\t<a title=\"Fletcher\"  title=\"Fletcher\"  href='https:\/\/www.auzeau.fr\/39-45\/wp-content\/uploads\/Cimetieres\/31%20--%2060\/53-Mayenne\/Saint-gemmes-le-robert\/Fletcher_1.jpg'><img loading=\"lazy\" decoding=\"async\" width=\"150\" height=\"150\" src=\"https:\/\/www.auzeau.fr\/39-45\/wp-content\/uploads\/Cimetieres\/31 -- 60\/53-Mayenne\/Saint-gemmes-le-robert\/Fletcher_1-150x150.jpg\" class=\"attachment-thumbnail size-thumbnail\" alt=\"\" srcset=\"https:\/\/www.auzeau.fr\/39-45\/wp-content\/uploads\/Cimetieres\/31%20--%2060\/53-Mayenne\/Saint-gemmes-le-robert\/Fletcher_1-150x150.jpg 150w, https:\/\/www.auzeau.fr\/39-45\/wp-content\/uploads\/Cimetieres\/31%20--%2060\/53-Mayenne\/Saint-gemmes-le-robert\/Fletcher_1-50x50.jpg 50w\" sizes=\"(max-width: 150px) 100vw, 150px\" \/><\/a>\n\t\t\t<\/div><\/figure><figure class='gallery-item'>\n\t\t\t<div class='gallery-icon portrait'>\n\t\t\t\t<a title=\"Fletcher_2\"  title=\"Fletcher_2\"  href='https:\/\/www.auzeau.fr\/39-45\/wp-content\/uploads\/Cimetieres\/31%20--%2060\/53-Mayenne\/Saint-gemmes-le-robert\/Fletcher_2.jpg'><img loading=\"lazy\" decoding=\"async\" width=\"150\" height=\"150\" src=\"https:\/\/www.auzeau.fr\/39-45\/wp-content\/uploads\/Cimetieres\/31 -- 60\/53-Mayenne\/Saint-gemmes-le-robert\/Fletcher_2-150x150.jpg\" class=\"attachment-thumbnail size-thumbnail\" alt=\"\" srcset=\"https:\/\/www.auzeau.fr\/39-45\/wp-content\/uploads\/Cimetieres\/31%20--%2060\/53-Mayenne\/Saint-gemmes-le-robert\/Fletcher_2-150x150.jpg 150w, https:\/\/www.auzeau.fr\/39-45\/wp-content\/uploads\/Cimetieres\/31%20--%2060\/53-Mayenne\/Saint-gemmes-le-robert\/Fletcher_2-50x50.jpg 50w\" sizes=\"(max-width: 150px) 100vw, 150px\" \/><\/a>\n\t\t\t<\/div><\/figure><figure class='gallery-item'>\n\t\t\t<div class='gallery-icon portrait'>\n\t\t\t\t<a title=\"Fletcher\"  title=\"Fletcher\"  href='https:\/\/www.auzeau.fr\/39-45\/wp-content\/uploads\/Cimetieres\/31%20--%2060\/53-Mayenne\/Saint-gemmes-le-robert\/Fletcher_3.jpg'><img loading=\"lazy\" decoding=\"async\" width=\"150\" height=\"150\" src=\"https:\/\/www.auzeau.fr\/39-45\/wp-content\/uploads\/Cimetieres\/31 -- 60\/53-Mayenne\/Saint-gemmes-le-robert\/Fletcher_3-150x150.jpg\" class=\"attachment-thumbnail size-thumbnail\" alt=\"\" srcset=\"https:\/\/www.auzeau.fr\/39-45\/wp-content\/uploads\/Cimetieres\/31%20--%2060\/53-Mayenne\/Saint-gemmes-le-robert\/Fletcher_3-150x150.jpg 150w, https:\/\/www.auzeau.fr\/39-45\/wp-content\/uploads\/Cimetieres\/31%20--%2060\/53-Mayenne\/Saint-gemmes-le-robert\/Fletcher_3-50x50.jpg 50w\" sizes=\"(max-width: 150px) 100vw, 150px\" \/><\/a>\n\t\t\t<\/div><\/figure>\n\t\t<\/div>\n<\/td>\n<\/tr>\n<\/tbody>\n<\/table>\n<hr \/>\n<p style=\"text-align: center;\"><ul id=\"menu-53-mayenne\" class=\"menu\"><li id=\"menu-item-99592\" class=\"menu-item menu-item-type-post_type menu-item-object-page menu-item-99592\"><a href=\"https:\/\/www.auzeau.fr\/39-45\/france\/53-mayenne\/53-la-pellerine\/\">53 \u2013 La Pellerine<\/a><\/li>\n<li id=\"menu-item-55597\" class=\"menu-item menu-item-type-post_type menu-item-object-page menu-item-55597\"><a href=\"https:\/\/www.auzeau.fr\/39-45\/france\/53-mayenne\/53-laval\/\">53 \u2013 Laval<\/a><\/li>\n<li id=\"menu-item-55598\" class=\"menu-item menu-item-type-post_type menu-item-object-page menu-item-55598\"><a href=\"https:\/\/www.auzeau.fr\/39-45\/france\/53-mayenne\/53-lignieres-orgeres\/\">53 \u2013 Ligni\u00e8res-Org\u00e8res<\/a><\/li>\n<li id=\"menu-item-55599\" class=\"menu-item menu-item-type-post_type menu-item-object-page menu-item-55599\"><a href=\"https:\/\/www.auzeau.fr\/39-45\/france\/53-mayenne\/53-saint-gemmes-le-robert\/\">53 \u2013 Saint-Gemmes-le-Robert<\/a><\/li>\n<\/ul>\n<script type=\"text\/javascript\"> toolTips('.classtoolTips12','Pilot Officer'); <\/script><script type=\"text\/javascript\"> toolTips('.classtoolTips70','<img class=\"aligncenter wp-image-65848 size-full\" title=\"Flak18\" src=\"https:\/\/www.auzeau.fr\/39-45\/wp-content\/uploads\/images\/Materiel\/Flak18.JPG\" alt=\"\" width=\"640\" height=\"499\" \/><br\/><img class=\"aligncenter size-full wp-image-65849\" title=\"Flak30\" src=\"https:\/\/www.auzeau.fr\/39-45\/wp-content\/uploads\/images\/Materiel\/Flak30.JPG\" alt=\"\" width=\"640\" height=\"499\" \/>'); <\/script><script type=\"text\/javascript\"> toolTips('.classtoolTips77','Royal Australian Air Force'); <\/script><script type=\"text\/javascript\"> toolTips('.classtoolTips96','Sergent<br\/><br\/>Sergeant'); <\/script><script type=\"text\/javascript\"> toolTips('.classtoolTips98','Colonel'); <\/script><script type=\"text\/javascript\"> toolTips('.classtoolTips110','Tu\u00e9 au combat<br\/><br\/>Killed In Action'); <\/script><script type=\"text\/javascript\"> toolTips('.classtoolTips113','Prisonnier de Guerre<br\/><br\/>Prisoner Of War'); <\/script><script type=\"text\/javascript\"> toolTips('.classtoolTips115','Op\u00e9rateur Radio<br\/><br\/>Wireless Op\u00e9rator'); <\/script><script type=\"text\/javascript\"> toolTips('.classtoolTips116','Navigateur<br\/><br\/>Navigator'); <\/script><script type=\"text\/javascript\"> toolTips('.classtoolTips134','\u00c9vad\u00e9<br\/><br\/>Evaded'); <\/script><script type=\"text\/javascript\"> toolTips('.classtoolTips136','Arm\u00e9e de l\u2019Air Fran\u00e7aise'); <\/script><script type=\"text\/javascript\"> toolTips('.classtoolTips144','Royal Corps of Signals'); <\/script><script type=\"text\/javascript\"> toolTips('.classtoolTips146','Royal Air Force'); <\/script><script type=\"text\/javascript\"> toolTips('.classtoolTips151','Pilote<br\/><br\/>Pilot'); <\/script><script type=\"text\/javascript\"> toolTips('.classtoolTips153','Porucznik'); <\/script><script type=\"text\/javascript\"> toolTips('.classtoolTips182','Warrant Officer'); <\/script><script type=\"text\/javascript\"> toolTips('.classtoolTips183','Flight Sergeant'); <\/script><script type=\"text\/javascript\"> toolTips('.classtoolTips185','Mitrailleur<br\/><br\/>Air Gunner'); <\/script><script type=\"text\/javascript\"> toolTips('.classtoolTips188','Bombardier<br\/><br\/>Air bomber'); <\/script><script type=\"text\/javascript\"> toolTips('.classtoolTips189','M\u00e9canicien volant<br\/><br\/>Flying Enginer'); <\/script><script type=\"text\/javascript\"> toolTips('.classtoolTips195','Enseigne de Vaisseau'); <\/script><script type=\"text\/javascript\"> toolTips('.classtoolTips196','second Ma\u00eetre'); <\/script><script type=\"text\/javascript\"> toolTips('.classtoolTips197','Aircraftman'); <\/script><script type=\"text\/javascript\"> toolTips('.classtoolTips199','Radio Officer'); <\/script><script type=\"text\/javascript\"> toolTips('.classtoolTips201','Lieutenant'); <\/script>","protected":false},"excerpt":{"rendered":"<p>Lancaster DV229 JO-P 463 Sqn Date : \u00a011 juin 1944 Mission : \u00a0Bombardement d&#8217;installations ferroviaires \u00e0 Orl\u00e9ans (45) D\u00e9collage : \u00a0Waddington \u00e0 2219 Causes de la perte : \u00a0Probablement touch\u00e9 au dessus de l&#8217;objectif par la Flak. Un moteur en feu appareil \u00e9vacu\u00e9 par l&#8217;\u00e9quipage (sauf le pilote). Lieu de la perte : \u00a0&#8220;Bois de [&hellip;]<\/p>\n","protected":false},"author":1,"featured_media":0,"parent":87,"menu_order":0,"comment_status":"closed","ping_status":"closed","template":"template-full-width Lancaster.php","meta":{"_lmt_disableupdate":"yes","_lmt_disable":"","footnotes":""},"categories":[323],"tags":[388],"wf_page_folders":[3126],"class_list":["post-35455","page","type-page","status-publish","hentry","category-lancaster","tag-463-squadron"],"_links":{"self":[{"href":"https:\/\/www.auzeau.fr\/39-45\/wp-json\/wp\/v2\/pages\/35455","targetHints":{"allow":["GET"]}}],"collection":[{"href":"https:\/\/www.auzeau.fr\/39-45\/wp-json\/wp\/v2\/pages"}],"about":[{"href":"https:\/\/www.auzeau.fr\/39-45\/wp-json\/wp\/v2\/types\/page"}],"author":[{"embeddable":true,"href":"https:\/\/www.auzeau.fr\/39-45\/wp-json\/wp\/v2\/users\/1"}],"replies":[{"embeddable":true,"href":"https:\/\/www.auzeau.fr\/39-45\/wp-json\/wp\/v2\/comments?post=35455"}],"version-history":[{"count":0,"href":"https:\/\/www.auzeau.fr\/39-45\/wp-json\/wp\/v2\/pages\/35455\/revisions"}],"up":[{"embeddable":true,"href":"https:\/\/www.auzeau.fr\/39-45\/wp-json\/wp\/v2\/pages\/87"}],"wp:attachment":[{"href":"https:\/\/www.auzeau.fr\/39-45\/wp-json\/wp\/v2\/media?parent=35455"}],"wp:term":[{"taxonomy":"category","embeddable":true,"href":"https:\/\/www.auzeau.fr\/39-45\/wp-json\/wp\/v2\/categories?post=35455"},{"taxonomy":"post_tag","embeddable":true,"href":"https:\/\/www.auzeau.fr\/39-45\/wp-json\/wp\/v2\/tags?post=35455"},{"taxonomy":"wf_page_folders","embeddable":true,"href":"https:\/\/www.auzeau.fr\/39-45\/wp-json\/wp\/v2\/wf_page_folders?post=35455"}],"curies":[{"name":"wp","href":"https:\/\/api.w.org\/{rel}","templated":true}]}}