{"id":35451,"date":"2017-10-11T19:45:41","date_gmt":"2017-10-11T17:45:41","guid":{"rendered":"http:\/\/www.auzeau.fr\/3945\/?page_id=35451"},"modified":"2018-05-14T15:50:42","modified_gmt":"2018-05-14T13:50:42","slug":"28-senonches","status":"publish","type":"page","link":"https:\/\/www.auzeau.fr\/39-45\/france\/28-eure-et-loir\/28-senonches\/","title":{"rendered":"28 &#8211; Senonches"},"content":{"rendered":"<p><img fetchpriority=\"high\" decoding=\"async\" class=\"aligncenter size-full wp-image-52937\" title=\"Senonches\" src=\"https:\/\/www.auzeau.fr\/39-45\/wp-content\/uploads\/Cimetieres\/01 -- 30\/28 - Eure et Loir\/Senonches\/Senonches.jpg\" alt=\"\" width=\"900\" height=\"450\" srcset=\"https:\/\/www.auzeau.fr\/39-45\/wp-content\/uploads\/Cimetieres\/01%20--%2030\/28%20-%20Eure%20et%20Loir\/Senonches\/Senonches.jpg 900w, https:\/\/www.auzeau.fr\/39-45\/wp-content\/uploads\/Cimetieres\/01%20--%2030\/28%20-%20Eure%20et%20Loir\/Senonches\/Senonches-300x150.jpg 300w, https:\/\/www.auzeau.fr\/39-45\/wp-content\/uploads\/Cimetieres\/01%20--%2030\/28%20-%20Eure%20et%20Loir\/Senonches\/Senonches-768x384.jpg 768w\" sizes=\"(max-width: 900px) 100vw, 900px\" \/><\/p>\n<table style=\"width: 100%;\">\n<tbody>\n<tr>\n<td style=\"width: 5%;\"><\/td>\n<td style=\"width: 5%;\"><\/td>\n<td style=\"width: 5%;\"><\/td>\n<td style=\"width: 5%;\"><\/td>\n<td style=\"width: 5%;\"><\/td>\n<td style=\"width: 5%;\"><\/td>\n<td style=\"width: 5%;\"><\/td>\n<td style=\"width: 5%;\"><\/td>\n<td style=\"width: 5%;\"><\/td>\n<td style=\"width: 5%;\"><\/td>\n<td style=\"width: 5%;\"><\/td>\n<td style=\"width: 5%;\"><\/td>\n<td style=\"width: 5%;\"><\/td>\n<td style=\"width: 5%;\"><\/td>\n<td style=\"width: 5%;\"><\/td>\n<td style=\"width: 5%;\"><\/td>\n<td style=\"width: 5%;\"><\/td>\n<td style=\"width: 5%;\"><\/td>\n<td style=\"width: 5%;\"><\/td>\n<td style=\"width: 5%;\"><\/td>\n<\/tr>\n<tr>\n<td colspan=\"15\"><strong><span style=\"font-size: xx-large;\"><span style=\"color: #000000;\">Whitley EB388<\/span><br \/>\n<\/span><\/strong><\/td>\n<td style=\"text-align: center;\" colspan=\"5\"><strong><span style=\"font-size: xx-large;\">24 <span class='tooltipsall tooltipsincontent classtoolTips104'>OTU<\/span><br \/>\n<\/span><\/strong><\/td>\n<\/tr>\n<tr style=\"height: 40px;\">\n<td style=\"text-align: right;\" colspan=\"2\"><span style=\"font-size: 14px;\"><strong>Date : <\/strong><\/span><\/td>\n<td colspan=\"5\"><span style=\"font-size: 14px;\"><em>09 d\u00e9cembre 1942<br \/>\n<\/em><\/span><\/td>\n<td style=\"text-align: right;\" colspan=\"3\"><span style=\"font-size: 14px;\"><strong>Mission : <\/strong><\/span><\/td>\n<td colspan=\"10\"><span style=\"font-size: 14px;\"><em><span class='tooltipsall tooltipsincontent classtoolTips28'>Nickel<\/span> : largage de tracts sur la r\u00e9gion d&#8217;Orl\u00e9ans (45)<br \/>\n<\/em><\/span><\/td>\n<\/tr>\n<tr style=\"height: 40px;\">\n<td><\/td>\n<td><\/td>\n<td style=\"text-align: right;\" colspan=\"5\"><span style=\"font-size: 14px;\"><strong>D\u00e9collage : <\/strong><\/span><\/td>\n<td colspan=\"10\"><span style=\"font-size: 14px;\"><em>Honeybourne\u00a0 \u00e0 18:24<br \/>\n<\/em><\/span><\/td>\n<td><\/td>\n<td><\/td>\n<td><\/td>\n<\/tr>\n<tr style=\"height: 40px;\">\n<td><\/td>\n<td><\/td>\n<td style=\"text-align: right;\" colspan=\"5\"><span style=\"font-size: 14px;\"><strong>Causes de la perte : <\/strong><\/span><\/td>\n<td colspan=\"10\"><span style=\"font-size: 14px;\"><em>\u00a0<\/em><\/span><\/td>\n<td><\/td>\n<td><\/td>\n<td><\/td>\n<\/tr>\n<tr style=\"height: 40px;\">\n<td><\/td>\n<td><\/td>\n<td style=\"text-align: right;\" colspan=\"5\"><span style=\"font-size: 14px;\"><strong>Lieu de la perte : <\/strong><\/span><\/td>\n<td colspan=\"10\"><span style=\"font-size: 14px;\"><em>Senonches (28)<\/em><\/span><\/td>\n<td><\/td>\n<td><\/td>\n<td><\/td>\n<\/tr>\n<tr style=\"height: 60px;\">\n<td><span style=\"font-size: 14px;\"><img decoding=\"async\" class=\"size-full wp-image-47215 alignleft\" title=\"Royaume Uni\" src=\"https:\/\/www.auzeau.fr\/39-45\/wp-content\/uploads\/images\/Drapeaux\/Angleterre.png\" alt=\"Royaume-Uni\" width=\"40\" height=\"20\" \/><\/span><\/td>\n<td><span style=\"font-size: 14px;\"><span class='tooltipsall tooltipsincontent classtoolTips96'>Sgt<\/span><\/span><\/td>\n<td colspan=\"5\"><span style=\"font-size: 14px;\">James Henry<br \/>\n<\/span><\/td>\n<td colspan=\"3\"><span style=\"font-size: 14px; color: #000000;\"><strong>CARTER<\/strong><\/span><\/td>\n<td style=\"text-align: center;\"><span class='tooltipsall tooltipsincontent classtoolTips185'>AG<\/span><\/td>\n<td style=\"text-align: center;\"><span style=\"font-size: 14px;\"><span class='tooltipsall tooltipsincontent classtoolTips45'>RAFVR<\/span><\/span><\/td>\n<td style=\"text-align: center;\" colspan=\"2\">1585838<\/td>\n<td><span style=\"font-size: 14px; color: #000000;\"><strong><span class='tooltipsall tooltipsincontent classtoolTips110'>KIA<\/span><\/strong><\/span><\/td>\n<td colspan=\"5\"><\/td>\n<\/tr>\n<tr style=\"height: 60px;\">\n<td><span style=\"font-size: 14px;\"><img decoding=\"async\" class=\"size-full wp-image-47215 alignleft\" title=\"Royaume Uni\" src=\"https:\/\/www.auzeau.fr\/39-45\/wp-content\/uploads\/images\/Drapeaux\/Angleterre.png\" alt=\"Royaume-Uni\" width=\"40\" height=\"20\" \/><\/span><\/td>\n<td><span style=\"font-size: 14px;\"><span class='tooltipsall tooltipsincontent classtoolTips12'>Plt Off<\/span><\/span><\/td>\n<td colspan=\"5\"><span style=\"font-size: 14px;\">John Pugh<\/span><\/td>\n<td colspan=\"3\"><span style=\"font-size: 14px; color: #000000;\"><strong>CRANSTOUN<\/strong><\/span><\/td>\n<td style=\"text-align: center;\"><span class='tooltipsall tooltipsincontent classtoolTips116'>Nav<\/span><\/td>\n<td style=\"text-align: center;\"><span style=\"font-size: 14px;\"><span class='tooltipsall tooltipsincontent classtoolTips45'>RAFVR<\/span><\/span><\/td>\n<td style=\"text-align: center;\" colspan=\"2\">129486<\/td>\n<td><span style=\"font-size: 14px; color: #000000;\"><strong><span class='tooltipsall tooltipsincontent classtoolTips110'>KIA<\/span><\/strong><\/span><\/td>\n<td colspan=\"5\"><\/td>\n<\/tr>\n<tr style=\"height: 60px;\">\n<td><span style=\"font-size: 14px;\"><img decoding=\"async\" class=\"size-full wp-image-47215 alignleft\" title=\"Royaume Uni\" src=\"https:\/\/www.auzeau.fr\/39-45\/wp-content\/uploads\/images\/Drapeaux\/Angleterre.png\" alt=\"Royaume-Uni\" width=\"40\" height=\"20\" \/><\/span><\/td>\n<td><span style=\"font-size: 14px;\"><span class='tooltipsall tooltipsincontent classtoolTips19'>Fg Off<\/span><\/span><\/td>\n<td colspan=\"5\"><span style=\"font-size: 14px;\">Frederick Paul<br \/>\n<\/span><\/td>\n<td colspan=\"3\"><span style=\"font-size: 14px; color: #000000;\"><strong>SAUNDERS<\/strong><\/span><\/td>\n<td style=\"text-align: center;\"><span class='tooltipsall tooltipsincontent classtoolTips151'>Pil<\/span><\/td>\n<td style=\"text-align: center;\"><span style=\"font-size: 14px;\"><span class='tooltipsall tooltipsincontent classtoolTips45'>RAFVR<\/span><\/span><\/td>\n<td style=\"text-align: center;\" colspan=\"2\">89814<\/td>\n<td><span style=\"font-size: 14px; color: #000000;\"><strong><strong><span class='tooltipsall tooltipsincontent classtoolTips110'>KIA<\/span><\/strong><\/strong><\/span><\/td>\n<td colspan=\"5\"><\/td>\n<\/tr>\n<tr style=\"height: 60px;\">\n<td><span style=\"font-size: 14px;\"><img decoding=\"async\" class=\"size-full wp-image-47215 alignleft\" title=\"Royaume Uni\" src=\"https:\/\/www.auzeau.fr\/39-45\/wp-content\/uploads\/images\/Drapeaux\/Angleterre.png\" alt=\"Royaume-Uni\" width=\"40\" height=\"20\" \/><\/span><\/td>\n<td><span style=\"font-size: 14px;\"><span class='tooltipsall tooltipsincontent classtoolTips12'>Plt Off<\/span><\/span><\/td>\n<td colspan=\"5\"><span style=\"font-size: 14px;\">Norman Frank<br \/>\n<\/span><\/td>\n<td colspan=\"3\"><span style=\"font-size: 14px; color: #000000;\"><strong>SIBLEY<\/strong><\/span><\/td>\n<td style=\"text-align: center;\"><span class='tooltipsall tooltipsincontent classtoolTips188'>AB<\/span><\/td>\n<td style=\"text-align: center;\"><span style=\"font-size: 14px;\"><span class='tooltipsall tooltipsincontent classtoolTips45'>RAFVR<\/span><\/span><\/td>\n<td style=\"text-align: center;\" colspan=\"2\">130238<\/td>\n<td><span style=\"font-size: 14px; color: #000000;\"><strong><span class='tooltipsall tooltipsincontent classtoolTips110'>KIA<\/span><\/strong><\/span><\/td>\n<td colspan=\"5\"><\/td>\n<\/tr>\n<tr style=\"height: 60px;\">\n<td><span style=\"font-size: 14px;\"><img decoding=\"async\" class=\"size-full wp-image-47215 alignleft\" title=\"Royaume Uni\" src=\"https:\/\/www.auzeau.fr\/39-45\/wp-content\/uploads\/images\/Drapeaux\/Angleterre.png\" alt=\"Royaume-Uni\" width=\"40\" height=\"20\" \/><\/span><\/td>\n<td><span style=\"font-size: 14px;\"><span class='tooltipsall tooltipsincontent classtoolTips96'>Sgt<\/span><\/span><\/td>\n<td colspan=\"5\"><span style=\"font-size: 14px;\">Bertram Kenneth<br \/>\n<\/span><\/td>\n<td colspan=\"3\"><span style=\"font-size: 14px; color: #000000;\"><strong>TRUBSHAW<\/strong><\/span><\/td>\n<td style=\"text-align: center;\"><span class='tooltipsall tooltipsincontent classtoolTips115'>WOP<\/span> <span class='tooltipsall tooltipsincontent classtoolTips185'>AG<\/span><\/td>\n<td style=\"text-align: center;\"><span style=\"font-size: 14px;\"><span class='tooltipsall tooltipsincontent classtoolTips45'>RAFVR<\/span><\/span><\/td>\n<td style=\"text-align: center;\" colspan=\"2\">1204009<\/td>\n<td><span style=\"font-size: 14px; color: #000000;\"><strong><span class='tooltipsall tooltipsincontent classtoolTips110'>KIA<\/span><\/strong><\/span><\/td>\n<td colspan=\"5\"><\/td>\n<\/tr>\n<tr>\n<td colspan=\"20\" height=\"20\"><\/td>\n<\/tr>\n<tr>\n<td colspan=\"20\"><div id='gallery-1' class='gallery galleryid-35451 gallery-columns-6 gallery-size-thumbnail'><figure class='gallery-item'>\n\t\t\t<div class='gallery-icon landscape'>\n\t\t\t\t<a title=\"Whitley_EB388\"  title=\"Whitley_EB388\"  href='https:\/\/www.auzeau.fr\/39-45\/wp-content\/uploads\/Cimetieres\/01%20--%2030\/28%20-%20Eure%20et%20Loir\/Senonches\/Whitley_EB388.jpg'><img decoding=\"async\" width=\"150\" height=\"150\" src=\"https:\/\/www.auzeau.fr\/39-45\/wp-content\/uploads\/Cimetieres\/01 -- 30\/28 - Eure et Loir\/Senonches\/Whitley_EB388-150x150.jpg\" class=\"attachment-thumbnail size-thumbnail\" alt=\"\" srcset=\"https:\/\/www.auzeau.fr\/39-45\/wp-content\/uploads\/Cimetieres\/01%20--%2030\/28%20-%20Eure%20et%20Loir\/Senonches\/Whitley_EB388-150x150.jpg 150w, https:\/\/www.auzeau.fr\/39-45\/wp-content\/uploads\/Cimetieres\/01%20--%2030\/28%20-%20Eure%20et%20Loir\/Senonches\/Whitley_EB388-50x50.jpg 50w\" sizes=\"(max-width: 150px) 100vw, 150px\" \/><\/a>\n\t\t\t<\/div><\/figure><figure class='gallery-item'>\n\t\t\t<div class='gallery-icon portrait'>\n\t\t\t\t<a title=\"Carter\"  title=\"Carter\"  href='https:\/\/www.auzeau.fr\/39-45\/wp-content\/uploads\/Cimetieres\/01%20--%2030\/28%20-%20Eure%20et%20Loir\/Senonches\/Carter.jpg'><img loading=\"lazy\" decoding=\"async\" width=\"150\" height=\"150\" src=\"https:\/\/www.auzeau.fr\/39-45\/wp-content\/uploads\/Cimetieres\/01 -- 30\/28 - Eure et Loir\/Senonches\/Carter-150x150.jpg\" class=\"attachment-thumbnail size-thumbnail\" alt=\"\" srcset=\"https:\/\/www.auzeau.fr\/39-45\/wp-content\/uploads\/Cimetieres\/01%20--%2030\/28%20-%20Eure%20et%20Loir\/Senonches\/Carter-150x150.jpg 150w, https:\/\/www.auzeau.fr\/39-45\/wp-content\/uploads\/Cimetieres\/01%20--%2030\/28%20-%20Eure%20et%20Loir\/Senonches\/Carter-50x50.jpg 50w\" sizes=\"(max-width: 150px) 100vw, 150px\" \/><\/a>\n\t\t\t<\/div><\/figure><figure class='gallery-item'>\n\t\t\t<div class='gallery-icon portrait'>\n\t\t\t\t<a title=\"Cranstoun\"  title=\"Cranstoun\"  href='https:\/\/www.auzeau.fr\/39-45\/wp-content\/uploads\/Cimetieres\/01%20--%2030\/28%20-%20Eure%20et%20Loir\/Senonches\/Cranstoun.jpg'><img loading=\"lazy\" decoding=\"async\" width=\"150\" height=\"150\" src=\"https:\/\/www.auzeau.fr\/39-45\/wp-content\/uploads\/Cimetieres\/01 -- 30\/28 - Eure et Loir\/Senonches\/Cranstoun-150x150.jpg\" class=\"attachment-thumbnail size-thumbnail\" alt=\"\" srcset=\"https:\/\/www.auzeau.fr\/39-45\/wp-content\/uploads\/Cimetieres\/01%20--%2030\/28%20-%20Eure%20et%20Loir\/Senonches\/Cranstoun-150x150.jpg 150w, https:\/\/www.auzeau.fr\/39-45\/wp-content\/uploads\/Cimetieres\/01%20--%2030\/28%20-%20Eure%20et%20Loir\/Senonches\/Cranstoun-50x50.jpg 50w\" sizes=\"(max-width: 150px) 100vw, 150px\" \/><\/a>\n\t\t\t<\/div><\/figure><figure class='gallery-item'>\n\t\t\t<div class='gallery-icon portrait'>\n\t\t\t\t<a title=\"Saunders\"  title=\"Saunders\"  href='https:\/\/www.auzeau.fr\/39-45\/wp-content\/uploads\/Cimetieres\/01%20--%2030\/28%20-%20Eure%20et%20Loir\/Senonches\/Saunders.jpg'><img loading=\"lazy\" decoding=\"async\" width=\"150\" height=\"150\" src=\"https:\/\/www.auzeau.fr\/39-45\/wp-content\/uploads\/Cimetieres\/01 -- 30\/28 - Eure et Loir\/Senonches\/Saunders-150x150.jpg\" class=\"attachment-thumbnail size-thumbnail\" alt=\"\" srcset=\"https:\/\/www.auzeau.fr\/39-45\/wp-content\/uploads\/Cimetieres\/01%20--%2030\/28%20-%20Eure%20et%20Loir\/Senonches\/Saunders-150x150.jpg 150w, https:\/\/www.auzeau.fr\/39-45\/wp-content\/uploads\/Cimetieres\/01%20--%2030\/28%20-%20Eure%20et%20Loir\/Senonches\/Saunders-50x50.jpg 50w\" sizes=\"(max-width: 150px) 100vw, 150px\" \/><\/a>\n\t\t\t<\/div><\/figure><figure class='gallery-item'>\n\t\t\t<div class='gallery-icon portrait'>\n\t\t\t\t<a title=\"Sibley\"  title=\"Sibley\"  href='https:\/\/www.auzeau.fr\/39-45\/wp-content\/uploads\/Cimetieres\/01%20--%2030\/28%20-%20Eure%20et%20Loir\/Senonches\/Sibley.jpg'><img loading=\"lazy\" decoding=\"async\" width=\"150\" height=\"150\" src=\"https:\/\/www.auzeau.fr\/39-45\/wp-content\/uploads\/Cimetieres\/01 -- 30\/28 - Eure et Loir\/Senonches\/Sibley-150x150.jpg\" class=\"attachment-thumbnail size-thumbnail\" alt=\"\" srcset=\"https:\/\/www.auzeau.fr\/39-45\/wp-content\/uploads\/Cimetieres\/01%20--%2030\/28%20-%20Eure%20et%20Loir\/Senonches\/Sibley-150x150.jpg 150w, https:\/\/www.auzeau.fr\/39-45\/wp-content\/uploads\/Cimetieres\/01%20--%2030\/28%20-%20Eure%20et%20Loir\/Senonches\/Sibley-50x50.jpg 50w\" sizes=\"(max-width: 150px) 100vw, 150px\" \/><\/a>\n\t\t\t<\/div><\/figure><figure class='gallery-item'>\n\t\t\t<div class='gallery-icon portrait'>\n\t\t\t\t<a title=\"Trubshaw\"  title=\"Trubshaw\"  href='https:\/\/www.auzeau.fr\/39-45\/wp-content\/uploads\/Cimetieres\/01%20--%2030\/28%20-%20Eure%20et%20Loir\/Senonches\/Trubshaw.jpg'><img loading=\"lazy\" decoding=\"async\" width=\"150\" height=\"150\" src=\"https:\/\/www.auzeau.fr\/39-45\/wp-content\/uploads\/Cimetieres\/01 -- 30\/28 - Eure et Loir\/Senonches\/Trubshaw-150x150.jpg\" class=\"attachment-thumbnail size-thumbnail\" alt=\"\" srcset=\"https:\/\/www.auzeau.fr\/39-45\/wp-content\/uploads\/Cimetieres\/01%20--%2030\/28%20-%20Eure%20et%20Loir\/Senonches\/Trubshaw-150x150.jpg 150w, https:\/\/www.auzeau.fr\/39-45\/wp-content\/uploads\/Cimetieres\/01%20--%2030\/28%20-%20Eure%20et%20Loir\/Senonches\/Trubshaw-50x50.jpg 50w\" sizes=\"(max-width: 150px) 100vw, 150px\" \/><\/a>\n\t\t\t<\/div><\/figure>\n\t\t<\/div>\n<\/td>\n<\/tr>\n<\/tbody>\n<\/table>\n<hr \/>\n<p style=\"text-align: center;\"><ul id=\"menu-28-eure-et-loir\" class=\"menu\"><li id=\"menu-item-52592\" class=\"menu-item menu-item-type-post_type menu-item-object-page menu-item-52592\"><a href=\"https:\/\/www.auzeau.fr\/39-45\/france\/28-eure-et-loir\/28-auneau\/\">28 \u2013 Auneau<\/a><\/li>\n<li id=\"menu-item-52593\" class=\"menu-item menu-item-type-post_type menu-item-object-page menu-item-52593\"><a href=\"https:\/\/www.auzeau.fr\/39-45\/france\/28-eure-et-loir\/28-berou-la-mulotiere\/\">28 \u2013 B\u00e9rou-la-Muloti\u00e8re<\/a><\/li>\n<li id=\"menu-item-52594\" class=\"menu-item menu-item-type-post_type menu-item-object-page menu-item-52594\"><a href=\"https:\/\/www.auzeau.fr\/39-45\/france\/28-eure-et-loir\/28-blevy\/\">28 \u2013 Bl\u00e9vy<\/a><\/li>\n<li id=\"menu-item-52595\" class=\"menu-item menu-item-type-post_type menu-item-object-page menu-item-52595\"><a href=\"https:\/\/www.auzeau.fr\/39-45\/france\/28-eure-et-loir\/28-broue\/\">28 \u2013 Brou\u00e9<\/a><\/li>\n<li id=\"menu-item-52596\" class=\"menu-item menu-item-type-post_type menu-item-object-page menu-item-52596\"><a href=\"https:\/\/www.auzeau.fr\/39-45\/france\/28-eure-et-loir\/28-bu\/\">28 \u2013 B\u00fb<\/a><\/li>\n<li id=\"menu-item-52597\" class=\"menu-item menu-item-type-post_type menu-item-object-page menu-item-52597\"><a href=\"https:\/\/www.auzeau.fr\/39-45\/france\/28-eure-et-loir\/28-chateaudun\/\">28 \u2013 Ch\u00e2teaudun<\/a><\/li>\n<li id=\"menu-item-52598\" class=\"menu-item menu-item-type-post_type menu-item-object-page menu-item-52598\"><a href=\"https:\/\/www.auzeau.fr\/39-45\/france\/28-eure-et-loir\/28-donnemain-saint-mames\/\">28 \u2013 Donnemain-Saint-Mam\u00e8s<\/a><\/li>\n<li id=\"menu-item-52599\" class=\"menu-item menu-item-type-post_type menu-item-object-page menu-item-52599\"><a href=\"https:\/\/www.auzeau.fr\/39-45\/france\/28-eure-et-loir\/28-dreux\/\">28 \u2013 Dreux<\/a><\/li>\n<li id=\"menu-item-52600\" class=\"menu-item menu-item-type-post_type menu-item-object-page menu-item-52600\"><a href=\"https:\/\/www.auzeau.fr\/39-45\/france\/28-eure-et-loir\/28-epautrolles\/\">28 \u2013 \u00c9pautrolles<\/a><\/li>\n<li id=\"menu-item-52601\" class=\"menu-item menu-item-type-post_type menu-item-object-page menu-item-52601\"><a href=\"https:\/\/www.auzeau.fr\/39-45\/france\/28-eure-et-loir\/28-epernon\/\">28 \u2013 \u00c9pernon<\/a><\/li>\n<li id=\"menu-item-67206\" class=\"menu-item menu-item-type-post_type menu-item-object-page menu-item-67206\"><a href=\"https:\/\/www.auzeau.fr\/39-45\/france\/28-eure-et-loir\/28-friaize\/\">28 \u2013 Friaize<\/a><\/li>\n<li id=\"menu-item-69831\" class=\"menu-item menu-item-type-post_type menu-item-object-page menu-item-69831\"><a href=\"https:\/\/www.auzeau.fr\/39-45\/france\/28-eure-et-loir\/28-garancieres-en-drouais\/\">28 \u2013 Garanci\u00e8res-en-Drouais<\/a><\/li>\n<li id=\"menu-item-52602\" class=\"menu-item menu-item-type-post_type menu-item-object-page menu-item-52602\"><a href=\"https:\/\/www.auzeau.fr\/39-45\/france\/28-eure-et-loir\/28-laons\/\">28 \u2013 Laons<\/a><\/li>\n<li id=\"menu-item-67205\" class=\"menu-item menu-item-type-post_type menu-item-object-page menu-item-67205\"><a href=\"https:\/\/www.auzeau.fr\/39-45\/france\/28-eure-et-loir\/28-les-corvees-les-yys\/\">28 \u2013 Les-Corv\u00e9es-les-Yys<\/a><\/li>\n<li id=\"menu-item-52603\" class=\"menu-item menu-item-type-post_type menu-item-object-page menu-item-52603\"><a href=\"https:\/\/www.auzeau.fr\/39-45\/france\/28-eure-et-loir\/28-luray\/\">28 \u2013 Luray<\/a><\/li>\n<li id=\"menu-item-67326\" class=\"menu-item menu-item-type-post_type menu-item-object-page menu-item-67326\"><a href=\"https:\/\/www.auzeau.fr\/39-45\/france\/28-eure-et-loir\/28-magny\/\">28 \u2013 Magny<\/a><\/li>\n<li id=\"menu-item-52604\" class=\"menu-item menu-item-type-post_type menu-item-object-page menu-item-52604\"><a href=\"https:\/\/www.auzeau.fr\/39-45\/france\/28-eure-et-loir\/28-marville-les-bois\/\">28 \u2013 Marville-les-Bois<\/a><\/li>\n<li id=\"menu-item-67325\" class=\"menu-item menu-item-type-post_type menu-item-object-page menu-item-67325\"><a href=\"https:\/\/www.auzeau.fr\/39-45\/france\/28-eure-et-loir\/28-mezieres-en-drouais\/\">28 \u2013 M\u00e9zi\u00e8res-en-Drouais<\/a><\/li>\n<li id=\"menu-item-52605\" class=\"menu-item menu-item-type-post_type menu-item-object-page menu-item-52605\"><a href=\"https:\/\/www.auzeau.fr\/39-45\/france\/28-eure-et-loir\/28-nogent-le-rotrou\/\">28 \u2013 Nogent-le-Rotrou<\/a><\/li>\n<li id=\"menu-item-52606\" class=\"menu-item menu-item-type-post_type menu-item-object-page menu-item-52606\"><a href=\"https:\/\/www.auzeau.fr\/39-45\/france\/28-eure-et-loir\/28-oulins\/\">28 \u2013 Oulins<\/a><\/li>\n<li id=\"menu-item-67324\" class=\"menu-item menu-item-type-post_type menu-item-object-page menu-item-67324\"><a href=\"https:\/\/www.auzeau.fr\/39-45\/france\/28-eure-et-loir\/28-pontgouin\/\">28 \u2013 Pontgouin<\/a><\/li>\n<li id=\"menu-item-67323\" class=\"menu-item menu-item-type-post_type menu-item-object-page menu-item-67323\"><a href=\"https:\/\/www.auzeau.fr\/39-45\/france\/28-eure-et-loir\/28-saint-arnoult-des-bois\/\">28 \u2013 Saint-Arnoult-des-Bois<\/a><\/li>\n<li id=\"menu-item-52607\" class=\"menu-item menu-item-type-post_type menu-item-object-page menu-item-52607\"><a href=\"https:\/\/www.auzeau.fr\/39-45\/france\/28-eure-et-loir\/28-saint-cloud-en-dunois\/\">28 \u2013 Saint-Cloud-en-Dunois<\/a><\/li>\n<li id=\"menu-item-52608\" class=\"menu-item menu-item-type-post_type menu-item-object-page menu-item-52608\"><a href=\"https:\/\/www.auzeau.fr\/39-45\/france\/28-eure-et-loir\/28-saint-maurice-saint-germain\/\">28 \u2013 Saint-Maurice-Saint-Germain<\/a><\/li>\n<li id=\"menu-item-52609\" class=\"menu-item menu-item-type-post_type menu-item-object-page menu-item-52609\"><a href=\"https:\/\/www.auzeau.fr\/39-45\/france\/28-eure-et-loir\/28-sainte-gemme-moronval\/\">28 \u2013 Sainte-Gemme-Moronval<\/a><\/li>\n<li id=\"menu-item-52610\" class=\"menu-item menu-item-type-post_type menu-item-object-page menu-item-52610\"><a href=\"https:\/\/www.auzeau.fr\/39-45\/france\/28-eure-et-loir\/28-senonches\/\">28 \u2013 Senonches<\/a><\/li>\n<li id=\"menu-item-52611\" class=\"menu-item menu-item-type-post_type menu-item-object-page menu-item-52611\"><a href=\"https:\/\/www.auzeau.fr\/39-45\/france\/28-eure-et-loir\/28-serazereux\/\">28 \u2013 Serazereux<\/a><\/li>\n<li id=\"menu-item-52612\" class=\"menu-item menu-item-type-post_type menu-item-object-page menu-item-52612\"><a href=\"https:\/\/www.auzeau.fr\/39-45\/france\/28-eure-et-loir\/28-soulaires\/\">28 \u2013 Soulaires<\/a><\/li>\n<li id=\"menu-item-52613\" class=\"menu-item menu-item-type-post_type menu-item-object-page menu-item-52613\"><a href=\"https:\/\/www.auzeau.fr\/39-45\/france\/28-eure-et-loir\/28-theuville\/\">28 \u2013 Theuville<\/a><\/li>\n<li id=\"menu-item-52614\" class=\"menu-item menu-item-type-post_type menu-item-object-page menu-item-52614\"><a href=\"https:\/\/www.auzeau.fr\/39-45\/france\/28-eure-et-loir\/28-villampuy\/\">28 \u2013 Villampuy<\/a><\/li>\n<li id=\"menu-item-52615\" class=\"menu-item menu-item-type-post_type menu-item-object-page menu-item-52615\"><a href=\"https:\/\/www.auzeau.fr\/39-45\/france\/28-eure-et-loir\/28-yevres\/\">28 \u2013 Y\u00e8vres<\/a><\/li>\n<\/ul>\n<script type=\"text\/javascript\"> toolTips('.classtoolTips12','Pilot Officer'); <\/script><script type=\"text\/javascript\"> toolTips('.classtoolTips19','Flying Officer'); <\/script><script type=\"text\/javascript\"> toolTips('.classtoolTips28','Raids a\u00e9riens, dans lesquels l\u2019armement offensif \u00e9tait remplac\u00e9 par une multitude de tracts.<br\/><br\/>Air raids, in which offensive armament was replaced by loads of leaflets.'); <\/script><script type=\"text\/javascript\"> toolTips('.classtoolTips45','Royal Air Force Volunteer Reserve'); <\/script><script type=\"text\/javascript\"> toolTips('.classtoolTips96','Sergent<br\/><br\/>Sergeant'); <\/script><script type=\"text\/javascript\"> toolTips('.classtoolTips98','Colonel'); <\/script><script type=\"text\/javascript\"> toolTips('.classtoolTips104','Operational Training Unit<br\/><br\/>Unit\u00e9 de Formation Op\u00e9rationnelle'); <\/script><script type=\"text\/javascript\"> toolTips('.classtoolTips110','Tu\u00e9 au combat<br\/><br\/>Killed In Action'); <\/script><script type=\"text\/javascript\"> toolTips('.classtoolTips115','Op\u00e9rateur Radio<br\/><br\/>Wireless Op\u00e9rator'); <\/script><script type=\"text\/javascript\"> toolTips('.classtoolTips116','Navigateur<br\/><br\/>Navigator'); <\/script><script type=\"text\/javascript\"> toolTips('.classtoolTips144','Royal Corps of Signals'); <\/script><script type=\"text\/javascript\"> toolTips('.classtoolTips146','Royal Air Force'); <\/script><script type=\"text\/javascript\"> toolTips('.classtoolTips151','Pilote<br\/><br\/>Pilot'); <\/script><script type=\"text\/javascript\"> toolTips('.classtoolTips153','Porucznik'); <\/script><script type=\"text\/javascript\"> toolTips('.classtoolTips173','Leading Airman'); <\/script><script type=\"text\/javascript\"> toolTips('.classtoolTips182','Warrant Officer'); <\/script><script type=\"text\/javascript\"> toolTips('.classtoolTips185','Mitrailleur<br\/><br\/>Air Gunner'); <\/script><script type=\"text\/javascript\"> toolTips('.classtoolTips188','Bombardier<br\/><br\/>Air bomber'); <\/script><script type=\"text\/javascript\"> toolTips('.classtoolTips189','M\u00e9canicien volant<br\/><br\/>Flying Enginer'); <\/script><script type=\"text\/javascript\"> toolTips('.classtoolTips193','Royal Navy'); <\/script><script type=\"text\/javascript\"> toolTips('.classtoolTips195','Enseigne de Vaisseau'); <\/script><script type=\"text\/javascript\"> toolTips('.classtoolTips197','Aircraftman'); <\/script><script type=\"text\/javascript\"> toolTips('.classtoolTips199','Radio Officer'); <\/script><script type=\"text\/javascript\"> toolTips('.classtoolTips201','Lieutenant'); <\/script>","protected":false},"excerpt":{"rendered":"<p>Whitley EB388 24 OTU Date : 09 d\u00e9cembre 1942 Mission : Nickel : largage de tracts sur la r\u00e9gion d&#8217;Orl\u00e9ans (45) D\u00e9collage : Honeybourne\u00a0 \u00e0 18:24 Causes de la perte : \u00a0 Lieu de la perte : Senonches (28) Sgt James Henry CARTER AG RAFVR 1585838 KIA Plt Off John Pugh CRANSTOUN Nav RAFVR 129486 [&hellip;]<\/p>\n","protected":false},"author":1,"featured_media":0,"parent":65,"menu_order":0,"comment_status":"closed","ping_status":"closed","template":"template-full-width Whitley.php","meta":{"_lmt_disableupdate":"yes","_lmt_disable":"","footnotes":""},"categories":[328],"tags":[700],"wf_page_folders":[3120],"class_list":["post-35451","page","type-page","status-publish","hentry","category-whitley","tag-24-otu"],"_links":{"self":[{"href":"https:\/\/www.auzeau.fr\/39-45\/wp-json\/wp\/v2\/pages\/35451","targetHints":{"allow":["GET"]}}],"collection":[{"href":"https:\/\/www.auzeau.fr\/39-45\/wp-json\/wp\/v2\/pages"}],"about":[{"href":"https:\/\/www.auzeau.fr\/39-45\/wp-json\/wp\/v2\/types\/page"}],"author":[{"embeddable":true,"href":"https:\/\/www.auzeau.fr\/39-45\/wp-json\/wp\/v2\/users\/1"}],"replies":[{"embeddable":true,"href":"https:\/\/www.auzeau.fr\/39-45\/wp-json\/wp\/v2\/comments?post=35451"}],"version-history":[{"count":0,"href":"https:\/\/www.auzeau.fr\/39-45\/wp-json\/wp\/v2\/pages\/35451\/revisions"}],"up":[{"embeddable":true,"href":"https:\/\/www.auzeau.fr\/39-45\/wp-json\/wp\/v2\/pages\/65"}],"wp:attachment":[{"href":"https:\/\/www.auzeau.fr\/39-45\/wp-json\/wp\/v2\/media?parent=35451"}],"wp:term":[{"taxonomy":"category","embeddable":true,"href":"https:\/\/www.auzeau.fr\/39-45\/wp-json\/wp\/v2\/categories?post=35451"},{"taxonomy":"post_tag","embeddable":true,"href":"https:\/\/www.auzeau.fr\/39-45\/wp-json\/wp\/v2\/tags?post=35451"},{"taxonomy":"wf_page_folders","embeddable":true,"href":"https:\/\/www.auzeau.fr\/39-45\/wp-json\/wp\/v2\/wf_page_folders?post=35451"}],"curies":[{"name":"wp","href":"https:\/\/api.w.org\/{rel}","templated":true}]}}