{"id":3345,"date":"2017-08-08T21:06:23","date_gmt":"2017-08-08T19:06:23","guid":{"rendered":"http:\/\/www.auzeau.fr\/3945\/?page_id=3345"},"modified":"2022-11-15T09:36:37","modified_gmt":"2022-11-15T08:36:37","slug":"27-les-minieres","status":"publish","type":"page","link":"https:\/\/www.auzeau.fr\/39-45\/france\/27-eure\/27-les-minieres\/","title":{"rendered":"27 &#8211; Les Mini\u00e8res"},"content":{"rendered":"<p><img fetchpriority=\"high\" decoding=\"async\" class=\"aligncenter size-full wp-image-52309\" title=\"Les_Minieres\" src=\"https:\/\/www.auzeau.fr\/39-45\/wp-content\/uploads\/Cimetieres\/01 -- 30\/27 - Eure\/Les-Minieres\/Les_Minieres.jpg\" alt=\"\" width=\"900\" height=\"597\" srcset=\"https:\/\/www.auzeau.fr\/39-45\/wp-content\/uploads\/Cimetieres\/01%20--%2030\/27%20-%20Eure\/Les-Minieres\/Les_Minieres.jpg 900w, https:\/\/www.auzeau.fr\/39-45\/wp-content\/uploads\/Cimetieres\/01%20--%2030\/27%20-%20Eure\/Les-Minieres\/Les_Minieres-300x199.jpg 300w, https:\/\/www.auzeau.fr\/39-45\/wp-content\/uploads\/Cimetieres\/01%20--%2030\/27%20-%20Eure\/Les-Minieres\/Les_Minieres-768x509.jpg 768w\" sizes=\"(max-width: 900px) 100vw, 900px\" \/><\/p>\n<table style=\"width: 100%;\" border=\"0\">\n<tbody>\n<tr>\n<td style=\"width: 5%;\"><\/td>\n<td style=\"width: 5%;\"><\/td>\n<td style=\"width: 5%;\"><\/td>\n<td style=\"width: 5%;\"><\/td>\n<td style=\"width: 5%;\"><\/td>\n<td style=\"width: 5%;\"><\/td>\n<td style=\"width: 5%;\"><\/td>\n<td style=\"width: 5%;\"><\/td>\n<td style=\"width: 5%;\"><\/td>\n<td style=\"width: 5%;\"><\/td>\n<td style=\"width: 5%;\"><\/td>\n<td style=\"width: 5%;\"><\/td>\n<td style=\"width: 5%;\"><\/td>\n<td style=\"width: 5%;\"><\/td>\n<td style=\"width: 5%;\"><\/td>\n<td style=\"width: 5%;\"><\/td>\n<td style=\"width: 5%;\"><\/td>\n<td style=\"width: 5%;\"><\/td>\n<td style=\"width: 5%;\"><\/td>\n<td style=\"width: 5%;\"><\/td>\n<\/tr>\n<tr>\n<td colspan=\"15\"><span style=\"color: #000000;\"><strong><span style=\"font-size: xx-large;\">Battle L5396 PH-<\/span><\/strong><\/span><strong><span style=\"font-size: xx-large;\"><br \/>\n<\/span><\/strong><\/td>\n<td colspan=\"5\"><strong><span style=\"font-size: xx-large;\">12 Sqn<\/span><\/strong><strong><span style=\"font-size: xx-large;\"><br \/>\n<\/span><\/strong><\/td>\n<\/tr>\n<tr style=\"height: 40px;\">\n<td style=\"text-align: right;\" colspan=\"2\"><strong>Date :<br \/>\n<\/strong><\/td>\n<td colspan=\"5\"><em> 14 juin 1940<br \/>\n<\/em><\/td>\n<td style=\"text-align: right;\" colspan=\"3\"><strong>Mission :\u00a0 <\/strong><\/td>\n<td colspan=\"10\">Evreux (27)<\/td>\n<\/tr>\n<tr style=\"height: 40px;\">\n<td><\/td>\n<td><\/td>\n<td style=\"text-align: right;\" colspan=\"5\"><strong>D\u00e9collage :<br \/>\n<\/strong><\/td>\n<td colspan=\"12\"><em>Soug\u00e9 (41) \u00e0 15:40<br \/>\n<\/em><\/td>\n<td><\/td>\n<\/tr>\n<tr style=\"height: 40px;\">\n<td><\/td>\n<td><\/td>\n<td style=\"text-align: right;\" colspan=\"5\"><strong>Causes de la perte :<br \/>\n<\/strong><\/td>\n<td colspan=\"10\"><em>Abattu par des <span class='tooltipsall tooltipsincontent classtoolTips27'>Me 109<\/span><em> du 2.\/JG3 (<span class='tooltipsall tooltipsincontent classtoolTips201'>Lt<\/span> Helmut Tiedmann)<\/em><br \/>\n<\/em><\/td>\n<td><\/td>\n<td><\/td>\n<td><\/td>\n<\/tr>\n<tr style=\"height: 40px;\">\n<td><\/td>\n<td><\/td>\n<td style=\"text-align: right;\" colspan=\"5\"><strong>Lieu de la perte :<br \/>\n<\/strong><\/td>\n<td colspan=\"12\"><em>Coulongues (27)<\/em><\/td>\n<td><\/td>\n<\/tr>\n<tr style=\"height: 60px;\">\n<td><img decoding=\"async\" class=\"size-full wp-image-47215 alignleft\" title=\"Royaume Uni\" src=\"https:\/\/www.auzeau.fr\/39-45\/wp-content\/uploads\/images\/Drapeaux\/Angleterre.png\" alt=\"Royaume-Uni\" width=\"40\" height=\"20\" \/><\/td>\n<td><span class='tooltipsall tooltipsincontent classtoolTips96'>Sgt<\/span><\/td>\n<td colspan=\"5\">James John Castleman<\/td>\n<td colspan=\"2\"><span style=\"color: #000000;\"><strong>BATTY<\/strong><\/span><\/td>\n<td style=\"text-align: center;\" colspan=\"2\"><span class='tooltipsall tooltipsincontent classtoolTips117'>Obs<\/span><\/td>\n<td style=\"text-align: center;\"><span class='tooltipsall tooltipsincontent classtoolTips146'>RAF<\/span><\/td>\n<td style=\"text-align: center;\" colspan=\"2\">525889<\/td>\n<td><span class='tooltipsall tooltipsincontent classtoolTips134'>EVA<\/span><\/td>\n<td colspan=\"5\"><span style=\"font-size: 8pt;\"><span style=\"color: #000000;\"><strong><span class='tooltipsall tooltipsincontent classtoolTips110'>KIA<\/span><\/strong><\/span> le 08\/02\/1941 accident du Wellington W5365 du 12 Sqn. Inhum\u00e9 \u00e0 Garston (St. Michael) Churchyard (U.K.)<\/span><\/td>\n<\/tr>\n<tr style=\"height: 60px;\">\n<td><img decoding=\"async\" class=\"size-full wp-image-47215 alignleft\" title=\"Royaume Uni\" src=\"https:\/\/www.auzeau.fr\/39-45\/wp-content\/uploads\/images\/Drapeaux\/Angleterre.png\" alt=\"Royaume-Uni\" width=\"40\" height=\"20\" \/><\/td>\n<td><span class='tooltipsall tooltipsincontent classtoolTips12'>Plt Off<\/span><\/td>\n<td colspan=\"5\">Philip Harvey<\/td>\n<td colspan=\"2\"><span style=\"color: #000000;\"><strong>BLOWFIELD<\/strong><\/span><\/td>\n<td style=\"text-align: center;\" colspan=\"2\"><span class='tooltipsall tooltipsincontent classtoolTips151'>Pil<\/span><\/td>\n<td style=\"text-align: center;\"><span class='tooltipsall tooltipsincontent classtoolTips45'>RAFVR<\/span><\/td>\n<td style=\"text-align: center;\" colspan=\"2\">77782<\/td>\n<td><span style=\"color: #000000;\"><strong><strong><span class='tooltipsall tooltipsincontent classtoolTips110'>KIA<\/span><\/strong><\/strong><\/span><\/td>\n<td colspan=\"5\"><\/td>\n<\/tr>\n<tr style=\"height: 60px;\">\n<td><img decoding=\"async\" class=\"size-full wp-image-47215 alignleft\" title=\"Royaume Uni\" src=\"https:\/\/www.auzeau.fr\/39-45\/wp-content\/uploads\/images\/Drapeaux\/Angleterre.png\" alt=\"Royaume-Uni\" width=\"40\" height=\"20\" \/><\/td>\n<td><span class='tooltipsall tooltipsincontent classtoolTips96'>Sgt<\/span><\/td>\n<td colspan=\"5\">David Laing<\/td>\n<td colspan=\"2\"><span style=\"color: #000000;\"><strong>GRANT<\/strong><\/span><\/td>\n<td style=\"text-align: center;\" colspan=\"2\"><span class='tooltipsall tooltipsincontent classtoolTips115'>WOP<\/span> <span class='tooltipsall tooltipsincontent classtoolTips185'>AG<\/span><\/td>\n<td style=\"text-align: center;\"><span class='tooltipsall tooltipsincontent classtoolTips45'>RAFVR<\/span><\/td>\n<td style=\"text-align: center;\" colspan=\"2\">749442<\/td>\n<td><span style=\"color: #000000;\"><strong><strong><span class='tooltipsall tooltipsincontent classtoolTips110'>KIA<\/span><\/strong><\/strong><\/span><\/td>\n<td colspan=\"5\"><span style=\"font-size: 10pt;\"><a href=\"https:\/\/www.auzeau.fr\/39-45\/france\/27-eure\/27-coulongues\"><em>Inhum\u00e9 \u00e0 Coulongues (27)<\/em><\/a><\/span><\/td>\n<\/tr>\n<\/tbody>\n<\/table>\n<div id='gallery-1' class='gallery galleryid-3345 gallery-columns-2 gallery-size-thumbnail'><figure class='gallery-item'>\n\t\t\t<div class='gallery-icon landscape'>\n\t\t\t\t<a title=\"P.H._BLOWFIELD\"  title=\"P.H._BLOWFIELD\"  href='https:\/\/www.auzeau.fr\/39-45\/wp-content\/uploads\/Cimetieres\/01%20--%2030\/27%20-%20Eure\/Les-Minieres\/P.H._BLOWFIELD.jpg'><img decoding=\"async\" width=\"150\" height=\"150\" src=\"https:\/\/www.auzeau.fr\/39-45\/wp-content\/uploads\/Cimetieres\/01 -- 30\/27 - Eure\/Les-Minieres\/P.H._BLOWFIELD-150x150.jpg\" class=\"attachment-thumbnail size-thumbnail\" alt=\"\" srcset=\"https:\/\/www.auzeau.fr\/39-45\/wp-content\/uploads\/Cimetieres\/01%20--%2030\/27%20-%20Eure\/Les-Minieres\/P.H._BLOWFIELD-150x150.jpg 150w, https:\/\/www.auzeau.fr\/39-45\/wp-content\/uploads\/Cimetieres\/01%20--%2030\/27%20-%20Eure\/Les-Minieres\/P.H._BLOWFIELD-50x50.jpg 50w\" sizes=\"(max-width: 150px) 100vw, 150px\" \/><\/a>\n\t\t\t<\/div><\/figure><figure class='gallery-item'>\n\t\t\t<div class='gallery-icon portrait'>\n\t\t\t\t<a title=\"BLOWFIELD\"  title=\"BLOWFIELD\"  href='https:\/\/www.auzeau.fr\/39-45\/wp-content\/uploads\/Cimetieres\/01%20--%2030\/27%20-%20Eure\/Les-Minieres\/BLOWFIELD.jpg'><img loading=\"lazy\" decoding=\"async\" width=\"150\" height=\"150\" src=\"https:\/\/www.auzeau.fr\/39-45\/wp-content\/uploads\/Cimetieres\/01 -- 30\/27 - Eure\/Les-Minieres\/BLOWFIELD-150x150.jpg\" class=\"attachment-thumbnail size-thumbnail\" alt=\"\" srcset=\"https:\/\/www.auzeau.fr\/39-45\/wp-content\/uploads\/Cimetieres\/01%20--%2030\/27%20-%20Eure\/Les-Minieres\/BLOWFIELD-150x150.jpg 150w, https:\/\/www.auzeau.fr\/39-45\/wp-content\/uploads\/Cimetieres\/01%20--%2030\/27%20-%20Eure\/Les-Minieres\/BLOWFIELD-50x50.jpg 50w\" sizes=\"(max-width: 150px) 100vw, 150px\" \/><\/a>\n\t\t\t<\/div><\/figure>\n\t\t<\/div>\n\n<p><span style=\"font-size: 8pt;\"><span style=\"color: #000000;\"><strong>15 novembre 2022<\/strong><\/span> : Ajout des pr\u00e9noms, matricule et informations sur le <span class='tooltipsall tooltipsincontent classtoolTips96'>Sgt<\/span> BATTY<\/span><\/p>\n<hr \/>\n<p style=\"text-align: center;\"><ul id=\"menu-27-eure\" class=\"menu\"><li id=\"menu-item-52005\" class=\"menu-item menu-item-type-post_type menu-item-object-page menu-item-52005\"><a href=\"https:\/\/www.auzeau.fr\/39-45\/france\/27-eure\/27-aigleville\/\">27 \u2013 Aigleville<\/a><\/li>\n<li id=\"menu-item-52006\" class=\"menu-item menu-item-type-post_type menu-item-object-page menu-item-52006\"><a href=\"https:\/\/www.auzeau.fr\/39-45\/france\/27-eure\/27-autheuil-authouillet\/\">27 \u2013 Autheuil-Authouillet<\/a><\/li>\n<li id=\"menu-item-52007\" class=\"menu-item menu-item-type-post_type menu-item-object-page menu-item-52007\"><a href=\"https:\/\/www.auzeau.fr\/39-45\/france\/27-eure\/27-barville\/\">27 \u2013 Barville<\/a><\/li>\n<li id=\"menu-item-52008\" class=\"menu-item menu-item-type-post_type menu-item-object-page menu-item-52008\"><a href=\"https:\/\/www.auzeau.fr\/39-45\/france\/27-eure\/27-beaumont-le-roger\/\">27 \u2013 Beaumont-le-Roger<\/a><\/li>\n<li id=\"menu-item-52009\" class=\"menu-item menu-item-type-post_type menu-item-object-page menu-item-52009\"><a href=\"https:\/\/www.auzeau.fr\/39-45\/france\/27-eure\/27-bernay\/\">27 \u2013 Bernay<\/a><\/li>\n<li id=\"menu-item-52010\" class=\"menu-item menu-item-type-post_type menu-item-object-page menu-item-52010\"><a href=\"https:\/\/www.auzeau.fr\/39-45\/france\/27-eure\/27-berthenonville\/\">27 \u2013 Berthenonville<\/a><\/li>\n<li id=\"menu-item-52011\" class=\"menu-item menu-item-type-post_type menu-item-object-page menu-item-52011\"><a href=\"https:\/\/www.auzeau.fr\/39-45\/france\/27-eure\/27-bezu-saint-eloi\/\">27 \u2013 B\u00e9zu-Saint-\u00c9loi<\/a><\/li>\n<li id=\"menu-item-99611\" class=\"menu-item menu-item-type-post_type menu-item-object-page menu-item-99611\"><a href=\"https:\/\/www.auzeau.fr\/39-45\/france\/27-eure\/27-boulleville\/\">27 \u2013 Boulleville<\/a><\/li>\n<li id=\"menu-item-52012\" class=\"menu-item menu-item-type-post_type menu-item-object-page menu-item-52012\"><a href=\"https:\/\/www.auzeau.fr\/39-45\/france\/27-eure\/27-breux-sur-avre\/\">27 \u2013 Breux-sur-Avre<\/a><\/li>\n<li id=\"menu-item-67599\" class=\"menu-item menu-item-type-post_type menu-item-object-page menu-item-67599\"><a href=\"https:\/\/www.auzeau.fr\/39-45\/france\/27-eure\/27-cauge\/\">27 \u2013 Caug\u00e9<\/a><\/li>\n<li id=\"menu-item-52013\" class=\"menu-item menu-item-type-post_type menu-item-object-page menu-item-52013\"><a href=\"https:\/\/www.auzeau.fr\/39-45\/france\/27-eure\/27-charleval\/\">27 \u2013 Charleval<\/a><\/li>\n<li id=\"menu-item-52014\" class=\"menu-item menu-item-type-post_type menu-item-object-page menu-item-52014\"><a href=\"https:\/\/www.auzeau.fr\/39-45\/france\/27-eure\/27-cheronvilliers\/\">27 \u2013 Ch\u00e9ronvilliers<\/a><\/li>\n<li id=\"menu-item-52015\" class=\"menu-item menu-item-type-post_type menu-item-object-page menu-item-52015\"><a href=\"https:\/\/www.auzeau.fr\/39-45\/france\/27-eure\/27-conches-en-ouche\/\">27 \u2013 Conches-en-Ouche<\/a><\/li>\n<li id=\"menu-item-52016\" class=\"menu-item menu-item-type-post_type menu-item-object-page menu-item-52016\"><a href=\"https:\/\/www.auzeau.fr\/39-45\/france\/27-eure\/27-connelles\/\">27 \u2013 Connelles<\/a><\/li>\n<li id=\"menu-item-93645\" class=\"menu-item menu-item-type-post_type menu-item-object-page menu-item-93645\"><a href=\"https:\/\/www.auzeau.fr\/39-45\/france\/27-eure\/27-corneville-sur-risle\/\">27 \u2013 Corneville-sur-Risle<\/a><\/li>\n<li id=\"menu-item-52017\" class=\"menu-item menu-item-type-post_type menu-item-object-page menu-item-52017\"><a href=\"https:\/\/www.auzeau.fr\/39-45\/france\/27-eure\/27-coulongues\/\">27 \u2013 Coulongues<\/a><\/li>\n<li id=\"menu-item-52018\" class=\"menu-item menu-item-type-post_type menu-item-object-page menu-item-52018\"><a href=\"https:\/\/www.auzeau.fr\/39-45\/france\/27-eure\/27-criquebeuf-la-campagne\/\">27 \u2013 Criquebeuf-la-Campagne<\/a><\/li>\n<li id=\"menu-item-52019\" class=\"menu-item menu-item-type-post_type menu-item-object-page menu-item-52019\"><a href=\"https:\/\/www.auzeau.fr\/39-45\/france\/27-eure\/27-ecquetot\/\">27 \u2013 Ecquetot<\/a><\/li>\n<li id=\"menu-item-52020\" class=\"menu-item menu-item-type-post_type menu-item-object-page menu-item-52020\"><a href=\"https:\/\/www.auzeau.fr\/39-45\/france\/27-eure\/27-epinay-mesnil-en-ouche\/\">27 \u2013 \u00c9pinay Mesnil-en-Ouche<\/a><\/li>\n<li id=\"menu-item-93642\" class=\"menu-item menu-item-type-post_type menu-item-object-page menu-item-93642\"><a href=\"https:\/\/www.auzeau.fr\/39-45\/france\/27-eure\/27-etreville\/\">27 \u2013 \u00c9tr\u00e9ville<\/a><\/li>\n<li id=\"menu-item-93641\" class=\"menu-item menu-item-type-post_type menu-item-object-page menu-item-93641\"><a href=\"https:\/\/www.auzeau.fr\/39-45\/france\/27-eure\/27-eturqueraye\/\">27 \u2013 \u00c9turqueraye<\/a><\/li>\n<li id=\"menu-item-67922\" class=\"menu-item menu-item-type-post_type menu-item-object-page menu-item-67922\"><a href=\"https:\/\/www.auzeau.fr\/39-45\/france\/27-eure\/27-evreux\/\">27 \u2013 \u00c9vreux<\/a><\/li>\n<li id=\"menu-item-52021\" class=\"menu-item menu-item-type-post_type menu-item-object-page menu-item-52021\"><a href=\"https:\/\/www.auzeau.fr\/39-45\/france\/27-eure\/27-fontaine-la-louvet\/\">27 \u2013 Fontaine-la-Louvet<\/a><\/li>\n<li id=\"menu-item-93644\" class=\"menu-item menu-item-type-post_type menu-item-object-page menu-item-93644\"><a href=\"https:\/\/www.auzeau.fr\/39-45\/france\/27-eure\/27-fourmetot\/\">27 \u2013 Fourmetot<\/a><\/li>\n<li id=\"menu-item-52022\" class=\"menu-item menu-item-type-post_type menu-item-object-page menu-item-52022\"><a href=\"https:\/\/www.auzeau.fr\/39-45\/france\/27-eure\/27-fresney\/\">27 \u2013 Fresney<\/a><\/li>\n<li id=\"menu-item-52023\" class=\"menu-item menu-item-type-post_type menu-item-object-page menu-item-52023\"><a href=\"https:\/\/www.auzeau.fr\/39-45\/france\/27-eure\/27-gasny\/\">27 \u2013 Gasny<\/a><\/li>\n<li id=\"menu-item-52024\" class=\"menu-item menu-item-type-post_type menu-item-object-page menu-item-52024\"><a href=\"https:\/\/www.auzeau.fr\/39-45\/france\/27-eure\/27-giverny\/\">27 \u2013 Giverny<\/a><\/li>\n<li id=\"menu-item-93640\" class=\"menu-item menu-item-type-post_type menu-item-object-page menu-item-93640\"><a href=\"https:\/\/www.auzeau.fr\/39-45\/france\/27-eure\/27-glos-sur-risle\/\">27 \u2013 Glos-sur-Risle<\/a><\/li>\n<li id=\"menu-item-52025\" class=\"menu-item menu-item-type-post_type menu-item-object-page menu-item-52025\"><a href=\"https:\/\/www.auzeau.fr\/39-45\/france\/27-eure\/27-houville-en-vexin\/\">27 \u2013 Houville-en-Vexin<\/a><\/li>\n<li id=\"menu-item-93650\" class=\"menu-item menu-item-type-post_type menu-item-object-page menu-item-93650\"><a href=\"https:\/\/www.auzeau.fr\/39-45\/france\/27-eure\/27-illeville-sur-montfort\/\">27 \u2013 Illeville-sur-Montfort<\/a><\/li>\n<li id=\"menu-item-99610\" class=\"menu-item menu-item-type-post_type menu-item-object-page menu-item-99610\"><a href=\"https:\/\/www.auzeau.fr\/39-45\/france\/27-eure\/27-la-lande-saint-leger\/\">27 \u2013 La Lande-Saint-L\u00e9ger<\/a><\/li>\n<li id=\"menu-item-99613\" class=\"menu-item menu-item-type-post_type menu-item-object-page menu-item-99613\"><a href=\"https:\/\/www.auzeau.fr\/39-45\/france\/27-eure\/27-la-neuve-lyre\/\">27 \u2013 La Neuve-Lyre<\/a><\/li>\n<li id=\"menu-item-52026\" class=\"menu-item menu-item-type-post_type menu-item-object-page menu-item-52026\"><a href=\"https:\/\/www.auzeau.fr\/39-45\/france\/27-eure\/27-le-fidelaire\/\">27 \u2013 Le Fidelaire<\/a><\/li>\n<li id=\"menu-item-93649\" class=\"menu-item menu-item-type-post_type menu-item-object-page menu-item-93649\"><a href=\"https:\/\/www.auzeau.fr\/39-45\/france\/27-eure\/27-le-gros-theil\/\">27 \u2013 Le Gros-Theil<\/a><\/li>\n<li id=\"menu-item-52027\" class=\"menu-item menu-item-type-post_type menu-item-object-page menu-item-52027\"><a href=\"https:\/\/www.auzeau.fr\/39-45\/france\/27-eure\/27-le-thuit\/\">27 \u2013 Le Thuit<\/a><\/li>\n<li id=\"menu-item-67923\" class=\"menu-item menu-item-type-post_type menu-item-object-page menu-item-67923\"><a href=\"https:\/\/www.auzeau.fr\/39-45\/france\/27-eure\/27-les-andelys\/\">27 \u2013 Les Andelys<\/a><\/li>\n<li id=\"menu-item-52028\" class=\"menu-item menu-item-type-post_type menu-item-object-page menu-item-52028\"><a href=\"https:\/\/www.auzeau.fr\/39-45\/france\/27-eure\/27-les-baux-de-breteuil\/\">27 \u2013 Les Baux-de-Breteuil<\/a><\/li>\n<li id=\"menu-item-52029\" class=\"menu-item menu-item-type-post_type menu-item-object-page menu-item-52029\"><a href=\"https:\/\/www.auzeau.fr\/39-45\/france\/27-eure\/27-les-hogues\/\">27 \u2013 Les Hogues<\/a><\/li>\n<li id=\"menu-item-52030\" class=\"menu-item menu-item-type-post_type menu-item-object-page menu-item-52030\"><a href=\"https:\/\/www.auzeau.fr\/39-45\/france\/27-eure\/27-les-minieres\/\">27 \u2013 Les Mini\u00e8res<\/a><\/li>\n<li id=\"menu-item-99774\" class=\"menu-item menu-item-type-post_type menu-item-object-page menu-item-99774\"><a href=\"https:\/\/www.auzeau.fr\/39-45\/france\/27-eure\/27-les-preaux\/\">27 \u2013 Les Pr\u00e9aux<\/a><\/li>\n<li id=\"menu-item-99612\" class=\"menu-item menu-item-type-post_type menu-item-object-page menu-item-99612\"><a href=\"https:\/\/www.auzeau.fr\/39-45\/france\/27-eure\/27-marbois-le-chesne-2\/\">27 \u2013 Marbois (Le Chesne)<\/a><\/li>\n<li id=\"menu-item-99773\" class=\"menu-item menu-item-type-post_type menu-item-object-page menu-item-99773\"><a href=\"https:\/\/www.auzeau.fr\/39-45\/france\/27-eure\/27-martainville\/\">27 \u2013 Martainville<\/a><\/li>\n<li id=\"menu-item-52031\" class=\"menu-item menu-item-type-post_type menu-item-object-page menu-item-52031\"><a href=\"https:\/\/www.auzeau.fr\/39-45\/france\/27-eure\/27-merey\/\">27 \u2013 Merey<\/a><\/li>\n<li id=\"menu-item-52032\" class=\"menu-item menu-item-type-post_type menu-item-object-page menu-item-52032\"><a href=\"https:\/\/www.auzeau.fr\/39-45\/france\/27-eure\/27-neaufles-saint-martin\/\">27 \u2013 Neaufles-Saint-Martin<\/a><\/li>\n<li id=\"menu-item-52033\" class=\"menu-item menu-item-type-post_type menu-item-object-page menu-item-52033\"><a href=\"https:\/\/www.auzeau.fr\/39-45\/france\/27-eure\/27-pacy-sur-eure\/\">27 \u2013 Pacy-sur-Eure<\/a><\/li>\n<li id=\"menu-item-52034\" class=\"menu-item menu-item-type-post_type menu-item-object-page menu-item-52034\"><a href=\"https:\/\/www.auzeau.fr\/39-45\/france\/27-eure\/27-piencourt\/\">27 \u2013 Piencourt<\/a><\/li>\n<li id=\"menu-item-52035\" class=\"menu-item menu-item-type-post_type menu-item-object-page menu-item-52035\"><a href=\"https:\/\/www.auzeau.fr\/39-45\/france\/27-eure\/27-pont-audemer\/\">27 \u2013 Pont-Audemer<\/a><\/li>\n<li id=\"menu-item-52036\" class=\"menu-item menu-item-type-post_type menu-item-object-page menu-item-52036\"><a href=\"https:\/\/www.auzeau.fr\/39-45\/france\/27-eure\/27-reuilly\/\">27 \u2013 Reuilly<\/a><\/li>\n<li id=\"menu-item-52037\" class=\"menu-item menu-item-type-post_type menu-item-object-page menu-item-52037\"><a href=\"https:\/\/www.auzeau.fr\/39-45\/france\/27-eure\/27-rugles\/\">27 \u2013 Rugles<\/a><\/li>\n<li id=\"menu-item-52038\" class=\"menu-item menu-item-type-post_type menu-item-object-page menu-item-52038\"><a href=\"https:\/\/www.auzeau.fr\/39-45\/france\/27-eure\/27-saint-andre-de-leure\/\">27 \u2013 Saint-Andr\u00e9-de-l\u2019Eure<\/a><\/li>\n<li id=\"menu-item-93646\" class=\"menu-item menu-item-type-post_type menu-item-object-page menu-item-93646\"><a href=\"https:\/\/www.auzeau.fr\/39-45\/france\/27-eure\/27-saint-philibert-sur-risle\/\">27 \u2013 Saint-Philibert-sur-Risle<\/a><\/li>\n<li id=\"menu-item-67598\" class=\"menu-item menu-item-type-post_type menu-item-object-page menu-item-67598\"><a href=\"https:\/\/www.auzeau.fr\/39-45\/france\/27-eure\/27-saint-pierre-d-autils\/\">27 \u2013 Saint-Pierre-d\u2019Autils<\/a><\/li>\n<li id=\"menu-item-69833\" class=\"menu-item menu-item-type-post_type menu-item-object-page menu-item-69833\"><a href=\"https:\/\/www.auzeau.fr\/39-45\/france\/27-eure\/27-saint-pierre-du-vauvray\/\">27 \u2013 Saint-Pierre-du-Vauvray<\/a><\/li>\n<li id=\"menu-item-99772\" class=\"menu-item menu-item-type-post_type menu-item-object-page menu-item-99772\"><a href=\"https:\/\/www.auzeau.fr\/39-45\/france\/27-eure\/27-st-samson-de-la-roque\/\">27 \u2013 Saint-Samson-de-la-Roque<\/a><\/li>\n<li id=\"menu-item-52039\" class=\"menu-item menu-item-type-post_type menu-item-object-page menu-item-52039\"><a href=\"https:\/\/www.auzeau.fr\/39-45\/france\/27-eure\/27-tillieres-sur-avre\/\">27 \u2013 Tilli\u00e8res-sur-Avre<\/a><\/li>\n<li id=\"menu-item-67597\" class=\"menu-item menu-item-type-post_type menu-item-object-page menu-item-67597\"><a href=\"https:\/\/www.auzeau.fr\/39-45\/france\/27-eure\/27-tosny\/\">27 \u2013 Tosny<\/a><\/li>\n<li id=\"menu-item-93648\" class=\"menu-item menu-item-type-post_type menu-item-object-page menu-item-93648\"><a href=\"https:\/\/www.auzeau.fr\/39-45\/france\/27-eure\/27-tourville-la-campagne\/\">27 \u2013 Tourville-la-Campagne<\/a><\/li>\n<li id=\"menu-item-52040\" class=\"menu-item menu-item-type-post_type menu-item-object-page menu-item-52040\"><a href=\"https:\/\/www.auzeau.fr\/39-45\/france\/27-eure\/27-verneuil-sur-avre\/\">27 \u2013 Verneuil-sur-Avre<\/a><\/li>\n<li id=\"menu-item-93647\" class=\"menu-item menu-item-type-post_type menu-item-object-page menu-item-93647\"><a href=\"https:\/\/www.auzeau.fr\/39-45\/france\/27-eure\/27-villez-sur-le-neubourg\/\">27 \u2013 Villez-sur-le-Neubourg<\/a><\/li>\n<\/ul>\n<script type=\"text\/javascript\"> toolTips('.classtoolTips12','Pilot Officer'); <\/script><script type=\"text\/javascript\"> toolTips('.classtoolTips27','<img class=\"aligncenter wp-image-65839 size-full\" title=\"ME 109\" src=\"https:\/\/www.auzeau.fr\/39-45\/wp-content\/uploads\/Avions\/Allemand\/Me109.JPG\" alt=\"\" width=\"650\" height=\"357\" \/>'); <\/script><script type=\"text\/javascript\"> toolTips('.classtoolTips45','Royal Air Force Volunteer Reserve'); <\/script><script type=\"text\/javascript\"> toolTips('.classtoolTips96','Sergent<br\/><br\/>Sergeant'); <\/script><script type=\"text\/javascript\"> toolTips('.classtoolTips98','Colonel'); <\/script><script type=\"text\/javascript\"> toolTips('.classtoolTips110','Tu\u00e9 au combat<br\/><br\/>Killed In Action'); <\/script><script type=\"text\/javascript\"> toolTips('.classtoolTips115','Op\u00e9rateur Radio<br\/><br\/>Wireless Op\u00e9rator'); <\/script><script type=\"text\/javascript\"> toolTips('.classtoolTips117','Observateur<br\/><br\/>Oberver'); <\/script><script type=\"text\/javascript\"> toolTips('.classtoolTips134','\u00c9vad\u00e9<br\/><br\/>Evaded'); <\/script><script type=\"text\/javascript\"> toolTips('.classtoolTips144','Royal Corps of Signals'); <\/script><script type=\"text\/javascript\"> toolTips('.classtoolTips146','Royal Air Force'); <\/script><script type=\"text\/javascript\"> toolTips('.classtoolTips151','Pilote<br\/><br\/>Pilot'); <\/script><script type=\"text\/javascript\"> toolTips('.classtoolTips153','Porucznik'); <\/script><script type=\"text\/javascript\"> toolTips('.classtoolTips182','Warrant Officer'); <\/script><script type=\"text\/javascript\"> toolTips('.classtoolTips185','Mitrailleur<br\/><br\/>Air Gunner'); <\/script><script type=\"text\/javascript\"> toolTips('.classtoolTips188','Bombardier<br\/><br\/>Air bomber'); <\/script><script type=\"text\/javascript\"> toolTips('.classtoolTips189','M\u00e9canicien volant<br\/><br\/>Flying Enginer'); <\/script><script type=\"text\/javascript\"> toolTips('.classtoolTips193','Royal Navy'); <\/script><script type=\"text\/javascript\"> toolTips('.classtoolTips195','Enseigne de Vaisseau'); <\/script><script type=\"text\/javascript\"> toolTips('.classtoolTips197','Aircraftman'); <\/script><script type=\"text\/javascript\"> toolTips('.classtoolTips199','Radio Officer'); <\/script><script type=\"text\/javascript\"> toolTips('.classtoolTips201','Lieutenant'); <\/script>","protected":false},"excerpt":{"rendered":"<p>Battle L5396 PH- 12 Sqn Date : 14 juin 1940 Mission :\u00a0 Evreux (27) D\u00e9collage : Soug\u00e9 (41) \u00e0 15:40 Causes de la perte : Abattu par des Me 109 du 2.\/JG3 (Lt Helmut Tiedmann) Lieu de la perte : Coulongues (27) Sgt James John Castleman BATTY Obs RAF 525889 EVA KIA le 08\/02\/1941 accident [&hellip;]<\/p>\n","protected":false},"author":1,"featured_media":0,"parent":63,"menu_order":0,"comment_status":"closed","ping_status":"closed","template":"template-full-width Battle.php","meta":{"_lmt_disableupdate":"yes","_lmt_disable":"","footnotes":""},"categories":[458],"tags":[508],"wf_page_folders":[3119],"class_list":["post-3345","page","type-page","status-publish","hentry","category-battle","tag-12-squadron"],"_links":{"self":[{"href":"https:\/\/www.auzeau.fr\/39-45\/wp-json\/wp\/v2\/pages\/3345","targetHints":{"allow":["GET"]}}],"collection":[{"href":"https:\/\/www.auzeau.fr\/39-45\/wp-json\/wp\/v2\/pages"}],"about":[{"href":"https:\/\/www.auzeau.fr\/39-45\/wp-json\/wp\/v2\/types\/page"}],"author":[{"embeddable":true,"href":"https:\/\/www.auzeau.fr\/39-45\/wp-json\/wp\/v2\/users\/1"}],"replies":[{"embeddable":true,"href":"https:\/\/www.auzeau.fr\/39-45\/wp-json\/wp\/v2\/comments?post=3345"}],"version-history":[{"count":0,"href":"https:\/\/www.auzeau.fr\/39-45\/wp-json\/wp\/v2\/pages\/3345\/revisions"}],"up":[{"embeddable":true,"href":"https:\/\/www.auzeau.fr\/39-45\/wp-json\/wp\/v2\/pages\/63"}],"wp:attachment":[{"href":"https:\/\/www.auzeau.fr\/39-45\/wp-json\/wp\/v2\/media?parent=3345"}],"wp:term":[{"taxonomy":"category","embeddable":true,"href":"https:\/\/www.auzeau.fr\/39-45\/wp-json\/wp\/v2\/categories?post=3345"},{"taxonomy":"post_tag","embeddable":true,"href":"https:\/\/www.auzeau.fr\/39-45\/wp-json\/wp\/v2\/tags?post=3345"},{"taxonomy":"wf_page_folders","embeddable":true,"href":"https:\/\/www.auzeau.fr\/39-45\/wp-json\/wp\/v2\/wf_page_folders?post=3345"}],"curies":[{"name":"wp","href":"https:\/\/api.w.org\/{rel}","templated":true}]}}