{"id":2967,"date":"2017-08-07T17:52:33","date_gmt":"2017-08-07T15:52:33","guid":{"rendered":"http:\/\/www.auzeau.fr\/3945\/?page_id=2967"},"modified":"2017-08-07T10:39:28","modified_gmt":"2017-08-07T08:39:28","slug":"18-couy","status":"publish","type":"page","link":"https:\/\/www.auzeau.fr\/39-45\/france\/18-cher\/18-couy\/","title":{"rendered":"18 &#8211; Couy"},"content":{"rendered":"<p><img fetchpriority=\"high\" decoding=\"async\" class=\"aligncenter size-full wp-image-51045\" title=\"Couy\" src=\"https:\/\/www.auzeau.fr\/39-45\/wp-content\/uploads\/Cimetieres\/01 -- 30\/18 - Cher\/Couy\/Couy.jpg\" alt=\"\" width=\"900\" height=\"386\" srcset=\"https:\/\/www.auzeau.fr\/39-45\/wp-content\/uploads\/Cimetieres\/01%20--%2030\/18%20-%20Cher\/Couy\/Couy.jpg 900w, https:\/\/www.auzeau.fr\/39-45\/wp-content\/uploads\/Cimetieres\/01%20--%2030\/18%20-%20Cher\/Couy\/Couy-300x129.jpg 300w, https:\/\/www.auzeau.fr\/39-45\/wp-content\/uploads\/Cimetieres\/01%20--%2030\/18%20-%20Cher\/Couy\/Couy-768x329.jpg 768w\" sizes=\"(max-width: 900px) 100vw, 900px\" \/><\/p>\n<table style=\"width: 100%;\" border=\"0\">\n<tbody>\n<tr>\n<td style=\"width: 5%;\"><\/td>\n<td style=\"width: 5%;\"><\/td>\n<td style=\"width: 5%;\"><\/td>\n<td style=\"width: 5%;\"><\/td>\n<td style=\"width: 5%;\"><\/td>\n<td style=\"width: 5%;\"><\/td>\n<td style=\"width: 5%;\"><\/td>\n<td style=\"width: 5%;\"><\/td>\n<td style=\"width: 5%;\"><\/td>\n<td style=\"width: 5%;\"><\/td>\n<td style=\"width: 5%;\"><\/td>\n<td style=\"width: 5%;\"><\/td>\n<td style=\"width: 5%;\"><\/td>\n<td style=\"width: 5%;\"><\/td>\n<td style=\"width: 5%;\"><\/td>\n<td style=\"width: 5%;\"><\/td>\n<td style=\"width: 5%;\"><\/td>\n<td style=\"width: 5%;\"><\/td>\n<td style=\"width: 5%;\"><\/td>\n<td style=\"width: 5%;\"><\/td>\n<\/tr>\n<tr>\n<td colspan=\"15\"><span style=\"color: #000000;\"><strong><span style=\"font-size: xx-large;\">Dewoitine D520 n\u00b0 ?<\/span><\/strong><\/span><\/td>\n<td style=\"text-align: center;\" colspan=\"5\"><strong><span style=\"font-size: xx-large;\">GC I\/3<\/span><br \/>\n2e Escadrille<\/strong><\/td>\n<\/tr>\n<tr style=\"height: 40px;\">\n<td style=\"text-align: right;\" colspan=\"2\"><span style=\"font-size: 14px;\"><strong>Date :\u00a0<\/strong><\/span><\/td>\n<td colspan=\"5\"><span style=\"font-size: 14px;\"><em>\u00a014 mai 1940<br \/>\n<\/em><\/span><\/td>\n<td style=\"text-align: right;\" colspan=\"3\"><span style=\"font-size: 14px;\"><strong>Mission :\u00a0<\/strong><\/span><\/td>\n<td colspan=\"10\"><span style=\"font-size: 14px;\"><em>\u00a0Protection de Sedan (08)<\/em><\/span><\/td>\n<\/tr>\n<tr style=\"height: 40px;\">\n<td><span style=\"font-size: 14px;\">\u00a0<\/span><\/td>\n<td><span style=\"font-size: 14px;\">\u00a0<\/span><\/td>\n<td style=\"text-align: right;\" colspan=\"5\"><span style=\"font-size: 14px;\"><strong>D\u00e9collage :<br \/>\n<\/strong><\/span><\/td>\n<td colspan=\"10\"><span style=\"font-size: 14px;\"><em>\u00a0Wez-Thuisy (51)<\/em><\/span><\/td>\n<td><span style=\"font-size: 14px;\">\u00a0<\/span><\/td>\n<td><span style=\"font-size: 14px;\">\u00a0<\/span><\/td>\n<td><span style=\"font-size: 14px;\">\u00a0<\/span><\/td>\n<\/tr>\n<tr style=\"height: 40px;\">\n<td><span style=\"font-size: 14px;\">\u00a0<\/span><\/td>\n<td><span style=\"font-size: 14px;\">\u00a0<\/span><\/td>\n<td style=\"text-align: right;\" colspan=\"5\"><span style=\"font-size: 14px;\"><strong>Causes de la perte :\u00a0<\/strong><\/span><\/td>\n<td colspan=\"13\"><span style=\"font-size: 14px;\"><em>Abattu en combat a\u00e9rien par des <span class='tooltipsall tooltipsincontent classtoolTips40'>Do 17<\/span>. \u00c9vacue l&#8217;appareil gri\u00e8vement bless\u00e9, d\u00e9c\u00e8de peu apr\u00e8s avoir touch\u00e9 le sol.<\/em><\/span><\/td>\n<\/tr>\n<tr style=\"height: 40px;\">\n<td><span style=\"font-size: 14px;\">\u00a0<\/span><\/td>\n<td><span style=\"font-size: 14px;\">\u00a0<\/span><\/td>\n<td style=\"text-align: right;\" colspan=\"5\"><span style=\"font-size: 14px;\"><strong>Lieu de la perte :\u00a0<\/strong><\/span><\/td>\n<td colspan=\"10\"><span style=\"font-size: 14px;\"><em>\u00a0Ferme de la Hotte \u00e0 Ch\u00e2trices (51)<\/em><\/span><\/td>\n<td><span style=\"font-size: 14px;\">\u00a0<\/span><\/td>\n<td><span style=\"font-size: 14px;\">\u00a0<\/span><\/td>\n<td><span style=\"font-size: 14px;\">\u00a0<\/span><\/td>\n<\/tr>\n<tr style=\"height: 60px;\">\n<td><span style=\"font-size: 14px;\"><img decoding=\"async\" class=\"aligncenter size-full wp-image-47214\" title=\"France\" src=\"https:\/\/www.auzeau.fr\/39-45\/wp-content\/uploads\/images\/Drapeaux\/France.png\" alt=\"\" width=\"40\" height=\"20\" \/><\/span><\/td>\n<td><span style=\"font-size: 14px;\"><span class='tooltipsall tooltipsincontent classtoolTips181'>SLT<\/span><\/span><\/td>\n<td colspan=\"5\"><span style=\"font-size: 14px;\">Lucien Louis Abel<\/span><\/td>\n<td colspan=\"2\"><span style=\"font-size: 14px; color: #000000;\"><strong>POTIER<\/strong><\/span><\/td>\n<td style=\"text-align: center;\" colspan=\"2\"><span style=\"font-size: 14px;\">\u00a0<\/span><\/td>\n<td style=\"text-align: center;\"><span style=\"font-size: 14px;\"><span class='tooltipsall tooltipsincontent classtoolTips136'>AAF<\/span><\/span><\/td>\n<td style=\"text-align: center;\" colspan=\"2\"><span style=\"font-size: 14px;\">\u00a0<\/span><\/td>\n<td><span style=\"font-size: 14px; color: #000000;\"><strong><span class='tooltipsall tooltipsincontent classtoolTips47'>DWRIA<\/span><\/strong><\/span><\/td>\n<td colspan=\"5\"><span style=\"font-size: 14px;\"><img decoding=\"async\" class=\"size-full wp-image-47239 alignleft\" title=\"Chevalier-L\u00e9gion-dHonneur\" src=\"https:\/\/www.auzeau.fr\/39-45\/wp-content\/uploads\/images\/Medaille\/de7ad77f9fc044a1c8d501e35183a115.png\" alt=\"\" width=\"72\" height=\"20\" \/>\u00a0<img loading=\"lazy\" decoding=\"async\" class=\"size-full wp-image-47270 alignleft\" title=\"Croix-de-Guerre-39-45\" src=\"https:\/\/www.auzeau.fr\/39-45\/wp-content\/uploads\/images\/Medaille\/Croix-de-Guerre-39-45.png\" alt=\"\" width=\"72\" height=\"20\" \/> <span style=\"color: #000000;\"><strong><span class='tooltipsall tooltipsincontent classtoolTips126'>MPF<\/span><\/strong><\/span><\/span><\/td>\n<\/tr>\n<tr>\n<td colspan=\"20\" height=\"20\"><\/td>\n<\/tr>\n<tr>\n<td colspan=\"20\"><div id='gallery-1' class='gallery galleryid-2967 gallery-columns-3 gallery-size-thumbnail'><figure class='gallery-item'>\n\t\t\t<div class='gallery-icon landscape'>\n\t\t\t\t<a title=\"Lucien Potier\"  title=\"Lucien Potier\"  href='https:\/\/www.auzeau.fr\/39-45\/wp-content\/uploads\/Cimetieres\/01%20--%2030\/18%20-%20Cher\/Couy\/Potier_1.jpg'><img loading=\"lazy\" decoding=\"async\" width=\"150\" height=\"150\" src=\"https:\/\/www.auzeau.fr\/39-45\/wp-content\/uploads\/Cimetieres\/01 -- 30\/18 - Cher\/Couy\/Potier_1-150x150.jpg\" class=\"attachment-thumbnail size-thumbnail\" alt=\"\" srcset=\"https:\/\/www.auzeau.fr\/39-45\/wp-content\/uploads\/Cimetieres\/01%20--%2030\/18%20-%20Cher\/Couy\/Potier_1-150x150.jpg 150w, https:\/\/www.auzeau.fr\/39-45\/wp-content\/uploads\/Cimetieres\/01%20--%2030\/18%20-%20Cher\/Couy\/Potier_1-50x50.jpg 50w\" sizes=\"(max-width: 150px) 100vw, 150px\" \/><\/a>\n\t\t\t<\/div><\/figure><figure class='gallery-item'>\n\t\t\t<div class='gallery-icon landscape'>\n\t\t\t\t<a title=\"Lucien Potier\"  title=\"Lucien Potier\"  href='https:\/\/www.auzeau.fr\/39-45\/wp-content\/uploads\/Cimetieres\/01%20--%2030\/18%20-%20Cher\/Couy\/Potier_2.jpg'><img loading=\"lazy\" decoding=\"async\" width=\"150\" height=\"150\" src=\"https:\/\/www.auzeau.fr\/39-45\/wp-content\/uploads\/Cimetieres\/01 -- 30\/18 - Cher\/Couy\/Potier_2-150x150.jpg\" class=\"attachment-thumbnail size-thumbnail\" alt=\"\" srcset=\"https:\/\/www.auzeau.fr\/39-45\/wp-content\/uploads\/Cimetieres\/01%20--%2030\/18%20-%20Cher\/Couy\/Potier_2-150x150.jpg 150w, https:\/\/www.auzeau.fr\/39-45\/wp-content\/uploads\/Cimetieres\/01%20--%2030\/18%20-%20Cher\/Couy\/Potier_2-50x50.jpg 50w\" sizes=\"(max-width: 150px) 100vw, 150px\" \/><\/a>\n\t\t\t<\/div><\/figure><figure class='gallery-item'>\n\t\t\t<div class='gallery-icon portrait'>\n\t\t\t\t<a title=\"Lucien Potier\"  title=\"Lucien Potier\"  href='https:\/\/www.auzeau.fr\/39-45\/wp-content\/uploads\/Cimetieres\/01%20--%2030\/18%20-%20Cher\/Couy\/Potier_3.jpg'><img loading=\"lazy\" decoding=\"async\" width=\"150\" height=\"150\" src=\"https:\/\/www.auzeau.fr\/39-45\/wp-content\/uploads\/Cimetieres\/01 -- 30\/18 - Cher\/Couy\/Potier_3-150x150.jpg\" class=\"attachment-thumbnail size-thumbnail\" alt=\"\" srcset=\"https:\/\/www.auzeau.fr\/39-45\/wp-content\/uploads\/Cimetieres\/01%20--%2030\/18%20-%20Cher\/Couy\/Potier_3-150x150.jpg 150w, https:\/\/www.auzeau.fr\/39-45\/wp-content\/uploads\/Cimetieres\/01%20--%2030\/18%20-%20Cher\/Couy\/Potier_3-50x50.jpg 50w\" sizes=\"(max-width: 150px) 100vw, 150px\" \/><\/a>\n\t\t\t<\/div><\/figure>\n\t\t<\/div>\n<\/td>\n<\/tr>\n<\/tbody>\n<\/table>\n<hr \/>\n<p style=\"text-align: center;\"><ul id=\"menu-18-cher\" class=\"menu\"><li id=\"menu-item-51031\" class=\"menu-item menu-item-type-post_type menu-item-object-page menu-item-51031\"><a href=\"https:\/\/www.auzeau.fr\/39-45\/france\/18-cher\/18-avord\/\">18 \u2013 Avord<\/a><\/li>\n<li id=\"menu-item-113414\" class=\"menu-item menu-item-type-post_type menu-item-object-page menu-item-113414\"><a href=\"https:\/\/www.auzeau.fr\/39-45\/france\/18-cher\/18-clemont\/\">18 \u2013 Cl\u00e9mont<\/a><\/li>\n<li id=\"menu-item-51032\" class=\"menu-item menu-item-type-post_type menu-item-object-page menu-item-51032\"><a href=\"https:\/\/www.auzeau.fr\/39-45\/france\/18-cher\/18-couy\/\">18 \u2013 Couy<\/a><\/li>\n<li id=\"menu-item-51033\" class=\"menu-item menu-item-type-post_type menu-item-object-page menu-item-51033\"><a href=\"https:\/\/www.auzeau.fr\/39-45\/france\/18-cher\/18-farges-en-septaine\/\">18 \u2013 Farges-en-Septaine<\/a><\/li>\n<li id=\"menu-item-51034\" class=\"menu-item menu-item-type-post_type menu-item-object-page menu-item-51034\"><a href=\"https:\/\/www.auzeau.fr\/39-45\/france\/18-cher\/18-genouilly\/\">18 \u2013 Genouilly<\/a><\/li>\n<li id=\"menu-item-101923\" class=\"menu-item menu-item-type-post_type menu-item-object-page menu-item-101923\"><a href=\"https:\/\/www.auzeau.fr\/39-45\/france\/18-cher\/18-moulins-sur-yevre\/\">18 \u2013 Moulins-sur-Y\u00e8vre<\/a><\/li>\n<li id=\"menu-item-51035\" class=\"menu-item menu-item-type-post_type menu-item-object-page menu-item-51035\"><a href=\"https:\/\/www.auzeau.fr\/39-45\/france\/18-cher\/18-saint-doulchard\/\">18 \u2013 Saint-Doulchard<\/a><\/li>\n<li id=\"menu-item-51036\" class=\"menu-item menu-item-type-post_type menu-item-object-page menu-item-51036\"><a href=\"https:\/\/www.auzeau.fr\/39-45\/france\/18-cher\/18-saint-hilaire-de-gondilly\/\">18 \u2013 Saint-Hilaire-de-Gondilly<\/a><\/li>\n<\/ul>\n<script type=\"text\/javascript\"> toolTips('.classtoolTips40','<img class=\"aligncenter wp-image-73414 size-full\" title=\"Do 17\" src=\"https:\/\/www.auzeau.fr\/39-45\/wp-content\/uploads\/Avions\/Allemand\/Do17-e1580329819966.jpg\" alt=\"\" width=\"1568\" height=\"1015\" \/>'); <\/script><script type=\"text\/javascript\"> toolTips('.classtoolTips47','D\u00e9c\u00e9d\u00e9 des blessures re\u00e7ues au combat<br\/><br\/>Died of wounds received in action'); <\/script><script type=\"text\/javascript\"> toolTips('.classtoolTips98','Colonel'); <\/script><script type=\"text\/javascript\"> toolTips('.classtoolTips126','Mort Pour la France'); <\/script><script type=\"text\/javascript\"> toolTips('.classtoolTips134','\u00c9vad\u00e9<br\/><br\/>Evaded'); <\/script><script type=\"text\/javascript\"> toolTips('.classtoolTips136','Arm\u00e9e de l\u2019Air Fran\u00e7aise'); <\/script><script type=\"text\/javascript\"> toolTips('.classtoolTips144','Royal Corps of Signals'); <\/script><script type=\"text\/javascript\"> toolTips('.classtoolTips153','Porucznik'); <\/script><script type=\"text\/javascript\"> toolTips('.classtoolTips181','Sous-Lieutenant'); <\/script><script type=\"text\/javascript\"> toolTips('.classtoolTips182','Warrant Officer'); <\/script><script type=\"text\/javascript\"> toolTips('.classtoolTips185','Mitrailleur<br\/><br\/>Air Gunner'); <\/script><script type=\"text\/javascript\"> toolTips('.classtoolTips188','Bombardier<br\/><br\/>Air bomber'); <\/script><script type=\"text\/javascript\"> toolTips('.classtoolTips189','M\u00e9canicien volant<br\/><br\/>Flying Enginer'); <\/script><script type=\"text\/javascript\"> toolTips('.classtoolTips195','Enseigne de Vaisseau'); <\/script><script type=\"text\/javascript\"> toolTips('.classtoolTips197','Aircraftman'); <\/script><script type=\"text\/javascript\"> toolTips('.classtoolTips199','Radio Officer'); <\/script><script type=\"text\/javascript\"> toolTips('.classtoolTips201','Lieutenant'); <\/script>","protected":false},"excerpt":{"rendered":"<p>Dewoitine D520 n\u00b0 ? GC I\/3 2e Escadrille Date :\u00a0 \u00a014 mai 1940 Mission :\u00a0 \u00a0Protection de Sedan (08) \u00a0 \u00a0 D\u00e9collage : \u00a0Wez-Thuisy (51) \u00a0 \u00a0 \u00a0 \u00a0 \u00a0 Causes de la perte :\u00a0 Abattu en combat a\u00e9rien par des Do 17. \u00c9vacue l&#8217;appareil gri\u00e8vement bless\u00e9, d\u00e9c\u00e8de peu apr\u00e8s avoir touch\u00e9 le sol. \u00a0 [&hellip;]<\/p>\n","protected":false},"author":1,"featured_media":0,"parent":59,"menu_order":0,"comment_status":"closed","ping_status":"closed","template":"template-full-width D520.php","meta":{"_lmt_disableupdate":"yes","_lmt_disable":"","footnotes":""},"categories":[480],"tags":[481],"wf_page_folders":[3139],"class_list":["post-2967","page","type-page","status-publish","hentry","category-dewoitine-d520","tag-gc-i-3"],"_links":{"self":[{"href":"https:\/\/www.auzeau.fr\/39-45\/wp-json\/wp\/v2\/pages\/2967","targetHints":{"allow":["GET"]}}],"collection":[{"href":"https:\/\/www.auzeau.fr\/39-45\/wp-json\/wp\/v2\/pages"}],"about":[{"href":"https:\/\/www.auzeau.fr\/39-45\/wp-json\/wp\/v2\/types\/page"}],"author":[{"embeddable":true,"href":"https:\/\/www.auzeau.fr\/39-45\/wp-json\/wp\/v2\/users\/1"}],"replies":[{"embeddable":true,"href":"https:\/\/www.auzeau.fr\/39-45\/wp-json\/wp\/v2\/comments?post=2967"}],"version-history":[{"count":0,"href":"https:\/\/www.auzeau.fr\/39-45\/wp-json\/wp\/v2\/pages\/2967\/revisions"}],"up":[{"embeddable":true,"href":"https:\/\/www.auzeau.fr\/39-45\/wp-json\/wp\/v2\/pages\/59"}],"wp:attachment":[{"href":"https:\/\/www.auzeau.fr\/39-45\/wp-json\/wp\/v2\/media?parent=2967"}],"wp:term":[{"taxonomy":"category","embeddable":true,"href":"https:\/\/www.auzeau.fr\/39-45\/wp-json\/wp\/v2\/categories?post=2967"},{"taxonomy":"post_tag","embeddable":true,"href":"https:\/\/www.auzeau.fr\/39-45\/wp-json\/wp\/v2\/tags?post=2967"},{"taxonomy":"wf_page_folders","embeddable":true,"href":"https:\/\/www.auzeau.fr\/39-45\/wp-json\/wp\/v2\/wf_page_folders?post=2967"}],"curies":[{"name":"wp","href":"https:\/\/api.w.org\/{rel}","templated":true}]}}