{"id":2849,"date":"2017-08-07T14:19:11","date_gmt":"2017-08-07T12:19:11","guid":{"rendered":"http:\/\/www.auzeau.fr\/3945\/?page_id=2849"},"modified":"2018-05-14T18:41:46","modified_gmt":"2018-05-14T16:41:46","slug":"17-le-bois-plage-en-re","status":"publish","type":"page","link":"https:\/\/www.auzeau.fr\/39-45\/france\/17-charente-maritime\/17-le-bois-plage-en-re\/","title":{"rendered":"17 &#8211; Le Bois-Plage-en-R\u00e9"},"content":{"rendered":"<p><img fetchpriority=\"high\" decoding=\"async\" class=\"aligncenter size-full wp-image-50820\" title=\"Le_Bois_Plage_en_Re\" src=\"https:\/\/www.auzeau.fr\/39-45\/wp-content\/uploads\/Cimetieres\/01 -- 30\/17 - Charente-Maritime\/Le-Bois-Plage\/Le_Bois_Plage_en_Re.jpg\" alt=\"\" width=\"900\" height=\"386\" srcset=\"https:\/\/www.auzeau.fr\/39-45\/wp-content\/uploads\/Cimetieres\/01%20--%2030\/17%20-%20Charente-Maritime\/Le-Bois-Plage\/Le_Bois_Plage_en_Re.jpg 900w, https:\/\/www.auzeau.fr\/39-45\/wp-content\/uploads\/Cimetieres\/01%20--%2030\/17%20-%20Charente-Maritime\/Le-Bois-Plage\/Le_Bois_Plage_en_Re-300x129.jpg 300w, https:\/\/www.auzeau.fr\/39-45\/wp-content\/uploads\/Cimetieres\/01%20--%2030\/17%20-%20Charente-Maritime\/Le-Bois-Plage\/Le_Bois_Plage_en_Re-768x329.jpg 768w\" sizes=\"(max-width: 900px) 100vw, 900px\" \/><\/p>\n<table style=\"width: 100%;\" border=\"0\">\n<tbody>\n<tr>\n<td style=\"width: 5%;\"><\/td>\n<td style=\"width: 5%;\"><\/td>\n<td style=\"width: 5%;\"><\/td>\n<td style=\"width: 5%;\"><\/td>\n<td style=\"width: 5%;\"><\/td>\n<td style=\"width: 5%;\"><\/td>\n<td style=\"width: 5%;\"><\/td>\n<td style=\"width: 5%;\"><\/td>\n<td style=\"width: 5%;\"><\/td>\n<td style=\"width: 5%;\"><\/td>\n<td style=\"width: 5%;\"><\/td>\n<td style=\"width: 5%;\"><\/td>\n<td style=\"width: 5%;\"><\/td>\n<td style=\"width: 5%;\"><\/td>\n<td style=\"width: 5%;\"><\/td>\n<td style=\"width: 5%;\"><\/td>\n<td style=\"width: 5%;\"><\/td>\n<td style=\"width: 5%;\"><\/td>\n<td style=\"width: 5%;\"><\/td>\n<td style=\"width: 5%;\"><\/td>\n<\/tr>\n<tr>\n<td colspan=\"15\"><strong><span style=\"font-size: xx-large;\"><span style=\"color: #000000;\">Wellington X3946 KO-Q<\/span><br \/>\n<\/span><\/strong><\/td>\n<td colspan=\"5\">\n<p style=\"text-align: center;\"><strong><span style=\"font-size: xx-large;\">115 Sqn<\/span><\/strong><strong><span style=\"font-size: xx-large;\"><br \/>\n<\/span><\/strong><\/p>\n<\/td>\n<\/tr>\n<tr style=\"height: 40px;\">\n<td style=\"text-align: right;\" colspan=\"2\"><span style=\"font-size: 14px;\">\u00a0<strong>Date :\u00a0 <\/strong><\/span><\/td>\n<td colspan=\"5\"><span style=\"font-size: 14px;\"><em>\u00a016 octobre 1942<br \/>\n<\/em><\/span><\/td>\n<td style=\"text-align: right;\" colspan=\"3\"><span style=\"font-size: 14px;\">\u00a0<strong>Mission :\u00a0 <\/strong><\/span><\/td>\n<td colspan=\"10\"><span style=\"font-size: 14px;\"><em><span class='tooltipsall tooltipsincontent classtoolTips5'>Gardening<\/span> pr\u00e8s des ports dans le Golfe de Gascogne<\/em><\/span><\/td>\n<\/tr>\n<tr style=\"height: 40px;\">\n<td><span style=\"font-size: 14px;\">\u00a0<\/span><\/td>\n<td><span style=\"font-size: 14px;\">\u00a0<\/span><\/td>\n<td style=\"text-align: right;\" colspan=\"5\"><span style=\"font-size: 14px;\">\u00a0\u00a0<strong>D\u00e9collage :\u00a0 <\/strong><\/span><\/td>\n<td colspan=\"10\"><span style=\"font-size: 14px;\"><em>\u00a0Mildenhall \u00e0 18:00<\/em><\/span><\/td>\n<td><\/td>\n<td><\/td>\n<td><\/td>\n<\/tr>\n<tr style=\"height: 40px;\">\n<td><span style=\"font-size: 14px;\">\u00a0<\/span><\/td>\n<td><span style=\"font-size: 14px;\">\u00a0<\/span><\/td>\n<td style=\"text-align: right;\" colspan=\"5\"><span style=\"font-size: 14px;\">\u00a0\u00a0<strong>Causes de la perte :\u00a0 <\/strong><\/span><\/td>\n<td colspan=\"10\"><span style=\"font-size: 14px;\">\u00a0<\/span><\/td>\n<td><\/td>\n<td><\/td>\n<td><\/td>\n<\/tr>\n<tr style=\"height: 40px;\">\n<td><span style=\"font-size: 14px;\">\u00a0<\/span><\/td>\n<td><span style=\"font-size: 14px;\">\u00a0<\/span><\/td>\n<td style=\"text-align: right;\" colspan=\"5\"><span style=\"font-size: 14px;\">\u00a0\u00a0<strong>Lieu de la perte :\u00a0 <\/strong><\/span><\/td>\n<td colspan=\"10\"><span style=\"font-size: 14px;\"><em>\u00a0en mer<\/em><\/span><\/td>\n<td><\/td>\n<td><\/td>\n<td><\/td>\n<\/tr>\n<tr style=\"height: 60px;\">\n<td><span style=\"font-size: 14px;\"><img decoding=\"async\" class=\"aligncenter size-full wp-image-47215\" title=\"Royaume Uni\" src=\"https:\/\/www.auzeau.fr\/39-45\/wp-content\/uploads\/images\/Drapeaux\/Angleterre.png\" alt=\"\" width=\"40\" height=\"20\" \/><\/span><\/td>\n<td><span style=\"font-size: 14px;\"><span class='tooltipsall tooltipsincontent classtoolTips96'>Sgt<\/span><\/span><\/td>\n<td colspan=\"5\"><span style=\"font-size: 14px;\">David<\/span><\/td>\n<td colspan=\"2\"><span style=\"font-size: 14px; color: #000000;\"><strong>BUCHANAN<\/strong><\/span><\/td>\n<td style=\"text-align: center;\" colspan=\"2\"><span style=\"font-size: 14px;\"><span class='tooltipsall tooltipsincontent classtoolTips117'>Obs<\/span><\/span><\/td>\n<td style=\"text-align: center;\"><span style=\"font-size: 14px;\"><span class='tooltipsall tooltipsincontent classtoolTips45'>RAFVR<\/span><\/span><\/td>\n<td style=\"text-align: center;\" colspan=\"2\"><span style=\"font-size: 14px;\">1375544<\/span><\/td>\n<td><span style=\"font-size: 14px; color: #000000;\"><strong><span class='tooltipsall tooltipsincontent classtoolTips110'>KIA<\/span><\/strong><\/span><\/td>\n<td colspan=\"5\"><span style=\"font-size: 10pt;\"><em><a href=\"\/39-45\/france\/17-charente-maritime\/17-sainte-marie-de-re\">Inhum\u00e9 \u00e0 Sainte-Marie-de-R\u00e9 (17)<\/a><br \/>\n<\/em><\/span><\/td>\n<\/tr>\n<tr style=\"height: 60px;\">\n<td><span style=\"font-size: 14px;\"><img decoding=\"async\" class=\"aligncenter size-full wp-image-47231\" title=\"New Zeland\" src=\"https:\/\/www.auzeau.fr\/39-45\/wp-content\/uploads\/images\/Drapeaux\/New-Zeland.png\" alt=\"\" width=\"40\" height=\"20\" \/><\/span><\/td>\n<td><span style=\"font-size: 14px;\"><span class='tooltipsall tooltipsincontent classtoolTips96'>Sgt<\/span><\/span><\/td>\n<td colspan=\"5\"><span style=\"font-size: 14px;\">Douglas Huntly<\/span><\/td>\n<td colspan=\"2\"><span style=\"font-size: 14px; color: #000000;\"><strong>GORDON<\/strong><\/span><\/td>\n<td style=\"text-align: center;\" colspan=\"2\"><span style=\"font-size: 14px;\"><span class='tooltipsall tooltipsincontent classtoolTips151'>Pil<\/span><\/span><\/td>\n<td style=\"text-align: center;\"><span style=\"font-size: 14px;\"><span class='tooltipsall tooltipsincontent classtoolTips44'>RNZAF<\/span><\/span><\/td>\n<td style=\"text-align: center;\" colspan=\"2\"><span style=\"font-size: 14px;\">413408<\/span><\/td>\n<td><span style=\"font-size: 14px; color: #000000;\"><strong><span class='tooltipsall tooltipsincontent classtoolTips110'>KIA<\/span><\/strong><\/span><\/td>\n<td colspan=\"5\"><span style=\"font-size: 10pt;\">\u00a0<\/span><\/td>\n<\/tr>\n<tr style=\"height: 60px;\">\n<td><span style=\"font-size: 14px;\"><img decoding=\"async\" class=\"aligncenter size-full wp-image-47215\" title=\"Royaume Uni\" src=\"https:\/\/www.auzeau.fr\/39-45\/wp-content\/uploads\/images\/Drapeaux\/Angleterre.png\" alt=\"\" width=\"40\" height=\"20\" \/><\/span><\/td>\n<td><span style=\"font-size: 14px;\"><span class='tooltipsall tooltipsincontent classtoolTips96'>Sgt<\/span><\/span><\/td>\n<td colspan=\"5\"><span style=\"font-size: 14px;\">Cyril George<\/span><\/td>\n<td colspan=\"2\"><span style=\"font-size: 14px; color: #000000;\"><strong>PARR<\/strong><\/span><\/td>\n<td style=\"text-align: center;\" colspan=\"2\"><span style=\"font-size: 14px;\"><span class='tooltipsall tooltipsincontent classtoolTips189'>FE<\/span><\/span><\/td>\n<td style=\"text-align: center;\"><span style=\"font-size: 14px;\"><span class='tooltipsall tooltipsincontent classtoolTips45'>RAFVR<\/span><\/span><\/td>\n<td style=\"text-align: center;\" colspan=\"2\"><span style=\"font-size: 14px;\">1189810<\/span><\/td>\n<td><span style=\"font-size: 14px; color: #000000;\"><strong><span class='tooltipsall tooltipsincontent classtoolTips110'>KIA<\/span><\/strong><\/span><\/td>\n<td colspan=\"5\"><span style=\"font-size: 10pt;\"><em><a href=\"\/39-45\/france\/17-charente-maritime\/17-sainte-marie-de-re\">Inhum\u00e9 \u00e0 Sainte-Marie-de-R\u00e9 (17)<\/a><br \/>\n<\/em><\/span><\/td>\n<\/tr>\n<tr style=\"height: 60px;\">\n<td><span style=\"font-size: 14px;\"><img decoding=\"async\" class=\"aligncenter size-full wp-image-47215\" title=\"Royaume Uni\" src=\"https:\/\/www.auzeau.fr\/39-45\/wp-content\/uploads\/images\/Drapeaux\/Angleterre.png\" alt=\"\" width=\"40\" height=\"20\" \/><\/span><\/td>\n<td><span style=\"font-size: 14px;\">\u00a0Sgt<\/span><\/td>\n<td colspan=\"5\"><span style=\"font-size: 14px;\">Edwin Thomas<\/span><\/td>\n<td colspan=\"2\"><span style=\"font-size: 14px; color: #000000;\"><strong>PORT<\/strong><\/span><\/td>\n<td style=\"text-align: center;\" colspan=\"2\"><span style=\"font-size: 14px;\"><span class='tooltipsall tooltipsincontent classtoolTips185'>AG<\/span><\/span><\/td>\n<td style=\"text-align: center;\"><span style=\"font-size: 14px;\"><span class='tooltipsall tooltipsincontent classtoolTips146'>RAF<\/span><\/span><\/td>\n<td style=\"text-align: center;\" colspan=\"2\"><span style=\"font-size: 14px;\">655703<\/span><\/td>\n<td><span style=\"font-size: 14px; color: #000000;\"><strong><span class='tooltipsall tooltipsincontent classtoolTips111'>MIA<\/span><\/strong><\/span><\/td>\n<td colspan=\"5\"><span style=\"font-size: 10pt;\"><em>Runnymede Memorial<\/em><\/span><\/td>\n<\/tr>\n<tr style=\"height: 60px;\">\n<td><span style=\"font-size: 14px;\"><img decoding=\"async\" class=\"aligncenter size-full wp-image-47215\" title=\"Royaume Uni\" src=\"https:\/\/www.auzeau.fr\/39-45\/wp-content\/uploads\/images\/Drapeaux\/Angleterre.png\" alt=\"\" width=\"40\" height=\"20\" \/><\/span><\/td>\n<td><span style=\"font-size: 14px;\"><span class='tooltipsall tooltipsincontent classtoolTips96'>Sgt<\/span><\/span><\/td>\n<td colspan=\"5\"><span style=\"font-size: 14px;\">Cyril Robert<\/span><\/td>\n<td colspan=\"2\"><span style=\"font-size: 14px; color: #000000;\"><strong>STOWARD<\/strong><\/span><\/td>\n<td style=\"text-align: center;\" colspan=\"2\"><span style=\"font-size: 14px;\"><span class='tooltipsall tooltipsincontent classtoolTips115'>WOP<\/span><\/span><\/td>\n<td style=\"text-align: center;\"><span style=\"font-size: 14px;\"><span class='tooltipsall tooltipsincontent classtoolTips45'>RAFVR<\/span><\/span><\/td>\n<td style=\"text-align: center;\" colspan=\"2\"><span style=\"font-size: 14px;\">1290986<\/span><\/td>\n<td><span style=\"font-size: 14px; color: #000000;\"><strong><span class='tooltipsall tooltipsincontent classtoolTips111'>MIA<\/span><\/strong><\/span><\/td>\n<td colspan=\"5\"><span style=\"font-size: 10pt;\"><em>Runnymede Memorial<\/em><\/span><\/td>\n<\/tr>\n<\/tbody>\n<\/table>\n<div id='gallery-1' class='gallery galleryid-2849 gallery-columns-1 gallery-size-thumbnail'><figure class='gallery-item'>\n\t\t\t<div class='gallery-icon portrait'>\n\t\t\t\t<a title=\"Gordon\"  title=\"Gordon\"  href='https:\/\/www.auzeau.fr\/39-45\/wp-content\/uploads\/Cimetieres\/01%20--%2030\/17%20-%20Charente-Maritime\/Le-Bois-Plage\/X3946\/Gordon.jpg'><img loading=\"lazy\" decoding=\"async\" width=\"150\" height=\"150\" src=\"https:\/\/www.auzeau.fr\/39-45\/wp-content\/uploads\/Cimetieres\/01 -- 30\/17 - Charente-Maritime\/Le-Bois-Plage\/X3946\/Gordon-150x150.jpg\" class=\"attachment-thumbnail size-thumbnail\" alt=\"\" srcset=\"https:\/\/www.auzeau.fr\/39-45\/wp-content\/uploads\/Cimetieres\/01%20--%2030\/17%20-%20Charente-Maritime\/Le-Bois-Plage\/X3946\/Gordon-150x150.jpg 150w, https:\/\/www.auzeau.fr\/39-45\/wp-content\/uploads\/Cimetieres\/01%20--%2030\/17%20-%20Charente-Maritime\/Le-Bois-Plage\/X3946\/Gordon-50x50.jpg 50w\" sizes=\"(max-width: 150px) 100vw, 150px\" \/><\/a>\n\t\t\t<\/div><\/figure>\n\t\t<\/div>\n\n<table style=\"width: 100%; border-collapse: collapse; background-color: #dcdcdc;\">\n<tbody>\n<tr>\n<td style=\"width: 100%; text-align: center;\"><ul id=\"menu-17-le-bois-plage\" class=\"menu\"><li id=\"menu-item-50821\" class=\"menu-item menu-item-type-post_type menu-item-object-page menu-item-50821\"><a href=\"https:\/\/www.auzeau.fr\/39-45\/france\/17-charente-maritime\/17-le-bois-plage-en-re\/\">Wellington X3946<\/a><\/li>\n<li id=\"menu-item-50827\" class=\"menu-item menu-item-type-post_type menu-item-object-page menu-item-50827\"><a href=\"https:\/\/www.auzeau.fr\/39-45\/france\/17-charente-maritime\/17-le-bois-plage-en-re-2\/\">Beaufighter LZ295<\/a><\/li>\n<\/ul><\/td>\n<\/tr>\n<\/tbody>\n<\/table>\n<hr \/>\n<p style=\"text-align: center;\"><ul id=\"menu-17-charentes-maritime\" class=\"menu\"><li id=\"menu-item-50782\" class=\"menu-item menu-item-type-post_type menu-item-object-page menu-item-50782\"><a href=\"https:\/\/www.auzeau.fr\/39-45\/france\/17-charente-maritime\/17-ars-en-re\/\">17 \u2013 Ars-en-R\u00e9<\/a><\/li>\n<li id=\"menu-item-113410\" class=\"menu-item menu-item-type-post_type menu-item-object-page menu-item-113410\"><a href=\"https:\/\/www.auzeau.fr\/39-45\/france\/17-charente-maritime\/17-bussac-foret\/\">17 \u2013 Bussac-For\u00eat<\/a><\/li>\n<li id=\"menu-item-50783\" class=\"menu-item menu-item-type-post_type menu-item-object-page menu-item-50783\"><a href=\"https:\/\/www.auzeau.fr\/39-45\/france\/17-charente-maritime\/17-chatelaillon-plage\/\">17 \u2013 Chatelaillon-Plage<\/a><\/li>\n<li id=\"menu-item-113409\" class=\"menu-item menu-item-type-post_type menu-item-object-page menu-item-113409\"><a href=\"https:\/\/www.auzeau.fr\/39-45\/france\/17-charente-maritime\/17-chenac-saint-seurin-duzet-cenophage\/\">17 \u2013 Chenac-Saint-Seurin-d\u2019Uzet (c\u00e9nophage)<\/a><\/li>\n<li id=\"menu-item-113408\" class=\"menu-item menu-item-type-post_type menu-item-object-page menu-item-113408\"><a href=\"https:\/\/www.auzeau.fr\/39-45\/france\/17-charente-maritime\/17-chives\/\">17 \u2013 Chives<\/a><\/li>\n<li id=\"menu-item-103889\" class=\"menu-item menu-item-type-post_type menu-item-object-page menu-item-103889\"><a href=\"https:\/\/www.auzeau.fr\/39-45\/france\/17-charente-maritime\/17-dompierre-sur-mer\/\">17 \u2013 Dompierre-sur-Mer<\/a><\/li>\n<li id=\"menu-item-111408\" class=\"menu-item menu-item-type-post_type menu-item-object-page menu-item-111408\"><a href=\"https:\/\/www.auzeau.fr\/39-45\/france\/17-charente-maritime\/17-fouras\/\">17 \u2013 Fouras<\/a><\/li>\n<li id=\"menu-item-50784\" class=\"menu-item menu-item-type-post_type menu-item-object-page menu-item-50784\"><a href=\"https:\/\/www.auzeau.fr\/39-45\/france\/17-charente-maritime\/17-jonzac\/\">17 \u2013 Jonzac<\/a><\/li>\n<li id=\"menu-item-113407\" class=\"menu-item menu-item-type-post_type menu-item-object-page menu-item-113407\"><a href=\"https:\/\/www.auzeau.fr\/39-45\/france\/17-charente-maritime\/17-la-jard\/\">17 \u2013 La Jard<\/a><\/li>\n<li id=\"menu-item-50785\" class=\"menu-item menu-item-type-post_type menu-item-object-page menu-item-50785\"><a href=\"https:\/\/www.auzeau.fr\/39-45\/france\/17-charente-maritime\/17-la-rochelle\/\">17 \u2013 La Rochelle cimeti\u00e8re de Saint \u00c9loi<\/a><\/li>\n<li id=\"menu-item-113412\" class=\"menu-item menu-item-type-post_type menu-item-object-page menu-item-113412\"><a href=\"https:\/\/www.auzeau.fr\/39-45\/france\/17-charente-maritime\/17-la-rochelle-cimetiere-de-saint-maurice\/\">17 \u2013 La Rochelle cimeti\u00e8re de Saint Maurice<\/a><\/li>\n<li id=\"menu-item-50786\" class=\"menu-item menu-item-type-post_type menu-item-object-page menu-item-50786\"><a href=\"https:\/\/www.auzeau.fr\/39-45\/france\/17-charente-maritime\/17-le-bois-plage-en-re\/\">17 \u2013 Le Bois-Plage-en-R\u00e9<\/a><\/li>\n<li id=\"menu-item-50787\" class=\"menu-item menu-item-type-post_type menu-item-object-page menu-item-50787\"><a href=\"https:\/\/www.auzeau.fr\/39-45\/france\/17-charente-maritime\/17-le-chateau-doleron\/\">17 \u2013 Le Ch\u00e2teau-d\u2019Ol\u00e9ron<\/a><\/li>\n<li id=\"menu-item-50788\" class=\"menu-item menu-item-type-post_type menu-item-object-page menu-item-50788\"><a href=\"https:\/\/www.auzeau.fr\/39-45\/france\/17-charente-maritime\/17-muron\/\">17 \u2013 Muron<\/a><\/li>\n<li id=\"menu-item-50789\" class=\"menu-item menu-item-type-post_type menu-item-object-page menu-item-50789\"><a href=\"https:\/\/www.auzeau.fr\/39-45\/france\/17-charente-maritime\/17-retaud-necropole-nationale\/\">17 \u2013 R\u00e9taud N\u00e9cropole Nationale<\/a><\/li>\n<li id=\"menu-item-50790\" class=\"menu-item menu-item-type-post_type menu-item-object-page menu-item-50790\"><a href=\"https:\/\/www.auzeau.fr\/39-45\/france\/17-charente-maritime\/17-rochefort-cimetiere-communal\/\">17 \u2013 Rochefort Cimeti\u00e8re communal<\/a><\/li>\n<li id=\"menu-item-50791\" class=\"menu-item menu-item-type-post_type menu-item-object-page menu-item-50791\"><a href=\"https:\/\/www.auzeau.fr\/39-45\/france\/17-charente-maritime\/17-rochefort-cimetiere-de-la-marine\/\">17 \u2013 Rochefort Cimeti\u00e8re de la Marine<\/a><\/li>\n<li id=\"menu-item-50792\" class=\"menu-item menu-item-type-post_type menu-item-object-page menu-item-50792\"><a href=\"https:\/\/www.auzeau.fr\/39-45\/france\/17-charente-maritime\/17-royan\/\">17 \u2013 Royan<\/a><\/li>\n<li id=\"menu-item-50793\" class=\"menu-item menu-item-type-post_type menu-item-object-page menu-item-50793\"><a href=\"https:\/\/www.auzeau.fr\/39-45\/france\/17-charente-maritime\/17-saint-crepin\/\">17 \u2013 Saint-Cr\u00e9pin<\/a><\/li>\n<li id=\"menu-item-103665\" class=\"menu-item menu-item-type-post_type menu-item-object-page menu-item-103665\"><a href=\"https:\/\/www.auzeau.fr\/39-45\/france\/17-charente-maritime\/17-saint-georges-des-coteaux\/\">17 \u2013 Saint-Georges-des-Coteaux<\/a><\/li>\n<li id=\"menu-item-50794\" class=\"menu-item menu-item-type-post_type menu-item-object-page menu-item-50794\"><a href=\"https:\/\/www.auzeau.fr\/39-45\/france\/17-charente-maritime\/17-saint-jean-dangely\/\">17 \u2013 Saint-Jean-d\u2019Angely<\/a><\/li>\n<li id=\"menu-item-50795\" class=\"menu-item menu-item-type-post_type menu-item-object-page menu-item-50795\"><a href=\"https:\/\/www.auzeau.fr\/39-45\/france\/17-charente-maritime\/17-saint-martin-de-re\/\">17 \u2013 Saint-Martin-de-R\u00e9<\/a><\/li>\n<li id=\"menu-item-50796\" class=\"menu-item menu-item-type-post_type menu-item-object-page menu-item-50796\"><a href=\"https:\/\/www.auzeau.fr\/39-45\/france\/17-charente-maritime\/17-saint-palais-sur-mer\/\">17 \u2013 Saint-Palais-sur-Mer<\/a><\/li>\n<li id=\"menu-item-113411\" class=\"menu-item menu-item-type-post_type menu-item-object-page menu-item-113411\"><a href=\"https:\/\/www.auzeau.fr\/39-45\/france\/17-charente-maritime\/17-saint-sulpice-de-royan\/\">17 \u2013 Saint-Sulpice-de-Royan<\/a><\/li>\n<li id=\"menu-item-50797\" class=\"menu-item menu-item-type-post_type menu-item-object-page menu-item-50797\"><a href=\"https:\/\/www.auzeau.fr\/39-45\/france\/17-charente-maritime\/17-saint-trojan-les-bains\/\">17 \u2013 Saint-Trojan-les-Bains<\/a><\/li>\n<li id=\"menu-item-50798\" class=\"menu-item menu-item-type-post_type menu-item-object-page menu-item-50798\"><a href=\"https:\/\/www.auzeau.fr\/39-45\/france\/17-charente-maritime\/17-sainte-marie-de-re\/\">17 \u2013 Sainte-Marie-de-R\u00e9<\/a><\/li>\n<li id=\"menu-item-50799\" class=\"menu-item menu-item-type-post_type menu-item-object-page menu-item-50799\"><a href=\"https:\/\/www.auzeau.fr\/39-45\/france\/17-charente-maritime\/17-saintes\/\">17 \u2013 Saintes<\/a><\/li>\n<li id=\"menu-item-50800\" class=\"menu-item menu-item-type-post_type menu-item-object-page menu-item-50800\"><a href=\"https:\/\/www.auzeau.fr\/39-45\/france\/17-charente-maritime\/17-yves\/\">17 \u2013 Yves<\/a><\/li>\n<\/ul>\n<script type=\"text\/javascript\"> toolTips('.classtoolTips5','Mouillage de mines \u00e0 faible altitude<br\/><br\/>Sowing mines from low heights'); <\/script><script type=\"text\/javascript\"> toolTips('.classtoolTips44','Royal New Zealand Air Force'); <\/script><script type=\"text\/javascript\"> toolTips('.classtoolTips45','Royal Air Force Volunteer Reserve'); <\/script><script type=\"text\/javascript\"> toolTips('.classtoolTips96','Sergent<br\/><br\/>Sergeant'); <\/script><script type=\"text\/javascript\"> toolTips('.classtoolTips98','Colonel'); <\/script><script type=\"text\/javascript\"> toolTips('.classtoolTips110','Tu\u00e9 au combat<br\/><br\/>Killed In Action'); <\/script><script type=\"text\/javascript\"> toolTips('.classtoolTips111','Disparu au combat<br\/><br\/>Missing In Action'); <\/script><script type=\"text\/javascript\"> toolTips('.classtoolTips115','Op\u00e9rateur Radio<br\/><br\/>Wireless Op\u00e9rator'); <\/script><script type=\"text\/javascript\"> toolTips('.classtoolTips117','Observateur<br\/><br\/>Oberver'); <\/script><script type=\"text\/javascript\"> toolTips('.classtoolTips127','D\u00e9c\u00e9d\u00e9 en Service A\u00e9rien Command\u00e9'); <\/script><script type=\"text\/javascript\"> toolTips('.classtoolTips144','Royal Corps of Signals'); <\/script><script type=\"text\/javascript\"> toolTips('.classtoolTips146','Royal Air Force'); <\/script><script type=\"text\/javascript\"> toolTips('.classtoolTips151','Pilote<br\/><br\/>Pilot'); <\/script><script type=\"text\/javascript\"> toolTips('.classtoolTips153','Porucznik'); <\/script><script type=\"text\/javascript\"> toolTips('.classtoolTips154','Groupe de Liaisons A\u00e9riennes'); <\/script><script type=\"text\/javascript\"> toolTips('.classtoolTips162','Telegraphist'); <\/script><script type=\"text\/javascript\"> toolTips('.classtoolTips182','Warrant Officer'); <\/script><script type=\"text\/javascript\"> toolTips('.classtoolTips185','Mitrailleur<br\/><br\/>Air Gunner'); <\/script><script type=\"text\/javascript\"> toolTips('.classtoolTips186','Zone d\u2019Atterrissage<br\/><br\/>Landing Zone'); <\/script><script type=\"text\/javascript\"> toolTips('.classtoolTips188','Bombardier<br\/><br\/>Air bomber'); <\/script><script type=\"text\/javascript\"> toolTips('.classtoolTips189','M\u00e9canicien volant<br\/><br\/>Flying Enginer'); <\/script><script type=\"text\/javascript\"> toolTips('.classtoolTips193','Royal Navy'); <\/script><script type=\"text\/javascript\"> toolTips('.classtoolTips197','Aircraftman'); <\/script><script type=\"text\/javascript\"> toolTips('.classtoolTips199','Radio Officer'); <\/script><script type=\"text\/javascript\"> toolTips('.classtoolTips201','Lieutenant'); <\/script>","protected":false},"excerpt":{"rendered":"<p>Wellington X3946 KO-Q 115 Sqn \u00a0Date :\u00a0 \u00a016 octobre 1942 \u00a0Mission :\u00a0 Gardening pr\u00e8s des ports dans le Golfe de Gascogne \u00a0 \u00a0 \u00a0\u00a0D\u00e9collage :\u00a0 \u00a0Mildenhall \u00e0 18:00 \u00a0 \u00a0 \u00a0\u00a0Causes de la perte :\u00a0 \u00a0 \u00a0 \u00a0 \u00a0\u00a0Lieu de la perte :\u00a0 \u00a0en mer Sgt David BUCHANAN Obs RAFVR 1375544 KIA Inhum\u00e9 \u00e0 Sainte-Marie-de-R\u00e9 [&hellip;]<\/p>\n","protected":false},"author":1,"featured_media":0,"parent":57,"menu_order":0,"comment_status":"closed","ping_status":"closed","template":"template-full-width Wellington.php","meta":{"_lmt_disableupdate":"yes","_lmt_disable":"","footnotes":""},"categories":[364],"tags":[365],"wf_page_folders":[3140],"class_list":["post-2849","page","type-page","status-publish","hentry","category-wellington","tag-115-squadron"],"_links":{"self":[{"href":"https:\/\/www.auzeau.fr\/39-45\/wp-json\/wp\/v2\/pages\/2849","targetHints":{"allow":["GET"]}}],"collection":[{"href":"https:\/\/www.auzeau.fr\/39-45\/wp-json\/wp\/v2\/pages"}],"about":[{"href":"https:\/\/www.auzeau.fr\/39-45\/wp-json\/wp\/v2\/types\/page"}],"author":[{"embeddable":true,"href":"https:\/\/www.auzeau.fr\/39-45\/wp-json\/wp\/v2\/users\/1"}],"replies":[{"embeddable":true,"href":"https:\/\/www.auzeau.fr\/39-45\/wp-json\/wp\/v2\/comments?post=2849"}],"version-history":[{"count":0,"href":"https:\/\/www.auzeau.fr\/39-45\/wp-json\/wp\/v2\/pages\/2849\/revisions"}],"up":[{"embeddable":true,"href":"https:\/\/www.auzeau.fr\/39-45\/wp-json\/wp\/v2\/pages\/57"}],"wp:attachment":[{"href":"https:\/\/www.auzeau.fr\/39-45\/wp-json\/wp\/v2\/media?parent=2849"}],"wp:term":[{"taxonomy":"category","embeddable":true,"href":"https:\/\/www.auzeau.fr\/39-45\/wp-json\/wp\/v2\/categories?post=2849"},{"taxonomy":"post_tag","embeddable":true,"href":"https:\/\/www.auzeau.fr\/39-45\/wp-json\/wp\/v2\/tags?post=2849"},{"taxonomy":"wf_page_folders","embeddable":true,"href":"https:\/\/www.auzeau.fr\/39-45\/wp-json\/wp\/v2\/wf_page_folders?post=2849"}],"curies":[{"name":"wp","href":"https:\/\/api.w.org\/{rel}","templated":true}]}}