{"id":2840,"date":"2017-08-07T13:38:13","date_gmt":"2017-08-07T11:38:13","guid":{"rendered":"http:\/\/www.auzeau.fr\/3945\/?page_id=2840"},"modified":"2018-05-14T18:41:46","modified_gmt":"2018-05-14T16:41:46","slug":"17-ars-en-re","status":"publish","type":"page","link":"https:\/\/www.auzeau.fr\/39-45\/france\/17-charente-maritime\/17-ars-en-re\/","title":{"rendered":"17 &#8211; Ars-en-R\u00e9"},"content":{"rendered":"<p><img fetchpriority=\"high\" decoding=\"async\" class=\"aligncenter size-full wp-image-50759\" title=\"Ars-en-Re\" src=\"https:\/\/www.auzeau.fr\/39-45\/wp-content\/uploads\/Cimetieres\/01 -- 30\/17 - Charente-Maritime\/Ars-en-Re\/Ars-en-Re.jpg\" alt=\"\" width=\"900\" height=\"386\" srcset=\"https:\/\/www.auzeau.fr\/39-45\/wp-content\/uploads\/Cimetieres\/01%20--%2030\/17%20-%20Charente-Maritime\/Ars-en-Re\/Ars-en-Re.jpg 900w, https:\/\/www.auzeau.fr\/39-45\/wp-content\/uploads\/Cimetieres\/01%20--%2030\/17%20-%20Charente-Maritime\/Ars-en-Re\/Ars-en-Re-300x129.jpg 300w, https:\/\/www.auzeau.fr\/39-45\/wp-content\/uploads\/Cimetieres\/01%20--%2030\/17%20-%20Charente-Maritime\/Ars-en-Re\/Ars-en-Re-768x329.jpg 768w\" sizes=\"(max-width: 900px) 100vw, 900px\" \/><\/p>\n<table style=\"width: 100%;\" border=\"0\">\n<tbody>\n<tr>\n<td style=\"width: 5%;\">\u00a0<a name=\"W5414\"><\/a><\/td>\n<td style=\"width: 5%;\"><\/td>\n<td style=\"width: 5%;\"><\/td>\n<td style=\"width: 5%;\"><\/td>\n<td style=\"width: 5%;\"><\/td>\n<td style=\"width: 5%;\"><\/td>\n<td style=\"width: 5%;\"><\/td>\n<td style=\"width: 5%;\"><\/td>\n<td style=\"width: 5%;\"><\/td>\n<td style=\"width: 5%;\"><\/td>\n<td style=\"width: 5%;\"><\/td>\n<td style=\"width: 5%;\"><\/td>\n<td style=\"width: 5%;\"><\/td>\n<td style=\"width: 5%;\"><\/td>\n<td style=\"width: 5%;\"><\/td>\n<td style=\"width: 5%;\"><\/td>\n<td style=\"width: 5%;\"><\/td>\n<td style=\"width: 5%;\"><\/td>\n<td style=\"width: 5%;\"><\/td>\n<td style=\"width: 5%;\"><\/td>\n<\/tr>\n<tr>\n<td colspan=\"15\"><strong><span style=\"font-size: xx-large;\"><span style=\"color: #000000;\">Wellington W5414 PH-<\/span><br \/>\n<\/span><\/strong><\/td>\n<td style=\"text-align: center;\" colspan=\"5\"><strong><span style=\"font-size: xx-large;\">12 Sqn<\/span><\/strong><\/td>\n<\/tr>\n<tr style=\"height: 40px;\">\n<td style=\"text-align: right;\" colspan=\"2\"><span style=\"font-size: 14px;\"><strong>Date : <\/strong><\/span><\/td>\n<td colspan=\"5\"><span style=\"font-size: 14px;\"><em>\u00a020 juillet 1942<br \/>\n<\/em><\/span><\/td>\n<td style=\"text-align: right;\" colspan=\"3\"><span style=\"font-size: 14px;\"><strong>Mission : <\/strong><\/span><\/td>\n<td colspan=\"10\"><span style=\"font-size: 14px;\"><em>\u00a0 <span class='tooltipsall tooltipsincontent classtoolTips5'>Gardening<\/span> : Larguage de mines sur les c\u00f4tes ouest de la France<br \/>\n<\/em><\/span><\/td>\n<\/tr>\n<tr style=\"height: 40px;\">\n<td><span style=\"font-size: 14px;\">\u00a0<\/span><\/td>\n<td><span style=\"font-size: 14px;\">\u00a0<\/span><\/td>\n<td style=\"text-align: right;\" colspan=\"5\"><span style=\"font-size: 14px;\"><strong>D\u00e9collage :<\/strong><\/span><\/td>\n<td colspan=\"10\"><span style=\"font-size: 14px;\"><em>\u00a0 Binbrook \u00e0 22:01<\/em><\/span><\/td>\n<td><span style=\"font-size: 14px;\">\u00a0<\/span><\/td>\n<td><span style=\"font-size: 14px;\">\u00a0<\/span><\/td>\n<td><span style=\"font-size: 14px;\">\u00a0<\/span><\/td>\n<\/tr>\n<tr style=\"height: 40px;\">\n<td><span style=\"font-size: 14px;\">\u00a0<\/span><\/td>\n<td><span style=\"font-size: 14px;\">\u00a0<\/span><\/td>\n<td style=\"text-align: right;\" colspan=\"5\"><span style=\"font-size: 14px;\"><strong>Causes de la perte : <\/strong><\/span><\/td>\n<td colspan=\"10\"><span style=\"font-size: 14px;\">\u00a0<\/span><\/td>\n<td><span style=\"font-size: 14px;\">\u00a0<\/span><\/td>\n<td><span style=\"font-size: 14px;\">\u00a0<\/span><\/td>\n<td><span style=\"font-size: 14px;\">\u00a0<\/span><\/td>\n<\/tr>\n<tr style=\"height: 40px;\">\n<td><span style=\"font-size: 14px;\">\u00a0<\/span><\/td>\n<td><span style=\"font-size: 14px;\">\u00a0<\/span><\/td>\n<td style=\"text-align: right;\" colspan=\"5\"><span style=\"font-size: 14px;\"><strong>Lieu de la perte : <\/strong><\/span><\/td>\n<td colspan=\"10\"><span style=\"font-size: 14px;\"><em>\u00a0 Oc\u00e9an Atlantique<br \/>\n<\/em><\/span><\/td>\n<td><span style=\"font-size: 14px;\">\u00a0<\/span><\/td>\n<td><span style=\"font-size: 14px;\">\u00a0<\/span><\/td>\n<td><span style=\"font-size: 14px;\">\u00a0<\/span><\/td>\n<\/tr>\n<tr style=\"height: 60px;\">\n<td><span style=\"font-size: 14px;\"><img decoding=\"async\" class=\"aligncenter size-full wp-image-47215\" title=\"Royaume Uni\" src=\"https:\/\/www.auzeau.fr\/39-45\/wp-content\/uploads\/images\/Drapeaux\/Angleterre.png\" alt=\"\" width=\"40\" height=\"20\" \/><\/span><\/td>\n<td><span style=\"font-size: 14px;\"><span class='tooltipsall tooltipsincontent classtoolTips96'>Sgt<\/span><\/span><\/td>\n<td colspan=\"5\"><span style=\"font-size: 14px;\">William Joseph<\/span><\/td>\n<td colspan=\"2\"><span style=\"font-size: 14px; color: #000000;\"><strong>BRAZIER<\/strong><\/span><\/td>\n<td style=\"text-align: center;\" colspan=\"2\"><span style=\"font-size: 14px;\"><span class='tooltipsall tooltipsincontent classtoolTips185'>AG<\/span><\/span><\/td>\n<td style=\"text-align: center;\"><span style=\"font-size: 14px;\"><span class='tooltipsall tooltipsincontent classtoolTips45'>RAFVR<\/span><\/span><\/td>\n<td style=\"text-align: center;\" colspan=\"2\"><span style=\"font-size: 14px;\">975641<\/span><\/td>\n<td><span style=\"font-size: 14px; color: #000000;\"><strong><span class='tooltipsall tooltipsincontent classtoolTips110'>KIA<\/span><\/strong><\/span><\/td>\n<td colspan=\"5\"><span style=\"font-size: 10pt;\"><em>\u00a0<\/em><\/span><\/td>\n<\/tr>\n<tr style=\"height: 60px;\">\n<td><span style=\"font-size: 14px;\"><img decoding=\"async\" class=\"aligncenter size-full wp-image-47215\" title=\"Royaume Uni\" src=\"https:\/\/www.auzeau.fr\/39-45\/wp-content\/uploads\/images\/Drapeaux\/Angleterre.png\" alt=\"\" width=\"40\" height=\"20\" \/><\/span><\/td>\n<td><span style=\"font-size: 14px;\"><span class='tooltipsall tooltipsincontent classtoolTips96'>Sgt<\/span><\/span><\/td>\n<td colspan=\"5\"><span style=\"font-size: 14px;\">Charles Henry<\/span><\/td>\n<td colspan=\"2\"><span style=\"font-size: 14px; color: #000000;\"><strong>DURRANT<\/strong><\/span><\/td>\n<td style=\"text-align: center;\" colspan=\"2\"><span style=\"font-size: 14px;\"><span class='tooltipsall tooltipsincontent classtoolTips115'>WOP<\/span> <span class='tooltipsall tooltipsincontent classtoolTips185'>AG<\/span><\/span><\/td>\n<td style=\"text-align: center;\"><span style=\"font-size: 14px;\"><span class='tooltipsall tooltipsincontent classtoolTips45'>RAFVR<\/span><\/span><\/td>\n<td style=\"text-align: center;\" colspan=\"2\"><span style=\"font-size: 14px;\">1263757<\/span><\/td>\n<td><span style=\"font-size: 14px; color: #000000;\"><strong><span class='tooltipsall tooltipsincontent classtoolTips110'>KIA<\/span><\/strong><\/span><\/td>\n<td colspan=\"5\"><a href=\"https:\/\/www.auzeau.fr\/39-45\/france\/85-vendee\/85-les-sables-dolonne-cimetiere-laennec\/\"><span style=\"font-size: 8pt;\"><em>Inhum\u00e9 aux Sables-d&#8217;Olonne cimeti\u00e8re Laennec (85)<\/em><\/span><\/a><\/td>\n<\/tr>\n<tr style=\"height: 60px;\">\n<td><span style=\"font-size: 14px;\"><img decoding=\"async\" class=\"aligncenter size-full wp-image-47215\" title=\"Royaume Uni\" src=\"https:\/\/www.auzeau.fr\/39-45\/wp-content\/uploads\/images\/Drapeaux\/Angleterre.png\" alt=\"\" width=\"40\" height=\"20\" \/><\/span><\/td>\n<td><span style=\"font-size: 14px;\"><span class='tooltipsall tooltipsincontent classtoolTips12'>Plt Off<\/span><\/span><\/td>\n<td colspan=\"5\"><span style=\"font-size: 14px;\">John Patrick<\/span><\/td>\n<td colspan=\"2\"><span style=\"font-size: 14px; color: #000000;\"><strong>MUIRHEAD<\/strong><\/span><\/td>\n<td style=\"text-align: center;\" colspan=\"2\"><span style=\"font-size: 14px;\"><span class='tooltipsall tooltipsincontent classtoolTips151'>Pil<\/span><\/span><\/td>\n<td style=\"text-align: center;\"><span style=\"font-size: 14px;\"><span class='tooltipsall tooltipsincontent classtoolTips45'>RAFVR<\/span><\/span><\/td>\n<td style=\"text-align: center;\" colspan=\"2\"><span style=\"font-size: 14px;\">100092<\/span><\/td>\n<td><span style=\"font-size: 14px; color: #000000;\"><strong><span class='tooltipsall tooltipsincontent classtoolTips110'>KIA<\/span><\/strong><\/span><\/td>\n<td colspan=\"5\"><span style=\"font-size: 8pt;\"><em><img decoding=\"async\" class=\"size-full wp-image-47245 alignleft\" title=\"Distinguished-Flying-Cross\" src=\"https:\/\/www.auzeau.fr\/39-45\/wp-content\/uploads\/images\/Medaille\/Distinguished-Flying-Cross.png\" alt=\"\" width=\"73\" height=\"20\" \/><br \/>\n<\/em><\/span><\/td>\n<\/tr>\n<tr style=\"height: 60px;\">\n<td><span style=\"font-size: 14px;\"><img decoding=\"async\" class=\"aligncenter size-full wp-image-47215\" title=\"Royaume Uni\" src=\"https:\/\/www.auzeau.fr\/39-45\/wp-content\/uploads\/images\/Drapeaux\/Angleterre.png\" alt=\"\" width=\"40\" height=\"20\" \/><\/span><\/td>\n<td><span style=\"font-size: 14px;\"><span class='tooltipsall tooltipsincontent classtoolTips96'>Sgt<\/span><\/span><\/td>\n<td colspan=\"5\"><span style=\"font-size: 14px;\">Cyril<\/span><\/td>\n<td colspan=\"2\"><span style=\"font-size: 14px; color: #000000;\"><strong>WALDRON<\/strong><\/span><\/td>\n<td style=\"text-align: center;\" colspan=\"2\"><span style=\"font-size: 14px;\"><span class='tooltipsall tooltipsincontent classtoolTips115'>WOP<\/span> <span class='tooltipsall tooltipsincontent classtoolTips185'>AG<\/span><\/span><\/td>\n<td style=\"text-align: center;\"><span style=\"font-size: 14px;\"><span class='tooltipsall tooltipsincontent classtoolTips45'>RAFVR<\/span><\/span><\/td>\n<td style=\"text-align: center;\" colspan=\"2\"><span style=\"font-size: 14px;\">1360573<\/span><\/td>\n<td><span style=\"font-size: 14px; color: #000000;\"><strong><span class='tooltipsall tooltipsincontent classtoolTips110'>KIA<\/span><\/strong><\/span><\/td>\n<td colspan=\"5\"><span style=\"font-size: 8pt;\"><em><a href=\"https:\/\/www.auzeau.fr\/39-45\/france\/44-loire-atlantique\/44-pornic-war-cemetery-10\/\">Inhum\u00e9 \u00e0 Pornic (44)<\/a><\/em><\/span><\/td>\n<\/tr>\n<tr style=\"height: 60px;\">\n<td><span style=\"font-size: 14px;\"><img loading=\"lazy\" decoding=\"async\" class=\"aligncenter size-full wp-image-47231\" title=\"New Zeland\" src=\"https:\/\/www.auzeau.fr\/39-45\/wp-content\/uploads\/images\/Drapeaux\/New-Zeland.png\" alt=\"\" width=\"40\" height=\"20\" \/><\/span><\/td>\n<td><span style=\"font-size: 14px;\"><span class='tooltipsall tooltipsincontent classtoolTips183'>FS<\/span><\/span><\/td>\n<td colspan=\"5\"><span style=\"font-size: 14px;\">Eric<\/span><\/td>\n<td colspan=\"2\"><span style=\"font-size: 14px; color: #000000;\"><strong>WAPLE<\/strong><\/span><\/td>\n<td style=\"text-align: center;\" colspan=\"2\"><span style=\"font-size: 14px;\"><span class='tooltipsall tooltipsincontent classtoolTips117'>Obs<\/span><\/span><\/td>\n<td style=\"text-align: center;\"><span style=\"font-size: 14px;\"><span class='tooltipsall tooltipsincontent classtoolTips44'>RNZAF<\/span><\/span><\/td>\n<td style=\"text-align: center;\" colspan=\"2\"><span style=\"font-size: 14px;\">402000<\/span><\/td>\n<td><span style=\"font-size: 14px; color: #000000;\"><strong><span class='tooltipsall tooltipsincontent classtoolTips110'>KIA<\/span><\/strong><\/span><\/td>\n<td colspan=\"5\"><span style=\"font-size: 10pt;\"><em>\u00a0<\/em><\/span><\/td>\n<\/tr>\n<\/tbody>\n<\/table>\n<div id='gallery-1' class='gallery galleryid-2840 gallery-columns-3 gallery-size-thumbnail'><figure class='gallery-item'>\n\t\t\t<div class='gallery-icon portrait'>\n\t\t\t\t<a title=\"Brazier\"  title=\"Brazier\"  href='https:\/\/www.auzeau.fr\/39-45\/wp-content\/uploads\/Cimetieres\/01%20--%2030\/17%20-%20Charente-Maritime\/Ars-en-Re\/Brazier.jpg'><img loading=\"lazy\" decoding=\"async\" width=\"150\" height=\"150\" src=\"https:\/\/www.auzeau.fr\/39-45\/wp-content\/uploads\/Cimetieres\/01 -- 30\/17 - Charente-Maritime\/Ars-en-Re\/Brazier-150x150.jpg\" class=\"attachment-thumbnail size-thumbnail\" alt=\"\" srcset=\"https:\/\/www.auzeau.fr\/39-45\/wp-content\/uploads\/Cimetieres\/01%20--%2030\/17%20-%20Charente-Maritime\/Ars-en-Re\/Brazier-150x150.jpg 150w, https:\/\/www.auzeau.fr\/39-45\/wp-content\/uploads\/Cimetieres\/01%20--%2030\/17%20-%20Charente-Maritime\/Ars-en-Re\/Brazier-50x50.jpg 50w\" sizes=\"(max-width: 150px) 100vw, 150px\" \/><\/a>\n\t\t\t<\/div><\/figure><figure class='gallery-item'>\n\t\t\t<div class='gallery-icon portrait'>\n\t\t\t\t<a title=\"Muirhead\"  title=\"Muirhead\"  href='https:\/\/www.auzeau.fr\/39-45\/wp-content\/uploads\/Cimetieres\/01%20--%2030\/17%20-%20Charente-Maritime\/Ars-en-Re\/Muirhead.jpg'><img loading=\"lazy\" decoding=\"async\" width=\"150\" height=\"150\" src=\"https:\/\/www.auzeau.fr\/39-45\/wp-content\/uploads\/Cimetieres\/01 -- 30\/17 - Charente-Maritime\/Ars-en-Re\/Muirhead-150x150.jpg\" class=\"attachment-thumbnail size-thumbnail\" alt=\"\" srcset=\"https:\/\/www.auzeau.fr\/39-45\/wp-content\/uploads\/Cimetieres\/01%20--%2030\/17%20-%20Charente-Maritime\/Ars-en-Re\/Muirhead-150x150.jpg 150w, https:\/\/www.auzeau.fr\/39-45\/wp-content\/uploads\/Cimetieres\/01%20--%2030\/17%20-%20Charente-Maritime\/Ars-en-Re\/Muirhead-50x50.jpg 50w\" sizes=\"(max-width: 150px) 100vw, 150px\" \/><\/a>\n\t\t\t<\/div><\/figure><figure class='gallery-item'>\n\t\t\t<div class='gallery-icon portrait'>\n\t\t\t\t<a title=\"Waple\"  title=\"Waple\"  href='https:\/\/www.auzeau.fr\/39-45\/wp-content\/uploads\/Cimetieres\/01%20--%2030\/17%20-%20Charente-Maritime\/Ars-en-Re\/Waple.jpg'><img loading=\"lazy\" decoding=\"async\" width=\"150\" height=\"150\" src=\"https:\/\/www.auzeau.fr\/39-45\/wp-content\/uploads\/Cimetieres\/01 -- 30\/17 - Charente-Maritime\/Ars-en-Re\/Waple-150x150.jpg\" class=\"attachment-thumbnail size-thumbnail\" alt=\"\" srcset=\"https:\/\/www.auzeau.fr\/39-45\/wp-content\/uploads\/Cimetieres\/01%20--%2030\/17%20-%20Charente-Maritime\/Ars-en-Re\/Waple-150x150.jpg 150w, https:\/\/www.auzeau.fr\/39-45\/wp-content\/uploads\/Cimetieres\/01%20--%2030\/17%20-%20Charente-Maritime\/Ars-en-Re\/Waple-50x50.jpg 50w\" sizes=\"(max-width: 150px) 100vw, 150px\" \/><\/a>\n\t\t\t<\/div><\/figure>\n\t\t<\/div>\n\n<hr \/>\n<p style=\"text-align: center;\"><ul id=\"menu-17-charentes-maritime\" class=\"menu\"><li id=\"menu-item-50782\" class=\"menu-item menu-item-type-post_type menu-item-object-page menu-item-50782\"><a href=\"https:\/\/www.auzeau.fr\/39-45\/france\/17-charente-maritime\/17-ars-en-re\/\">17 \u2013 Ars-en-R\u00e9<\/a><\/li>\n<li id=\"menu-item-113410\" class=\"menu-item menu-item-type-post_type menu-item-object-page menu-item-113410\"><a href=\"https:\/\/www.auzeau.fr\/39-45\/france\/17-charente-maritime\/17-bussac-foret\/\">17 \u2013 Bussac-For\u00eat<\/a><\/li>\n<li id=\"menu-item-50783\" class=\"menu-item menu-item-type-post_type menu-item-object-page menu-item-50783\"><a href=\"https:\/\/www.auzeau.fr\/39-45\/france\/17-charente-maritime\/17-chatelaillon-plage\/\">17 \u2013 Chatelaillon-Plage<\/a><\/li>\n<li id=\"menu-item-113409\" class=\"menu-item menu-item-type-post_type menu-item-object-page menu-item-113409\"><a href=\"https:\/\/www.auzeau.fr\/39-45\/france\/17-charente-maritime\/17-chenac-saint-seurin-duzet-cenophage\/\">17 \u2013 Chenac-Saint-Seurin-d\u2019Uzet (c\u00e9nophage)<\/a><\/li>\n<li id=\"menu-item-113408\" class=\"menu-item menu-item-type-post_type menu-item-object-page menu-item-113408\"><a href=\"https:\/\/www.auzeau.fr\/39-45\/france\/17-charente-maritime\/17-chives\/\">17 \u2013 Chives<\/a><\/li>\n<li id=\"menu-item-103889\" class=\"menu-item menu-item-type-post_type menu-item-object-page menu-item-103889\"><a href=\"https:\/\/www.auzeau.fr\/39-45\/france\/17-charente-maritime\/17-dompierre-sur-mer\/\">17 \u2013 Dompierre-sur-Mer<\/a><\/li>\n<li id=\"menu-item-111408\" class=\"menu-item menu-item-type-post_type menu-item-object-page menu-item-111408\"><a href=\"https:\/\/www.auzeau.fr\/39-45\/france\/17-charente-maritime\/17-fouras\/\">17 \u2013 Fouras<\/a><\/li>\n<li id=\"menu-item-50784\" class=\"menu-item menu-item-type-post_type menu-item-object-page menu-item-50784\"><a href=\"https:\/\/www.auzeau.fr\/39-45\/france\/17-charente-maritime\/17-jonzac\/\">17 \u2013 Jonzac<\/a><\/li>\n<li id=\"menu-item-113407\" class=\"menu-item menu-item-type-post_type menu-item-object-page menu-item-113407\"><a href=\"https:\/\/www.auzeau.fr\/39-45\/france\/17-charente-maritime\/17-la-jard\/\">17 \u2013 La Jard<\/a><\/li>\n<li id=\"menu-item-50785\" class=\"menu-item menu-item-type-post_type menu-item-object-page menu-item-50785\"><a href=\"https:\/\/www.auzeau.fr\/39-45\/france\/17-charente-maritime\/17-la-rochelle\/\">17 \u2013 La Rochelle cimeti\u00e8re de Saint \u00c9loi<\/a><\/li>\n<li id=\"menu-item-113412\" class=\"menu-item menu-item-type-post_type menu-item-object-page menu-item-113412\"><a href=\"https:\/\/www.auzeau.fr\/39-45\/france\/17-charente-maritime\/17-la-rochelle-cimetiere-de-saint-maurice\/\">17 \u2013 La Rochelle cimeti\u00e8re de Saint Maurice<\/a><\/li>\n<li id=\"menu-item-50786\" class=\"menu-item menu-item-type-post_type menu-item-object-page menu-item-50786\"><a href=\"https:\/\/www.auzeau.fr\/39-45\/france\/17-charente-maritime\/17-le-bois-plage-en-re\/\">17 \u2013 Le Bois-Plage-en-R\u00e9<\/a><\/li>\n<li id=\"menu-item-50787\" class=\"menu-item menu-item-type-post_type menu-item-object-page menu-item-50787\"><a href=\"https:\/\/www.auzeau.fr\/39-45\/france\/17-charente-maritime\/17-le-chateau-doleron\/\">17 \u2013 Le Ch\u00e2teau-d\u2019Ol\u00e9ron<\/a><\/li>\n<li id=\"menu-item-50788\" class=\"menu-item menu-item-type-post_type menu-item-object-page menu-item-50788\"><a href=\"https:\/\/www.auzeau.fr\/39-45\/france\/17-charente-maritime\/17-muron\/\">17 \u2013 Muron<\/a><\/li>\n<li id=\"menu-item-50789\" class=\"menu-item menu-item-type-post_type menu-item-object-page menu-item-50789\"><a href=\"https:\/\/www.auzeau.fr\/39-45\/france\/17-charente-maritime\/17-retaud-necropole-nationale\/\">17 \u2013 R\u00e9taud N\u00e9cropole Nationale<\/a><\/li>\n<li id=\"menu-item-50790\" class=\"menu-item menu-item-type-post_type menu-item-object-page menu-item-50790\"><a href=\"https:\/\/www.auzeau.fr\/39-45\/france\/17-charente-maritime\/17-rochefort-cimetiere-communal\/\">17 \u2013 Rochefort Cimeti\u00e8re communal<\/a><\/li>\n<li id=\"menu-item-50791\" class=\"menu-item menu-item-type-post_type menu-item-object-page menu-item-50791\"><a href=\"https:\/\/www.auzeau.fr\/39-45\/france\/17-charente-maritime\/17-rochefort-cimetiere-de-la-marine\/\">17 \u2013 Rochefort Cimeti\u00e8re de la Marine<\/a><\/li>\n<li id=\"menu-item-50792\" class=\"menu-item menu-item-type-post_type menu-item-object-page menu-item-50792\"><a href=\"https:\/\/www.auzeau.fr\/39-45\/france\/17-charente-maritime\/17-royan\/\">17 \u2013 Royan<\/a><\/li>\n<li id=\"menu-item-50793\" class=\"menu-item menu-item-type-post_type menu-item-object-page menu-item-50793\"><a href=\"https:\/\/www.auzeau.fr\/39-45\/france\/17-charente-maritime\/17-saint-crepin\/\">17 \u2013 Saint-Cr\u00e9pin<\/a><\/li>\n<li id=\"menu-item-103665\" class=\"menu-item menu-item-type-post_type menu-item-object-page menu-item-103665\"><a href=\"https:\/\/www.auzeau.fr\/39-45\/france\/17-charente-maritime\/17-saint-georges-des-coteaux\/\">17 \u2013 Saint-Georges-des-Coteaux<\/a><\/li>\n<li id=\"menu-item-50794\" class=\"menu-item menu-item-type-post_type menu-item-object-page menu-item-50794\"><a href=\"https:\/\/www.auzeau.fr\/39-45\/france\/17-charente-maritime\/17-saint-jean-dangely\/\">17 \u2013 Saint-Jean-d\u2019Angely<\/a><\/li>\n<li id=\"menu-item-50795\" class=\"menu-item menu-item-type-post_type menu-item-object-page menu-item-50795\"><a href=\"https:\/\/www.auzeau.fr\/39-45\/france\/17-charente-maritime\/17-saint-martin-de-re\/\">17 \u2013 Saint-Martin-de-R\u00e9<\/a><\/li>\n<li id=\"menu-item-50796\" class=\"menu-item menu-item-type-post_type menu-item-object-page menu-item-50796\"><a href=\"https:\/\/www.auzeau.fr\/39-45\/france\/17-charente-maritime\/17-saint-palais-sur-mer\/\">17 \u2013 Saint-Palais-sur-Mer<\/a><\/li>\n<li id=\"menu-item-113411\" class=\"menu-item menu-item-type-post_type menu-item-object-page menu-item-113411\"><a href=\"https:\/\/www.auzeau.fr\/39-45\/france\/17-charente-maritime\/17-saint-sulpice-de-royan\/\">17 \u2013 Saint-Sulpice-de-Royan<\/a><\/li>\n<li id=\"menu-item-50797\" class=\"menu-item menu-item-type-post_type menu-item-object-page menu-item-50797\"><a href=\"https:\/\/www.auzeau.fr\/39-45\/france\/17-charente-maritime\/17-saint-trojan-les-bains\/\">17 \u2013 Saint-Trojan-les-Bains<\/a><\/li>\n<li id=\"menu-item-50798\" class=\"menu-item menu-item-type-post_type menu-item-object-page menu-item-50798\"><a href=\"https:\/\/www.auzeau.fr\/39-45\/france\/17-charente-maritime\/17-sainte-marie-de-re\/\">17 \u2013 Sainte-Marie-de-R\u00e9<\/a><\/li>\n<li id=\"menu-item-50799\" class=\"menu-item menu-item-type-post_type menu-item-object-page menu-item-50799\"><a href=\"https:\/\/www.auzeau.fr\/39-45\/france\/17-charente-maritime\/17-saintes\/\">17 \u2013 Saintes<\/a><\/li>\n<li id=\"menu-item-50800\" class=\"menu-item menu-item-type-post_type menu-item-object-page menu-item-50800\"><a href=\"https:\/\/www.auzeau.fr\/39-45\/france\/17-charente-maritime\/17-yves\/\">17 \u2013 Yves<\/a><\/li>\n<\/ul>\n<script type=\"text\/javascript\"> toolTips('.classtoolTips5','Mouillage de mines \u00e0 faible altitude<br\/><br\/>Sowing mines from low heights'); <\/script><script type=\"text\/javascript\"> toolTips('.classtoolTips12','Pilot Officer'); <\/script><script type=\"text\/javascript\"> toolTips('.classtoolTips44','Royal New Zealand Air Force'); <\/script><script type=\"text\/javascript\"> toolTips('.classtoolTips45','Royal Air Force Volunteer Reserve'); <\/script><script type=\"text\/javascript\"> toolTips('.classtoolTips96','Sergent<br\/><br\/>Sergeant'); <\/script><script type=\"text\/javascript\"> toolTips('.classtoolTips98','Colonel'); <\/script><script type=\"text\/javascript\"> toolTips('.classtoolTips110','Tu\u00e9 au combat<br\/><br\/>Killed In Action'); <\/script><script type=\"text\/javascript\"> toolTips('.classtoolTips115','Op\u00e9rateur Radio<br\/><br\/>Wireless Op\u00e9rator'); <\/script><script type=\"text\/javascript\"> toolTips('.classtoolTips117','Observateur<br\/><br\/>Oberver'); <\/script><script type=\"text\/javascript\"> toolTips('.classtoolTips127','D\u00e9c\u00e9d\u00e9 en Service A\u00e9rien Command\u00e9'); <\/script><script type=\"text\/javascript\"> toolTips('.classtoolTips144','Royal Corps of Signals'); <\/script><script type=\"text\/javascript\"> toolTips('.classtoolTips146','Royal Air Force'); <\/script><script type=\"text\/javascript\"> toolTips('.classtoolTips151','Pilote<br\/><br\/>Pilot'); <\/script><script type=\"text\/javascript\"> toolTips('.classtoolTips153','Porucznik'); <\/script><script type=\"text\/javascript\"> toolTips('.classtoolTips162','Telegraphist'); <\/script><script type=\"text\/javascript\"> toolTips('.classtoolTips182','Warrant Officer'); <\/script><script type=\"text\/javascript\"> toolTips('.classtoolTips183','Flight Sergeant'); <\/script><script type=\"text\/javascript\"> toolTips('.classtoolTips185','Mitrailleur<br\/><br\/>Air Gunner'); <\/script><script type=\"text\/javascript\"> toolTips('.classtoolTips188','Bombardier<br\/><br\/>Air bomber'); <\/script><script type=\"text\/javascript\"> toolTips('.classtoolTips189','M\u00e9canicien volant<br\/><br\/>Flying Enginer'); <\/script><script type=\"text\/javascript\"> toolTips('.classtoolTips193','Royal Navy'); <\/script><script type=\"text\/javascript\"> toolTips('.classtoolTips197','Aircraftman'); <\/script><script type=\"text\/javascript\"> toolTips('.classtoolTips199','Radio Officer'); <\/script><script type=\"text\/javascript\"> toolTips('.classtoolTips201','Lieutenant'); <\/script>","protected":false},"excerpt":{"rendered":"<p>\u00a0 Wellington W5414 PH- 12 Sqn Date : \u00a020 juillet 1942 Mission : \u00a0 Gardening : Larguage de mines sur les c\u00f4tes ouest de la France \u00a0 \u00a0 D\u00e9collage : \u00a0 Binbrook \u00e0 22:01 \u00a0 \u00a0 \u00a0 \u00a0 \u00a0 Causes de la perte : \u00a0 \u00a0 \u00a0 \u00a0 \u00a0 \u00a0 Lieu de la perte : [&hellip;]<\/p>\n","protected":false},"author":1,"featured_media":0,"parent":57,"menu_order":0,"comment_status":"closed","ping_status":"closed","template":"template-full-width Wellington.php","meta":{"_lmt_disableupdate":"yes","_lmt_disable":"","footnotes":""},"categories":[364],"tags":[508],"wf_page_folders":[3140],"class_list":["post-2840","page","type-page","status-publish","hentry","category-wellington","tag-12-squadron"],"_links":{"self":[{"href":"https:\/\/www.auzeau.fr\/39-45\/wp-json\/wp\/v2\/pages\/2840","targetHints":{"allow":["GET"]}}],"collection":[{"href":"https:\/\/www.auzeau.fr\/39-45\/wp-json\/wp\/v2\/pages"}],"about":[{"href":"https:\/\/www.auzeau.fr\/39-45\/wp-json\/wp\/v2\/types\/page"}],"author":[{"embeddable":true,"href":"https:\/\/www.auzeau.fr\/39-45\/wp-json\/wp\/v2\/users\/1"}],"replies":[{"embeddable":true,"href":"https:\/\/www.auzeau.fr\/39-45\/wp-json\/wp\/v2\/comments?post=2840"}],"version-history":[{"count":0,"href":"https:\/\/www.auzeau.fr\/39-45\/wp-json\/wp\/v2\/pages\/2840\/revisions"}],"up":[{"embeddable":true,"href":"https:\/\/www.auzeau.fr\/39-45\/wp-json\/wp\/v2\/pages\/57"}],"wp:attachment":[{"href":"https:\/\/www.auzeau.fr\/39-45\/wp-json\/wp\/v2\/media?parent=2840"}],"wp:term":[{"taxonomy":"category","embeddable":true,"href":"https:\/\/www.auzeau.fr\/39-45\/wp-json\/wp\/v2\/categories?post=2840"},{"taxonomy":"post_tag","embeddable":true,"href":"https:\/\/www.auzeau.fr\/39-45\/wp-json\/wp\/v2\/tags?post=2840"},{"taxonomy":"wf_page_folders","embeddable":true,"href":"https:\/\/www.auzeau.fr\/39-45\/wp-json\/wp\/v2\/wf_page_folders?post=2840"}],"curies":[{"name":"wp","href":"https:\/\/api.w.org\/{rel}","templated":true}]}}