{"id":113931,"date":"2025-12-01T16:23:10","date_gmt":"2025-12-01T15:23:10","guid":{"rendered":"https:\/\/www.auzeau.fr\/39-45\/?page_id=113931"},"modified":"2025-12-01T16:20:00","modified_gmt":"2025-12-01T15:20:00","slug":"59-lille-cimetiere-sud","status":"publish","type":"page","link":"https:\/\/www.auzeau.fr\/39-45\/france\/59-nord\/59-lille-cimetiere-sud\/","title":{"rendered":"59 &#8211; Lille cimeti\u00e8re sud"},"content":{"rendered":"<p><img fetchpriority=\"high\" decoding=\"async\" class=\"aligncenter wp-image-113901 size-full\" title=\"Forest-sur-Marque\" src=\"https:\/\/www.auzeau.fr\/39-45\/wp-content\/uploads\/Cimetieres\/31 -- 60\/59-Nord\/59 - Lille-sud\/Lille-Sud.webp\" alt=\"\" width=\"900\" height=\"513\" srcset=\"https:\/\/www.auzeau.fr\/39-45\/wp-content\/uploads\/Cimetieres\/31%20--%2060\/59-Nord\/59%20-%20Lille-sud\/Lille-Sud.webp 900w, https:\/\/www.auzeau.fr\/39-45\/wp-content\/uploads\/Cimetieres\/31%20--%2060\/59-Nord\/59%20-%20Lille-sud\/Lille-Sud-300x171.webp 300w, https:\/\/www.auzeau.fr\/39-45\/wp-content\/uploads\/Cimetieres\/31%20--%2060\/59-Nord\/59%20-%20Lille-sud\/Lille-Sud-768x438.webp 768w\" sizes=\"(max-width: 900px) 100vw, 900px\" \/><\/p>\n<table style=\"width: 100%;\" border=\"0\">\n<tbody>\n<tr>\n<td style=\"width: 5%;\"><\/td>\n<td style=\"width: 5%;\"><\/td>\n<td style=\"width: 2%;\"><\/td>\n<td style=\"width: 8%;\"><\/td>\n<td style=\"width: 5%;\"><\/td>\n<td style=\"width: 5%;\"><\/td>\n<td style=\"width: 5%;\"><\/td>\n<td style=\"width: 2%;\"><\/td>\n<td style=\"width: 8%;\"><\/td>\n<td style=\"width: 2%;\"><\/td>\n<td style=\"width: 5%;\"><\/td>\n<td style=\"width: 3%;\"><\/td>\n<td style=\"width: 5%;\"><\/td>\n<td style=\"width: 5%;\"><\/td>\n<td style=\"width: 5%;\"><\/td>\n<td style=\"width: 5%;\"><\/td>\n<td style=\"width: 5%;\"><\/td>\n<td style=\"width: 5%;\"><\/td>\n<td style=\"width: 5%;\"><\/td>\n<td style=\"width: 10%;\"><\/td>\n<\/tr>\n<tr>\n<td style=\"width: 75%;\" colspan=\"16\"><span style=\"font-size: xx-large;\"><strong><span style=\"color: #000000;\">Hurricane L1674 SW-<\/span><\/strong><\/span><\/td>\n<td style=\"width: 25%; text-align: center;\" colspan=\"4\"><span style=\"font-size: xx-large;\"><strong>253 Sqn<\/strong><\/span><\/td>\n<\/tr>\n<tr>\n<td style=\"width: 75%;\" colspan=\"16\"><\/td>\n<td style=\"width: 25%; text-align: center;\" colspan=\"4\"><\/td>\n<\/tr>\n<tr style=\"height: 40px;\">\n<td style=\"text-align: right; width: 5%;\"><\/td>\n<td style=\"text-align: right; width: 5%;\"><\/td>\n<td style=\"text-align: right; width: 2%;\"><\/td>\n<td style=\"text-align: right; width: 8%;\"><\/td>\n<td style=\"text-align: right; width: 5%;\"><\/td>\n<td style=\"text-align: right; width: 5%;\"><\/td>\n<td style=\"text-align: right; width: 5%;\"><\/td>\n<td style=\"text-align: right; width: 2%;\"><\/td>\n<td style=\"text-align: right; width: 8%;\"><\/td>\n<td style=\"text-align: right; width: 2%;\"><\/td>\n<td style=\"text-align: right; width: 5%;\"><\/td>\n<td style=\"text-align: right; width: 3%;\"><\/td>\n<td style=\"text-align: right; width: 5%;\"><\/td>\n<td style=\"text-align: right; width: 5%;\"><\/td>\n<td style=\"text-align: right; width: 5%;\"><\/td>\n<td style=\"text-align: right; width: 5%;\"><\/td>\n<td style=\"text-align: right; width: 5%;\"><\/td>\n<td style=\"text-align: right; width: 5%;\"><\/td>\n<td style=\"text-align: right; width: 5%;\"><\/td>\n<td style=\"text-align: right; width: 10%;\"><\/td>\n<\/tr>\n<tr>\n<td style=\"text-align: right; width: 5%;\"><\/td>\n<td style=\"text-align: right; width: 5%;\"><span style=\"font-size: 14px;\"><strong>Date<\/strong><\/span><\/td>\n<td style=\"width: 2%; text-align: center;\"><strong>:<\/strong><\/td>\n<td style=\"width: 13%; text-align: left;\" colspan=\"4\"><span style=\"font-size: 14px;\"><em>19 mai 1940<\/em><\/span><\/td>\n<td style=\"text-align: right; width: 2%;\"><\/td>\n<td style=\"text-align: right; width: 8%;\"><span style=\"font-size: 14px;\"><strong>Mission<\/strong><\/span><\/td>\n<td style=\"width: 2%; text-align: center;\"><strong><span style=\"font-size: 14px;\">:<\/span><\/strong><\/td>\n<td style=\"text-align: left; width: 53%;\" colspan=\"10\"><span style=\"font-size: 14px;\"><em>Patrouille secteur Cambrai \/ Le Cateau<\/em><\/span><\/td>\n<\/tr>\n<tr style=\"height: 40px;\">\n<td style=\"text-align: right; width: 5%;\"><\/td>\n<td style=\"text-align: right; width: 5%;\"><\/td>\n<td style=\"width: 2%; text-align: center;\"><\/td>\n<td style=\"width: 8%; text-align: left;\"><\/td>\n<td style=\"text-align: right; width: 5%;\"><\/td>\n<td style=\"text-align: right; width: 5%;\"><\/td>\n<td style=\"text-align: right; width: 5%;\"><\/td>\n<td style=\"text-align: right; width: 2%;\"><\/td>\n<td style=\"text-align: right; width: 8%;\"><\/td>\n<td style=\"width: 2%; text-align: center;\"><\/td>\n<td style=\"text-align: left; width: 5%;\"><\/td>\n<td style=\"text-align: left; width: 3%;\"><\/td>\n<td style=\"text-align: left; width: 5%;\"><\/td>\n<td style=\"text-align: left; width: 5%;\"><\/td>\n<td style=\"text-align: left; width: 5%;\"><\/td>\n<td style=\"text-align: left; width: 5%;\"><\/td>\n<td style=\"text-align: left; width: 5%;\"><\/td>\n<td style=\"text-align: left; width: 5%;\"><\/td>\n<td style=\"text-align: left; width: 5%;\"><\/td>\n<td style=\"text-align: left; width: 10%;\"><\/td>\n<\/tr>\n<tr style=\"height: 40px;\">\n<td style=\"text-align: right; width: 10%;\" colspan=\"2\"><\/td>\n<td style=\"width: 2%; text-align: center;\"><\/td>\n<td style=\"text-align: right; width: 23%;\" colspan=\"4\"><span style=\"font-size: 14px;\"><strong>D\u00e9collage<\/strong><\/span><\/td>\n<td style=\"width: 2%; text-align: center;\"><strong>:<\/strong><\/td>\n<td style=\"text-align: left; width: 63%;\" colspan=\"12\"><span style=\"font-size: 14px;\"><em>Kenley \u00e0 15:00<\/em><\/span><span style=\"font-size: 14px;\"><em><br \/>\n<\/em><\/span><\/td>\n<\/tr>\n<tr style=\"height: 40px;\">\n<td style=\"text-align: right; width: 10%;\" colspan=\"2\"><\/td>\n<td style=\"width: 2%; text-align: center;\"><\/td>\n<td style=\"text-align: right; width: 23%;\" colspan=\"4\"><span style=\"font-size: 14px;\"><strong>Causes de la perte<br \/>\n<\/strong><\/span><\/td>\n<td style=\"width: 2%; text-align: center;\"><strong>:<br \/>\n<\/strong><\/td>\n<td style=\"text-align: left; width: 63%;\" colspan=\"12\"><span style=\"font-size: 14px;\"><em>Abattu en combat a\u00e9rien<\/em><\/span><\/td>\n<\/tr>\n<tr style=\"height: 40px;\">\n<td style=\"text-align: right; width: 10%;\" colspan=\"2\"><\/td>\n<td style=\"width: 2%; text-align: center;\"><\/td>\n<td style=\"text-align: right; width: 23%;\" colspan=\"4\"><span style=\"font-size: 14px;\"><strong>Lieu de la perte<br \/>\n<\/strong><\/span><\/td>\n<td style=\"width: 2%; text-align: center;\"><strong>:<br \/>\n<\/strong><\/td>\n<td style=\"text-align: left; width: 63%;\" colspan=\"12\"><span style=\"font-size: 14px;\"><em>vers Lille (59)<\/em><\/span><\/td>\n<\/tr>\n<tr style=\"height: 40px;\">\n<td style=\"width: 5%;\"><\/td>\n<td style=\"width: 5%;\"><\/td>\n<td style=\"width: 2%; text-align: center;\"><\/td>\n<td style=\"text-align: right; width: 8%;\"><\/td>\n<td style=\"text-align: right; width: 5%;\"><\/td>\n<td style=\"text-align: right; width: 5%;\"><\/td>\n<td style=\"text-align: right; width: 5%;\"><\/td>\n<td style=\"width: 2%; text-align: center;\"><\/td>\n<td style=\"text-align: left; width: 8%;\"><\/td>\n<td style=\"text-align: left; width: 2%;\"><\/td>\n<td style=\"text-align: left; width: 5%;\"><\/td>\n<td style=\"text-align: left; width: 3%;\"><\/td>\n<td style=\"text-align: left; width: 5%;\"><\/td>\n<td style=\"text-align: left; width: 5%;\"><\/td>\n<td style=\"text-align: left; width: 5%;\"><\/td>\n<td style=\"text-align: left; width: 5%;\"><\/td>\n<td style=\"text-align: left; width: 5%;\"><\/td>\n<td style=\"text-align: left; width: 5%;\"><\/td>\n<td style=\"text-align: left; width: 5%;\"><\/td>\n<td style=\"text-align: left; width: 10%;\"><\/td>\n<\/tr>\n<tr style=\"height: 60px;\">\n<td style=\"width: 5%;\"><img decoding=\"async\" class=\"aligncenter size-full wp-image-47215\" title=\"Royaume-Uni\" src=\"https:\/\/www.auzeau.fr\/39-45\/wp-content\/uploads\/images\/Drapeaux\/Angleterre.png\" alt=\"Royaume Uni\" width=\"40\" height=\"20\" \/><\/td>\n<td style=\"width: 5%;\"><span class='tooltipsall tooltipsincontent classtoolTips12'>Plt Off<\/span><\/td>\n<td style=\"text-align: left;\" colspan=\"5\">Frederick William<\/td>\n<td style=\"text-align: left;\" colspan=\"3\"><span style=\"color: #000000;\"><strong>RATFORD<\/strong><\/span><\/td>\n<td style=\"text-align: center;\" colspan=\"2\"><span class='tooltipsall tooltipsincontent classtoolTips151'>Pil<\/span><\/td>\n<td style=\"width: 5%; text-align: center;\"><span class='tooltipsall tooltipsincontent classtoolTips146'>RAF<\/span><\/td>\n<td style=\"text-align: center;\" colspan=\"2\">41951<\/td>\n<td style=\"width: 5%; text-align: center;\"><span style=\"color: #000000;\"><strong><span class='tooltipsall tooltipsincontent classtoolTips110'>KIA<\/span><\/strong><\/span><\/td>\n<td style=\"text-align: left;\" colspan=\"4\"><\/td>\n<\/tr>\n<\/tbody>\n<\/table>\n<div id='gallery-1' class='gallery galleryid-113931 gallery-columns-1 gallery-size-thumbnail'><figure class='gallery-item'>\n\t\t\t<div class='gallery-icon portrait'>\n\t\t\t\t<a title=\"Anderson\"  title=\"Anderson\"  href='https:\/\/www.auzeau.fr\/39-45\/wp-content\/uploads\/Cimetieres\/31%20--%2060\/59-Nord\/59%20-%20Lille-sud\/L1674\/Anderson.webp'><img decoding=\"async\" width=\"150\" height=\"150\" src=\"https:\/\/www.auzeau.fr\/39-45\/wp-content\/uploads\/Cimetieres\/31 -- 60\/59-Nord\/59 - Lille-sud\/L1674\/Anderson-150x150.webp\" class=\"attachment-thumbnail size-thumbnail\" alt=\"\" srcset=\"https:\/\/www.auzeau.fr\/39-45\/wp-content\/uploads\/Cimetieres\/31%20--%2060\/59-Nord\/59%20-%20Lille-sud\/L1674\/Anderson-150x150.webp 150w, https:\/\/www.auzeau.fr\/39-45\/wp-content\/uploads\/Cimetieres\/31%20--%2060\/59-Nord\/59%20-%20Lille-sud\/L1674\/Anderson-50x50.webp 50w\" sizes=\"(max-width: 150px) 100vw, 150px\" \/><\/a>\n\t\t\t<\/div><\/figure>\n\t\t<\/div>\n\n<table style=\"width: 100%; border-collapse: collapse; background-color: #dcdcdc;\">\n<tbody>\n<tr>\n<td style=\"width: 100%;\"><ul id=\"menu-59-lille-sud\" class=\"menu\"><li id=\"menu-item-114140\" class=\"menu-item menu-item-type-post_type menu-item-object-page menu-item-114140\"><a href=\"https:\/\/www.auzeau.fr\/39-45\/france\/59-nord\/59-lille-cimetiere-sud\/\">Hurricane L1674<\/a><\/li>\n<li id=\"menu-item-114149\" class=\"menu-item menu-item-type-post_type menu-item-object-page menu-item-114149\"><a href=\"https:\/\/www.auzeau.fr\/39-45\/france\/59-nord\/59-lille-cimetiere-sud-2\/\">Hurricane Z3582<\/a><\/li>\n<li id=\"menu-item-114148\" class=\"menu-item menu-item-type-post_type menu-item-object-page menu-item-114148\"><a href=\"https:\/\/www.auzeau.fr\/39-45\/france\/59-nord\/59-lille-cimetiere-sud-3\/\">Halifax W1047<\/a><\/li>\n<li id=\"menu-item-114147\" class=\"menu-item menu-item-type-post_type menu-item-object-page menu-item-114147\"><a href=\"https:\/\/www.auzeau.fr\/39-45\/france\/59-nord\/59-lille-cimetiere-sud-4\/\">Mosquito DZ416<\/a><\/li>\n<li id=\"menu-item-114146\" class=\"menu-item menu-item-type-post_type menu-item-object-page menu-item-114146\"><a href=\"https:\/\/www.auzeau.fr\/39-45\/france\/59-nord\/59-lille-cimetiere-sud-5\/\">Mosquito DZ522<\/a><\/li>\n<li id=\"menu-item-114145\" class=\"menu-item menu-item-type-post_type menu-item-object-page menu-item-114145\"><a href=\"https:\/\/www.auzeau.fr\/39-45\/france\/59-nord\/59-lille-cimetiere-sud-6\/\">Spitfire MH721<\/a><\/li>\n<li id=\"menu-item-114144\" class=\"menu-item menu-item-type-post_type menu-item-object-page menu-item-114144\"><a href=\"https:\/\/www.auzeau.fr\/39-45\/france\/59-nord\/59-lille-cimetiere-sud-7\/\">Spitfire PA899<\/a><\/li>\n<li id=\"menu-item-114143\" class=\"menu-item menu-item-type-post_type menu-item-object-page menu-item-114143\"><a href=\"https:\/\/www.auzeau.fr\/39-45\/france\/59-nord\/59-lille-cimetiere-sud-8\/\">Mosquito HR187<\/a><\/li>\n<li id=\"menu-item-114142\" class=\"menu-item menu-item-type-post_type menu-item-object-page menu-item-114142\"><a href=\"https:\/\/www.auzeau.fr\/39-45\/france\/59-nord\/59-lille-cimetiere-sud-9\/\">Halifax MZ820<\/a><\/li>\n<li id=\"menu-item-114141\" class=\"menu-item menu-item-type-post_type menu-item-object-page menu-item-114141\"><a href=\"https:\/\/www.auzeau.fr\/39-45\/france\/59-nord\/59-lille-cimetiere-sud-10\/\">Lancaster HK617<\/a><\/li>\n<li id=\"menu-item-114150\" class=\"menu-item menu-item-type-post_type menu-item-object-page menu-item-114150\"><a href=\"https:\/\/www.auzeau.fr\/39-45\/france\/59-nord\/59-lille-cimetiere-sud-11\/\">Lancaster PP673<\/a><\/li>\n<\/ul><\/td>\n<\/tr>\n<\/tbody>\n<\/table>\n<hr \/>\n<p style=\"text-align: center;\"><ul id=\"menu-59-nord\" class=\"menu\"><li id=\"menu-item-113686\" class=\"menu-item menu-item-type-post_type menu-item-object-page menu-item-113686\"><a href=\"https:\/\/www.auzeau.fr\/39-45\/france\/59-nord\/59-armentieres-cite-bonjean-military-cemetery\/\">59 \u2013 Armenti\u00e8res Cite Bonjean Military Cemetery<\/a><\/li>\n<li id=\"menu-item-113688\" class=\"menu-item menu-item-type-post_type menu-item-object-page menu-item-113688\"><a href=\"https:\/\/www.auzeau.fr\/39-45\/france\/59-nord\/59-avelin-cimetiere-dennetieres\/\">59 \u2013 Avelin cimeti\u00e8re d\u2019Enneti\u00e8res<\/a><\/li>\n<li id=\"menu-item-56156\" class=\"menu-item menu-item-type-post_type menu-item-object-page menu-item-56156\"><a href=\"https:\/\/www.auzeau.fr\/39-45\/france\/59-nord\/59-avesnes-les-aubert\/\">59 \u2013 Avesnes-les-Aubert<\/a><\/li>\n<li id=\"menu-item-56157\" class=\"menu-item menu-item-type-post_type menu-item-object-page menu-item-56157\"><a href=\"https:\/\/www.auzeau.fr\/39-45\/france\/59-nord\/59-avesnes-sur-helpe\/\">59 \u2013 Avesnes-sur-Helpe<\/a><\/li>\n<li id=\"menu-item-113683\" class=\"menu-item menu-item-type-post_type menu-item-object-page menu-item-113683\"><a href=\"https:\/\/www.auzeau.fr\/39-45\/france\/59-nord\/59-bachy\/\">59 \u2013 Bachy<\/a><\/li>\n<li id=\"menu-item-101547\" class=\"menu-item menu-item-type-post_type menu-item-object-page menu-item-101547\"><a href=\"https:\/\/www.auzeau.fr\/39-45\/france\/59-nord\/59-bailleul\/\">59 \u2013 Bailleul<\/a><\/li>\n<li id=\"menu-item-113689\" class=\"menu-item menu-item-type-post_type menu-item-object-page menu-item-113689\"><a href=\"https:\/\/www.auzeau.fr\/39-45\/france\/59-nord\/59-bersee\/\">59 \u2013 Bers\u00e9e<\/a><\/li>\n<li id=\"menu-item-101548\" class=\"menu-item menu-item-type-post_type menu-item-object-page menu-item-101548\"><a href=\"https:\/\/www.auzeau.fr\/39-45\/france\/59-nord\/59-bethune-cimetiere-nord\/\">59 \u2013 B\u00e9thune Cimeti\u00e8re Nord<\/a><\/li>\n<li id=\"menu-item-113690\" class=\"menu-item menu-item-type-post_type menu-item-object-page menu-item-113690\"><a href=\"https:\/\/www.auzeau.fr\/39-45\/france\/59-nord\/59-borre-british-cemetery\/\">59 \u2013 Borre British Cemetery<\/a><\/li>\n<li id=\"menu-item-101942\" class=\"menu-item menu-item-type-post_type menu-item-object-page menu-item-101942\"><a href=\"https:\/\/www.auzeau.fr\/39-45\/france\/59-nord\/59-busigny\/\">59 \u2013 Busigny<\/a><\/li>\n<li id=\"menu-item-56158\" class=\"menu-item menu-item-type-post_type menu-item-object-page menu-item-56158\"><a href=\"https:\/\/www.auzeau.fr\/39-45\/france\/59-nord\/59-cambrai\/\">59 \u2013 Cambrai<\/a><\/li>\n<li id=\"menu-item-56159\" class=\"menu-item menu-item-type-post_type menu-item-object-page menu-item-56159\"><a href=\"https:\/\/www.auzeau.fr\/39-45\/france\/59-nord\/59-crevecoeur-sur-lescaut\/\">59 \u2013 Crevecoeur-sur-l\u2019Escaut<\/a><\/li>\n<li id=\"menu-item-114062\" class=\"menu-item menu-item-type-post_type menu-item-object-page menu-item-114062\"><a href=\"https:\/\/www.auzeau.fr\/39-45\/france\/59-nord\/59-croix\/\">59 \u2013 Croix<\/a><\/li>\n<li id=\"menu-item-114059\" class=\"menu-item menu-item-type-post_type menu-item-object-page menu-item-114059\"><a href=\"https:\/\/www.auzeau.fr\/39-45\/france\/59-nord\/59-cysoing\/\">59 \u2013 Cysoing<\/a><\/li>\n<li id=\"menu-item-114061\" class=\"menu-item menu-item-type-post_type menu-item-object-page menu-item-114061\"><a href=\"https:\/\/www.auzeau.fr\/39-45\/france\/59-nord\/59-faumont\/\">59 \u2013 Faumont<\/a><\/li>\n<li id=\"menu-item-114060\" class=\"menu-item menu-item-type-post_type menu-item-object-page menu-item-114060\"><a href=\"https:\/\/www.auzeau.fr\/39-45\/france\/59-nord\/59-forest-sur-marque\/\">59 \u2013 Forest-sur-Marque<\/a><\/li>\n<li id=\"menu-item-56160\" class=\"menu-item menu-item-type-post_type menu-item-object-page menu-item-56160\"><a href=\"https:\/\/www.auzeau.fr\/39-45\/france\/59-nord\/59-fourmies\/\">59 \u2013 Fourmies<\/a><\/li>\n<li id=\"menu-item-114102\" class=\"menu-item menu-item-type-post_type menu-item-object-page menu-item-114102\"><a href=\"https:\/\/www.auzeau.fr\/39-45\/france\/59-nord\/59-fretin\/\">59 \u2013 Fretin<\/a><\/li>\n<li id=\"menu-item-56161\" class=\"menu-item menu-item-type-post_type menu-item-object-page menu-item-56161\"><a href=\"https:\/\/www.auzeau.fr\/39-45\/france\/59-nord\/59-gonnelieu\/\">59 \u2013 Gonnelieu<\/a><\/li>\n<li id=\"menu-item-114110\" class=\"menu-item menu-item-type-post_type menu-item-object-page menu-item-114110\"><a href=\"https:\/\/www.auzeau.fr\/39-45\/france\/59-nord\/59-haubourdin-necropole-nationale\/\">59 \u2013 Haubourdin n\u00e9cropole nationale<\/a><\/li>\n<li id=\"menu-item-56162\" class=\"menu-item menu-item-type-post_type menu-item-object-page menu-item-56162\"><a href=\"https:\/\/www.auzeau.fr\/39-45\/france\/59-nord\/59-haveluy\/\">59 \u2013 Haveluy<\/a><\/li>\n<li id=\"menu-item-114105\" class=\"menu-item menu-item-type-post_type menu-item-object-page menu-item-114105\"><a href=\"https:\/\/www.auzeau.fr\/39-45\/france\/59-nord\/59-haverskerque-british-cemetery\/\">59 \u2013 Haverskerque British Cemetery<\/a><\/li>\n<li id=\"menu-item-56163\" class=\"menu-item menu-item-type-post_type menu-item-object-page menu-item-56163\"><a href=\"https:\/\/www.auzeau.fr\/39-45\/france\/59-nord\/59-iwuy\/\">59 \u2013 Iwuy<\/a><\/li>\n<li id=\"menu-item-56164\" class=\"menu-item menu-item-type-post_type menu-item-object-page menu-item-56164\"><a href=\"https:\/\/www.auzeau.fr\/39-45\/france\/59-nord\/59-landrecies\/\">59 \u2013 Landrecies<\/a><\/li>\n<li id=\"menu-item-113889\" class=\"menu-item menu-item-type-post_type menu-item-object-page menu-item-113889\"><a href=\"https:\/\/www.auzeau.fr\/39-45\/france\/59-nord\/59-lesquin\/\">59 \u2013 Lesquin<\/a><\/li>\n<li id=\"menu-item-114104\" class=\"menu-item menu-item-type-post_type menu-item-object-page menu-item-114104\"><a href=\"https:\/\/www.auzeau.fr\/39-45\/france\/59-nord\/59-lezennes\/\">59 \u2013 Lezennes<\/a><\/li>\n<li id=\"menu-item-114339\" class=\"menu-item menu-item-type-post_type menu-item-object-page menu-item-114339\"><a href=\"https:\/\/www.auzeau.fr\/39-45\/france\/59-nord\/59-lille-cimetiere-dhellemmes\/\">59 \u2013 Lille cimeti\u00e8re d\u2019Hellemmes<\/a><\/li>\n<li id=\"menu-item-114138\" class=\"menu-item menu-item-type-post_type menu-item-object-page menu-item-114138\"><a href=\"https:\/\/www.auzeau.fr\/39-45\/france\/59-nord\/59-lille-cimetiere-sud\/\">59 \u2013 Lille cimeti\u00e8re sud<\/a><\/li>\n<li id=\"menu-item-114346\" class=\"menu-item menu-item-type-post_type menu-item-object-page menu-item-114346\"><a href=\"https:\/\/www.auzeau.fr\/39-45\/france\/59-nord\/59-lomme\/\">59 \u2013 Lomme<\/a><\/li>\n<li id=\"menu-item-56165\" class=\"menu-item menu-item-type-post_type menu-item-object-page menu-item-56165\"><a href=\"https:\/\/www.auzeau.fr\/39-45\/france\/59-nord\/59-maubeuge\/\">59 \u2013 Maubeuge<\/a><\/li>\n<li id=\"menu-item-114224\" class=\"menu-item menu-item-type-post_type menu-item-object-page menu-item-114224\"><a href=\"https:\/\/www.auzeau.fr\/39-45\/france\/59-nord\/59-merville-communal-cemetery-extension\/\">59 \u2013 Merville Communal Cemetery Extension<\/a><\/li>\n<li id=\"menu-item-56166\" class=\"menu-item menu-item-type-post_type menu-item-object-page menu-item-56166\"><a href=\"https:\/\/www.auzeau.fr\/39-45\/france\/59-nord\/59-neuvilly\/\">59 \u2013 Neuvilly<\/a><\/li>\n<li id=\"menu-item-56167\" class=\"menu-item menu-item-type-post_type menu-item-object-page menu-item-56167\"><a href=\"https:\/\/www.auzeau.fr\/39-45\/france\/59-nord\/59-noyelles-sur-selle\/\">59 \u2013 Noyelles-sur-Selle<\/a><\/li>\n<li id=\"menu-item-56168\" class=\"menu-item menu-item-type-post_type menu-item-object-page menu-item-56168\"><a href=\"https:\/\/www.auzeau.fr\/39-45\/france\/59-nord\/59-poix-du-nord\/\">59 \u2013 Poix-du-Nord<\/a><\/li>\n<li id=\"menu-item-56169\" class=\"menu-item menu-item-type-post_type menu-item-object-page menu-item-56169\"><a href=\"https:\/\/www.auzeau.fr\/39-45\/france\/59-nord\/59-preux-au-bois\/\">59 \u2013 Preux-au-Bois<\/a><\/li>\n<li id=\"menu-item-102852\" class=\"menu-item menu-item-type-post_type menu-item-object-page menu-item-102852\"><a href=\"https:\/\/www.auzeau.fr\/39-45\/france\/59-nord\/59-rexpoede\/\">59 \u2013 Rexpo\u00ebde<\/a><\/li>\n<li id=\"menu-item-56170\" class=\"menu-item menu-item-type-post_type menu-item-object-page menu-item-56170\"><a href=\"https:\/\/www.auzeau.fr\/39-45\/france\/59-nord\/59-rieux-en-cambresis\/\">59 \u2013 Rieux-en-Cambresis<\/a><\/li>\n<li id=\"menu-item-114345\" class=\"menu-item menu-item-type-post_type menu-item-object-page menu-item-114345\"><a href=\"https:\/\/www.auzeau.fr\/39-45\/france\/59-nord\/59-saint-andre\/\">59 \u2013 Saint-Andr\u00e9<\/a><\/li>\n<li id=\"menu-item-56171\" class=\"menu-item menu-item-type-post_type menu-item-object-page menu-item-56171\"><a href=\"https:\/\/www.auzeau.fr\/39-45\/france\/59-nord\/59-seranvillers-forenville-military-cemetery\/\">59 \u2013 Seranvillers-Forenville Military Cemetery<\/a><\/li>\n<li id=\"menu-item-56172\" class=\"menu-item menu-item-type-post_type menu-item-object-page menu-item-56172\"><a href=\"https:\/\/www.auzeau.fr\/39-45\/france\/59-nord\/59-tilloy-les-cambrai-canadian-cemetery\/\">59 \u2013 Tilloy-les-Cambrai Canadian Cemetery<\/a><\/li>\n<li id=\"menu-item-114475\" class=\"menu-item menu-item-type-post_type menu-item-object-page menu-item-114475\"><a href=\"https:\/\/www.auzeau.fr\/39-45\/france\/59-nord\/59-tourcoing\/\">59 \u2013 Tourcoing<\/a><\/li>\n<li id=\"menu-item-56173\" class=\"menu-item menu-item-type-post_type menu-item-object-page menu-item-56173\"><a href=\"https:\/\/www.auzeau.fr\/39-45\/france\/59-nord\/59-valenciennes-cimetiere-saint-roch\/\">59 \u2013 Valenciennes Cimeti\u00e8re Saint Roch<\/a><\/li>\n<li id=\"menu-item-114347\" class=\"menu-item menu-item-type-post_type menu-item-object-page menu-item-114347\"><a href=\"https:\/\/www.auzeau.fr\/39-45\/france\/59-nord\/59-vieux-berquin\/\">59 \u2013 Vieux-Berquin<\/a><\/li>\n<li id=\"menu-item-114476\" class=\"menu-item menu-item-type-post_type menu-item-object-page menu-item-114476\"><a href=\"https:\/\/www.auzeau.fr\/39-45\/france\/59-nord\/59-villeneuve-dascq\/\">59 \u2013 Villeneuve d\u2019Ascq<\/a><\/li>\n<\/ul>\n<div class=\"notranslate\" style=\"all: initial;\"><\/div>\n<div class=\"notranslate\" style=\"all: initial;\"><\/div>\n<div class=\"notranslate\" style=\"all: initial;\"><\/div>\n<script type=\"text\/javascript\"> toolTips('.classtoolTips12','Pilot Officer'); <\/script><script type=\"text\/javascript\"> toolTips('.classtoolTips98','Colonel'); <\/script><script type=\"text\/javascript\"> toolTips('.classtoolTips110','Tu\u00e9 au combat<br\/><br\/>Killed In Action'); <\/script><script type=\"text\/javascript\"> toolTips('.classtoolTips118','Canonnier'); <\/script><script type=\"text\/javascript\"> toolTips('.classtoolTips123','Secret Intelligence Service<br\/><br\/>Service Secret'); <\/script><script type=\"text\/javascript\"> toolTips('.classtoolTips139','Section de Liaison A\u00e9rienne'); <\/script><script type=\"text\/javascript\"> toolTips('.classtoolTips144','Royal Corps of Signals'); <\/script><script type=\"text\/javascript\"> toolTips('.classtoolTips146','Royal Air Force'); <\/script><script type=\"text\/javascript\"> toolTips('.classtoolTips151','Pilote<br\/><br\/>Pilot'); <\/script><script type=\"text\/javascript\"> toolTips('.classtoolTips153','Porucznik'); <\/script><script type=\"text\/javascript\"> toolTips('.classtoolTips159','Signalman'); <\/script><script type=\"text\/javascript\"> toolTips('.classtoolTips185','Mitrailleur<br\/><br\/>Air Gunner'); <\/script><script type=\"text\/javascript\"> toolTips('.classtoolTips187','Zone de parachutage<br\/><br\/>Dropping Zone'); <\/script><script type=\"text\/javascript\"> toolTips('.classtoolTips188','Bombardier<br\/><br\/>Air bomber'); <\/script><script type=\"text\/javascript\"> toolTips('.classtoolTips189','M\u00e9canicien volant<br\/><br\/>Flying Enginer'); <\/script><script type=\"text\/javascript\"> toolTips('.classtoolTips195','Enseigne de Vaisseau'); <\/script><script type=\"text\/javascript\"> toolTips('.classtoolTips197','Aircraftman'); <\/script><script type=\"text\/javascript\"> toolTips('.classtoolTips199','Radio Officer'); <\/script><script type=\"text\/javascript\"> toolTips('.classtoolTips201','Lieutenant'); <\/script>","protected":false},"excerpt":{"rendered":"<p>Hurricane L1674 SW- 253 Sqn Date : 19 mai 1940 Mission : Patrouille secteur Cambrai \/ Le Cateau D\u00e9collage : Kenley \u00e0 15:00 Causes de la perte : Abattu en combat a\u00e9rien Lieu de la perte : vers Lille (59) Plt Off Frederick William RATFORD Pil RAF 41951 KIA<\/p>\n","protected":false},"author":1,"featured_media":0,"parent":91,"menu_order":0,"comment_status":"closed","ping_status":"closed","template":"template-full-width Hurricane.php","meta":{"_lmt_disableupdate":"yes","_lmt_disable":"","footnotes":""},"categories":[525],"tags":[1964],"wf_page_folders":[3122],"class_list":["post-113931","page","type-page","status-publish","hentry","category-hurricane","tag-253-squadron"],"_links":{"self":[{"href":"https:\/\/www.auzeau.fr\/39-45\/wp-json\/wp\/v2\/pages\/113931","targetHints":{"allow":["GET"]}}],"collection":[{"href":"https:\/\/www.auzeau.fr\/39-45\/wp-json\/wp\/v2\/pages"}],"about":[{"href":"https:\/\/www.auzeau.fr\/39-45\/wp-json\/wp\/v2\/types\/page"}],"author":[{"embeddable":true,"href":"https:\/\/www.auzeau.fr\/39-45\/wp-json\/wp\/v2\/users\/1"}],"replies":[{"embeddable":true,"href":"https:\/\/www.auzeau.fr\/39-45\/wp-json\/wp\/v2\/comments?post=113931"}],"version-history":[{"count":0,"href":"https:\/\/www.auzeau.fr\/39-45\/wp-json\/wp\/v2\/pages\/113931\/revisions"}],"up":[{"embeddable":true,"href":"https:\/\/www.auzeau.fr\/39-45\/wp-json\/wp\/v2\/pages\/91"}],"wp:attachment":[{"href":"https:\/\/www.auzeau.fr\/39-45\/wp-json\/wp\/v2\/media?parent=113931"}],"wp:term":[{"taxonomy":"category","embeddable":true,"href":"https:\/\/www.auzeau.fr\/39-45\/wp-json\/wp\/v2\/categories?post=113931"},{"taxonomy":"post_tag","embeddable":true,"href":"https:\/\/www.auzeau.fr\/39-45\/wp-json\/wp\/v2\/tags?post=113931"},{"taxonomy":"wf_page_folders","embeddable":true,"href":"https:\/\/www.auzeau.fr\/39-45\/wp-json\/wp\/v2\/wf_page_folders?post=113931"}],"curies":[{"name":"wp","href":"https:\/\/api.w.org\/{rel}","templated":true}]}}