{"id":113670,"date":"2025-10-01T09:18:55","date_gmt":"2025-10-01T07:18:55","guid":{"rendered":"https:\/\/www.auzeau.fr\/39-45\/?page_id=113670"},"modified":"2025-10-01T09:00:00","modified_gmt":"2025-10-01T07:00:00","slug":"59-bachy","status":"publish","type":"page","link":"https:\/\/www.auzeau.fr\/39-45\/france\/59-nord\/59-bachy\/","title":{"rendered":"59 &#8211; Bachy"},"content":{"rendered":"<p><img fetchpriority=\"high\" decoding=\"async\" class=\"aligncenter size-full wp-image-113669\" title=\"Bachy\" src=\"https:\/\/www.auzeau.fr\/39-45\/wp-content\/uploads\/Cimetieres\/31%20--%2060\/59-Nord\/59%20-%20Bachy\/Bachy.webp\" alt=\"\" width=\"900\" height=\"430\" \/><\/p>\n<table>\n<tbody>\n<tr>\n<td style=\"width: 5%;\"><\/td>\n<td style=\"width: 5%;\"><\/td>\n<td style=\"width: 2%;\"><\/td>\n<td style=\"width: 8%;\"><\/td>\n<td style=\"width: 5%;\"><\/td>\n<td style=\"width: 5%;\"><\/td>\n<td style=\"width: 5%;\"><\/td>\n<td style=\"width: 2%;\"><\/td>\n<td style=\"width: 8%;\"><\/td>\n<td style=\"width: 2%;\"><\/td>\n<td style=\"width: 5%;\"><\/td>\n<td style=\"width: 3%;\"><\/td>\n<td style=\"width: 5%;\"><\/td>\n<td style=\"width: 5%;\"><\/td>\n<td style=\"width: 5%;\"><\/td>\n<td style=\"width: 5%;\"><\/td>\n<td style=\"width: 5%;\"><\/td>\n<td style=\"width: 5%;\"><\/td>\n<td style=\"width: 5%;\"><\/td>\n<td style=\"width: 10%;\"><\/td>\n<\/tr>\n<tr>\n<td style=\"width: 75%;\" colspan=\"16\"><span style=\"font-size: xx-large;\"><strong><span style=\"color: #000000;\">Hurricane\u00a0<\/span><\/strong><\/span><\/td>\n<td style=\"width: 25%; text-align: center;\" colspan=\"4\"><span style=\"font-size: xx-large;\"><strong>Sqn<\/strong><\/span><\/td>\n<\/tr>\n<tr>\n<td style=\"width: 75%;\" colspan=\"20\">Durant plusieurs ann\u00e9es la s\u00e9pulture pr\u00e9sente dans le cimeti\u00e8re de Bachy portait le nom du <strong><span style=\"color: #000000;\">Squadron Leader George Marley FIDLER<\/span><\/strong> (34219) pilote de l&#8217; Hurricane P3535 AF-P abattu en combat a\u00e9rien le 19 mai 1940 et suppos\u00e9 \u00eatre tomb\u00e9 \u00e0 la ferme Marchand \u00e0 Bachy.<\/p>\n<p>En 2005 des fouilles effectu\u00e9es sur le site permettent de mettre \u00e0 jour les vestiges d&#8217;un Hurricane qui s&#8217;av\u00e8re \u00eatre l&#8217;Hurricane P2687 du 87 squadron pilot\u00e9 par <span style=\"color: #000000;\"><strong>Flying Officer James Murray STRICKLAND DFC<\/strong><\/span>\u00a0 (89581) abattu le m\u00eame jour.<\/p>\n<p>En 2005 \u00e9galement des morceaux d&#8217;un Hurricane ont \u00e9t\u00e9 retrouv\u00e9s \u00e0 Oisy-le-Verger \u00e0 plus de 30 Km SSW \u00e0 vol d&#8217;oiseau de Bachy.<\/p>\n<p>Ces pi\u00e8ces retrouv\u00e9es loin de Bachy portent le num\u00e9ro de s\u00e9rie de l&#8217;avion de Squadron Leader G.M. Fidler.<\/p>\n<p>A ce jour l&#8217;aviateur inhum\u00e9 \u00e0 Bachy reste donc inconnu.<\/td>\n<\/tr>\n<\/tbody>\n<\/table>\n<div id='gallery-1' class='gallery galleryid-113670 gallery-columns-3 gallery-size-thumbnail'><figure class='gallery-item'>\n\t\t\t<div class='gallery-icon portrait'>\n\t\t\t\t<a title=\"Airman\"  title=\"Airman\"  href='https:\/\/www.auzeau.fr\/39-45\/wp-content\/uploads\/Cimetieres\/31%20--%2060\/59-Nord\/59%20-%20Bachy\/Airman-2.webp'><img decoding=\"async\" width=\"150\" height=\"150\" src=\"https:\/\/www.auzeau.fr\/39-45\/wp-content\/uploads\/Cimetieres\/31 -- 60\/59-Nord\/59 - Bachy\/Airman-2-150x150.webp\" class=\"attachment-thumbnail size-thumbnail\" alt=\"\" srcset=\"https:\/\/www.auzeau.fr\/39-45\/wp-content\/uploads\/Cimetieres\/31%20--%2060\/59-Nord\/59%20-%20Bachy\/Airman-2-150x150.webp 150w, https:\/\/www.auzeau.fr\/39-45\/wp-content\/uploads\/Cimetieres\/31%20--%2060\/59-Nord\/59%20-%20Bachy\/Airman-2-50x50.webp 50w\" sizes=\"(max-width: 150px) 100vw, 150px\" \/><\/a>\n\t\t\t<\/div><\/figure><figure class='gallery-item'>\n\t\t\t<div class='gallery-icon portrait'>\n\t\t\t\t<a title=\"Airman\"  title=\"Airman\"  href='https:\/\/www.auzeau.fr\/39-45\/wp-content\/uploads\/Cimetieres\/31%20--%2060\/59-Nord\/59%20-%20Bachy\/Airman.webp'><img decoding=\"async\" width=\"150\" height=\"150\" src=\"https:\/\/www.auzeau.fr\/39-45\/wp-content\/uploads\/Cimetieres\/31 -- 60\/59-Nord\/59 - Bachy\/Airman-150x150.webp\" class=\"attachment-thumbnail size-thumbnail\" alt=\"\" srcset=\"https:\/\/www.auzeau.fr\/39-45\/wp-content\/uploads\/Cimetieres\/31%20--%2060\/59-Nord\/59%20-%20Bachy\/Airman-150x150.webp 150w, https:\/\/www.auzeau.fr\/39-45\/wp-content\/uploads\/Cimetieres\/31%20--%2060\/59-Nord\/59%20-%20Bachy\/Airman-50x50.webp 50w\" sizes=\"(max-width: 150px) 100vw, 150px\" \/><\/a>\n\t\t\t<\/div><\/figure><figure class='gallery-item'>\n\t\t\t<div class='gallery-icon portrait'>\n\t\t\t\t<a title=\"Plaque\"  title=\"Plaque\"  href='https:\/\/www.auzeau.fr\/39-45\/wp-content\/uploads\/Cimetieres\/31%20--%2060\/59-Nord\/59%20-%20Bachy\/Plaque.webp'><img loading=\"lazy\" decoding=\"async\" width=\"150\" height=\"150\" src=\"https:\/\/www.auzeau.fr\/39-45\/wp-content\/uploads\/Cimetieres\/31 -- 60\/59-Nord\/59 - Bachy\/Plaque-150x150.webp\" class=\"attachment-thumbnail size-thumbnail\" alt=\"\" srcset=\"https:\/\/www.auzeau.fr\/39-45\/wp-content\/uploads\/Cimetieres\/31%20--%2060\/59-Nord\/59%20-%20Bachy\/Plaque-150x150.webp 150w, https:\/\/www.auzeau.fr\/39-45\/wp-content\/uploads\/Cimetieres\/31%20--%2060\/59-Nord\/59%20-%20Bachy\/Plaque-50x50.webp 50w\" sizes=\"(max-width: 150px) 100vw, 150px\" \/><\/a>\n\t\t\t<\/div><\/figure>\n\t\t<\/div>\n\n<hr \/>\n<p style=\"text-align: center;\"><ul id=\"menu-59-nord\" class=\"menu\"><li id=\"menu-item-113686\" class=\"menu-item menu-item-type-post_type menu-item-object-page menu-item-113686\"><a href=\"https:\/\/www.auzeau.fr\/39-45\/france\/59-nord\/59-armentieres-cite-bonjean-military-cemetery\/\">59 \u2013 Armenti\u00e8res Cite Bonjean Military Cemetery<\/a><\/li>\n<li id=\"menu-item-113688\" class=\"menu-item menu-item-type-post_type menu-item-object-page menu-item-113688\"><a href=\"https:\/\/www.auzeau.fr\/39-45\/france\/59-nord\/59-avelin-cimetiere-dennetieres\/\">59 \u2013 Avelin cimeti\u00e8re d\u2019Enneti\u00e8res<\/a><\/li>\n<li id=\"menu-item-56156\" class=\"menu-item menu-item-type-post_type menu-item-object-page menu-item-56156\"><a href=\"https:\/\/www.auzeau.fr\/39-45\/france\/59-nord\/59-avesnes-les-aubert\/\">59 \u2013 Avesnes-les-Aubert<\/a><\/li>\n<li id=\"menu-item-56157\" class=\"menu-item menu-item-type-post_type menu-item-object-page menu-item-56157\"><a href=\"https:\/\/www.auzeau.fr\/39-45\/france\/59-nord\/59-avesnes-sur-helpe\/\">59 \u2013 Avesnes-sur-Helpe<\/a><\/li>\n<li id=\"menu-item-113683\" class=\"menu-item menu-item-type-post_type menu-item-object-page menu-item-113683\"><a href=\"https:\/\/www.auzeau.fr\/39-45\/france\/59-nord\/59-bachy\/\">59 \u2013 Bachy<\/a><\/li>\n<li id=\"menu-item-101547\" class=\"menu-item menu-item-type-post_type menu-item-object-page menu-item-101547\"><a href=\"https:\/\/www.auzeau.fr\/39-45\/france\/59-nord\/59-bailleul\/\">59 \u2013 Bailleul<\/a><\/li>\n<li id=\"menu-item-113689\" class=\"menu-item menu-item-type-post_type menu-item-object-page menu-item-113689\"><a href=\"https:\/\/www.auzeau.fr\/39-45\/france\/59-nord\/59-bersee\/\">59 \u2013 Bers\u00e9e<\/a><\/li>\n<li id=\"menu-item-101548\" class=\"menu-item menu-item-type-post_type menu-item-object-page menu-item-101548\"><a href=\"https:\/\/www.auzeau.fr\/39-45\/france\/59-nord\/59-bethune-cimetiere-nord\/\">59 \u2013 B\u00e9thune Cimeti\u00e8re Nord<\/a><\/li>\n<li id=\"menu-item-113690\" class=\"menu-item menu-item-type-post_type menu-item-object-page menu-item-113690\"><a href=\"https:\/\/www.auzeau.fr\/39-45\/france\/59-nord\/59-borre-british-cemetery\/\">59 \u2013 Borre British Cemetery<\/a><\/li>\n<li id=\"menu-item-101942\" class=\"menu-item menu-item-type-post_type menu-item-object-page menu-item-101942\"><a href=\"https:\/\/www.auzeau.fr\/39-45\/france\/59-nord\/59-busigny\/\">59 \u2013 Busigny<\/a><\/li>\n<li id=\"menu-item-56158\" class=\"menu-item menu-item-type-post_type menu-item-object-page menu-item-56158\"><a href=\"https:\/\/www.auzeau.fr\/39-45\/france\/59-nord\/59-cambrai\/\">59 \u2013 Cambrai<\/a><\/li>\n<li id=\"menu-item-56159\" class=\"menu-item menu-item-type-post_type menu-item-object-page menu-item-56159\"><a href=\"https:\/\/www.auzeau.fr\/39-45\/france\/59-nord\/59-crevecoeur-sur-lescaut\/\">59 \u2013 Crevecoeur-sur-l\u2019Escaut<\/a><\/li>\n<li id=\"menu-item-114062\" class=\"menu-item menu-item-type-post_type menu-item-object-page menu-item-114062\"><a href=\"https:\/\/www.auzeau.fr\/39-45\/france\/59-nord\/59-croix\/\">59 \u2013 Croix<\/a><\/li>\n<li id=\"menu-item-114059\" class=\"menu-item menu-item-type-post_type menu-item-object-page menu-item-114059\"><a href=\"https:\/\/www.auzeau.fr\/39-45\/france\/59-nord\/59-cysoing\/\">59 \u2013 Cysoing<\/a><\/li>\n<li id=\"menu-item-114061\" class=\"menu-item menu-item-type-post_type menu-item-object-page menu-item-114061\"><a href=\"https:\/\/www.auzeau.fr\/39-45\/france\/59-nord\/59-faumont\/\">59 \u2013 Faumont<\/a><\/li>\n<li id=\"menu-item-114060\" class=\"menu-item menu-item-type-post_type menu-item-object-page menu-item-114060\"><a href=\"https:\/\/www.auzeau.fr\/39-45\/france\/59-nord\/59-forest-sur-marque\/\">59 \u2013 Forest-sur-Marque<\/a><\/li>\n<li id=\"menu-item-56160\" class=\"menu-item menu-item-type-post_type menu-item-object-page menu-item-56160\"><a href=\"https:\/\/www.auzeau.fr\/39-45\/france\/59-nord\/59-fourmies\/\">59 \u2013 Fourmies<\/a><\/li>\n<li id=\"menu-item-114102\" class=\"menu-item menu-item-type-post_type menu-item-object-page menu-item-114102\"><a href=\"https:\/\/www.auzeau.fr\/39-45\/france\/59-nord\/59-fretin\/\">59 \u2013 Fretin<\/a><\/li>\n<li id=\"menu-item-56161\" class=\"menu-item menu-item-type-post_type menu-item-object-page menu-item-56161\"><a href=\"https:\/\/www.auzeau.fr\/39-45\/france\/59-nord\/59-gonnelieu\/\">59 \u2013 Gonnelieu<\/a><\/li>\n<li id=\"menu-item-114110\" class=\"menu-item menu-item-type-post_type menu-item-object-page menu-item-114110\"><a href=\"https:\/\/www.auzeau.fr\/39-45\/france\/59-nord\/59-haubourdin-necropole-nationale\/\">59 \u2013 Haubourdin n\u00e9cropole nationale<\/a><\/li>\n<li id=\"menu-item-56162\" class=\"menu-item menu-item-type-post_type menu-item-object-page menu-item-56162\"><a href=\"https:\/\/www.auzeau.fr\/39-45\/france\/59-nord\/59-haveluy\/\">59 \u2013 Haveluy<\/a><\/li>\n<li id=\"menu-item-114105\" class=\"menu-item menu-item-type-post_type menu-item-object-page menu-item-114105\"><a href=\"https:\/\/www.auzeau.fr\/39-45\/france\/59-nord\/59-haverskerque-british-cemetery\/\">59 \u2013 Haverskerque British Cemetery<\/a><\/li>\n<li id=\"menu-item-56163\" class=\"menu-item menu-item-type-post_type menu-item-object-page menu-item-56163\"><a href=\"https:\/\/www.auzeau.fr\/39-45\/france\/59-nord\/59-iwuy\/\">59 \u2013 Iwuy<\/a><\/li>\n<li id=\"menu-item-56164\" class=\"menu-item menu-item-type-post_type menu-item-object-page menu-item-56164\"><a href=\"https:\/\/www.auzeau.fr\/39-45\/france\/59-nord\/59-landrecies\/\">59 \u2013 Landrecies<\/a><\/li>\n<li id=\"menu-item-113889\" class=\"menu-item menu-item-type-post_type menu-item-object-page menu-item-113889\"><a href=\"https:\/\/www.auzeau.fr\/39-45\/france\/59-nord\/59-lesquin\/\">59 \u2013 Lesquin<\/a><\/li>\n<li id=\"menu-item-114104\" class=\"menu-item menu-item-type-post_type menu-item-object-page menu-item-114104\"><a href=\"https:\/\/www.auzeau.fr\/39-45\/france\/59-nord\/59-lezennes\/\">59 \u2013 Lezennes<\/a><\/li>\n<li id=\"menu-item-114339\" class=\"menu-item menu-item-type-post_type menu-item-object-page menu-item-114339\"><a href=\"https:\/\/www.auzeau.fr\/39-45\/france\/59-nord\/59-lille-cimetiere-dhellemmes\/\">59 \u2013 Lille cimeti\u00e8re d\u2019Hellemmes<\/a><\/li>\n<li id=\"menu-item-114138\" class=\"menu-item menu-item-type-post_type menu-item-object-page menu-item-114138\"><a href=\"https:\/\/www.auzeau.fr\/39-45\/france\/59-nord\/59-lille-cimetiere-sud\/\">59 \u2013 Lille cimeti\u00e8re sud<\/a><\/li>\n<li id=\"menu-item-114346\" class=\"menu-item menu-item-type-post_type menu-item-object-page menu-item-114346\"><a href=\"https:\/\/www.auzeau.fr\/39-45\/france\/59-nord\/59-lomme\/\">59 \u2013 Lomme<\/a><\/li>\n<li id=\"menu-item-56165\" class=\"menu-item menu-item-type-post_type menu-item-object-page menu-item-56165\"><a href=\"https:\/\/www.auzeau.fr\/39-45\/france\/59-nord\/59-maubeuge\/\">59 \u2013 Maubeuge<\/a><\/li>\n<li id=\"menu-item-114224\" class=\"menu-item menu-item-type-post_type menu-item-object-page menu-item-114224\"><a href=\"https:\/\/www.auzeau.fr\/39-45\/france\/59-nord\/59-merville-communal-cemetery-extension\/\">59 \u2013 Merville Communal Cemetery Extension<\/a><\/li>\n<li id=\"menu-item-56166\" class=\"menu-item menu-item-type-post_type menu-item-object-page menu-item-56166\"><a href=\"https:\/\/www.auzeau.fr\/39-45\/france\/59-nord\/59-neuvilly\/\">59 \u2013 Neuvilly<\/a><\/li>\n<li id=\"menu-item-56167\" class=\"menu-item menu-item-type-post_type menu-item-object-page menu-item-56167\"><a href=\"https:\/\/www.auzeau.fr\/39-45\/france\/59-nord\/59-noyelles-sur-selle\/\">59 \u2013 Noyelles-sur-Selle<\/a><\/li>\n<li id=\"menu-item-56168\" class=\"menu-item menu-item-type-post_type menu-item-object-page menu-item-56168\"><a href=\"https:\/\/www.auzeau.fr\/39-45\/france\/59-nord\/59-poix-du-nord\/\">59 \u2013 Poix-du-Nord<\/a><\/li>\n<li id=\"menu-item-56169\" class=\"menu-item menu-item-type-post_type menu-item-object-page menu-item-56169\"><a href=\"https:\/\/www.auzeau.fr\/39-45\/france\/59-nord\/59-preux-au-bois\/\">59 \u2013 Preux-au-Bois<\/a><\/li>\n<li id=\"menu-item-102852\" class=\"menu-item menu-item-type-post_type menu-item-object-page menu-item-102852\"><a href=\"https:\/\/www.auzeau.fr\/39-45\/france\/59-nord\/59-rexpoede\/\">59 \u2013 Rexpo\u00ebde<\/a><\/li>\n<li id=\"menu-item-56170\" class=\"menu-item menu-item-type-post_type menu-item-object-page menu-item-56170\"><a href=\"https:\/\/www.auzeau.fr\/39-45\/france\/59-nord\/59-rieux-en-cambresis\/\">59 \u2013 Rieux-en-Cambresis<\/a><\/li>\n<li id=\"menu-item-114345\" class=\"menu-item menu-item-type-post_type menu-item-object-page menu-item-114345\"><a href=\"https:\/\/www.auzeau.fr\/39-45\/france\/59-nord\/59-saint-andre\/\">59 \u2013 Saint-Andr\u00e9<\/a><\/li>\n<li id=\"menu-item-56171\" class=\"menu-item menu-item-type-post_type menu-item-object-page menu-item-56171\"><a href=\"https:\/\/www.auzeau.fr\/39-45\/france\/59-nord\/59-seranvillers-forenville-military-cemetery\/\">59 \u2013 Seranvillers-Forenville Military Cemetery<\/a><\/li>\n<li id=\"menu-item-56172\" class=\"menu-item menu-item-type-post_type menu-item-object-page menu-item-56172\"><a href=\"https:\/\/www.auzeau.fr\/39-45\/france\/59-nord\/59-tilloy-les-cambrai-canadian-cemetery\/\">59 \u2013 Tilloy-les-Cambrai Canadian Cemetery<\/a><\/li>\n<li id=\"menu-item-114475\" class=\"menu-item menu-item-type-post_type menu-item-object-page menu-item-114475\"><a href=\"https:\/\/www.auzeau.fr\/39-45\/france\/59-nord\/59-tourcoing\/\">59 \u2013 Tourcoing<\/a><\/li>\n<li id=\"menu-item-56173\" class=\"menu-item menu-item-type-post_type menu-item-object-page menu-item-56173\"><a href=\"https:\/\/www.auzeau.fr\/39-45\/france\/59-nord\/59-valenciennes-cimetiere-saint-roch\/\">59 \u2013 Valenciennes Cimeti\u00e8re Saint Roch<\/a><\/li>\n<li id=\"menu-item-114347\" class=\"menu-item menu-item-type-post_type menu-item-object-page menu-item-114347\"><a href=\"https:\/\/www.auzeau.fr\/39-45\/france\/59-nord\/59-vieux-berquin\/\">59 \u2013 Vieux-Berquin<\/a><\/li>\n<li id=\"menu-item-114476\" class=\"menu-item menu-item-type-post_type menu-item-object-page menu-item-114476\"><a href=\"https:\/\/www.auzeau.fr\/39-45\/france\/59-nord\/59-villeneuve-dascq\/\">59 \u2013 Villeneuve d\u2019Ascq<\/a><\/li>\n<\/ul>\n<div class=\"notranslate\" style=\"all: initial;\"><\/div>\n<div class=\"notranslate\" style=\"all: initial;\"><\/div>\n<div class=\"notranslate\" style=\"all: initial;\"><\/div>\n<div class=\"notranslate\" style=\"all: initial;\"><\/div>\n<script type=\"text\/javascript\"> toolTips('.classtoolTips98','Colonel'); <\/script><script type=\"text\/javascript\"> toolTips('.classtoolTips114','Forces Fran\u00e7aises de l\\'Int\u00e9rieur'); <\/script><script type=\"text\/javascript\"> toolTips('.classtoolTips118','Canonnier'); <\/script><script type=\"text\/javascript\"> toolTips('.classtoolTips123','Secret Intelligence Service<br\/><br\/>Service Secret'); <\/script><script type=\"text\/javascript\"> toolTips('.classtoolTips139','Section de Liaison A\u00e9rienne'); <\/script><script type=\"text\/javascript\"> toolTips('.classtoolTips144','Royal Corps of Signals'); <\/script><script type=\"text\/javascript\"> toolTips('.classtoolTips151','Pilote<br\/><br\/>Pilot'); <\/script><script type=\"text\/javascript\"> toolTips('.classtoolTips153','Porucznik'); <\/script><script type=\"text\/javascript\"> toolTips('.classtoolTips159','Signalman'); <\/script><script type=\"text\/javascript\"> toolTips('.classtoolTips185','Mitrailleur<br\/><br\/>Air Gunner'); <\/script><script type=\"text\/javascript\"> toolTips('.classtoolTips188','Bombardier<br\/><br\/>Air bomber'); <\/script><script type=\"text\/javascript\"> toolTips('.classtoolTips189','M\u00e9canicien volant<br\/><br\/>Flying Enginer'); <\/script><script type=\"text\/javascript\"> toolTips('.classtoolTips195','Enseigne de Vaisseau'); <\/script><script type=\"text\/javascript\"> toolTips('.classtoolTips197','Aircraftman'); <\/script><script type=\"text\/javascript\"> toolTips('.classtoolTips199','Radio Officer'); <\/script><script type=\"text\/javascript\"> toolTips('.classtoolTips201','Lieutenant'); <\/script>","protected":false},"excerpt":{"rendered":"<p>Hurricane\u00a0 Sqn Durant plusieurs ann\u00e9es la s\u00e9pulture pr\u00e9sente dans le cimeti\u00e8re de Bachy portait le nom du Squadron Leader George Marley FIDLER (34219) pilote de l&#8217; Hurricane P3535 AF-P abattu en combat a\u00e9rien le 19 mai 1940 et suppos\u00e9 \u00eatre tomb\u00e9 \u00e0 la ferme Marchand \u00e0 Bachy. En 2005 des fouilles effectu\u00e9es sur le site [&hellip;]<\/p>\n","protected":false},"author":1,"featured_media":0,"parent":91,"menu_order":0,"comment_status":"closed","ping_status":"closed","template":"template-full-width Hurricane.php","meta":{"_lmt_disableupdate":"yes","_lmt_disable":"","footnotes":""},"categories":[525],"tags":[526],"wf_page_folders":[3122,3117],"class_list":["post-113670","page","type-page","status-publish","hentry","category-hurricane","tag-3-squadron"],"_links":{"self":[{"href":"https:\/\/www.auzeau.fr\/39-45\/wp-json\/wp\/v2\/pages\/113670","targetHints":{"allow":["GET"]}}],"collection":[{"href":"https:\/\/www.auzeau.fr\/39-45\/wp-json\/wp\/v2\/pages"}],"about":[{"href":"https:\/\/www.auzeau.fr\/39-45\/wp-json\/wp\/v2\/types\/page"}],"author":[{"embeddable":true,"href":"https:\/\/www.auzeau.fr\/39-45\/wp-json\/wp\/v2\/users\/1"}],"replies":[{"embeddable":true,"href":"https:\/\/www.auzeau.fr\/39-45\/wp-json\/wp\/v2\/comments?post=113670"}],"version-history":[{"count":0,"href":"https:\/\/www.auzeau.fr\/39-45\/wp-json\/wp\/v2\/pages\/113670\/revisions"}],"up":[{"embeddable":true,"href":"https:\/\/www.auzeau.fr\/39-45\/wp-json\/wp\/v2\/pages\/91"}],"wp:attachment":[{"href":"https:\/\/www.auzeau.fr\/39-45\/wp-json\/wp\/v2\/media?parent=113670"}],"wp:term":[{"taxonomy":"category","embeddable":true,"href":"https:\/\/www.auzeau.fr\/39-45\/wp-json\/wp\/v2\/categories?post=113670"},{"taxonomy":"post_tag","embeddable":true,"href":"https:\/\/www.auzeau.fr\/39-45\/wp-json\/wp\/v2\/tags?post=113670"},{"taxonomy":"wf_page_folders","embeddable":true,"href":"https:\/\/www.auzeau.fr\/39-45\/wp-json\/wp\/v2\/wf_page_folders?post=113670"}],"curies":[{"name":"wp","href":"https:\/\/api.w.org\/{rel}","templated":true}]}}