{"id":113656,"date":"2025-10-01T09:18:55","date_gmt":"2025-10-01T07:18:55","guid":{"rendered":"https:\/\/www.auzeau.fr\/39-45\/?page_id=113656"},"modified":"2025-10-01T09:00:00","modified_gmt":"2025-10-01T07:00:00","slug":"59-armentieres-cite-bonjean-military-cemetery","status":"publish","type":"page","link":"https:\/\/www.auzeau.fr\/39-45\/france\/59-nord\/59-armentieres-cite-bonjean-military-cemetery\/","title":{"rendered":"59 &#8211; Armenti\u00e8res Cite Bonjean Military Cemetery"},"content":{"rendered":"<p><img fetchpriority=\"high\" decoding=\"async\" class=\"aligncenter size-full wp-image-113653\" title=\"Armenti\u00e8res\" src=\"https:\/\/www.auzeau.fr\/39-45\/wp-content\/uploads\/Cimetieres\/31%20--%2060\/59-Nord\/59%20-%20Armenti\u00e8res\/Armentieres.webp\" alt=\"\" width=\"900\" height=\"421\" \/><\/p>\n<table>\n<tbody>\n<tr>\n<td style=\"width: 5%;\"><\/td>\n<td style=\"width: 5%;\"><\/td>\n<td style=\"width: 2%;\"><\/td>\n<td style=\"width: 8%;\"><\/td>\n<td style=\"width: 5%;\"><\/td>\n<td style=\"width: 5%;\"><\/td>\n<td style=\"width: 5%;\"><\/td>\n<td style=\"width: 2%;\"><\/td>\n<td style=\"width: 8%;\"><\/td>\n<td style=\"width: 2%;\"><\/td>\n<td style=\"width: 5%;\"><\/td>\n<td style=\"width: 3%;\"><\/td>\n<td style=\"width: 5%;\"><\/td>\n<td style=\"width: 5%;\"><\/td>\n<td style=\"width: 5%;\"><\/td>\n<td style=\"width: 5%;\"><\/td>\n<td style=\"width: 5%;\"><\/td>\n<td style=\"width: 5%;\"><\/td>\n<td style=\"width: 5%;\"><\/td>\n<td style=\"width: 10%;\"><\/td>\n<\/tr>\n<tr>\n<td style=\"width: 75%;\" colspan=\"16\"><span style=\"font-size: xx-large;\"><strong><span style=\"color: #000000;\">Lysander L6852<\/span><\/strong><\/span><\/td>\n<td style=\"width: 25%; text-align: center;\" colspan=\"4\"><span style=\"font-size: xx-large;\"><strong>4 Sqn<\/strong><\/span><\/td>\n<\/tr>\n<tr>\n<td style=\"width: 75%;\" colspan=\"16\"><\/td>\n<td style=\"width: 25%; text-align: center;\" colspan=\"4\"><\/td>\n<\/tr>\n<tr style=\"height: 40px;\">\n<td style=\"text-align: right; width: 5%;\"><\/td>\n<td style=\"text-align: right; width: 5%;\"><\/td>\n<td style=\"text-align: right; width: 2%;\"><\/td>\n<td style=\"text-align: right; width: 8%;\"><\/td>\n<td style=\"text-align: right; width: 5%;\"><\/td>\n<td style=\"text-align: right; width: 5%;\"><\/td>\n<td style=\"text-align: right; width: 5%;\"><\/td>\n<td style=\"text-align: right; width: 2%;\"><\/td>\n<td style=\"text-align: right; width: 8%;\"><\/td>\n<td style=\"text-align: right; width: 2%;\"><\/td>\n<td style=\"text-align: right; width: 5%;\"><\/td>\n<td style=\"text-align: right; width: 3%;\"><\/td>\n<td style=\"text-align: right; width: 5%;\"><\/td>\n<td style=\"text-align: right; width: 5%;\"><\/td>\n<td style=\"text-align: right; width: 5%;\"><\/td>\n<td style=\"text-align: right; width: 5%;\"><\/td>\n<td style=\"text-align: right; width: 5%;\"><\/td>\n<td style=\"text-align: right; width: 5%;\"><\/td>\n<td style=\"text-align: right; width: 5%;\"><\/td>\n<td style=\"text-align: right; width: 10%;\"><\/td>\n<\/tr>\n<tr>\n<td style=\"text-align: right; width: 5%;\"><\/td>\n<td style=\"text-align: right; width: 5%;\"><span style=\"font-size: 14px;\"><strong>Date<\/strong><\/span><\/td>\n<td style=\"width: 2%; text-align: center;\"><strong>:<\/strong><\/td>\n<td style=\"width: 13%; text-align: left;\" colspan=\"4\"><span style=\"font-size: 14px;\"><em>09 mars 1940<\/em><\/span><\/td>\n<td style=\"text-align: right; width: 2%;\"><\/td>\n<td style=\"text-align: right; width: 8%;\"><span style=\"font-size: 14px;\"><strong>Mission<\/strong><\/span><\/td>\n<td style=\"width: 2%; text-align: center;\"><strong><span style=\"font-size: 14px;\">:<\/span><\/strong><\/td>\n<td style=\"text-align: left; width: 53%;\" colspan=\"10\"><span style=\"font-size: 14px;\"><em>Vol de liaison<\/em><\/span><\/td>\n<\/tr>\n<tr style=\"height: 40px;\">\n<td style=\"text-align: right; width: 5%;\"><\/td>\n<td style=\"text-align: right; width: 5%;\"><\/td>\n<td style=\"width: 2%; text-align: center;\"><\/td>\n<td style=\"width: 8%; text-align: left;\"><\/td>\n<td style=\"text-align: right; width: 5%;\"><\/td>\n<td style=\"text-align: right; width: 5%;\"><\/td>\n<td style=\"text-align: right; width: 5%;\"><\/td>\n<td style=\"text-align: right; width: 2%;\"><\/td>\n<td style=\"text-align: right; width: 8%;\"><\/td>\n<td style=\"width: 2%; text-align: center;\"><\/td>\n<td style=\"text-align: left; width: 5%;\"><\/td>\n<td style=\"text-align: left; width: 3%;\"><\/td>\n<td style=\"text-align: left; width: 5%;\"><\/td>\n<td style=\"text-align: left; width: 5%;\"><\/td>\n<td style=\"text-align: left; width: 5%;\"><\/td>\n<td style=\"text-align: left; width: 5%;\"><\/td>\n<td style=\"text-align: left; width: 5%;\"><\/td>\n<td style=\"text-align: left; width: 5%;\"><\/td>\n<td style=\"text-align: left; width: 5%;\"><\/td>\n<td style=\"text-align: left; width: 10%;\"><\/td>\n<\/tr>\n<tr style=\"height: 40px;\">\n<td style=\"text-align: right; width: 10%;\" colspan=\"2\"><\/td>\n<td style=\"width: 2%; text-align: center;\"><\/td>\n<td style=\"text-align: right; width: 23%;\" colspan=\"4\"><span style=\"font-size: 14px;\"><strong>D\u00e9collage<\/strong><\/span><\/td>\n<td style=\"width: 2%; text-align: center;\"><strong>:<\/strong><\/td>\n<td style=\"text-align: left; width: 63%;\" colspan=\"12\"><span style=\"font-size: 14px;\"><em>Mons-en-Chauss\u00e9e (80) \u00e0 09:25<\/em><\/span><span style=\"font-size: 14px;\"><em><br \/>\n<\/em><\/span><\/td>\n<\/tr>\n<tr style=\"height: 40px;\">\n<td style=\"text-align: right; width: 10%;\" colspan=\"2\"><\/td>\n<td style=\"width: 2%; text-align: center;\"><\/td>\n<td style=\"text-align: right; width: 23%;\" colspan=\"4\"><span style=\"font-size: 14px;\"><strong>Causes de la perte<br \/>\n<\/strong><\/span><\/td>\n<td style=\"width: 2%; text-align: center;\"><strong>:<br \/>\n<\/strong><\/td>\n<td style=\"text-align: left; width: 63%;\" colspan=\"12\"><span style=\"font-size: 14px;\"><em>A l\u2019atterrissage mauvaise \u00e9valuation de l&#8217;altitude l&#8217;appareil rebondi sur la piste et se renverse<\/em><\/span><\/td>\n<\/tr>\n<tr style=\"height: 40px;\">\n<td style=\"text-align: right; width: 10%;\" colspan=\"2\"><\/td>\n<td style=\"width: 2%; text-align: center;\"><\/td>\n<td style=\"text-align: right; width: 23%;\" colspan=\"4\"><span style=\"font-size: 14px;\"><strong>Lieu de la perte<br \/>\n<\/strong><\/span><\/td>\n<td style=\"width: 2%; text-align: center;\"><strong>:<br \/>\n<\/strong><\/td>\n<td style=\"text-align: left; width: 63%;\" colspan=\"12\"><span style=\"font-size: 14px;\"><em>A\u00e9rodrome de Lille-Ronchin (59)<\/em><\/span><\/td>\n<\/tr>\n<tr style=\"height: 40px;\">\n<td style=\"width: 5%;\"><\/td>\n<td style=\"width: 5%;\"><\/td>\n<td style=\"width: 2%; text-align: center;\"><\/td>\n<td style=\"text-align: right; width: 8%;\"><\/td>\n<td style=\"text-align: right; width: 5%;\"><\/td>\n<td style=\"text-align: right; width: 5%;\"><\/td>\n<td style=\"text-align: right; width: 5%;\"><\/td>\n<td style=\"width: 2%; text-align: center;\"><\/td>\n<td style=\"text-align: left; width: 8%;\"><\/td>\n<td style=\"text-align: left; width: 2%;\"><\/td>\n<td style=\"text-align: left; width: 5%;\"><\/td>\n<td style=\"text-align: left; width: 3%;\"><\/td>\n<td style=\"text-align: left; width: 5%;\"><\/td>\n<td style=\"text-align: left; width: 5%;\"><\/td>\n<td style=\"text-align: left; width: 5%;\"><\/td>\n<td style=\"text-align: left; width: 5%;\"><\/td>\n<td style=\"text-align: left; width: 5%;\"><\/td>\n<td style=\"text-align: left; width: 5%;\"><\/td>\n<td style=\"text-align: left; width: 5%;\"><\/td>\n<td style=\"text-align: left; width: 10%;\"><\/td>\n<\/tr>\n<tr style=\"height: 60px;\">\n<td style=\"width: 5%;\"><img decoding=\"async\" class=\"aligncenter size-full wp-image-47215\" title=\"Royaume-Uni\" src=\"https:\/\/www.auzeau.fr\/39-45\/wp-content\/uploads\/images\/Drapeaux\/Angleterre.png\" alt=\"Royaume Uni\" width=\"40\" height=\"20\" \/><\/td>\n<td style=\"width: 5%;\"><span class='tooltipsall tooltipsincontent classtoolTips12'>Plt Off<\/span><\/td>\n<td style=\"text-align: left;\" colspan=\"5\">William Boyd<\/td>\n<td style=\"text-align: left;\" colspan=\"3\"><span style=\"color: #000000;\"><strong>ADAMSON<\/strong><\/span><\/td>\n<td style=\"text-align: center;\" colspan=\"2\"><span class='tooltipsall tooltipsincontent classtoolTips151'>Pil<\/span><\/td>\n<td style=\"width: 5%; text-align: center;\"><span class='tooltipsall tooltipsincontent classtoolTips146'>RAF<\/span><\/td>\n<td style=\"text-align: center;\" colspan=\"2\">40788<\/td>\n<td style=\"width: 5%; text-align: center;\"><span style=\"color: #000000;\"><strong><span class='tooltipsall tooltipsincontent classtoolTips110'>KIA<\/span><\/strong><\/span><\/td>\n<td style=\"text-align: left;\" colspan=\"4\"><\/td>\n<\/tr>\n<tr style=\"height: 60px;\">\n<td style=\"width: 5%;\"><img decoding=\"async\" class=\"aligncenter size-full wp-image-47215\" title=\"Royaume-Uni\" src=\"https:\/\/www.auzeau.fr\/39-45\/wp-content\/uploads\/images\/Drapeaux\/Angleterre.png\" alt=\"Royaume Uni\" width=\"40\" height=\"20\" \/><\/td>\n<td style=\"width: 5%;\"><span class='tooltipsall tooltipsincontent classtoolTips95'>LAc<\/span><\/td>\n<td style=\"text-align: left;\" colspan=\"5\">Eric Ernest<\/td>\n<td style=\"text-align: left;\" colspan=\"3\"><span style=\"color: #000000;\"><strong>SATCHELL<\/strong><\/span><\/td>\n<td style=\"text-align: center;\" colspan=\"2\"><span class='tooltipsall tooltipsincontent classtoolTips185'>AG<\/span><\/td>\n<td style=\"width: 5%; text-align: center;\"><span class='tooltipsall tooltipsincontent classtoolTips146'>RAF<\/span><\/td>\n<td style=\"text-align: center;\" colspan=\"2\">527286<\/td>\n<td style=\"width: 5%; text-align: center;\"><span class='tooltipsall tooltipsincontent classtoolTips150'>IND<\/span><\/td>\n<td style=\"text-align: left;\" colspan=\"4\"><\/td>\n<\/tr>\n<\/tbody>\n<\/table>\n<div id='gallery-1' class='gallery galleryid-113656 gallery-columns-1 gallery-size-thumbnail'><figure class='gallery-item'>\n\t\t\t<div class='gallery-icon portrait'>\n\t\t\t\t<a title=\"Adamson\"  title=\"Adamson\"  href='https:\/\/www.auzeau.fr\/39-45\/wp-content\/uploads\/Cimetieres\/31%20--%2060\/59-Nord\/59%20-%20Armenti\u00e8res\/L6852\/Adamson.webp'><img decoding=\"async\" width=\"150\" height=\"150\" src=\"https:\/\/www.auzeau.fr\/39-45\/wp-content\/uploads\/Cimetieres\/31 -- 60\/59-Nord\/59 - Armenti\u00e8res\/L6852\/Adamson-150x150.webp\" class=\"attachment-thumbnail size-thumbnail\" alt=\"\" srcset=\"https:\/\/www.auzeau.fr\/39-45\/wp-content\/uploads\/Cimetieres\/31%20--%2060\/59-Nord\/59%20-%20Armenti\u00e8res\/L6852\/Adamson-150x150.webp 150w, https:\/\/www.auzeau.fr\/39-45\/wp-content\/uploads\/Cimetieres\/31%20--%2060\/59-Nord\/59%20-%20Armenti\u00e8res\/L6852\/Adamson-50x50.webp 50w\" sizes=\"(max-width: 150px) 100vw, 150px\" \/><\/a>\n\t\t\t<\/div><\/figure>\n\t\t<\/div>\n\n<table style=\"width: 100%; border-collapse: collapse; background-color: #dcdcdc;\">\n<tbody>\n<tr>\n<td style=\"width: 100%;\"><ul id=\"menu-59-armentieres\" class=\"menu\"><li id=\"menu-item-113693\" class=\"menu-item menu-item-type-post_type menu-item-object-page menu-item-113693\"><a href=\"https:\/\/www.auzeau.fr\/39-45\/france\/59-nord\/59-armentieres-cite-bonjean-military-cemetery\/\">Lysander L6852<\/a><\/li>\n<li id=\"menu-item-113692\" class=\"menu-item menu-item-type-post_type menu-item-object-page menu-item-113692\"><a href=\"https:\/\/www.auzeau.fr\/39-45\/france\/59-nord\/59-armentieres-cite-bonjean-military-cemetery-2\/\">Hurricane N2653<\/a><\/li>\n<li id=\"menu-item-113691\" class=\"menu-item menu-item-type-post_type menu-item-object-page menu-item-113691\"><a href=\"https:\/\/www.auzeau.fr\/39-45\/france\/59-nord\/59-armentieres-cite-bonjean-military-cemetery-3\/\">Hurricane N2654<\/a><\/li>\n<\/ul><\/td>\n<\/tr>\n<\/tbody>\n<\/table>\n<hr \/>\n<p style=\"text-align: center;\"><ul id=\"menu-59-nord\" class=\"menu\"><li id=\"menu-item-113686\" class=\"menu-item menu-item-type-post_type menu-item-object-page menu-item-113686\"><a href=\"https:\/\/www.auzeau.fr\/39-45\/france\/59-nord\/59-armentieres-cite-bonjean-military-cemetery\/\">59 \u2013 Armenti\u00e8res Cite Bonjean Military Cemetery<\/a><\/li>\n<li id=\"menu-item-113688\" class=\"menu-item menu-item-type-post_type menu-item-object-page menu-item-113688\"><a href=\"https:\/\/www.auzeau.fr\/39-45\/france\/59-nord\/59-avelin-cimetiere-dennetieres\/\">59 \u2013 Avelin cimeti\u00e8re d\u2019Enneti\u00e8res<\/a><\/li>\n<li id=\"menu-item-56156\" class=\"menu-item menu-item-type-post_type menu-item-object-page menu-item-56156\"><a href=\"https:\/\/www.auzeau.fr\/39-45\/france\/59-nord\/59-avesnes-les-aubert\/\">59 \u2013 Avesnes-les-Aubert<\/a><\/li>\n<li id=\"menu-item-56157\" class=\"menu-item menu-item-type-post_type menu-item-object-page menu-item-56157\"><a href=\"https:\/\/www.auzeau.fr\/39-45\/france\/59-nord\/59-avesnes-sur-helpe\/\">59 \u2013 Avesnes-sur-Helpe<\/a><\/li>\n<li id=\"menu-item-113683\" class=\"menu-item menu-item-type-post_type menu-item-object-page menu-item-113683\"><a href=\"https:\/\/www.auzeau.fr\/39-45\/france\/59-nord\/59-bachy\/\">59 \u2013 Bachy<\/a><\/li>\n<li id=\"menu-item-101547\" class=\"menu-item menu-item-type-post_type menu-item-object-page menu-item-101547\"><a href=\"https:\/\/www.auzeau.fr\/39-45\/france\/59-nord\/59-bailleul\/\">59 \u2013 Bailleul<\/a><\/li>\n<li id=\"menu-item-113689\" class=\"menu-item menu-item-type-post_type menu-item-object-page menu-item-113689\"><a href=\"https:\/\/www.auzeau.fr\/39-45\/france\/59-nord\/59-bersee\/\">59 \u2013 Bers\u00e9e<\/a><\/li>\n<li id=\"menu-item-101548\" class=\"menu-item menu-item-type-post_type menu-item-object-page menu-item-101548\"><a href=\"https:\/\/www.auzeau.fr\/39-45\/france\/59-nord\/59-bethune-cimetiere-nord\/\">59 \u2013 B\u00e9thune Cimeti\u00e8re Nord<\/a><\/li>\n<li id=\"menu-item-113690\" class=\"menu-item menu-item-type-post_type menu-item-object-page menu-item-113690\"><a href=\"https:\/\/www.auzeau.fr\/39-45\/france\/59-nord\/59-borre-british-cemetery\/\">59 \u2013 Borre British Cemetery<\/a><\/li>\n<li id=\"menu-item-101942\" class=\"menu-item menu-item-type-post_type menu-item-object-page menu-item-101942\"><a href=\"https:\/\/www.auzeau.fr\/39-45\/france\/59-nord\/59-busigny\/\">59 \u2013 Busigny<\/a><\/li>\n<li id=\"menu-item-56158\" class=\"menu-item menu-item-type-post_type menu-item-object-page menu-item-56158\"><a href=\"https:\/\/www.auzeau.fr\/39-45\/france\/59-nord\/59-cambrai\/\">59 \u2013 Cambrai<\/a><\/li>\n<li id=\"menu-item-56159\" class=\"menu-item menu-item-type-post_type menu-item-object-page menu-item-56159\"><a href=\"https:\/\/www.auzeau.fr\/39-45\/france\/59-nord\/59-crevecoeur-sur-lescaut\/\">59 \u2013 Crevecoeur-sur-l\u2019Escaut<\/a><\/li>\n<li id=\"menu-item-114062\" class=\"menu-item menu-item-type-post_type menu-item-object-page menu-item-114062\"><a href=\"https:\/\/www.auzeau.fr\/39-45\/france\/59-nord\/59-croix\/\">59 \u2013 Croix<\/a><\/li>\n<li id=\"menu-item-114059\" class=\"menu-item menu-item-type-post_type menu-item-object-page menu-item-114059\"><a href=\"https:\/\/www.auzeau.fr\/39-45\/france\/59-nord\/59-cysoing\/\">59 \u2013 Cysoing<\/a><\/li>\n<li id=\"menu-item-114061\" class=\"menu-item menu-item-type-post_type menu-item-object-page menu-item-114061\"><a href=\"https:\/\/www.auzeau.fr\/39-45\/france\/59-nord\/59-faumont\/\">59 \u2013 Faumont<\/a><\/li>\n<li id=\"menu-item-114060\" class=\"menu-item menu-item-type-post_type menu-item-object-page menu-item-114060\"><a href=\"https:\/\/www.auzeau.fr\/39-45\/france\/59-nord\/59-forest-sur-marque\/\">59 \u2013 Forest-sur-Marque<\/a><\/li>\n<li id=\"menu-item-56160\" class=\"menu-item menu-item-type-post_type menu-item-object-page menu-item-56160\"><a href=\"https:\/\/www.auzeau.fr\/39-45\/france\/59-nord\/59-fourmies\/\">59 \u2013 Fourmies<\/a><\/li>\n<li id=\"menu-item-114102\" class=\"menu-item menu-item-type-post_type menu-item-object-page menu-item-114102\"><a href=\"https:\/\/www.auzeau.fr\/39-45\/france\/59-nord\/59-fretin\/\">59 \u2013 Fretin<\/a><\/li>\n<li id=\"menu-item-56161\" class=\"menu-item menu-item-type-post_type menu-item-object-page menu-item-56161\"><a href=\"https:\/\/www.auzeau.fr\/39-45\/france\/59-nord\/59-gonnelieu\/\">59 \u2013 Gonnelieu<\/a><\/li>\n<li id=\"menu-item-114110\" class=\"menu-item menu-item-type-post_type menu-item-object-page menu-item-114110\"><a href=\"https:\/\/www.auzeau.fr\/39-45\/france\/59-nord\/59-haubourdin-necropole-nationale\/\">59 \u2013 Haubourdin n\u00e9cropole nationale<\/a><\/li>\n<li id=\"menu-item-56162\" class=\"menu-item menu-item-type-post_type menu-item-object-page menu-item-56162\"><a href=\"https:\/\/www.auzeau.fr\/39-45\/france\/59-nord\/59-haveluy\/\">59 \u2013 Haveluy<\/a><\/li>\n<li id=\"menu-item-114105\" class=\"menu-item menu-item-type-post_type menu-item-object-page menu-item-114105\"><a href=\"https:\/\/www.auzeau.fr\/39-45\/france\/59-nord\/59-haverskerque-british-cemetery\/\">59 \u2013 Haverskerque British Cemetery<\/a><\/li>\n<li id=\"menu-item-56163\" class=\"menu-item menu-item-type-post_type menu-item-object-page menu-item-56163\"><a href=\"https:\/\/www.auzeau.fr\/39-45\/france\/59-nord\/59-iwuy\/\">59 \u2013 Iwuy<\/a><\/li>\n<li id=\"menu-item-56164\" class=\"menu-item menu-item-type-post_type menu-item-object-page menu-item-56164\"><a href=\"https:\/\/www.auzeau.fr\/39-45\/france\/59-nord\/59-landrecies\/\">59 \u2013 Landrecies<\/a><\/li>\n<li id=\"menu-item-113889\" class=\"menu-item menu-item-type-post_type menu-item-object-page menu-item-113889\"><a href=\"https:\/\/www.auzeau.fr\/39-45\/france\/59-nord\/59-lesquin\/\">59 \u2013 Lesquin<\/a><\/li>\n<li id=\"menu-item-114104\" class=\"menu-item menu-item-type-post_type menu-item-object-page menu-item-114104\"><a href=\"https:\/\/www.auzeau.fr\/39-45\/france\/59-nord\/59-lezennes\/\">59 \u2013 Lezennes<\/a><\/li>\n<li id=\"menu-item-114339\" class=\"menu-item menu-item-type-post_type menu-item-object-page menu-item-114339\"><a href=\"https:\/\/www.auzeau.fr\/39-45\/france\/59-nord\/59-lille-cimetiere-dhellemmes\/\">59 \u2013 Lille cimeti\u00e8re d\u2019Hellemmes<\/a><\/li>\n<li id=\"menu-item-114138\" class=\"menu-item menu-item-type-post_type menu-item-object-page menu-item-114138\"><a href=\"https:\/\/www.auzeau.fr\/39-45\/france\/59-nord\/59-lille-cimetiere-sud\/\">59 \u2013 Lille cimeti\u00e8re sud<\/a><\/li>\n<li id=\"menu-item-114346\" class=\"menu-item menu-item-type-post_type menu-item-object-page menu-item-114346\"><a href=\"https:\/\/www.auzeau.fr\/39-45\/france\/59-nord\/59-lomme\/\">59 \u2013 Lomme<\/a><\/li>\n<li id=\"menu-item-56165\" class=\"menu-item menu-item-type-post_type menu-item-object-page menu-item-56165\"><a href=\"https:\/\/www.auzeau.fr\/39-45\/france\/59-nord\/59-maubeuge\/\">59 \u2013 Maubeuge<\/a><\/li>\n<li id=\"menu-item-114224\" class=\"menu-item menu-item-type-post_type menu-item-object-page menu-item-114224\"><a href=\"https:\/\/www.auzeau.fr\/39-45\/france\/59-nord\/59-merville-communal-cemetery-extension\/\">59 \u2013 Merville Communal Cemetery Extension<\/a><\/li>\n<li id=\"menu-item-56166\" class=\"menu-item menu-item-type-post_type menu-item-object-page menu-item-56166\"><a href=\"https:\/\/www.auzeau.fr\/39-45\/france\/59-nord\/59-neuvilly\/\">59 \u2013 Neuvilly<\/a><\/li>\n<li id=\"menu-item-56167\" class=\"menu-item menu-item-type-post_type menu-item-object-page menu-item-56167\"><a href=\"https:\/\/www.auzeau.fr\/39-45\/france\/59-nord\/59-noyelles-sur-selle\/\">59 \u2013 Noyelles-sur-Selle<\/a><\/li>\n<li id=\"menu-item-56168\" class=\"menu-item menu-item-type-post_type menu-item-object-page menu-item-56168\"><a href=\"https:\/\/www.auzeau.fr\/39-45\/france\/59-nord\/59-poix-du-nord\/\">59 \u2013 Poix-du-Nord<\/a><\/li>\n<li id=\"menu-item-56169\" class=\"menu-item menu-item-type-post_type menu-item-object-page menu-item-56169\"><a href=\"https:\/\/www.auzeau.fr\/39-45\/france\/59-nord\/59-preux-au-bois\/\">59 \u2013 Preux-au-Bois<\/a><\/li>\n<li id=\"menu-item-102852\" class=\"menu-item menu-item-type-post_type menu-item-object-page menu-item-102852\"><a href=\"https:\/\/www.auzeau.fr\/39-45\/france\/59-nord\/59-rexpoede\/\">59 \u2013 Rexpo\u00ebde<\/a><\/li>\n<li id=\"menu-item-56170\" class=\"menu-item menu-item-type-post_type menu-item-object-page menu-item-56170\"><a href=\"https:\/\/www.auzeau.fr\/39-45\/france\/59-nord\/59-rieux-en-cambresis\/\">59 \u2013 Rieux-en-Cambresis<\/a><\/li>\n<li id=\"menu-item-114345\" class=\"menu-item menu-item-type-post_type menu-item-object-page menu-item-114345\"><a href=\"https:\/\/www.auzeau.fr\/39-45\/france\/59-nord\/59-saint-andre\/\">59 \u2013 Saint-Andr\u00e9<\/a><\/li>\n<li id=\"menu-item-56171\" class=\"menu-item menu-item-type-post_type menu-item-object-page menu-item-56171\"><a href=\"https:\/\/www.auzeau.fr\/39-45\/france\/59-nord\/59-seranvillers-forenville-military-cemetery\/\">59 \u2013 Seranvillers-Forenville Military Cemetery<\/a><\/li>\n<li id=\"menu-item-56172\" class=\"menu-item menu-item-type-post_type menu-item-object-page menu-item-56172\"><a href=\"https:\/\/www.auzeau.fr\/39-45\/france\/59-nord\/59-tilloy-les-cambrai-canadian-cemetery\/\">59 \u2013 Tilloy-les-Cambrai Canadian Cemetery<\/a><\/li>\n<li id=\"menu-item-114475\" class=\"menu-item menu-item-type-post_type menu-item-object-page menu-item-114475\"><a href=\"https:\/\/www.auzeau.fr\/39-45\/france\/59-nord\/59-tourcoing\/\">59 \u2013 Tourcoing<\/a><\/li>\n<li id=\"menu-item-56173\" class=\"menu-item menu-item-type-post_type menu-item-object-page menu-item-56173\"><a href=\"https:\/\/www.auzeau.fr\/39-45\/france\/59-nord\/59-valenciennes-cimetiere-saint-roch\/\">59 \u2013 Valenciennes Cimeti\u00e8re Saint Roch<\/a><\/li>\n<li id=\"menu-item-114347\" class=\"menu-item menu-item-type-post_type menu-item-object-page menu-item-114347\"><a href=\"https:\/\/www.auzeau.fr\/39-45\/france\/59-nord\/59-vieux-berquin\/\">59 \u2013 Vieux-Berquin<\/a><\/li>\n<li id=\"menu-item-114476\" class=\"menu-item menu-item-type-post_type menu-item-object-page menu-item-114476\"><a href=\"https:\/\/www.auzeau.fr\/39-45\/france\/59-nord\/59-villeneuve-dascq\/\">59 \u2013 Villeneuve d\u2019Ascq<\/a><\/li>\n<\/ul>\n<div class=\"notranslate\" style=\"all: initial;\"><\/div>\n<div class=\"notranslate\" style=\"all: initial;\"><\/div>\n<div class=\"notranslate\" style=\"all: initial;\"><\/div>\n<div class=\"notranslate\" style=\"all: initial;\"><\/div>\n<script type=\"text\/javascript\"> toolTips('.classtoolTips12','Pilot Officer'); <\/script><script type=\"text\/javascript\"> toolTips('.classtoolTips38','A\u00e9ronavale'); <\/script><script type=\"text\/javascript\"> toolTips('.classtoolTips95','Leading Aircraftman'); <\/script><script type=\"text\/javascript\"> toolTips('.classtoolTips98','Colonel'); <\/script><script type=\"text\/javascript\"> toolTips('.classtoolTips110','Tu\u00e9 au combat<br\/><br\/>Killed In Action'); <\/script><script type=\"text\/javascript\"> toolTips('.classtoolTips118','Canonnier'); <\/script><script type=\"text\/javascript\"> toolTips('.classtoolTips123','Secret Intelligence Service<br\/><br\/>Service Secret'); <\/script><script type=\"text\/javascript\"> toolTips('.classtoolTips139','Section de Liaison A\u00e9rienne'); <\/script><script type=\"text\/javascript\"> toolTips('.classtoolTips144','Royal Corps of Signals'); <\/script><script type=\"text\/javascript\"> toolTips('.classtoolTips146','Royal Air Force'); <\/script><script type=\"text\/javascript\"> toolTips('.classtoolTips150','Indemne<br\/><br\/>Unhurt'); <\/script><script type=\"text\/javascript\"> toolTips('.classtoolTips151','Pilote<br\/><br\/>Pilot'); <\/script><script type=\"text\/javascript\"> toolTips('.classtoolTips153','Porucznik'); <\/script><script type=\"text\/javascript\"> toolTips('.classtoolTips159','Signalman'); <\/script><script type=\"text\/javascript\"> toolTips('.classtoolTips185','Mitrailleur<br\/><br\/>Air Gunner'); <\/script><script type=\"text\/javascript\"> toolTips('.classtoolTips188','Bombardier<br\/><br\/>Air bomber'); <\/script><script type=\"text\/javascript\"> toolTips('.classtoolTips189','M\u00e9canicien volant<br\/><br\/>Flying Enginer'); <\/script><script type=\"text\/javascript\"> toolTips('.classtoolTips193','Royal Navy'); <\/script><script type=\"text\/javascript\"> toolTips('.classtoolTips195','Enseigne de Vaisseau'); <\/script><script type=\"text\/javascript\"> toolTips('.classtoolTips197','Aircraftman'); <\/script><script type=\"text\/javascript\"> toolTips('.classtoolTips199','Radio Officer'); <\/script><script type=\"text\/javascript\"> toolTips('.classtoolTips201','Lieutenant'); <\/script>","protected":false},"excerpt":{"rendered":"<p>Lysander L6852 4 Sqn Date : 09 mars 1940 Mission : Vol de liaison D\u00e9collage : Mons-en-Chauss\u00e9e (80) \u00e0 09:25 Causes de la perte : A l\u2019atterrissage mauvaise \u00e9valuation de l&#8217;altitude l&#8217;appareil rebondi sur la piste et se renverse Lieu de la perte : A\u00e9rodrome de Lille-Ronchin (59) Plt Off William Boyd ADAMSON Pil RAF [&hellip;]<\/p>\n","protected":false},"author":1,"featured_media":0,"parent":91,"menu_order":0,"comment_status":"closed","ping_status":"closed","template":"template-full-width Lysander.php","meta":{"_lmt_disableupdate":"yes","_lmt_disable":"","footnotes":""},"categories":[359],"tags":[421],"wf_page_folders":[3122],"class_list":["post-113656","page","type-page","status-publish","hentry","category-lysander","tag-4-squadron"],"_links":{"self":[{"href":"https:\/\/www.auzeau.fr\/39-45\/wp-json\/wp\/v2\/pages\/113656","targetHints":{"allow":["GET"]}}],"collection":[{"href":"https:\/\/www.auzeau.fr\/39-45\/wp-json\/wp\/v2\/pages"}],"about":[{"href":"https:\/\/www.auzeau.fr\/39-45\/wp-json\/wp\/v2\/types\/page"}],"author":[{"embeddable":true,"href":"https:\/\/www.auzeau.fr\/39-45\/wp-json\/wp\/v2\/users\/1"}],"replies":[{"embeddable":true,"href":"https:\/\/www.auzeau.fr\/39-45\/wp-json\/wp\/v2\/comments?post=113656"}],"version-history":[{"count":0,"href":"https:\/\/www.auzeau.fr\/39-45\/wp-json\/wp\/v2\/pages\/113656\/revisions"}],"up":[{"embeddable":true,"href":"https:\/\/www.auzeau.fr\/39-45\/wp-json\/wp\/v2\/pages\/91"}],"wp:attachment":[{"href":"https:\/\/www.auzeau.fr\/39-45\/wp-json\/wp\/v2\/media?parent=113656"}],"wp:term":[{"taxonomy":"category","embeddable":true,"href":"https:\/\/www.auzeau.fr\/39-45\/wp-json\/wp\/v2\/categories?post=113656"},{"taxonomy":"post_tag","embeddable":true,"href":"https:\/\/www.auzeau.fr\/39-45\/wp-json\/wp\/v2\/tags?post=113656"},{"taxonomy":"wf_page_folders","embeddable":true,"href":"https:\/\/www.auzeau.fr\/39-45\/wp-json\/wp\/v2\/wf_page_folders?post=113656"}],"curies":[{"name":"wp","href":"https:\/\/api.w.org\/{rel}","templated":true}]}}