{"id":113556,"date":"2025-09-15T12:52:42","date_gmt":"2025-09-15T10:52:42","guid":{"rendered":"https:\/\/www.auzeau.fr\/39-45\/?page_id=113556"},"modified":"2025-09-15T12:00:00","modified_gmt":"2025-09-15T10:00:00","slug":"34-clermont-de-lherault","status":"publish","type":"page","link":"https:\/\/www.auzeau.fr\/39-45\/france\/34-herault\/34-clermont-de-lherault\/","title":{"rendered":"34 &#8211; Clermont-de-l&#8217;H\u00e9rault"},"content":{"rendered":"<p><img fetchpriority=\"high\" decoding=\"async\" class=\"aligncenter size-full wp-image-113553\" title=\"Clermony-de-l'h\u00e9rault\" src=\"https:\/\/www.auzeau.fr\/39-45\/wp-content\/uploads\/Cimetieres\/31%20--%2060\/34-Herault\/34%20-%20Clermont-de-l'H\u00e9rault\/Clermony-de-lherault.webp\" alt=\"\" width=\"900\" height=\"600\" \/><\/p>\n<table style=\"width: 100%; height: 494px;\" border=\"0\">\n<tbody>\n<tr style=\"height: 21px;\">\n<td style=\"width: 5%; height: 21px;\"><\/td>\n<td style=\"width: 5%; height: 21px;\"><\/td>\n<td style=\"width: 5%; height: 21px;\"><\/td>\n<td style=\"width: 5%; height: 21px;\"><\/td>\n<td style=\"width: 5%; height: 21px;\"><\/td>\n<td style=\"width: 5%; height: 21px;\"><\/td>\n<td style=\"width: 5%; height: 21px;\"><\/td>\n<td style=\"width: 5%; height: 21px;\"><\/td>\n<td style=\"width: 5%; height: 21px;\"><\/td>\n<td style=\"width: 5%; height: 21px;\"><\/td>\n<td style=\"width: 5%; height: 21px;\"><\/td>\n<td style=\"width: 5%; height: 21px;\"><\/td>\n<td style=\"width: 5%; height: 21px;\"><\/td>\n<td style=\"width: 5%; height: 21px;\"><\/td>\n<td style=\"width: 5%; height: 21px;\"><\/td>\n<td style=\"width: 5.12121%; height: 21px;\"><\/td>\n<td style=\"width: 4.87879%; height: 21px;\"><\/td>\n<td style=\"width: 5%; height: 21px;\"><\/td>\n<td style=\"width: 5%; height: 21px;\"><\/td>\n<td style=\"width: 5%; height: 21px;\"><\/td>\n<\/tr>\n<tr style=\"height: 48px;\">\n<td style=\"width: 75%; height: 48px;\" colspan=\"15\"><span style=\"font-size: xx-large; color: #000000;\"><strong>Lysander ?<br \/>\n<\/strong><\/span><\/td>\n<td style=\"text-align: center; width: 25%; height: 48px;\" colspan=\"5\"><strong><span style=\"font-size: xx-large;\">Groupe de Combat n\u00b01<br \/>\n<\/span><\/strong><\/td>\n<\/tr>\n<tr style=\"height: 40px;\">\n<td style=\"text-align: right; width: 10%; height: 21px;\" colspan=\"2\"><strong>Date : <\/strong><\/td>\n<td style=\"width: 25%; height: 21px;\" colspan=\"5\"><em>\u00a0\u00a011 novembre 1940<br \/>\n<\/em><\/td>\n<td style=\"text-align: right; width: 15%; height: 21px;\" colspan=\"3\"><strong>Mission : <\/strong><\/td>\n<td style=\"width: 50%; height: 21px;\" colspan=\"10\"><em>\u00a0Vol de liaison Kribi &#8211; Douala (Cameroun)<br \/>\n<\/em><\/td>\n<\/tr>\n<tr style=\"height: 40px;\">\n<td style=\"width: 5%; height: 21px;\"><\/td>\n<td style=\"width: 5%; height: 21px;\"><\/td>\n<td style=\"text-align: right; width: 25%; height: 21px;\" colspan=\"5\"><strong>D\u00e9collage :<\/strong><\/td>\n<td style=\"width: 50%; height: 21px;\" colspan=\"10\"><em> \u00a0Kribi (Cameroun)<br \/>\n<\/em><\/td>\n<td style=\"width: 5%; height: 21px;\"><\/td>\n<td style=\"width: 5%; height: 21px;\"><\/td>\n<td style=\"width: 5%; height: 21px;\"><\/td>\n<\/tr>\n<tr style=\"height: 40px;\">\n<td style=\"width: 5%; height: 21px;\"><\/td>\n<td style=\"width: 5%; height: 21px;\"><\/td>\n<td style=\"text-align: right; width: 25%; height: 21px;\" colspan=\"5\"><strong>Causes de la perte :<\/strong><\/td>\n<td style=\"width: 65%; height: 21px;\" colspan=\"13\"><em>\u00a0\u00a0Au d\u00e9collage, l\u2019avion s&#8217;est soudainement cabr\u00e9 puis a d\u00e9croch\u00e9.<br \/>\n<\/em><\/td>\n<\/tr>\n<tr style=\"height: 40px;\">\n<td style=\"width: 5%; height: 21px;\"><\/td>\n<td style=\"width: 5%; height: 21px;\"><\/td>\n<td style=\"text-align: right; width: 25%; height: 21px;\" colspan=\"5\"><strong>Lieu de la perte :<br \/>\n<\/strong><\/td>\n<td style=\"width: 50%; height: 21px;\" colspan=\"10\"><em>\u00a0Kribi (Cameroun)<\/em><\/td>\n<td style=\"width: 5%; height: 21px;\"><\/td>\n<td style=\"width: 5%; height: 21px;\"><\/td>\n<td style=\"width: 5%; height: 21px;\"><\/td>\n<\/tr>\n<tr style=\"height: 60px;\">\n<td style=\"width: 5%; height: 31px;\"><img decoding=\"async\" class=\"size-full wp-image-47214 alignleft\" title=\"France\" src=\"https:\/\/www.auzeau.fr\/39-45\/wp-content\/uploads\/images\/Drapeaux\/France.png\" alt=\"France\" width=\"40\" height=\"20\" \/><\/td>\n<td style=\"width: 5%; height: 31px;\"><span class='tooltipsall tooltipsincontent classtoolTips96'>Sgt<\/span><\/td>\n<td style=\"width: 25%; height: 31px;\" colspan=\"5\">\u00c9douard Ludovic Marcel<\/td>\n<td style=\"width: 15%; height: 31px;\" colspan=\"3\"><span style=\"color: #000000;\"><strong>G\u00c9RARD<br \/>\n<\/strong><\/span><\/td>\n<td style=\"width: 5%; height: 31px;\"><span class='tooltipsall tooltipsincontent classtoolTips151'>Pil<\/span><\/td>\n<td style=\"text-align: center; width: 5%; height: 31px;\"><span class='tooltipsall tooltipsincontent classtoolTips69'>FAFL<\/span><\/td>\n<td style=\"width: 10%; height: 31px;\" colspan=\"2\">27.101<\/td>\n<td style=\"width: 5%; height: 31px; text-align: center;\"><span style=\"color: #000000;\"><strong><span class='tooltipsall tooltipsincontent classtoolTips125'>NBC<\/span><\/strong><\/span><\/td>\n<td style=\"width: 25%; height: 31px;\" colspan=\"5\"><span style=\"color: #000000;\"><strong><span class='tooltipsall tooltipsincontent classtoolTips126'>MPF<\/span> <\/strong><\/span><a href=\"https:\/\/www.auzeau.fr\/39-45\/france\/56-morbihan\/56-lamor-plage\/\"><span style=\"font-size: 8pt;\">Inhum\u00e9 \u00e0 Lamor-Plage (56)<\/span><\/a><span style=\"color: #000000;\"><strong><br \/>\n<\/strong><\/span><\/td>\n<\/tr>\n<tr style=\"height: 60px;\">\n<td style=\"width: 5%; height: 31px;\"><img decoding=\"async\" class=\"size-full wp-image-47214 alignleft\" title=\"France\" src=\"https:\/\/www.auzeau.fr\/39-45\/wp-content\/uploads\/images\/Drapeaux\/France.png\" alt=\"France\" width=\"40\" height=\"20\" \/><\/td>\n<td style=\"width: 5%; height: 31px;\"><span class='tooltipsall tooltipsincontent classtoolTips89'>SCH<\/span><\/td>\n<td style=\"width: 25%; height: 31px;\" colspan=\"5\">Raymond Jean<\/td>\n<td style=\"width: 15%; height: 31px;\" colspan=\"3\"><span style=\"color: #000000;\"><strong>LACOMBE<br \/>\n<\/strong><\/span><\/td>\n<td style=\"width: 5%; height: 31px;\"><span class='tooltipsall tooltipsincontent classtoolTips115'>WOP<\/span> <span class='tooltipsall tooltipsincontent classtoolTips185'>AG<\/span><\/td>\n<td style=\"text-align: center; width: 5%; height: 31px;\"><span class='tooltipsall tooltipsincontent classtoolTips69'>FAFL<\/span><\/td>\n<td style=\"width: 10%; height: 31px;\" colspan=\"2\">30.259<\/td>\n<td style=\"width: 5%; height: 31px; text-align: center;\"><span style=\"color: #000000;\"><strong><span class='tooltipsall tooltipsincontent classtoolTips125'>NBC<\/span><\/strong><\/span><\/td>\n<td style=\"width: 25%; height: 31px;\" colspan=\"5\"><span style=\"color: #000000;\"><strong><span class='tooltipsall tooltipsincontent classtoolTips126'>MPF<\/span> \u00a0 \u00a0 \u00a0 \u00a0<\/strong><\/span><span style=\"font-size: 8pt;\">\u00a0<\/span><span style=\"color: #000000;\"><strong><br \/>\n<\/strong><\/span><\/td>\n<\/tr>\n<tr style=\"height: 21px;\">\n<td style=\"width: 100%; height: 21px;\" colspan=\"20\" height=\"20\"><\/td>\n<\/tr>\n<tr style=\"height: 194px;\">\n<td style=\"width: 100%; height: 194px;\" colspan=\"20\"><div id='gallery-1' class='gallery galleryid-113556 gallery-columns-3 gallery-size-thumbnail'><figure class='gallery-item'>\n\t\t\t<div class='gallery-icon landscape'>\n\t\t\t\t<a title=\"Raymond Lacombe\"  title=\"Raymond Lacombe\"  href='https:\/\/www.auzeau.fr\/39-45\/wp-content\/uploads\/Cimetieres\/31%20--%2060\/34-Herault\/34%20-%20Clermont-de-l&#039;H\u00e9rault\/Raymond-Lacombe.webp'><img decoding=\"async\" width=\"150\" height=\"150\" src=\"https:\/\/www.auzeau.fr\/39-45\/wp-content\/uploads\/Cimetieres\/31 -- 60\/34-Herault\/34 - Clermont-de-l&#039;H\u00e9rault\/Raymond-Lacombe-150x150.webp\" class=\"attachment-thumbnail size-thumbnail\" alt=\"\" srcset=\"https:\/\/www.auzeau.fr\/39-45\/wp-content\/uploads\/Cimetieres\/31%20--%2060\/34-Herault\/34%20-%20Clermont-de-l&#039;H\u00e9rault\/Raymond-Lacombe-150x150.webp 150w, https:\/\/www.auzeau.fr\/39-45\/wp-content\/uploads\/Cimetieres\/31%20--%2060\/34-Herault\/34%20-%20Clermont-de-l&#039;H\u00e9rault\/Raymond-Lacombe-50x50.webp 50w\" sizes=\"(max-width: 150px) 100vw, 150px\" \/><\/a>\n\t\t\t<\/div><\/figure><figure class='gallery-item'>\n\t\t\t<div class='gallery-icon landscape'>\n\t\t\t\t<a title=\"Raymond Lacombe\"  title=\"Raymond Lacombe\"  href='https:\/\/www.auzeau.fr\/39-45\/wp-content\/uploads\/Cimetieres\/31%20--%2060\/34-Herault\/34%20-%20Clermont-de-l&#039;H\u00e9rault\/Lacombe.webp'><img loading=\"lazy\" decoding=\"async\" width=\"150\" height=\"150\" src=\"https:\/\/www.auzeau.fr\/39-45\/wp-content\/uploads\/Cimetieres\/31 -- 60\/34-Herault\/34 - Clermont-de-l&#039;H\u00e9rault\/Lacombe-150x150.webp\" class=\"attachment-thumbnail size-thumbnail\" alt=\"\" srcset=\"https:\/\/www.auzeau.fr\/39-45\/wp-content\/uploads\/Cimetieres\/31%20--%2060\/34-Herault\/34%20-%20Clermont-de-l&#039;H\u00e9rault\/Lacombe-150x150.webp 150w, https:\/\/www.auzeau.fr\/39-45\/wp-content\/uploads\/Cimetieres\/31%20--%2060\/34-Herault\/34%20-%20Clermont-de-l&#039;H\u00e9rault\/Lacombe-50x50.webp 50w\" sizes=\"(max-width: 150px) 100vw, 150px\" \/><\/a>\n\t\t\t<\/div><\/figure><figure class='gallery-item'>\n\t\t\t<div class='gallery-icon portrait'>\n\t\t\t\t<a title=\"Raymond Lacombe\"  title=\"Raymond Lacombe\"  href='https:\/\/www.auzeau.fr\/39-45\/wp-content\/uploads\/Cimetieres\/31%20--%2060\/34-Herault\/34%20-%20Clermont-de-l&#039;H\u00e9rault\/R-Lacombe.webp'><img loading=\"lazy\" decoding=\"async\" width=\"150\" height=\"150\" src=\"https:\/\/www.auzeau.fr\/39-45\/wp-content\/uploads\/Cimetieres\/31 -- 60\/34-Herault\/34 - Clermont-de-l&#039;H\u00e9rault\/R-Lacombe-150x150.webp\" class=\"attachment-thumbnail size-thumbnail\" alt=\"\" srcset=\"https:\/\/www.auzeau.fr\/39-45\/wp-content\/uploads\/Cimetieres\/31%20--%2060\/34-Herault\/34%20-%20Clermont-de-l&#039;H\u00e9rault\/R-Lacombe-150x150.webp 150w, https:\/\/www.auzeau.fr\/39-45\/wp-content\/uploads\/Cimetieres\/31%20--%2060\/34-Herault\/34%20-%20Clermont-de-l&#039;H\u00e9rault\/R-Lacombe-50x50.webp 50w\" sizes=\"(max-width: 150px) 100vw, 150px\" \/><\/a>\n\t\t\t<\/div><\/figure>\n\t\t<\/div>\n<\/td>\n<\/tr>\n<\/tbody>\n<\/table>\n<hr \/>\n<ul id=\"menu-34-herault\" class=\"menu\"><li id=\"menu-item-102015\" class=\"menu-item menu-item-type-post_type menu-item-object-page menu-item-102015\"><a href=\"https:\/\/www.auzeau.fr\/39-45\/france\/34-herault\/34-montpellier-cimetiere-protestant\/\">34 \u2013 Montpellier cimeti\u00e8re protestant<\/a><\/li>\n<li id=\"menu-item-102013\" class=\"menu-item menu-item-type-post_type menu-item-object-page menu-item-102013\"><a href=\"https:\/\/www.auzeau.fr\/39-45\/france\/34-herault\/34-sete-cimetiere-du-py\/\">34 \u2013 S\u00e8te cimeti\u00e8re du Py<\/a><\/li>\n<li id=\"menu-item-102014\" class=\"menu-item menu-item-type-post_type menu-item-object-page menu-item-102014\"><a href=\"https:\/\/www.auzeau.fr\/39-45\/france\/34-herault\/34-vias\/\">34 \u2013 Vias<\/a><\/li>\n<li id=\"menu-item-113587\" class=\"menu-item menu-item-type-post_type menu-item-object-page menu-item-113587\"><a href=\"https:\/\/www.auzeau.fr\/39-45\/france\/34-herault\/34-clermont-de-lherault\/\">34 \u2013 Clermont-de-l\u2019H\u00e9rault<\/a><\/li>\n<\/ul>\n<script type=\"text\/javascript\"> toolTips('.classtoolTips69','Force A\u00e9rienne Fran\u00e7aise Libre<br\/><br\/>Free French Air Force'); <\/script><script type=\"text\/javascript\"> toolTips('.classtoolTips89','Sergent-Chef'); <\/script><script type=\"text\/javascript\"> toolTips('.classtoolTips95','Leading Aircraftman'); <\/script><script type=\"text\/javascript\"> toolTips('.classtoolTips96','Sergent<br\/><br\/>Sergeant'); <\/script><script type=\"text\/javascript\"> toolTips('.classtoolTips98','Colonel'); <\/script><script type=\"text\/javascript\"> toolTips('.classtoolTips115','Op\u00e9rateur Radio<br\/><br\/>Wireless Op\u00e9rator'); <\/script><script type=\"text\/javascript\"> toolTips('.classtoolTips125','Perte hors combat<br\/><br\/>No Battle Casualty'); <\/script><script type=\"text\/javascript\"> toolTips('.classtoolTips126','Mort Pour la France'); <\/script><script type=\"text\/javascript\"> toolTips('.classtoolTips132','Force A\u00e9rienne Fran\u00e7aise<br\/><br\/>French Air Force'); <\/script><script type=\"text\/javascript\"> toolTips('.classtoolTips144','Royal Corps of Signals'); <\/script><script type=\"text\/javascript\"> toolTips('.classtoolTips151','Pilote<br\/><br\/>Pilot'); <\/script><script type=\"text\/javascript\"> toolTips('.classtoolTips153','Porucznik'); <\/script><script type=\"text\/javascript\"> toolTips('.classtoolTips173','Leading Airman'); <\/script><script type=\"text\/javascript\"> toolTips('.classtoolTips182','Warrant Officer'); <\/script><script type=\"text\/javascript\"> toolTips('.classtoolTips185','Mitrailleur<br\/><br\/>Air Gunner'); <\/script><script type=\"text\/javascript\"> toolTips('.classtoolTips188','Bombardier<br\/><br\/>Air bomber'); <\/script><script type=\"text\/javascript\"> toolTips('.classtoolTips189','M\u00e9canicien volant<br\/><br\/>Flying Enginer'); <\/script><script type=\"text\/javascript\"> toolTips('.classtoolTips197','Aircraftman'); <\/script><script type=\"text\/javascript\"> toolTips('.classtoolTips199','Radio Officer'); <\/script><script type=\"text\/javascript\"> toolTips('.classtoolTips201','Lieutenant'); <\/script>","protected":false},"excerpt":{"rendered":"<p>Lysander ? Groupe de Combat n\u00b01 Date : \u00a0\u00a011 novembre 1940 Mission : \u00a0Vol de liaison Kribi &#8211; Douala (Cameroun) D\u00e9collage : \u00a0Kribi (Cameroun) Causes de la perte : \u00a0\u00a0Au d\u00e9collage, l\u2019avion s&#8217;est soudainement cabr\u00e9 puis a d\u00e9croch\u00e9. Lieu de la perte : \u00a0Kribi (Cameroun) Sgt \u00c9douard Ludovic Marcel G\u00c9RARD Pil FAFL 27.101 NBC MPF [&hellip;]<\/p>\n","protected":false},"author":1,"featured_media":0,"parent":101828,"menu_order":0,"comment_status":"closed","ping_status":"closed","template":"template-full-width Lysander.php","meta":{"_lmt_disableupdate":"yes","_lmt_disable":"","footnotes":""},"categories":[359],"tags":[3052],"wf_page_folders":[10358],"class_list":["post-113556","page","type-page","status-publish","hentry","category-lysander","tag-groupe-de-combat-n1"],"_links":{"self":[{"href":"https:\/\/www.auzeau.fr\/39-45\/wp-json\/wp\/v2\/pages\/113556","targetHints":{"allow":["GET"]}}],"collection":[{"href":"https:\/\/www.auzeau.fr\/39-45\/wp-json\/wp\/v2\/pages"}],"about":[{"href":"https:\/\/www.auzeau.fr\/39-45\/wp-json\/wp\/v2\/types\/page"}],"author":[{"embeddable":true,"href":"https:\/\/www.auzeau.fr\/39-45\/wp-json\/wp\/v2\/users\/1"}],"replies":[{"embeddable":true,"href":"https:\/\/www.auzeau.fr\/39-45\/wp-json\/wp\/v2\/comments?post=113556"}],"version-history":[{"count":0,"href":"https:\/\/www.auzeau.fr\/39-45\/wp-json\/wp\/v2\/pages\/113556\/revisions"}],"up":[{"embeddable":true,"href":"https:\/\/www.auzeau.fr\/39-45\/wp-json\/wp\/v2\/pages\/101828"}],"wp:attachment":[{"href":"https:\/\/www.auzeau.fr\/39-45\/wp-json\/wp\/v2\/media?parent=113556"}],"wp:term":[{"taxonomy":"category","embeddable":true,"href":"https:\/\/www.auzeau.fr\/39-45\/wp-json\/wp\/v2\/categories?post=113556"},{"taxonomy":"post_tag","embeddable":true,"href":"https:\/\/www.auzeau.fr\/39-45\/wp-json\/wp\/v2\/tags?post=113556"},{"taxonomy":"wf_page_folders","embeddable":true,"href":"https:\/\/www.auzeau.fr\/39-45\/wp-json\/wp\/v2\/wf_page_folders?post=113556"}],"curies":[{"name":"wp","href":"https:\/\/api.w.org\/{rel}","templated":true}]}}