{"id":113542,"date":"2025-09-15T12:52:42","date_gmt":"2025-09-15T10:52:42","guid":{"rendered":"https:\/\/www.auzeau.fr\/39-45\/?page_id=113542"},"modified":"2025-09-15T12:00:00","modified_gmt":"2025-09-15T10:00:00","slug":"37-tours-cimetiere-la-salle-4","status":"publish","type":"page","link":"https:\/\/www.auzeau.fr\/39-45\/france\/37-indre-et-loire\/37-tours-cimetiere-la-salle-4\/","title":{"rendered":"37 &#8211; Tours Cimeti\u00e8re La Salle"},"content":{"rendered":"<p><img fetchpriority=\"high\" decoding=\"async\" class=\"aligncenter size-full wp-image-67514\" title=\"Tours_Lasalle\" src=\"https:\/\/www.auzeau.fr\/39-45\/wp-content\/uploads\/Cimetieres\/31%20--%2060\/37-Indre-et-Loire\/Tours_La_Salle\/Tours_Lasalle.jpg\" alt=\"\" width=\"900\" height=\"450\" \/><\/p>\n<table style=\"width: 100%;\" border=\"0\">\n<tbody>\n<tr>\n<td style=\"width: 5%;\"><\/td>\n<td style=\"width: 5%;\"><\/td>\n<td style=\"width: 5%;\"><\/td>\n<td style=\"width: 5%;\"><\/td>\n<td style=\"width: 5%;\"><\/td>\n<td style=\"width: 5%;\"><\/td>\n<td style=\"width: 5%;\"><\/td>\n<td style=\"width: 5%;\"><\/td>\n<td style=\"width: 5%;\"><\/td>\n<td style=\"width: 5%;\"><\/td>\n<td style=\"width: 5%;\"><\/td>\n<td style=\"width: 5%;\"><\/td>\n<td style=\"width: 5%;\"><\/td>\n<td style=\"width: 5%;\"><\/td>\n<td style=\"width: 5%;\"><\/td>\n<td style=\"width: 5%;\"><\/td>\n<td style=\"width: 5%;\"><\/td>\n<td style=\"width: 5%;\"><\/td>\n<td style=\"width: 5%;\"><\/td>\n<td style=\"width: 5%;\"><\/td>\n<\/tr>\n<tr>\n<td colspan=\"15\"><span style=\"color: #000000;\"><strong><span style=\"font-size: xx-large;\">Douglas A-24 n\u00b0 528<br \/>\n<\/span><\/strong><\/span><\/td>\n<td style=\"text-align: center;\" colspan=\"5\"><strong><span style=\"font-size: xx-large;\">Groupe &#8220;Picardie&#8221;<br \/>\n<\/span><\/strong><\/td>\n<\/tr>\n<tr style=\"height: 40px;\">\n<td style=\"text-align: right;\" colspan=\"2\"><span style=\"font-size: 14px;\"><strong>Date :\u00a0<\/strong><\/span><\/td>\n<td colspan=\"5\"><span style=\"font-size: 14px;\"><em>\u00a004 ao\u00fbt 1944<br \/>\n<\/em><\/span><\/td>\n<td style=\"text-align: right;\" colspan=\"3\"><span style=\"font-size: 14px;\"><strong>Mission :\u00a0<\/strong><\/span><\/td>\n<td colspan=\"10\"><span style=\"font-size: 14px;\"><em>\u00a0Convoyage de l&#8217;appareil de la Syrie vers l&#8217;Alg\u00e9rie<br \/>\n<\/em><\/span><\/td>\n<\/tr>\n<tr style=\"height: 40px;\">\n<td><span style=\"font-size: 14px;\">\u00a0<\/span><\/td>\n<td><span style=\"font-size: 14px;\">\u00a0<\/span><\/td>\n<td style=\"text-align: right;\" colspan=\"5\"><span style=\"font-size: 14px;\"><strong>D\u00e9collage :\u00a0 <\/strong><\/span><\/td>\n<td colspan=\"10\"><span style=\"font-size: 14px;\"><em>\u00a0Palmyre (Syrie)<br \/>\n<\/em><\/span><\/td>\n<td><span style=\"font-size: 14px;\">\u00a0<\/span><\/td>\n<td><span style=\"font-size: 14px;\">\u00a0<\/span><\/td>\n<td><span style=\"font-size: 14px;\">\u00a0<\/span><\/td>\n<\/tr>\n<tr style=\"height: 40px;\">\n<td><span style=\"font-size: 14px;\">\u00a0<\/span><\/td>\n<td><span style=\"font-size: 14px;\">\u00a0<\/span><\/td>\n<td style=\"text-align: right;\" colspan=\"5\"><span style=\"font-size: 14px;\"><strong>Causes de la perte :\u00a0<\/strong><\/span><\/td>\n<td colspan=\"12\"><span style=\"font-size: 14px;\">\u00a0<em>Percute le sol pr\u00e8s du terrain de Petha-Tiqva<\/em><br \/>\n<\/span><\/td>\n<td><span style=\"font-size: 14px;\">\u00a0<\/span><\/td>\n<\/tr>\n<tr style=\"height: 40px;\">\n<td><span style=\"font-size: 14px;\">\u00a0<\/span><\/td>\n<td><span style=\"font-size: 14px;\">\u00a0<\/span><\/td>\n<td style=\"text-align: right;\" colspan=\"5\"><span style=\"font-size: 14px;\"><strong>Lieu de la perte :<br \/>\n<\/strong><\/span><\/td>\n<td colspan=\"10\"><span style=\"font-size: 14px;\"><em>\u00a0Petha-Tiqva (Isra\u00ebl)<br \/>\n<\/em><\/span><\/td>\n<td><span style=\"font-size: 14px;\">\u00a0<\/span><\/td>\n<td><span style=\"font-size: 14px;\">\u00a0<\/span><\/td>\n<td><span style=\"font-size: 14px;\">\u00a0<\/span><\/td>\n<\/tr>\n<tr style=\"height: 60px;\">\n<td><span style=\"font-size: 14px;\"><img decoding=\"async\" class=\"aligncenter size-full wp-image-47214\" title=\"France\" src=\"https:\/\/www.auzeau.fr\/39-45\/wp-content\/uploads\/images\/Drapeaux\/France.png\" alt=\"France\" width=\"40\" height=\"20\" \/><\/span><\/td>\n<td><span style=\"font-size: 14px;\"><span class='tooltipsall tooltipsincontent classtoolTips201'>Lt<\/span><\/span><\/td>\n<td colspan=\"5\"><span style=\"font-size: 14px;\">Ren\u00e9 Marcel<\/span><\/td>\n<td colspan=\"3\"><span style=\"font-size: 14px; color: #000000;\"><strong>GAUCHER<\/strong><\/span><\/td>\n<td style=\"text-align: center;\"><span style=\"font-size: 14px;\"><span class='tooltipsall tooltipsincontent classtoolTips189'>FE<\/span><\/span><\/td>\n<td style=\"text-align: center;\"><span style=\"font-size: 14px;\"><span class='tooltipsall tooltipsincontent classtoolTips69'>FAFL<\/span><\/span><\/td>\n<td style=\"text-align: center;\" colspan=\"2\"><\/td>\n<td><span style=\"font-size: 14px; color: #000000;\"><strong><span class='tooltipsall tooltipsincontent classtoolTips125'>NBC<\/span><\/strong><\/span><\/td>\n<td colspan=\"5\"><span style=\"color: #000000;\"><strong><span style=\"font-size: 14px;\"><span class='tooltipsall tooltipsincontent classtoolTips126'>MPF<\/span><\/span><\/strong><\/span><img decoding=\"async\" class=\"size-full wp-image-67178 alignleft\" title=\"M\u00e9daille de la R\u00e9sistance\" src=\"https:\/\/www.auzeau.fr\/39-45\/wp-content\/uploads\/images\/Medaille\/Medaille_de_la_Resistance.png\" alt=\"M\u00e9daille de la R\u00e9sistance\" width=\"73\" height=\"20\" \/><\/td>\n<\/tr>\n<tr style=\"height: 60px;\">\n<td><span style=\"font-size: 14px;\"><img decoding=\"async\" class=\"aligncenter size-full wp-image-47214\" title=\"France\" src=\"https:\/\/www.auzeau.fr\/39-45\/wp-content\/uploads\/images\/Drapeaux\/France.png\" alt=\"France\" width=\"40\" height=\"20\" \/><\/span><\/td>\n<td><span style=\"font-size: 14px;\"><span class='tooltipsall tooltipsincontent classtoolTips181'>SLT<\/span><\/span><\/td>\n<td colspan=\"5\"><span style=\"font-size: 14px;\">Jean Auguste<br \/>\n<\/span><\/td>\n<td colspan=\"3\"><span style=\"font-size: 14px; color: #000000;\"><strong>LE BRIS<br \/>\n<\/strong><\/span><\/td>\n<td style=\"text-align: center;\"><span style=\"font-size: 14px;\"><span class='tooltipsall tooltipsincontent classtoolTips151'>Pil<\/span><\/span><\/td>\n<td style=\"text-align: center;\"><span style=\"font-size: 14px;\"><span class='tooltipsall tooltipsincontent classtoolTips69'>FAFL<\/span><\/span><\/td>\n<td style=\"text-align: center;\" colspan=\"2\">30.067<\/td>\n<td><span style=\"font-size: 14px; color: #000000;\"><strong><span class='tooltipsall tooltipsincontent classtoolTips125'>NBC<\/span><\/strong><\/span><\/td>\n<td colspan=\"5\"><span style=\"color: #000000;\"><strong><span style=\"font-size: 14px;\"><span class='tooltipsall tooltipsincontent classtoolTips126'>MPF<\/span><\/span><\/strong><\/span> <a href=\"https:\/\/www.auzeau.fr\/39-45\/france\/29-finistere\/29-le-conquet-2\/\"><span style=\"font-size: 8pt;\">Inhumation au Conquet (29)<\/span><\/a><\/td>\n<\/tr>\n<\/tbody>\n<\/table>\n<table style=\"width: 100%; border-collapse: collapse; background-color: #dcdcdc;\">\n<tbody>\n<tr>\n<td style=\"width: 100%; text-align: center;\"><ul id=\"menu-37-tour-la-salle\" class=\"menu\"><li id=\"menu-item-68102\" class=\"menu-item menu-item-type-post_type menu-item-object-page menu-item-68102\"><a href=\"https:\/\/www.auzeau.fr\/39-45\/france\/37-indre-et-loire\/37-tours-cimetiere-la-salle\/\">MB210 n\u00b0 183<\/a><\/li>\n<li id=\"menu-item-68101\" class=\"menu-item menu-item-type-post_type menu-item-object-page menu-item-68101\"><a href=\"https:\/\/www.auzeau.fr\/39-45\/france\/37-indre-et-loire\/37-tours-cimetiere-la-salle-2\/\">LeO 451 n\u00b0 111<\/a><\/li>\n<li id=\"menu-item-68100\" class=\"menu-item menu-item-type-post_type menu-item-object-page menu-item-68100\"><a href=\"https:\/\/www.auzeau.fr\/39-45\/france\/37-indre-et-loire\/37-tours-cimetiere-la-salle-3\/\">LeO 451 n\u00b0 106<\/a><\/li>\n<li id=\"menu-item-113581\" class=\"menu-item menu-item-type-post_type menu-item-object-page menu-item-113581\"><a href=\"https:\/\/www.auzeau.fr\/39-45\/france\/37-indre-et-loire\/37-tours-cimetiere-la-salle-4\/\">Douglas A-24 n\u00b0 528<\/a><\/li>\n<\/ul><\/td>\n<\/tr>\n<\/tbody>\n<\/table>\n<p style=\"text-align: center;\"><ul id=\"menu-37-indre-et-loire\" class=\"menu\"><li id=\"menu-item-53990\" class=\"menu-item menu-item-type-post_type menu-item-object-page menu-item-53990\"><a href=\"https:\/\/www.auzeau.fr\/39-45\/france\/37-indre-et-loire\/37-chateau-renault\/\">37 \u2013 Ch\u00e2teau-Renault<\/a><\/li>\n<li id=\"menu-item-67602\" class=\"menu-item menu-item-type-post_type menu-item-object-page menu-item-67602\"><a href=\"https:\/\/www.auzeau.fr\/39-45\/france\/37-indre-et-loire\/37-civray-de-touraine\/\">37 \u2013 Civray-de-Touraine<\/a><\/li>\n<li id=\"menu-item-67322\" class=\"menu-item menu-item-type-post_type menu-item-object-page menu-item-67322\"><a href=\"https:\/\/www.auzeau.fr\/39-45\/france\/37-indre-et-loire\/37-joue-les-tours\/\">37 \u2013 Jou\u00e9-l\u00e8s-Tours<\/a><\/li>\n<li id=\"menu-item-68106\" class=\"menu-item menu-item-type-post_type menu-item-object-page menu-item-68106\"><a href=\"https:\/\/www.auzeau.fr\/39-45\/france\/37-indre-et-loire\/37-la-riche\/\">37 \u2013 La Riche<\/a><\/li>\n<li id=\"menu-item-53991\" class=\"menu-item menu-item-type-post_type menu-item-object-page menu-item-53991\"><a href=\"https:\/\/www.auzeau.fr\/39-45\/france\/37-indre-et-loire\/37-lignieres-de-touraine\/\">37 \u2013 Ligni\u00e8res-de-Touraine<\/a><\/li>\n<li id=\"menu-item-68108\" class=\"menu-item menu-item-type-post_type menu-item-object-page menu-item-68108\"><a href=\"https:\/\/www.auzeau.fr\/39-45\/france\/37-indre-et-loire\/37-rochecorbon\/\">37 \u2013 Rochecorbon<\/a><\/li>\n<li id=\"menu-item-68105\" class=\"menu-item menu-item-type-post_type menu-item-object-page menu-item-68105\"><a href=\"https:\/\/www.auzeau.fr\/39-45\/france\/37-indre-et-loire\/37-tours-cimetiere-la-salle\/\">37 \u2013 Tours Cimeti\u00e8re La Salle<\/a><\/li>\n<li id=\"menu-item-68107\" class=\"menu-item menu-item-type-post_type menu-item-object-page menu-item-68107\"><a href=\"https:\/\/www.auzeau.fr\/39-45\/france\/37-indre-et-loire\/37-tours-cimetiere-saint-symphorien\/\">37 \u2013 Tours Cimeti\u00e8re Saint Symphorien<\/a><\/li>\n<\/ul>\n<script type=\"text\/javascript\"> toolTips('.classtoolTips69','Force A\u00e9rienne Fran\u00e7aise Libre<br\/><br\/>Free French Air Force'); <\/script><script type=\"text\/javascript\"> toolTips('.classtoolTips98','Colonel'); <\/script><script type=\"text\/javascript\"> toolTips('.classtoolTips123','Secret Intelligence Service<br\/><br\/>Service Secret'); <\/script><script type=\"text\/javascript\"> toolTips('.classtoolTips125','Perte hors combat<br\/><br\/>No Battle Casualty'); <\/script><script type=\"text\/javascript\"> toolTips('.classtoolTips126','Mort Pour la France'); <\/script><script type=\"text\/javascript\"> toolTips('.classtoolTips132','Force A\u00e9rienne Fran\u00e7aise<br\/><br\/>French Air Force'); <\/script><script type=\"text\/javascript\"> toolTips('.classtoolTips138','<strong>Piste Avanc\u00e9e d\\'Aviation<\/strong><br\/><br\/>A\u00e9rodromes temporaires construits par les Alli\u00e9s au cours de la Seconde Guerre mondiale durant la lib\u00e9ration de l\\'Europe.<br\/><br\/><strong>Advanced Landing Ground<\/strong><br\/><br\/>Temporary advance airfields constructed by the Allies during World War II during the liberation of Europe.'); <\/script><script type=\"text\/javascript\"> toolTips('.classtoolTips150','Indemne<br\/><br\/>Unhurt'); <\/script><script type=\"text\/javascript\"> toolTips('.classtoolTips151','Pilote<br\/><br\/>Pilot'); <\/script><script type=\"text\/javascript\"> toolTips('.classtoolTips154','Groupe de Liaisons A\u00e9riennes'); <\/script><script type=\"text\/javascript\"> toolTips('.classtoolTips181','Sous-Lieutenant'); <\/script><script type=\"text\/javascript\"> toolTips('.classtoolTips185','Mitrailleur<br\/><br\/>Air Gunner'); <\/script><script type=\"text\/javascript\"> toolTips('.classtoolTips188','Bombardier<br\/><br\/>Air bomber'); <\/script><script type=\"text\/javascript\"> toolTips('.classtoolTips189','M\u00e9canicien volant<br\/><br\/>Flying Enginer'); <\/script><script type=\"text\/javascript\"> toolTips('.classtoolTips197','Aircraftman'); <\/script><script type=\"text\/javascript\"> toolTips('.classtoolTips199','Radio Officer'); <\/script><script type=\"text\/javascript\"> toolTips('.classtoolTips201','Lieutenant'); <\/script>","protected":false},"excerpt":{"rendered":"<p>Douglas A-24 n\u00b0 528 Groupe &#8220;Picardie&#8221; Date :\u00a0 \u00a004 ao\u00fbt 1944 Mission :\u00a0 \u00a0Convoyage de l&#8217;appareil de la Syrie vers l&#8217;Alg\u00e9rie \u00a0 \u00a0 D\u00e9collage :\u00a0 \u00a0Palmyre (Syrie) \u00a0 \u00a0 \u00a0 \u00a0 \u00a0 Causes de la perte :\u00a0 \u00a0Percute le sol pr\u00e8s du terrain de Petha-Tiqva \u00a0 \u00a0 \u00a0 Lieu de la perte : \u00a0Petha-Tiqva (Isra\u00ebl) [&hellip;]<\/p>\n","protected":false},"author":1,"featured_media":0,"parent":71,"menu_order":0,"comment_status":"closed","ping_status":"closed","template":"template-full-width Dauntless.php","meta":{"_lmt_disableupdate":"yes","_lmt_disable":"","footnotes":""},"categories":[3049],"tags":[11261],"wf_page_folders":[3121],"class_list":["post-113542","page","type-page","status-publish","hentry","category-a-24b-dauntless","tag-groupe-picardie"],"_links":{"self":[{"href":"https:\/\/www.auzeau.fr\/39-45\/wp-json\/wp\/v2\/pages\/113542","targetHints":{"allow":["GET"]}}],"collection":[{"href":"https:\/\/www.auzeau.fr\/39-45\/wp-json\/wp\/v2\/pages"}],"about":[{"href":"https:\/\/www.auzeau.fr\/39-45\/wp-json\/wp\/v2\/types\/page"}],"author":[{"embeddable":true,"href":"https:\/\/www.auzeau.fr\/39-45\/wp-json\/wp\/v2\/users\/1"}],"replies":[{"embeddable":true,"href":"https:\/\/www.auzeau.fr\/39-45\/wp-json\/wp\/v2\/comments?post=113542"}],"version-history":[{"count":0,"href":"https:\/\/www.auzeau.fr\/39-45\/wp-json\/wp\/v2\/pages\/113542\/revisions"}],"up":[{"embeddable":true,"href":"https:\/\/www.auzeau.fr\/39-45\/wp-json\/wp\/v2\/pages\/71"}],"wp:attachment":[{"href":"https:\/\/www.auzeau.fr\/39-45\/wp-json\/wp\/v2\/media?parent=113542"}],"wp:term":[{"taxonomy":"category","embeddable":true,"href":"https:\/\/www.auzeau.fr\/39-45\/wp-json\/wp\/v2\/categories?post=113542"},{"taxonomy":"post_tag","embeddable":true,"href":"https:\/\/www.auzeau.fr\/39-45\/wp-json\/wp\/v2\/tags?post=113542"},{"taxonomy":"wf_page_folders","embeddable":true,"href":"https:\/\/www.auzeau.fr\/39-45\/wp-json\/wp\/v2\/wf_page_folders?post=113542"}],"curies":[{"name":"wp","href":"https:\/\/api.w.org\/{rel}","templated":true}]}}