{"id":113526,"date":"2025-10-15T17:17:02","date_gmt":"2025-10-15T15:17:02","guid":{"rendered":"https:\/\/www.auzeau.fr\/39-45\/?page_id=113526"},"modified":"2025-10-15T17:00:00","modified_gmt":"2025-10-15T15:00:00","slug":"91-orsay","status":"publish","type":"page","link":"https:\/\/www.auzeau.fr\/39-45\/france\/91-essonne\/91-orsay\/","title":{"rendered":"91 &#8211; Orsay"},"content":{"rendered":"<p><img fetchpriority=\"high\" decoding=\"async\" class=\"aligncenter size-full wp-image-113524\" title=\"Orsay\" src=\"https:\/\/www.auzeau.fr\/39-45\/wp-content\/uploads\/Cimetieres\/60%20--\/91%20-%20Essonne\/91%20-%20Orsay\/Orsay.webp\" alt=\"\" width=\"900\" height=\"467\" \/><\/p>\n<table>\n<tbody>\n<tr>\n<td style=\"width: 5%;\"><\/td>\n<td style=\"width: 5%;\"><\/td>\n<td style=\"width: 2%;\"><\/td>\n<td style=\"width: 8%;\"><\/td>\n<td style=\"width: 5%;\"><\/td>\n<td style=\"width: 5%;\"><\/td>\n<td style=\"width: 5%;\"><\/td>\n<td style=\"width: 2%;\"><\/td>\n<td style=\"width: 8%;\"><\/td>\n<td style=\"width: 2%;\"><\/td>\n<td style=\"width: 5%;\"><\/td>\n<td style=\"width: 3%;\"><\/td>\n<td style=\"width: 5%;\"><\/td>\n<td style=\"width: 5%;\"><\/td>\n<td style=\"width: 5%;\"><\/td>\n<td style=\"width: 5%;\"><\/td>\n<td style=\"width: 5%;\"><\/td>\n<td style=\"width: 5%;\"><\/td>\n<td style=\"width: 5%;\"><\/td>\n<td style=\"width: 10%;\"><\/td>\n<\/tr>\n<tr>\n<td style=\"width: 75%;\" colspan=\"16\"><span style=\"font-size: xx-large;\"><strong><span style=\"color: #000000;\">Curtiss H75A2 n\u00b0 138<\/span><\/strong><\/span><\/td>\n<td style=\"width: 25%; text-align: center;\" colspan=\"4\"><span style=\"font-size: xx-large;\"><strong>GC II\/4<\/strong><\/span><\/td>\n<\/tr>\n<tr>\n<td style=\"width: 75%;\" colspan=\"16\"><\/td>\n<td style=\"width: 25%; text-align: center;\" colspan=\"4\"><\/td>\n<\/tr>\n<tr style=\"height: 40px;\">\n<td style=\"text-align: right; width: 5%;\"><\/td>\n<td style=\"text-align: right; width: 5%;\"><\/td>\n<td style=\"text-align: right; width: 2%;\"><\/td>\n<td style=\"text-align: right; width: 8%;\"><\/td>\n<td style=\"text-align: right; width: 5%;\"><\/td>\n<td style=\"text-align: right; width: 5%;\"><\/td>\n<td style=\"text-align: right; width: 5%;\"><\/td>\n<td style=\"text-align: right; width: 2%;\"><\/td>\n<td style=\"text-align: right; width: 8%;\"><\/td>\n<td style=\"text-align: right; width: 2%;\"><\/td>\n<td style=\"text-align: right; width: 5%;\"><\/td>\n<td style=\"text-align: right; width: 3%;\"><\/td>\n<td style=\"text-align: right; width: 5%;\"><\/td>\n<td style=\"text-align: right; width: 5%;\"><\/td>\n<td style=\"text-align: right; width: 5%;\"><\/td>\n<td style=\"text-align: right; width: 5%;\"><\/td>\n<td style=\"text-align: right; width: 5%;\"><\/td>\n<td style=\"text-align: right; width: 5%;\"><\/td>\n<td style=\"text-align: right; width: 5%;\"><\/td>\n<td style=\"text-align: right; width: 10%;\"><\/td>\n<\/tr>\n<tr>\n<td style=\"text-align: right; width: 5%;\"><\/td>\n<td style=\"text-align: right; width: 5%;\"><span style=\"font-size: 14px;\"><strong>Date<\/strong><\/span><\/td>\n<td style=\"width: 2%; text-align: center;\"><strong>:<\/strong><\/td>\n<td style=\"width: 13%; text-align: left;\" colspan=\"4\"><span style=\"font-size: 14px;\"><em>10 mai 1940<\/em><\/span><\/td>\n<td style=\"text-align: right; width: 2%;\"><\/td>\n<td style=\"text-align: right; width: 8%;\"><span style=\"font-size: 14px;\"><strong>Mission<\/strong><\/span><\/td>\n<td style=\"width: 2%; text-align: center;\"><strong><span style=\"font-size: 14px;\">:<\/span><\/strong><\/td>\n<td style=\"text-align: left; width: 53%;\" colspan=\"10\"><span style=\"font-size: 14px;\"><em>Protection du terrain<\/em><\/span><\/td>\n<\/tr>\n<tr style=\"height: 40px;\">\n<td style=\"text-align: right; width: 5%;\"><\/td>\n<td style=\"text-align: right; width: 5%;\"><\/td>\n<td style=\"width: 2%; text-align: center;\"><\/td>\n<td style=\"width: 8%; text-align: left;\"><\/td>\n<td style=\"text-align: right; width: 5%;\"><\/td>\n<td style=\"text-align: right; width: 5%;\"><\/td>\n<td style=\"text-align: right; width: 5%;\"><\/td>\n<td style=\"text-align: right; width: 2%;\"><\/td>\n<td style=\"text-align: right; width: 8%;\"><\/td>\n<td style=\"width: 2%; text-align: center;\"><\/td>\n<td style=\"text-align: left; width: 5%;\"><\/td>\n<td style=\"text-align: left; width: 3%;\"><\/td>\n<td style=\"text-align: left; width: 5%;\"><\/td>\n<td style=\"text-align: left; width: 5%;\"><\/td>\n<td style=\"text-align: left; width: 5%;\"><\/td>\n<td style=\"text-align: left; width: 5%;\"><\/td>\n<td style=\"text-align: left; width: 5%;\"><\/td>\n<td style=\"text-align: left; width: 5%;\"><\/td>\n<td style=\"text-align: left; width: 5%;\"><\/td>\n<td style=\"text-align: left; width: 10%;\"><\/td>\n<\/tr>\n<tr style=\"height: 40px;\">\n<td style=\"text-align: right; width: 10%;\" colspan=\"2\"><\/td>\n<td style=\"width: 2%; text-align: center;\"><\/td>\n<td style=\"text-align: right; width: 23%;\" colspan=\"4\"><span style=\"font-size: 14px;\"><strong>D\u00e9collage<\/strong><\/span><\/td>\n<td style=\"width: 2%; text-align: center;\"><strong>:<\/strong><\/td>\n<td style=\"text-align: left; width: 63%;\" colspan=\"12\"><span style=\"font-size: 14px;\"><em>Xaff\u00e9villers (88)<\/em><\/span><span style=\"font-size: 14px;\"><em><br \/>\n<\/em><\/span><\/td>\n<\/tr>\n<tr style=\"height: 40px;\">\n<td style=\"text-align: right; width: 10%;\" colspan=\"2\"><\/td>\n<td style=\"width: 2%; text-align: center;\"><\/td>\n<td style=\"text-align: right; width: 23%;\" colspan=\"4\"><span style=\"font-size: 14px;\"><strong>Causes de la perte<br \/>\n<\/strong><\/span><\/td>\n<td style=\"width: 2%; text-align: center;\"><strong>:<br \/>\n<\/strong><\/td>\n<td style=\"text-align: left; width: 63%;\" colspan=\"12\"><span style=\"font-size: 14px;\"><em>Abattu en combat a\u00e9rien par des <span class='tooltipsall tooltipsincontent classtoolTips22'>Me110<\/span><\/em><\/span><\/td>\n<\/tr>\n<tr style=\"height: 40px;\">\n<td style=\"text-align: right; width: 10%;\" colspan=\"2\"><\/td>\n<td style=\"width: 2%; text-align: center;\"><\/td>\n<td style=\"text-align: right; width: 23%;\" colspan=\"4\"><span style=\"font-size: 14px;\"><strong>Lieu de la perte<br \/>\n<\/strong><\/span><\/td>\n<td style=\"width: 2%; text-align: center;\"><strong>:<br \/>\n<\/strong><\/td>\n<td style=\"text-align: left; width: 63%;\" colspan=\"12\"><span style=\"font-size: 14px;\"><em>&#8220;Hauts Champs&#8221; \u00e0 Padoux (88)<\/em><\/span><\/td>\n<\/tr>\n<tr style=\"height: 40px;\">\n<td style=\"width: 5%;\"><\/td>\n<td style=\"width: 5%;\"><\/td>\n<td style=\"width: 2%; text-align: center;\"><\/td>\n<td style=\"text-align: right; width: 8%;\"><\/td>\n<td style=\"text-align: right; width: 5%;\"><\/td>\n<td style=\"text-align: right; width: 5%;\"><\/td>\n<td style=\"text-align: right; width: 5%;\"><\/td>\n<td style=\"width: 2%; text-align: center;\"><\/td>\n<td style=\"text-align: left; width: 8%;\"><\/td>\n<td style=\"text-align: left; width: 2%;\"><\/td>\n<td style=\"text-align: left; width: 5%;\"><\/td>\n<td style=\"text-align: left; width: 3%;\"><\/td>\n<td style=\"text-align: left; width: 5%;\"><\/td>\n<td style=\"text-align: left; width: 5%;\"><\/td>\n<td style=\"text-align: left; width: 5%;\"><\/td>\n<td style=\"text-align: left; width: 5%;\"><\/td>\n<td style=\"text-align: left; width: 5%;\"><\/td>\n<td style=\"text-align: left; width: 5%;\"><\/td>\n<td style=\"text-align: left; width: 5%;\"><\/td>\n<td style=\"text-align: left; width: 10%;\"><\/td>\n<\/tr>\n<tr style=\"height: 60px;\">\n<td style=\"width: 5%;\"><img decoding=\"async\" class=\"aligncenter size-full wp-image-47214\" title=\"France\" src=\"https:\/\/www.auzeau.fr\/39-45\/wp-content\/uploads\/images\/Drapeaux\/France.png\" alt=\"France\" width=\"40\" height=\"20\" \/><\/td>\n<td style=\"width: 5%;\"><span class='tooltipsall tooltipsincontent classtoolTips201'>Lt<\/span><\/td>\n<td style=\"text-align: left;\" colspan=\"5\">Raymond No\u00ebl<\/td>\n<td style=\"text-align: left;\" colspan=\"3\"><span style=\"color: #000000;\"><strong>TIXIER-VIGNANCOUR<\/strong><\/span><\/td>\n<td style=\"text-align: center;\" colspan=\"2\"><span class='tooltipsall tooltipsincontent classtoolTips151'>Pil<\/span><\/td>\n<td style=\"width: 5%; text-align: center;\"><span class='tooltipsall tooltipsincontent classtoolTips136'>AAF<\/span><\/td>\n<td style=\"text-align: center;\" colspan=\"2\"><\/td>\n<td style=\"width: 5%; text-align: center;\"><span style=\"color: #000000;\"><strong><span class='tooltipsall tooltipsincontent classtoolTips110'>KIA<\/span><\/strong><\/span><\/td>\n<td style=\"text-align: left;\" colspan=\"4\"><\/td>\n<\/tr>\n<\/tbody>\n<\/table>\n<div id='gallery-1' class='gallery galleryid-113526 gallery-columns-2 gallery-size-thumbnail'><figure class='gallery-item'>\n\t\t\t<div class='gallery-icon portrait'>\n\t\t\t\t<a title=\"Raymond Tixier\"  title=\"Raymond Tixier\"  href='https:\/\/www.auzeau.fr\/39-45\/wp-content\/uploads\/Cimetieres\/60%20--\/91%20-%20Essonne\/91%20-%20Orsay\/R-Tixier.webp'><img decoding=\"async\" width=\"150\" height=\"150\" src=\"https:\/\/www.auzeau.fr\/39-45\/wp-content\/uploads\/Cimetieres\/60 --\/91 - Essonne\/91 - Orsay\/R-Tixier-150x150.webp\" class=\"attachment-thumbnail size-thumbnail\" alt=\"\" srcset=\"https:\/\/www.auzeau.fr\/39-45\/wp-content\/uploads\/Cimetieres\/60%20--\/91%20-%20Essonne\/91%20-%20Orsay\/R-Tixier-150x150.webp 150w, https:\/\/www.auzeau.fr\/39-45\/wp-content\/uploads\/Cimetieres\/60%20--\/91%20-%20Essonne\/91%20-%20Orsay\/R-Tixier-50x50.webp 50w\" sizes=\"(max-width: 150px) 100vw, 150px\" \/><\/a>\n\t\t\t<\/div><\/figure><figure class='gallery-item'>\n\t\t\t<div class='gallery-icon landscape'>\n\t\t\t\t<a title=\"Raymond Tixier\"  title=\"Raymond Tixier\"  href='https:\/\/www.auzeau.fr\/39-45\/wp-content\/uploads\/Cimetieres\/60%20--\/91%20-%20Essonne\/91%20-%20Orsay\/Raymond-Tixier.webp'><img loading=\"lazy\" decoding=\"async\" width=\"150\" height=\"150\" src=\"https:\/\/www.auzeau.fr\/39-45\/wp-content\/uploads\/Cimetieres\/60 --\/91 - Essonne\/91 - Orsay\/Raymond-Tixier-150x150.webp\" class=\"attachment-thumbnail size-thumbnail\" alt=\"\" srcset=\"https:\/\/www.auzeau.fr\/39-45\/wp-content\/uploads\/Cimetieres\/60%20--\/91%20-%20Essonne\/91%20-%20Orsay\/Raymond-Tixier-150x150.webp 150w, https:\/\/www.auzeau.fr\/39-45\/wp-content\/uploads\/Cimetieres\/60%20--\/91%20-%20Essonne\/91%20-%20Orsay\/Raymond-Tixier-50x50.webp 50w\" sizes=\"(max-width: 150px) 100vw, 150px\" \/><\/a>\n\t\t\t<\/div><\/figure>\n\t\t<\/div>\n\n<hr \/>\n<p style=\"text-align: center;\"><ul id=\"menu-91-essonne\" class=\"menu\"><li id=\"menu-item-102659\" class=\"menu-item menu-item-type-post_type menu-item-object-page menu-item-102659\"><a href=\"https:\/\/www.auzeau.fr\/39-45\/france\/91-essonne\/91-bievres\/\">91 \u2013 Bi\u00e8vres<\/a><\/li>\n<li id=\"menu-item-102660\" class=\"menu-item menu-item-type-post_type menu-item-object-page menu-item-102660\"><a href=\"https:\/\/www.auzeau.fr\/39-45\/france\/91-essonne\/91-boissy-sous-saint-yon\/\">91 \u2013 Boissy-sous-Saint-Yon<\/a><\/li>\n<li id=\"menu-item-102662\" class=\"menu-item menu-item-type-post_type menu-item-object-page menu-item-102662\"><a href=\"https:\/\/www.auzeau.fr\/39-45\/france\/91-essonne\/91-bretigny-sur-orge\/\">91 \u2013 Br\u00e9tigny-sur-Orge<\/a><\/li>\n<li id=\"menu-item-113874\" class=\"menu-item menu-item-type-post_type menu-item-object-page menu-item-113874\"><a href=\"https:\/\/www.auzeau.fr\/39-45\/france\/91-essonne\/91-breux-jouy\/\">91 \u2013 Breux-Jouy<\/a><\/li>\n<li id=\"menu-item-104379\" class=\"menu-item menu-item-type-post_type menu-item-object-page menu-item-104379\"><a href=\"https:\/\/www.auzeau.fr\/39-45\/france\/91-essonne\/91-corbeil-essonnes\/\">91 \u2013 Corbeil-Essonnes<\/a><\/li>\n<li id=\"menu-item-113876\" class=\"menu-item menu-item-type-post_type menu-item-object-page menu-item-113876\"><a href=\"https:\/\/www.auzeau.fr\/39-45\/france\/91-essonne\/91-courances\/\">91 \u2013 Courances<\/a><\/li>\n<li id=\"menu-item-102665\" class=\"menu-item menu-item-type-post_type menu-item-object-page menu-item-102665\"><a href=\"https:\/\/www.auzeau.fr\/39-45\/france\/91-essonne\/91-etampes-cimetiere-saint-martin\/\">91 \u2013 \u00c9tampe cimeti\u00e8re Saint-Martin<\/a><\/li>\n<li id=\"menu-item-102666\" class=\"menu-item menu-item-type-post_type menu-item-object-page menu-item-102666\"><a href=\"https:\/\/www.auzeau.fr\/39-45\/france\/91-essonne\/91-etampes-cimetiere-notre-dame\/\">91 \u2013 \u00c9tampes cimeti\u00e8re Notre-Dame<\/a><\/li>\n<li id=\"menu-item-102667\" class=\"menu-item menu-item-type-post_type menu-item-object-page menu-item-102667\"><a href=\"https:\/\/www.auzeau.fr\/39-45\/france\/91-essonne\/91-etampes-cimetiere-saint-gilles\/\">91 \u2013 \u00c9tampes cimeti\u00e8re Saint-Gilles<\/a><\/li>\n<li id=\"menu-item-102669\" class=\"menu-item menu-item-type-post_type menu-item-object-page menu-item-102669\"><a href=\"https:\/\/www.auzeau.fr\/39-45\/france\/91-essonne\/91-guillerval\/\">91 \u2013 Guillerval<\/a><\/li>\n<li id=\"menu-item-102862\" class=\"menu-item menu-item-type-post_type menu-item-object-page menu-item-102862\"><a href=\"https:\/\/www.auzeau.fr\/39-45\/france\/91-essonne\/91-massy-cimetiere-sud\/\">91 \u2013 Massy cimeti\u00e8re Sud<\/a><\/li>\n<li id=\"menu-item-102861\" class=\"menu-item menu-item-type-post_type menu-item-object-page menu-item-102861\"><a href=\"https:\/\/www.auzeau.fr\/39-45\/france\/91-essonne\/91-montgeron\/\">91 \u2013 Montgeron<\/a><\/li>\n<li id=\"menu-item-102672\" class=\"menu-item menu-item-type-post_type menu-item-object-page menu-item-102672\"><a href=\"https:\/\/www.auzeau.fr\/39-45\/france\/91-essonne\/91-morigny-champigny\/\">91 \u2013 Morigny-Champigny<\/a><\/li>\n<li id=\"menu-item-113875\" class=\"menu-item menu-item-type-post_type menu-item-object-page menu-item-113875\"><a href=\"https:\/\/www.auzeau.fr\/39-45\/france\/91-essonne\/91-orsay\/\">91 \u2013 Orsay<\/a><\/li>\n<li id=\"menu-item-113877\" class=\"menu-item menu-item-type-post_type menu-item-object-page menu-item-113877\"><a href=\"https:\/\/www.auzeau.fr\/39-45\/france\/91-essonne\/91-souzy-la-briche\/\">91 \u2013 Souzy-la-Briche<\/a><\/li>\n<\/ul>\n<div class=\"notranslate\" style=\"all: initial;\"><\/div>\n<div class=\"notranslate\" style=\"all: initial;\"><\/div>\n<div class=\"notranslate\" style=\"all: initial;\"><\/div>\n<script type=\"text\/javascript\"> toolTips('.classtoolTips22','<img class=\"aligncenter size-full wp-image-65864\" title=\"Bf110\" src=\"https:\/\/www.auzeau.fr\/39-45\/wp-content\/uploads\/Avions\/Allemand\/Messerschmitt-Me110.jpg\" alt=\"\" width=\"442\" height=\"653\" \/>'); <\/script><script type=\"text\/javascript\"> toolTips('.classtoolTips98','Colonel'); <\/script><script type=\"text\/javascript\"> toolTips('.classtoolTips110','Tu\u00e9 au combat<br\/><br\/>Killed In Action'); <\/script><script type=\"text\/javascript\"> toolTips('.classtoolTips136','Arm\u00e9e de l\u2019Air Fran\u00e7aise'); <\/script><script type=\"text\/javascript\"> toolTips('.classtoolTips139','Section de Liaison A\u00e9rienne'); <\/script><script type=\"text\/javascript\"> toolTips('.classtoolTips144','Royal Corps of Signals'); <\/script><script type=\"text\/javascript\"> toolTips('.classtoolTips151','Pilote<br\/><br\/>Pilot'); <\/script><script type=\"text\/javascript\"> toolTips('.classtoolTips153','Porucznik'); <\/script><script type=\"text\/javascript\"> toolTips('.classtoolTips185','Mitrailleur<br\/><br\/>Air Gunner'); <\/script><script type=\"text\/javascript\"> toolTips('.classtoolTips188','Bombardier<br\/><br\/>Air bomber'); <\/script><script type=\"text\/javascript\"> toolTips('.classtoolTips189','M\u00e9canicien volant<br\/><br\/>Flying Enginer'); <\/script><script type=\"text\/javascript\"> toolTips('.classtoolTips195','Enseigne de Vaisseau'); <\/script><script type=\"text\/javascript\"> toolTips('.classtoolTips197','Aircraftman'); <\/script><script type=\"text\/javascript\"> toolTips('.classtoolTips199','Radio Officer'); <\/script><script type=\"text\/javascript\"> toolTips('.classtoolTips201','Lieutenant'); <\/script>","protected":false},"excerpt":{"rendered":"<p>Curtiss H75A2 n\u00b0 138 GC II\/4 Date : 10 mai 1940 Mission : Protection du terrain D\u00e9collage : Xaff\u00e9villers (88) Causes de la perte : Abattu en combat a\u00e9rien par des Me110 Lieu de la perte : &#8220;Hauts Champs&#8221; \u00e0 Padoux (88) Lt Raymond No\u00ebl TIXIER-VIGNANCOUR Pil AAF KIA<\/p>\n","protected":false},"author":1,"featured_media":0,"parent":101170,"menu_order":0,"comment_status":"closed","ping_status":"closed","template":"template-full-width Curtiss H75.php","meta":{"_lmt_disableupdate":"yes","_lmt_disable":"","footnotes":""},"categories":[320],"tags":[396],"wf_page_folders":[10290],"class_list":["post-113526","page","type-page","status-publish","hentry","category-curtiss-h75","tag-gc-ii-4"],"_links":{"self":[{"href":"https:\/\/www.auzeau.fr\/39-45\/wp-json\/wp\/v2\/pages\/113526","targetHints":{"allow":["GET"]}}],"collection":[{"href":"https:\/\/www.auzeau.fr\/39-45\/wp-json\/wp\/v2\/pages"}],"about":[{"href":"https:\/\/www.auzeau.fr\/39-45\/wp-json\/wp\/v2\/types\/page"}],"author":[{"embeddable":true,"href":"https:\/\/www.auzeau.fr\/39-45\/wp-json\/wp\/v2\/users\/1"}],"replies":[{"embeddable":true,"href":"https:\/\/www.auzeau.fr\/39-45\/wp-json\/wp\/v2\/comments?post=113526"}],"version-history":[{"count":0,"href":"https:\/\/www.auzeau.fr\/39-45\/wp-json\/wp\/v2\/pages\/113526\/revisions"}],"up":[{"embeddable":true,"href":"https:\/\/www.auzeau.fr\/39-45\/wp-json\/wp\/v2\/pages\/101170"}],"wp:attachment":[{"href":"https:\/\/www.auzeau.fr\/39-45\/wp-json\/wp\/v2\/media?parent=113526"}],"wp:term":[{"taxonomy":"category","embeddable":true,"href":"https:\/\/www.auzeau.fr\/39-45\/wp-json\/wp\/v2\/categories?post=113526"},{"taxonomy":"post_tag","embeddable":true,"href":"https:\/\/www.auzeau.fr\/39-45\/wp-json\/wp\/v2\/tags?post=113526"},{"taxonomy":"wf_page_folders","embeddable":true,"href":"https:\/\/www.auzeau.fr\/39-45\/wp-json\/wp\/v2\/wf_page_folders?post=113526"}],"curies":[{"name":"wp","href":"https:\/\/api.w.org\/{rel}","templated":true}]}}