{"id":113239,"date":"2025-08-01T10:43:47","date_gmt":"2025-08-01T08:43:47","guid":{"rendered":"https:\/\/www.auzeau.fr\/39-45\/?page_id=113239"},"modified":"2025-08-01T10:30:00","modified_gmt":"2025-08-01T08:30:00","slug":"16-la-rochefoucault","status":"publish","type":"page","link":"https:\/\/www.auzeau.fr\/39-45\/france\/16-charente\/16-la-rochefoucault\/","title":{"rendered":"16 &#8211; La Rochefoucault"},"content":{"rendered":"<p><img fetchpriority=\"high\" decoding=\"async\" class=\"aligncenter size-full wp-image-113192\" title=\"La Rochefoucault\" src=\"https:\/\/www.auzeau.fr\/39-45\/wp-content\/uploads\/Cimetieres\/01%20--%2030\/16%20-%20Charente\/16%20-%20La%20Rochefoucault\/La-Rochefoucault.webp\" alt=\"\" width=\"900\" height=\"382\" \/><\/p>\n<table style=\"width: 100%;\" border=\"0\">\n<tbody>\n<tr>\n<td style=\"width: 5%;\"><\/td>\n<td style=\"width: 5%;\"><\/td>\n<td style=\"width: 2%;\"><\/td>\n<td style=\"width: 8%;\"><\/td>\n<td style=\"width: 5%;\"><\/td>\n<td style=\"width: 5%;\"><\/td>\n<td style=\"width: 5%;\"><\/td>\n<td style=\"width: 2%;\"><\/td>\n<td style=\"width: 8%;\"><\/td>\n<td style=\"width: 2%;\"><\/td>\n<td style=\"width: 5%;\"><\/td>\n<td style=\"width: 3%;\"><\/td>\n<td style=\"width: 5%;\"><\/td>\n<td style=\"width: 5%;\"><\/td>\n<td style=\"width: 5%;\"><\/td>\n<td style=\"width: 5%;\"><\/td>\n<td style=\"width: 5%;\"><\/td>\n<td style=\"width: 5%;\"><\/td>\n<td style=\"width: 5%;\"><\/td>\n<td style=\"width: 10%;\"><\/td>\n<\/tr>\n<tr>\n<td style=\"width: 75%;\" colspan=\"16\"><span style=\"font-size: xx-large;\"><strong><span style=\"color: #000000;\">Spitfire BL854 GW-V<\/span><\/strong><\/span><\/td>\n<td style=\"width: 25%; text-align: center;\" colspan=\"4\"><span style=\"font-size: xx-large;\"><strong><span style=\"font-size: xx-large;\">340 Sqn<\/span><\/strong><\/span><\/td>\n<\/tr>\n<tr>\n<td style=\"width: 75%;\" colspan=\"16\"><\/td>\n<td style=\"width: 25%; text-align: center;\" colspan=\"4\"><strong>GC I\/2 &#8220;Ile-de-France&#8221;<\/strong><\/td>\n<\/tr>\n<tr style=\"height: 40px;\">\n<td style=\"text-align: right; width: 5%;\"><\/td>\n<td style=\"text-align: right; width: 5%;\"><\/td>\n<td style=\"text-align: right; width: 2%;\"><\/td>\n<td style=\"text-align: right; width: 8%;\"><\/td>\n<td style=\"text-align: right; width: 5%;\"><\/td>\n<td style=\"text-align: right; width: 5%;\"><\/td>\n<td style=\"text-align: right; width: 5%;\"><\/td>\n<td style=\"text-align: right; width: 2%;\"><\/td>\n<td style=\"text-align: right; width: 8%;\"><\/td>\n<td style=\"text-align: right; width: 2%;\"><\/td>\n<td style=\"text-align: right; width: 5%;\"><\/td>\n<td style=\"text-align: right; width: 3%;\"><\/td>\n<td style=\"text-align: right; width: 5%;\"><\/td>\n<td style=\"text-align: right; width: 5%;\"><\/td>\n<td style=\"text-align: right; width: 5%;\"><\/td>\n<td style=\"text-align: right; width: 5%;\"><\/td>\n<td style=\"text-align: right; width: 5%;\"><\/td>\n<td style=\"text-align: right; width: 5%;\"><\/td>\n<td style=\"text-align: right; width: 5%;\"><\/td>\n<td style=\"text-align: right; width: 10%;\"><\/td>\n<\/tr>\n<tr>\n<td style=\"text-align: right; width: 5%;\"><\/td>\n<td style=\"text-align: right; width: 5%;\"><span style=\"font-size: 14px;\"><strong>Date<\/strong><\/span><\/td>\n<td style=\"width: 2%; text-align: center;\"><strong>:<\/strong><\/td>\n<td style=\"width: 23%; text-align: left;\" colspan=\"4\"><span style=\"font-size: 14px;\"><em>05 septembre 1942<\/em><\/span><\/td>\n<td style=\"text-align: right; width: 2%;\"><\/td>\n<td style=\"text-align: right; width: 8%;\"><span style=\"font-size: 14px;\"><strong>Mission<\/strong><\/span><\/td>\n<td style=\"width: 2%; text-align: center;\"><strong><span style=\"font-size: 14px;\">:<\/span><\/strong><\/td>\n<td style=\"text-align: left; width: 53%;\" colspan=\"10\"><span style=\"font-size: 14px;\"><em><span class='tooltipsall tooltipsincontent classtoolTips29'>Circus<\/span> 214 secteur Cayeux \/ Le Tr\u00e9port<\/em><\/span><\/td>\n<\/tr>\n<tr style=\"height: 40px;\">\n<td style=\"text-align: right; width: 5%;\"><\/td>\n<td style=\"text-align: right; width: 5%;\"><\/td>\n<td style=\"width: 2%; text-align: center;\"><\/td>\n<td style=\"width: 8%; text-align: left;\"><\/td>\n<td style=\"text-align: right; width: 5%;\"><\/td>\n<td style=\"text-align: right; width: 5%;\"><\/td>\n<td style=\"text-align: right; width: 5%;\"><\/td>\n<td style=\"text-align: right; width: 2%;\"><\/td>\n<td style=\"text-align: right; width: 8%;\"><\/td>\n<td style=\"width: 2%; text-align: center;\"><\/td>\n<td style=\"text-align: left; width: 5%;\"><\/td>\n<td style=\"text-align: left; width: 3%;\"><\/td>\n<td style=\"text-align: left; width: 5%;\"><\/td>\n<td style=\"text-align: left; width: 5%;\"><\/td>\n<td style=\"text-align: left; width: 5%;\"><\/td>\n<td style=\"text-align: left; width: 5%;\"><\/td>\n<td style=\"text-align: left; width: 5%;\"><\/td>\n<td style=\"text-align: left; width: 5%;\"><\/td>\n<td style=\"text-align: left; width: 5%;\"><\/td>\n<td style=\"text-align: left; width: 10%;\"><\/td>\n<\/tr>\n<tr style=\"height: 40px;\">\n<td style=\"text-align: right; width: 10%;\" colspan=\"2\"><\/td>\n<td style=\"width: 2%; text-align: center;\"><\/td>\n<td style=\"text-align: right; width: 23%;\" colspan=\"4\"><span style=\"font-size: 14px;\"><strong>D\u00e9collage<\/strong><\/span><\/td>\n<td style=\"width: 2%; text-align: center;\"><strong>:<\/strong><\/td>\n<td style=\"text-align: left; width: 63%;\" colspan=\"12\"><span style=\"font-size: 14px;\"><em>Hornchurch \u00e0 09:30<\/em><\/span><\/td>\n<\/tr>\n<tr style=\"height: 40px;\">\n<td style=\"text-align: right; width: 10%;\" colspan=\"2\"><\/td>\n<td style=\"width: 2%; text-align: center;\"><\/td>\n<td style=\"text-align: right; width: 23%;\" colspan=\"4\"><span style=\"font-size: 14px;\"><strong>Causes de la perte<\/strong><\/span><\/td>\n<td style=\"width: 2%; text-align: center;\"><strong>:<br \/>\n<\/strong><\/td>\n<td style=\"text-align: left; width: 63%;\" colspan=\"12\"><span style=\"font-size: 14px;\"><em>Abattu en combat a\u00e9rien par des <span class='tooltipsall tooltipsincontent classtoolTips26'>Fw190<\/span> du JG26<\/em><\/span><\/td>\n<\/tr>\n<tr style=\"height: 40px;\">\n<td style=\"text-align: right; width: 10%;\" colspan=\"2\"><\/td>\n<td style=\"width: 2%; text-align: center;\"><\/td>\n<td style=\"text-align: right; width: 23%;\" colspan=\"4\"><span style=\"font-size: 14px;\"><strong>Lieu de la perte<\/strong><\/span><\/td>\n<td style=\"width: 2%; text-align: center;\"><strong>:<br \/>\n<\/strong><\/td>\n<td style=\"text-align: left; width: 63%;\" colspan=\"12\"><span style=\"font-size: 14px;\"><em><span lang=\"fr\">en mer<\/span><\/em><\/span><\/td>\n<\/tr>\n<tr style=\"height: 40px;\">\n<td style=\"width: 5%;\"><\/td>\n<td style=\"width: 5%;\"><\/td>\n<td style=\"width: 2%; text-align: center;\"><\/td>\n<td style=\"text-align: right; width: 8%;\"><\/td>\n<td style=\"text-align: right; width: 5%;\"><\/td>\n<td style=\"text-align: right; width: 5%;\"><\/td>\n<td style=\"text-align: right; width: 5%;\"><\/td>\n<td style=\"width: 2%; text-align: center;\"><\/td>\n<td style=\"text-align: left; width: 8%;\"><\/td>\n<td style=\"text-align: left; width: 2%;\"><\/td>\n<td style=\"text-align: left; width: 5%;\"><\/td>\n<td style=\"text-align: left; width: 3%;\"><\/td>\n<td style=\"text-align: left; width: 5%;\"><\/td>\n<td style=\"text-align: left; width: 5%;\"><\/td>\n<td style=\"text-align: left; width: 5%;\"><\/td>\n<td style=\"text-align: left; width: 5%;\"><\/td>\n<td style=\"text-align: left; width: 5%;\"><\/td>\n<td style=\"text-align: left; width: 5%;\"><\/td>\n<td style=\"text-align: left; width: 5%;\"><\/td>\n<td style=\"text-align: left; width: 10%;\"><\/td>\n<\/tr>\n<tr style=\"height: 60px;\">\n<td style=\"width: 5%;\"><img decoding=\"async\" class=\"aligncenter size-full wp-image-47214\" title=\"France\" src=\"https:\/\/www.auzeau.fr\/39-45\/wp-content\/uploads\/images\/Drapeaux\/France.png\" alt=\"France\" width=\"40\" height=\"20\" \/><\/td>\n<td style=\"width: 5%;\"><span class='tooltipsall tooltipsincontent classtoolTips96'>Sgt<\/span><\/td>\n<td style=\"text-align: left; width: 25%;\" colspan=\"5\">Bernard<\/td>\n<td style=\"text-align: left; width: 12%;\" colspan=\"3\"><strong><span style=\"color: #000000;\">THIBAULD<\/span><\/strong><\/td>\n<td style=\"text-align: center; width: 8%;\" colspan=\"2\"><span class='tooltipsall tooltipsincontent classtoolTips151'>Pil<\/span><\/td>\n<td style=\"text-align: center; width: 5%;\"><span class='tooltipsall tooltipsincontent classtoolTips69'>FAFL<\/span><\/td>\n<td style=\"text-align: center; width: 10%;\" colspan=\"2\">30.194<\/td>\n<td style=\"width: 5%; text-align: center;\"><span style=\"color: #000000;\"><strong><span class='tooltipsall tooltipsincontent classtoolTips110'>KIA<\/span><br \/>\n<\/strong><\/span><\/td>\n<td style=\"text-align: left; width: 25%;\" colspan=\"4\"><span style=\"font-size: 8pt;\"><em>Corps retrouv\u00e9 le 06\/09\/1942 sur une plage de Mers-les-Bains (80)<\/em><\/span><\/td>\n<\/tr>\n<\/tbody>\n<\/table>\n<div id='gallery-1' class='gallery galleryid-113239 gallery-columns-2 gallery-size-thumbnail'><figure class='gallery-item'>\n\t\t\t<div class='gallery-icon portrait'>\n\t\t\t\t<a title=\"Bernard Thibauld\"  title=\"Bernard Thibauld\"  href='https:\/\/www.auzeau.fr\/39-45\/wp-content\/uploads\/Cimetieres\/01%20--%2030\/16%20-%20Charente\/16%20-%20La%20Rochefoucault\/Thibauld.webp'><img decoding=\"async\" width=\"150\" height=\"150\" src=\"https:\/\/www.auzeau.fr\/39-45\/wp-content\/uploads\/Cimetieres\/01 -- 30\/16 - Charente\/16 - La Rochefoucault\/Thibauld-150x150.webp\" class=\"attachment-thumbnail size-thumbnail\" alt=\"\" srcset=\"https:\/\/www.auzeau.fr\/39-45\/wp-content\/uploads\/Cimetieres\/01%20--%2030\/16%20-%20Charente\/16%20-%20La%20Rochefoucault\/Thibauld-150x150.webp 150w, https:\/\/www.auzeau.fr\/39-45\/wp-content\/uploads\/Cimetieres\/01%20--%2030\/16%20-%20Charente\/16%20-%20La%20Rochefoucault\/Thibauld-50x50.webp 50w\" sizes=\"(max-width: 150px) 100vw, 150px\" \/><\/a>\n\t\t\t<\/div><\/figure><figure class='gallery-item'>\n\t\t\t<div class='gallery-icon portrait'>\n\t\t\t\t<a title=\"Bernard Thibauld\"  title=\"Bernard Thibauld\"  href='https:\/\/www.auzeau.fr\/39-45\/wp-content\/uploads\/Cimetieres\/01%20--%2030\/16%20-%20Charente\/16%20-%20La%20Rochefoucault\/B.-Thibauld.webp'><img loading=\"lazy\" decoding=\"async\" width=\"150\" height=\"150\" src=\"https:\/\/www.auzeau.fr\/39-45\/wp-content\/uploads\/Cimetieres\/01 -- 30\/16 - Charente\/16 - La Rochefoucault\/B.-Thibauld-150x150.webp\" class=\"attachment-thumbnail size-thumbnail\" alt=\"\" srcset=\"https:\/\/www.auzeau.fr\/39-45\/wp-content\/uploads\/Cimetieres\/01%20--%2030\/16%20-%20Charente\/16%20-%20La%20Rochefoucault\/B.-Thibauld-150x150.webp 150w, https:\/\/www.auzeau.fr\/39-45\/wp-content\/uploads\/Cimetieres\/01%20--%2030\/16%20-%20Charente\/16%20-%20La%20Rochefoucault\/B.-Thibauld-50x50.webp 50w\" sizes=\"(max-width: 150px) 100vw, 150px\" \/><\/a>\n\t\t\t<\/div><\/figure>\n\t\t<\/div>\n\n<hr \/>\n<p style=\"text-align: center;\"><ul id=\"menu-16-charente\" class=\"menu\"><li id=\"menu-item-70200\" class=\"menu-item menu-item-type-post_type menu-item-object-page menu-item-70200\"><a href=\"https:\/\/www.auzeau.fr\/39-45\/france\/16-charente\/16-aubeterre-sur-dronne\/\">16 &#8211; Aubeterre-sur-Dronne<\/a><\/li>\n<li id=\"menu-item-113365\" class=\"menu-item menu-item-type-post_type menu-item-object-page menu-item-113365\"><a href=\"https:\/\/www.auzeau.fr\/39-45\/france\/16-charente\/16-brillac\/\">16 \u2013 Brillac<\/a><\/li>\n<li id=\"menu-item-113364\" class=\"menu-item menu-item-type-post_type menu-item-object-page menu-item-113364\"><a href=\"https:\/\/www.auzeau.fr\/39-45\/france\/16-charente\/16-chasseneuil-sur-bonnieure-necropole-nationale\/\">16 \u2013 Chasseneuil-sur-Bonnieure N\u00e9cropole nationale<\/a><\/li>\n<li id=\"menu-item-113362\" class=\"menu-item menu-item-type-post_type menu-item-object-page menu-item-113362\"><a href=\"https:\/\/www.auzeau.fr\/39-45\/france\/16-charente\/16-cognac-cimetiere-de-breuil\/\">16 \u2013 Cognac cimeti\u00e8re de Breuil<\/a><\/li>\n<li id=\"menu-item-113361\" class=\"menu-item menu-item-type-post_type menu-item-object-page menu-item-113361\"><a href=\"https:\/\/www.auzeau.fr\/39-45\/france\/16-charente\/16-cognac-cimetiere-de-crouin\/\">16 \u2013 Cognac cimeti\u00e8re de Crouin<\/a><\/li>\n<li id=\"menu-item-113367\" class=\"menu-item menu-item-type-post_type menu-item-object-page menu-item-113367\"><a href=\"https:\/\/www.auzeau.fr\/39-45\/france\/16-charente\/16-hiesse\/\">16 \u2013 Hiesse<\/a><\/li>\n<li id=\"menu-item-113366\" class=\"menu-item menu-item-type-post_type menu-item-object-page menu-item-113366\"><a href=\"https:\/\/www.auzeau.fr\/39-45\/france\/16-charente\/16-la-rochefoucault\/\">16 \u2013 La Rochefoucault<\/a><\/li>\n<\/ul>\n<div class=\"notranslate\" style=\"all: initial;\"><\/div>\n<div class=\"notranslate\" style=\"all: initial;\"><\/div>\n<script type=\"text\/javascript\"> toolTips('.classtoolTips26','<img class=\"aligncenter wp-image-65838 size-full\" title=\"FW 190\" src=\"https:\/\/www.auzeau.fr\/39-45\/wp-content\/uploads\/Avions\/Allemand\/Fw190.jpg\" alt=\"\" width=\"640\" height=\"300\" \/>'); <\/script><script type=\"text\/javascript\"> toolTips('.classtoolTips29','Attaques de bombardiers de jour escort\u00e9s des chasseurs.<br\/><br\/>Bomber attacks with fighter escorts in the day time'); <\/script><script type=\"text\/javascript\"> toolTips('.classtoolTips69','Force A\u00e9rienne Fran\u00e7aise Libre<br\/><br\/>Free French Air Force'); <\/script><script type=\"text\/javascript\"> toolTips('.classtoolTips95','Leading Aircraftman'); <\/script><script type=\"text\/javascript\"> toolTips('.classtoolTips96','Sergent<br\/><br\/>Sergeant'); <\/script><script type=\"text\/javascript\"> toolTips('.classtoolTips98','Colonel'); <\/script><script type=\"text\/javascript\"> toolTips('.classtoolTips110','Tu\u00e9 au combat<br\/><br\/>Killed In Action'); <\/script><script type=\"text\/javascript\"> toolTips('.classtoolTips132','Force A\u00e9rienne Fran\u00e7aise<br\/><br\/>French Air Force'); <\/script><script type=\"text\/javascript\"> toolTips('.classtoolTips139','Section de Liaison A\u00e9rienne'); <\/script><script type=\"text\/javascript\"> toolTips('.classtoolTips144','Royal Corps of Signals'); <\/script><script type=\"text\/javascript\"> toolTips('.classtoolTips151','Pilote<br\/><br\/>Pilot'); <\/script><script type=\"text\/javascript\"> toolTips('.classtoolTips153','Porucznik'); <\/script><script type=\"text\/javascript\"> toolTips('.classtoolTips169','Pointe'); <\/script><script type=\"text\/javascript\"> toolTips('.classtoolTips185','Mitrailleur<br\/><br\/>Air Gunner'); <\/script><script type=\"text\/javascript\"> toolTips('.classtoolTips188','Bombardier<br\/><br\/>Air bomber'); <\/script><script type=\"text\/javascript\"> toolTips('.classtoolTips189','M\u00e9canicien volant<br\/><br\/>Flying Enginer'); <\/script><script type=\"text\/javascript\"> toolTips('.classtoolTips193','Royal Navy'); <\/script><script type=\"text\/javascript\"> toolTips('.classtoolTips197','Aircraftman'); <\/script><script type=\"text\/javascript\"> toolTips('.classtoolTips199','Radio Officer'); <\/script><script type=\"text\/javascript\"> toolTips('.classtoolTips201','Lieutenant'); <\/script>","protected":false},"excerpt":{"rendered":"<p>Spitfire BL854 GW-V 340 Sqn GC I\/2 &#8220;Ile-de-France&#8221; Date : 05 septembre 1942 Mission : Circus 214 secteur Cayeux \/ Le Tr\u00e9port D\u00e9collage : Hornchurch \u00e0 09:30 Causes de la perte : Abattu en combat a\u00e9rien par des Fw190 du JG26 Lieu de la perte : en mer Sgt Bernard THIBAULD Pil FAFL 30.194 KIA [&hellip;]<\/p>\n","protected":false},"author":1,"featured_media":0,"parent":69617,"menu_order":0,"comment_status":"closed","ping_status":"closed","template":"template-full-width Spitfire.php","meta":{"_lmt_disableupdate":"yes","_lmt_disable":"","footnotes":""},"categories":[586],"tags":[1035,11224],"wf_page_folders":[3254],"class_list":["post-113239","page","type-page","status-publish","hentry","category-spitfire","tag-340-squadron-ile-de-france","tag-gc-i-2-ile-de-france"],"_links":{"self":[{"href":"https:\/\/www.auzeau.fr\/39-45\/wp-json\/wp\/v2\/pages\/113239","targetHints":{"allow":["GET"]}}],"collection":[{"href":"https:\/\/www.auzeau.fr\/39-45\/wp-json\/wp\/v2\/pages"}],"about":[{"href":"https:\/\/www.auzeau.fr\/39-45\/wp-json\/wp\/v2\/types\/page"}],"author":[{"embeddable":true,"href":"https:\/\/www.auzeau.fr\/39-45\/wp-json\/wp\/v2\/users\/1"}],"replies":[{"embeddable":true,"href":"https:\/\/www.auzeau.fr\/39-45\/wp-json\/wp\/v2\/comments?post=113239"}],"version-history":[{"count":0,"href":"https:\/\/www.auzeau.fr\/39-45\/wp-json\/wp\/v2\/pages\/113239\/revisions"}],"up":[{"embeddable":true,"href":"https:\/\/www.auzeau.fr\/39-45\/wp-json\/wp\/v2\/pages\/69617"}],"wp:attachment":[{"href":"https:\/\/www.auzeau.fr\/39-45\/wp-json\/wp\/v2\/media?parent=113239"}],"wp:term":[{"taxonomy":"category","embeddable":true,"href":"https:\/\/www.auzeau.fr\/39-45\/wp-json\/wp\/v2\/categories?post=113239"},{"taxonomy":"post_tag","embeddable":true,"href":"https:\/\/www.auzeau.fr\/39-45\/wp-json\/wp\/v2\/tags?post=113239"},{"taxonomy":"wf_page_folders","embeddable":true,"href":"https:\/\/www.auzeau.fr\/39-45\/wp-json\/wp\/v2\/wf_page_folders?post=113239"}],"curies":[{"name":"wp","href":"https:\/\/api.w.org\/{rel}","templated":true}]}}