{"id":113225,"date":"2025-08-01T10:43:48","date_gmt":"2025-08-01T08:43:48","guid":{"rendered":"https:\/\/www.auzeau.fr\/39-45\/?page_id=113225"},"modified":"2025-08-01T10:30:00","modified_gmt":"2025-08-01T08:30:00","slug":"16-cognac-cimetiere-de-breuil","status":"publish","type":"page","link":"https:\/\/www.auzeau.fr\/39-45\/france\/16-charente\/16-cognac-cimetiere-de-breuil\/","title":{"rendered":"16 &#8211; Cognac cimeti\u00e8re de Breuil"},"content":{"rendered":"<p><img fetchpriority=\"high\" decoding=\"async\" class=\"aligncenter size-full wp-image-113174\" title=\"Cognac Breuil\" src=\"https:\/\/www.auzeau.fr\/39-45\/wp-content\/uploads\/Cimetieres\/01%20--%2030\/16%20-%20Charente\/16%20-%20Cognac%20Breuil\/Cognac-Breuil.webp\" alt=\"\" width=\"900\" height=\"437\" \/><\/p>\n<table style=\"width: 100%;\" border=\"0\">\n<tbody>\n<tr>\n<td style=\"width: 5%;\"><\/td>\n<td style=\"width: 5%;\"><\/td>\n<td style=\"width: 5%;\"><\/td>\n<td style=\"width: 5%;\"><\/td>\n<td style=\"width: 5%;\"><\/td>\n<td style=\"width: 5%;\"><\/td>\n<td style=\"width: 5%;\"><\/td>\n<td style=\"width: 5%;\"><\/td>\n<td style=\"width: 5%;\"><\/td>\n<td style=\"width: 5%;\"><\/td>\n<td style=\"width: 5%;\"><\/td>\n<td style=\"width: 5%;\"><\/td>\n<td style=\"width: 5%;\"><\/td>\n<td style=\"width: 5%;\"><\/td>\n<td style=\"width: 5%;\"><\/td>\n<td style=\"width: 5%;\"><\/td>\n<td style=\"width: 5%;\"><\/td>\n<td style=\"width: 5%;\"><\/td>\n<td style=\"width: 5%;\"><\/td>\n<td style=\"width: 5%;\"><\/td>\n<\/tr>\n<tr>\n<td colspan=\"15\"><strong><span style=\"font-size: xx-large;\"><span style=\"color: #000000;\">Farman F403 n\u00b0 7482\/16<\/span><br \/>\n<\/span><\/strong><span style=\"font-size: 18pt;\">Immatriculation civile : F-AHOU<\/span><\/td>\n<td style=\"text-align: center;\" colspan=\"5\"><strong><span style=\"font-size: xx-large;\">Section des Estafettes 9\/101<br \/>\n<\/span><\/strong><\/td>\n<\/tr>\n<tr style=\"height: 40px;\">\n<td style=\"text-align: right;\" colspan=\"2\"><strong>Date : <\/strong><\/td>\n<td colspan=\"5\"><em>\u00a024 f\u00e9vrier 1940<br \/>\n<\/em><\/td>\n<td style=\"text-align: right;\" colspan=\"3\"><strong>Mission : <\/strong><\/td>\n<td colspan=\"10\"><em>\u00a0Vol d&#8217;essai<br \/>\n<\/em><\/td>\n<\/tr>\n<tr style=\"height: 40px;\">\n<td><\/td>\n<td><\/td>\n<td style=\"text-align: right;\" colspan=\"5\"><strong>D\u00e9collage :<\/strong><\/td>\n<td colspan=\"10\"><em>\u00a0<\/em><\/td>\n<td><\/td>\n<td><\/td>\n<td><\/td>\n<\/tr>\n<tr style=\"height: 40px;\">\n<td><\/td>\n<td><\/td>\n<td style=\"text-align: right;\" colspan=\"5\"><strong>Causes de la perte :<\/strong><\/td>\n<td colspan=\"10\"><em>\u00a0Perte de contr\u00f4le<br \/>\n<\/em><\/td>\n<td><\/td>\n<td><\/td>\n<td><\/td>\n<\/tr>\n<tr style=\"height: 40px;\">\n<td><\/td>\n<td><\/td>\n<td style=\"text-align: right;\" colspan=\"5\"><strong>Lieu de la perte :<br \/>\n<\/strong><\/td>\n<td colspan=\"10\"><em>\u00a0Pr\u00e8s du Ch\u00e2teau \u00e0 Ardon-sous-Laon (02)<br \/>\n<\/em><\/td>\n<td><\/td>\n<td><\/td>\n<td><\/td>\n<\/tr>\n<tr style=\"height: 60px;\">\n<td><img decoding=\"async\" class=\"aligncenter\" src=\"https:\/\/www.auzeau.fr\/39-45\/wp-content\/uploads\/images\/Drapeaux\/France.png\" alt=\"France\" width=\"40\" height=\"20\" \/><\/td>\n<td><span class='tooltipsall tooltipsincontent classtoolTips90'>Cpl<\/span><\/td>\n<td colspan=\"5\">Gaston Louis Ferdinand<\/td>\n<td colspan=\"3\"><span style=\"color: #000000;\"><strong>DUBOIS<\/strong><\/span><\/td>\n<td><span class='tooltipsall tooltipsincontent classtoolTips62'>Pass<\/span><\/td>\n<td style=\"text-align: center;\"><span class='tooltipsall tooltipsincontent classtoolTips136'>AAF<\/span><\/td>\n<td colspan=\"2\"><\/td>\n<td><span style=\"color: #000000;\"><strong><span class='tooltipsall tooltipsincontent classtoolTips110'>KIA<\/span><\/strong><\/span><\/td>\n<td colspan=\"5\"><span style=\"color: #000000;\"><strong><span class='tooltipsall tooltipsincontent classtoolTips126'>MPF<\/span><\/strong><\/span> <em><span style=\"font-size: 8pt;\">Compagnie de l&#8217;air 112. Lieu d&#8217;inhumation inconnu<\/span><\/em><\/td>\n<\/tr>\n<tr style=\"height: 60px;\">\n<td><img decoding=\"async\" class=\"aligncenter\" src=\"https:\/\/www.auzeau.fr\/39-45\/wp-content\/uploads\/images\/Drapeaux\/France.png\" alt=\"France\" width=\"40\" height=\"20\" \/><\/td>\n<td><span class='tooltipsall tooltipsincontent classtoolTips201'>Lt<\/span><\/td>\n<td colspan=\"5\">Daniel Lucien<\/td>\n<td colspan=\"3\"><span style=\"color: #000000;\"><strong>HEBERT<\/strong><\/span><\/td>\n<td><span class='tooltipsall tooltipsincontent classtoolTips62'>Pass<\/span><\/td>\n<td style=\"text-align: center;\"><span class='tooltipsall tooltipsincontent classtoolTips136'>AAF<\/span><\/td>\n<td colspan=\"2\"><\/td>\n<td><span style=\"color: #000000;\"><strong><span class='tooltipsall tooltipsincontent classtoolTips110'>KIA<\/span><\/strong><\/span><\/td>\n<td colspan=\"5\"><span style=\"color: #000000;\"><strong><span class='tooltipsall tooltipsincontent classtoolTips126'>MPF<\/span> <\/strong><a href=\"https:\/\/www.auzeau.fr\/39-45\/france\/02-aisne\/02-vauxaillon-necropole-nationale\/\"><em><span style=\"font-size: 8pt;\">Inhum\u00e9 \u00e0 Vauxaillon (02)<\/span><\/em><\/a><\/span><\/td>\n<\/tr>\n<tr style=\"height: 60px;\">\n<td><img decoding=\"async\" class=\"aligncenter\" src=\"https:\/\/www.auzeau.fr\/39-45\/wp-content\/uploads\/images\/Drapeaux\/France.png\" alt=\"France\" width=\"40\" height=\"20\" \/><\/td>\n<td><span class='tooltipsall tooltipsincontent classtoolTips96'>Sgt<\/span><\/td>\n<td colspan=\"5\">Jean Ferdinand<\/td>\n<td colspan=\"3\"><span style=\"color: #000000;\"><strong>THARAUD<\/strong><\/span><\/td>\n<td><span class='tooltipsall tooltipsincontent classtoolTips151'>Pil<\/span><\/td>\n<td style=\"text-align: center;\"><span class='tooltipsall tooltipsincontent classtoolTips136'>AAF<\/span><\/td>\n<td colspan=\"2\"><\/td>\n<td><span style=\"color: #000000;\"><strong><span class='tooltipsall tooltipsincontent classtoolTips110'>KIA<\/span><\/strong><\/span><\/td>\n<td colspan=\"5\"><span style=\"color: #000000;\"><strong><span class='tooltipsall tooltipsincontent classtoolTips126'>MPF<\/span><\/strong><\/span> <span style=\"font-size: 8pt;\"><em>Compagnie de l&#8217;air 112.<\/em> <\/span><\/td>\n<\/tr>\n<\/tbody>\n<\/table>\n<div id='gallery-1' class='gallery galleryid-113225 gallery-columns-2 gallery-size-thumbnail'><figure class='gallery-item'>\n\t\t\t<div class='gallery-icon portrait'>\n\t\t\t\t<a title=\"Jean Tharaud\"  title=\"Jean Tharaud\"  href='https:\/\/www.auzeau.fr\/39-45\/wp-content\/uploads\/Cimetieres\/01%20--%2030\/16%20-%20Charente\/16%20-%20Cognac%20Breuil\/Tharaud.webp'><img decoding=\"async\" width=\"150\" height=\"150\" src=\"https:\/\/www.auzeau.fr\/39-45\/wp-content\/uploads\/Cimetieres\/01 -- 30\/16 - Charente\/16 - Cognac Breuil\/Tharaud-150x150.webp\" class=\"attachment-thumbnail size-thumbnail\" alt=\"\" srcset=\"https:\/\/www.auzeau.fr\/39-45\/wp-content\/uploads\/Cimetieres\/01%20--%2030\/16%20-%20Charente\/16%20-%20Cognac%20Breuil\/Tharaud-150x150.webp 150w, https:\/\/www.auzeau.fr\/39-45\/wp-content\/uploads\/Cimetieres\/01%20--%2030\/16%20-%20Charente\/16%20-%20Cognac%20Breuil\/Tharaud-50x50.webp 50w\" sizes=\"(max-width: 150px) 100vw, 150px\" \/><\/a>\n\t\t\t<\/div><\/figure><figure class='gallery-item'>\n\t\t\t<div class='gallery-icon landscape'>\n\t\t\t\t<a title=\"Jean Tharaud\"  title=\"Jean Tharaud\"  href='https:\/\/www.auzeau.fr\/39-45\/wp-content\/uploads\/Cimetieres\/01%20--%2030\/16%20-%20Charente\/16%20-%20Cognac%20Breuil\/Jean-Tharaud.webp'><img loading=\"lazy\" decoding=\"async\" width=\"150\" height=\"150\" src=\"https:\/\/www.auzeau.fr\/39-45\/wp-content\/uploads\/Cimetieres\/01 -- 30\/16 - Charente\/16 - Cognac Breuil\/Jean-Tharaud-150x150.webp\" class=\"attachment-thumbnail size-thumbnail\" alt=\"\" srcset=\"https:\/\/www.auzeau.fr\/39-45\/wp-content\/uploads\/Cimetieres\/01%20--%2030\/16%20-%20Charente\/16%20-%20Cognac%20Breuil\/Jean-Tharaud-150x150.webp 150w, https:\/\/www.auzeau.fr\/39-45\/wp-content\/uploads\/Cimetieres\/01%20--%2030\/16%20-%20Charente\/16%20-%20Cognac%20Breuil\/Jean-Tharaud-50x50.webp 50w\" sizes=\"(max-width: 150px) 100vw, 150px\" \/><\/a>\n\t\t\t<\/div><\/figure>\n\t\t<\/div>\n\n<hr \/>\n<p style=\"text-align: center;\"><ul id=\"menu-16-charente\" class=\"menu\"><li id=\"menu-item-70200\" class=\"menu-item menu-item-type-post_type menu-item-object-page menu-item-70200\"><a href=\"https:\/\/www.auzeau.fr\/39-45\/france\/16-charente\/16-aubeterre-sur-dronne\/\">16 &#8211; Aubeterre-sur-Dronne<\/a><\/li>\n<li id=\"menu-item-113365\" class=\"menu-item menu-item-type-post_type menu-item-object-page menu-item-113365\"><a href=\"https:\/\/www.auzeau.fr\/39-45\/france\/16-charente\/16-brillac\/\">16 \u2013 Brillac<\/a><\/li>\n<li id=\"menu-item-113364\" class=\"menu-item menu-item-type-post_type menu-item-object-page menu-item-113364\"><a href=\"https:\/\/www.auzeau.fr\/39-45\/france\/16-charente\/16-chasseneuil-sur-bonnieure-necropole-nationale\/\">16 \u2013 Chasseneuil-sur-Bonnieure N\u00e9cropole nationale<\/a><\/li>\n<li id=\"menu-item-113362\" class=\"menu-item menu-item-type-post_type menu-item-object-page menu-item-113362\"><a href=\"https:\/\/www.auzeau.fr\/39-45\/france\/16-charente\/16-cognac-cimetiere-de-breuil\/\">16 \u2013 Cognac cimeti\u00e8re de Breuil<\/a><\/li>\n<li id=\"menu-item-113361\" class=\"menu-item menu-item-type-post_type menu-item-object-page menu-item-113361\"><a href=\"https:\/\/www.auzeau.fr\/39-45\/france\/16-charente\/16-cognac-cimetiere-de-crouin\/\">16 \u2013 Cognac cimeti\u00e8re de Crouin<\/a><\/li>\n<li id=\"menu-item-113367\" class=\"menu-item menu-item-type-post_type menu-item-object-page menu-item-113367\"><a href=\"https:\/\/www.auzeau.fr\/39-45\/france\/16-charente\/16-hiesse\/\">16 \u2013 Hiesse<\/a><\/li>\n<li id=\"menu-item-113366\" class=\"menu-item menu-item-type-post_type menu-item-object-page menu-item-113366\"><a href=\"https:\/\/www.auzeau.fr\/39-45\/france\/16-charente\/16-la-rochefoucault\/\">16 \u2013 La Rochefoucault<\/a><\/li>\n<\/ul>\n<div class=\"notranslate\" style=\"all: initial;\"><\/div>\n<div class=\"notranslate\" style=\"all: initial;\"><\/div>\n<script type=\"text\/javascript\"> toolTips('.classtoolTips62','Passager<br\/><br\/>Passenger'); <\/script><script type=\"text\/javascript\"> toolTips('.classtoolTips90','Caporal<br\/><br\/>Corporal'); <\/script><script type=\"text\/javascript\"> toolTips('.classtoolTips95','Leading Aircraftman'); <\/script><script type=\"text\/javascript\"> toolTips('.classtoolTips96','Sergent<br\/><br\/>Sergeant'); <\/script><script type=\"text\/javascript\"> toolTips('.classtoolTips98','Colonel'); <\/script><script type=\"text\/javascript\"> toolTips('.classtoolTips110','Tu\u00e9 au combat<br\/><br\/>Killed In Action'); <\/script><script type=\"text\/javascript\"> toolTips('.classtoolTips126','Mort Pour la France'); <\/script><script type=\"text\/javascript\"> toolTips('.classtoolTips136','Arm\u00e9e de l\u2019Air Fran\u00e7aise'); <\/script><script type=\"text\/javascript\"> toolTips('.classtoolTips139','Section de Liaison A\u00e9rienne'); <\/script><script type=\"text\/javascript\"> toolTips('.classtoolTips144','Royal Corps of Signals'); <\/script><script type=\"text\/javascript\"> toolTips('.classtoolTips151','Pilote<br\/><br\/>Pilot'); <\/script><script type=\"text\/javascript\"> toolTips('.classtoolTips153','Porucznik'); <\/script><script type=\"text\/javascript\"> toolTips('.classtoolTips185','Mitrailleur<br\/><br\/>Air Gunner'); <\/script><script type=\"text\/javascript\"> toolTips('.classtoolTips188','Bombardier<br\/><br\/>Air bomber'); <\/script><script type=\"text\/javascript\"> toolTips('.classtoolTips189','M\u00e9canicien volant<br\/><br\/>Flying Enginer'); <\/script><script type=\"text\/javascript\"> toolTips('.classtoolTips197','Aircraftman'); <\/script><script type=\"text\/javascript\"> toolTips('.classtoolTips199','Radio Officer'); <\/script><script type=\"text\/javascript\"> toolTips('.classtoolTips201','Lieutenant'); <\/script>","protected":false},"excerpt":{"rendered":"<p>Farman F403 n\u00b0 7482\/16 Immatriculation civile : F-AHOU Section des Estafettes 9\/101 Date : \u00a024 f\u00e9vrier 1940 Mission : \u00a0Vol d&#8217;essai D\u00e9collage : \u00a0 Causes de la perte : \u00a0Perte de contr\u00f4le Lieu de la perte : \u00a0Pr\u00e8s du Ch\u00e2teau \u00e0 Ardon-sous-Laon (02) Cpl Gaston Louis Ferdinand DUBOIS Pass AAF KIA MPF Compagnie de l&#8217;air [&hellip;]<\/p>\n","protected":false},"author":1,"featured_media":0,"parent":69617,"menu_order":0,"comment_status":"closed","ping_status":"closed","template":"template-full-width Farman F400.php","meta":{"_lmt_disableupdate":"yes","_lmt_disable":"","footnotes":""},"categories":[3388],"tags":[11239],"wf_page_folders":[3254],"class_list":["post-113225","page","type-page","status-publish","hentry","category-farman-f403","tag-section-des-estafettes-9-101"],"_links":{"self":[{"href":"https:\/\/www.auzeau.fr\/39-45\/wp-json\/wp\/v2\/pages\/113225","targetHints":{"allow":["GET"]}}],"collection":[{"href":"https:\/\/www.auzeau.fr\/39-45\/wp-json\/wp\/v2\/pages"}],"about":[{"href":"https:\/\/www.auzeau.fr\/39-45\/wp-json\/wp\/v2\/types\/page"}],"author":[{"embeddable":true,"href":"https:\/\/www.auzeau.fr\/39-45\/wp-json\/wp\/v2\/users\/1"}],"replies":[{"embeddable":true,"href":"https:\/\/www.auzeau.fr\/39-45\/wp-json\/wp\/v2\/comments?post=113225"}],"version-history":[{"count":0,"href":"https:\/\/www.auzeau.fr\/39-45\/wp-json\/wp\/v2\/pages\/113225\/revisions"}],"up":[{"embeddable":true,"href":"https:\/\/www.auzeau.fr\/39-45\/wp-json\/wp\/v2\/pages\/69617"}],"wp:attachment":[{"href":"https:\/\/www.auzeau.fr\/39-45\/wp-json\/wp\/v2\/media?parent=113225"}],"wp:term":[{"taxonomy":"category","embeddable":true,"href":"https:\/\/www.auzeau.fr\/39-45\/wp-json\/wp\/v2\/categories?post=113225"},{"taxonomy":"post_tag","embeddable":true,"href":"https:\/\/www.auzeau.fr\/39-45\/wp-json\/wp\/v2\/tags?post=113225"},{"taxonomy":"wf_page_folders","embeddable":true,"href":"https:\/\/www.auzeau.fr\/39-45\/wp-json\/wp\/v2\/wf_page_folders?post=113225"}],"curies":[{"name":"wp","href":"https:\/\/api.w.org\/{rel}","templated":true}]}}