{"id":109188,"date":"2023-08-01T23:46:04","date_gmt":"2023-08-01T21:46:04","guid":{"rendered":"http:\/\/39-45.auzeau.fr\/?page_id=109188"},"modified":"2023-08-01T09:30:00","modified_gmt":"2023-08-01T07:30:00","slug":"21-vosne-romanee","status":"publish","type":"page","link":"https:\/\/www.auzeau.fr\/39-45\/france\/21-cote-dor\/21-vosne-romanee\/","title":{"rendered":"21 &#8211; Vosne-Roman\u00e9e"},"content":{"rendered":"<p><img fetchpriority=\"high\" decoding=\"async\" class=\"aligncenter size-full wp-image-109113\" title=\"Vosne-Roman\u00e9e\" src=\"https:\/\/www.auzeau.fr\/39-45\/wp-content\/uploads\/Cimetieres\/01%20--%2030\/21%20-%20Cotes%20d%20Or\/21%20-%20Vosne-Romanee\/Vosne-Romanee.JPG\" alt=\"\" width=\"900\" height=\"421\" \/><\/p>\n<table style=\"width: 100%;\" border=\"0\">\n<tbody>\n<tr>\n<td style=\"width: 5%;\"><\/td>\n<td style=\"width: 5%;\"><\/td>\n<td style=\"width: 2%;\"><\/td>\n<td style=\"width: 8%;\"><\/td>\n<td style=\"width: 5%;\"><\/td>\n<td style=\"width: 5%;\"><\/td>\n<td style=\"width: 5%;\"><\/td>\n<td style=\"width: 2%;\"><\/td>\n<td style=\"width: 8%;\"><\/td>\n<td style=\"width: 2%;\"><\/td>\n<td style=\"width: 5%;\"><\/td>\n<td style=\"width: 3%;\"><\/td>\n<td style=\"width: 5%;\"><\/td>\n<td style=\"width: 5%;\"><\/td>\n<td style=\"width: 5%;\"><\/td>\n<td style=\"width: 5%;\"><\/td>\n<td style=\"width: 5%;\"><\/td>\n<td style=\"width: 5%;\"><\/td>\n<td style=\"width: 5%;\"><\/td>\n<td style=\"width: 10%;\"><\/td>\n<\/tr>\n<tr>\n<td style=\"width: 75%;\" colspan=\"16\"><span style=\"font-size: xx-large;\"><strong><span style=\"color: #000000;\">Boston n\u00b0 97<br \/>\n<\/span><\/strong><\/span><\/td>\n<td style=\"width: 25%; text-align: center;\" colspan=\"4\"><span style=\"font-size: xx-large;\"><strong>GB II\/61<br \/>\n<\/strong><\/span><\/td>\n<\/tr>\n<tr>\n<td style=\"width: 75%;\" colspan=\"16\"><\/td>\n<td style=\"width: 25%; text-align: center;\" colspan=\"4\"><\/td>\n<\/tr>\n<tr style=\"height: 40px;\">\n<td style=\"text-align: right; width: 5%;\"><\/td>\n<td style=\"text-align: right; width: 5%;\"><\/td>\n<td style=\"text-align: right; width: 2%;\"><\/td>\n<td style=\"text-align: right; width: 8%;\"><\/td>\n<td style=\"text-align: right; width: 5%;\"><\/td>\n<td style=\"text-align: right; width: 5%;\"><\/td>\n<td style=\"text-align: right; width: 5%;\"><\/td>\n<td style=\"text-align: right; width: 2%;\"><\/td>\n<td style=\"text-align: right; width: 8%;\"><\/td>\n<td style=\"text-align: right; width: 2%;\"><\/td>\n<td style=\"text-align: right; width: 5%;\"><\/td>\n<td style=\"text-align: right; width: 3%;\"><\/td>\n<td style=\"text-align: right; width: 5%;\"><\/td>\n<td style=\"text-align: right; width: 5%;\"><\/td>\n<td style=\"text-align: right; width: 5%;\"><\/td>\n<td style=\"text-align: right; width: 5%;\"><\/td>\n<td style=\"text-align: right; width: 5%;\"><\/td>\n<td style=\"text-align: right; width: 5%;\"><\/td>\n<td style=\"text-align: right; width: 5%;\"><\/td>\n<td style=\"text-align: right; width: 10%;\"><\/td>\n<\/tr>\n<tr>\n<td style=\"text-align: right; width: 5%;\"><\/td>\n<td style=\"text-align: right; width: 5%;\"><span style=\"font-size: 14px;\"><strong>Date<\/strong><\/span><\/td>\n<td style=\"width: 2%; text-align: center;\"><strong>:<\/strong><\/td>\n<td style=\"width: 13%; text-align: left;\" colspan=\"5\"><span style=\"font-size: 14px;\"><em>12 juillet 1943<br \/>\n<\/em><\/span><\/td>\n<td style=\"text-align: right; width: 8%;\"><span style=\"font-size: 14px;\"><strong>Mission<\/strong><\/span><\/td>\n<td style=\"width: 2%; text-align: center;\"><strong><span style=\"font-size: 14px;\">:<\/span><\/strong><\/td>\n<td style=\"text-align: left; width: 53%;\" colspan=\"10\"><span style=\"font-size: 14px;\"><em>\u00a0Vol d&#8217;entrainement de nuit au profit des sections d&#8217;\u00e9clairage<br \/>\n<\/em><\/span><\/td>\n<\/tr>\n<tr style=\"height: 40px;\">\n<td style=\"text-align: right; width: 5%;\"><\/td>\n<td style=\"text-align: right; width: 5%;\"><\/td>\n<td style=\"width: 2%; text-align: center;\"><\/td>\n<td style=\"width: 8%; text-align: left;\"><\/td>\n<td style=\"text-align: right; width: 5%;\"><\/td>\n<td style=\"text-align: right; width: 5%;\"><\/td>\n<td style=\"text-align: right; width: 5%;\"><\/td>\n<td style=\"text-align: right; width: 2%;\"><\/td>\n<td style=\"text-align: right; width: 8%;\"><\/td>\n<td style=\"width: 2%; text-align: center;\"><\/td>\n<td style=\"text-align: left; width: 5%;\"><\/td>\n<td style=\"text-align: left; width: 3%;\"><\/td>\n<td style=\"text-align: left; width: 5%;\"><\/td>\n<td style=\"text-align: left; width: 5%;\"><\/td>\n<td style=\"text-align: left; width: 5%;\"><\/td>\n<td style=\"text-align: left; width: 5%;\"><\/td>\n<td style=\"text-align: left; width: 5%;\"><\/td>\n<td style=\"text-align: left; width: 5%;\"><\/td>\n<td style=\"text-align: left; width: 5%;\"><\/td>\n<td style=\"text-align: left; width: 10%;\"><\/td>\n<\/tr>\n<tr style=\"height: 40px;\">\n<td style=\"text-align: right; width: 10%;\" colspan=\"2\"><\/td>\n<td style=\"width: 2%; text-align: center;\"><\/td>\n<td style=\"text-align: right; width: 23%;\" colspan=\"4\"><span style=\"font-size: 14px;\"><strong>D\u00e9collage<\/strong><\/span><\/td>\n<td style=\"width: 2%; text-align: center;\"><strong>:<\/strong><\/td>\n<td style=\"text-align: left; width: 63%;\" colspan=\"12\"><span style=\"font-size: 14px;\"><em>Taher (Alg\u00e9rie)<\/em><\/span><\/td>\n<\/tr>\n<tr style=\"height: 40px;\">\n<td style=\"text-align: right; width: 10%;\" colspan=\"2\"><\/td>\n<td style=\"width: 2%; text-align: center;\"><\/td>\n<td style=\"text-align: right; width: 23%;\" colspan=\"4\"><span style=\"font-size: 14px;\"><strong>Causes de la perte<br \/>\n<\/strong><\/span><\/td>\n<td style=\"width: 2%; text-align: center;\"><strong>:<br \/>\n<\/strong><\/td>\n<td style=\"text-align: left; width: 63%;\" colspan=\"12\"><\/td>\n<\/tr>\n<tr style=\"height: 40px;\">\n<td style=\"text-align: right; width: 10%;\" colspan=\"2\"><\/td>\n<td style=\"width: 2%; text-align: center;\"><\/td>\n<td style=\"text-align: right; width: 23%;\" colspan=\"4\"><span style=\"font-size: 14px;\"><strong>Lieu de la perte<br \/>\n<\/strong><\/span><\/td>\n<td style=\"width: 2%; text-align: center;\"><strong>:<br \/>\n<\/strong><\/td>\n<td style=\"text-align: left; width: 63%;\" colspan=\"12\"><span style=\"font-size: 14px;\"><em>en mer au large de Taher (Alg\u00e9rie)<br \/>\n<\/em><\/span><\/td>\n<\/tr>\n<tr style=\"height: 40px;\">\n<td style=\"width: 5%;\"><\/td>\n<td style=\"width: 5%;\"><\/td>\n<td style=\"width: 2%; text-align: center;\"><\/td>\n<td style=\"text-align: right; width: 8%;\"><\/td>\n<td style=\"text-align: right; width: 5%;\"><\/td>\n<td style=\"text-align: right; width: 5%;\"><\/td>\n<td style=\"text-align: right; width: 5%;\"><\/td>\n<td style=\"width: 2%; text-align: center;\"><\/td>\n<td style=\"text-align: left; width: 8%;\"><\/td>\n<td style=\"text-align: left; width: 2%;\"><\/td>\n<td style=\"text-align: left; width: 5%;\"><\/td>\n<td style=\"text-align: left; width: 3%;\"><\/td>\n<td style=\"text-align: left; width: 5%;\"><\/td>\n<td style=\"text-align: left; width: 5%;\"><\/td>\n<td style=\"text-align: left; width: 5%;\"><\/td>\n<td style=\"text-align: left; width: 5%;\"><\/td>\n<td style=\"text-align: left; width: 5%;\"><\/td>\n<td style=\"text-align: left; width: 5%;\"><\/td>\n<td style=\"text-align: left; width: 5%;\"><\/td>\n<td style=\"text-align: left; width: 10%;\"><\/td>\n<\/tr>\n<tr style=\"height: 60px;\">\n<td style=\"width: 5%;\"><img decoding=\"async\" class=\"aligncenter size-full wp-image-47214\" title=\"France\" src=\"https:\/\/www.auzeau.fr\/39-45\/wp-content\/uploads\/images\/Drapeaux\/France.png\" alt=\"France\" width=\"40\" height=\"20\" \/><\/td>\n<td style=\"width: 5%;\"><span class='tooltipsall tooltipsincontent classtoolTips179'>Adj<\/span><\/td>\n<td style=\"text-align: left;\" colspan=\"5\">Paul Henri Victor<\/td>\n<td style=\"text-align: left;\" colspan=\"3\"><strong><span style=\"color: #000000;\">DESPR\u00c9S<\/span><\/strong><\/td>\n<td style=\"text-align: center;\" colspan=\"2\"><span class='tooltipsall tooltipsincontent classtoolTips116'>Nav<\/span><\/td>\n<td style=\"width: 5%; text-align: center;\"><span class='tooltipsall tooltipsincontent classtoolTips132'>FAF<\/span><\/td>\n<td style=\"text-align: center;\" colspan=\"2\"><\/td>\n<td style=\"width: 5%; text-align: center;\"><span style=\"color: #000000;\"><strong><span class='tooltipsall tooltipsincontent classtoolTips125'>NBC<\/span><\/strong><\/span><\/td>\n<td style=\"text-align: left;\" colspan=\"4\"><span style=\"color: #000000;\"><strong><span class='tooltipsall tooltipsincontent classtoolTips126'>MPF<\/span> <\/strong><\/span><span style=\"font-size: 8pt;\"><em>Lieu d&#8217;inhumation inconnu<\/em><\/span><\/td>\n<\/tr>\n<tr style=\"height: 60px;\">\n<td style=\"width: 5%;\"><img decoding=\"async\" class=\"aligncenter size-full wp-image-47214\" title=\"France\" src=\"https:\/\/www.auzeau.fr\/39-45\/wp-content\/uploads\/images\/Drapeaux\/France.png\" alt=\"France\" width=\"40\" height=\"20\" \/><\/td>\n<td style=\"width: 5%;\"><span class='tooltipsall tooltipsincontent classtoolTips201'>Lt<\/span><\/td>\n<td style=\"text-align: left;\" colspan=\"5\">Auguste Louis Marcel<\/td>\n<td style=\"text-align: left;\" colspan=\"3\"><strong><span style=\"color: #000000;\">PASERO<\/span><\/strong><\/td>\n<td style=\"text-align: center;\" colspan=\"2\"><span class='tooltipsall tooltipsincontent classtoolTips151'>Pil<\/span><\/td>\n<td style=\"width: 5%; text-align: center;\"><span class='tooltipsall tooltipsincontent classtoolTips132'>FAF<\/span><\/td>\n<td style=\"text-align: center;\" colspan=\"2\"><\/td>\n<td style=\"width: 5%; text-align: center;\"><span style=\"color: #000000;\"><strong><span class='tooltipsall tooltipsincontent classtoolTips125'>NBC<\/span><\/strong><\/span><\/td>\n<td style=\"text-align: left;\" colspan=\"4\"><span style=\"color: #000000;\"><strong><span class='tooltipsall tooltipsincontent classtoolTips126'>MPF<\/span> <\/strong><\/span><span style=\"font-size: 8pt;\"><em>Lieu d&#8217;inhumation inconnu<\/em><\/span><\/td>\n<\/tr>\n<tr style=\"height: 60px;\">\n<td style=\"width: 5%;\"><img decoding=\"async\" class=\"aligncenter size-full wp-image-47214\" title=\"France\" src=\"https:\/\/www.auzeau.fr\/39-45\/wp-content\/uploads\/images\/Drapeaux\/France.png\" alt=\"France\" width=\"40\" height=\"20\" \/><\/td>\n<td style=\"width: 5%;\"><span class='tooltipsall tooltipsincontent classtoolTips89'>SCH<\/span><\/td>\n<td style=\"text-align: left;\" colspan=\"5\">Maurice<\/td>\n<td style=\"text-align: left;\" colspan=\"3\"><strong><span style=\"color: #000000;\">P\u00c9CHEUX<\/span><\/strong><\/td>\n<td style=\"text-align: center;\" colspan=\"2\"><span class='tooltipsall tooltipsincontent classtoolTips115'>WOP<\/span><\/td>\n<td style=\"width: 5%; text-align: center;\"><span class='tooltipsall tooltipsincontent classtoolTips132'>FAF<\/span><\/td>\n<td style=\"text-align: center;\" colspan=\"2\"><\/td>\n<td style=\"width: 5%; text-align: center;\"><span style=\"color: #000000;\"><strong><span class='tooltipsall tooltipsincontent classtoolTips125'>NBC<\/span><\/strong><\/span><\/td>\n<td style=\"text-align: left;\" colspan=\"4\"><span style=\"color: #000000;\"><strong><span class='tooltipsall tooltipsincontent classtoolTips126'>MPF<\/span>\u00a0<\/strong><\/span><\/td>\n<\/tr>\n<tr style=\"height: 60px;\">\n<td style=\"width: 5%;\"><\/td>\n<td style=\"width: 5%;\"><\/td>\n<td style=\"text-align: left;\" colspan=\"5\"><\/td>\n<td style=\"text-align: left;\" colspan=\"3\"><\/td>\n<td style=\"text-align: center;\" colspan=\"2\"><\/td>\n<td style=\"width: 5%; text-align: center;\"><\/td>\n<td style=\"text-align: center;\" colspan=\"2\"><\/td>\n<td style=\"width: 5%; text-align: center;\"><\/td>\n<td style=\"text-align: left;\" colspan=\"4\"><\/td>\n<\/tr>\n<tr style=\"height: 60px;\">\n<td style=\"width: 5%;\"><img decoding=\"async\" class=\"aligncenter size-full wp-image-47198\" title=\"USA\" src=\"https:\/\/www.auzeau.fr\/39-45\/wp-content\/uploads\/images\/Drapeaux\/USA.png\" alt=\"USA\" width=\"40\" height=\"20\" \/><\/td>\n<td style=\"width: 5%;\"><span class='tooltipsall tooltipsincontent classtoolTips135'>1Lt<\/span><\/td>\n<td style=\"text-align: left;\" colspan=\"5\"><\/td>\n<td style=\"text-align: left;\" colspan=\"3\"><strong><span style=\"color: #000000;\">Amstrong<\/span><\/strong><\/td>\n<td style=\"text-align: center;\" colspan=\"2\"><span class='tooltipsall tooltipsincontent classtoolTips62'>Pass<\/span><\/td>\n<td style=\"width: 5%; text-align: center;\">US Army<\/td>\n<td style=\"text-align: center;\" colspan=\"2\"><\/td>\n<td style=\"width: 5%; text-align: center;\"><span style=\"color: #000000;\"><strong><span class='tooltipsall tooltipsincontent classtoolTips125'>NBC<\/span><\/strong><\/span><\/td>\n<td style=\"text-align: left;\" colspan=\"4\"><em><span style=\"font-size: 8pt;\">Lieu d&#8217;inhumation inconnu<\/span><\/em><\/td>\n<\/tr>\n<\/tbody>\n<\/table>\n<div id='gallery-1' class='gallery galleryid-109188 gallery-columns-2 gallery-size-thumbnail'><figure class='gallery-item'>\n\t\t\t<div class='gallery-icon landscape'>\n\t\t\t\t<a title=\"Maurice Pecheux\"  title=\"Maurice Pecheux\"  href='https:\/\/www.auzeau.fr\/39-45\/wp-content\/uploads\/Cimetieres\/01%20--%2030\/21%20-%20Cotes%20d%20Or\/21%20-%20Vosne-Romanee\/Maurice-Pecheux.JPG'><img loading=\"lazy\" decoding=\"async\" width=\"150\" height=\"150\" src=\"https:\/\/www.auzeau.fr\/39-45\/wp-content\/uploads\/Cimetieres\/01 -- 30\/21 - Cotes d Or\/21 - Vosne-Romanee\/Maurice-Pecheux-150x150.jpg\" class=\"attachment-thumbnail size-thumbnail\" alt=\"\" srcset=\"https:\/\/www.auzeau.fr\/39-45\/wp-content\/uploads\/Cimetieres\/01%20--%2030\/21%20-%20Cotes%20d%20Or\/21%20-%20Vosne-Romanee\/Maurice-Pecheux-150x150.jpg 150w, https:\/\/www.auzeau.fr\/39-45\/wp-content\/uploads\/Cimetieres\/01%20--%2030\/21%20-%20Cotes%20d%20Or\/21%20-%20Vosne-Romanee\/Maurice-Pecheux-50x50.jpg 50w\" sizes=\"(max-width: 150px) 100vw, 150px\" \/><\/a>\n\t\t\t<\/div><\/figure><figure class='gallery-item'>\n\t\t\t<div class='gallery-icon landscape'>\n\t\t\t\t<a title=\"Maurice Pecheux\"  title=\"Maurice Pecheux\"  href='https:\/\/www.auzeau.fr\/39-45\/wp-content\/uploads\/Cimetieres\/01%20--%2030\/21%20-%20Cotes%20d%20Or\/21%20-%20Vosne-Romanee\/M-Pecheux.JPG'><img loading=\"lazy\" decoding=\"async\" width=\"150\" height=\"150\" src=\"https:\/\/www.auzeau.fr\/39-45\/wp-content\/uploads\/Cimetieres\/01 -- 30\/21 - Cotes d Or\/21 - Vosne-Romanee\/M-Pecheux-150x150.jpg\" class=\"attachment-thumbnail size-thumbnail\" alt=\"\" srcset=\"https:\/\/www.auzeau.fr\/39-45\/wp-content\/uploads\/Cimetieres\/01%20--%2030\/21%20-%20Cotes%20d%20Or\/21%20-%20Vosne-Romanee\/M-Pecheux-150x150.jpg 150w, https:\/\/www.auzeau.fr\/39-45\/wp-content\/uploads\/Cimetieres\/01%20--%2030\/21%20-%20Cotes%20d%20Or\/21%20-%20Vosne-Romanee\/M-Pecheux-50x50.jpg 50w\" sizes=\"(max-width: 150px) 100vw, 150px\" \/><\/a>\n\t\t\t<\/div><\/figure>\n\t\t<\/div>\n\n<hr \/>\n<ul id=\"menu-21-cote-d-or\" class=\"menu\"><li id=\"menu-item-109417\" class=\"menu-item menu-item-type-post_type menu-item-object-page menu-item-109417\"><a href=\"https:\/\/www.auzeau.fr\/39-45\/france\/21-cote-dor\/21-auxonne\/\">21 \u2013 Auxonne<\/a><\/li>\n<li id=\"menu-item-109416\" class=\"menu-item menu-item-type-post_type menu-item-object-page menu-item-109416\"><a href=\"https:\/\/www.auzeau.fr\/39-45\/france\/21-cote-dor\/21-beaune\/\">21 \u2013 Beaune<\/a><\/li>\n<li id=\"menu-item-100872\" class=\"menu-item menu-item-type-post_type menu-item-object-page menu-item-100872\"><a href=\"https:\/\/www.auzeau.fr\/39-45\/france\/21-cote-dor\/21-bessey-la-cour\/\">21 \u2013 Bessey-la-Cour<\/a><\/li>\n<li id=\"menu-item-109413\" class=\"menu-item menu-item-type-post_type menu-item-object-page menu-item-109413\"><a href=\"https:\/\/www.auzeau.fr\/39-45\/france\/21-cote-dor\/21-brazey-en-plaine\/\">21 \u2013 Brazey-en-Plaine<\/a><\/li>\n<li id=\"menu-item-100871\" class=\"menu-item menu-item-type-post_type menu-item-object-page menu-item-100871\"><a href=\"https:\/\/www.auzeau.fr\/39-45\/france\/21-cote-dor\/21-bretiniere\/\">21 \u2013 Bretini\u00e8re<\/a><\/li>\n<li id=\"menu-item-109412\" class=\"menu-item menu-item-type-post_type menu-item-object-page menu-item-109412\"><a href=\"https:\/\/www.auzeau.fr\/39-45\/france\/21-cote-dor\/21-corpeau\/\">21 \u2013 Corpeau<\/a><\/li>\n<li id=\"menu-item-109411\" class=\"menu-item menu-item-type-post_type menu-item-object-page menu-item-109411\"><a href=\"https:\/\/www.auzeau.fr\/39-45\/france\/21-cote-dor\/21-dijon\/\">21 \u2013 Dijon<\/a><\/li>\n<li id=\"menu-item-109408\" class=\"menu-item menu-item-type-post_type menu-item-object-page menu-item-109408\"><a href=\"https:\/\/www.auzeau.fr\/39-45\/france\/21-cote-dor\/21-fontaine-les-dijon\/\">21 \u2013 Fontaine-l\u00e8s-Dijon<\/a><\/li>\n<li id=\"menu-item-109888\" class=\"menu-item menu-item-type-post_type menu-item-object-page menu-item-109888\"><a href=\"https:\/\/www.auzeau.fr\/39-45\/france\/21-cote-dor\/21-gemeaux\/\">21 \u2013 Gemeaux<\/a><\/li>\n<li id=\"menu-item-109887\" class=\"menu-item menu-item-type-post_type menu-item-object-page menu-item-109887\"><a href=\"https:\/\/www.auzeau.fr\/39-45\/france\/21-cote-dor\/21-is-sur-tille\/\">21 \u2013 Is-sur-Tille<\/a><\/li>\n<li id=\"menu-item-100878\" class=\"menu-item menu-item-type-post_type menu-item-object-page menu-item-100878\"><a href=\"https:\/\/www.auzeau.fr\/39-45\/france\/21-cote-dor\/21-la-bussiere-sur-ouche\/\">21 \u2013 La Bussi\u00e8re-sur-Ouche<\/a><\/li>\n<li id=\"menu-item-100877\" class=\"menu-item menu-item-type-post_type menu-item-object-page menu-item-100877\"><a href=\"https:\/\/www.auzeau.fr\/39-45\/france\/21-cote-dor\/21-lignerolles\/\">21 \u2013 Lignerolles<\/a><\/li>\n<li id=\"menu-item-109886\" class=\"menu-item menu-item-type-post_type menu-item-object-page menu-item-109886\"><a href=\"https:\/\/www.auzeau.fr\/39-45\/france\/21-cote-dor\/21-lux\/\">21 \u2013 Lux<\/a><\/li>\n<li id=\"menu-item-109885\" class=\"menu-item menu-item-type-post_type menu-item-object-page menu-item-109885\"><a href=\"https:\/\/www.auzeau.fr\/39-45\/france\/21-cote-dor\/21-massigny-les-semur\/\">21 \u2013 Massigny-l\u00e8s-Semur<\/a><\/li>\n<li id=\"menu-item-109884\" class=\"menu-item menu-item-type-post_type menu-item-object-page menu-item-109884\"><a href=\"https:\/\/www.auzeau.fr\/39-45\/france\/21-cote-dor\/21-messigny-et-vantoux\/\">21 \u2013 Messigny-et-Vantoux<\/a><\/li>\n<li id=\"menu-item-100873\" class=\"menu-item menu-item-type-post_type menu-item-object-page menu-item-100873\"><a href=\"https:\/\/www.auzeau.fr\/39-45\/france\/21-cote-dor\/21-nuits-saint-georges\/\">21 \u2013 Nuits-Saint-Georges<\/a><\/li>\n<li id=\"menu-item-100874\" class=\"menu-item menu-item-type-post_type menu-item-object-page menu-item-100874\"><a href=\"https:\/\/www.auzeau.fr\/39-45\/france\/21-cote-dor\/21-recey-sur-ource\/\">21 \u2013 Recey-sur-Ource<\/a><\/li>\n<li id=\"menu-item-109883\" class=\"menu-item menu-item-type-post_type menu-item-object-page menu-item-109883\"><a href=\"https:\/\/www.auzeau.fr\/39-45\/france\/21-cote-dor\/21-talant\/\">21 \u2013 Talant<\/a><\/li>\n<li id=\"menu-item-100876\" class=\"menu-item menu-item-type-post_type menu-item-object-page menu-item-100876\"><a href=\"https:\/\/www.auzeau.fr\/39-45\/france\/21-cote-dor\/21-vandenesse-en-auxois\/\">21 \u2013 Vandenesse-en-Auxois<\/a><\/li>\n<li id=\"menu-item-109917\" class=\"menu-item menu-item-type-post_type menu-item-object-page menu-item-109917\"><a href=\"https:\/\/www.auzeau.fr\/39-45\/france\/21-cote-dor\/21-varois-et-vantoux\/\">21 \u2013 Varois-et-Vantoux<\/a><\/li>\n<li id=\"menu-item-100875\" class=\"menu-item menu-item-type-post_type menu-item-object-page menu-item-100875\"><a href=\"https:\/\/www.auzeau.fr\/39-45\/france\/21-cote-dor\/21-villiers-le-duc\/\">21 \u2013 Villiers-le-Duc<\/a><\/li>\n<li id=\"menu-item-109918\" class=\"menu-item menu-item-type-post_type menu-item-object-page menu-item-109918\"><a href=\"https:\/\/www.auzeau.fr\/39-45\/france\/21-cote-dor\/21-vosne-romanee\/\">21 \u2013 Vosne-Roman\u00e9e<\/a><\/li>\n<\/ul>\n<script type=\"text\/javascript\"> toolTips('.classtoolTips62','Passager<br\/><br\/>Passenger'); <\/script><script type=\"text\/javascript\"> toolTips('.classtoolTips89','Sergent-Chef'); <\/script><script type=\"text\/javascript\"> toolTips('.classtoolTips98','Colonel'); <\/script><script type=\"text\/javascript\"> toolTips('.classtoolTips115','Op\u00e9rateur Radio<br\/><br\/>Wireless Op\u00e9rator'); <\/script><script type=\"text\/javascript\"> toolTips('.classtoolTips116','Navigateur<br\/><br\/>Navigator'); <\/script><script type=\"text\/javascript\"> toolTips('.classtoolTips125','Perte hors combat<br\/><br\/>No Battle Casualty'); <\/script><script type=\"text\/javascript\"> toolTips('.classtoolTips126','Mort Pour la France'); <\/script><script type=\"text\/javascript\"> toolTips('.classtoolTips132','Force A\u00e9rienne Fran\u00e7aise<br\/><br\/>French Air Force'); <\/script><script type=\"text\/javascript\"> toolTips('.classtoolTips135','1st Lieutenant'); <\/script><script type=\"text\/javascript\"> toolTips('.classtoolTips138','<strong>Piste Avanc\u00e9e d\\'Aviation<\/strong><br\/><br\/>A\u00e9rodromes temporaires construits par les Alli\u00e9s au cours de la Seconde Guerre mondiale durant la lib\u00e9ration de l\\'Europe.<br\/><br\/><strong>Advanced Landing Ground<\/strong><br\/><br\/>Temporary advance airfields constructed by the Allies during World War II during the liberation of Europe.'); <\/script><script type=\"text\/javascript\"> toolTips('.classtoolTips144','Royal Corps of Signals'); <\/script><script type=\"text\/javascript\"> toolTips('.classtoolTips151','Pilote<br\/><br\/>Pilot'); <\/script><script type=\"text\/javascript\"> toolTips('.classtoolTips159','Signalman'); <\/script><script type=\"text\/javascript\"> toolTips('.classtoolTips164','Sapper'); <\/script><script type=\"text\/javascript\"> toolTips('.classtoolTips179','Adjudant'); <\/script><script type=\"text\/javascript\"> toolTips('.classtoolTips182','Warrant Officer'); <\/script><script type=\"text\/javascript\"> toolTips('.classtoolTips185','Mitrailleur<br\/><br\/>Air Gunner'); <\/script><script type=\"text\/javascript\"> toolTips('.classtoolTips188','Bombardier<br\/><br\/>Air bomber'); <\/script><script type=\"text\/javascript\"> toolTips('.classtoolTips189','M\u00e9canicien volant<br\/><br\/>Flying Enginer'); <\/script><script type=\"text\/javascript\"> toolTips('.classtoolTips197','Aircraftman'); <\/script><script type=\"text\/javascript\"> toolTips('.classtoolTips199','Radio Officer'); <\/script><script type=\"text\/javascript\"> toolTips('.classtoolTips201','Lieutenant'); <\/script>","protected":false},"excerpt":{"rendered":"<p>Boston n\u00b0 97 GB II\/61 Date : 12 juillet 1943 Mission : \u00a0Vol d&#8217;entrainement de nuit au profit des sections d&#8217;\u00e9clairage D\u00e9collage : Taher (Alg\u00e9rie) Causes de la perte : Lieu de la perte : en mer au large de Taher (Alg\u00e9rie) Adj Paul Henri Victor DESPR\u00c9S Nav FAF NBC MPF Lieu d&#8217;inhumation inconnu Lt [&hellip;]<\/p>\n","protected":false},"author":1,"featured_media":0,"parent":100447,"menu_order":0,"comment_status":"closed","ping_status":"closed","template":"template-full-width Boston.php","meta":{"_lmt_disableupdate":"yes","_lmt_disable":"","footnotes":""},"categories":[585],"tags":[10714],"wf_page_folders":[10256],"class_list":["post-109188","page","type-page","status-publish","hentry","category-boston","tag-gb-ii-61"],"_links":{"self":[{"href":"https:\/\/www.auzeau.fr\/39-45\/wp-json\/wp\/v2\/pages\/109188","targetHints":{"allow":["GET"]}}],"collection":[{"href":"https:\/\/www.auzeau.fr\/39-45\/wp-json\/wp\/v2\/pages"}],"about":[{"href":"https:\/\/www.auzeau.fr\/39-45\/wp-json\/wp\/v2\/types\/page"}],"author":[{"embeddable":true,"href":"https:\/\/www.auzeau.fr\/39-45\/wp-json\/wp\/v2\/users\/1"}],"replies":[{"embeddable":true,"href":"https:\/\/www.auzeau.fr\/39-45\/wp-json\/wp\/v2\/comments?post=109188"}],"version-history":[{"count":0,"href":"https:\/\/www.auzeau.fr\/39-45\/wp-json\/wp\/v2\/pages\/109188\/revisions"}],"up":[{"embeddable":true,"href":"https:\/\/www.auzeau.fr\/39-45\/wp-json\/wp\/v2\/pages\/100447"}],"wp:attachment":[{"href":"https:\/\/www.auzeau.fr\/39-45\/wp-json\/wp\/v2\/media?parent=109188"}],"wp:term":[{"taxonomy":"category","embeddable":true,"href":"https:\/\/www.auzeau.fr\/39-45\/wp-json\/wp\/v2\/categories?post=109188"},{"taxonomy":"post_tag","embeddable":true,"href":"https:\/\/www.auzeau.fr\/39-45\/wp-json\/wp\/v2\/tags?post=109188"},{"taxonomy":"wf_page_folders","embeddable":true,"href":"https:\/\/www.auzeau.fr\/39-45\/wp-json\/wp\/v2\/wf_page_folders?post=109188"}],"curies":[{"name":"wp","href":"https:\/\/api.w.org\/{rel}","templated":true}]}}