{"id":109179,"date":"2023-08-01T23:46:05","date_gmt":"2023-08-01T21:46:05","guid":{"rendered":"http:\/\/39-45.auzeau.fr\/?page_id=109179"},"modified":"2023-08-01T09:30:00","modified_gmt":"2023-08-01T07:30:00","slug":"21-varois-et-vantoux","status":"publish","type":"page","link":"https:\/\/www.auzeau.fr\/39-45\/france\/21-cote-dor\/21-varois-et-vantoux\/","title":{"rendered":"21 &#8211; Varois-et-Vantoux"},"content":{"rendered":"<p><img fetchpriority=\"high\" decoding=\"async\" class=\"aligncenter size-full wp-image-109109\" title=\"Varois-et-Chaignot\" src=\"https:\/\/www.auzeau.fr\/39-45\/wp-content\/uploads\/Cimetieres\/01%20--%2030\/21%20-%20Cotes%20d%20Or\/21%20-%20Varois-et-Chaignot\/Varois-et-Chaignot.JPG\" alt=\"\" width=\"900\" height=\"446\" \/><\/p>\n<table style=\"width: 100%;\" border=\"0\">\n<tbody>\n<tr>\n<td style=\"width: 5%;\"><\/td>\n<td style=\"width: 5%;\"><\/td>\n<td style=\"width: 5%;\"><\/td>\n<td style=\"width: 5%;\"><\/td>\n<td style=\"width: 5%;\"><\/td>\n<td style=\"width: 5%;\"><\/td>\n<td style=\"width: 5%;\"><\/td>\n<td style=\"width: 5%;\"><\/td>\n<td style=\"width: 5%;\"><\/td>\n<td style=\"width: 5%;\"><\/td>\n<td style=\"width: 5%;\"><\/td>\n<td style=\"width: 5%;\"><\/td>\n<td style=\"width: 5%;\"><\/td>\n<td style=\"width: 5%;\"><\/td>\n<td style=\"width: 5%;\"><\/td>\n<td style=\"width: 5%;\"><\/td>\n<td style=\"width: 5%;\"><\/td>\n<td style=\"width: 5%;\"><\/td>\n<td style=\"width: 5%;\"><\/td>\n<td style=\"width: 5%;\"><\/td>\n<\/tr>\n<tr>\n<td colspan=\"15\"><span style=\"color: #000000;\"><strong><span style=\"font-size: xx-large;\">B26 Marauder 42-96018<\/span><\/strong><br \/>\nCode op\u00e9rationnel : 47<\/span><\/td>\n<td style=\"text-align: center;\" colspan=\"5\"><strong><span style=\"font-size: xx-large;\">GBM II\/63<\/span><br \/>\n&#8220;S\u00c9N\u00c9GAL&#8221;<\/strong><\/td>\n<\/tr>\n<tr style=\"height: 40px;\">\n<td style=\"text-align: right;\" colspan=\"2\"><span style=\"font-size: 14px;\"><strong>Date : <\/strong><\/span><\/td>\n<td colspan=\"5\"><span style=\"font-size: 14px;\"><em> \u00a001 novembre 1944<\/em><\/span><\/td>\n<td style=\"text-align: right;\" colspan=\"3\"><span style=\"font-size: 14px;\"><strong>Mission : <\/strong><\/span><\/td>\n<td colspan=\"10\"><span style=\"font-size: 14px;\">\u00a0<em>Vol de liaison sur Bordeaux (33)<\/em><\/span><\/td>\n<\/tr>\n<tr style=\"height: 40px;\">\n<td><\/td>\n<td><\/td>\n<td style=\"text-align: right;\" colspan=\"5\"><span style=\"font-size: 14px;\"><strong>D\u00e9collage :<br \/>\n<\/strong><\/span><\/td>\n<td colspan=\"10\"><span style=\"font-size: 14px;\"><em>\u00a0 Istres (13)<br \/>\n<\/em><\/span><\/td>\n<td><\/td>\n<td><\/td>\n<td><\/td>\n<\/tr>\n<tr style=\"height: 40px;\">\n<td><\/td>\n<td><\/td>\n<td style=\"text-align: right;\" colspan=\"5\"><span style=\"font-size: 14px;\"><strong>Causes de la perte : <\/strong><\/span><\/td>\n<td colspan=\"13\"><span style=\"font-size: 14px;\"><em> \u00a0En raison du brouillard heurte une colline<\/em><\/span><\/td>\n<\/tr>\n<tr style=\"height: 40px;\">\n<td><\/td>\n<td><\/td>\n<td style=\"text-align: right;\" colspan=\"5\"><span style=\"font-size: 14px;\"><strong>Lieu de la perte : <\/strong><\/span><\/td>\n<td colspan=\"10\"><span style=\"font-size: 14px;\"><em> \u00a0Fraiss\u00e9-des-Corbi\u00e8res (11)<\/em><\/span><\/td>\n<td><\/td>\n<td><\/td>\n<td><\/td>\n<\/tr>\n<tr style=\"height: 60px;\">\n<td><span style=\"font-size: 14px;\"><img decoding=\"async\" class=\"aligncenter size-full wp-image-47214\" title=\"France\" src=\"https:\/\/www.auzeau.fr\/39-45\/wp-content\/uploads\/images\/Drapeaux\/France.png\" alt=\"\" width=\"40\" height=\"20\" \/><\/span><\/td>\n<td><span style=\"font-size: 14px;\"><span class='tooltipsall tooltipsincontent classtoolTips89'>SCH<\/span><\/span><\/td>\n<td colspan=\"5\"><span style=\"font-size: 14px;\">Ren\u00e9 Georges<\/span><\/td>\n<td colspan=\"2\"><span style=\"font-size: 14px; color: #000000;\"><strong>GOUPIL<\/strong><\/span><\/td>\n<td style=\"text-align: center;\" colspan=\"2\"><span style=\"font-size: 14px;\"><span class='tooltipsall tooltipsincontent classtoolTips189'>FE<\/span><\/span><\/td>\n<td style=\"text-align: center;\"><span style=\"font-size: 14px;\"><span class='tooltipsall tooltipsincontent classtoolTips132'>FAF<\/span><\/span><\/td>\n<td style=\"text-align: center;\" colspan=\"2\"><\/td>\n<td><span style=\"font-size: 14px; color: #000000;\"><strong><span class='tooltipsall tooltipsincontent classtoolTips125'>NBC<\/span><\/strong><\/span><\/td>\n<td colspan=\"5\"><span style=\"color: #000000;\"><strong><span class='tooltipsall tooltipsincontent classtoolTips126'>MPF<\/span> <\/strong><\/span><em><span style=\"font-size: 8pt;\">Lieu d&#8217;inhumation inconnu<\/span><\/em><\/td>\n<\/tr>\n<tr style=\"height: 60px;\">\n<td><span style=\"font-size: 14px;\"><img decoding=\"async\" class=\"aligncenter size-full wp-image-47214\" title=\"France\" src=\"https:\/\/www.auzeau.fr\/39-45\/wp-content\/uploads\/images\/Drapeaux\/France.png\" alt=\"\" width=\"40\" height=\"20\" \/><\/span><\/td>\n<td><span style=\"font-size: 14px;\"><span class='tooltipsall tooltipsincontent classtoolTips89'>SCH<\/span><\/span><\/td>\n<td colspan=\"5\"><span style=\"font-size: 14px;\">Andr\u00e9 Louis<br \/>\n<\/span><\/td>\n<td colspan=\"2\"><span style=\"font-size: 14px; color: #000000;\"><strong>JAOUEN<\/strong><\/span><\/td>\n<td style=\"text-align: center;\" colspan=\"2\"><span style=\"font-size: 14px;\"><span class='tooltipsall tooltipsincontent classtoolTips151'>Pil<\/span><\/span><\/td>\n<td style=\"text-align: center;\"><span style=\"font-size: 14px;\"><span class='tooltipsall tooltipsincontent classtoolTips132'>FAF<\/span><\/span><\/td>\n<td style=\"text-align: center;\" colspan=\"2\"><\/td>\n<td><span style=\"font-size: 14px; color: #000000;\"><strong><span class='tooltipsall tooltipsincontent classtoolTips125'>NBC<\/span><\/strong><\/span><\/td>\n<td colspan=\"5\"><span style=\"color: #000000;\"><strong><span class='tooltipsall tooltipsincontent classtoolTips126'>MPF<\/span> <\/strong><a href=\"https:\/\/www.auzeau.fr\/39-45\/france\/29-finistere\/29-brest-cimetiere-saint-martin-2\/\"><span style=\"font-size: 8pt;\"><em>Inhum\u00e9 \u00e0 Brest (29)<\/em><\/span><\/a><strong><br \/>\n<\/strong><\/span><\/td>\n<\/tr>\n<tr style=\"height: 60px;\">\n<td><span style=\"font-size: 14px;\"><img decoding=\"async\" class=\"aligncenter size-full wp-image-47214\" title=\"France\" src=\"https:\/\/www.auzeau.fr\/39-45\/wp-content\/uploads\/images\/Drapeaux\/France.png\" alt=\"\" width=\"40\" height=\"20\" \/><\/span><\/td>\n<td><span style=\"font-size: 14px;\"><span class='tooltipsall tooltipsincontent classtoolTips89'>SCH<\/span><\/span><\/td>\n<td colspan=\"5\"><span style=\"font-size: 14px;\">Robert Arthur Eug\u00e8ne<\/span><\/td>\n<td colspan=\"2\"><span style=\"font-size: 14px; color: #000000;\"><strong>LAMOTTE<\/strong><\/span><\/td>\n<td style=\"text-align: center;\" colspan=\"2\"><span class='tooltipsall tooltipsincontent classtoolTips115'>WOP<\/span><\/td>\n<td style=\"text-align: center;\"><span style=\"font-size: 14px;\"><span class='tooltipsall tooltipsincontent classtoolTips132'>FAF<\/span><\/span><\/td>\n<td style=\"text-align: center;\" colspan=\"2\"><\/td>\n<td><span style=\"font-size: 14px; color: #000000;\"><strong><span class='tooltipsall tooltipsincontent classtoolTips125'>NBC<\/span><\/strong><\/span><\/td>\n<td colspan=\"5\"><span style=\"color: #000000;\"><strong><span class='tooltipsall tooltipsincontent classtoolTips126'>MPF<\/span>\u00a0<\/strong><\/span><\/td>\n<\/tr>\n<tr style=\"height: 60px;\">\n<td><span style=\"font-size: 14px;\"><img decoding=\"async\" class=\"aligncenter size-full wp-image-47214\" title=\"France\" src=\"https:\/\/www.auzeau.fr\/39-45\/wp-content\/uploads\/images\/Drapeaux\/France.png\" alt=\"\" width=\"40\" height=\"20\" \/><\/span><\/td>\n<td><span style=\"font-size: 14px;\"><span class='tooltipsall tooltipsincontent classtoolTips179'>Adj<\/span><\/span><\/td>\n<td colspan=\"5\"><span style=\"font-size: 14px;\">Jean-Marie<\/span><\/td>\n<td colspan=\"2\"><span style=\"font-size: 14px; color: #000000;\"><strong>ROB\u00c9<\/strong><\/span><\/td>\n<td style=\"text-align: center;\" colspan=\"2\"><span style=\"font-size: 14px;\"><span class='tooltipsall tooltipsincontent classtoolTips116'>Nav<\/span><\/span><\/td>\n<td style=\"text-align: center;\"><span style=\"font-size: 14px;\"><span class='tooltipsall tooltipsincontent classtoolTips132'>FAF<\/span><\/span><\/td>\n<td style=\"text-align: center;\" colspan=\"2\"><\/td>\n<td><span style=\"font-size: 14px; color: #000000;\"><strong><span class='tooltipsall tooltipsincontent classtoolTips125'>NBC<\/span><\/strong><\/span><\/td>\n<td colspan=\"5\"><span style=\"color: #000000;\"><strong><span class='tooltipsall tooltipsincontent classtoolTips126'>MPF<\/span> <\/strong><\/span><a href=\"https:\/\/www.auzeau.fr\/39-45\/france\/89-yonne\/89-leugny\/\"><span style=\"font-size: 8pt;\"><em>Inhum\u00e9 \u00e0 Leugny (89)<\/em><\/span><\/a><\/td>\n<\/tr>\n<tr>\n<td colspan=\"20\" height=\"20\"><\/td>\n<\/tr>\n<tr style=\"height: 60px;\">\n<td><span style=\"font-size: 14px;\"><img decoding=\"async\" class=\"aligncenter size-full wp-image-47214\" title=\"France\" src=\"https:\/\/www.auzeau.fr\/39-45\/wp-content\/uploads\/images\/Drapeaux\/France.png\" alt=\"\" width=\"40\" height=\"20\" \/><\/span><\/td>\n<td><span style=\"font-size: 14px;\"><span class='tooltipsall tooltipsincontent classtoolTips96'>Sgt<\/span><\/span><\/td>\n<td colspan=\"5\"><span style=\"font-size: 14px;\">Pierre Maurice<\/span><\/td>\n<td colspan=\"2\"><span style=\"font-size: 14px; color: #000000;\"><strong>ALLARD<\/strong><\/span><\/td>\n<td style=\"text-align: center;\" colspan=\"2\"><span class='tooltipsall tooltipsincontent classtoolTips62'>Pass<\/span><\/td>\n<td style=\"text-align: center;\"><span style=\"font-size: 14px;\"><span class='tooltipsall tooltipsincontent classtoolTips132'>FAF<\/span><\/span><\/td>\n<td style=\"text-align: center;\" colspan=\"2\"><\/td>\n<td><span style=\"font-size: 14px; color: #000000;\"><strong><span class='tooltipsall tooltipsincontent classtoolTips125'>NBC<\/span><\/strong><\/span><\/td>\n<td colspan=\"5\"><span style=\"color: #000000;\"><strong><span class='tooltipsall tooltipsincontent classtoolTips126'>MPF<\/span> <\/strong><\/span><span style=\"font-size: 8pt;\"><em>Lieu d&#8217;inhumation inconnu<\/em><\/span><\/td>\n<\/tr>\n<tr style=\"height: 60px;\">\n<td><span style=\"font-size: 14px;\"><img decoding=\"async\" class=\"aligncenter size-full wp-image-47214\" title=\"France\" src=\"https:\/\/www.auzeau.fr\/39-45\/wp-content\/uploads\/images\/Drapeaux\/France.png\" alt=\"\" width=\"40\" height=\"20\" \/><\/span><\/td>\n<td><span style=\"font-size: 14px;\"><span class='tooltipsall tooltipsincontent classtoolTips181'>SLT<\/span><\/span><\/td>\n<td colspan=\"5\"><span style=\"font-size: 14px;\">Philippe Marie Guy<br \/>\n<\/span><\/td>\n<td colspan=\"2\"><span style=\"font-size: 14px; color: #000000;\"><strong>MARTINEAU<\/strong><\/span><\/td>\n<td style=\"text-align: center;\" colspan=\"2\"><span style=\"font-size: 14px;\"><span class='tooltipsall tooltipsincontent classtoolTips62'>Pass<\/span><\/span><\/td>\n<td style=\"text-align: center;\"><span style=\"font-size: 14px;\"><span class='tooltipsall tooltipsincontent classtoolTips114'>FFI<\/span><\/span><\/td>\n<td style=\"text-align: center;\" colspan=\"2\"><\/td>\n<td><span style=\"font-size: 14px; color: #000000;\"><strong><span class='tooltipsall tooltipsincontent classtoolTips125'>NBC<\/span><\/strong><\/span><\/td>\n<td colspan=\"5\"><span style=\"color: #000000;\"><strong><span class='tooltipsall tooltipsincontent classtoolTips126'>MPF<\/span> <\/strong><\/span><a href=\"https:\/\/www.auzeau.fr\/39-45\/france\/11-aude\/11-fraisse-des-corbieres\/\"><em><span style=\"font-size: 8pt;\">Inhum\u00e9 \u00e0 fraiss\u00e9-des-Corbi\u00e8re (11)<\/span><\/em><\/a><span style=\"color: #000000;\"><strong><br \/>\n<\/strong><\/span><\/td>\n<\/tr>\n<tr style=\"height: 60px;\">\n<td><span style=\"font-size: 14px;\"><img decoding=\"async\" class=\"aligncenter size-full wp-image-47214\" title=\"France\" src=\"https:\/\/www.auzeau.fr\/39-45\/wp-content\/uploads\/images\/Drapeaux\/France.png\" alt=\"\" width=\"40\" height=\"20\" \/><\/span><\/td>\n<td><span style=\"font-size: 14px;\"><span class='tooltipsall tooltipsincontent classtoolTips102'><span class='tooltipsall tooltipsincontent classtoolTips180'>Sdt<\/span><\/span><\/span><\/td>\n<td colspan=\"5\"><span style=\"font-size: 14px;\">Jean \u00c9mile<br \/>\n<\/span><\/td>\n<td colspan=\"2\"><strong><span style=\"font-size: 14px; color: #000000;\">TEXIER<\/span><\/strong><\/td>\n<td style=\"text-align: center;\" colspan=\"2\"><span style=\"font-size: 14px;\"><span class='tooltipsall tooltipsincontent classtoolTips62'>Pass<\/span><\/span><\/td>\n<td style=\"text-align: center;\"><span style=\"font-size: 14px;\"><span class='tooltipsall tooltipsincontent classtoolTips132'>FAF<\/span><\/span><\/td>\n<td style=\"text-align: center;\" colspan=\"2\"><\/td>\n<td><strong><span style=\"font-size: 14px; color: #000000;\"><span class='tooltipsall tooltipsincontent classtoolTips125'>NBC<\/span><\/span><\/strong><\/td>\n<td colspan=\"5\"><span style=\"color: #000000;\"><strong><span class='tooltipsall tooltipsincontent classtoolTips126'>MPF<\/span> <\/strong><\/span><em><a href=\"https:\/\/www.auzeau.fr\/39-45\/france\/17-charente-maritime\/17-saintes\/\"><span style=\"font-size: 8pt;\">Inhum\u00e9 \u00e0 Saintes (17)<\/span><\/a><\/em><\/td>\n<\/tr>\n<\/tbody>\n<\/table>\n<div id='gallery-1' class='gallery galleryid-109179 gallery-columns-3 gallery-size-thumbnail'><figure class='gallery-item'>\n\t\t\t<div class='gallery-icon portrait'>\n\t\t\t\t<a title=\"Robert Lamotte\"  title=\"Robert Lamotte\"  href='https:\/\/www.auzeau.fr\/39-45\/wp-content\/uploads\/Cimetieres\/01%20--%2030\/21%20-%20Cotes%20d%20Or\/21%20-%20Varois-et-Chaignot\/R-Lamotte.JPG'><img decoding=\"async\" width=\"150\" height=\"150\" src=\"https:\/\/www.auzeau.fr\/39-45\/wp-content\/uploads\/Cimetieres\/01 -- 30\/21 - Cotes d Or\/21 - Varois-et-Chaignot\/R-Lamotte-150x150.jpg\" class=\"attachment-thumbnail size-thumbnail\" alt=\"\" srcset=\"https:\/\/www.auzeau.fr\/39-45\/wp-content\/uploads\/Cimetieres\/01%20--%2030\/21%20-%20Cotes%20d%20Or\/21%20-%20Varois-et-Chaignot\/R-Lamotte-150x150.jpg 150w, https:\/\/www.auzeau.fr\/39-45\/wp-content\/uploads\/Cimetieres\/01%20--%2030\/21%20-%20Cotes%20d%20Or\/21%20-%20Varois-et-Chaignot\/R-Lamotte-50x50.jpg 50w\" sizes=\"(max-width: 150px) 100vw, 150px\" \/><\/a>\n\t\t\t<\/div><\/figure><figure class='gallery-item'>\n\t\t\t<div class='gallery-icon landscape'>\n\t\t\t\t<a title=\"Robert Lamotte\"  title=\"Robert Lamotte\"  href='https:\/\/www.auzeau.fr\/39-45\/wp-content\/uploads\/Cimetieres\/01%20--%2030\/21%20-%20Cotes%20d%20Or\/21%20-%20Varois-et-Chaignot\/Robert-Lamotte.JPG'><img loading=\"lazy\" decoding=\"async\" width=\"150\" height=\"150\" src=\"https:\/\/www.auzeau.fr\/39-45\/wp-content\/uploads\/Cimetieres\/01 -- 30\/21 - Cotes d Or\/21 - Varois-et-Chaignot\/Robert-Lamotte-150x150.jpg\" class=\"attachment-thumbnail size-thumbnail\" alt=\"\" srcset=\"https:\/\/www.auzeau.fr\/39-45\/wp-content\/uploads\/Cimetieres\/01%20--%2030\/21%20-%20Cotes%20d%20Or\/21%20-%20Varois-et-Chaignot\/Robert-Lamotte-150x150.jpg 150w, https:\/\/www.auzeau.fr\/39-45\/wp-content\/uploads\/Cimetieres\/01%20--%2030\/21%20-%20Cotes%20d%20Or\/21%20-%20Varois-et-Chaignot\/Robert-Lamotte-50x50.jpg 50w\" sizes=\"(max-width: 150px) 100vw, 150px\" \/><\/a>\n\t\t\t<\/div><\/figure><figure class='gallery-item'>\n\t\t\t<div class='gallery-icon portrait'>\n\t\t\t\t<a title=\"Robert Lamotte\"  title=\"Robert Lamotte\"  href='https:\/\/www.auzeau.fr\/39-45\/wp-content\/uploads\/Cimetieres\/01%20--%2030\/21%20-%20Cotes%20d%20Or\/21%20-%20Varois-et-Chaignot\/Lamotte.JPG'><img loading=\"lazy\" decoding=\"async\" width=\"150\" height=\"150\" src=\"https:\/\/www.auzeau.fr\/39-45\/wp-content\/uploads\/Cimetieres\/01 -- 30\/21 - Cotes d Or\/21 - Varois-et-Chaignot\/Lamotte-150x150.jpg\" class=\"attachment-thumbnail size-thumbnail\" alt=\"\" srcset=\"https:\/\/www.auzeau.fr\/39-45\/wp-content\/uploads\/Cimetieres\/01%20--%2030\/21%20-%20Cotes%20d%20Or\/21%20-%20Varois-et-Chaignot\/Lamotte-150x150.jpg 150w, https:\/\/www.auzeau.fr\/39-45\/wp-content\/uploads\/Cimetieres\/01%20--%2030\/21%20-%20Cotes%20d%20Or\/21%20-%20Varois-et-Chaignot\/Lamotte-50x50.jpg 50w\" sizes=\"(max-width: 150px) 100vw, 150px\" \/><\/a>\n\t\t\t<\/div><\/figure>\n\t\t<\/div>\n\n<hr \/>\n<p style=\"text-align: center;\"><ul id=\"menu-21-cote-d-or\" class=\"menu\"><li id=\"menu-item-109417\" class=\"menu-item menu-item-type-post_type menu-item-object-page menu-item-109417\"><a href=\"https:\/\/www.auzeau.fr\/39-45\/france\/21-cote-dor\/21-auxonne\/\">21 \u2013 Auxonne<\/a><\/li>\n<li id=\"menu-item-109416\" class=\"menu-item menu-item-type-post_type menu-item-object-page menu-item-109416\"><a href=\"https:\/\/www.auzeau.fr\/39-45\/france\/21-cote-dor\/21-beaune\/\">21 \u2013 Beaune<\/a><\/li>\n<li id=\"menu-item-100872\" class=\"menu-item menu-item-type-post_type menu-item-object-page menu-item-100872\"><a href=\"https:\/\/www.auzeau.fr\/39-45\/france\/21-cote-dor\/21-bessey-la-cour\/\">21 \u2013 Bessey-la-Cour<\/a><\/li>\n<li id=\"menu-item-109413\" class=\"menu-item menu-item-type-post_type menu-item-object-page menu-item-109413\"><a href=\"https:\/\/www.auzeau.fr\/39-45\/france\/21-cote-dor\/21-brazey-en-plaine\/\">21 \u2013 Brazey-en-Plaine<\/a><\/li>\n<li id=\"menu-item-100871\" class=\"menu-item menu-item-type-post_type menu-item-object-page menu-item-100871\"><a href=\"https:\/\/www.auzeau.fr\/39-45\/france\/21-cote-dor\/21-bretiniere\/\">21 \u2013 Bretini\u00e8re<\/a><\/li>\n<li id=\"menu-item-109412\" class=\"menu-item menu-item-type-post_type menu-item-object-page menu-item-109412\"><a href=\"https:\/\/www.auzeau.fr\/39-45\/france\/21-cote-dor\/21-corpeau\/\">21 \u2013 Corpeau<\/a><\/li>\n<li id=\"menu-item-109411\" class=\"menu-item menu-item-type-post_type menu-item-object-page menu-item-109411\"><a href=\"https:\/\/www.auzeau.fr\/39-45\/france\/21-cote-dor\/21-dijon\/\">21 \u2013 Dijon<\/a><\/li>\n<li id=\"menu-item-109408\" class=\"menu-item menu-item-type-post_type menu-item-object-page menu-item-109408\"><a href=\"https:\/\/www.auzeau.fr\/39-45\/france\/21-cote-dor\/21-fontaine-les-dijon\/\">21 \u2013 Fontaine-l\u00e8s-Dijon<\/a><\/li>\n<li id=\"menu-item-109888\" class=\"menu-item menu-item-type-post_type menu-item-object-page menu-item-109888\"><a href=\"https:\/\/www.auzeau.fr\/39-45\/france\/21-cote-dor\/21-gemeaux\/\">21 \u2013 Gemeaux<\/a><\/li>\n<li id=\"menu-item-109887\" class=\"menu-item menu-item-type-post_type menu-item-object-page menu-item-109887\"><a href=\"https:\/\/www.auzeau.fr\/39-45\/france\/21-cote-dor\/21-is-sur-tille\/\">21 \u2013 Is-sur-Tille<\/a><\/li>\n<li id=\"menu-item-100878\" class=\"menu-item menu-item-type-post_type menu-item-object-page menu-item-100878\"><a href=\"https:\/\/www.auzeau.fr\/39-45\/france\/21-cote-dor\/21-la-bussiere-sur-ouche\/\">21 \u2013 La Bussi\u00e8re-sur-Ouche<\/a><\/li>\n<li id=\"menu-item-100877\" class=\"menu-item menu-item-type-post_type menu-item-object-page menu-item-100877\"><a href=\"https:\/\/www.auzeau.fr\/39-45\/france\/21-cote-dor\/21-lignerolles\/\">21 \u2013 Lignerolles<\/a><\/li>\n<li id=\"menu-item-109886\" class=\"menu-item menu-item-type-post_type menu-item-object-page menu-item-109886\"><a href=\"https:\/\/www.auzeau.fr\/39-45\/france\/21-cote-dor\/21-lux\/\">21 \u2013 Lux<\/a><\/li>\n<li id=\"menu-item-109885\" class=\"menu-item menu-item-type-post_type menu-item-object-page menu-item-109885\"><a href=\"https:\/\/www.auzeau.fr\/39-45\/france\/21-cote-dor\/21-massigny-les-semur\/\">21 \u2013 Massigny-l\u00e8s-Semur<\/a><\/li>\n<li id=\"menu-item-109884\" class=\"menu-item menu-item-type-post_type menu-item-object-page menu-item-109884\"><a href=\"https:\/\/www.auzeau.fr\/39-45\/france\/21-cote-dor\/21-messigny-et-vantoux\/\">21 \u2013 Messigny-et-Vantoux<\/a><\/li>\n<li id=\"menu-item-100873\" class=\"menu-item menu-item-type-post_type menu-item-object-page menu-item-100873\"><a href=\"https:\/\/www.auzeau.fr\/39-45\/france\/21-cote-dor\/21-nuits-saint-georges\/\">21 \u2013 Nuits-Saint-Georges<\/a><\/li>\n<li id=\"menu-item-100874\" class=\"menu-item menu-item-type-post_type menu-item-object-page menu-item-100874\"><a href=\"https:\/\/www.auzeau.fr\/39-45\/france\/21-cote-dor\/21-recey-sur-ource\/\">21 \u2013 Recey-sur-Ource<\/a><\/li>\n<li id=\"menu-item-109883\" class=\"menu-item menu-item-type-post_type menu-item-object-page menu-item-109883\"><a href=\"https:\/\/www.auzeau.fr\/39-45\/france\/21-cote-dor\/21-talant\/\">21 \u2013 Talant<\/a><\/li>\n<li id=\"menu-item-100876\" class=\"menu-item menu-item-type-post_type menu-item-object-page menu-item-100876\"><a href=\"https:\/\/www.auzeau.fr\/39-45\/france\/21-cote-dor\/21-vandenesse-en-auxois\/\">21 \u2013 Vandenesse-en-Auxois<\/a><\/li>\n<li id=\"menu-item-109917\" class=\"menu-item menu-item-type-post_type menu-item-object-page menu-item-109917\"><a href=\"https:\/\/www.auzeau.fr\/39-45\/france\/21-cote-dor\/21-varois-et-vantoux\/\">21 \u2013 Varois-et-Vantoux<\/a><\/li>\n<li id=\"menu-item-100875\" class=\"menu-item menu-item-type-post_type menu-item-object-page menu-item-100875\"><a href=\"https:\/\/www.auzeau.fr\/39-45\/france\/21-cote-dor\/21-villiers-le-duc\/\">21 \u2013 Villiers-le-Duc<\/a><\/li>\n<li id=\"menu-item-109918\" class=\"menu-item menu-item-type-post_type menu-item-object-page menu-item-109918\"><a href=\"https:\/\/www.auzeau.fr\/39-45\/france\/21-cote-dor\/21-vosne-romanee\/\">21 \u2013 Vosne-Roman\u00e9e<\/a><\/li>\n<\/ul>\n<script type=\"text\/javascript\"> toolTips('.classtoolTips62','Passager<br\/><br\/>Passenger'); <\/script><script type=\"text\/javascript\"> toolTips('.classtoolTips89','Sergent-Chef'); <\/script><script type=\"text\/javascript\"> toolTips('.classtoolTips96','Sergent<br\/><br\/>Sergeant'); <\/script><script type=\"text\/javascript\"> toolTips('.classtoolTips98','Colonel'); <\/script><script type=\"text\/javascript\"> toolTips('.classtoolTips102','Soldat'); <\/script><script type=\"text\/javascript\"> toolTips('.classtoolTips114','Forces Fran\u00e7aises de l\\'Int\u00e9rieur'); <\/script><script type=\"text\/javascript\"> toolTips('.classtoolTips115','Op\u00e9rateur Radio<br\/><br\/>Wireless Op\u00e9rator'); <\/script><script type=\"text\/javascript\"> toolTips('.classtoolTips116','Navigateur<br\/><br\/>Navigator'); <\/script><script type=\"text\/javascript\"> toolTips('.classtoolTips125','Perte hors combat<br\/><br\/>No Battle Casualty'); <\/script><script type=\"text\/javascript\"> toolTips('.classtoolTips126','Mort Pour la France'); <\/script><script type=\"text\/javascript\"> toolTips('.classtoolTips132','Force A\u00e9rienne Fran\u00e7aise<br\/><br\/>French Air Force'); <\/script><script type=\"text\/javascript\"> toolTips('.classtoolTips144','Royal Corps of Signals'); <\/script><script type=\"text\/javascript\"> toolTips('.classtoolTips151','Pilote<br\/><br\/>Pilot'); <\/script><script type=\"text\/javascript\"> toolTips('.classtoolTips153','Porucznik'); <\/script><script type=\"text\/javascript\"> toolTips('.classtoolTips159','Signalman'); <\/script><script type=\"text\/javascript\"> toolTips('.classtoolTips173','Leading Airman'); <\/script><script type=\"text\/javascript\"> toolTips('.classtoolTips179','Adjudant'); <\/script><script type=\"text\/javascript\"> toolTips('.classtoolTips180','Soldat'); <\/script><script type=\"text\/javascript\"> toolTips('.classtoolTips181','Sous-Lieutenant'); <\/script><script type=\"text\/javascript\"> toolTips('.classtoolTips182','Warrant Officer'); <\/script><script type=\"text\/javascript\"> toolTips('.classtoolTips185','Mitrailleur<br\/><br\/>Air Gunner'); <\/script><script type=\"text\/javascript\"> toolTips('.classtoolTips188','Bombardier<br\/><br\/>Air bomber'); <\/script><script type=\"text\/javascript\"> toolTips('.classtoolTips189','M\u00e9canicien volant<br\/><br\/>Flying Enginer'); <\/script><script type=\"text\/javascript\"> toolTips('.classtoolTips197','Aircraftman'); <\/script><script type=\"text\/javascript\"> toolTips('.classtoolTips199','Radio Officer'); <\/script><script type=\"text\/javascript\"> toolTips('.classtoolTips201','Lieutenant'); <\/script>","protected":false},"excerpt":{"rendered":"<p>B26 Marauder 42-96018 Code op\u00e9rationnel : 47 GBM II\/63 &#8220;S\u00c9N\u00c9GAL&#8221; Date : \u00a001 novembre 1944 Mission : \u00a0Vol de liaison sur Bordeaux (33) D\u00e9collage : \u00a0 Istres (13) Causes de la perte : \u00a0En raison du brouillard heurte une colline Lieu de la perte : \u00a0Fraiss\u00e9-des-Corbi\u00e8res (11) SCH Ren\u00e9 Georges GOUPIL FE FAF NBC MPF [&hellip;]<\/p>\n","protected":false},"author":1,"featured_media":0,"parent":100447,"menu_order":0,"comment_status":"closed","ping_status":"closed","template":"template-full-width B26 Marauder.php","meta":{"_lmt_disableupdate":"yes","_lmt_disable":"","footnotes":""},"categories":[966],"tags":[967],"wf_page_folders":[10256],"class_list":["post-109179","page","type-page","status-publish","hentry","category-b26-marauder","tag-gbm-ii-63"],"_links":{"self":[{"href":"https:\/\/www.auzeau.fr\/39-45\/wp-json\/wp\/v2\/pages\/109179","targetHints":{"allow":["GET"]}}],"collection":[{"href":"https:\/\/www.auzeau.fr\/39-45\/wp-json\/wp\/v2\/pages"}],"about":[{"href":"https:\/\/www.auzeau.fr\/39-45\/wp-json\/wp\/v2\/types\/page"}],"author":[{"embeddable":true,"href":"https:\/\/www.auzeau.fr\/39-45\/wp-json\/wp\/v2\/users\/1"}],"replies":[{"embeddable":true,"href":"https:\/\/www.auzeau.fr\/39-45\/wp-json\/wp\/v2\/comments?post=109179"}],"version-history":[{"count":0,"href":"https:\/\/www.auzeau.fr\/39-45\/wp-json\/wp\/v2\/pages\/109179\/revisions"}],"up":[{"embeddable":true,"href":"https:\/\/www.auzeau.fr\/39-45\/wp-json\/wp\/v2\/pages\/100447"}],"wp:attachment":[{"href":"https:\/\/www.auzeau.fr\/39-45\/wp-json\/wp\/v2\/media?parent=109179"}],"wp:term":[{"taxonomy":"category","embeddable":true,"href":"https:\/\/www.auzeau.fr\/39-45\/wp-json\/wp\/v2\/categories?post=109179"},{"taxonomy":"post_tag","embeddable":true,"href":"https:\/\/www.auzeau.fr\/39-45\/wp-json\/wp\/v2\/tags?post=109179"},{"taxonomy":"wf_page_folders","embeddable":true,"href":"https:\/\/www.auzeau.fr\/39-45\/wp-json\/wp\/v2\/wf_page_folders?post=109179"}],"curies":[{"name":"wp","href":"https:\/\/api.w.org\/{rel}","templated":true}]}}