{"id":108573,"date":"2023-05-01T17:34:07","date_gmt":"2023-05-01T15:34:07","guid":{"rendered":"http:\/\/39-45.auzeau.fr\/?page_id=108573"},"modified":"2023-05-01T17:40:04","modified_gmt":"2023-05-01T15:40:04","slug":"85-les-sables-dolonne-cimetiere-laennec","status":"publish","type":"page","link":"https:\/\/www.auzeau.fr\/39-45\/france\/85-vendee\/85-les-sables-dolonne-cimetiere-laennec\/","title":{"rendered":"85 &#8211; Les Sables-d&#8217;Olonne cimeti\u00e8re Laennec"},"content":{"rendered":"<p><img fetchpriority=\"high\" decoding=\"async\" class=\"aligncenter size-full wp-image-104697\" title=\"Les Sables-d'Olonne\" src=\"https:\/\/www.auzeau.fr\/39-45\/wp-content\/uploads\/Cimetieres\/60%20--\/85-Vend\u00e9e\/85%20-%20Les%20Sables-d'Olonne\/Cim%20Laennec\/Les-Sables-dOlonne.JPG\" alt=\"\" width=\"900\" height=\"397\" \/><\/p>\n<table style=\"width: 100%;\" border=\"0\">\n<tbody>\n<tr>\n<td style=\"width: 5%;\"><a name=\"W5414\"><\/a><\/td>\n<td style=\"width: 5%;\"><\/td>\n<td style=\"width: 5%;\"><\/td>\n<td style=\"width: 5%;\"><\/td>\n<td style=\"width: 5%;\"><\/td>\n<td style=\"width: 5%;\"><\/td>\n<td style=\"width: 5%;\"><\/td>\n<td style=\"width: 5%;\"><\/td>\n<td style=\"width: 5%;\"><\/td>\n<td style=\"width: 5%;\"><\/td>\n<td style=\"width: 5%;\"><\/td>\n<td style=\"width: 5%;\"><\/td>\n<td style=\"width: 5%;\"><\/td>\n<td style=\"width: 5%;\"><\/td>\n<td style=\"width: 5%;\"><\/td>\n<td style=\"width: 5%;\"><\/td>\n<td style=\"width: 5%;\"><\/td>\n<td style=\"width: 5%;\"><\/td>\n<td style=\"width: 5%;\"><\/td>\n<td style=\"width: 5%;\"><\/td>\n<\/tr>\n<tr>\n<td colspan=\"15\"><span style=\"color: #000000;\"><strong><span style=\"font-size: xx-large;\">Wellington W5414 PH-<\/span><\/strong><\/span><\/td>\n<td style=\"text-align: center;\" colspan=\"5\"><strong><span style=\"font-size: xx-large;\">12 Sqn<\/span><\/strong><\/td>\n<\/tr>\n<tr style=\"height: 40px;\">\n<td style=\"text-align: right;\" colspan=\"2\"><span style=\"font-size: 14px;\"><strong>Date : <\/strong><\/span><\/td>\n<td colspan=\"5\"><span style=\"font-size: 14px;\"><em>20 juillet 1942<br \/>\n<\/em><\/span><\/td>\n<td style=\"text-align: right;\" colspan=\"3\"><span style=\"font-size: 14px;\"><strong>Mission : <\/strong><\/span><\/td>\n<td colspan=\"10\"><span style=\"font-size: 14px;\"><em> <span class='tooltipsall tooltipsincontent classtoolTips5'>Gardening<\/span> : Larguage de mines sur les c\u00f4tes ouest de la France<br \/>\n<\/em><\/span><\/td>\n<\/tr>\n<tr style=\"height: 40px;\">\n<td><\/td>\n<td><\/td>\n<td style=\"text-align: right;\" colspan=\"5\"><span style=\"font-size: 14px;\"><strong>D\u00e9collage :<\/strong><\/span><\/td>\n<td colspan=\"10\"><span style=\"font-size: 14px;\"><em> Binbrook \u00e0 22:01<\/em><\/span><\/td>\n<td><\/td>\n<td><\/td>\n<td><\/td>\n<\/tr>\n<tr style=\"height: 40px;\">\n<td><\/td>\n<td><\/td>\n<td style=\"text-align: right;\" colspan=\"5\"><span style=\"font-size: 14px;\"><strong>Causes de la perte : <\/strong><\/span><\/td>\n<td colspan=\"10\"><\/td>\n<td><\/td>\n<td><\/td>\n<td><\/td>\n<\/tr>\n<tr style=\"height: 40px;\">\n<td><\/td>\n<td><\/td>\n<td style=\"text-align: right;\" colspan=\"5\"><span style=\"font-size: 14px;\"><strong>Lieu de la perte : <\/strong><\/span><\/td>\n<td colspan=\"10\"><span style=\"font-size: 14px;\"><em> Oc\u00e9an Atlantique<br \/>\n<\/em><\/span><\/td>\n<td><\/td>\n<td><\/td>\n<td><\/td>\n<\/tr>\n<tr style=\"height: 60px;\">\n<td><span style=\"font-size: 14px;\"><img decoding=\"async\" class=\"size-full wp-image-47215 alignleft\" title=\"Royaume Uni\" src=\"https:\/\/www.auzeau.fr\/39-45\/wp-content\/uploads\/images\/Drapeaux\/Angleterre.png\" alt=\"Royaume-Uni\" width=\"40\" height=\"20\" \/><\/span><\/td>\n<td><span style=\"font-size: 14px;\"><span class='tooltipsall tooltipsincontent classtoolTips96'>Sgt<\/span><\/span><\/td>\n<td colspan=\"5\"><span style=\"font-size: 14px;\">William Joseph<\/span><\/td>\n<td colspan=\"2\"><span style=\"font-size: 14px; color: #000000;\"><strong>BRAZIER<\/strong><\/span><\/td>\n<td style=\"text-align: center;\" colspan=\"2\"><span style=\"font-size: 14px;\"><span class='tooltipsall tooltipsincontent classtoolTips185'>AG<\/span><\/span><\/td>\n<td style=\"text-align: center;\"><span style=\"font-size: 14px;\"><span class='tooltipsall tooltipsincontent classtoolTips45'>RAFVR<\/span><\/span><\/td>\n<td style=\"text-align: center;\" colspan=\"2\"><span style=\"font-size: 14px;\">975641<\/span><\/td>\n<td><span style=\"font-size: 14px; color: #000000;\"><strong><span class='tooltipsall tooltipsincontent classtoolTips110'>KIA<\/span><\/strong><\/span><\/td>\n<td colspan=\"5\"><span style=\"font-size: 8pt;\"><em><a href=\"https:\/\/www.auzeau.fr\/39-45\/france\/17-charente-maritime\/17-ars-en-re\">Inhum\u00e9 \u00e0 Ars-en-R\u00e9 (17)<\/a><br \/>\n<\/em><\/span><\/td>\n<\/tr>\n<tr style=\"height: 60px;\">\n<td><span style=\"font-size: 14px;\"><img decoding=\"async\" class=\"size-full wp-image-47215 alignleft\" title=\"Royaume Uni\" src=\"https:\/\/www.auzeau.fr\/39-45\/wp-content\/uploads\/images\/Drapeaux\/Angleterre.png\" alt=\"Royaume-Uni\" width=\"40\" height=\"20\" \/><\/span><\/td>\n<td><span style=\"font-size: 14px;\"><span class='tooltipsall tooltipsincontent classtoolTips96'>Sgt<\/span><\/span><\/td>\n<td colspan=\"5\"><span style=\"font-size: 14px;\">Charles Henry<\/span><\/td>\n<td colspan=\"2\"><span style=\"font-size: 14px; color: #000000;\"><strong>DURRANT<\/strong><\/span><\/td>\n<td style=\"text-align: center;\" colspan=\"2\"><span style=\"font-size: 14px;\"><span class='tooltipsall tooltipsincontent classtoolTips115'>WOP<\/span> <span class='tooltipsall tooltipsincontent classtoolTips185'>AG<\/span><\/span><\/td>\n<td style=\"text-align: center;\"><span style=\"font-size: 14px;\"><span class='tooltipsall tooltipsincontent classtoolTips45'>RAFVR<\/span><\/span><\/td>\n<td style=\"text-align: center;\" colspan=\"2\"><span style=\"font-size: 14px;\">1263757<\/span><\/td>\n<td><span style=\"font-size: 14px; color: #000000;\"><strong><span class='tooltipsall tooltipsincontent classtoolTips110'>KIA<\/span><\/strong><\/span><\/td>\n<td colspan=\"5\"><\/td>\n<\/tr>\n<tr style=\"height: 60px;\">\n<td><span style=\"font-size: 14px;\"><img decoding=\"async\" class=\"size-full wp-image-47215 alignleft\" title=\"Royaume Uni\" src=\"https:\/\/www.auzeau.fr\/39-45\/wp-content\/uploads\/images\/Drapeaux\/Angleterre.png\" alt=\"Royaume-Uni\" width=\"40\" height=\"20\" \/><\/span><\/td>\n<td><span style=\"font-size: 14px;\"><span class='tooltipsall tooltipsincontent classtoolTips12'>Plt Off<\/span><\/span><\/td>\n<td colspan=\"5\"><span style=\"font-size: 14px;\">John Patrick<\/span><\/td>\n<td colspan=\"2\"><span style=\"font-size: 14px; color: #000000;\"><strong>MUIRHEAD<\/strong><\/span><\/td>\n<td style=\"text-align: center;\" colspan=\"2\"><span style=\"font-size: 14px;\"><span class='tooltipsall tooltipsincontent classtoolTips151'>Pil<\/span><\/span><\/td>\n<td style=\"text-align: center;\"><span style=\"font-size: 14px;\"><span class='tooltipsall tooltipsincontent classtoolTips45'>RAFVR<\/span><\/span><\/td>\n<td style=\"text-align: center;\" colspan=\"2\"><span style=\"font-size: 14px;\">100092<\/span><\/td>\n<td><span style=\"font-size: 14px; color: #000000;\"><strong><span class='tooltipsall tooltipsincontent classtoolTips110'>KIA<\/span><\/strong><\/span><\/td>\n<td colspan=\"5\"><span style=\"font-size: 8pt;\"><em><img decoding=\"async\" class=\"size-full wp-image-47245 alignleft\" title=\"Distinguished-Flying-Cross\" src=\"https:\/\/www.auzeau.fr\/39-45\/wp-content\/uploads\/images\/Medaille\/Distinguished-Flying-Cross.png\" alt=\"Distinguished-Flying-Cross\" width=\"73\" height=\"20\" \/>\u00a0<a href=\"https:\/\/www.auzeau.fr\/39-45\/france\/17-charente-maritime\/17-ars-en-re\">Inhum\u00e9 \u00e0 Ars en R\u00e9 (17)<\/a><\/em><\/span><\/td>\n<\/tr>\n<tr style=\"height: 60px;\">\n<td><span style=\"font-size: 14px;\"><img decoding=\"async\" class=\"size-full wp-image-47215 alignleft\" title=\"Royaume Uni\" src=\"https:\/\/www.auzeau.fr\/39-45\/wp-content\/uploads\/images\/Drapeaux\/Angleterre.png\" alt=\"Royaume-Uni\" width=\"40\" height=\"20\" \/><\/span><\/td>\n<td><span style=\"font-size: 14px;\"><span class='tooltipsall tooltipsincontent classtoolTips96'>Sgt<\/span><\/span><\/td>\n<td colspan=\"5\"><span style=\"font-size: 14px;\">Cyril<\/span><\/td>\n<td colspan=\"2\"><span style=\"font-size: 14px; color: #000000;\"><strong>WALDRON<\/strong><\/span><\/td>\n<td style=\"text-align: center;\" colspan=\"2\"><span style=\"font-size: 14px;\"><span class='tooltipsall tooltipsincontent classtoolTips115'>WOP<\/span> <span class='tooltipsall tooltipsincontent classtoolTips185'>AG<\/span><\/span><\/td>\n<td style=\"text-align: center;\"><span style=\"font-size: 14px;\"><span class='tooltipsall tooltipsincontent classtoolTips45'>RAFVR<\/span><\/span><\/td>\n<td style=\"text-align: center;\" colspan=\"2\"><span style=\"font-size: 14px;\">1360573<\/span><\/td>\n<td><span style=\"font-size: 14px; color: #000000;\"><strong><span class='tooltipsall tooltipsincontent classtoolTips110'>KIA<\/span><\/strong><\/span><\/td>\n<td colspan=\"5\"><span style=\"font-size: 8pt;\">\u00a0<a href=\"https:\/\/www.auzeau.fr\/39-45\/france\/44-loire-atlantique\/44-pornic-war-cemetery-10\/\"><em>Inhum\u00e9 \u00e0 Pornic (44)<\/em><\/a><\/span><\/td>\n<\/tr>\n<tr style=\"height: 60px;\">\n<td><span style=\"font-size: 14px;\"><img loading=\"lazy\" decoding=\"async\" class=\"size-full wp-image-47231 alignleft\" title=\"New Zeland\" src=\"https:\/\/www.auzeau.fr\/39-45\/wp-content\/uploads\/images\/Drapeaux\/New-Zeland.png\" alt=\"New-Zeland\" width=\"40\" height=\"20\" \/><\/span><\/td>\n<td><span style=\"font-size: 14px;\"><span class='tooltipsall tooltipsincontent classtoolTips183'>FS<\/span><\/span><\/td>\n<td colspan=\"5\"><span style=\"font-size: 14px;\">Eric<\/span><\/td>\n<td colspan=\"2\"><span style=\"font-size: 14px; color: #000000;\"><strong>WAPLE<\/strong><\/span><\/td>\n<td style=\"text-align: center;\" colspan=\"2\"><span style=\"font-size: 14px;\"><span class='tooltipsall tooltipsincontent classtoolTips117'>Obs<\/span><\/span><\/td>\n<td style=\"text-align: center;\"><span style=\"font-size: 14px;\"><span class='tooltipsall tooltipsincontent classtoolTips44'>RNZAF<\/span><\/span><\/td>\n<td style=\"text-align: center;\" colspan=\"2\"><span style=\"font-size: 14px;\">402000<\/span><\/td>\n<td><span style=\"font-size: 14px; color: #000000;\"><strong><span class='tooltipsall tooltipsincontent classtoolTips110'>KIA<\/span><\/strong><\/span><\/td>\n<td colspan=\"5\"><span style=\"font-size: 8pt;\"><em><a href=\"https:\/\/www.auzeau.fr\/39-45\/france\/17-charente-maritime\/17-ars-en-re\">Inhum\u00e9 \u00e0 Ars-en-R\u00e9 (17)<\/a><br \/>\n<\/em><\/span><\/td>\n<\/tr>\n<\/tbody>\n<\/table>\n<p>&nbsp;<\/p>\n<div id='gallery-1' class='gallery galleryid-108573 gallery-columns-2 gallery-size-thumbnail'><figure class='gallery-item'>\n\t\t\t<div class='gallery-icon portrait'>\n\t\t\t\t<a title=\"W5414\"  title=\"W5414\"  href='https:\/\/www.auzeau.fr\/39-45\/wp-content\/uploads\/Cimetieres\/60%20--\/85-Vend\u00e9e\/85%20-%20Les%20Sables-d&#039;Olonne\/Cim%20Laennec\/W5414.JPG'><img loading=\"lazy\" decoding=\"async\" width=\"150\" height=\"150\" src=\"https:\/\/www.auzeau.fr\/39-45\/wp-content\/uploads\/Cimetieres\/60 --\/85-Vend\u00e9e\/85 - Les Sables-d&#039;Olonne\/Cim Laennec\/W5414-150x150.jpg\" class=\"attachment-thumbnail size-thumbnail\" alt=\"\" srcset=\"https:\/\/www.auzeau.fr\/39-45\/wp-content\/uploads\/Cimetieres\/60%20--\/85-Vend\u00e9e\/85%20-%20Les%20Sables-d&#039;Olonne\/Cim%20Laennec\/W5414-150x150.jpg 150w, https:\/\/www.auzeau.fr\/39-45\/wp-content\/uploads\/Cimetieres\/60%20--\/85-Vend\u00e9e\/85%20-%20Les%20Sables-d&#039;Olonne\/Cim%20Laennec\/W5414-50x50.jpg 50w\" sizes=\"(max-width: 150px) 100vw, 150px\" \/><\/a>\n\t\t\t<\/div><\/figure><figure class='gallery-item'>\n\t\t\t<div class='gallery-icon portrait'>\n\t\t\t\t<a title=\"Durrant\"  title=\"Durrant\"  href='https:\/\/www.auzeau.fr\/39-45\/wp-content\/uploads\/Cimetieres\/60%20--\/85-Vend\u00e9e\/85%20-%20Les%20Sables-d&#039;Olonne\/Cim%20Laennec\/Durrant.JPG'><img loading=\"lazy\" decoding=\"async\" width=\"150\" height=\"150\" src=\"https:\/\/www.auzeau.fr\/39-45\/wp-content\/uploads\/Cimetieres\/60 --\/85-Vend\u00e9e\/85 - Les Sables-d&#039;Olonne\/Cim Laennec\/Durrant-150x150.jpg\" class=\"attachment-thumbnail size-thumbnail\" alt=\"\" srcset=\"https:\/\/www.auzeau.fr\/39-45\/wp-content\/uploads\/Cimetieres\/60%20--\/85-Vend\u00e9e\/85%20-%20Les%20Sables-d&#039;Olonne\/Cim%20Laennec\/Durrant-150x150.jpg 150w, https:\/\/www.auzeau.fr\/39-45\/wp-content\/uploads\/Cimetieres\/60%20--\/85-Vend\u00e9e\/85%20-%20Les%20Sables-d&#039;Olonne\/Cim%20Laennec\/Durrant-50x50.jpg 50w\" sizes=\"(max-width: 150px) 100vw, 150px\" \/><\/a>\n\t\t\t<\/div><\/figure>\n\t\t<\/div>\n\n<hr \/>\n<p style=\"text-align: center;\"><ul id=\"menu-85-vendee\" class=\"menu\"><li id=\"menu-item-105155\" class=\"menu-item menu-item-type-post_type menu-item-object-page menu-item-105155\"><a href=\"https:\/\/www.auzeau.fr\/39-45\/france\/85-vendee\/85-angles\/\">85 \u2013 Angles<\/a><\/li>\n<li id=\"menu-item-105156\" class=\"menu-item menu-item-type-post_type menu-item-object-page menu-item-105156\"><a href=\"https:\/\/www.auzeau.fr\/39-45\/france\/85-vendee\/85-barbatre\/\">85 \u2013 Barb\u00e2tre<\/a><\/li>\n<li id=\"menu-item-105153\" class=\"menu-item menu-item-type-post_type menu-item-object-page menu-item-105153\"><a href=\"https:\/\/www.auzeau.fr\/39-45\/france\/85-vendee\/85-laiguillon-sur-mer\/\">85 \u2013 L\u2019Aiguillon-sur-Mer<\/a><\/li>\n<li id=\"menu-item-108586\" class=\"menu-item menu-item-type-post_type menu-item-object-page menu-item-108586\"><a href=\"https:\/\/www.auzeau.fr\/39-45\/france\/85-vendee\/85-la-gueriniere\/\">85 \u2013 La Gu\u00e9rini\u00e8re<\/a><\/li>\n<li id=\"menu-item-108585\" class=\"menu-item menu-item-type-post_type menu-item-object-page menu-item-108585\"><a href=\"https:\/\/www.auzeau.fr\/39-45\/france\/85-vendee\/85-la-roche-sur-yon\/\">85 \u2013 La Roche-sur-Yon<\/a><\/li>\n<li id=\"menu-item-108584\" class=\"menu-item menu-item-type-post_type menu-item-object-page menu-item-108584\"><a href=\"https:\/\/www.auzeau.fr\/39-45\/france\/85-vendee\/85-les-sables-dolonne-cimetiere-des-augures\/\">85 \u2013 Les Sables-d\u2019Olonne cimeti\u00e8re des Augures<\/a><\/li>\n<li id=\"menu-item-108587\" class=\"menu-item menu-item-type-post_type menu-item-object-page menu-item-108587\"><a href=\"https:\/\/www.auzeau.fr\/39-45\/france\/85-vendee\/85-les-sables-dolonne-cimetiere-laennec\/\">85 \u2013 Les Sables-d\u2019Olonne cimeti\u00e8re Laennec<\/a><\/li>\n<li id=\"menu-item-108582\" class=\"menu-item menu-item-type-post_type menu-item-object-page menu-item-108582\"><a href=\"https:\/\/www.auzeau.fr\/39-45\/france\/85-vendee\/85-noirmoutier-en-ile\/\">85 \u2013 Noirmoutier-en-\u00cele<\/a><\/li>\n<li id=\"menu-item-108583\" class=\"menu-item menu-item-type-post_type menu-item-object-page menu-item-108583\"><a href=\"https:\/\/www.auzeau.fr\/39-45\/france\/85-vendee\/85-olonne-sur-mer\/\">85 \u2013 Olonne-sur-Mer<\/a><\/li>\n<li id=\"menu-item-109205\" class=\"menu-item menu-item-type-post_type menu-item-object-page menu-item-109205\"><a href=\"https:\/\/www.auzeau.fr\/39-45\/france\/85-vendee\/85-port-joinville\/\">85 \u2013 Port-Joinville<\/a><\/li>\n<li id=\"menu-item-109202\" class=\"menu-item menu-item-type-post_type menu-item-object-page menu-item-109202\"><a href=\"https:\/\/www.auzeau.fr\/39-45\/france\/85-vendee\/85-saint-hilaire-de-riez\/\">85 \u2013 Saint-Hilaire-de-Riez<\/a><\/li>\n<li id=\"menu-item-109245\" class=\"menu-item menu-item-type-post_type menu-item-object-page menu-item-109245\"><a href=\"https:\/\/www.auzeau.fr\/39-45\/france\/85-vendee\/85-saint-gilles-croix-de-vie\/\">85 \u2013 Saint-Gilles-Croix-de-Vie<\/a><\/li>\n<li id=\"menu-item-109204\" class=\"menu-item menu-item-type-post_type menu-item-object-page menu-item-109204\"><a href=\"https:\/\/www.auzeau.fr\/39-45\/france\/85-vendee\/85-saint-philbert-de-bouaine\/\">85 \u2013 Saint-Philbert-de-Bouaine<\/a><\/li>\n<li id=\"menu-item-109201\" class=\"menu-item menu-item-type-post_type menu-item-object-page menu-item-109201\"><a href=\"https:\/\/www.auzeau.fr\/39-45\/france\/85-vendee\/85-talmont-saint-hilaire\/\">85 \u2013 Talmont-Saint-Hilaire<\/a><\/li>\n<\/ul>\n<script type=\"text\/javascript\"> toolTips('.classtoolTips5','Mouillage de mines \u00e0 faible altitude<br\/><br\/>Sowing mines from low heights'); <\/script><script type=\"text\/javascript\"> toolTips('.classtoolTips12','Pilot Officer'); <\/script><script type=\"text\/javascript\"> toolTips('.classtoolTips44','Royal New Zealand Air Force'); <\/script><script type=\"text\/javascript\"> toolTips('.classtoolTips45','Royal Air Force Volunteer Reserve'); <\/script><script type=\"text\/javascript\"> toolTips('.classtoolTips96','Sergent<br\/><br\/>Sergeant'); <\/script><script type=\"text\/javascript\"> toolTips('.classtoolTips98','Colonel'); <\/script><script type=\"text\/javascript\"> toolTips('.classtoolTips110','Tu\u00e9 au combat<br\/><br\/>Killed In Action'); <\/script><script type=\"text\/javascript\"> toolTips('.classtoolTips115','Op\u00e9rateur Radio<br\/><br\/>Wireless Op\u00e9rator'); <\/script><script type=\"text\/javascript\"> toolTips('.classtoolTips117','Observateur<br\/><br\/>Oberver'); <\/script><script type=\"text\/javascript\"> toolTips('.classtoolTips144','Royal Corps of Signals'); <\/script><script type=\"text\/javascript\"> toolTips('.classtoolTips146','Royal Air Force'); <\/script><script type=\"text\/javascript\"> toolTips('.classtoolTips151','Pilote<br\/><br\/>Pilot'); <\/script><script type=\"text\/javascript\"> toolTips('.classtoolTips153','Porucznik'); <\/script><script type=\"text\/javascript\"> toolTips('.classtoolTips182','Warrant Officer'); <\/script><script type=\"text\/javascript\"> toolTips('.classtoolTips183','Flight Sergeant'); <\/script><script type=\"text\/javascript\"> toolTips('.classtoolTips185','Mitrailleur<br\/><br\/>Air Gunner'); <\/script><script type=\"text\/javascript\"> toolTips('.classtoolTips188','Bombardier<br\/><br\/>Air bomber'); <\/script><script type=\"text\/javascript\"> toolTips('.classtoolTips189','M\u00e9canicien volant<br\/><br\/>Flying Enginer'); <\/script><script type=\"text\/javascript\"> toolTips('.classtoolTips193','Royal Navy'); <\/script><script type=\"text\/javascript\"> toolTips('.classtoolTips197','Aircraftman'); <\/script><script type=\"text\/javascript\"> toolTips('.classtoolTips199','Radio Officer'); <\/script><script type=\"text\/javascript\"> toolTips('.classtoolTips201','Lieutenant'); <\/script>","protected":false},"excerpt":{"rendered":"<p>Wellington W5414 PH- 12 Sqn Date : 20 juillet 1942 Mission : Gardening : Larguage de mines sur les c\u00f4tes ouest de la France D\u00e9collage : Binbrook \u00e0 22:01 Causes de la perte : Lieu de la perte : Oc\u00e9an Atlantique Sgt William Joseph BRAZIER AG RAFVR 975641 KIA Inhum\u00e9 \u00e0 Ars-en-R\u00e9 (17) Sgt Charles [&hellip;]<\/p>\n","protected":false},"author":1,"featured_media":0,"parent":104592,"menu_order":0,"comment_status":"closed","ping_status":"closed","template":"template-full-width Wellington.php","meta":{"_lmt_disableupdate":"yes","_lmt_disable":"","footnotes":""},"categories":[364],"tags":[508],"wf_page_folders":[10619],"class_list":["post-108573","page","type-page","status-publish","hentry","category-wellington","tag-12-squadron"],"_links":{"self":[{"href":"https:\/\/www.auzeau.fr\/39-45\/wp-json\/wp\/v2\/pages\/108573","targetHints":{"allow":["GET"]}}],"collection":[{"href":"https:\/\/www.auzeau.fr\/39-45\/wp-json\/wp\/v2\/pages"}],"about":[{"href":"https:\/\/www.auzeau.fr\/39-45\/wp-json\/wp\/v2\/types\/page"}],"author":[{"embeddable":true,"href":"https:\/\/www.auzeau.fr\/39-45\/wp-json\/wp\/v2\/users\/1"}],"replies":[{"embeddable":true,"href":"https:\/\/www.auzeau.fr\/39-45\/wp-json\/wp\/v2\/comments?post=108573"}],"version-history":[{"count":0,"href":"https:\/\/www.auzeau.fr\/39-45\/wp-json\/wp\/v2\/pages\/108573\/revisions"}],"up":[{"embeddable":true,"href":"https:\/\/www.auzeau.fr\/39-45\/wp-json\/wp\/v2\/pages\/104592"}],"wp:attachment":[{"href":"https:\/\/www.auzeau.fr\/39-45\/wp-json\/wp\/v2\/media?parent=108573"}],"wp:term":[{"taxonomy":"category","embeddable":true,"href":"https:\/\/www.auzeau.fr\/39-45\/wp-json\/wp\/v2\/categories?post=108573"},{"taxonomy":"post_tag","embeddable":true,"href":"https:\/\/www.auzeau.fr\/39-45\/wp-json\/wp\/v2\/tags?post=108573"},{"taxonomy":"wf_page_folders","embeddable":true,"href":"https:\/\/www.auzeau.fr\/39-45\/wp-json\/wp\/v2\/wf_page_folders?post=108573"}],"curies":[{"name":"wp","href":"https:\/\/api.w.org\/{rel}","templated":true}]}}