{"id":104877,"date":"2023-03-31T21:00:29","date_gmt":"2023-03-31T19:00:29","guid":{"rendered":"http:\/\/39-45.auzeau.fr\/?page_id=104877"},"modified":"2023-04-01T09:51:40","modified_gmt":"2023-04-01T07:51:40","slug":"93-montreuil","status":"publish","type":"page","link":"https:\/\/www.auzeau.fr\/39-45\/france\/93-seine-saint-denis\/93-montreuil\/","title":{"rendered":"93 &#8211; Montreuil"},"content":{"rendered":"<p><center><iframe style=\"border: 0;\" src=\"https:\/\/www.google.com\/maps\/embed?pb=!4v1680289175754!6m8!1m7!1sFa7KE_Q6WpF9af_vaRZSoQ!2m2!1d48.86010561016885!2d2.449327785279075!3f9.642399376688243!4f5.251692688845296!5f0.4000000000000002\" width=\"900\" height=\"600\" allowfullscreen=\"allowfullscreen\"><\/iframe><\/center><\/p>\n<table style=\"width: 100%;\" border=\"0\">\n<tbody>\n<tr>\n<td style=\"width: 5%;\"><\/td>\n<td style=\"width: 5%;\"><\/td>\n<td style=\"width: 2%;\"><\/td>\n<td style=\"width: 8%;\"><\/td>\n<td style=\"width: 5%;\"><\/td>\n<td style=\"width: 5%;\"><\/td>\n<td style=\"width: 5%;\"><\/td>\n<td style=\"width: 2%;\"><\/td>\n<td style=\"width: 8%;\"><\/td>\n<td style=\"width: 2%;\"><\/td>\n<td style=\"width: 5%;\"><\/td>\n<td style=\"width: 3%;\"><\/td>\n<td style=\"width: 5%;\"><\/td>\n<td style=\"width: 5%;\"><\/td>\n<td style=\"width: 5%;\"><\/td>\n<td style=\"width: 5%;\"><\/td>\n<td style=\"width: 5%;\"><\/td>\n<td style=\"width: 5%;\"><\/td>\n<td style=\"width: 5%;\"><\/td>\n<td style=\"width: 10%;\"><\/td>\n<\/tr>\n<tr>\n<td style=\"width: 75%;\" colspan=\"16\"><span style=\"font-size: xx-large;\"><strong><span style=\"color: #000000;\">OXFORD ZS831\u00a0\u00a0\u00a0\u00a0\u00a0\u00a0 Cod\u00e9 &#8220;110&#8221;<br \/>\n<\/span><\/strong><\/span><\/td>\n<td style=\"width: 25%; text-align: center;\" colspan=\"4\"><span style=\"font-size: xx-large;\"><strong>34 <span class='tooltipsall tooltipsincontent classtoolTips71'>SFTS<\/span><br \/>\n<\/strong><\/span><\/td>\n<\/tr>\n<tr>\n<td style=\"width: 75%;\" colspan=\"16\"><\/td>\n<td style=\"width: 25%; text-align: center;\" colspan=\"4\"><\/td>\n<\/tr>\n<tr style=\"height: 40px;\">\n<td style=\"text-align: right; width: 5%;\"><\/td>\n<td style=\"text-align: right; width: 5%;\"><\/td>\n<td style=\"text-align: right; width: 2%;\"><\/td>\n<td style=\"text-align: right; width: 8%;\"><\/td>\n<td style=\"text-align: right; width: 5%;\"><\/td>\n<td style=\"text-align: right; width: 5%;\"><\/td>\n<td style=\"text-align: right; width: 5%;\"><\/td>\n<td style=\"text-align: right; width: 2%;\"><\/td>\n<td style=\"text-align: right; width: 8%;\"><\/td>\n<td style=\"text-align: right; width: 2%;\"><\/td>\n<td style=\"text-align: right; width: 5%;\"><\/td>\n<td style=\"text-align: right; width: 3%;\"><\/td>\n<td style=\"text-align: right; width: 5%;\"><\/td>\n<td style=\"text-align: right; width: 5%;\"><\/td>\n<td style=\"text-align: right; width: 5%;\"><\/td>\n<td style=\"text-align: right; width: 5%;\"><\/td>\n<td style=\"text-align: right; width: 5%;\"><\/td>\n<td style=\"text-align: right; width: 5%;\"><\/td>\n<td style=\"text-align: right; width: 5%;\"><\/td>\n<td style=\"text-align: right; width: 10%;\"><\/td>\n<\/tr>\n<tr>\n<td style=\"text-align: right; width: 5%;\"><\/td>\n<td style=\"text-align: right; width: 5%;\"><span style=\"font-size: 14px;\"><strong>Date<\/strong><\/span><\/td>\n<td style=\"width: 2%; text-align: center;\"><strong>:<\/strong><\/td>\n<td style=\"width: 13%; text-align: left;\" colspan=\"2\"><span style=\"font-size: 14px;\"><em>31 mai 1942<br \/>\n<\/em><\/span><\/td>\n<td style=\"text-align: right; width: 5%;\"><\/td>\n<td style=\"text-align: right; width: 5%;\"><\/td>\n<td style=\"text-align: right; width: 2%;\"><\/td>\n<td style=\"text-align: right; width: 8%;\"><span style=\"font-size: 14px;\"><strong>Mission<\/strong><\/span><\/td>\n<td style=\"width: 2%; text-align: center;\"><strong><span style=\"font-size: 14px;\">:<\/span><\/strong><\/td>\n<td style=\"text-align: left; width: 53%;\" colspan=\"10\"><span style=\"font-size: 14px;\"><em>Vol d&#8217;entrainement en solo<\/em><\/span><span style=\"font-size: 14px;\"><em><br \/>\n<\/em><\/span><\/td>\n<\/tr>\n<tr style=\"height: 40px;\">\n<td style=\"text-align: right; width: 5%;\"><\/td>\n<td style=\"text-align: right; width: 5%;\"><\/td>\n<td style=\"width: 2%; text-align: center;\"><\/td>\n<td style=\"width: 8%; text-align: left;\"><\/td>\n<td style=\"text-align: right; width: 5%;\"><\/td>\n<td style=\"text-align: right; width: 5%;\"><\/td>\n<td style=\"text-align: right; width: 5%;\"><\/td>\n<td style=\"text-align: right; width: 2%;\"><\/td>\n<td style=\"text-align: right; width: 8%;\"><\/td>\n<td style=\"width: 2%; text-align: center;\"><\/td>\n<td style=\"text-align: left; width: 5%;\"><\/td>\n<td style=\"text-align: left; width: 3%;\"><\/td>\n<td style=\"text-align: left; width: 5%;\"><\/td>\n<td style=\"text-align: left; width: 5%;\"><\/td>\n<td style=\"text-align: left; width: 5%;\"><\/td>\n<td style=\"text-align: left; width: 5%;\"><\/td>\n<td style=\"text-align: left; width: 5%;\"><\/td>\n<td style=\"text-align: left; width: 5%;\"><\/td>\n<td style=\"text-align: left; width: 5%;\"><\/td>\n<td style=\"text-align: left; width: 10%;\"><\/td>\n<\/tr>\n<tr style=\"height: 40px;\">\n<td style=\"text-align: right; width: 10%;\" colspan=\"2\"><\/td>\n<td style=\"width: 2%; text-align: center;\"><\/td>\n<td style=\"text-align: right; width: 23%;\" colspan=\"4\"><span style=\"font-size: 14px;\"><em>\u00a0<\/em><\/span><span style=\"font-size: 14px;\"><strong>D\u00e9collage<\/strong><\/span><\/td>\n<td style=\"width: 2%; text-align: center;\"><strong>:<\/strong><\/td>\n<td style=\"text-align: left; width: 63%;\" colspan=\"12\"><span style=\"font-size: 14px;\"><em>Medecine Hat \u00e0 14:25<\/em><\/span><\/td>\n<\/tr>\n<tr style=\"height: 40px;\">\n<td style=\"text-align: right; width: 10%;\" colspan=\"2\"><\/td>\n<td style=\"width: 2%; text-align: center;\"><\/td>\n<td style=\"text-align: right; width: 23%;\" colspan=\"4\"><span style=\"font-size: 14px;\"><strong>Causes de la perte<\/strong><\/span><\/td>\n<td style=\"width: 2%; text-align: center;\"><strong>:<br \/>\n<\/strong><\/td>\n<td style=\"text-align: left; width: 63%;\" colspan=\"12\"><em><span style=\"font-size: 14px;\">L&#8217;enqu\u00eate n&#8217;a pas permis de d\u00e9terminer les causes de l&#8217;accident<br \/>\n<\/span><\/em><\/td>\n<\/tr>\n<tr style=\"height: 40px;\">\n<td style=\"text-align: right; width: 10%;\" colspan=\"2\"><\/td>\n<td style=\"width: 2%; text-align: center;\"><\/td>\n<td style=\"text-align: right; width: 23%;\" colspan=\"4\"><span style=\"font-size: 14px;\"><strong>Lieu de la perte<br \/>\n<\/strong><\/span><\/td>\n<td style=\"width: 2%; text-align: center;\"><strong>:<br \/>\n<\/strong><\/td>\n<td style=\"text-align: left; width: 63%;\" colspan=\"12\"><span style=\"font-size: 14px;\"><em>pr\u00e8s du terrain de secours de Holsum (Canada)<br \/>\n<\/em><\/span><\/td>\n<\/tr>\n<tr style=\"height: 40px;\">\n<td style=\"width: 5%;\"><\/td>\n<td style=\"width: 5%;\"><\/td>\n<td style=\"width: 2%; text-align: center;\"><\/td>\n<td style=\"text-align: right; width: 8%;\"><\/td>\n<td style=\"text-align: right; width: 5%;\"><\/td>\n<td style=\"text-align: right; width: 5%;\"><\/td>\n<td style=\"text-align: right; width: 5%;\"><\/td>\n<td style=\"width: 2%; text-align: center;\"><\/td>\n<td style=\"text-align: left; width: 8%;\"><\/td>\n<td style=\"text-align: left; width: 2%;\"><\/td>\n<td style=\"text-align: left; width: 5%;\"><\/td>\n<td style=\"text-align: left; width: 3%;\"><\/td>\n<td style=\"text-align: left; width: 5%;\"><\/td>\n<td style=\"text-align: left; width: 5%;\"><\/td>\n<td style=\"text-align: left; width: 5%;\"><\/td>\n<td style=\"text-align: left; width: 5%;\"><\/td>\n<td style=\"text-align: left; width: 5%;\"><\/td>\n<td style=\"text-align: left; width: 5%;\"><\/td>\n<td style=\"text-align: left; width: 5%;\"><\/td>\n<td style=\"text-align: left; width: 10%;\"><\/td>\n<\/tr>\n<tr style=\"height: 60px;\">\n<td style=\"width: 5%;\"><span style=\"font-size: 14px;\"><img decoding=\"async\" class=\"size-full wp-image-47214 alignleft\" title=\"France\" src=\"https:\/\/www.auzeau.fr\/39-45\/wp-content\/uploads\/images\/Drapeaux\/France.png\" alt=\"France\" width=\"40\" height=\"20\" \/><\/span><\/td>\n<td style=\"width: 5%;\"><span class='tooltipsall tooltipsincontent classtoolTips51'>Cplc<\/span><\/td>\n<td style=\"text-align: left;\" colspan=\"5\">Ren\u00e9<\/td>\n<td style=\"text-align: left;\" colspan=\"3\"><strong><span style=\"color: #000000;\">LEPROU<br \/>\n<\/span><\/strong><\/td>\n<td style=\"text-align: center;\" colspan=\"2\"><span class='tooltipsall tooltipsincontent classtoolTips151'>Pil<\/span><\/td>\n<td style=\"width: 5%; text-align: center;\"><span class='tooltipsall tooltipsincontent classtoolTips69'>FAFL<\/span><\/td>\n<td style=\"text-align: center;\" colspan=\"2\">30.602<\/td>\n<td style=\"width: 5%; text-align: center;\"><span style=\"color: #000000;\"><strong><span class='tooltipsall tooltipsincontent classtoolTips125'>NBC<\/span><br \/>\n<\/strong><\/span><\/td>\n<td style=\"text-align: left;\" colspan=\"4\"><span style=\"color: #000000;\"><strong><img decoding=\"async\" class=\"size-full wp-image-47290 alignleft\" title=\"Medaille de la Resistance\" src=\"https:\/\/www.auzeau.fr\/39-45\/wp-content\/uploads\/images\/Medaille\/Medaille-de-la-Resistance.svg_.png\" alt=\"M\u00e9daille de la R\u00e9sistance\" width=\"73\" height=\"20\" \/><span class='tooltipsall tooltipsincontent classtoolTips126'>MPF<\/span><\/strong><\/span><\/td>\n<\/tr>\n<\/tbody>\n<\/table>\n<div id='gallery-1' class='gallery galleryid-104877 gallery-columns-2 gallery-size-thumbnail'><figure class='gallery-item'>\n\t\t\t<div class='gallery-icon portrait'>\n\t\t\t\t<a title=\"Ren\u00e9 LEPROU\"  title=\"Ren\u00e9 LEPROU\"  href='https:\/\/www.auzeau.fr\/39-45\/wp-content\/uploads\/Cimetieres\/60%20--\/93-Seine-St-Denis\/93%20-%20Montreuil\/Oxford\/LEPROU.JPG'><img decoding=\"async\" width=\"150\" height=\"150\" src=\"https:\/\/www.auzeau.fr\/39-45\/wp-content\/uploads\/Cimetieres\/60 --\/93-Seine-St-Denis\/93 - Montreuil\/Oxford\/LEPROU-150x150.jpg\" class=\"attachment-thumbnail size-thumbnail\" alt=\"\" srcset=\"https:\/\/www.auzeau.fr\/39-45\/wp-content\/uploads\/Cimetieres\/60%20--\/93-Seine-St-Denis\/93%20-%20Montreuil\/Oxford\/LEPROU-150x150.jpg 150w, https:\/\/www.auzeau.fr\/39-45\/wp-content\/uploads\/Cimetieres\/60%20--\/93-Seine-St-Denis\/93%20-%20Montreuil\/Oxford\/LEPROU-50x50.jpg 50w\" sizes=\"(max-width: 150px) 100vw, 150px\" \/><\/a>\n\t\t\t<\/div><\/figure><figure class='gallery-item'>\n\t\t\t<div class='gallery-icon portrait'>\n\t\t\t\t<a title=\"Ren\u00e9 LEPROU\"  title=\"Ren\u00e9 LEPROU\"  href='https:\/\/www.auzeau.fr\/39-45\/wp-content\/uploads\/Cimetieres\/60%20--\/93-Seine-St-Denis\/93%20-%20Montreuil\/Oxford\/Rene-LEPROU.JPG'><img loading=\"lazy\" decoding=\"async\" width=\"150\" height=\"150\" src=\"https:\/\/www.auzeau.fr\/39-45\/wp-content\/uploads\/Cimetieres\/60 --\/93-Seine-St-Denis\/93 - Montreuil\/Oxford\/Rene-LEPROU-150x150.jpg\" class=\"attachment-thumbnail size-thumbnail\" alt=\"\" srcset=\"https:\/\/www.auzeau.fr\/39-45\/wp-content\/uploads\/Cimetieres\/60%20--\/93-Seine-St-Denis\/93%20-%20Montreuil\/Oxford\/Rene-LEPROU-150x150.jpg 150w, https:\/\/www.auzeau.fr\/39-45\/wp-content\/uploads\/Cimetieres\/60%20--\/93-Seine-St-Denis\/93%20-%20Montreuil\/Oxford\/Rene-LEPROU-50x50.jpg 50w\" sizes=\"(max-width: 150px) 100vw, 150px\" \/><\/a>\n\t\t\t<\/div><\/figure>\n\t\t<\/div>\n\n<table style=\"width: 100%; border-collapse: collapse; background-color: #dcdcdc;\">\n<tbody>\n<tr>\n<td style=\"width: 100%; text-align: center; vertical-align: middle;\"><ul id=\"menu-93-montreuil\" class=\"menu\"><li id=\"menu-item-104907\" class=\"menu-item menu-item-type-post_type menu-item-object-page menu-item-104907\"><a href=\"https:\/\/www.auzeau.fr\/39-45\/france\/93-seine-saint-denis\/93-montreuil\/\">Oxford ZS831<\/a><\/li>\n<li id=\"menu-item-104910\" class=\"menu-item menu-item-type-post_type menu-item-object-page menu-item-104910\"><a href=\"https:\/\/www.auzeau.fr\/39-45\/france\/93-seine-saint-denis\/93-montreuil-2\/\">Boston BZ304<\/a><\/li>\n<\/ul><\/td>\n<\/tr>\n<\/tbody>\n<\/table>\n<hr \/>\n<p style=\"text-align: center;\"><ul id=\"menu-93-seine-saint-denis\" class=\"menu\"><li id=\"menu-item-101435\" class=\"menu-item menu-item-type-post_type menu-item-object-page menu-item-101435\"><a href=\"https:\/\/www.auzeau.fr\/39-45\/france\/93-seine-saint-denis\/93-bagnolet-cimetiere-pasteur\/\">93 \u2013 Bagnolet cimeti\u00e8re Pasteur<\/a><\/li>\n<li id=\"menu-item-102020\" class=\"menu-item menu-item-type-post_type menu-item-object-page menu-item-102020\"><a href=\"https:\/\/www.auzeau.fr\/39-45\/france\/93-seine-saint-denis\/93-livry-gargan-cimetiere-du-raincy\/\">93 \u2013 Livry-Gargan cimeti\u00e8re du Raincy<\/a><\/li>\n<li id=\"menu-item-104906\" class=\"menu-item menu-item-type-post_type menu-item-object-page menu-item-104906\"><a href=\"https:\/\/www.auzeau.fr\/39-45\/france\/93-seine-saint-denis\/93-montreuil\/\">93 \u2013 Montreuil<\/a><\/li>\n<li id=\"menu-item-104896\" class=\"menu-item menu-item-type-post_type menu-item-object-page menu-item-104896\"><a href=\"https:\/\/www.auzeau.fr\/39-45\/france\/93-seine-saint-denis\/93-pantin\/\">93 \u2013 Pantin<\/a><\/li>\n<li id=\"menu-item-104901\" class=\"menu-item menu-item-type-post_type menu-item-object-page menu-item-104901\"><a href=\"https:\/\/www.auzeau.fr\/39-45\/france\/93-seine-saint-denis\/93-saint-denis\/\">93 \u2013 Saint-Denis<\/a><\/li>\n<\/ul>\n<script type=\"text\/javascript\"> toolTips('.classtoolTips51','Caporal-Chef'); <\/script><script type=\"text\/javascript\"> toolTips('.classtoolTips69','Force A\u00e9rienne Fran\u00e7aise Libre<br\/><br\/>Free French Air Force'); <\/script><script type=\"text\/javascript\"> toolTips('.classtoolTips71','Service Flying Training School'); <\/script><script type=\"text\/javascript\"> toolTips('.classtoolTips90','Caporal<br\/><br\/>Corporal'); <\/script><script type=\"text\/javascript\"> toolTips('.classtoolTips98','Colonel'); <\/script><script type=\"text\/javascript\"> toolTips('.classtoolTips118','Canonnier'); <\/script><script type=\"text\/javascript\"> toolTips('.classtoolTips123','Secret Intelligence Service<br\/><br\/>Service Secret'); <\/script><script type=\"text\/javascript\"> toolTips('.classtoolTips125','Perte hors combat<br\/><br\/>No Battle Casualty'); <\/script><script type=\"text\/javascript\"> toolTips('.classtoolTips126','Mort Pour la France'); <\/script><script type=\"text\/javascript\"> toolTips('.classtoolTips132','Force A\u00e9rienne Fran\u00e7aise<br\/><br\/>French Air Force'); <\/script><script type=\"text\/javascript\"> toolTips('.classtoolTips144','Royal Corps of Signals'); <\/script><script type=\"text\/javascript\"> toolTips('.classtoolTips151','Pilote<br\/><br\/>Pilot'); <\/script><script type=\"text\/javascript\"> toolTips('.classtoolTips153','Porucznik'); <\/script><script type=\"text\/javascript\"> toolTips('.classtoolTips158','Midshipman'); <\/script><script type=\"text\/javascript\"> toolTips('.classtoolTips185','Mitrailleur<br\/><br\/>Air Gunner'); <\/script><script type=\"text\/javascript\"> toolTips('.classtoolTips188','Bombardier<br\/><br\/>Air bomber'); <\/script><script type=\"text\/javascript\"> toolTips('.classtoolTips192','<img class=\"aligncenter size-full wp-image-65858\" title=\"Rampe_V1\" src=\"https:\/\/www.auzeau.fr\/39-45\/wp-content\/uploads\/Avions\/Allemand\/Rampe_V1.jpg\" alt=\"\" width=\"640\" height=\"426\" \/><br\/><img class=\"aligncenter size-full wp-image-65859\" title=\"V1\" src=\"https:\/\/www.auzeau.fr\/39-45\/wp-content\/uploads\/Avions\/Allemand\/V1.jpg\" alt=\"\" width=\"640\" height=\"424\" \/>'); <\/script><script type=\"text\/javascript\"> toolTips('.classtoolTips197','Aircraftman'); <\/script><script type=\"text\/javascript\"> toolTips('.classtoolTips199','Radio Officer'); <\/script><script type=\"text\/javascript\"> toolTips('.classtoolTips201','Lieutenant'); <\/script>","protected":false},"excerpt":{"rendered":"<p>OXFORD ZS831\u00a0\u00a0\u00a0\u00a0\u00a0\u00a0 Cod\u00e9 &#8220;110&#8221; 34 SFTS Date : 31 mai 1942 Mission : Vol d&#8217;entrainement en solo \u00a0D\u00e9collage : Medecine Hat \u00e0 14:25 Causes de la perte : L&#8217;enqu\u00eate n&#8217;a pas permis de d\u00e9terminer les causes de l&#8217;accident Lieu de la perte : pr\u00e8s du terrain de secours de Holsum (Canada) Cplc Ren\u00e9 LEPROU Pil [&hellip;]<\/p>\n","protected":false},"author":1,"featured_media":0,"parent":101429,"menu_order":0,"comment_status":"closed","ping_status":"closed","template":"template-full-width OXFORD.php","meta":{"_lmt_disableupdate":"yes","_lmt_disable":"","footnotes":""},"categories":[3384],"tags":[10665],"wf_page_folders":[10305],"class_list":["post-104877","page","type-page","status-publish","hentry","category-oxford","tag-34-sfts"],"_links":{"self":[{"href":"https:\/\/www.auzeau.fr\/39-45\/wp-json\/wp\/v2\/pages\/104877","targetHints":{"allow":["GET"]}}],"collection":[{"href":"https:\/\/www.auzeau.fr\/39-45\/wp-json\/wp\/v2\/pages"}],"about":[{"href":"https:\/\/www.auzeau.fr\/39-45\/wp-json\/wp\/v2\/types\/page"}],"author":[{"embeddable":true,"href":"https:\/\/www.auzeau.fr\/39-45\/wp-json\/wp\/v2\/users\/1"}],"replies":[{"embeddable":true,"href":"https:\/\/www.auzeau.fr\/39-45\/wp-json\/wp\/v2\/comments?post=104877"}],"version-history":[{"count":0,"href":"https:\/\/www.auzeau.fr\/39-45\/wp-json\/wp\/v2\/pages\/104877\/revisions"}],"up":[{"embeddable":true,"href":"https:\/\/www.auzeau.fr\/39-45\/wp-json\/wp\/v2\/pages\/101429"}],"wp:attachment":[{"href":"https:\/\/www.auzeau.fr\/39-45\/wp-json\/wp\/v2\/media?parent=104877"}],"wp:term":[{"taxonomy":"category","embeddable":true,"href":"https:\/\/www.auzeau.fr\/39-45\/wp-json\/wp\/v2\/categories?post=104877"},{"taxonomy":"post_tag","embeddable":true,"href":"https:\/\/www.auzeau.fr\/39-45\/wp-json\/wp\/v2\/tags?post=104877"},{"taxonomy":"wf_page_folders","embeddable":true,"href":"https:\/\/www.auzeau.fr\/39-45\/wp-json\/wp\/v2\/wf_page_folders?post=104877"}],"curies":[{"name":"wp","href":"https:\/\/api.w.org\/{rel}","templated":true}]}}