{"id":104677,"date":"2023-05-01T17:40:04","date_gmt":"2023-05-01T15:40:04","guid":{"rendered":"http:\/\/39-45.auzeau.fr\/?page_id=104677"},"modified":"2023-05-01T18:12:45","modified_gmt":"2023-05-01T16:12:45","slug":"85-la-roche-sur-yon","status":"publish","type":"page","link":"https:\/\/www.auzeau.fr\/39-45\/france\/85-vendee\/85-la-roche-sur-yon\/","title":{"rendered":"85 &#8211; La Roche-sur-Yon"},"content":{"rendered":"<p><img fetchpriority=\"high\" decoding=\"async\" class=\"aligncenter size-full wp-image-104673\" title=\"La Roche-sur-Yon\" src=\"https:\/\/www.auzeau.fr\/39-45\/wp-content\/uploads\/Cimetieres\/60%20--\/85-Vend\u00e9e\/85%20-%20La%20Roche-sur-Yon\/La-Roche-sur-Yon.JPG\" alt=\"\" width=\"900\" height=\"485\" \/><\/p>\n<table style=\"width: 100%;\" border=\"0\">\n<tbody>\n<tr>\n<td style=\"width: 5%;\"><\/td>\n<td style=\"width: 5%;\"><\/td>\n<td style=\"width: 2%;\"><\/td>\n<td style=\"width: 8%;\"><\/td>\n<td style=\"width: 5%;\"><\/td>\n<td style=\"width: 5%;\"><\/td>\n<td style=\"width: 5%;\"><\/td>\n<td style=\"width: 2%;\"><\/td>\n<td style=\"width: 8%;\"><\/td>\n<td style=\"width: 2%;\"><\/td>\n<td style=\"width: 5%;\"><\/td>\n<td style=\"width: 3%;\"><\/td>\n<td style=\"width: 5%;\"><\/td>\n<td style=\"width: 5%;\"><\/td>\n<td style=\"width: 5%;\"><\/td>\n<td style=\"width: 5%;\"><\/td>\n<td style=\"width: 5%;\"><\/td>\n<td style=\"width: 5%;\"><\/td>\n<td style=\"width: 5%;\"><\/td>\n<td style=\"width: 10%;\"><\/td>\n<\/tr>\n<tr>\n<td style=\"width: 75%;\" colspan=\"16\"><span style=\"font-size: xx-large;\"><strong><span style=\"color: #000000;\">Sunderland JM704 7F-B<br \/>\n<\/span><\/strong><\/span><\/td>\n<td style=\"width: 25%; text-align: center;\" colspan=\"4\"><span style=\"font-size: xx-large;\"><strong>Flottille 7F<br \/>\n<\/strong><\/span><\/td>\n<\/tr>\n<tr>\n<td style=\"width: 75%;\" colspan=\"16\"><\/td>\n<td style=\"width: 25%; text-align: center;\" colspan=\"4\"><\/td>\n<\/tr>\n<tr style=\"height: 40px;\">\n<td style=\"text-align: right; width: 5%;\"><\/td>\n<td style=\"text-align: right; width: 5%;\"><\/td>\n<td style=\"text-align: right; width: 2%;\"><\/td>\n<td style=\"text-align: right; width: 8%;\"><\/td>\n<td style=\"text-align: right; width: 5%;\"><\/td>\n<td style=\"text-align: right; width: 5%;\"><\/td>\n<td style=\"text-align: right; width: 5%;\"><\/td>\n<td style=\"text-align: right; width: 2%;\"><\/td>\n<td style=\"text-align: right; width: 8%;\"><\/td>\n<td style=\"text-align: right; width: 2%;\"><\/td>\n<td style=\"text-align: right; width: 5%;\"><\/td>\n<td style=\"text-align: right; width: 3%;\"><\/td>\n<td style=\"text-align: right; width: 5%;\"><\/td>\n<td style=\"text-align: right; width: 5%;\"><\/td>\n<td style=\"text-align: right; width: 5%;\"><\/td>\n<td style=\"text-align: right; width: 5%;\"><\/td>\n<td style=\"text-align: right; width: 5%;\"><\/td>\n<td style=\"text-align: right; width: 5%;\"><\/td>\n<td style=\"text-align: right; width: 5%;\"><\/td>\n<td style=\"text-align: right; width: 10%;\"><\/td>\n<\/tr>\n<tr>\n<td style=\"text-align: right; width: 5%;\"><\/td>\n<td style=\"text-align: right; width: 5%;\"><span style=\"font-size: 14px;\"><strong>Date<\/strong><\/span><\/td>\n<td style=\"width: 2%; text-align: center;\"><strong>:<\/strong><\/td>\n<td style=\"width: 13%; text-align: left;\" colspan=\"2\"><span style=\"font-size: 14px;\"><em>05 f\u00e9vrier 1944<br \/>\n<\/em><\/span><\/td>\n<td style=\"text-align: right; width: 5%;\"><\/td>\n<td style=\"text-align: right; width: 5%;\"><\/td>\n<td style=\"text-align: right; width: 2%;\"><\/td>\n<td style=\"text-align: right; width: 8%;\"><span style=\"font-size: 14px;\"><strong>Mission<\/strong><\/span><\/td>\n<td style=\"width: 2%; text-align: center;\"><strong><span style=\"font-size: 14px;\">:<\/span><\/strong><\/td>\n<td style=\"text-align: left; width: 53%;\" colspan=\"10\"><span style=\"font-size: 14px;\"><em>Vol d&#8217;entrainement de nuit<br \/>\n<\/em><\/span><\/td>\n<\/tr>\n<tr style=\"height: 40px;\">\n<td style=\"text-align: right; width: 5%;\"><\/td>\n<td style=\"text-align: right; width: 5%;\"><\/td>\n<td style=\"width: 2%; text-align: center;\"><\/td>\n<td style=\"width: 8%; text-align: left;\"><\/td>\n<td style=\"text-align: right; width: 5%;\"><\/td>\n<td style=\"text-align: right; width: 5%;\"><\/td>\n<td style=\"text-align: right; width: 5%;\"><\/td>\n<td style=\"text-align: right; width: 2%;\"><\/td>\n<td style=\"text-align: right; width: 8%;\"><\/td>\n<td style=\"width: 2%; text-align: center;\"><\/td>\n<td style=\"text-align: left; width: 5%;\"><\/td>\n<td style=\"text-align: left; width: 3%;\"><\/td>\n<td style=\"text-align: left; width: 5%;\"><\/td>\n<td style=\"text-align: left; width: 5%;\"><\/td>\n<td style=\"text-align: left; width: 5%;\"><\/td>\n<td style=\"text-align: left; width: 5%;\"><\/td>\n<td style=\"text-align: left; width: 5%;\"><\/td>\n<td style=\"text-align: left; width: 5%;\"><\/td>\n<td style=\"text-align: left; width: 5%;\"><\/td>\n<td style=\"text-align: left; width: 10%;\"><\/td>\n<\/tr>\n<tr style=\"height: 40px;\">\n<td style=\"text-align: right; width: 10%;\" colspan=\"2\"><\/td>\n<td style=\"width: 2%; text-align: center;\"><\/td>\n<td style=\"text-align: right; width: 23%;\" colspan=\"4\"><span style=\"font-size: 14px;\"><em>\u00a0<\/em><\/span><span style=\"font-size: 14px;\"><strong>D\u00e9collage<\/strong><\/span><\/td>\n<td style=\"width: 2%; text-align: center;\"><strong>:<\/strong><\/td>\n<td style=\"text-align: left; width: 63%;\" colspan=\"12\"><span style=\"font-size: 14px;\"><em>Dakar Bel-Air (S\u00e9n\u00e9gal)<\/em><\/span><span style=\"font-size: 14px;\"><em><br \/>\n<\/em><\/span><\/td>\n<\/tr>\n<tr style=\"height: 40px;\">\n<td style=\"text-align: right; width: 10%;\" colspan=\"2\"><\/td>\n<td style=\"width: 2%; text-align: center;\"><\/td>\n<td style=\"text-align: right; width: 23%;\" colspan=\"4\"><span style=\"font-size: 14px;\"><strong>Causes de la perte<br \/>\n<\/strong><\/span><\/td>\n<td style=\"width: 2%; text-align: center;\"><strong>:<br \/>\n<\/strong><\/td>\n<td style=\"text-align: left; width: 63%;\" colspan=\"12\"><em>\u00a0Heurte violemment l&#8217;eau \u00e0 l&#8217;amerrissage<br \/>\n<\/em><\/td>\n<\/tr>\n<tr style=\"height: 40px;\">\n<td style=\"text-align: right; width: 10%;\" colspan=\"2\"><\/td>\n<td style=\"width: 2%; text-align: center;\"><\/td>\n<td style=\"text-align: right; width: 23%;\" colspan=\"4\"><span style=\"font-size: 14px;\"><strong>Lieu de la perte<br \/>\n<\/strong><\/span><\/td>\n<td style=\"width: 2%; text-align: center;\"><strong>:<br \/>\n<\/strong><\/td>\n<td style=\"text-align: left; width: 63%;\" colspan=\"12\"><span style=\"font-size: 14px;\"><em>\u00a0Dakar Bel-Air (S\u00e9n\u00e9gal)<br \/>\n<\/em><\/span><\/td>\n<\/tr>\n<tr style=\"height: 40px;\">\n<td style=\"width: 5%;\"><\/td>\n<td style=\"width: 5%;\"><\/td>\n<td style=\"width: 2%; text-align: center;\"><\/td>\n<td style=\"text-align: right; width: 8%;\"><\/td>\n<td style=\"text-align: right; width: 5%;\"><\/td>\n<td style=\"text-align: right; width: 5%;\"><\/td>\n<td style=\"text-align: right; width: 5%;\"><\/td>\n<td style=\"width: 2%; text-align: center;\"><\/td>\n<td style=\"text-align: left; width: 8%;\"><\/td>\n<td style=\"text-align: left; width: 2%;\"><\/td>\n<td style=\"text-align: left; width: 5%;\"><\/td>\n<td style=\"text-align: left; width: 3%;\"><\/td>\n<td style=\"text-align: left; width: 5%;\"><\/td>\n<td style=\"text-align: left; width: 5%;\"><\/td>\n<td style=\"text-align: left; width: 5%;\"><\/td>\n<td style=\"text-align: left; width: 5%;\"><\/td>\n<td style=\"text-align: left; width: 5%;\"><\/td>\n<td style=\"text-align: left; width: 5%;\"><\/td>\n<td style=\"text-align: left; width: 5%;\"><\/td>\n<td style=\"text-align: left; width: 10%;\"><\/td>\n<\/tr>\n<tr style=\"height: 60px;\">\n<td style=\"width: 5%;\"><img decoding=\"async\" class=\"size-full wp-image-47214 alignleft\" title=\"France\" src=\"https:\/\/www.auzeau.fr\/39-45\/wp-content\/uploads\/images\/Drapeaux\/France.png\" alt=\"France\" width=\"40\" height=\"20\" \/><\/td>\n<td style=\"width: 5%;\"><span class='tooltipsall tooltipsincontent classtoolTips191'>Mt<\/span><\/td>\n<td style=\"text-align: left;\" colspan=\"5\">Fran\u00e7ois Jean Yves<\/td>\n<td style=\"text-align: left;\" colspan=\"3\"><strong><span style=\"color: #000000;\">BODROS<br \/>\n<\/span><\/strong><\/td>\n<td style=\"text-align: center;\" colspan=\"2\"><span class='tooltipsall tooltipsincontent classtoolTips115'>WOP<\/span><\/td>\n<td style=\"width: 5%; text-align: center;\"><span class='tooltipsall tooltipsincontent classtoolTips38'>A\u00e9ro<\/span><\/td>\n<td style=\"text-align: center;\" colspan=\"2\"><\/td>\n<td style=\"width: 5%; text-align: center;\"><span style=\"color: #000000;\"><strong><span style=\"color: #000000;\"><span class='tooltipsall tooltipsincontent classtoolTips110'>KIA<\/span><br \/>\n<\/span><\/strong><\/span><\/td>\n<td style=\"text-align: left;\" colspan=\"4\"><em><a href=\"https:\/\/www.auzeau.fr\/39-45\/france\/76-seine-maritime\/76-le-havre-32\/\"><span style=\"font-size: 8pt;\">Inhum\u00e9 au Havre (76)<\/span><\/a><\/em><\/td>\n<\/tr>\n<tr style=\"height: 60px;\">\n<td style=\"width: 5%;\"><img decoding=\"async\" class=\"size-full wp-image-47214 alignleft\" title=\"France\" src=\"https:\/\/www.auzeau.fr\/39-45\/wp-content\/uploads\/images\/Drapeaux\/France.png\" alt=\"France\" width=\"40\" height=\"20\" \/><\/td>\n<td style=\"width: 5%;\"><span class='tooltipsall tooltipsincontent classtoolTips200'>QM<\/span><\/td>\n<td style=\"text-align: left;\" colspan=\"5\">Joseph Edmond<\/td>\n<td style=\"text-align: left;\" colspan=\"3\"><strong><span style=\"color: #000000;\">DUTHY<br \/>\n<\/span><\/strong><\/td>\n<td style=\"text-align: center;\" colspan=\"2\"><span class='tooltipsall tooltipsincontent classtoolTips115'>WOP<\/span><\/td>\n<td style=\"width: 5%; text-align: center;\"><span class='tooltipsall tooltipsincontent classtoolTips38'>A\u00e9ro<\/span><\/td>\n<td style=\"text-align: center;\" colspan=\"2\"><\/td>\n<td style=\"width: 5%; text-align: center;\"><span style=\"color: #000000;\"><strong><span style=\"color: #000000;\"><span class='tooltipsall tooltipsincontent classtoolTips110'>KIA<\/span><br \/>\n<\/span><\/strong><\/span><\/td>\n<td style=\"text-align: left;\" colspan=\"4\"><em><span style=\"font-size: 8pt;\">Lieu d&#8217;inhumation inconnu<\/span><\/em><\/td>\n<\/tr>\n<tr style=\"height: 60px;\">\n<td style=\"width: 5%;\"><img decoding=\"async\" class=\"size-full wp-image-47214 alignleft\" title=\"France\" src=\"https:\/\/www.auzeau.fr\/39-45\/wp-content\/uploads\/images\/Drapeaux\/France.png\" alt=\"France\" width=\"40\" height=\"20\" \/><\/td>\n<td style=\"width: 5%;\"><span class='tooltipsall tooltipsincontent classtoolTips196'>SM<\/span><\/td>\n<td style=\"text-align: left;\" colspan=\"5\">Raymond Henri Marcel<\/td>\n<td style=\"text-align: left;\" colspan=\"3\"><strong><span style=\"color: #000000;\">GUILLET<br \/>\n<\/span><\/strong><\/td>\n<td style=\"text-align: center;\" colspan=\"2\"><span class='tooltipsall tooltipsincontent classtoolTips151'>Pil<\/span><\/td>\n<td style=\"width: 5%; text-align: center;\"><span class='tooltipsall tooltipsincontent classtoolTips38'>A\u00e9ro<\/span><\/td>\n<td style=\"text-align: center;\" colspan=\"2\"><\/td>\n<td style=\"width: 5%; text-align: center;\"><span style=\"color: #000000;\"><strong><span style=\"color: #000000;\"><span class='tooltipsall tooltipsincontent classtoolTips110'>KIA<\/span><br \/>\n<\/span><\/strong><\/span><\/td>\n<td style=\"text-align: left;\" colspan=\"4\"><\/td>\n<\/tr>\n<tr style=\"height: 60px;\">\n<td style=\"width: 5%;\"><img decoding=\"async\" class=\"size-full wp-image-47214 alignleft\" title=\"France\" src=\"https:\/\/www.auzeau.fr\/39-45\/wp-content\/uploads\/images\/Drapeaux\/France.png\" alt=\"France\" width=\"40\" height=\"20\" \/><\/td>\n<td style=\"width: 5%;\"><span class='tooltipsall tooltipsincontent classtoolTips107'>ASP<\/span><\/td>\n<td style=\"text-align: left;\" colspan=\"5\">Patrick Charles<\/td>\n<td style=\"text-align: left;\" colspan=\"3\"><strong><span style=\"color: #000000;\">O&#8217;SULLIVAN<br \/>\n<\/span><\/strong><\/td>\n<td style=\"text-align: center;\" colspan=\"2\"><span class='tooltipsall tooltipsincontent classtoolTips117'>Obs<\/span><\/td>\n<td style=\"width: 5%; text-align: center;\"><span class='tooltipsall tooltipsincontent classtoolTips38'>A\u00e9ro<\/span><\/td>\n<td style=\"text-align: center;\" colspan=\"2\"><\/td>\n<td style=\"width: 5%; text-align: center;\"><span style=\"color: #000000;\"><strong><span style=\"color: #000000;\"><span class='tooltipsall tooltipsincontent classtoolTips110'>KIA<\/span><br \/>\n<\/span><\/strong><\/span><\/td>\n<td style=\"text-align: left;\" colspan=\"4\"><em><span style=\"font-size: 8pt;\">Lieu d&#8217;inhumation inconnu<\/span><\/em><\/td>\n<\/tr>\n<\/tbody>\n<\/table>\n<div id='gallery-1' class='gallery galleryid-104677 gallery-columns-3 gallery-size-thumbnail'><figure class='gallery-item'>\n\t\t\t<div class='gallery-icon landscape'>\n\t\t\t\t<a title=\"Raymond GUILLET\"  title=\"Raymond GUILLET\"  href='https:\/\/www.auzeau.fr\/39-45\/wp-content\/uploads\/Cimetieres\/60%20--\/85-Vend\u00e9e\/85%20-%20La%20Roche-sur-Yon\/R.-GUILLET.JPG'><img decoding=\"async\" width=\"150\" height=\"150\" src=\"https:\/\/www.auzeau.fr\/39-45\/wp-content\/uploads\/Cimetieres\/60 --\/85-Vend\u00e9e\/85 - La Roche-sur-Yon\/R.-GUILLET-150x150.jpg\" class=\"attachment-thumbnail size-thumbnail\" alt=\"\" srcset=\"https:\/\/www.auzeau.fr\/39-45\/wp-content\/uploads\/Cimetieres\/60%20--\/85-Vend\u00e9e\/85%20-%20La%20Roche-sur-Yon\/R.-GUILLET-150x150.jpg 150w, https:\/\/www.auzeau.fr\/39-45\/wp-content\/uploads\/Cimetieres\/60%20--\/85-Vend\u00e9e\/85%20-%20La%20Roche-sur-Yon\/R.-GUILLET-50x50.jpg 50w\" sizes=\"(max-width: 150px) 100vw, 150px\" \/><\/a>\n\t\t\t<\/div><\/figure><figure class='gallery-item'>\n\t\t\t<div class='gallery-icon portrait'>\n\t\t\t\t<a title=\"Raymond GUILLET\"  title=\"Raymond GUILLET\"  href='https:\/\/www.auzeau.fr\/39-45\/wp-content\/uploads\/Cimetieres\/60%20--\/85-Vend\u00e9e\/85%20-%20La%20Roche-sur-Yon\/GUILLET.JPG'><img loading=\"lazy\" decoding=\"async\" width=\"150\" height=\"150\" src=\"https:\/\/www.auzeau.fr\/39-45\/wp-content\/uploads\/Cimetieres\/60 --\/85-Vend\u00e9e\/85 - La Roche-sur-Yon\/GUILLET-150x150.jpg\" class=\"attachment-thumbnail size-thumbnail\" alt=\"\" srcset=\"https:\/\/www.auzeau.fr\/39-45\/wp-content\/uploads\/Cimetieres\/60%20--\/85-Vend\u00e9e\/85%20-%20La%20Roche-sur-Yon\/GUILLET-150x150.jpg 150w, https:\/\/www.auzeau.fr\/39-45\/wp-content\/uploads\/Cimetieres\/60%20--\/85-Vend\u00e9e\/85%20-%20La%20Roche-sur-Yon\/GUILLET-50x50.jpg 50w\" sizes=\"(max-width: 150px) 100vw, 150px\" \/><\/a>\n\t\t\t<\/div><\/figure><figure class='gallery-item'>\n\t\t\t<div class='gallery-icon landscape'>\n\t\t\t\t<a title=\"Raymond GUILLET\"  title=\"Raymond GUILLET\"  href='https:\/\/www.auzeau.fr\/39-45\/wp-content\/uploads\/Cimetieres\/60%20--\/85-Vend\u00e9e\/85%20-%20La%20Roche-sur-Yon\/Raymond-GUILLET.JPG'><img loading=\"lazy\" decoding=\"async\" width=\"150\" height=\"150\" src=\"https:\/\/www.auzeau.fr\/39-45\/wp-content\/uploads\/Cimetieres\/60 --\/85-Vend\u00e9e\/85 - La Roche-sur-Yon\/Raymond-GUILLET-150x150.jpg\" class=\"attachment-thumbnail size-thumbnail\" alt=\"\" srcset=\"https:\/\/www.auzeau.fr\/39-45\/wp-content\/uploads\/Cimetieres\/60%20--\/85-Vend\u00e9e\/85%20-%20La%20Roche-sur-Yon\/Raymond-GUILLET-150x150.jpg 150w, https:\/\/www.auzeau.fr\/39-45\/wp-content\/uploads\/Cimetieres\/60%20--\/85-Vend\u00e9e\/85%20-%20La%20Roche-sur-Yon\/Raymond-GUILLET-50x50.jpg 50w\" sizes=\"(max-width: 150px) 100vw, 150px\" \/><\/a>\n\t\t\t<\/div><\/figure>\n\t\t<\/div>\n\n<hr \/>\n<p style=\"text-align: center;\"><ul id=\"menu-85-vendee\" class=\"menu\"><li id=\"menu-item-105155\" class=\"menu-item menu-item-type-post_type menu-item-object-page menu-item-105155\"><a href=\"https:\/\/www.auzeau.fr\/39-45\/france\/85-vendee\/85-angles\/\">85 \u2013 Angles<\/a><\/li>\n<li id=\"menu-item-105156\" class=\"menu-item menu-item-type-post_type menu-item-object-page menu-item-105156\"><a href=\"https:\/\/www.auzeau.fr\/39-45\/france\/85-vendee\/85-barbatre\/\">85 \u2013 Barb\u00e2tre<\/a><\/li>\n<li id=\"menu-item-105153\" class=\"menu-item menu-item-type-post_type menu-item-object-page menu-item-105153\"><a href=\"https:\/\/www.auzeau.fr\/39-45\/france\/85-vendee\/85-laiguillon-sur-mer\/\">85 \u2013 L\u2019Aiguillon-sur-Mer<\/a><\/li>\n<li id=\"menu-item-108586\" class=\"menu-item menu-item-type-post_type menu-item-object-page menu-item-108586\"><a href=\"https:\/\/www.auzeau.fr\/39-45\/france\/85-vendee\/85-la-gueriniere\/\">85 \u2013 La Gu\u00e9rini\u00e8re<\/a><\/li>\n<li id=\"menu-item-108585\" class=\"menu-item menu-item-type-post_type menu-item-object-page menu-item-108585\"><a href=\"https:\/\/www.auzeau.fr\/39-45\/france\/85-vendee\/85-la-roche-sur-yon\/\">85 \u2013 La Roche-sur-Yon<\/a><\/li>\n<li id=\"menu-item-108584\" class=\"menu-item menu-item-type-post_type menu-item-object-page menu-item-108584\"><a href=\"https:\/\/www.auzeau.fr\/39-45\/france\/85-vendee\/85-les-sables-dolonne-cimetiere-des-augures\/\">85 \u2013 Les Sables-d\u2019Olonne cimeti\u00e8re des Augures<\/a><\/li>\n<li id=\"menu-item-108587\" class=\"menu-item menu-item-type-post_type menu-item-object-page menu-item-108587\"><a href=\"https:\/\/www.auzeau.fr\/39-45\/france\/85-vendee\/85-les-sables-dolonne-cimetiere-laennec\/\">85 \u2013 Les Sables-d\u2019Olonne cimeti\u00e8re Laennec<\/a><\/li>\n<li id=\"menu-item-108582\" class=\"menu-item menu-item-type-post_type menu-item-object-page menu-item-108582\"><a href=\"https:\/\/www.auzeau.fr\/39-45\/france\/85-vendee\/85-noirmoutier-en-ile\/\">85 \u2013 Noirmoutier-en-\u00cele<\/a><\/li>\n<li id=\"menu-item-108583\" class=\"menu-item menu-item-type-post_type menu-item-object-page menu-item-108583\"><a href=\"https:\/\/www.auzeau.fr\/39-45\/france\/85-vendee\/85-olonne-sur-mer\/\">85 \u2013 Olonne-sur-Mer<\/a><\/li>\n<li id=\"menu-item-109205\" class=\"menu-item menu-item-type-post_type menu-item-object-page menu-item-109205\"><a href=\"https:\/\/www.auzeau.fr\/39-45\/france\/85-vendee\/85-port-joinville\/\">85 \u2013 Port-Joinville<\/a><\/li>\n<li id=\"menu-item-109202\" class=\"menu-item menu-item-type-post_type menu-item-object-page menu-item-109202\"><a href=\"https:\/\/www.auzeau.fr\/39-45\/france\/85-vendee\/85-saint-hilaire-de-riez\/\">85 \u2013 Saint-Hilaire-de-Riez<\/a><\/li>\n<li id=\"menu-item-109245\" class=\"menu-item menu-item-type-post_type menu-item-object-page menu-item-109245\"><a href=\"https:\/\/www.auzeau.fr\/39-45\/france\/85-vendee\/85-saint-gilles-croix-de-vie\/\">85 \u2013 Saint-Gilles-Croix-de-Vie<\/a><\/li>\n<li id=\"menu-item-109204\" class=\"menu-item menu-item-type-post_type menu-item-object-page menu-item-109204\"><a href=\"https:\/\/www.auzeau.fr\/39-45\/france\/85-vendee\/85-saint-philbert-de-bouaine\/\">85 \u2013 Saint-Philbert-de-Bouaine<\/a><\/li>\n<li id=\"menu-item-109201\" class=\"menu-item menu-item-type-post_type menu-item-object-page menu-item-109201\"><a href=\"https:\/\/www.auzeau.fr\/39-45\/france\/85-vendee\/85-talmont-saint-hilaire\/\">85 \u2013 Talmont-Saint-Hilaire<\/a><\/li>\n<\/ul>\n<script type=\"text\/javascript\"> toolTips('.classtoolTips38','A\u00e9ronavale'); <\/script><script type=\"text\/javascript\"> toolTips('.classtoolTips98','Colonel'); <\/script><script type=\"text\/javascript\"> toolTips('.classtoolTips107','Aspirant'); <\/script><script type=\"text\/javascript\"> toolTips('.classtoolTips110','Tu\u00e9 au combat<br\/><br\/>Killed In Action'); <\/script><script type=\"text\/javascript\"> toolTips('.classtoolTips115','Op\u00e9rateur Radio<br\/><br\/>Wireless Op\u00e9rator'); <\/script><script type=\"text\/javascript\"> toolTips('.classtoolTips117','Observateur<br\/><br\/>Oberver'); <\/script><script type=\"text\/javascript\"> toolTips('.classtoolTips144','Royal Corps of Signals'); <\/script><script type=\"text\/javascript\"> toolTips('.classtoolTips151','Pilote<br\/><br\/>Pilot'); <\/script><script type=\"text\/javascript\"> toolTips('.classtoolTips153','Porucznik'); <\/script><script type=\"text\/javascript\"> toolTips('.classtoolTips182','Warrant Officer'); <\/script><script type=\"text\/javascript\"> toolTips('.classtoolTips185','Mitrailleur<br\/><br\/>Air Gunner'); <\/script><script type=\"text\/javascript\"> toolTips('.classtoolTips188','Bombardier<br\/><br\/>Air bomber'); <\/script><script type=\"text\/javascript\"> toolTips('.classtoolTips189','M\u00e9canicien volant<br\/><br\/>Flying Enginer'); <\/script><script type=\"text\/javascript\"> toolTips('.classtoolTips191','Ma\u00eetre'); <\/script><script type=\"text\/javascript\"> toolTips('.classtoolTips196','second Ma\u00eetre'); <\/script><script type=\"text\/javascript\"> toolTips('.classtoolTips197','Aircraftman'); <\/script><script type=\"text\/javascript\"> toolTips('.classtoolTips199','Radio Officer'); <\/script><script type=\"text\/javascript\"> toolTips('.classtoolTips200','Quartier Ma\u00eetre'); <\/script><script type=\"text\/javascript\"> toolTips('.classtoolTips201','Lieutenant'); <\/script>","protected":false},"excerpt":{"rendered":"<p>Sunderland JM704 7F-B Flottille 7F Date : 05 f\u00e9vrier 1944 Mission : Vol d&#8217;entrainement de nuit \u00a0D\u00e9collage : Dakar Bel-Air (S\u00e9n\u00e9gal) Causes de la perte : \u00a0Heurte violemment l&#8217;eau \u00e0 l&#8217;amerrissage Lieu de la perte : \u00a0Dakar Bel-Air (S\u00e9n\u00e9gal) Mt Fran\u00e7ois Jean Yves BODROS WOP A\u00e9ro KIA Inhum\u00e9 au Havre (76) QM Joseph Edmond DUTHY [&hellip;]<\/p>\n","protected":false},"author":1,"featured_media":0,"parent":104592,"menu_order":0,"comment_status":"closed","ping_status":"closed","template":"template-full-width Sunderland.php","meta":{"_lmt_disableupdate":"yes","_lmt_disable":"","footnotes":""},"categories":[9858],"tags":[9861],"wf_page_folders":[10619],"class_list":["post-104677","page","type-page","status-publish","hentry","category-short-sunderland","tag-flottille-7f"],"_links":{"self":[{"href":"https:\/\/www.auzeau.fr\/39-45\/wp-json\/wp\/v2\/pages\/104677","targetHints":{"allow":["GET"]}}],"collection":[{"href":"https:\/\/www.auzeau.fr\/39-45\/wp-json\/wp\/v2\/pages"}],"about":[{"href":"https:\/\/www.auzeau.fr\/39-45\/wp-json\/wp\/v2\/types\/page"}],"author":[{"embeddable":true,"href":"https:\/\/www.auzeau.fr\/39-45\/wp-json\/wp\/v2\/users\/1"}],"replies":[{"embeddable":true,"href":"https:\/\/www.auzeau.fr\/39-45\/wp-json\/wp\/v2\/comments?post=104677"}],"version-history":[{"count":0,"href":"https:\/\/www.auzeau.fr\/39-45\/wp-json\/wp\/v2\/pages\/104677\/revisions"}],"up":[{"embeddable":true,"href":"https:\/\/www.auzeau.fr\/39-45\/wp-json\/wp\/v2\/pages\/104592"}],"wp:attachment":[{"href":"https:\/\/www.auzeau.fr\/39-45\/wp-json\/wp\/v2\/media?parent=104677"}],"wp:term":[{"taxonomy":"category","embeddable":true,"href":"https:\/\/www.auzeau.fr\/39-45\/wp-json\/wp\/v2\/categories?post=104677"},{"taxonomy":"post_tag","embeddable":true,"href":"https:\/\/www.auzeau.fr\/39-45\/wp-json\/wp\/v2\/tags?post=104677"},{"taxonomy":"wf_page_folders","embeddable":true,"href":"https:\/\/www.auzeau.fr\/39-45\/wp-json\/wp\/v2\/wf_page_folders?post=104677"}],"curies":[{"name":"wp","href":"https:\/\/api.w.org\/{rel}","templated":true}]}}