{"id":104617,"date":"2023-03-15T06:58:20","date_gmt":"2023-03-15T05:58:20","guid":{"rendered":"http:\/\/39-45.auzeau.fr\/?page_id=104617"},"modified":"2023-03-15T07:03:36","modified_gmt":"2023-03-15T06:03:36","slug":"66-prades","status":"publish","type":"page","link":"https:\/\/www.auzeau.fr\/39-45\/france\/66-pyrenees-orientales\/66-prades\/","title":{"rendered":"66 &#8211; Prades"},"content":{"rendered":"<p><center><iframe style=\"border: 0;\" src=\"https:\/\/www.google.com\/maps\/embed?pb=!4v1678212563110!6m8!1m7!1s72DDcPoKySkU7MZul9o1Zw!2m2!1d42.61323962761751!2d2.426563943006598!3f67.61083985375537!4f4.997812080543085!5f0.7820865974627469\" width=\"900\" height=\"600\" allowfullscreen=\"allowfullscreen\"><\/iframe><\/center><\/p>\n<table class=\"tableau_centre_bordure\" border=\"0\">\n<tbody>\n<tr>\n<td style=\"width: 5%;\"><\/td>\n<td style=\"width: 5%;\"><\/td>\n<td style=\"width: 5%;\"><\/td>\n<td style=\"width: 5%;\"><\/td>\n<td style=\"width: 5%;\"><\/td>\n<td style=\"width: 5%;\"><\/td>\n<td style=\"width: 5%;\"><\/td>\n<td style=\"width: 5%;\"><\/td>\n<td style=\"width: 5%;\"><\/td>\n<td style=\"width: 5%;\"><\/td>\n<td style=\"width: 5%;\"><\/td>\n<td style=\"width: 5%;\"><\/td>\n<td style=\"width: 5%;\"><\/td>\n<td style=\"width: 5%;\"><\/td>\n<td style=\"width: 5%;\"><\/td>\n<td style=\"width: 5%;\"><\/td>\n<td style=\"width: 5%;\"><\/td>\n<td style=\"width: 5%;\"><\/td>\n<td style=\"width: 5%;\"><\/td>\n<td style=\"width: 5%;\"><\/td>\n<\/tr>\n<tr>\n<td colspan=\"15\"><strong><span style=\"font-size: xx-large; color: #000000;\">Caudron C445 Go\u00e9land F-BAAR <\/span><br \/>\nN\u00b0 de s\u00e9rie : 8403.116.85<br \/>\n<\/strong><\/td>\n<td style=\"text-align: center;\" colspan=\"5\"><strong><span style=\"font-size: xx-large;\">BA 117<br \/>\n<\/span><\/strong><\/td>\n<\/tr>\n<tr style=\"height: 40px;\">\n<td style=\"text-align: right;\" colspan=\"2\"><span style=\"font-size: 14px;\">\u00a0<strong>Date :\u00a0<\/strong><\/span><\/td>\n<td colspan=\"5\"><span style=\"font-size: 14px;\"><em>20 d\u00e9cembre 1940<\/em><\/span><\/td>\n<td style=\"text-align: right;\" colspan=\"3\"><span style=\"font-size: 14px;\">\u00a0<strong>Mission :\u00a0<\/strong><\/span><\/td>\n<td colspan=\"10\"><span style=\"font-size: 14px;\"><em>l&#8217;\u00e9quipage tente de gagner Gibraltar durant une mission de liaison vers Perpignan<br \/>\n<\/em><\/span><\/td>\n<\/tr>\n<tr style=\"height: 40px;\">\n<td><span style=\"font-size: 14px;\">\u00a0<\/span><\/td>\n<td><span style=\"font-size: 14px;\">\u00a0<\/span><\/td>\n<td style=\"text-align: right;\" colspan=\"5\"><span style=\"font-size: 14px;\">\u00a0\u00a0<strong>D\u00e9collage :\u00a0 <\/strong><\/span><\/td>\n<td colspan=\"10\"><span style=\"font-size: 14px;\"><em>Toulouse \u00e0 15:35<br \/>\n<\/em><\/span><\/td>\n<td><\/td>\n<td><\/td>\n<td><\/td>\n<\/tr>\n<tr style=\"height: 40px;\">\n<td><span style=\"font-size: 14px;\">\u00a0<\/span><\/td>\n<td><span style=\"font-size: 14px;\">\u00a0<\/span><\/td>\n<td style=\"text-align: right;\" colspan=\"5\"><span style=\"font-size: 14px;\">\u00a0\u00a0<strong>Causes de la perte :\u00a0 <\/strong><\/span><\/td>\n<td colspan=\"13\"><span style=\"font-size: 14px;\"><em>Percute la montagne en raison de mauvaises conditions m\u00e9t\u00e9orologiques. L&#8217;\u00e9pave de l&#8217;appareil contenant les corps ne fut retrouv\u00e9e que d\u00e9but d\u00e9cembre 1949<br \/>\n<\/em><\/span><\/td>\n<\/tr>\n<tr style=\"height: 40px;\">\n<td><span style=\"font-size: 14px;\">\u00a0<\/span><\/td>\n<td><span style=\"font-size: 14px;\">\u00a0<\/span><\/td>\n<td style=\"text-align: right;\" colspan=\"5\"><span style=\"font-size: 14px;\">\u00a0\u00a0<strong>Lieu de la perte :\u00a0 <\/strong><\/span><\/td>\n<td colspan=\"10\"><span style=\"font-size: 14px;\"><em>Falaise du Bac d&#8217;Estable \u00e0 Lapradelle-Puillaurens (11)<\/em><\/span><\/td>\n<td><\/td>\n<td><\/td>\n<td><\/td>\n<\/tr>\n<tr style=\"height: 60px;\">\n<td><span style=\"font-size: 14px;\"><img decoding=\"async\" class=\"size-full wp-image-47214 alignleft\" title=\"France\" src=\"https:\/\/www.auzeau.fr\/39-45\/wp-content\/uploads\/images\/Drapeaux\/France.png\" alt=\"\" width=\"40\" height=\"20\" \/><\/span><\/td>\n<td><span style=\"font-size: 14px;\"><span class='tooltipsall tooltipsincontent classtoolTips178'>ADC<\/span><\/span><\/td>\n<td colspan=\"5\"><span style=\"font-size: 14px;\">Hilaire Ren\u00e9 Kl\u00e9ber<br \/>\n<\/span><\/td>\n<td colspan=\"4\"><span style=\"color: #000000; font-size: 14px;\"><strong>MARGOUET<\/strong><\/span><\/td>\n<td><span style=\"font-size: 14px;\"><span class='tooltipsall tooltipsincontent classtoolTips136'>AAF<\/span><\/span><\/td>\n<td colspan=\"2\"><span style=\"font-size: 14px;\">\u00a0WOP<\/span><\/td>\n<td><span style=\"color: #000000;\"><strong><span class='tooltipsall tooltipsincontent classtoolTips110'>KIA<\/span><\/strong><\/span><\/td>\n<td colspan=\"5\"><img decoding=\"async\" class=\"size-full wp-image-47288 alignleft\" title=\"Medaille Militaire\" src=\"https:\/\/www.auzeau.fr\/39-45\/wp-content\/uploads\/images\/Medaille\/Medaille-Militaire.png\" alt=\"M\u00e9daille Militaire\" width=\"72\" height=\"20\" \/><span style=\"color: #000000;\"><strong> <span class='tooltipsall tooltipsincontent classtoolTips126'>MPF<\/span> <\/strong><\/span><a href=\"https:\/\/www.auzeau.fr\/39-45\/france\/66-pyrenees-orientales\/66-torreilles\/\"><span style=\"font-size: 8pt;\">Inhum\u00e9 \u00e0 Torreilles (66)<\/span><\/a><span style=\"color: #000000;\"><strong><br \/>\n<\/strong><\/span><\/td>\n<\/tr>\n<tr style=\"height: 60px;\">\n<td><span style=\"font-size: 14px;\"><img decoding=\"async\" class=\"size-full wp-image-47214 alignleft\" title=\"France\" src=\"https:\/\/www.auzeau.fr\/39-45\/wp-content\/uploads\/images\/Drapeaux\/France.png\" alt=\"\" width=\"40\" height=\"20\" \/><\/span><\/td>\n<td><span style=\"font-size: 14px;\"><span class='tooltipsall tooltipsincontent classtoolTips170'>Cne<\/span><\/span><\/td>\n<td colspan=\"5\"><span style=\"font-size: 14px;\">Ren\u00e9 Pierre<br \/>\n<\/span><\/td>\n<td colspan=\"4\"><span style=\"color: #000000; font-size: 14px;\"><strong>PARPIEL<\/strong><\/span><\/td>\n<td><span style=\"font-size: 14px;\"><span class='tooltipsall tooltipsincontent classtoolTips136'>AAF<\/span><\/span><\/td>\n<td colspan=\"2\"><span style=\"font-size: 14px;\">\u00a0PASS<\/span><\/td>\n<td><span style=\"color: #000000;\"><strong><span class='tooltipsall tooltipsincontent classtoolTips110'>KIA<\/span><\/strong><\/span><\/td>\n<td colspan=\"5\"><img decoding=\"async\" class=\"size-full wp-image-47239 alignleft\" title=\"Chevalier-L\u00e9gion-dHonneur\" src=\"https:\/\/www.auzeau.fr\/39-45\/wp-content\/uploads\/images\/Medaille\/de7ad77f9fc044a1c8d501e35183a115.png\" alt=\"Chevalier de la L\u00e9gion d'Honneur\" width=\"72\" height=\"20\" \/><span style=\"color: #000000;\"><strong><span class='tooltipsall tooltipsincontent classtoolTips126'>MPF<\/span><\/strong><\/span>\u00a0<span style=\"font-size: 8pt;\"><br \/>\n<\/span><\/td>\n<\/tr>\n<tr style=\"height: 60px;\">\n<td><span style=\"font-size: 14px;\"><img decoding=\"async\" class=\"size-full wp-image-47214 alignleft\" title=\"France\" src=\"https:\/\/www.auzeau.fr\/39-45\/wp-content\/uploads\/images\/Drapeaux\/France.png\" alt=\"\" width=\"40\" height=\"20\" \/><\/span><\/td>\n<td><span style=\"font-size: 14px;\"><span class='tooltipsall tooltipsincontent classtoolTips179'>Adj<\/span><\/span><\/td>\n<td colspan=\"5\"><span style=\"font-size: 14px;\">Jean Jules D\u00e9sir\u00e9<br \/>\n<\/span><\/td>\n<td colspan=\"4\"><span style=\"color: #000000; font-size: 14px;\"><strong>PATER<\/strong><\/span><\/td>\n<td><span style=\"font-size: 14px;\"><span class='tooltipsall tooltipsincontent classtoolTips136'>AAF<\/span><\/span><\/td>\n<td colspan=\"2\"><span style=\"font-size: 14px;\">\u00a0FE<\/span><\/td>\n<td><span style=\"color: #000000;\"><strong><span class='tooltipsall tooltipsincontent classtoolTips110'>KIA<\/span><\/strong><\/span><\/td>\n<td colspan=\"5\"><span style=\"color: #000000;\"><strong><span class='tooltipsall tooltipsincontent classtoolTips126'>MPF<\/span><\/strong><\/span><span style=\"font-size: 8pt;\">\u00a0 Lieu d&#8217;inhumation inconnu<\/span><\/td>\n<\/tr>\n<tr style=\"height: 60px;\">\n<td><span style=\"font-size: 14px;\"><img decoding=\"async\" class=\"size-full wp-image-47214 alignleft\" title=\"France\" src=\"https:\/\/www.auzeau.fr\/39-45\/wp-content\/uploads\/images\/Drapeaux\/France.png\" alt=\"\" width=\"40\" height=\"20\" \/><\/span><\/td>\n<td><span style=\"font-size: 14px;\"><span class='tooltipsall tooltipsincontent classtoolTips181'>SLT<\/span><\/span><\/td>\n<td colspan=\"5\"><span style=\"font-size: 14px;\">Marcel Henri<br \/>\n<\/span><\/td>\n<td colspan=\"4\"><span style=\"color: #000000; font-size: 14px;\"><strong>WINGERT<\/strong><\/span><\/td>\n<td><span style=\"font-size: 14px;\"><span class='tooltipsall tooltipsincontent classtoolTips136'>AAF<\/span><\/span><\/td>\n<td colspan=\"2\"><span style=\"font-size: 14px;\">\u00a0PIL<\/span><\/td>\n<td><span style=\"color: #000000;\"><strong><span class='tooltipsall tooltipsincontent classtoolTips110'>KIA<\/span><\/strong><\/span><\/td>\n<td colspan=\"5\"><img decoding=\"async\" class=\"size-full wp-image-47239 alignleft\" title=\"Chevalier-L\u00e9gion-dHonneur\" src=\"https:\/\/www.auzeau.fr\/39-45\/wp-content\/uploads\/images\/Medaille\/de7ad77f9fc044a1c8d501e35183a115.png\" alt=\"Chevalier de la L\u00e9gion d'Honneur\" width=\"72\" height=\"20\" \/><img loading=\"lazy\" decoding=\"async\" class=\"size-full wp-image-46114 alignleft\" title=\"Croix de Guerre 39-45\" src=\"https:\/\/www.auzeau.fr\/39-45\/wp-content\/uploads\/images\/Medaille\/Croix-de-Guerre-39-45.png\" alt=\"\" width=\"72\" height=\"20\" \/> <span style=\"color: #000000;\"><strong><span class='tooltipsall tooltipsincontent classtoolTips126'>MPF<\/span> <\/strong><\/span><span style=\"font-size: 8pt;\">Lieu d&#8217;inhumation inconnu<\/span><\/td>\n<\/tr>\n<\/tbody>\n<\/table>\n<div id='gallery-1' class='gallery galleryid-104617 gallery-columns-2 gallery-size-thumbnail'><figure class='gallery-item'>\n\t\t\t<div class='gallery-icon portrait'>\n\t\t\t\t<a title=\"Ren\u00e9 PARPIEL\"  title=\"Ren\u00e9 PARPIEL\"  href='https:\/\/www.auzeau.fr\/39-45\/wp-content\/uploads\/Cimetieres\/60%20--\/66-Pyrenees-Orientales\/66%20-%20Prades\/R.-PARPIEL.JPG'><img loading=\"lazy\" decoding=\"async\" width=\"150\" height=\"150\" src=\"https:\/\/www.auzeau.fr\/39-45\/wp-content\/uploads\/Cimetieres\/60 --\/66-Pyrenees-Orientales\/66 - Prades\/R.-PARPIEL-150x150.jpg\" class=\"attachment-thumbnail size-thumbnail\" alt=\"\" srcset=\"https:\/\/www.auzeau.fr\/39-45\/wp-content\/uploads\/Cimetieres\/60%20--\/66-Pyrenees-Orientales\/66%20-%20Prades\/R.-PARPIEL-150x150.jpg 150w, https:\/\/www.auzeau.fr\/39-45\/wp-content\/uploads\/Cimetieres\/60%20--\/66-Pyrenees-Orientales\/66%20-%20Prades\/R.-PARPIEL-50x50.jpg 50w\" sizes=\"(max-width: 150px) 100vw, 150px\" \/><\/a>\n\t\t\t<\/div><\/figure><figure class='gallery-item'>\n\t\t\t<div class='gallery-icon landscape'>\n\t\t\t\t<a title=\"Ren\u00e9 PARPIEL\"  title=\"Ren\u00e9 PARPIEL\"  href='https:\/\/www.auzeau.fr\/39-45\/wp-content\/uploads\/Cimetieres\/60%20--\/66-Pyrenees-Orientales\/66%20-%20Prades\/Rene-PARPIEL.JPG'><img loading=\"lazy\" decoding=\"async\" width=\"150\" height=\"150\" src=\"https:\/\/www.auzeau.fr\/39-45\/wp-content\/uploads\/Cimetieres\/60 --\/66-Pyrenees-Orientales\/66 - Prades\/Rene-PARPIEL-150x150.jpg\" class=\"attachment-thumbnail size-thumbnail\" alt=\"\" srcset=\"https:\/\/www.auzeau.fr\/39-45\/wp-content\/uploads\/Cimetieres\/60%20--\/66-Pyrenees-Orientales\/66%20-%20Prades\/Rene-PARPIEL-150x150.jpg 150w, https:\/\/www.auzeau.fr\/39-45\/wp-content\/uploads\/Cimetieres\/60%20--\/66-Pyrenees-Orientales\/66%20-%20Prades\/Rene-PARPIEL-50x50.jpg 50w\" sizes=\"(max-width: 150px) 100vw, 150px\" \/><\/a>\n\t\t\t<\/div><\/figure>\n\t\t<\/div>\n\n<hr \/>\n<p style=\"text-align: center;\"><ul id=\"menu-66-pyrenees-orientales\" class=\"menu\"><li id=\"menu-item-104793\" class=\"menu-item menu-item-type-post_type menu-item-object-page menu-item-104793\"><a href=\"https:\/\/www.auzeau.fr\/39-45\/france\/66-pyrenees-orientales\/66-prades\/\">66 \u2013 Prades<\/a><\/li>\n<li id=\"menu-item-104796\" class=\"menu-item menu-item-type-post_type menu-item-object-page menu-item-104796\"><a href=\"https:\/\/www.auzeau.fr\/39-45\/france\/66-pyrenees-orientales\/66-torreilles\/\">66 \u2013 Torreilles<\/a><\/li>\n<\/ul>\n<script type=\"text\/javascript\"> toolTips('.classtoolTips62','Passager<br\/><br\/>Passenger'); <\/script><script type=\"text\/javascript\"> toolTips('.classtoolTips98','Colonel'); <\/script><script type=\"text\/javascript\"> toolTips('.classtoolTips110','Tu\u00e9 au combat<br\/><br\/>Killed In Action'); <\/script><script type=\"text\/javascript\"> toolTips('.classtoolTips115','Op\u00e9rateur Radio<br\/><br\/>Wireless Op\u00e9rator'); <\/script><script type=\"text\/javascript\"> toolTips('.classtoolTips126','Mort Pour la France'); <\/script><script type=\"text\/javascript\"> toolTips('.classtoolTips134','\u00c9vad\u00e9<br\/><br\/>Evaded'); <\/script><script type=\"text\/javascript\"> toolTips('.classtoolTips136','Arm\u00e9e de l\u2019Air Fran\u00e7aise'); <\/script><script type=\"text\/javascript\"> toolTips('.classtoolTips144','Royal Corps of Signals'); <\/script><script type=\"text\/javascript\"> toolTips('.classtoolTips151','Pilote<br\/><br\/>Pilot'); <\/script><script type=\"text\/javascript\"> toolTips('.classtoolTips153','Porucznik'); <\/script><script type=\"text\/javascript\"> toolTips('.classtoolTips170','Capitaine'); <\/script><script type=\"text\/javascript\"> toolTips('.classtoolTips178','Adjudant-Chef'); <\/script><script type=\"text\/javascript\"> toolTips('.classtoolTips179','Adjudant'); <\/script><script type=\"text\/javascript\"> toolTips('.classtoolTips181','Sous-Lieutenant'); <\/script><script type=\"text\/javascript\"> toolTips('.classtoolTips182','Warrant Officer'); <\/script><script type=\"text\/javascript\"> toolTips('.classtoolTips185','Mitrailleur<br\/><br\/>Air Gunner'); <\/script><script type=\"text\/javascript\"> toolTips('.classtoolTips188','Bombardier<br\/><br\/>Air bomber'); <\/script><script type=\"text\/javascript\"> toolTips('.classtoolTips189','M\u00e9canicien volant<br\/><br\/>Flying Enginer'); <\/script><script type=\"text\/javascript\"> toolTips('.classtoolTips192','<img class=\"aligncenter size-full wp-image-65858\" title=\"Rampe_V1\" src=\"https:\/\/www.auzeau.fr\/39-45\/wp-content\/uploads\/Avions\/Allemand\/Rampe_V1.jpg\" alt=\"\" width=\"640\" height=\"426\" \/><br\/><img class=\"aligncenter size-full wp-image-65859\" title=\"V1\" src=\"https:\/\/www.auzeau.fr\/39-45\/wp-content\/uploads\/Avions\/Allemand\/V1.jpg\" alt=\"\" width=\"640\" height=\"424\" \/>'); <\/script><script type=\"text\/javascript\"> toolTips('.classtoolTips195','Enseigne de Vaisseau'); <\/script><script type=\"text\/javascript\"> toolTips('.classtoolTips197','Aircraftman'); <\/script><script type=\"text\/javascript\"> toolTips('.classtoolTips199','Radio Officer'); <\/script><script type=\"text\/javascript\"> toolTips('.classtoolTips201','Lieutenant'); <\/script>","protected":false},"excerpt":{"rendered":"<p>Caudron C445 Go\u00e9land F-BAAR N\u00b0 de s\u00e9rie : 8403.116.85 BA 117 \u00a0Date :\u00a0 20 d\u00e9cembre 1940 \u00a0Mission :\u00a0 l&#8217;\u00e9quipage tente de gagner Gibraltar durant une mission de liaison vers Perpignan \u00a0 \u00a0 \u00a0\u00a0D\u00e9collage :\u00a0 Toulouse \u00e0 15:35 \u00a0 \u00a0 \u00a0\u00a0Causes de la perte :\u00a0 Percute la montagne en raison de mauvaises conditions m\u00e9t\u00e9orologiques. L&#8217;\u00e9pave de [&hellip;]<\/p>\n","protected":false},"author":1,"featured_media":0,"parent":104613,"menu_order":0,"comment_status":"closed","ping_status":"closed","template":"template-full-width Caudron Goeland.php","meta":{"_lmt_disableupdate":"yes","_lmt_disable":"","footnotes":""},"categories":[10369],"tags":[10622],"wf_page_folders":[10618],"class_list":["post-104617","page","type-page","status-publish","hentry","category-caudron-goeland","tag-ba-117"],"_links":{"self":[{"href":"https:\/\/www.auzeau.fr\/39-45\/wp-json\/wp\/v2\/pages\/104617","targetHints":{"allow":["GET"]}}],"collection":[{"href":"https:\/\/www.auzeau.fr\/39-45\/wp-json\/wp\/v2\/pages"}],"about":[{"href":"https:\/\/www.auzeau.fr\/39-45\/wp-json\/wp\/v2\/types\/page"}],"author":[{"embeddable":true,"href":"https:\/\/www.auzeau.fr\/39-45\/wp-json\/wp\/v2\/users\/1"}],"replies":[{"embeddable":true,"href":"https:\/\/www.auzeau.fr\/39-45\/wp-json\/wp\/v2\/comments?post=104617"}],"version-history":[{"count":0,"href":"https:\/\/www.auzeau.fr\/39-45\/wp-json\/wp\/v2\/pages\/104617\/revisions"}],"up":[{"embeddable":true,"href":"https:\/\/www.auzeau.fr\/39-45\/wp-json\/wp\/v2\/pages\/104613"}],"wp:attachment":[{"href":"https:\/\/www.auzeau.fr\/39-45\/wp-json\/wp\/v2\/media?parent=104617"}],"wp:term":[{"taxonomy":"category","embeddable":true,"href":"https:\/\/www.auzeau.fr\/39-45\/wp-json\/wp\/v2\/categories?post=104617"},{"taxonomy":"post_tag","embeddable":true,"href":"https:\/\/www.auzeau.fr\/39-45\/wp-json\/wp\/v2\/tags?post=104617"},{"taxonomy":"wf_page_folders","embeddable":true,"href":"https:\/\/www.auzeau.fr\/39-45\/wp-json\/wp\/v2\/wf_page_folders?post=104617"}],"curies":[{"name":"wp","href":"https:\/\/api.w.org\/{rel}","templated":true}]}}