{"id":104450,"date":"2023-03-01T17:06:39","date_gmt":"2023-03-01T16:06:39","guid":{"rendered":"http:\/\/39-45.auzeau.fr\/?page_id=104450"},"modified":"2023-03-01T17:06:39","modified_gmt":"2023-03-01T16:06:39","slug":"36-saint-marcel","status":"publish","type":"page","link":"https:\/\/www.auzeau.fr\/39-45\/france\/36-indre\/36-saint-marcel\/","title":{"rendered":"36 &#8211; Saint-Marcel"},"content":{"rendered":"<p><img fetchpriority=\"high\" decoding=\"async\" class=\"aligncenter size-full wp-image-104447\" title=\"Saint-Marcel\" src=\"https:\/\/www.auzeau.fr\/39-45\/wp-content\/uploads\/Cimetieres\/31%20--%2060\/36%20-%20Indre\/Saint-Marcel\/Saint-Marcel.JPG\" alt=\"\" width=\"900\" height=\"509\" \/><\/p>\n<table style=\"width: 100%;\" border=\"0\">\n<tbody>\n<tr>\n<td style=\"width: 5%;\"><\/td>\n<td style=\"width: 5%;\"><\/td>\n<td style=\"width: 5%;\"><\/td>\n<td style=\"width: 5%;\"><\/td>\n<td style=\"width: 5%;\"><\/td>\n<td style=\"width: 5%;\"><\/td>\n<td style=\"width: 5%;\"><\/td>\n<td style=\"width: 5%;\"><\/td>\n<td style=\"width: 5%;\"><\/td>\n<td style=\"width: 5%;\"><\/td>\n<td style=\"width: 5%;\"><\/td>\n<td style=\"width: 5%;\"><\/td>\n<td style=\"width: 5%;\"><\/td>\n<td style=\"width: 5%;\"><\/td>\n<td style=\"width: 5%;\"><\/td>\n<td style=\"width: 5%;\"><\/td>\n<td style=\"width: 5%;\"><\/td>\n<td style=\"width: 5%;\"><\/td>\n<td style=\"width: 5%;\"><\/td>\n<td style=\"width: 5%;\"><\/td>\n<\/tr>\n<tr>\n<td style=\"width: 75%;\" colspan=\"15\"><strong><span style=\"font-size: xx-large;\"><span style=\"color: #000000;\">Romano R82 n\u00b0 164<\/span><br \/>\n<\/span><\/strong><\/td>\n<td style=\"text-align: center; width: 25%;\" colspan=\"5\"><strong><span style=\"font-size: xx-large;\"><span class='tooltipsall tooltipsincontent classtoolTips157'>CIC<\/span> Chartres<br \/>\n<\/span><\/strong><\/td>\n<\/tr>\n<tr style=\"height: 40px;\">\n<td style=\"text-align: right; width: 10%;\" colspan=\"2\"><span style=\"font-size: 14px;\"><strong>Date : <\/strong><\/span><\/td>\n<td style=\"width: 25%;\" colspan=\"5\"><span style=\"font-size: 14px;\"><em>\u00a024 mai 1940<br \/>\n<\/em><\/span><\/td>\n<td style=\"text-align: right; width: 15%;\" colspan=\"3\"><span style=\"font-size: 14px;\"><strong>Mission : <\/strong><\/span><\/td>\n<td style=\"width: 50%;\" colspan=\"10\"><span style=\"font-size: 14px;\">\u00a0<em>Vol de liaison<\/em><br \/>\n<\/span><\/td>\n<\/tr>\n<tr style=\"height: 40px;\">\n<td style=\"width: 5%;\"><\/td>\n<td style=\"width: 5%;\"><\/td>\n<td style=\"text-align: right; width: 25%;\" colspan=\"5\"><span style=\"font-size: 14px;\"><strong>D\u00e9collage :<\/strong><\/span><\/td>\n<td style=\"width: 50%;\" colspan=\"10\"><span style=\"font-size: 14px;\"><em>\u00a0 Chartres (28)<br \/>\n<\/em><\/span><\/td>\n<td style=\"width: 5%;\"><\/td>\n<td style=\"width: 5%;\"><\/td>\n<td style=\"width: 5%;\"><\/td>\n<\/tr>\n<tr style=\"height: 40px;\">\n<td style=\"width: 5%;\"><\/td>\n<td style=\"width: 5%;\"><\/td>\n<td style=\"text-align: right; width: 25%;\" colspan=\"5\"><span style=\"font-size: 14px;\"><strong>Causes de la perte :<\/strong><\/span><\/td>\n<td style=\"width: 65%;\" colspan=\"13\"><span style=\"font-size: 14px;\"><em>\u00a0<\/em><\/span><\/td>\n<\/tr>\n<tr style=\"height: 40px;\">\n<td style=\"width: 5%;\"><\/td>\n<td style=\"width: 5%;\"><\/td>\n<td style=\"text-align: right; width: 25%;\" colspan=\"5\"><span style=\"font-size: 14px;\"><strong>Lieu de la perte :<br \/>\n<\/strong><\/span><\/td>\n<td style=\"width: 50%;\" colspan=\"10\"><span style=\"font-size: 14px;\"><em>\u00a0pr\u00e8s du rivage \u00e0 Grayan-et-l&#8217;H\u00f4pital (33)<br \/>\n<\/em><\/span><\/td>\n<td style=\"width: 5%;\"><\/td>\n<td style=\"width: 5%;\"><\/td>\n<td style=\"width: 5%;\"><\/td>\n<\/tr>\n<tr style=\"height: 60px;\">\n<td style=\"width: 5%;\"><span style=\"font-size: 14px;\"><img decoding=\"async\" class=\"size-full wp-image-47214 alignleft\" title=\"France\" src=\"https:\/\/www.auzeau.fr\/39-45\/wp-content\/uploads\/images\/Drapeaux\/France.png\" alt=\"France\" width=\"40\" height=\"20\" \/><\/span><\/td>\n<td style=\"width: 5%;\"><span style=\"font-size: 14px;\"><span class='tooltipsall tooltipsincontent classtoolTips201'>Lt<\/span><\/span><\/td>\n<td colspan=\"5\"><span style=\"font-size: 14px;\">Andr\u00e9<br \/>\n<\/span><\/td>\n<td colspan=\"3\"><span style=\"font-size: 14px; color: #000000;\"><strong>CHARPENTIER<\/strong><\/span><\/td>\n<td style=\"width: 5%;\"><\/td>\n<td style=\"width: 5%;\"><span style=\"font-size: 14px;\"><span class='tooltipsall tooltipsincontent classtoolTips136'>AAF<\/span><\/span><\/td>\n<td colspan=\"2\"><\/td>\n<td style=\"width: 5%;\"><span class='tooltipsall tooltipsincontent classtoolTips150'>IND<\/span><\/td>\n<td colspan=\"5\"><span style=\"font-size: 14px; color: #000000;\"><strong>\u00a0<\/strong><\/span><\/td>\n<\/tr>\n<tr style=\"height: 60px;\">\n<td style=\"width: 5%;\"><span style=\"font-size: 14px;\"><img decoding=\"async\" class=\"size-full wp-image-47214 alignleft\" title=\"France\" src=\"https:\/\/www.auzeau.fr\/39-45\/wp-content\/uploads\/images\/Drapeaux\/France.png\" alt=\"France\" width=\"40\" height=\"20\" \/><\/span><\/td>\n<td style=\"width: 5%;\"><span style=\"font-size: 14px;\"><span class='tooltipsall tooltipsincontent classtoolTips96'>Sgt<\/span><br \/>\n<\/span><\/td>\n<td style=\"width: 25%;\" colspan=\"5\"><span style=\"font-size: 14px;\">Lucien<br \/>\n<\/span><\/td>\n<td style=\"width: 15%;\" colspan=\"3\"><span style=\"font-size: 14px; color: #000000;\"><strong>JACQUES<br \/>\n<\/strong><\/span><\/td>\n<td style=\"width: 5%;\"><span style=\"font-size: 14px;\"><span class='tooltipsall tooltipsincontent classtoolTips151'>Pil<\/span><br \/>\n<\/span><\/td>\n<td style=\"width: 5%;\"><span style=\"font-size: 14px;\"><span class='tooltipsall tooltipsincontent classtoolTips136'>AAF<\/span><br \/>\n<\/span><\/td>\n<td style=\"width: 10%;\" colspan=\"2\"><\/td>\n<td style=\"width: 5%;\"><span style=\"font-size: 14px; color: #000000;\"><strong><span class='tooltipsall tooltipsincontent classtoolTips110'>KIA<\/span><br \/>\n<\/strong><\/span><\/td>\n<td style=\"width: 25%;\" colspan=\"5\"><span style=\"font-size: 14px; color: #000000;\"><strong><span class='tooltipsall tooltipsincontent classtoolTips126'>MPF<\/span><br \/>\n<\/strong><\/span><\/td>\n<\/tr>\n<\/tbody>\n<\/table>\n<div id='gallery-1' class='gallery galleryid-104450 gallery-columns-2 gallery-size-thumbnail'><figure class='gallery-item'>\n\t\t\t<div class='gallery-icon portrait'>\n\t\t\t\t<a title=\"Lucien Jacques\"  title=\"Lucien Jacques\"  href='https:\/\/www.auzeau.fr\/39-45\/wp-content\/uploads\/Cimetieres\/31%20--%2060\/36%20-%20Indre\/Saint-Marcel\/L.-Jacques.JPG'><img decoding=\"async\" width=\"150\" height=\"150\" src=\"https:\/\/www.auzeau.fr\/39-45\/wp-content\/uploads\/Cimetieres\/31 -- 60\/36 - Indre\/Saint-Marcel\/L.-Jacques-150x150.jpg\" class=\"attachment-thumbnail size-thumbnail\" alt=\"\" srcset=\"https:\/\/www.auzeau.fr\/39-45\/wp-content\/uploads\/Cimetieres\/31%20--%2060\/36%20-%20Indre\/Saint-Marcel\/L.-Jacques-150x150.jpg 150w, https:\/\/www.auzeau.fr\/39-45\/wp-content\/uploads\/Cimetieres\/31%20--%2060\/36%20-%20Indre\/Saint-Marcel\/L.-Jacques-50x50.jpg 50w\" sizes=\"(max-width: 150px) 100vw, 150px\" \/><\/a>\n\t\t\t<\/div><\/figure><figure class='gallery-item'>\n\t\t\t<div class='gallery-icon landscape'>\n\t\t\t\t<a title=\"Lucien JACQUES\"  title=\"Lucien JACQUES\"  href='https:\/\/www.auzeau.fr\/39-45\/wp-content\/uploads\/Cimetieres\/31%20--%2060\/36%20-%20Indre\/Saint-Marcel\/Lucien-JACQUES.JPG'><img loading=\"lazy\" decoding=\"async\" width=\"150\" height=\"150\" src=\"https:\/\/www.auzeau.fr\/39-45\/wp-content\/uploads\/Cimetieres\/31 -- 60\/36 - Indre\/Saint-Marcel\/Lucien-JACQUES-150x150.jpg\" class=\"attachment-thumbnail size-thumbnail\" alt=\"\" srcset=\"https:\/\/www.auzeau.fr\/39-45\/wp-content\/uploads\/Cimetieres\/31%20--%2060\/36%20-%20Indre\/Saint-Marcel\/Lucien-JACQUES-150x150.jpg 150w, https:\/\/www.auzeau.fr\/39-45\/wp-content\/uploads\/Cimetieres\/31%20--%2060\/36%20-%20Indre\/Saint-Marcel\/Lucien-JACQUES-50x50.jpg 50w\" sizes=\"(max-width: 150px) 100vw, 150px\" \/><\/a>\n\t\t\t<\/div><\/figure>\n\t\t<\/div>\n\n<hr \/>\n<p style=\"text-align: center;\"><ul id=\"menu-36-indre\" class=\"menu\"><li id=\"menu-item-113588\" class=\"menu-item menu-item-type-post_type menu-item-object-page menu-item-113588\"><a href=\"https:\/\/www.auzeau.fr\/39-45\/france\/36-indre\/36-buzancais\/\">36 \u2013 Buzan\u00e7ais<\/a><\/li>\n<li id=\"menu-item-104554\" class=\"menu-item menu-item-type-post_type menu-item-object-page menu-item-104554\"><a href=\"https:\/\/www.auzeau.fr\/39-45\/france\/36-indre\/36-chateauroux\/\">36 \u2013 Ch\u00e2teauroux<\/a><\/li>\n<li id=\"menu-item-104555\" class=\"menu-item menu-item-type-post_type menu-item-object-page menu-item-104555\"><a href=\"https:\/\/www.auzeau.fr\/39-45\/france\/36-indre\/36-prissac\/\">36 \u2013 Prissac<\/a><\/li>\n<li id=\"menu-item-104553\" class=\"menu-item menu-item-type-post_type menu-item-object-page menu-item-104553\"><a href=\"https:\/\/www.auzeau.fr\/39-45\/france\/36-indre\/36-saint-marcel\/\">36 \u2013 Saint-Marcel<\/a><\/li>\n<li id=\"menu-item-70204\" class=\"menu-item menu-item-type-post_type menu-item-object-page menu-item-70204\"><a href=\"https:\/\/www.auzeau.fr\/39-45\/france\/36-indre\/36-saint-pierre-de-jards\/\">36 \u2013 Saint-Pierre-de-Jards<\/a><\/li>\n<li id=\"menu-item-104552\" class=\"menu-item menu-item-type-post_type menu-item-object-page menu-item-104552\"><a href=\"https:\/\/www.auzeau.fr\/39-45\/france\/36-indre\/36-vatan\/\">36 \u2013 Vatan<\/a><\/li>\n<\/ul>\n<script type=\"text\/javascript\"> toolTips('.classtoolTips96','Sergent<br\/><br\/>Sergeant'); <\/script><script type=\"text\/javascript\"> toolTips('.classtoolTips98','Colonel'); <\/script><script type=\"text\/javascript\"> toolTips('.classtoolTips110','Tu\u00e9 au combat<br\/><br\/>Killed In Action'); <\/script><script type=\"text\/javascript\"> toolTips('.classtoolTips126','Mort Pour la France'); <\/script><script type=\"text\/javascript\"> toolTips('.classtoolTips127','D\u00e9c\u00e9d\u00e9 en Service A\u00e9rien Command\u00e9'); <\/script><script type=\"text\/javascript\"> toolTips('.classtoolTips136','Arm\u00e9e de l\u2019Air Fran\u00e7aise'); <\/script><script type=\"text\/javascript\"> toolTips('.classtoolTips144','Royal Corps of Signals'); <\/script><script type=\"text\/javascript\"> toolTips('.classtoolTips150','Indemne<br\/><br\/>Unhurt'); <\/script><script type=\"text\/javascript\"> toolTips('.classtoolTips151','Pilote<br\/><br\/>Pilot'); <\/script><script type=\"text\/javascript\"> toolTips('.classtoolTips153','Porucznik'); <\/script><script type=\"text\/javascript\"> toolTips('.classtoolTips157','Centre d\\'Instruction de Chasse'); <\/script><script type=\"text\/javascript\"> toolTips('.classtoolTips185','Mitrailleur<br\/><br\/>Air Gunner'); <\/script><script type=\"text\/javascript\"> toolTips('.classtoolTips188','Bombardier<br\/><br\/>Air bomber'); <\/script><script type=\"text\/javascript\"> toolTips('.classtoolTips189','M\u00e9canicien volant<br\/><br\/>Flying Enginer'); <\/script><script type=\"text\/javascript\"> toolTips('.classtoolTips197','Aircraftman'); <\/script><script type=\"text\/javascript\"> toolTips('.classtoolTips199','Radio Officer'); <\/script><script type=\"text\/javascript\"> toolTips('.classtoolTips201','Lieutenant'); <\/script>","protected":false},"excerpt":{"rendered":"<p>Romano R82 n\u00b0 164 CIC Chartres Date : \u00a024 mai 1940 Mission : \u00a0Vol de liaison D\u00e9collage : \u00a0 Chartres (28) Causes de la perte : \u00a0 Lieu de la perte : \u00a0pr\u00e8s du rivage \u00e0 Grayan-et-l&#8217;H\u00f4pital (33) Lt Andr\u00e9 CHARPENTIER AAF IND \u00a0 Sgt Lucien JACQUES Pil AAF KIA MPF<\/p>\n","protected":false},"author":1,"featured_media":0,"parent":69628,"menu_order":0,"comment_status":"closed","ping_status":"closed","template":"template-full-width Romano R82.php","meta":{"_lmt_disableupdate":"yes","_lmt_disable":"","footnotes":""},"categories":[10595],"tags":[1957],"wf_page_folders":[3255],"class_list":["post-104450","page","type-page","status-publish","hentry","category-romano-r82","tag-cic-de-chartres"],"_links":{"self":[{"href":"https:\/\/www.auzeau.fr\/39-45\/wp-json\/wp\/v2\/pages\/104450","targetHints":{"allow":["GET"]}}],"collection":[{"href":"https:\/\/www.auzeau.fr\/39-45\/wp-json\/wp\/v2\/pages"}],"about":[{"href":"https:\/\/www.auzeau.fr\/39-45\/wp-json\/wp\/v2\/types\/page"}],"author":[{"embeddable":true,"href":"https:\/\/www.auzeau.fr\/39-45\/wp-json\/wp\/v2\/users\/1"}],"replies":[{"embeddable":true,"href":"https:\/\/www.auzeau.fr\/39-45\/wp-json\/wp\/v2\/comments?post=104450"}],"version-history":[{"count":0,"href":"https:\/\/www.auzeau.fr\/39-45\/wp-json\/wp\/v2\/pages\/104450\/revisions"}],"up":[{"embeddable":true,"href":"https:\/\/www.auzeau.fr\/39-45\/wp-json\/wp\/v2\/pages\/69628"}],"wp:attachment":[{"href":"https:\/\/www.auzeau.fr\/39-45\/wp-json\/wp\/v2\/media?parent=104450"}],"wp:term":[{"taxonomy":"category","embeddable":true,"href":"https:\/\/www.auzeau.fr\/39-45\/wp-json\/wp\/v2\/categories?post=104450"},{"taxonomy":"post_tag","embeddable":true,"href":"https:\/\/www.auzeau.fr\/39-45\/wp-json\/wp\/v2\/tags?post=104450"},{"taxonomy":"wf_page_folders","embeddable":true,"href":"https:\/\/www.auzeau.fr\/39-45\/wp-json\/wp\/v2\/wf_page_folders?post=104450"}],"curies":[{"name":"wp","href":"https:\/\/api.w.org\/{rel}","templated":true}]}}