{"id":104441,"date":"2023-03-01T17:06:39","date_gmt":"2023-03-01T16:06:39","guid":{"rendered":"http:\/\/39-45.auzeau.fr\/?page_id=104441"},"modified":"2023-03-01T17:06:39","modified_gmt":"2023-03-01T16:06:39","slug":"36-chateauroux","status":"publish","type":"page","link":"https:\/\/www.auzeau.fr\/39-45\/france\/36-indre\/36-chateauroux\/","title":{"rendered":"36 &#8211; Ch\u00e2teauroux"},"content":{"rendered":"<p><img fetchpriority=\"high\" decoding=\"async\" class=\"aligncenter size-full wp-image-104443\" title=\"Ch\u00e2teauroux\" src=\"https:\/\/www.auzeau.fr\/39-45\/wp-content\/uploads\/Cimetieres\/31%20--%2060\/36%20-%20Indre\/Chateauroux\/Chateauroux.JPG\" alt=\"\" width=\"900\" height=\"507\" \/><\/p>\n<table style=\"width: 100%;\" border=\"0\">\n<tbody>\n<tr>\n<td style=\"width: 5%;\"><\/td>\n<td style=\"width: 5%;\"><\/td>\n<td style=\"width: 5%;\"><\/td>\n<td style=\"width: 5%;\"><\/td>\n<td style=\"width: 5%;\"><\/td>\n<td style=\"width: 5%;\"><\/td>\n<td style=\"width: 5%;\"><\/td>\n<td style=\"width: 5%;\"><\/td>\n<td style=\"width: 5%;\"><\/td>\n<td style=\"width: 5%;\"><\/td>\n<td style=\"width: 5%;\"><\/td>\n<td style=\"width: 5%;\"><\/td>\n<td style=\"width: 5%;\"><\/td>\n<td style=\"width: 5%;\"><\/td>\n<td style=\"width: 5%;\"><\/td>\n<td style=\"width: 5%;\"><\/td>\n<td style=\"width: 5%;\"><\/td>\n<td style=\"width: 5%;\"><\/td>\n<td style=\"width: 5%;\"><\/td>\n<td style=\"width: 5%;\"><\/td>\n<\/tr>\n<tr>\n<td style=\"width: 75%;\" colspan=\"15\"><strong><span style=\"font-size: xx-large;\"><span style=\"color: #000000;\">Morane-Saulnier MS406 n\u00b0 989<\/span><br \/>\n<\/span><\/strong><\/td>\n<td style=\"text-align: center; width: 25%;\" colspan=\"5\"><strong><span style=\"font-size: xx-large;\">GC I\/2<br \/>\n<\/span><\/strong><\/td>\n<\/tr>\n<tr style=\"height: 40px;\">\n<td style=\"text-align: right; width: 10%;\" colspan=\"2\"><span style=\"font-size: 14px;\"><strong>Date : <\/strong><\/span><\/td>\n<td style=\"width: 25%;\" colspan=\"5\"><span style=\"font-size: 14px;\"><em>\u00a017 juin 1940<br \/>\n<\/em><\/span><\/td>\n<td style=\"text-align: right; width: 15%;\" colspan=\"3\"><span style=\"font-size: 14px;\"><strong>Mission : <\/strong><\/span><\/td>\n<td style=\"width: 50%;\" colspan=\"10\"><span style=\"font-size: 14px;\">\u00a0<em>Reconnaissance vers Nevers &#8211; La Charit\u00e9-sur-Loire &#8211; Le Creusot &#8211; Autun<\/em><br \/>\n<\/span><\/td>\n<\/tr>\n<tr style=\"height: 40px;\">\n<td style=\"width: 5%;\"><\/td>\n<td style=\"width: 5%;\"><\/td>\n<td style=\"text-align: right; width: 25%;\" colspan=\"5\"><span style=\"font-size: 14px;\"><strong>D\u00e9collage :<\/strong><\/span><\/td>\n<td style=\"width: 50%;\" colspan=\"10\"><span style=\"font-size: 14px;\"><em> \u00a0Saint-Symphorien-d&#8217;Ozon (69)<br \/>\n<\/em><\/span><\/td>\n<td style=\"width: 5%;\"><\/td>\n<td style=\"width: 5%;\"><\/td>\n<td style=\"width: 5%;\"><\/td>\n<\/tr>\n<tr style=\"height: 40px;\">\n<td style=\"width: 5%;\"><\/td>\n<td style=\"width: 5%;\"><\/td>\n<td style=\"text-align: right; width: 25%;\" colspan=\"5\"><span style=\"font-size: 14px;\"><strong>Causes de la perte :<\/strong><\/span><\/td>\n<td style=\"width: 65%;\" colspan=\"13\"><span style=\"font-size: 14px;\"><em>\u00a0Abattu par la <span class='tooltipsall tooltipsincontent classtoolTips70'>Flak<\/span><br \/>\n<\/em><\/span><\/td>\n<\/tr>\n<tr style=\"height: 40px;\">\n<td style=\"width: 5%;\"><\/td>\n<td style=\"width: 5%;\"><\/td>\n<td style=\"text-align: right; width: 25%;\" colspan=\"5\"><span style=\"font-size: 14px;\"><strong>Lieu de la perte :<br \/>\n<\/strong><\/span><\/td>\n<td style=\"width: 50%;\" colspan=\"10\"><span style=\"font-size: 14px;\"><em>\u00a0Dans la Loire \u00e0 La Charit\u00e9-sur-Loire (58)<\/em><\/span><\/td>\n<td style=\"width: 5%;\"><\/td>\n<td style=\"width: 5%;\"><\/td>\n<td style=\"width: 5%;\"><\/td>\n<\/tr>\n<tr style=\"height: 60px;\">\n<td style=\"width: 5%;\"><span style=\"font-size: 14px;\"><img decoding=\"async\" class=\"size-full wp-image-47214 alignleft\" title=\"France\" src=\"https:\/\/www.auzeau.fr\/39-45\/wp-content\/uploads\/images\/Drapeaux\/France.png\" alt=\"France\" width=\"40\" height=\"20\" \/><\/span><\/td>\n<td style=\"width: 5%;\"><span style=\"font-size: 14px;\"><span class='tooltipsall tooltipsincontent classtoolTips170'>Cne<\/span><\/span><\/td>\n<td style=\"width: 25%;\" colspan=\"5\"><span style=\"font-size: 14px;\">Raoul Marie \u00c9tienne<br \/>\n<\/span><\/td>\n<td style=\"width: 15%;\" colspan=\"3\"><span style=\"font-size: 14px; color: #000000;\"><strong>PATUREAU-MIRAND<\/strong><\/span><\/td>\n<td style=\"width: 5%;\"><span style=\"font-size: 14px;\"><span class='tooltipsall tooltipsincontent classtoolTips151'>Pil<\/span><\/span><\/td>\n<td style=\"width: 5%;\"><span style=\"font-size: 14px;\"><span class='tooltipsall tooltipsincontent classtoolTips136'>AAF<\/span><\/span><\/td>\n<td style=\"width: 10%;\" colspan=\"2\"><\/td>\n<td style=\"width: 5%;\"><span style=\"font-size: 14px; color: #000000;\"><strong><span class='tooltipsall tooltipsincontent classtoolTips110'>KIA<\/span><\/strong><\/span><\/td>\n<td style=\"width: 25%;\" colspan=\"5\"><span style=\"font-size: 14px; color: #000000;\"><strong><img decoding=\"async\" class=\"size-full wp-image-47239 alignleft\" title=\"Chevalier L\u00e9gion d'Honneur\" src=\"https:\/\/www.auzeau.fr\/39-45\/wp-content\/uploads\/images\/Medaille\/de7ad77f9fc044a1c8d501e35183a115.png\" alt=\"Chevalier de la L\u00e9gion d'Honneur\" width=\"72\" height=\"20\" \/><img loading=\"lazy\" decoding=\"async\" class=\"size-full wp-image-47270 alignleft\" title=\"Croix de Guerre 39-45\" src=\"https:\/\/www.auzeau.fr\/39-45\/wp-content\/uploads\/images\/Medaille\/Croix-de-Guerre-39-45.png\" alt=\"Croix de Guerre 39-45\" width=\"72\" height=\"20\" \/><span class='tooltipsall tooltipsincontent classtoolTips126'>MPF<\/span><\/strong><\/span><span style=\"font-size: 14px; color: #000000;\"><strong><br \/>\n<\/strong><\/span><\/td>\n<\/tr>\n<\/tbody>\n<\/table>\n<div id='gallery-1' class='gallery galleryid-104441 gallery-columns-2 gallery-size-thumbnail'><figure class='gallery-item'>\n\t\t\t<div class='gallery-icon landscape'>\n\t\t\t\t<a title=\"Raoul Patureau-Mirand\"  title=\"Raoul Patureau-Mirand\"  href='https:\/\/www.auzeau.fr\/39-45\/wp-content\/uploads\/Cimetieres\/31%20--%2060\/36%20-%20Indre\/Chateauroux\/Patureau-Mirand.JPG'><img loading=\"lazy\" decoding=\"async\" width=\"150\" height=\"150\" src=\"https:\/\/www.auzeau.fr\/39-45\/wp-content\/uploads\/Cimetieres\/31 -- 60\/36 - Indre\/Chateauroux\/Patureau-Mirand-150x150.jpg\" class=\"attachment-thumbnail size-thumbnail\" alt=\"\" srcset=\"https:\/\/www.auzeau.fr\/39-45\/wp-content\/uploads\/Cimetieres\/31%20--%2060\/36%20-%20Indre\/Chateauroux\/Patureau-Mirand-150x150.jpg 150w, https:\/\/www.auzeau.fr\/39-45\/wp-content\/uploads\/Cimetieres\/31%20--%2060\/36%20-%20Indre\/Chateauroux\/Patureau-Mirand-50x50.jpg 50w\" sizes=\"(max-width: 150px) 100vw, 150px\" \/><\/a>\n\t\t\t<\/div><\/figure><figure class='gallery-item'>\n\t\t\t<div class='gallery-icon landscape'>\n\t\t\t\t<a title=\"Raoul Patureau-Mirand\"  title=\"Raoul Patureau-Mirand\"  href='https:\/\/www.auzeau.fr\/39-45\/wp-content\/uploads\/Cimetieres\/31%20--%2060\/36%20-%20Indre\/Chateauroux\/Raoul-Patureau-Mirand.JPG'><img loading=\"lazy\" decoding=\"async\" width=\"150\" height=\"150\" src=\"https:\/\/www.auzeau.fr\/39-45\/wp-content\/uploads\/Cimetieres\/31 -- 60\/36 - Indre\/Chateauroux\/Raoul-Patureau-Mirand-150x150.jpg\" class=\"attachment-thumbnail size-thumbnail\" alt=\"\" srcset=\"https:\/\/www.auzeau.fr\/39-45\/wp-content\/uploads\/Cimetieres\/31%20--%2060\/36%20-%20Indre\/Chateauroux\/Raoul-Patureau-Mirand-150x150.jpg 150w, https:\/\/www.auzeau.fr\/39-45\/wp-content\/uploads\/Cimetieres\/31%20--%2060\/36%20-%20Indre\/Chateauroux\/Raoul-Patureau-Mirand-50x50.jpg 50w\" sizes=\"(max-width: 150px) 100vw, 150px\" \/><\/a>\n\t\t\t<\/div><\/figure>\n\t\t<\/div>\n\n<table style=\"width: 100%; border-collapse: collapse; background-color: #dcdcdc;\">\n<tbody>\n<tr>\n<td style=\"width: 100%;\"><ul id=\"menu-36-chateauroux\" class=\"menu\"><li id=\"menu-item-113590\" class=\"menu-item menu-item-type-post_type menu-item-object-page menu-item-113590\"><a href=\"https:\/\/www.auzeau.fr\/39-45\/france\/36-indre\/36-chateauroux\/\">MS406 n\u00b0 989<\/a><\/li>\n<li id=\"menu-item-113591\" class=\"menu-item menu-item-type-post_type menu-item-object-page menu-item-113591\"><a href=\"https:\/\/www.auzeau.fr\/39-45\/france\/36-indre\/36-chateauroux-2\/\">Bloch MB174 n\u00b0 01<\/a><\/li>\n<\/ul><\/td>\n<\/tr>\n<\/tbody>\n<\/table>\n<hr \/>\n<p style=\"text-align: center;\"><ul id=\"menu-36-indre\" class=\"menu\"><li id=\"menu-item-113588\" class=\"menu-item menu-item-type-post_type menu-item-object-page menu-item-113588\"><a href=\"https:\/\/www.auzeau.fr\/39-45\/france\/36-indre\/36-buzancais\/\">36 \u2013 Buzan\u00e7ais<\/a><\/li>\n<li id=\"menu-item-104554\" class=\"menu-item menu-item-type-post_type menu-item-object-page menu-item-104554\"><a href=\"https:\/\/www.auzeau.fr\/39-45\/france\/36-indre\/36-chateauroux\/\">36 \u2013 Ch\u00e2teauroux<\/a><\/li>\n<li id=\"menu-item-104555\" class=\"menu-item menu-item-type-post_type menu-item-object-page menu-item-104555\"><a href=\"https:\/\/www.auzeau.fr\/39-45\/france\/36-indre\/36-prissac\/\">36 \u2013 Prissac<\/a><\/li>\n<li id=\"menu-item-104553\" class=\"menu-item menu-item-type-post_type menu-item-object-page menu-item-104553\"><a href=\"https:\/\/www.auzeau.fr\/39-45\/france\/36-indre\/36-saint-marcel\/\">36 \u2013 Saint-Marcel<\/a><\/li>\n<li id=\"menu-item-70204\" class=\"menu-item menu-item-type-post_type menu-item-object-page menu-item-70204\"><a href=\"https:\/\/www.auzeau.fr\/39-45\/france\/36-indre\/36-saint-pierre-de-jards\/\">36 \u2013 Saint-Pierre-de-Jards<\/a><\/li>\n<li id=\"menu-item-104552\" class=\"menu-item menu-item-type-post_type menu-item-object-page menu-item-104552\"><a href=\"https:\/\/www.auzeau.fr\/39-45\/france\/36-indre\/36-vatan\/\">36 \u2013 Vatan<\/a><\/li>\n<\/ul>\n<script type=\"text\/javascript\"> toolTips('.classtoolTips70','<img class=\"aligncenter wp-image-65848 size-full\" title=\"Flak18\" src=\"https:\/\/www.auzeau.fr\/39-45\/wp-content\/uploads\/images\/Materiel\/Flak18.JPG\" alt=\"\" width=\"640\" height=\"499\" \/><br\/><img class=\"aligncenter size-full wp-image-65849\" title=\"Flak30\" src=\"https:\/\/www.auzeau.fr\/39-45\/wp-content\/uploads\/images\/Materiel\/Flak30.JPG\" alt=\"\" width=\"640\" height=\"499\" \/>'); <\/script><script type=\"text\/javascript\"> toolTips('.classtoolTips98','Colonel'); <\/script><script type=\"text\/javascript\"> toolTips('.classtoolTips110','Tu\u00e9 au combat<br\/><br\/>Killed In Action'); <\/script><script type=\"text\/javascript\"> toolTips('.classtoolTips126','Mort Pour la France'); <\/script><script type=\"text\/javascript\"> toolTips('.classtoolTips127','D\u00e9c\u00e9d\u00e9 en Service A\u00e9rien Command\u00e9'); <\/script><script type=\"text\/javascript\"> toolTips('.classtoolTips134','\u00c9vad\u00e9<br\/><br\/>Evaded'); <\/script><script type=\"text\/javascript\"> toolTips('.classtoolTips136','Arm\u00e9e de l\u2019Air Fran\u00e7aise'); <\/script><script type=\"text\/javascript\"> toolTips('.classtoolTips141','<img class=\"aligncenter size-full wp-image-74450\" title=\"Boeing B-17G Flying Fortress \u201cThe Pink Lady\u201d\" src=\"https:\/\/www.auzeau.fr\/39-45\/wp-content\/uploads\/Avions\/Slider\/Accueil\/F-AZDX_B17_LFPB_2009_034_DxO.webp\" alt=\"Boeing B-17G Flying Fortress \u201cThe Pink Lady\u201d\" width=\"1100\" height=\"275\" \/>'); <\/script><script type=\"text\/javascript\"> toolTips('.classtoolTips144','Royal Corps of Signals'); <\/script><script type=\"text\/javascript\"> toolTips('.classtoolTips150','Indemne<br\/><br\/>Unhurt'); <\/script><script type=\"text\/javascript\"> toolTips('.classtoolTips151','Pilote<br\/><br\/>Pilot'); <\/script><script type=\"text\/javascript\"> toolTips('.classtoolTips170','Capitaine'); <\/script><script type=\"text\/javascript\"> toolTips('.classtoolTips185','Mitrailleur<br\/><br\/>Air Gunner'); <\/script><script type=\"text\/javascript\"> toolTips('.classtoolTips188','Bombardier<br\/><br\/>Air bomber'); <\/script><script type=\"text\/javascript\"> toolTips('.classtoolTips189','M\u00e9canicien volant<br\/><br\/>Flying Enginer'); <\/script><script type=\"text\/javascript\"> toolTips('.classtoolTips195','Enseigne de Vaisseau'); <\/script><script type=\"text\/javascript\"> toolTips('.classtoolTips197','Aircraftman'); <\/script><script type=\"text\/javascript\"> toolTips('.classtoolTips199','Radio Officer'); <\/script><script type=\"text\/javascript\"> toolTips('.classtoolTips201','Lieutenant'); <\/script>","protected":false},"excerpt":{"rendered":"<p>Morane-Saulnier MS406 n\u00b0 989 GC I\/2 Date : \u00a017 juin 1940 Mission : \u00a0Reconnaissance vers Nevers &#8211; La Charit\u00e9-sur-Loire &#8211; Le Creusot &#8211; Autun D\u00e9collage : \u00a0Saint-Symphorien-d&#8217;Ozon (69) Causes de la perte : \u00a0Abattu par la Flak Lieu de la perte : \u00a0Dans la Loire \u00e0 La Charit\u00e9-sur-Loire (58) Cne Raoul Marie \u00c9tienne PATUREAU-MIRAND Pil [&hellip;]<\/p>\n","protected":false},"author":1,"featured_media":0,"parent":69628,"menu_order":0,"comment_status":"closed","ping_status":"closed","template":"template-full-width MS415.php","meta":{"_lmt_disableupdate":"yes","_lmt_disable":"","footnotes":""},"categories":[929],"tags":[2029],"wf_page_folders":[3255],"class_list":["post-104441","page","type-page","status-publish","hentry","category-ms406","tag-gc-i-2"],"_links":{"self":[{"href":"https:\/\/www.auzeau.fr\/39-45\/wp-json\/wp\/v2\/pages\/104441","targetHints":{"allow":["GET"]}}],"collection":[{"href":"https:\/\/www.auzeau.fr\/39-45\/wp-json\/wp\/v2\/pages"}],"about":[{"href":"https:\/\/www.auzeau.fr\/39-45\/wp-json\/wp\/v2\/types\/page"}],"author":[{"embeddable":true,"href":"https:\/\/www.auzeau.fr\/39-45\/wp-json\/wp\/v2\/users\/1"}],"replies":[{"embeddable":true,"href":"https:\/\/www.auzeau.fr\/39-45\/wp-json\/wp\/v2\/comments?post=104441"}],"version-history":[{"count":0,"href":"https:\/\/www.auzeau.fr\/39-45\/wp-json\/wp\/v2\/pages\/104441\/revisions"}],"up":[{"embeddable":true,"href":"https:\/\/www.auzeau.fr\/39-45\/wp-json\/wp\/v2\/pages\/69628"}],"wp:attachment":[{"href":"https:\/\/www.auzeau.fr\/39-45\/wp-json\/wp\/v2\/media?parent=104441"}],"wp:term":[{"taxonomy":"category","embeddable":true,"href":"https:\/\/www.auzeau.fr\/39-45\/wp-json\/wp\/v2\/categories?post=104441"},{"taxonomy":"post_tag","embeddable":true,"href":"https:\/\/www.auzeau.fr\/39-45\/wp-json\/wp\/v2\/tags?post=104441"},{"taxonomy":"wf_page_folders","embeddable":true,"href":"https:\/\/www.auzeau.fr\/39-45\/wp-json\/wp\/v2\/wf_page_folders?post=104441"}],"curies":[{"name":"wp","href":"https:\/\/api.w.org\/{rel}","templated":true}]}}