{"id":104421,"date":"2023-02-17T22:18:09","date_gmt":"2023-02-17T21:18:09","guid":{"rendered":"http:\/\/39-45.auzeau.fr\/?page_id=104421"},"modified":"2023-03-15T06:34:11","modified_gmt":"2023-03-15T05:34:11","slug":"06-nice-3","status":"publish","type":"page","link":"https:\/\/www.auzeau.fr\/39-45\/france\/06-alpes-maritimes\/06-nice-3\/","title":{"rendered":"06 &#8211; Nice Cimeti\u00e8re de Caucade"},"content":{"rendered":"<p><center><iframe style=\"border: 0;\" src=\"https:\/\/www.google.com\/maps\/embed?pb=!4v1676668592059!6m8!1m7!1s-K3U9x9AUDj953tA644MLg!2m2!1d43.67707461346689!2d7.219004033984714!3f217.33334916748433!4f-0.9094829872017414!5f1.9587109090973311\" width=\"900\" height=\"600\" allowfullscreen=\"allowfullscreen\"><\/iframe><\/center><\/p>\n<table style=\"width: 100%;\">\n<tbody>\n<tr>\n<td style=\"width: 5%;\"><\/td>\n<td style=\"width: 5%;\"><\/td>\n<td style=\"width: 5%;\"><\/td>\n<td style=\"width: 5%;\"><\/td>\n<td style=\"width: 5%;\"><\/td>\n<td style=\"width: 5%;\"><\/td>\n<td style=\"width: 5%;\"><\/td>\n<td style=\"width: 5%;\"><\/td>\n<td style=\"width: 5%;\"><\/td>\n<td style=\"width: 5%;\"><\/td>\n<td style=\"width: 5%;\"><\/td>\n<td style=\"width: 5%;\"><\/td>\n<td style=\"width: 5%;\"><\/td>\n<td style=\"width: 5%;\"><\/td>\n<td style=\"width: 5%;\"><\/td>\n<td style=\"width: 5%;\"><\/td>\n<td style=\"width: 5%;\"><\/td>\n<td style=\"width: 5%;\"><\/td>\n<td style=\"width: 5%;\"><\/td>\n<td style=\"width: 5%;\"><\/td>\n<\/tr>\n<tr>\n<td colspan=\"15\"><span style=\"font-size: xx-large;\"><strong><span style=\"color: #000000;\">B26 Marauder N\u00b0 726\u00a0\u00a0\u00a0\u00a0\u00a0 42-107726<\/span><br \/>\n<\/strong><\/span><\/td>\n<td style=\"text-align: center;\" colspan=\"5\"><span style=\"font-size: xx-large;\"><strong>GB II\/52<\/strong><\/span><\/td>\n<\/tr>\n<tr>\n<td colspan=\"15\"><\/td>\n<td style=\"text-align: center;\" colspan=\"5\"><strong>&#8220;Franche-Comt\u00e9&#8221;<\/strong><\/td>\n<\/tr>\n<tr style=\"height: 40px;\">\n<td style=\"text-align: right;\" colspan=\"2\"><span style=\"font-size: 14px;\">\u00a0<strong>Date :\u00a0<\/strong><\/span><\/td>\n<td colspan=\"5\"><span style=\"font-size: 14px;\"><em>04 ao\u00fbt 1944<br \/>\n<\/em><\/span><\/td>\n<td style=\"text-align: right;\" colspan=\"3\"><span style=\"font-size: 14px;\">\u00a0<strong>Mission :\u00a0<\/strong><\/span><\/td>\n<td colspan=\"10\"><span style=\"font-size: 14px;\"><em>Bombardement du pont Charles-Albert \u00e0 La Roquette-sur-Var (06)<\/em><\/span><\/td>\n<\/tr>\n<tr style=\"height: 40px;\">\n<td><span style=\"font-size: 14px;\">\u00a0<\/span><\/td>\n<td><span style=\"font-size: 14px;\">\u00a0<\/span><\/td>\n<td style=\"text-align: right;\" colspan=\"5\"><span style=\"font-size: 14px;\">\u00a0\u00a0<strong>D\u00e9collage :<br \/>\n<\/strong><\/span><\/td>\n<td colspan=\"10\"><span style=\"font-size: 14px;\"><em>\u00a0Villacidro (Italie)<br \/>\n<\/em><\/span><\/td>\n<td><span style=\"font-size: 14px;\">\u00a0<\/span><\/td>\n<td><span style=\"font-size: 14px;\">\u00a0<\/span><\/td>\n<td><span style=\"font-size: 14px;\">\u00a0<\/span><\/td>\n<\/tr>\n<tr style=\"height: 40px;\">\n<td><span style=\"font-size: 14px;\">\u00a0<\/span><\/td>\n<td><span style=\"font-size: 14px;\">\u00a0<\/span><\/td>\n<td style=\"text-align: right;\" colspan=\"5\"><span style=\"font-size: 14px;\">\u00a0\u00a0<strong>Causes de la perte :\u00a0<\/strong><\/span><\/td>\n<td colspan=\"13\"><span style=\"font-size: 14px;\"><em>R\u00e9duisant sa vitesse en traversant une importante masse nuageuse est victime d&#8217;un d\u00e9crochage<\/em><\/span><\/td>\n<\/tr>\n<tr style=\"height: 40px;\">\n<td><span style=\"font-size: 14px;\">\u00a0<\/span><\/td>\n<td><span style=\"font-size: 14px;\">\u00a0<\/span><\/td>\n<td style=\"text-align: right;\" colspan=\"5\"><span style=\"font-size: 14px;\">\u00a0\u00a0<strong>Lieu de la perte :\u00a0<\/strong><\/span><\/td>\n<td colspan=\"10\"><span style=\"font-size: 14px;\"><em>la cr\u00eate de Plagels village de Molli\u00e8re \u00e0 Valdebore (06)<br \/>\n<\/em><\/span><\/td>\n<td><span style=\"font-size: 14px;\">\u00a0<\/span><\/td>\n<td><span style=\"font-size: 14px;\">\u00a0<\/span><\/td>\n<td><span style=\"font-size: 14px;\">\u00a0<\/span><\/td>\n<\/tr>\n<tr style=\"height: 60px;\">\n<td><img decoding=\"async\" class=\"aligncenter size-full wp-image-47214\" title=\"France\" src=\"https:\/\/www.auzeau.fr\/39-45\/wp-content\/uploads\/images\/Drapeaux\/France.png\" alt=\"France\" width=\"40\" height=\"20\" \/><\/td>\n<td><span class='tooltipsall tooltipsincontent classtoolTips96'>Sgt<\/span><\/td>\n<td colspan=\"5\">Andr\u00e9<\/td>\n<td colspan=\"3\"><span style=\"font-size: 14px; color: #000000;\"><strong>BERTRAN<\/strong><\/span><\/td>\n<td style=\"text-align: center;\"><span class='tooltipsall tooltipsincontent classtoolTips189'>FE<\/span><\/td>\n<td style=\"text-align: center;\"><span class='tooltipsall tooltipsincontent classtoolTips132'>FAF<\/span><\/td>\n<td style=\"text-align: center;\" colspan=\"2\"><\/td>\n<td><span style=\"color: #000000;\"><strong><span class='tooltipsall tooltipsincontent classtoolTips110'>KIA<\/span><\/strong><\/span><\/td>\n<td colspan=\"5\"><\/td>\n<\/tr>\n<tr style=\"height: 60px;\">\n<td><img decoding=\"async\" class=\"aligncenter size-full wp-image-47214\" title=\"France\" src=\"https:\/\/www.auzeau.fr\/39-45\/wp-content\/uploads\/images\/Drapeaux\/France.png\" alt=\"France\" width=\"40\" height=\"20\" \/><\/td>\n<td><span class='tooltipsall tooltipsincontent classtoolTips170'>Cne<\/span><\/td>\n<td colspan=\"5\">Jean Marie Joseph<\/td>\n<td colspan=\"3\"><span style=\"font-size: 14px; color: #000000;\"><strong>CARTIER<\/strong><\/span><\/td>\n<td style=\"text-align: center;\"><span class='tooltipsall tooltipsincontent classtoolTips151'>Pil<\/span><\/td>\n<td style=\"text-align: center;\"><span class='tooltipsall tooltipsincontent classtoolTips132'>FAF<\/span><\/td>\n<td style=\"text-align: center;\" colspan=\"2\"><\/td>\n<td><span style=\"color: #000000;\"><strong><span class='tooltipsall tooltipsincontent classtoolTips110'>KIA<\/span><\/strong><\/span><\/td>\n<td><\/td>\n<td><span style=\"font-size: 14px;\">\u00a0<\/span><\/td>\n<td><span style=\"font-size: 14px;\">\u00a0<\/span><\/td>\n<td><span style=\"font-size: 14px;\">\u00a0<\/span><\/td>\n<td><span style=\"font-size: 14px;\">\u00a0<\/span><\/td>\n<\/tr>\n<tr style=\"height: 60px;\">\n<td><img decoding=\"async\" class=\"aligncenter size-full wp-image-47214\" title=\"France\" src=\"https:\/\/www.auzeau.fr\/39-45\/wp-content\/uploads\/images\/Drapeaux\/France.png\" alt=\"France\" width=\"40\" height=\"20\" \/><\/td>\n<td><span class='tooltipsall tooltipsincontent classtoolTips178'>ADC<\/span><\/td>\n<td colspan=\"5\">Albert Andr\u00e9<\/td>\n<td colspan=\"3\"><span style=\"font-size: 14px; color: #000000;\"><strong>CAZANOVA<\/strong><\/span><\/td>\n<td style=\"text-align: center;\"><span class='tooltipsall tooltipsincontent classtoolTips37'><span class='tooltipsall tooltipsincontent classtoolTips37'>2PIl<\/span><\/span><\/td>\n<td style=\"text-align: center;\"><span class='tooltipsall tooltipsincontent classtoolTips132'>FAF<\/span><\/td>\n<td style=\"text-align: center;\" colspan=\"2\"><\/td>\n<td><span style=\"color: #000000;\"><strong><span class='tooltipsall tooltipsincontent classtoolTips110'>KIA<\/span><\/strong><\/span><\/td>\n<td><\/td>\n<td><span style=\"font-size: 14px;\">\u00a0<\/span><\/td>\n<td><span style=\"font-size: 14px;\">\u00a0<\/span><\/td>\n<td><span style=\"font-size: 14px;\">\u00a0<\/span><\/td>\n<td><span style=\"font-size: 14px;\">\u00a0<\/span><\/td>\n<\/tr>\n<tr style=\"height: 60px;\">\n<td><span style=\"font-size: 14px;\"><img decoding=\"async\" class=\"aligncenter size-full wp-image-47214\" title=\"France\" src=\"https:\/\/www.auzeau.fr\/39-45\/wp-content\/uploads\/images\/Drapeaux\/France.png\" alt=\"France\" width=\"40\" height=\"20\" \/><\/span><\/td>\n<td><span class='tooltipsall tooltipsincontent classtoolTips89'>SCH<\/span><\/td>\n<td colspan=\"5\">Antonin<\/td>\n<td colspan=\"3\"><span style=\"font-size: 14px; color: #000000;\"><strong>DONATO<\/strong><\/span><\/td>\n<td style=\"text-align: center;\"><span class='tooltipsall tooltipsincontent classtoolTips185'>AG<\/span><\/td>\n<td style=\"text-align: center;\"><span class='tooltipsall tooltipsincontent classtoolTips132'>FAF<\/span><\/td>\n<td style=\"text-align: center;\" colspan=\"2\"><\/td>\n<td><span style=\"color: #000000;\"><strong><span class='tooltipsall tooltipsincontent classtoolTips110'>KIA<\/span><\/strong><\/span><\/td>\n<td><\/td>\n<td><span style=\"font-size: 14px;\">\u00a0<\/span><\/td>\n<td><span style=\"font-size: 14px;\">\u00a0<\/span><\/td>\n<td><span style=\"font-size: 14px;\">\u00a0<\/span><\/td>\n<td><span style=\"font-size: 14px;\">\u00a0<\/span><\/td>\n<\/tr>\n<tr style=\"height: 60px;\">\n<td><span style=\"font-size: 14px;\"><img decoding=\"async\" class=\"aligncenter size-full wp-image-47214\" title=\"France\" src=\"https:\/\/www.auzeau.fr\/39-45\/wp-content\/uploads\/images\/Drapeaux\/France.png\" alt=\"France\" width=\"40\" height=\"20\" \/><\/span><\/td>\n<td><span class='tooltipsall tooltipsincontent classtoolTips89'>SCH<\/span><\/td>\n<td colspan=\"5\">Pierre Jean Louis<\/td>\n<td colspan=\"3\"><span style=\"font-size: 14px; color: #000000;\"><strong>FERRIER<\/strong><\/span><\/td>\n<td style=\"text-align: center;\"><span class='tooltipsall tooltipsincontent classtoolTips115'>WOP<\/span><\/td>\n<td style=\"text-align: center;\"><span class='tooltipsall tooltipsincontent classtoolTips132'>FAF<\/span><\/td>\n<td style=\"text-align: center;\" colspan=\"2\"><\/td>\n<td><span style=\"color: #000000;\"><strong><span class='tooltipsall tooltipsincontent classtoolTips110'>KIA<\/span><\/strong><\/span><\/td>\n<td><\/td>\n<td><span style=\"font-size: 14px;\">\u00a0<\/span><\/td>\n<td><span style=\"font-size: 14px;\">\u00a0<\/span><\/td>\n<td><span style=\"font-size: 14px;\">\u00a0<\/span><\/td>\n<td><span style=\"font-size: 14px;\">\u00a0<\/span><\/td>\n<\/tr>\n<tr style=\"height: 60px;\">\n<td><span style=\"font-size: 14px;\"><img decoding=\"async\" class=\"aligncenter size-full wp-image-47214\" title=\"France\" src=\"https:\/\/www.auzeau.fr\/39-45\/wp-content\/uploads\/images\/Drapeaux\/France.png\" alt=\"France\" width=\"40\" height=\"20\" \/><\/span><\/td>\n<td><span class='tooltipsall tooltipsincontent classtoolTips201'>Lt<\/span><\/td>\n<td colspan=\"5\">Jacques Alexandre Andr\u00e9 Fran\u00e7ois Joseph<\/td>\n<td colspan=\"3\"><span style=\"font-size: 14px; color: #000000;\"><strong>MARINI<\/strong><\/span><\/td>\n<td style=\"text-align: center;\"><span class='tooltipsall tooltipsincontent classtoolTips188'>AB<\/span><\/td>\n<td style=\"text-align: center;\"><span class='tooltipsall tooltipsincontent classtoolTips132'>FAF<\/span><\/td>\n<td style=\"text-align: center;\" colspan=\"2\"><\/td>\n<td><span style=\"color: #000000;\"><strong><span class='tooltipsall tooltipsincontent classtoolTips110'>KIA<\/span><\/strong><\/span><\/td>\n<td><\/td>\n<td><\/td>\n<td><\/td>\n<td><\/td>\n<td><\/td>\n<\/tr>\n<tr style=\"height: 60px;\">\n<td><span style=\"font-size: 14px;\"><img decoding=\"async\" class=\"aligncenter size-full wp-image-47214\" title=\"France\" src=\"https:\/\/www.auzeau.fr\/39-45\/wp-content\/uploads\/images\/Drapeaux\/France.png\" alt=\"France\" width=\"40\" height=\"20\" \/><\/span><\/td>\n<td><span class='tooltipsall tooltipsincontent classtoolTips201'>Lt<\/span><\/td>\n<td colspan=\"5\">Robert Yves<\/td>\n<td colspan=\"3\"><span style=\"font-size: 14px; color: #000000;\"><strong>WILLIAM<br \/>\n<\/strong><\/span><\/td>\n<td style=\"text-align: center;\"><span class='tooltipsall tooltipsincontent classtoolTips116'>Nav<\/span><\/td>\n<td style=\"text-align: center;\"><span class='tooltipsall tooltipsincontent classtoolTips132'>FAF<\/span><\/td>\n<td style=\"text-align: center;\" colspan=\"2\"><\/td>\n<td><span style=\"color: #000000;\"><strong><span class='tooltipsall tooltipsincontent classtoolTips110'>KIA<\/span><\/strong><\/span><\/td>\n<td><\/td>\n<td><\/td>\n<td><\/td>\n<td><\/td>\n<td><\/td>\n<\/tr>\n<\/tbody>\n<\/table>\n<div id='gallery-1' class='gallery galleryid-104421 gallery-columns-2 gallery-size-thumbnail'><figure class='gallery-item'>\n\t\t\t<div class='gallery-icon landscape'>\n\t\t\t\t<a title=\"Marauder 42-107726\"  title=\"Marauder 42-107726\"  href='https:\/\/www.auzeau.fr\/39-45\/wp-content\/uploads\/Cimetieres\/01%20--%2030\/06%20-%20Alpes-Maritimes\/Nice\/42-107726\/Marauder-42-107726-1.JPG'><img decoding=\"async\" width=\"150\" height=\"150\" src=\"https:\/\/www.auzeau.fr\/39-45\/wp-content\/uploads\/Cimetieres\/01 -- 30\/06 - Alpes-Maritimes\/Nice\/42-107726\/Marauder-42-107726-1-150x150.jpg\" class=\"attachment-thumbnail size-thumbnail\" alt=\"\" srcset=\"https:\/\/www.auzeau.fr\/39-45\/wp-content\/uploads\/Cimetieres\/01%20--%2030\/06%20-%20Alpes-Maritimes\/Nice\/42-107726\/Marauder-42-107726-1-150x150.jpg 150w, https:\/\/www.auzeau.fr\/39-45\/wp-content\/uploads\/Cimetieres\/01%20--%2030\/06%20-%20Alpes-Maritimes\/Nice\/42-107726\/Marauder-42-107726-1-50x50.jpg 50w\" sizes=\"(max-width: 150px) 100vw, 150px\" \/><\/a>\n\t\t\t<\/div><\/figure><figure class='gallery-item'>\n\t\t\t<div class='gallery-icon portrait'>\n\t\t\t\t<a title=\"Marauder 42-107726\"  title=\"Marauder 42-107726\"  href='https:\/\/www.auzeau.fr\/39-45\/wp-content\/uploads\/Cimetieres\/01%20--%2030\/06%20-%20Alpes-Maritimes\/Nice\/42-107726\/Marauder-42-107726-2.JPG'><img decoding=\"async\" width=\"150\" height=\"150\" src=\"https:\/\/www.auzeau.fr\/39-45\/wp-content\/uploads\/Cimetieres\/01 -- 30\/06 - Alpes-Maritimes\/Nice\/42-107726\/Marauder-42-107726-2-150x150.jpg\" class=\"attachment-thumbnail size-thumbnail\" alt=\"\" srcset=\"https:\/\/www.auzeau.fr\/39-45\/wp-content\/uploads\/Cimetieres\/01%20--%2030\/06%20-%20Alpes-Maritimes\/Nice\/42-107726\/Marauder-42-107726-2-150x150.jpg 150w, https:\/\/www.auzeau.fr\/39-45\/wp-content\/uploads\/Cimetieres\/01%20--%2030\/06%20-%20Alpes-Maritimes\/Nice\/42-107726\/Marauder-42-107726-2-50x50.jpg 50w\" sizes=\"(max-width: 150px) 100vw, 150px\" \/><\/a>\n\t\t\t<\/div><\/figure>\n\t\t<\/div>\n\n<table style=\"width: 100%; border-collapse: collapse; background-color: #dcdcdc;\">\n<tbody>\n<tr>\n<td style=\"width: 100%; text-align: center;\"><ul id=\"menu-06-nice\" class=\"menu\"><li id=\"menu-item-104780\" class=\"menu-item menu-item-type-post_type menu-item-object-page menu-item-104780\"><a href=\"https:\/\/www.auzeau.fr\/39-45\/france\/06-alpes-maritimes\/06-nice\/\">Potez 63.11 n\u00b0 250<\/a><\/li>\n<li id=\"menu-item-104781\" class=\"menu-item menu-item-type-post_type menu-item-object-page menu-item-104781\"><a href=\"https:\/\/www.auzeau.fr\/39-45\/france\/06-alpes-maritimes\/06-nice-2\/\">Wellington Z1271<\/a><\/li>\n<li id=\"menu-item-104782\" class=\"menu-item menu-item-type-post_type menu-item-object-page menu-item-104782\"><a href=\"https:\/\/www.auzeau.fr\/39-45\/france\/06-alpes-maritimes\/06-nice-3\/\">B26 Marauder N\u00b0 726<\/a><\/li>\n<\/ul><\/td>\n<\/tr>\n<\/tbody>\n<\/table>\n<hr \/>\n<p style=\"text-align: center;\"><ul id=\"menu-06-alpes-maritimes\" class=\"menu\"><li id=\"menu-item-104777\" class=\"menu-item menu-item-type-post_type menu-item-object-page menu-item-104777\"><a href=\"https:\/\/www.auzeau.fr\/39-45\/france\/06-alpes-maritimes\/06-antibes\/\">06 \u2013 Antibes<\/a><\/li>\n<li id=\"menu-item-104776\" class=\"menu-item menu-item-type-post_type menu-item-object-page menu-item-104776\"><a href=\"https:\/\/www.auzeau.fr\/39-45\/france\/06-alpes-maritimes\/06-nice\/\">06 \u2013 Nice Cimeti\u00e8re de Caucade<\/a><\/li>\n<li id=\"menu-item-104884\" class=\"menu-item menu-item-type-post_type menu-item-object-page menu-item-104884\"><a href=\"https:\/\/www.auzeau.fr\/39-45\/france\/06-alpes-maritimes\/06-nice-cimetiere-du-chateau\/\">06 \u2013 Nice Cimeti\u00e8re du Ch\u00e2teau<\/a><\/li>\n<\/ul>\n<script type=\"text\/javascript\"> toolTips('.classtoolTips37','Co-Pilote<br\/><br\/>Co-Pilot'); <\/script><script type=\"text\/javascript\"> toolTips('.classtoolTips37','Co-Pilote<br\/><br\/>Co-Pilot'); <\/script><script type=\"text\/javascript\"> toolTips('.classtoolTips89','Sergent-Chef'); <\/script><script type=\"text\/javascript\"> toolTips('.classtoolTips95','Leading Aircraftman'); <\/script><script type=\"text\/javascript\"> toolTips('.classtoolTips96','Sergent<br\/><br\/>Sergeant'); <\/script><script type=\"text\/javascript\"> toolTips('.classtoolTips98','Colonel'); <\/script><script type=\"text\/javascript\"> toolTips('.classtoolTips110','Tu\u00e9 au combat<br\/><br\/>Killed In Action'); <\/script><script type=\"text\/javascript\"> toolTips('.classtoolTips115','Op\u00e9rateur Radio<br\/><br\/>Wireless Op\u00e9rator'); <\/script><script type=\"text\/javascript\"> toolTips('.classtoolTips116','Navigateur<br\/><br\/>Navigator'); <\/script><script type=\"text\/javascript\"> toolTips('.classtoolTips132','Force A\u00e9rienne Fran\u00e7aise<br\/><br\/>French Air Force'); <\/script><script type=\"text\/javascript\"> toolTips('.classtoolTips144','Royal Corps of Signals'); <\/script><script type=\"text\/javascript\"> toolTips('.classtoolTips151','Pilote<br\/><br\/>Pilot'); <\/script><script type=\"text\/javascript\"> toolTips('.classtoolTips153','Porucznik'); <\/script><script type=\"text\/javascript\"> toolTips('.classtoolTips170','Capitaine'); <\/script><script type=\"text\/javascript\"> toolTips('.classtoolTips178','Adjudant-Chef'); <\/script><script type=\"text\/javascript\"> toolTips('.classtoolTips182','Warrant Officer'); <\/script><script type=\"text\/javascript\"> toolTips('.classtoolTips185','Mitrailleur<br\/><br\/>Air Gunner'); <\/script><script type=\"text\/javascript\"> toolTips('.classtoolTips188','Bombardier<br\/><br\/>Air bomber'); <\/script><script type=\"text\/javascript\"> toolTips('.classtoolTips189','M\u00e9canicien volant<br\/><br\/>Flying Enginer'); <\/script><script type=\"text\/javascript\"> toolTips('.classtoolTips191','Ma\u00eetre'); <\/script><script type=\"text\/javascript\"> toolTips('.classtoolTips192','<img class=\"aligncenter size-full wp-image-65858\" title=\"Rampe_V1\" src=\"https:\/\/www.auzeau.fr\/39-45\/wp-content\/uploads\/Avions\/Allemand\/Rampe_V1.jpg\" alt=\"\" width=\"640\" height=\"426\" \/><br\/><img class=\"aligncenter size-full wp-image-65859\" title=\"V1\" src=\"https:\/\/www.auzeau.fr\/39-45\/wp-content\/uploads\/Avions\/Allemand\/V1.jpg\" alt=\"\" width=\"640\" height=\"424\" \/>'); <\/script><script type=\"text\/javascript\"> toolTips('.classtoolTips197','Aircraftman'); <\/script><script type=\"text\/javascript\"> toolTips('.classtoolTips199','Radio Officer'); <\/script><script type=\"text\/javascript\"> toolTips('.classtoolTips201','Lieutenant'); <\/script>","protected":false},"excerpt":{"rendered":"<p>B26 Marauder N\u00b0 726\u00a0\u00a0\u00a0\u00a0\u00a0 42-107726 GB II\/52 &#8220;Franche-Comt\u00e9&#8221; \u00a0Date :\u00a0 04 ao\u00fbt 1944 \u00a0Mission :\u00a0 Bombardement du pont Charles-Albert \u00e0 La Roquette-sur-Var (06) \u00a0 \u00a0 \u00a0\u00a0D\u00e9collage : \u00a0Villacidro (Italie) \u00a0 \u00a0 \u00a0 \u00a0 \u00a0 \u00a0\u00a0Causes de la perte :\u00a0 R\u00e9duisant sa vitesse en traversant une importante masse nuageuse est victime d&#8217;un d\u00e9crochage \u00a0 \u00a0 \u00a0\u00a0Lieu [&hellip;]<\/p>\n","protected":false},"author":1,"featured_media":0,"parent":104185,"menu_order":0,"comment_status":"closed","ping_status":"closed","template":"template-full-width B26 Marauder.php","meta":{"_lmt_disableupdate":"yes","_lmt_disable":"","footnotes":""},"categories":[966],"tags":[10591],"wf_page_folders":[10558],"class_list":["post-104421","page","type-page","status-publish","hentry","category-b26-marauder","tag-gb-ii-52-franche-comte"],"_links":{"self":[{"href":"https:\/\/www.auzeau.fr\/39-45\/wp-json\/wp\/v2\/pages\/104421","targetHints":{"allow":["GET"]}}],"collection":[{"href":"https:\/\/www.auzeau.fr\/39-45\/wp-json\/wp\/v2\/pages"}],"about":[{"href":"https:\/\/www.auzeau.fr\/39-45\/wp-json\/wp\/v2\/types\/page"}],"author":[{"embeddable":true,"href":"https:\/\/www.auzeau.fr\/39-45\/wp-json\/wp\/v2\/users\/1"}],"replies":[{"embeddable":true,"href":"https:\/\/www.auzeau.fr\/39-45\/wp-json\/wp\/v2\/comments?post=104421"}],"version-history":[{"count":0,"href":"https:\/\/www.auzeau.fr\/39-45\/wp-json\/wp\/v2\/pages\/104421\/revisions"}],"up":[{"embeddable":true,"href":"https:\/\/www.auzeau.fr\/39-45\/wp-json\/wp\/v2\/pages\/104185"}],"wp:attachment":[{"href":"https:\/\/www.auzeau.fr\/39-45\/wp-json\/wp\/v2\/media?parent=104421"}],"wp:term":[{"taxonomy":"category","embeddable":true,"href":"https:\/\/www.auzeau.fr\/39-45\/wp-json\/wp\/v2\/categories?post=104421"},{"taxonomy":"post_tag","embeddable":true,"href":"https:\/\/www.auzeau.fr\/39-45\/wp-json\/wp\/v2\/tags?post=104421"},{"taxonomy":"wf_page_folders","embeddable":true,"href":"https:\/\/www.auzeau.fr\/39-45\/wp-json\/wp\/v2\/wf_page_folders?post=104421"}],"curies":[{"name":"wp","href":"https:\/\/api.w.org\/{rel}","templated":true}]}}