{"id":104035,"date":"2022-12-01T09:20:47","date_gmt":"2022-12-01T08:20:47","guid":{"rendered":"http:\/\/39-45.auzeau.fr\/?page_id=104035"},"modified":"2022-12-01T09:20:47","modified_gmt":"2022-12-01T08:20:47","slug":"94-villeneuve-st-georges-ancien-cimetiere-11","status":"publish","type":"page","link":"https:\/\/www.auzeau.fr\/39-45\/france\/94-val-de-marne\/94-villeneuve-st-georges-ancien-cimetiere-11\/","title":{"rendered":"94 &#8211; Villeneuve-St-Georges Ancien cimeti\u00e8re"},"content":{"rendered":"<p><img fetchpriority=\"high\" decoding=\"async\" class=\"aligncenter size-full wp-image-103960\" title=\"Villeneuve-St-Georges Ancien\" src=\"https:\/\/www.auzeau.fr\/39-45\/wp-content\/uploads\/Cimetieres\/60%20--\/94-Val-de-Marne\/94-Villeneuve_ancien\/Villeneuve-St-Georges_Ancien.JPG\" alt=\"\" width=\"900\" height=\"471\" \/><\/p>\n<table style=\"width: 100%;\" border=\"0\">\n<tbody>\n<tr>\n<td style=\"width: 5%;\"><\/td>\n<td style=\"width: 5%;\"><\/td>\n<td style=\"width: 2%;\"><\/td>\n<td style=\"width: 8%;\"><\/td>\n<td style=\"width: 5%;\"><\/td>\n<td style=\"width: 5%;\"><\/td>\n<td style=\"width: 5%;\"><\/td>\n<td style=\"width: 2%;\"><\/td>\n<td style=\"width: 8%;\"><\/td>\n<td style=\"width: 2%;\"><\/td>\n<td style=\"width: 5%;\"><\/td>\n<td style=\"width: 3%;\"><\/td>\n<td style=\"width: 5%;\"><\/td>\n<td style=\"width: 5%;\"><\/td>\n<td style=\"width: 5%;\"><\/td>\n<td style=\"width: 5%;\"><\/td>\n<td style=\"width: 5%;\"><\/td>\n<td style=\"width: 5%;\"><\/td>\n<td style=\"width: 5%;\"><\/td>\n<td style=\"width: 10%;\"><\/td>\n<\/tr>\n<tr>\n<td style=\"width: 75%;\" colspan=\"16\"><span style=\"font-size: xx-large;\"><strong><span style=\"color: #000000;\">Mosquito MM528 NG-<br \/>\n<\/span><\/strong><\/span><\/td>\n<td style=\"width: 25%; text-align: center;\" colspan=\"4\"><span style=\"font-size: xx-large;\"><strong>604 Sqn<br \/>\n<\/strong><\/span><\/td>\n<\/tr>\n<tr>\n<td style=\"width: 75%;\" colspan=\"16\"><\/td>\n<td style=\"width: 25%; text-align: center;\" colspan=\"4\"><\/td>\n<\/tr>\n<tr style=\"height: 40px;\">\n<td style=\"text-align: right; width: 5%;\"><\/td>\n<td style=\"text-align: right; width: 5%;\"><\/td>\n<td style=\"text-align: right; width: 2%;\"><\/td>\n<td style=\"text-align: right; width: 8%;\"><\/td>\n<td style=\"text-align: right; width: 5%;\"><\/td>\n<td style=\"text-align: right; width: 5%;\"><\/td>\n<td style=\"text-align: right; width: 5%;\"><\/td>\n<td style=\"text-align: right; width: 2%;\"><\/td>\n<td style=\"text-align: right; width: 8%;\"><\/td>\n<td style=\"text-align: right; width: 2%;\"><\/td>\n<td style=\"text-align: right; width: 5%;\"><\/td>\n<td style=\"text-align: right; width: 3%;\"><\/td>\n<td style=\"text-align: right; width: 5%;\"><\/td>\n<td style=\"text-align: right; width: 5%;\"><\/td>\n<td style=\"text-align: right; width: 5%;\"><\/td>\n<td style=\"text-align: right; width: 5%;\"><\/td>\n<td style=\"text-align: right; width: 5%;\"><\/td>\n<td style=\"text-align: right; width: 5%;\"><\/td>\n<td style=\"text-align: right; width: 5%;\"><\/td>\n<td style=\"text-align: right; width: 10%;\"><\/td>\n<\/tr>\n<tr>\n<td style=\"text-align: right; width: 5%;\"><\/td>\n<td style=\"text-align: right; width: 5%;\"><span style=\"font-size: 14px;\"><strong>Date<\/strong><\/span><\/td>\n<td style=\"width: 2%; text-align: center;\"><strong>:<\/strong><\/td>\n<td style=\"width: 13%; text-align: left;\" colspan=\"2\"><span style=\"font-size: 14px;\"><em>28 ao\u00fbt 1944<br \/>\n<\/em><\/span><\/td>\n<td style=\"text-align: right; width: 5%;\"><\/td>\n<td style=\"text-align: right; width: 5%;\"><\/td>\n<td style=\"text-align: right; width: 2%;\"><\/td>\n<td style=\"text-align: right; width: 8%;\"><span style=\"font-size: 14px;\"><strong>Mission<\/strong><\/span><\/td>\n<td style=\"width: 2%; text-align: center;\"><strong><span style=\"font-size: 14px;\">:<\/span><\/strong><\/td>\n<td style=\"text-align: left; width: 53%;\" colspan=\"10\"><span style=\"font-size: 14px;\"><em>Patrouille d\u00e9fensive<br \/>\n<\/em><\/span><\/td>\n<\/tr>\n<tr style=\"height: 40px;\">\n<td style=\"text-align: right; width: 5%;\"><\/td>\n<td style=\"text-align: right; width: 5%;\"><\/td>\n<td style=\"width: 2%; text-align: center;\"><\/td>\n<td style=\"width: 8%; text-align: left;\"><\/td>\n<td style=\"text-align: right; width: 5%;\"><\/td>\n<td style=\"text-align: right; width: 5%;\"><\/td>\n<td style=\"text-align: right; width: 5%;\"><\/td>\n<td style=\"text-align: right; width: 2%;\"><\/td>\n<td style=\"text-align: right; width: 8%;\"><\/td>\n<td style=\"width: 2%; text-align: center;\"><\/td>\n<td style=\"text-align: left; width: 5%;\"><\/td>\n<td style=\"text-align: left; width: 3%;\"><\/td>\n<td style=\"text-align: left; width: 5%;\"><\/td>\n<td style=\"text-align: left; width: 5%;\"><\/td>\n<td style=\"text-align: left; width: 5%;\"><\/td>\n<td style=\"text-align: left; width: 5%;\"><\/td>\n<td style=\"text-align: left; width: 5%;\"><\/td>\n<td style=\"text-align: left; width: 5%;\"><\/td>\n<td style=\"text-align: left; width: 5%;\"><\/td>\n<td style=\"text-align: left; width: 10%;\"><\/td>\n<\/tr>\n<tr style=\"height: 40px;\">\n<td style=\"text-align: right; width: 10%;\" colspan=\"2\"><\/td>\n<td style=\"width: 2%; text-align: center;\"><\/td>\n<td style=\"text-align: right; width: 23%;\" colspan=\"4\"><span style=\"font-size: 14px;\"><strong>D\u00e9collage<\/strong><\/span><\/td>\n<td style=\"width: 2%; text-align: center;\"><strong>:<\/strong><\/td>\n<td style=\"text-align: left; width: 63%;\" colspan=\"12\"><span style=\"font-size: 14px;\"><em><span class='tooltipsall tooltipsincontent classtoolTips138'>ALG<\/span> A-8 Picauville (50) \u00e0 20:35<br \/>\n<\/em><\/span><\/td>\n<\/tr>\n<tr style=\"height: 40px;\">\n<td style=\"text-align: right; width: 10%;\" colspan=\"2\"><\/td>\n<td style=\"width: 2%; text-align: center;\"><\/td>\n<td style=\"text-align: right; width: 23%;\" colspan=\"4\"><span style=\"font-size: 14px;\"><strong>Causes de la perte<br \/>\n<\/strong><\/span><\/td>\n<td style=\"width: 2%; text-align: center;\"><strong>:<br \/>\n<\/strong><\/td>\n<td style=\"text-align: left; width: 63%;\" colspan=\"12\"><span style=\"font-size: 14px;\"><em>\u00e0 10000 ft percut\u00e9 par un objet inconnu. Le pilote r\u00e9ussi \u00e0 \u00e9vacuer l&#8217;appareil<br \/>\n<\/em><\/span><\/td>\n<\/tr>\n<tr style=\"height: 40px;\">\n<td style=\"text-align: right; width: 10%;\" colspan=\"2\"><\/td>\n<td style=\"width: 2%; text-align: center;\"><\/td>\n<td style=\"text-align: right; width: 23%;\" colspan=\"4\"><span style=\"font-size: 14px;\"><strong>Lieu de la perte<br \/>\n<\/strong><\/span><\/td>\n<td style=\"width: 2%; text-align: center;\"><strong>:<br \/>\n<\/strong><\/td>\n<td style=\"text-align: left; width: 63%;\" colspan=\"12\"><span style=\"font-size: 14px;\"><em>vers Corbeil (91)<br \/>\n<\/em><\/span><\/td>\n<\/tr>\n<tr style=\"height: 40px;\">\n<td style=\"width: 5%;\"><\/td>\n<td style=\"width: 5%;\"><\/td>\n<td style=\"width: 2%; text-align: center;\"><\/td>\n<td style=\"text-align: right; width: 8%;\"><\/td>\n<td style=\"text-align: right; width: 5%;\"><\/td>\n<td style=\"text-align: right; width: 5%;\"><\/td>\n<td style=\"text-align: right; width: 5%;\"><\/td>\n<td style=\"width: 2%; text-align: center;\"><\/td>\n<td style=\"text-align: left; width: 8%;\"><\/td>\n<td style=\"text-align: left; width: 2%;\"><\/td>\n<td style=\"text-align: left; width: 5%;\"><\/td>\n<td style=\"text-align: left; width: 3%;\"><\/td>\n<td style=\"text-align: left; width: 5%;\"><\/td>\n<td style=\"text-align: left; width: 5%;\"><\/td>\n<td style=\"text-align: left; width: 5%;\"><\/td>\n<td style=\"text-align: left; width: 5%;\"><\/td>\n<td style=\"text-align: left; width: 5%;\"><\/td>\n<td style=\"text-align: left; width: 5%;\"><\/td>\n<td style=\"text-align: left; width: 5%;\"><\/td>\n<td style=\"text-align: left; width: 10%;\"><\/td>\n<\/tr>\n<tr style=\"height: 60px;\">\n<td><img decoding=\"async\" class=\"aligncenter size-full wp-image-47215\" title=\"Royaume Uni\" src=\"https:\/\/www.auzeau.fr\/39-45\/wp-content\/uploads\/images\/Drapeaux\/Angleterre.png\" alt=\"Royaume Uni\" width=\"40\" height=\"20\" \/><\/td>\n<td><span class='tooltipsall tooltipsincontent classtoolTips19'>Fg Off<\/span><\/td>\n<td colspan=\"5\">William Henry Roy Addison<\/td>\n<td colspan=\"2\"><span style=\"font-size: 14px; color: #000000;\"><strong>COATES<\/strong><\/span><\/td>\n<td style=\"text-align: center;\" colspan=\"2\"><span class='tooltipsall tooltipsincontent classtoolTips116'>Nav<\/span><\/td>\n<td style=\"text-align: center;\"><span class='tooltipsall tooltipsincontent classtoolTips45'>RAFVR<\/span><\/td>\n<td style=\"text-align: center;\" colspan=\"2\">73128<\/td>\n<td><span style=\"font-size: 14px; color: #000000;\"><strong><span class='tooltipsall tooltipsincontent classtoolTips110'>KIA<\/span><\/strong><\/span><\/td>\n<td colspan=\"5\"><\/td>\n<\/tr>\n<tr style=\"height: 60px;\">\n<td><img decoding=\"async\" class=\"aligncenter size-full wp-image-47215\" title=\"Royaume Uni\" src=\"https:\/\/www.auzeau.fr\/39-45\/wp-content\/uploads\/images\/Drapeaux\/Angleterre.png\" alt=\"Royaume Uni\" width=\"40\" height=\"20\" \/><\/td>\n<td><span class='tooltipsall tooltipsincontent classtoolTips33'>Flt <span class='tooltipsall tooltipsincontent classtoolTips201'>Lt<\/span><\/span><\/td>\n<td colspan=\"5\">Philip Victor Glas<\/td>\n<td colspan=\"2\"><span style=\"color: #000000;\"><strong>SANDEMAN<\/strong><\/span><\/td>\n<td style=\"text-align: center;\" colspan=\"2\"><span class='tooltipsall tooltipsincontent classtoolTips151'>Pil<\/span><\/td>\n<td style=\"text-align: center;\"><span class='tooltipsall tooltipsincontent classtoolTips45'>RAFVR<\/span><\/td>\n<td style=\"text-align: center;\" colspan=\"2\">1292596<\/td>\n<td><span style=\"font-size: 14px;\"><span class='tooltipsall tooltipsincontent classtoolTips134'>EVA<\/span><\/span><\/td>\n<td colspan=\"5\"><\/td>\n<\/tr>\n<\/tbody>\n<\/table>\n<div id='gallery-1' class='gallery galleryid-104035 gallery-columns-1 gallery-size-thumbnail'><figure class='gallery-item'>\n\t\t\t<div class='gallery-icon portrait'>\n\t\t\t\t<a title=\"Coates\"  title=\"Coates\"  href='https:\/\/www.auzeau.fr\/39-45\/wp-content\/uploads\/Cimetieres\/60%20--\/94-Val-de-Marne\/94-Villeneuve_ancien\/MM528\/Coates.JPG'><img decoding=\"async\" width=\"150\" height=\"150\" src=\"https:\/\/www.auzeau.fr\/39-45\/wp-content\/uploads\/Cimetieres\/60 --\/94-Val-de-Marne\/94-Villeneuve_ancien\/MM528\/Coates-150x150.jpg\" class=\"attachment-thumbnail size-thumbnail\" alt=\"\" srcset=\"https:\/\/www.auzeau.fr\/39-45\/wp-content\/uploads\/Cimetieres\/60%20--\/94-Val-de-Marne\/94-Villeneuve_ancien\/MM528\/Coates-150x150.jpg 150w, https:\/\/www.auzeau.fr\/39-45\/wp-content\/uploads\/Cimetieres\/60%20--\/94-Val-de-Marne\/94-Villeneuve_ancien\/MM528\/Coates-50x50.jpg 50w\" sizes=\"(max-width: 150px) 100vw, 150px\" \/><\/a>\n\t\t\t<\/div><\/figure>\n\t\t<\/div>\n\n<table style=\"width: 100%; border-collapse: collapse; background-color: #dcdcdc;\">\n<tbody>\n<tr>\n<td style=\"width: 100%; text-align: center;\"><ul id=\"menu-94-villeneuve-saint-georges\" class=\"menu\"><li id=\"menu-item-104076\" class=\"menu-item menu-item-type-post_type menu-item-object-page menu-item-104076\"><a href=\"https:\/\/www.auzeau.fr\/39-45\/france\/94-val-de-marne\/94-villeneuve-st-georges-ancien-cimetiere\/\">Blenheim L1246<\/a><\/li>\n<li id=\"menu-item-104075\" class=\"menu-item menu-item-type-post_type menu-item-object-page menu-item-104075\"><a href=\"https:\/\/www.auzeau.fr\/39-45\/france\/94-val-de-marne\/94-villeneuve-st-georges-ancien-cimetiere-2\/\">Hurricane P2807<\/a><\/li>\n<li id=\"menu-item-104074\" class=\"menu-item menu-item-type-post_type menu-item-object-page menu-item-104074\"><a href=\"https:\/\/www.auzeau.fr\/39-45\/france\/94-val-de-marne\/94-villeneuve-st-georges-ancien-cimetiere-3\/\">Spitfire BL782<\/a><\/li>\n<li id=\"menu-item-104073\" class=\"menu-item menu-item-type-post_type menu-item-object-page menu-item-104073\"><a href=\"https:\/\/www.auzeau.fr\/39-45\/france\/94-val-de-marne\/94-villeneuve-st-georges-ancien-cimetiere-4\/\">Mosquito NS948<\/a><\/li>\n<li id=\"menu-item-104072\" class=\"menu-item menu-item-type-post_type menu-item-object-page menu-item-104072\"><a href=\"https:\/\/www.auzeau.fr\/39-45\/france\/94-val-de-marne\/94-villeneuve-st-georges-ancien-cimetiere-5\/\">Lancaster LL782<\/a><\/li>\n<li id=\"menu-item-104071\" class=\"menu-item menu-item-type-post_type menu-item-object-page menu-item-104071\"><a href=\"https:\/\/www.auzeau.fr\/39-45\/france\/94-val-de-marne\/94-villeneuve-st-georges-ancien-cimetiere-6\/\">Halifax MZ577<\/a><\/li>\n<li id=\"menu-item-104082\" class=\"menu-item menu-item-type-post_type menu-item-object-page menu-item-104082\"><a href=\"https:\/\/www.auzeau.fr\/39-45\/france\/94-val-de-marne\/94-villeneuve-st-georges-ancien-cimetiere-7\/\">Mosquito NS941<\/a><\/li>\n<li id=\"menu-item-104081\" class=\"menu-item menu-item-type-post_type menu-item-object-page menu-item-104081\"><a href=\"https:\/\/www.auzeau.fr\/39-45\/france\/94-val-de-marne\/94-villeneuve-st-georges-ancien-cimetiere-8\/\">Lancaster ME568<\/a><\/li>\n<li id=\"menu-item-104080\" class=\"menu-item menu-item-type-post_type menu-item-object-page menu-item-104080\"><a href=\"https:\/\/www.auzeau.fr\/39-45\/france\/94-val-de-marne\/94-villeneuve-st-georges-ancien-cimetiere-9\/\">P51 Mustang FB194<\/a><\/li>\n<li id=\"menu-item-104079\" class=\"menu-item menu-item-type-post_type menu-item-object-page menu-item-104079\"><a href=\"https:\/\/www.auzeau.fr\/39-45\/france\/94-val-de-marne\/94-villeneuve-st-georges-ancien-cimetiere-10\/\">Stirling LJ827<\/a><\/li>\n<li id=\"menu-item-104078\" class=\"menu-item menu-item-type-post_type menu-item-object-page menu-item-104078\"><a href=\"https:\/\/www.auzeau.fr\/39-45\/france\/94-val-de-marne\/94-villeneuve-st-georges-ancien-cimetiere-11\/\">Mosquito MM528<\/a><\/li>\n<li id=\"menu-item-104077\" class=\"menu-item menu-item-type-post_type menu-item-object-page menu-item-104077\"><a href=\"https:\/\/www.auzeau.fr\/39-45\/france\/94-val-de-marne\/94-villeneuve-st-georges-ancien-cimetiere-12\/\">Lancaster ND957<\/a><\/li>\n<li id=\"menu-item-104084\" class=\"menu-item menu-item-type-post_type menu-item-object-page menu-item-104084\"><a href=\"https:\/\/www.auzeau.fr\/39-45\/france\/94-val-de-marne\/94-villeneuve-st-georges-ancien-cimetiere-13\/\">Lancaster PB586<\/a><\/li>\n<li id=\"menu-item-104083\" class=\"menu-item menu-item-type-post_type menu-item-object-page menu-item-104083\"><a href=\"https:\/\/www.auzeau.fr\/39-45\/france\/94-val-de-marne\/94-villeneuve-st-georges-ancien-cimetiere-14\/\">Halifax MZ794<\/a><\/li>\n<\/ul><\/td>\n<\/tr>\n<\/tbody>\n<\/table>\n<hr \/>\n<p style=\"text-align: center;\"><ul id=\"menu-94-val-de-marne\" class=\"menu\"><li id=\"menu-item-112485\" class=\"menu-item menu-item-type-post_type menu-item-object-page menu-item-112485\"><a href=\"https:\/\/www.auzeau.fr\/39-45\/france\/94-val-de-marne\/94-charenton-le-pont\/\">94 \u2013 Charenton-le-Pont<\/a><\/li>\n<li id=\"menu-item-101683\" class=\"menu-item menu-item-type-post_type menu-item-object-page menu-item-101683\"><a href=\"https:\/\/www.auzeau.fr\/39-45\/france\/94-val-de-marne\/94-thiais\/\">94 \u2013 Thiais<\/a><\/li>\n<li id=\"menu-item-104090\" class=\"menu-item menu-item-type-post_type menu-item-object-page menu-item-104090\"><a href=\"https:\/\/www.auzeau.fr\/39-45\/france\/94-val-de-marne\/94-villeneuve-st-georges-ancien-cimetiere\/\">94 \u2013 Villeneuve-St-Georges Ancien cimeti\u00e8re<\/a><\/li>\n<li id=\"menu-item-104056\" class=\"menu-item menu-item-type-post_type menu-item-object-page menu-item-104056\"><a href=\"https:\/\/www.auzeau.fr\/39-45\/france\/94-val-de-marne\/94-villeneuve-st-georges-nouveau-cimetiere\/\">94 \u2013 Villeneuve-St-Georges Nouveau cimeti\u00e8re<\/a><\/li>\n<\/ul>\n<script type=\"text\/javascript\"> toolTips('.classtoolTips19','Flying Officer'); <\/script><script type=\"text\/javascript\"> toolTips('.classtoolTips33','Flight Lieutenant'); <\/script><script type=\"text\/javascript\"> toolTips('.classtoolTips45','Royal Air Force Volunteer Reserve'); <\/script><script type=\"text\/javascript\"> toolTips('.classtoolTips98','Colonel'); <\/script><script type=\"text\/javascript\"> toolTips('.classtoolTips110','Tu\u00e9 au combat<br\/><br\/>Killed In Action'); <\/script><script type=\"text\/javascript\"> toolTips('.classtoolTips116','Navigateur<br\/><br\/>Navigator'); <\/script><script type=\"text\/javascript\"> toolTips('.classtoolTips118','Canonnier'); <\/script><script type=\"text\/javascript\"> toolTips('.classtoolTips134','\u00c9vad\u00e9<br\/><br\/>Evaded'); <\/script><script type=\"text\/javascript\"> toolTips('.classtoolTips138','<strong>Piste Avanc\u00e9e d\\'Aviation<\/strong><br\/><br\/>A\u00e9rodromes temporaires construits par les Alli\u00e9s au cours de la Seconde Guerre mondiale durant la lib\u00e9ration de l\\'Europe.<br\/><br\/><strong>Advanced Landing Ground<\/strong><br\/><br\/>Temporary advance airfields constructed by the Allies during World War II during the liberation of Europe.'); <\/script><script type=\"text\/javascript\"> toolTips('.classtoolTips144','Royal Corps of Signals'); <\/script><script type=\"text\/javascript\"> toolTips('.classtoolTips146','Royal Air Force'); <\/script><script type=\"text\/javascript\"> toolTips('.classtoolTips151','Pilote<br\/><br\/>Pilot'); <\/script><script type=\"text\/javascript\"> toolTips('.classtoolTips153','Porucznik'); <\/script><script type=\"text\/javascript\"> toolTips('.classtoolTips154','Groupe de Liaisons A\u00e9riennes'); <\/script><script type=\"text\/javascript\"> toolTips('.classtoolTips185','Mitrailleur<br\/><br\/>Air Gunner'); <\/script><script type=\"text\/javascript\"> toolTips('.classtoolTips188','Bombardier<br\/><br\/>Air bomber'); <\/script><script type=\"text\/javascript\"> toolTips('.classtoolTips189','M\u00e9canicien volant<br\/><br\/>Flying Enginer'); <\/script><script type=\"text\/javascript\"> toolTips('.classtoolTips193','Royal Navy'); <\/script><script type=\"text\/javascript\"> toolTips('.classtoolTips195','Enseigne de Vaisseau'); <\/script><script type=\"text\/javascript\"> toolTips('.classtoolTips197','Aircraftman'); <\/script><script type=\"text\/javascript\"> toolTips('.classtoolTips199','Radio Officer'); <\/script><script type=\"text\/javascript\"> toolTips('.classtoolTips201','Lieutenant'); <\/script>","protected":false},"excerpt":{"rendered":"<p>Mosquito MM528 NG- 604 Sqn Date : 28 ao\u00fbt 1944 Mission : Patrouille d\u00e9fensive D\u00e9collage : ALG A-8 Picauville (50) \u00e0 20:35 Causes de la perte : \u00e0 10000 ft percut\u00e9 par un objet inconnu. Le pilote r\u00e9ussi \u00e0 \u00e9vacuer l&#8217;appareil Lieu de la perte : vers Corbeil (91) Fg Off William Henry Roy Addison [&hellip;]<\/p>\n","protected":false},"author":1,"featured_media":0,"parent":101677,"menu_order":0,"comment_status":"closed","ping_status":"closed","template":"template-full-width Mosquito.php","meta":{"_lmt_disableupdate":"yes","_lmt_disable":"","footnotes":""},"categories":[590],"tags":[3235],"wf_page_folders":[10320],"class_list":["post-104035","page","type-page","status-publish","hentry","category-mosquito","tag-604-squadron"],"_links":{"self":[{"href":"https:\/\/www.auzeau.fr\/39-45\/wp-json\/wp\/v2\/pages\/104035","targetHints":{"allow":["GET"]}}],"collection":[{"href":"https:\/\/www.auzeau.fr\/39-45\/wp-json\/wp\/v2\/pages"}],"about":[{"href":"https:\/\/www.auzeau.fr\/39-45\/wp-json\/wp\/v2\/types\/page"}],"author":[{"embeddable":true,"href":"https:\/\/www.auzeau.fr\/39-45\/wp-json\/wp\/v2\/users\/1"}],"replies":[{"embeddable":true,"href":"https:\/\/www.auzeau.fr\/39-45\/wp-json\/wp\/v2\/comments?post=104035"}],"version-history":[{"count":0,"href":"https:\/\/www.auzeau.fr\/39-45\/wp-json\/wp\/v2\/pages\/104035\/revisions"}],"up":[{"embeddable":true,"href":"https:\/\/www.auzeau.fr\/39-45\/wp-json\/wp\/v2\/pages\/101677"}],"wp:attachment":[{"href":"https:\/\/www.auzeau.fr\/39-45\/wp-json\/wp\/v2\/media?parent=104035"}],"wp:term":[{"taxonomy":"category","embeddable":true,"href":"https:\/\/www.auzeau.fr\/39-45\/wp-json\/wp\/v2\/categories?post=104035"},{"taxonomy":"post_tag","embeddable":true,"href":"https:\/\/www.auzeau.fr\/39-45\/wp-json\/wp\/v2\/tags?post=104035"},{"taxonomy":"wf_page_folders","embeddable":true,"href":"https:\/\/www.auzeau.fr\/39-45\/wp-json\/wp\/v2\/wf_page_folders?post=104035"}],"curies":[{"name":"wp","href":"https:\/\/api.w.org\/{rel}","templated":true}]}}