{"id":103765,"date":"2022-11-15T09:07:09","date_gmt":"2022-11-15T08:07:09","guid":{"rendered":"http:\/\/39-45.auzeau.fr\/?page_id=103765"},"modified":"2022-11-15T09:07:09","modified_gmt":"2022-11-15T08:07:09","slug":"26-bourg-de-peage","status":"publish","type":"page","link":"https:\/\/www.auzeau.fr\/39-45\/france\/26-drome\/26-bourg-de-peage\/","title":{"rendered":"26 &#8211; Bourg-de-P\u00e9age"},"content":{"rendered":"<p><center><iframe style=\"border: 0;\" src=\"https:\/\/www.google.com\/maps\/embed?pb=!4v1667906494955!6m8!1m7!1sO3fXDruGHcrOhqnAh25wcQ!2m2!1d45.02943853834103!2d5.049510800086844!3f142.35200750345604!4f2.975670081882427!5f0.4000000000000002\" width=\"900\" height=\"600\" allowfullscreen=\"allowfullscreen\"><\/iframe><\/center><\/p>\n<table style=\"width: 100%;\" border=\"0\">\n<tbody>\n<tr>\n<td style=\"width: 5%;\"><\/td>\n<td style=\"width: 5%;\"><\/td>\n<td style=\"width: 5%;\"><\/td>\n<td style=\"width: 5%;\"><\/td>\n<td style=\"width: 5%;\"><\/td>\n<td style=\"width: 5%;\"><\/td>\n<td style=\"width: 5%;\"><\/td>\n<td style=\"width: 5%;\"><\/td>\n<td style=\"width: 5%;\"><\/td>\n<td style=\"width: 5%;\"><\/td>\n<td style=\"width: 5%;\"><\/td>\n<td style=\"width: 5%;\"><\/td>\n<td style=\"width: 5%;\"><\/td>\n<td style=\"width: 5%;\"><\/td>\n<td style=\"width: 5%;\"><\/td>\n<td style=\"width: 5%;\"><\/td>\n<td style=\"width: 5%;\"><\/td>\n<td style=\"width: 5%;\"><\/td>\n<td style=\"width: 5%;\"><\/td>\n<td style=\"width: 5%;\"><\/td>\n<\/tr>\n<tr>\n<td style=\"width: 75%;\" colspan=\"15\"><span style=\"color: #000000;\"><strong><span style=\"font-size: xx-large;\">Bloch MB151 n\u00b0 76<br \/>\n<\/span><\/strong><\/span><\/td>\n<td style=\"text-align: center; width: 25%;\" colspan=\"5\"><strong><span style=\"font-size: xx-large;\">GC II\/9<\/span><br \/>\n<\/strong><\/td>\n<\/tr>\n<tr>\n<td style=\"text-align: right; width: 10%;\" colspan=\"2\"><span style=\"font-size: 14px;\"><strong>\u00a0<\/strong><\/span><\/td>\n<td style=\"width: 25%;\" colspan=\"5\"><span style=\"font-size: 14px;\"><em>\u00a0<\/em><\/span><\/td>\n<td style=\"text-align: right; width: 15%;\" colspan=\"3\"><span style=\"font-size: 14px;\"><strong>\u00a0<\/strong><\/span><\/td>\n<td style=\"width: 5%;\"><span style=\"font-size: 14px;\"><em>\u00a0<\/em><\/span><\/td>\n<td style=\"width: 5%;\"><span style=\"font-size: 14px;\"><em>\u00a0<\/em><\/span><\/td>\n<td style=\"width: 5%;\"><span style=\"font-size: 14px;\"><em>\u00a0<\/em><\/span><\/td>\n<td style=\"width: 5%;\"><span style=\"font-size: 14px;\"><em>\u00a0<\/em><\/span><\/td>\n<td style=\"width: 5%;\"><span style=\"font-size: 14px;\"><em>\u00a0<\/em><\/span><\/td>\n<td style=\"width: 5%; text-align: center;\" colspan=\"5\"><\/td>\n<\/tr>\n<tr style=\"height: 40px;\">\n<td style=\"text-align: right; width: 10%;\" colspan=\"2\"><span style=\"font-size: 14px;\"><strong>Date : <\/strong><\/span><\/td>\n<td style=\"width: 25%;\" colspan=\"5\"><span style=\"font-size: 14px;\"><em>\u00a016 mars 1940<br \/>\n<\/em><\/span><\/td>\n<td style=\"text-align: right; width: 15%;\" colspan=\"3\"><span style=\"font-size: 14px;\"><strong>Mission : <\/strong><\/span><\/td>\n<td style=\"width: 50%;\" colspan=\"10\"><span style=\"font-size: 14px;\"><em>\u00a0Vol d&#8217;entrainement au combat<br \/>\n<\/em><\/span><\/td>\n<\/tr>\n<tr style=\"height: 40px;\">\n<td style=\"width: 5%;\"><\/td>\n<td style=\"width: 5%;\"><\/td>\n<td style=\"width: 5%;\"><\/td>\n<td style=\"width: 5%;\"><\/td>\n<td style=\"width: 5%;\"><\/td>\n<td style=\"width: 5%;\"><\/td>\n<td style=\"width: 5%;\"><\/td>\n<td style=\"width: 5%;\"><\/td>\n<td style=\"width: 5%;\"><\/td>\n<td style=\"width: 5%;\"><\/td>\n<td style=\"width: 5%;\"><\/td>\n<td style=\"width: 5%;\"><\/td>\n<td style=\"width: 5%;\"><\/td>\n<td style=\"width: 5%;\"><\/td>\n<td style=\"width: 5%;\"><\/td>\n<td style=\"width: 5%;\"><\/td>\n<td style=\"width: 5%;\"><\/td>\n<td style=\"width: 5%;\"><\/td>\n<td style=\"width: 5%;\"><\/td>\n<td style=\"width: 5%;\"><\/td>\n<\/tr>\n<tr style=\"height: 40px;\">\n<td style=\"width: 5%;\"><\/td>\n<td style=\"width: 5%;\"><\/td>\n<td style=\"text-align: right; width: 25%;\" colspan=\"5\"><span style=\"font-size: 14px;\"><strong>D\u00e9collage : <\/strong><\/span><\/td>\n<td style=\"width: 50%;\" colspan=\"10\"><span style=\"font-size: 14px;\"><em>\u00a0<\/em><\/span><\/td>\n<td style=\"width: 5%;\"><\/td>\n<td style=\"width: 5%;\"><\/td>\n<td style=\"width: 5%;\"><\/td>\n<\/tr>\n<tr style=\"height: 40px;\">\n<td style=\"width: 5%;\"><\/td>\n<td style=\"width: 5%;\"><\/td>\n<td style=\"text-align: right; width: 25%;\" colspan=\"5\"><span style=\"font-size: 14px;\"><strong>Causes de la perte : <\/strong><\/span><\/td>\n<td style=\"width: 65%;\" colspan=\"13\"><span style=\"font-size: 14px;\"><em>\u00a0Collision durant l&#8217;exercice avec le Dewoitine D501 du <span class='tooltipsall tooltipsincontent classtoolTips181'>SLT<\/span> Mottard qui r\u00e9ussi \u00e0 \u00e9vacuer son appareil<br \/>\n<\/em><\/span><\/td>\n<\/tr>\n<tr style=\"height: 40px;\">\n<td style=\"width: 5%;\"><\/td>\n<td style=\"width: 5%;\"><\/td>\n<td style=\"text-align: right; width: 25%;\" colspan=\"5\"><span style=\"font-size: 14px;\"><strong>Lieu de la perte :<br \/>\n<\/strong><\/span><\/td>\n<td style=\"width: 50%;\" colspan=\"10\"><span style=\"font-size: 14px;\"><em>\u00a0 Chaponnay (69)<br \/>\n<\/em><\/span><\/td>\n<td style=\"width: 5%;\"><\/td>\n<td style=\"width: 5%;\"><\/td>\n<td style=\"width: 5%;\"><\/td>\n<\/tr>\n<tr style=\"height: 60px;\">\n<td style=\"width: 5%;\"><span style=\"font-size: 14px;\"><img decoding=\"async\" class=\"aligncenter size-full wp-image-47214\" title=\"France\" src=\"https:\/\/www.auzeau.fr\/39-45\/wp-content\/uploads\/images\/Drapeaux\/France.png\" alt=\"France\" width=\"40\" height=\"20\" \/><\/span><\/td>\n<td style=\"width: 5%;\"><span class='tooltipsall tooltipsincontent classtoolTips179'>Adj<\/span><\/td>\n<td style=\"width: 25%;\" colspan=\"5\">Pierre Abel Georges<\/td>\n<td style=\"width: 10%;\" colspan=\"2\"><span style=\"font-size: 14px; color: #000000;\"><strong>VIOSSAT<\/strong><\/span><\/td>\n<td style=\"text-align: center; width: 10%;\" colspan=\"2\"><span class='tooltipsall tooltipsincontent classtoolTips151'>Pil<\/span><\/td>\n<td style=\"text-align: center; width: 5%;\"><span class='tooltipsall tooltipsincontent classtoolTips136'>AAF<\/span><\/td>\n<td style=\"text-align: center; width: 10%;\" colspan=\"2\"><\/td>\n<td style=\"text-align: center; width: 5%;\"><span style=\"color: #000000;\"><strong><span style=\"font-size: 14px;\"><span class='tooltipsall tooltipsincontent classtoolTips110'>KIA<\/span><\/span><\/strong><\/span><\/td>\n<td style=\"width: 25%;\" colspan=\"5\"><strong><span style=\"color: #000000;\"><span class='tooltipsall tooltipsincontent classtoolTips126'>MPF<\/span><\/span><\/strong><\/td>\n<\/tr>\n<\/tbody>\n<\/table>\n<div id='gallery-1' class='gallery galleryid-103765 gallery-columns-2 gallery-size-thumbnail'><figure class='gallery-item'>\n\t\t\t<div class='gallery-icon landscape'>\n\t\t\t\t<a title=\"Pierre Viossat\"  title=\"Pierre Viossat\"  href='https:\/\/www.auzeau.fr\/39-45\/wp-content\/uploads\/Cimetieres\/01%20--%2030\/26%20-%20Drome\/26-Bourg-de-peage\/Sans-titre-2.JPG'><img decoding=\"async\" width=\"150\" height=\"150\" src=\"https:\/\/www.auzeau.fr\/39-45\/wp-content\/uploads\/Cimetieres\/01 -- 30\/26 - Drome\/26-Bourg-de-peage\/Sans-titre-2-150x150.jpg\" class=\"attachment-thumbnail size-thumbnail\" alt=\"\" srcset=\"https:\/\/www.auzeau.fr\/39-45\/wp-content\/uploads\/Cimetieres\/01%20--%2030\/26%20-%20Drome\/26-Bourg-de-peage\/Sans-titre-2-150x150.jpg 150w, https:\/\/www.auzeau.fr\/39-45\/wp-content\/uploads\/Cimetieres\/01%20--%2030\/26%20-%20Drome\/26-Bourg-de-peage\/Sans-titre-2-50x50.jpg 50w\" sizes=\"(max-width: 150px) 100vw, 150px\" \/><\/a>\n\t\t\t<\/div><\/figure><figure class='gallery-item'>\n\t\t\t<div class='gallery-icon landscape'>\n\t\t\t\t<a title=\"Pierre Viossat\"  title=\"Pierre Viossat\"  href='https:\/\/www.auzeau.fr\/39-45\/wp-content\/uploads\/Cimetieres\/01%20--%2030\/26%20-%20Drome\/26-Bourg-de-peage\/Sans-titre-1.JPG'><img decoding=\"async\" width=\"150\" height=\"150\" src=\"https:\/\/www.auzeau.fr\/39-45\/wp-content\/uploads\/Cimetieres\/01 -- 30\/26 - Drome\/26-Bourg-de-peage\/Sans-titre-1-150x150.jpg\" class=\"attachment-thumbnail size-thumbnail\" alt=\"\" srcset=\"https:\/\/www.auzeau.fr\/39-45\/wp-content\/uploads\/Cimetieres\/01%20--%2030\/26%20-%20Drome\/26-Bourg-de-peage\/Sans-titre-1-150x150.jpg 150w, https:\/\/www.auzeau.fr\/39-45\/wp-content\/uploads\/Cimetieres\/01%20--%2030\/26%20-%20Drome\/26-Bourg-de-peage\/Sans-titre-1-50x50.jpg 50w\" sizes=\"(max-width: 150px) 100vw, 150px\" \/><\/a>\n\t\t\t<\/div><\/figure>\n\t\t<\/div>\n\n<hr \/>\n<p style=\"text-align: center;\"><ul id=\"menu-26-drome\" class=\"menu\"><li id=\"menu-item-103888\" class=\"menu-item menu-item-type-post_type menu-item-object-page menu-item-103888\"><a href=\"https:\/\/www.auzeau.fr\/39-45\/france\/26-drome\/26-bourg-de-peage\/\">26 \u2013 Bourg-de-P\u00e9age<\/a><\/li>\n<li id=\"menu-item-101998\" class=\"menu-item menu-item-type-post_type menu-item-object-page menu-item-101998\"><a href=\"https:\/\/www.auzeau.fr\/39-45\/france\/26-drome\/26-grignan\/\">26 \u2013 Grignan<\/a><\/li>\n<li id=\"menu-item-101997\" class=\"menu-item menu-item-type-post_type menu-item-object-page menu-item-101997\"><a href=\"https:\/\/www.auzeau.fr\/39-45\/france\/26-drome\/26-la-begude-de-mazenc\/\">26 \u2013 La B\u00e9gude-de-Mazenc<\/a><\/li>\n<\/ul>\n<script type=\"text\/javascript\"> toolTips('.classtoolTips98','Colonel'); <\/script><script type=\"text\/javascript\"> toolTips('.classtoolTips110','Tu\u00e9 au combat<br\/><br\/>Killed In Action'); <\/script><script type=\"text\/javascript\"> toolTips('.classtoolTips126','Mort Pour la France'); <\/script><script type=\"text\/javascript\"> toolTips('.classtoolTips136','Arm\u00e9e de l\u2019Air Fran\u00e7aise'); <\/script><script type=\"text\/javascript\"> toolTips('.classtoolTips144','Royal Corps of Signals'); <\/script><script type=\"text\/javascript\"> toolTips('.classtoolTips151','Pilote<br\/><br\/>Pilot'); <\/script><script type=\"text\/javascript\"> toolTips('.classtoolTips157','Centre d\\'Instruction de Chasse'); <\/script><script type=\"text\/javascript\"> toolTips('.classtoolTips179','Adjudant'); <\/script><script type=\"text\/javascript\"> toolTips('.classtoolTips181','Sous-Lieutenant'); <\/script><script type=\"text\/javascript\"> toolTips('.classtoolTips182','Warrant Officer'); <\/script><script type=\"text\/javascript\"> toolTips('.classtoolTips185','Mitrailleur<br\/><br\/>Air Gunner'); <\/script><script type=\"text\/javascript\"> toolTips('.classtoolTips188','Bombardier<br\/><br\/>Air bomber'); <\/script><script type=\"text\/javascript\"> toolTips('.classtoolTips192','<img class=\"aligncenter size-full wp-image-65858\" title=\"Rampe_V1\" src=\"https:\/\/www.auzeau.fr\/39-45\/wp-content\/uploads\/Avions\/Allemand\/Rampe_V1.jpg\" alt=\"\" width=\"640\" height=\"426\" \/><br\/><img class=\"aligncenter size-full wp-image-65859\" title=\"V1\" src=\"https:\/\/www.auzeau.fr\/39-45\/wp-content\/uploads\/Avions\/Allemand\/V1.jpg\" alt=\"\" width=\"640\" height=\"424\" \/>'); <\/script><script type=\"text\/javascript\"> toolTips('.classtoolTips197','Aircraftman'); <\/script><script type=\"text\/javascript\"> toolTips('.classtoolTips199','Radio Officer'); <\/script><script type=\"text\/javascript\"> toolTips('.classtoolTips201','Lieutenant'); <\/script>","protected":false},"excerpt":{"rendered":"<p>Bloch MB151 n\u00b0 76 GC II\/9 \u00a0 \u00a0 \u00a0 \u00a0 \u00a0 \u00a0 \u00a0 \u00a0 Date : \u00a016 mars 1940 Mission : \u00a0Vol d&#8217;entrainement au combat D\u00e9collage : \u00a0 Causes de la perte : \u00a0Collision durant l&#8217;exercice avec le Dewoitine D501 du SLT Mottard qui r\u00e9ussi \u00e0 \u00e9vacuer son appareil Lieu de la perte : \u00a0 [&hellip;]<\/p>\n","protected":false},"author":1,"featured_media":0,"parent":101888,"menu_order":0,"comment_status":"closed","ping_status":"closed","template":"template-full-width MB152.php","meta":{"_lmt_disableupdate":"yes","_lmt_disable":"","footnotes":""},"categories":[1347,332],"tags":[10526],"wf_page_folders":[10365],"class_list":["post-103765","page","type-page","status-publish","hentry","category-bloch-mb151","category-halifax","tag-gc-iii-9"],"_links":{"self":[{"href":"https:\/\/www.auzeau.fr\/39-45\/wp-json\/wp\/v2\/pages\/103765","targetHints":{"allow":["GET"]}}],"collection":[{"href":"https:\/\/www.auzeau.fr\/39-45\/wp-json\/wp\/v2\/pages"}],"about":[{"href":"https:\/\/www.auzeau.fr\/39-45\/wp-json\/wp\/v2\/types\/page"}],"author":[{"embeddable":true,"href":"https:\/\/www.auzeau.fr\/39-45\/wp-json\/wp\/v2\/users\/1"}],"replies":[{"embeddable":true,"href":"https:\/\/www.auzeau.fr\/39-45\/wp-json\/wp\/v2\/comments?post=103765"}],"version-history":[{"count":0,"href":"https:\/\/www.auzeau.fr\/39-45\/wp-json\/wp\/v2\/pages\/103765\/revisions"}],"up":[{"embeddable":true,"href":"https:\/\/www.auzeau.fr\/39-45\/wp-json\/wp\/v2\/pages\/101888"}],"wp:attachment":[{"href":"https:\/\/www.auzeau.fr\/39-45\/wp-json\/wp\/v2\/media?parent=103765"}],"wp:term":[{"taxonomy":"category","embeddable":true,"href":"https:\/\/www.auzeau.fr\/39-45\/wp-json\/wp\/v2\/categories?post=103765"},{"taxonomy":"post_tag","embeddable":true,"href":"https:\/\/www.auzeau.fr\/39-45\/wp-json\/wp\/v2\/tags?post=103765"},{"taxonomy":"wf_page_folders","embeddable":true,"href":"https:\/\/www.auzeau.fr\/39-45\/wp-json\/wp\/v2\/wf_page_folders?post=103765"}],"curies":[{"name":"wp","href":"https:\/\/api.w.org\/{rel}","templated":true}]}}