{"id":103632,"date":"2022-10-29T19:38:47","date_gmt":"2022-10-29T17:38:47","guid":{"rendered":"http:\/\/39-45.auzeau.fr\/?page_id=103632"},"modified":"2022-11-01T09:22:55","modified_gmt":"2022-11-01T08:22:55","slug":"91-etampes-cimetiere-saint-martin-2","status":"publish","type":"page","link":"https:\/\/www.auzeau.fr\/39-45\/france\/91-essonne\/91-etampes-cimetiere-saint-martin-2\/","title":{"rendered":"91 &#8211; \u00c9tampes cimeti\u00e8re Saint-Martin"},"content":{"rendered":"<p><center><iframe style=\"border: 0;\" src=\"https:\/\/www.google.com\/maps\/embed?pb=!4v1649657700485!6m8!1m7!1sOhDOtam5hfLzR8JssCCirQ!2m2!1d48.42984308567685!2d2.136685370893007!3f320.5034442425685!4f2.6953251097409066!5f1.9587109090973311\" width=\"900\" height=\"600\" allowfullscreen=\"allowfullscreen\"><\/iframe><\/center><\/p>\n<table style=\"border-color: #ffffff; width: 100%; background-color: #ffffff;\" border=\"0\">\n<tbody>\n<tr>\n<td style=\"width: 5%;\"><\/td>\n<td style=\"width: 5%;\"><\/td>\n<td style=\"width: 5%;\"><\/td>\n<td style=\"width: 5%;\"><\/td>\n<td style=\"width: 5%;\"><\/td>\n<td style=\"width: 5%;\"><\/td>\n<td style=\"width: 5%;\"><\/td>\n<td style=\"width: 5%;\"><\/td>\n<td style=\"width: 5%;\"><\/td>\n<td style=\"width: 5%;\"><\/td>\n<td style=\"width: 5%;\"><\/td>\n<td style=\"width: 5%;\"><\/td>\n<td style=\"width: 5%;\"><\/td>\n<td style=\"width: 5%;\"><\/td>\n<td style=\"width: 5%;\"><\/td>\n<td style=\"width: 5%;\"><\/td>\n<td style=\"width: 5%;\"><\/td>\n<td style=\"width: 5%;\"><\/td>\n<td style=\"width: 5%;\"><\/td>\n<td style=\"width: 5%;\"><\/td>\n<\/tr>\n<tr>\n<td style=\"width: 75%;\" colspan=\"15\"><span style=\"color: #000000;\"><strong><span style=\"font-size: xx-large;\">Glenn Martin 167F n\u00b0 42<br \/>\n<\/span><\/strong><\/span><\/td>\n<td style=\"text-align: center; width: 25%;\" colspan=\"5\"><strong><span style=\"font-size: xx-large;\">Section Sp\u00e9ciale<br \/>\n<\/span><\/strong><\/td>\n<\/tr>\n<tr style=\"height: 40px;\">\n<td style=\"text-align: right; width: 10%;\" colspan=\"2\"><strong>Date : <\/strong><\/td>\n<td style=\"width: 25%;\" colspan=\"5\"><em>\u00a027 juillet 1943<br \/>\n<\/em><\/td>\n<td style=\"text-align: right; width: 15%;\" colspan=\"3\"><strong>Mission : <\/strong><\/td>\n<td style=\"width: 50%;\" colspan=\"10\">\u00a0<em>Vol de liaison<br \/>\n<\/em><\/td>\n<\/tr>\n<tr style=\"height: 40px;\">\n<td style=\"width: 5%;\"><\/td>\n<td style=\"width: 5%;\"><\/td>\n<td style=\"width: 5%;\"><\/td>\n<td style=\"text-align: right; width: 20%;\" colspan=\"4\"><strong>D\u00e9collage :<\/strong><\/td>\n<td style=\"width: 50%;\" colspan=\"10\"><em>\u00a0<\/em><\/td>\n<td style=\"width: 5%;\"><\/td>\n<td style=\"width: 5%;\"><\/td>\n<td style=\"width: 5%;\"><\/td>\n<\/tr>\n<tr style=\"height: 40px;\">\n<td style=\"width: 5%;\"><\/td>\n<td style=\"width: 5%;\"><\/td>\n<td style=\"text-align: right; width: 25%;\" colspan=\"5\"><strong>Causes de la perte : <\/strong><\/td>\n<td style=\"width: 65%;\" colspan=\"13\"><em>\u00a0Ayant d\u00e9j\u00e0 perdu un moteur, le second moteur perdant de la puissance l&#8217;appareil percute le sol<br \/>\n<\/em><\/td>\n<\/tr>\n<tr style=\"height: 40px;\">\n<td style=\"width: 5%;\"><\/td>\n<td style=\"width: 5%;\"><\/td>\n<td style=\"width: 5%;\"><\/td>\n<td style=\"text-align: right; width: 20%;\" colspan=\"4\"><strong>Lieu de la perte : <\/strong><\/td>\n<td style=\"width: 50%;\" colspan=\"10\"><em>\u00a0 Kherba (Alg\u00e9rie)<\/em><\/td>\n<td style=\"width: 5%;\"><\/td>\n<td style=\"width: 5%;\"><\/td>\n<td style=\"width: 5%;\"><\/td>\n<\/tr>\n<tr style=\"height: 60px;\">\n<td style=\"width: 5%;\"><img decoding=\"async\" class=\"size-full wp-image-47214 alignleft\" title=\"France\" src=\"https:\/\/www.auzeau.fr\/39-45\/wp-content\/uploads\/images\/Drapeaux\/France.png\" alt=\"France\" width=\"40\" height=\"20\" \/><\/td>\n<td style=\"width: 5%;\"><span class='tooltipsall tooltipsincontent classtoolTips170'>Cne<\/span><\/td>\n<td style=\"width: 20%;\" colspan=\"4\">Andr\u00e9 Marie Joseph<\/td>\n<td style=\"width: 20%;\" colspan=\"4\"><strong><span style=\"color: #000000;\">O&#8217;KELLY-FARRELL<\/span><\/strong><\/td>\n<td style=\"text-align: center; width: 5%;\"><span class='tooltipsall tooltipsincontent classtoolTips151'>Pil<\/span><\/td>\n<td style=\"text-align: center; width: 5%;\"><span class='tooltipsall tooltipsincontent classtoolTips132'>FAF<\/span><\/td>\n<td style=\"text-align: center; width: 10%;\" colspan=\"2\"><\/td>\n<td style=\"text-align: center; width: 5%;\"><span style=\"color: #000000;\"><strong><span class='tooltipsall tooltipsincontent classtoolTips110'>KIA<\/span><\/strong><\/span><\/td>\n<td style=\"width: 25%;\" colspan=\"5\"><span style=\"color: #000000;\"><strong><img decoding=\"async\" class=\"size-full wp-image-47270 alignleft\" title=\"Croix de Guerre 39-45\" src=\"https:\/\/www.auzeau.fr\/39-45\/wp-content\/uploads\/images\/Medaille\/Croix-de-Guerre-39-45.png\" alt=\"Croix de Guerre 39-45\" width=\"72\" height=\"20\" \/><span class='tooltipsall tooltipsincontent classtoolTips126'>MPF<\/span> <\/strong><\/span><a href=\"https:\/\/www.auzeau.fr\/39-45\/france\/49-maine-et-loire\/49-chemille-en-anjou\/\"><span style=\"font-size: 8pt;\"><em>Inhum\u00e9 \u00e0 Chemill\u00e9-en-Anjou (49)<\/em><\/span><\/a><span style=\"color: #000000;\"><strong><br \/>\n<\/strong><\/span><\/td>\n<\/tr>\n<tr style=\"height: 60px;\">\n<td style=\"width: 5%;\"><img decoding=\"async\" class=\"size-full wp-image-47214 alignleft\" title=\"France\" src=\"https:\/\/www.auzeau.fr\/39-45\/wp-content\/uploads\/images\/Drapeaux\/France.png\" alt=\"France\" width=\"40\" height=\"20\" \/><\/td>\n<td style=\"width: 5%;\"><span class='tooltipsall tooltipsincontent classtoolTips89'>SCH<\/span><\/td>\n<td colspan=\"4\">Andr\u00e9<\/td>\n<td colspan=\"4\"><strong><span style=\"color: #000000;\">OUL\u00c8S<\/span><\/strong><\/td>\n<td style=\"text-align: center; width: 5%;\"><span class='tooltipsall tooltipsincontent classtoolTips189'>FE<\/span><\/td>\n<td style=\"text-align: center; width: 10%;\"><span class='tooltipsall tooltipsincontent classtoolTips132'>FAF<\/span><\/td>\n<td style=\"text-align: center;\" colspan=\"2\"><\/td>\n<td style=\"text-align: center; width: 5%;\"><span style=\"color: #000000;\"><strong><span class='tooltipsall tooltipsincontent classtoolTips110'>KIA<\/span><\/strong><\/span><\/td>\n<td colspan=\"5\"><span style=\"color: #000000;\"><strong><span class='tooltipsall tooltipsincontent classtoolTips126'>MPF<\/span> <\/strong><\/span><span style=\"font-size: 8pt;\"><em>Lieu d&#8217;inhumation inconnu<\/em><\/span><\/td>\n<\/tr>\n<tr style=\"height: 60px;\">\n<td style=\"width: 5%;\"><\/td>\n<td style=\"width: 5%;\"><\/td>\n<td colspan=\"4\"><\/td>\n<td colspan=\"4\"><\/td>\n<td style=\"text-align: center; width: 5%;\"><\/td>\n<td style=\"text-align: center; width: 10%;\"><\/td>\n<td style=\"text-align: center;\" colspan=\"2\"><\/td>\n<td style=\"text-align: center; width: 5%;\"><\/td>\n<td colspan=\"5\"><\/td>\n<\/tr>\n<tr style=\"height: 60px;\">\n<td style=\"width: 5%;\"><img decoding=\"async\" class=\"size-full wp-image-47214 alignleft\" title=\"France\" src=\"https:\/\/www.auzeau.fr\/39-45\/wp-content\/uploads\/images\/Drapeaux\/France.png\" alt=\"France\" width=\"40\" height=\"20\" \/><\/td>\n<td style=\"width: 5%;\"><span class='tooltipsall tooltipsincontent classtoolTips179'>Adj<\/span><\/td>\n<td colspan=\"4\">Georges Raymond<\/td>\n<td colspan=\"4\"><span style=\"color: #000000;\"><strong>GAUTHIER<\/strong><\/span><\/td>\n<td style=\"text-align: center; width: 5%;\"><span class='tooltipsall tooltipsincontent classtoolTips62'>Pass<\/span><\/td>\n<td style=\"text-align: center; width: 10%;\"><span class='tooltipsall tooltipsincontent classtoolTips132'>FAF<\/span><\/td>\n<td style=\"text-align: center;\" colspan=\"2\"><\/td>\n<td style=\"text-align: center; width: 5%;\"><span style=\"color: #000000;\"><strong><span class='tooltipsall tooltipsincontent classtoolTips110'>KIA<\/span><\/strong><\/span><\/td>\n<td colspan=\"5\"><span style=\"color: #000000;\"><strong> <span class='tooltipsall tooltipsincontent classtoolTips126'>MPF<\/span> <\/strong><\/span><\/td>\n<\/tr>\n<tr style=\"height: 60px;\">\n<td style=\"width: 5%;\"><img decoding=\"async\" class=\"size-full wp-image-47214 alignleft\" title=\"France\" src=\"https:\/\/www.auzeau.fr\/39-45\/wp-content\/uploads\/images\/Drapeaux\/France.png\" alt=\"France\" width=\"40\" height=\"20\" \/><\/td>\n<td style=\"width: 5%;\"><span class='tooltipsall tooltipsincontent classtoolTips170'>Cne<\/span><\/td>\n<td colspan=\"4\">Jean Antoni Georges<\/td>\n<td colspan=\"4\"><span style=\"color: #000000;\"><strong>MOREL<br \/>\n<\/strong><\/span><\/td>\n<td style=\"text-align: center; width: 5%;\"><span class='tooltipsall tooltipsincontent classtoolTips62'>Pass<\/span><\/td>\n<td style=\"text-align: center; width: 10%;\">1er RCP<\/td>\n<td style=\"text-align: center;\" colspan=\"2\"><\/td>\n<td style=\"text-align: center; width: 5%;\"><span style=\"color: #000000;\"><strong><span class='tooltipsall tooltipsincontent classtoolTips110'>KIA<\/span><\/strong><\/span><\/td>\n<td colspan=\"5\"><span style=\"color: #000000;\"><strong><span class='tooltipsall tooltipsincontent classtoolTips126'>MPF<\/span> <\/strong><\/span><span style=\"font-size: 8pt;\">Lieu d&#8217;inhumation inconnu <\/span><\/td>\n<\/tr>\n<tr style=\"height: 60px;\">\n<td style=\"width: 5%;\"><img decoding=\"async\" class=\"size-full wp-image-47214 alignleft\" title=\"France\" src=\"https:\/\/www.auzeau.fr\/39-45\/wp-content\/uploads\/images\/Drapeaux\/France.png\" alt=\"France\" width=\"40\" height=\"20\" \/><\/td>\n<td style=\"width: 5%;\"><span class='tooltipsall tooltipsincontent classtoolTips89'>SCH<\/span><\/td>\n<td colspan=\"4\">Roland \u00c9mile Charles<\/td>\n<td colspan=\"4\"><span style=\"color: #000000;\"><strong>SEMES<\/strong><\/span><\/td>\n<td style=\"text-align: center; width: 5%;\"><span class='tooltipsall tooltipsincontent classtoolTips62'>Pass<\/span><\/td>\n<td style=\"text-align: center; width: 10%;\"><span class='tooltipsall tooltipsincontent classtoolTips132'>FAF<\/span><\/td>\n<td style=\"text-align: center;\" colspan=\"2\"><\/td>\n<td style=\"text-align: center; width: 5%;\"><span style=\"color: #000000;\"><strong><span class='tooltipsall tooltipsincontent classtoolTips110'>KIA<\/span><\/strong><\/span><\/td>\n<td colspan=\"5\"><span style=\"color: #000000;\"><strong><span class='tooltipsall tooltipsincontent classtoolTips126'>MPF<\/span> <\/strong><\/span><span style=\"font-size: 8pt;\">Lieu d&#8217;inhumation inconnu <\/span><\/td>\n<\/tr>\n<\/tbody>\n<\/table>\n<div id='gallery-1' class='gallery galleryid-103632 gallery-columns-2 gallery-size-thumbnail'><figure class='gallery-item'>\n\t\t\t<div class='gallery-icon landscape'>\n\t\t\t\t<a title=\"Georges Gauthier\"  title=\"Georges Gauthier\"  href='https:\/\/www.auzeau.fr\/39-45\/wp-content\/uploads\/Cimetieres\/60%20--\/91%20-%20Essonne\/Etampes%20saint%20martin%202\/Gauthier.JPG'><img decoding=\"async\" width=\"150\" height=\"150\" src=\"https:\/\/www.auzeau.fr\/39-45\/wp-content\/uploads\/Cimetieres\/60 --\/91 - Essonne\/Etampes saint martin 2\/Gauthier-150x150.jpg\" class=\"attachment-thumbnail size-thumbnail\" alt=\"\" srcset=\"https:\/\/www.auzeau.fr\/39-45\/wp-content\/uploads\/Cimetieres\/60%20--\/91%20-%20Essonne\/Etampes%20saint%20martin%202\/Gauthier-150x150.jpg 150w, https:\/\/www.auzeau.fr\/39-45\/wp-content\/uploads\/Cimetieres\/60%20--\/91%20-%20Essonne\/Etampes%20saint%20martin%202\/Gauthier-50x50.jpg 50w\" sizes=\"(max-width: 150px) 100vw, 150px\" \/><\/a>\n\t\t\t<\/div><\/figure><figure class='gallery-item'>\n\t\t\t<div class='gallery-icon landscape'>\n\t\t\t\t<a title=\"Georges Gauthier\"  title=\"Georges Gauthier\"  href='https:\/\/www.auzeau.fr\/39-45\/wp-content\/uploads\/Cimetieres\/60%20--\/91%20-%20Essonne\/Etampes%20saint%20martin%202\/G.Gauthier.JPG'><img loading=\"lazy\" decoding=\"async\" width=\"150\" height=\"150\" src=\"https:\/\/www.auzeau.fr\/39-45\/wp-content\/uploads\/Cimetieres\/60 --\/91 - Essonne\/Etampes saint martin 2\/G.Gauthier-150x150.jpg\" class=\"attachment-thumbnail size-thumbnail\" alt=\"\" srcset=\"https:\/\/www.auzeau.fr\/39-45\/wp-content\/uploads\/Cimetieres\/60%20--\/91%20-%20Essonne\/Etampes%20saint%20martin%202\/G.Gauthier-150x150.jpg 150w, https:\/\/www.auzeau.fr\/39-45\/wp-content\/uploads\/Cimetieres\/60%20--\/91%20-%20Essonne\/Etampes%20saint%20martin%202\/G.Gauthier-50x50.jpg 50w\" sizes=\"(max-width: 150px) 100vw, 150px\" \/><\/a>\n\t\t\t<\/div><\/figure>\n\t\t<\/div>\n\n<table style=\"width: 100%; border-collapse: collapse; background-color: #dcdcdc;\">\n<tbody>\n<tr>\n<td style=\"width: 100%; text-align: center;\"><ul id=\"menu-91-etampes\" class=\"menu\"><li id=\"menu-item-103707\" class=\"menu-item menu-item-type-post_type menu-item-object-page menu-item-103707\"><a href=\"https:\/\/www.auzeau.fr\/39-45\/france\/91-essonne\/91-etampes-cimetiere-saint-martin\/\">LeO 451 n\u00b0 109<\/a><\/li>\n<li id=\"menu-item-103708\" class=\"menu-item menu-item-type-post_type menu-item-object-page menu-item-103708\"><a href=\"https:\/\/www.auzeau.fr\/39-45\/france\/91-essonne\/91-etampes-cimetiere-saint-martin-2\/\">Glenn Martin 167F n\u00b0 42<\/a><\/li>\n<\/ul><\/td>\n<\/tr>\n<\/tbody>\n<\/table>\n<hr \/>\n<p style=\"text-align: center;\"><ul id=\"menu-91-essonne\" class=\"menu\"><li id=\"menu-item-102659\" class=\"menu-item menu-item-type-post_type menu-item-object-page menu-item-102659\"><a href=\"https:\/\/www.auzeau.fr\/39-45\/france\/91-essonne\/91-bievres\/\">91 \u2013 Bi\u00e8vres<\/a><\/li>\n<li id=\"menu-item-102660\" class=\"menu-item menu-item-type-post_type menu-item-object-page menu-item-102660\"><a href=\"https:\/\/www.auzeau.fr\/39-45\/france\/91-essonne\/91-boissy-sous-saint-yon\/\">91 \u2013 Boissy-sous-Saint-Yon<\/a><\/li>\n<li id=\"menu-item-102662\" class=\"menu-item menu-item-type-post_type menu-item-object-page menu-item-102662\"><a href=\"https:\/\/www.auzeau.fr\/39-45\/france\/91-essonne\/91-bretigny-sur-orge\/\">91 \u2013 Br\u00e9tigny-sur-Orge<\/a><\/li>\n<li id=\"menu-item-113874\" class=\"menu-item menu-item-type-post_type menu-item-object-page menu-item-113874\"><a href=\"https:\/\/www.auzeau.fr\/39-45\/france\/91-essonne\/91-breux-jouy\/\">91 \u2013 Breux-Jouy<\/a><\/li>\n<li id=\"menu-item-104379\" class=\"menu-item menu-item-type-post_type menu-item-object-page menu-item-104379\"><a href=\"https:\/\/www.auzeau.fr\/39-45\/france\/91-essonne\/91-corbeil-essonnes\/\">91 \u2013 Corbeil-Essonnes<\/a><\/li>\n<li id=\"menu-item-113876\" class=\"menu-item menu-item-type-post_type menu-item-object-page menu-item-113876\"><a href=\"https:\/\/www.auzeau.fr\/39-45\/france\/91-essonne\/91-courances\/\">91 \u2013 Courances<\/a><\/li>\n<li id=\"menu-item-102665\" class=\"menu-item menu-item-type-post_type menu-item-object-page menu-item-102665\"><a href=\"https:\/\/www.auzeau.fr\/39-45\/france\/91-essonne\/91-etampes-cimetiere-saint-martin\/\">91 \u2013 \u00c9tampe cimeti\u00e8re Saint-Martin<\/a><\/li>\n<li id=\"menu-item-102666\" class=\"menu-item menu-item-type-post_type menu-item-object-page menu-item-102666\"><a href=\"https:\/\/www.auzeau.fr\/39-45\/france\/91-essonne\/91-etampes-cimetiere-notre-dame\/\">91 \u2013 \u00c9tampes cimeti\u00e8re Notre-Dame<\/a><\/li>\n<li id=\"menu-item-102667\" class=\"menu-item menu-item-type-post_type menu-item-object-page menu-item-102667\"><a href=\"https:\/\/www.auzeau.fr\/39-45\/france\/91-essonne\/91-etampes-cimetiere-saint-gilles\/\">91 \u2013 \u00c9tampes cimeti\u00e8re Saint-Gilles<\/a><\/li>\n<li id=\"menu-item-102669\" class=\"menu-item menu-item-type-post_type menu-item-object-page menu-item-102669\"><a href=\"https:\/\/www.auzeau.fr\/39-45\/france\/91-essonne\/91-guillerval\/\">91 \u2013 Guillerval<\/a><\/li>\n<li id=\"menu-item-102862\" class=\"menu-item menu-item-type-post_type menu-item-object-page menu-item-102862\"><a href=\"https:\/\/www.auzeau.fr\/39-45\/france\/91-essonne\/91-massy-cimetiere-sud\/\">91 \u2013 Massy cimeti\u00e8re Sud<\/a><\/li>\n<li id=\"menu-item-102861\" class=\"menu-item menu-item-type-post_type menu-item-object-page menu-item-102861\"><a href=\"https:\/\/www.auzeau.fr\/39-45\/france\/91-essonne\/91-montgeron\/\">91 \u2013 Montgeron<\/a><\/li>\n<li id=\"menu-item-102672\" class=\"menu-item menu-item-type-post_type menu-item-object-page menu-item-102672\"><a href=\"https:\/\/www.auzeau.fr\/39-45\/france\/91-essonne\/91-morigny-champigny\/\">91 \u2013 Morigny-Champigny<\/a><\/li>\n<li id=\"menu-item-113875\" class=\"menu-item menu-item-type-post_type menu-item-object-page menu-item-113875\"><a href=\"https:\/\/www.auzeau.fr\/39-45\/france\/91-essonne\/91-orsay\/\">91 \u2013 Orsay<\/a><\/li>\n<li id=\"menu-item-113877\" class=\"menu-item menu-item-type-post_type menu-item-object-page menu-item-113877\"><a href=\"https:\/\/www.auzeau.fr\/39-45\/france\/91-essonne\/91-souzy-la-briche\/\">91 \u2013 Souzy-la-Briche<\/a><\/li>\n<\/ul>\n<script type=\"text\/javascript\"> toolTips('.classtoolTips62','Passager<br\/><br\/>Passenger'); <\/script><script type=\"text\/javascript\"> toolTips('.classtoolTips89','Sergent-Chef'); <\/script><script type=\"text\/javascript\"> toolTips('.classtoolTips98','Colonel'); <\/script><script type=\"text\/javascript\"> toolTips('.classtoolTips110','Tu\u00e9 au combat<br\/><br\/>Killed In Action'); <\/script><script type=\"text\/javascript\"> toolTips('.classtoolTips126','Mort Pour la France'); <\/script><script type=\"text\/javascript\"> toolTips('.classtoolTips132','Force A\u00e9rienne Fran\u00e7aise<br\/><br\/>French Air Force'); <\/script><script type=\"text\/javascript\"> toolTips('.classtoolTips138','<strong>Piste Avanc\u00e9e d\\'Aviation<\/strong><br\/><br\/>A\u00e9rodromes temporaires construits par les Alli\u00e9s au cours de la Seconde Guerre mondiale durant la lib\u00e9ration de l\\'Europe.<br\/><br\/><strong>Advanced Landing Ground<\/strong><br\/><br\/>Temporary advance airfields constructed by the Allies during World War II during the liberation of Europe.'); <\/script><script type=\"text\/javascript\"> toolTips('.classtoolTips144','Royal Corps of Signals'); <\/script><script type=\"text\/javascript\"> toolTips('.classtoolTips151','Pilote<br\/><br\/>Pilot'); <\/script><script type=\"text\/javascript\"> toolTips('.classtoolTips170','Capitaine'); <\/script><script type=\"text\/javascript\"> toolTips('.classtoolTips179','Adjudant'); <\/script><script type=\"text\/javascript\"> toolTips('.classtoolTips185','Mitrailleur<br\/><br\/>Air Gunner'); <\/script><script type=\"text\/javascript\"> toolTips('.classtoolTips186','Zone d\u2019Atterrissage<br\/><br\/>Landing Zone'); <\/script><script type=\"text\/javascript\"> toolTips('.classtoolTips188','Bombardier<br\/><br\/>Air bomber'); <\/script><script type=\"text\/javascript\"> toolTips('.classtoolTips189','M\u00e9canicien volant<br\/><br\/>Flying Enginer'); <\/script><script type=\"text\/javascript\"> toolTips('.classtoolTips192','<img class=\"aligncenter size-full wp-image-65858\" title=\"Rampe_V1\" src=\"https:\/\/www.auzeau.fr\/39-45\/wp-content\/uploads\/Avions\/Allemand\/Rampe_V1.jpg\" alt=\"\" width=\"640\" height=\"426\" \/><br\/><img class=\"aligncenter size-full wp-image-65859\" title=\"V1\" src=\"https:\/\/www.auzeau.fr\/39-45\/wp-content\/uploads\/Avions\/Allemand\/V1.jpg\" alt=\"\" width=\"640\" height=\"424\" \/>'); <\/script><script type=\"text\/javascript\"> toolTips('.classtoolTips195','Enseigne de Vaisseau'); <\/script><script type=\"text\/javascript\"> toolTips('.classtoolTips197','Aircraftman'); <\/script><script type=\"text\/javascript\"> toolTips('.classtoolTips199','Radio Officer'); <\/script><script type=\"text\/javascript\"> toolTips('.classtoolTips201','Lieutenant'); <\/script>","protected":false},"excerpt":{"rendered":"<p>Glenn Martin 167F n\u00b0 42 Section Sp\u00e9ciale Date : \u00a027 juillet 1943 Mission : \u00a0Vol de liaison D\u00e9collage : \u00a0 Causes de la perte : \u00a0Ayant d\u00e9j\u00e0 perdu un moteur, le second moteur perdant de la puissance l&#8217;appareil percute le sol Lieu de la perte : \u00a0 Kherba (Alg\u00e9rie) Cne Andr\u00e9 Marie Joseph O&#8217;KELLY-FARRELL Pil [&hellip;]<\/p>\n","protected":false},"author":1,"featured_media":0,"parent":101170,"menu_order":0,"comment_status":"closed","ping_status":"closed","template":"template-full-width Glen Martin.php","meta":{"_lmt_disableupdate":"yes","_lmt_disable":"","footnotes":""},"categories":[928],"tags":[],"wf_page_folders":[10290],"class_list":["post-103632","page","type-page","status-publish","hentry","category-glenn-martin-167f"],"_links":{"self":[{"href":"https:\/\/www.auzeau.fr\/39-45\/wp-json\/wp\/v2\/pages\/103632","targetHints":{"allow":["GET"]}}],"collection":[{"href":"https:\/\/www.auzeau.fr\/39-45\/wp-json\/wp\/v2\/pages"}],"about":[{"href":"https:\/\/www.auzeau.fr\/39-45\/wp-json\/wp\/v2\/types\/page"}],"author":[{"embeddable":true,"href":"https:\/\/www.auzeau.fr\/39-45\/wp-json\/wp\/v2\/users\/1"}],"replies":[{"embeddable":true,"href":"https:\/\/www.auzeau.fr\/39-45\/wp-json\/wp\/v2\/comments?post=103632"}],"version-history":[{"count":0,"href":"https:\/\/www.auzeau.fr\/39-45\/wp-json\/wp\/v2\/pages\/103632\/revisions"}],"up":[{"embeddable":true,"href":"https:\/\/www.auzeau.fr\/39-45\/wp-json\/wp\/v2\/pages\/101170"}],"wp:attachment":[{"href":"https:\/\/www.auzeau.fr\/39-45\/wp-json\/wp\/v2\/media?parent=103632"}],"wp:term":[{"taxonomy":"category","embeddable":true,"href":"https:\/\/www.auzeau.fr\/39-45\/wp-json\/wp\/v2\/categories?post=103632"},{"taxonomy":"post_tag","embeddable":true,"href":"https:\/\/www.auzeau.fr\/39-45\/wp-json\/wp\/v2\/tags?post=103632"},{"taxonomy":"wf_page_folders","embeddable":true,"href":"https:\/\/www.auzeau.fr\/39-45\/wp-json\/wp\/v2\/wf_page_folders?post=103632"}],"curies":[{"name":"wp","href":"https:\/\/api.w.org\/{rel}","templated":true}]}}