{"id":103613,"date":"2022-10-26T08:34:07","date_gmt":"2022-10-26T06:34:07","guid":{"rendered":"http:\/\/39-45.auzeau.fr\/?page_id=103613"},"modified":"2022-11-01T08:04:52","modified_gmt":"2022-11-01T07:04:52","slug":"17-saint-georges-des-coteaux","status":"publish","type":"page","link":"https:\/\/www.auzeau.fr\/39-45\/france\/17-charente-maritime\/17-saint-georges-des-coteaux\/","title":{"rendered":"17 &#8211; Saint-Georges-des-Coteaux"},"content":{"rendered":"<p><img fetchpriority=\"high\" decoding=\"async\" class=\"aligncenter size-full wp-image-103609\" title=\"St-Georges-des-Coteaux\" src=\"https:\/\/www.auzeau.fr\/39-45\/wp-content\/uploads\/Cimetieres\/01%20--%2030\/17%20-%20Charente-Maritime\/St-Georges-des-Coteaux\/St-Georges-des-Coteaux.JPG\" alt=\"\" width=\"900\" height=\"422\" \/><\/p>\n<table style=\"border-color: #ffffff; width: 100%; background-color: #ffffff;\" border=\"0\">\n<tbody>\n<tr>\n<td style=\"width: 5%;\"><\/td>\n<td style=\"width: 5%;\"><\/td>\n<td style=\"width: 5%;\"><\/td>\n<td style=\"width: 5%;\"><\/td>\n<td style=\"width: 5%;\"><\/td>\n<td style=\"width: 5%;\"><\/td>\n<td style=\"width: 5%;\"><\/td>\n<td style=\"width: 5%;\"><\/td>\n<td style=\"width: 5%;\"><\/td>\n<td style=\"width: 5%;\"><\/td>\n<td style=\"width: 5%;\"><\/td>\n<td style=\"width: 5%;\"><\/td>\n<td style=\"width: 5%;\"><\/td>\n<td style=\"width: 5%;\"><\/td>\n<td style=\"width: 5%;\"><\/td>\n<td style=\"width: 5%;\"><\/td>\n<td style=\"width: 5%;\"><\/td>\n<td style=\"width: 5%;\"><\/td>\n<td style=\"width: 5%;\"><\/td>\n<td style=\"width: 5%;\"><\/td>\n<\/tr>\n<tr>\n<td style=\"width: 75%;\" colspan=\"15\"><span style=\"color: #000000;\"><strong><span style=\"font-size: xx-large;\">Halifax NA260 L8-G<br \/>\n<\/span><\/strong><\/span><\/td>\n<td style=\"text-align: center; width: 25%;\" colspan=\"5\"><strong><span style=\"font-size: xx-large;\">347 Sqn<\/span><br \/>\nGB I\/25 &#8220;Tunisie&#8221;<\/strong><\/td>\n<\/tr>\n<tr style=\"height: 40px;\">\n<td style=\"text-align: right; width: 10%;\" colspan=\"2\"><strong>Date : <\/strong><\/td>\n<td style=\"width: 25%;\" colspan=\"5\"><em>\u00a007 f\u00e9vrier 1945<br \/>\n<\/em><\/td>\n<td style=\"text-align: right; width: 15%;\" colspan=\"3\"><strong>Mission : <\/strong><\/td>\n<td style=\"width: 50%;\" colspan=\"10\">\u00a0<em>Goch<\/em><\/td>\n<\/tr>\n<tr style=\"height: 40px;\">\n<td style=\"width: 5%;\"><\/td>\n<td style=\"width: 5%;\"><\/td>\n<td style=\"width: 5%;\"><\/td>\n<td style=\"text-align: right; width: 20%;\" colspan=\"4\"><strong>D\u00e9collage :<\/strong><\/td>\n<td style=\"width: 50%;\" colspan=\"10\"><em>\u00a0Elvington \u00e0 18:57<br \/>\n<\/em><\/td>\n<td style=\"width: 5%;\"><\/td>\n<td style=\"width: 5%;\"><\/td>\n<td style=\"width: 5%;\"><\/td>\n<\/tr>\n<tr style=\"height: 40px;\">\n<td style=\"width: 5%;\"><\/td>\n<td style=\"width: 5%;\"><\/td>\n<td style=\"text-align: right; width: 25%;\" colspan=\"5\"><strong>Causes de la perte : <\/strong><\/td>\n<td style=\"width: 65%;\" colspan=\"13\"><em>\u00a0Abattu par la chasse de nuit (Hptm Gerhard Raht I\/NJG 2)<br \/>\n<\/em><\/td>\n<\/tr>\n<tr style=\"height: 40px;\">\n<td style=\"width: 5%;\"><\/td>\n<td style=\"width: 5%;\"><\/td>\n<td style=\"width: 5%;\"><\/td>\n<td style=\"text-align: right; width: 20%;\" colspan=\"4\"><strong>Lieu de la perte : <\/strong><\/td>\n<td style=\"width: 50%;\" colspan=\"10\"><em> \u00a0Asten (Pays-Bas)<\/em><\/td>\n<td style=\"width: 5%;\"><\/td>\n<td style=\"width: 5%;\"><\/td>\n<td style=\"width: 5%;\"><\/td>\n<\/tr>\n<tr style=\"height: 60px;\">\n<td style=\"width: 5%;\"><img decoding=\"async\" class=\"size-full wp-image-47214 alignleft\" title=\"France\" src=\"https:\/\/www.auzeau.fr\/39-45\/wp-content\/uploads\/images\/Drapeaux\/France.png\" alt=\"France\" width=\"40\" height=\"20\" \/><\/td>\n<td style=\"width: 5%;\"><span class='tooltipsall tooltipsincontent classtoolTips178'>ADC<\/span><\/td>\n<td style=\"width: 20%;\" colspan=\"4\">Jean Georges<\/td>\n<td style=\"width: 20%;\" colspan=\"4\"><strong><span style=\"color: #000000;\">AULEN<\/span><\/strong><\/td>\n<td style=\"text-align: center; width: 5%;\"><span class='tooltipsall tooltipsincontent classtoolTips151'>Pil<\/span><\/td>\n<td style=\"text-align: center; width: 5%;\"><span class='tooltipsall tooltipsincontent classtoolTips132'>FAF<\/span><\/td>\n<td style=\"text-align: center; width: 10%;\" colspan=\"2\">C8912<\/td>\n<td style=\"text-align: center; width: 5%;\"><span style=\"color: #000000;\"><strong><span class='tooltipsall tooltipsincontent classtoolTips110'>KIA<\/span><\/strong><\/span><\/td>\n<td style=\"width: 25%;\" colspan=\"5\"><span style=\"color: #000000;\"><strong><span class='tooltipsall tooltipsincontent classtoolTips126'>MPF<\/span> <\/strong><\/span><a href=\"https:\/\/www.auzeau.fr\/39-45\/france\/21-cote-dor\/21-messigny-et-vantoux\/\"><span style=\"font-size: 8pt;\"><em>Inhum\u00e9 \u00e0 Messigny-et-Vantoux (21)<\/em><\/span><\/a><span style=\"color: #000000;\"><strong><br \/>\n<\/strong><\/span><\/td>\n<\/tr>\n<tr style=\"height: 60px;\">\n<td style=\"width: 5%;\"><img decoding=\"async\" class=\"size-full wp-image-47214 alignleft\" title=\"France\" src=\"https:\/\/www.auzeau.fr\/39-45\/wp-content\/uploads\/images\/Drapeaux\/France.png\" alt=\"France\" width=\"40\" height=\"20\" \/><\/td>\n<td style=\"width: 5%;\"><span class='tooltipsall tooltipsincontent classtoolTips89'>SCH<\/span><\/td>\n<td colspan=\"4\">Henri<\/td>\n<td colspan=\"4\"><strong><span style=\"color: #000000;\">BERDEAUX<\/span><\/strong><\/td>\n<td style=\"text-align: center; width: 5%;\"><span class='tooltipsall tooltipsincontent classtoolTips115'>WOP<\/span><\/td>\n<td style=\"text-align: center; width: 10%;\"><span class='tooltipsall tooltipsincontent classtoolTips132'>FAF<\/span><\/td>\n<td style=\"text-align: center;\" colspan=\"2\">C3236<\/td>\n<td style=\"text-align: center; width: 5%;\"><span style=\"color: #000000;\"><strong><span class='tooltipsall tooltipsincontent classtoolTips110'>KIA<\/span><\/strong><\/span><\/td>\n<td colspan=\"5\"><span style=\"color: #000000;\"><strong><span class='tooltipsall tooltipsincontent classtoolTips126'>MPF<\/span> <\/strong><\/span><span style=\"font-size: 8pt;\"><em>Lieu d&#8217;inhumation inconnu<\/em><\/span><\/td>\n<\/tr>\n<tr style=\"height: 60px;\">\n<td style=\"width: 5%;\"><img decoding=\"async\" class=\"size-full wp-image-47214 alignleft\" title=\"France\" src=\"https:\/\/www.auzeau.fr\/39-45\/wp-content\/uploads\/images\/Drapeaux\/France.png\" alt=\"France\" width=\"40\" height=\"20\" \/><\/td>\n<td style=\"width: 5%;\"><span class='tooltipsall tooltipsincontent classtoolTips96'>Sgt<\/span><\/td>\n<td colspan=\"4\">Roger<\/td>\n<td colspan=\"4\"><span style=\"color: #000000;\"><strong>BORDELAIS<br \/>\n<\/strong><\/span><\/td>\n<td style=\"text-align: center; width: 5%;\"><span class='tooltipsall tooltipsincontent classtoolTips185'>AG<\/span><\/td>\n<td style=\"text-align: center; width: 10%;\"><span class='tooltipsall tooltipsincontent classtoolTips132'>FAF<\/span><\/td>\n<td style=\"text-align: center;\" colspan=\"2\">C13112<\/td>\n<td style=\"text-align: center; width: 5%;\"><span style=\"color: #000000;\"><strong><span class='tooltipsall tooltipsincontent classtoolTips110'>KIA<\/span><br \/>\n<\/strong><\/span><\/td>\n<td colspan=\"5\"><span style=\"color: #000000;\"><strong><span class='tooltipsall tooltipsincontent classtoolTips126'>MPF<\/span> <\/strong><\/span><span style=\"font-size: 8pt;\"><em>Lieu d&#8217;inhumation inconnu<\/em><\/span><span style=\"color: #000000;\"><strong><br \/>\n<\/strong><\/span><\/td>\n<\/tr>\n<tr style=\"height: 60px;\">\n<td style=\"width: 5%;\"><img decoding=\"async\" class=\"size-full wp-image-47214 alignleft\" title=\"France\" src=\"https:\/\/www.auzeau.fr\/39-45\/wp-content\/uploads\/images\/Drapeaux\/France.png\" alt=\"France\" width=\"40\" height=\"20\" \/><\/td>\n<td style=\"width: 5%;\"><span class='tooltipsall tooltipsincontent classtoolTips96'>Sgt<\/span><\/td>\n<td colspan=\"4\">Maurice Jules Auguste<\/td>\n<td colspan=\"4\"><span style=\"color: #000000;\"><strong>BORDIER<\/strong><\/span><\/td>\n<td style=\"text-align: center; width: 5%;\"><span class='tooltipsall tooltipsincontent classtoolTips185'>AG<\/span><\/td>\n<td style=\"text-align: center; width: 10%;\"><span class='tooltipsall tooltipsincontent classtoolTips132'>FAF<\/span><\/td>\n<td style=\"text-align: center;\" colspan=\"2\">37367<\/td>\n<td style=\"text-align: center; width: 5%;\"><span style=\"color: #000000;\"><strong><span class='tooltipsall tooltipsincontent classtoolTips110'>KIA<\/span><\/strong><\/span><\/td>\n<td colspan=\"5\"><span style=\"color: #000000;\"><strong> <span class='tooltipsall tooltipsincontent classtoolTips126'>MPF<\/span> <\/strong><\/span><a href=\"https:\/\/www.auzeau.fr\/39-45\/pays-bas\/kapelle-3\/\"><span style=\"font-size: 8pt;\"><em>Inhum\u00e9 \u00e0 Kapelle (Pays-Bas)<\/em><\/span><\/a><\/td>\n<\/tr>\n<tr style=\"height: 60px;\">\n<td style=\"width: 5%;\"><img decoding=\"async\" class=\"size-full wp-image-47214 alignleft\" title=\"France\" src=\"https:\/\/www.auzeau.fr\/39-45\/wp-content\/uploads\/images\/Drapeaux\/France.png\" alt=\"France\" width=\"40\" height=\"20\" \/><\/td>\n<td style=\"width: 5%;\"><span class='tooltipsall tooltipsincontent classtoolTips89'>SCH<\/span><\/td>\n<td colspan=\"4\">Raymond Gaston<\/td>\n<td colspan=\"4\"><span style=\"color: #000000;\"><strong>PATRY<br \/>\n<\/strong><\/span><\/td>\n<td style=\"text-align: center; width: 5%;\"><span class='tooltipsall tooltipsincontent classtoolTips189'>FE<\/span><\/td>\n<td style=\"text-align: center; width: 10%;\"><span class='tooltipsall tooltipsincontent classtoolTips132'>FAF<\/span><\/td>\n<td style=\"text-align: center;\" colspan=\"2\">3775<\/td>\n<td style=\"text-align: center; width: 5%;\"><span style=\"color: #000000;\"><strong><span class='tooltipsall tooltipsincontent classtoolTips110'>KIA<\/span><\/strong><\/span><\/td>\n<td colspan=\"5\"><span style=\"color: #000000;\"><strong><span class='tooltipsall tooltipsincontent classtoolTips126'>MPF<\/span>\u00a0<\/strong><\/span><\/td>\n<\/tr>\n<tr style=\"height: 60px;\">\n<td style=\"width: 5%;\"><img decoding=\"async\" class=\"size-full wp-image-47214 alignleft\" title=\"France\" src=\"https:\/\/www.auzeau.fr\/39-45\/wp-content\/uploads\/images\/Drapeaux\/France.png\" alt=\"France\" width=\"40\" height=\"20\" \/><\/td>\n<td style=\"width: 5%;\"><span class='tooltipsall tooltipsincontent classtoolTips170'>Cne<\/span><\/td>\n<td colspan=\"4\">Gustave Hector Nicolas<\/td>\n<td colspan=\"4\"><span style=\"color: #000000;\"><strong>STANISLAS<\/strong><\/span><\/td>\n<td style=\"text-align: center; width: 5%;\"><span class='tooltipsall tooltipsincontent classtoolTips116'>Nav<\/span><\/td>\n<td style=\"text-align: center; width: 10%;\"><span class='tooltipsall tooltipsincontent classtoolTips132'>FAF<\/span><\/td>\n<td style=\"text-align: center;\" colspan=\"2\">000936<\/td>\n<td style=\"text-align: center; width: 5%;\"><span class='tooltipsall tooltipsincontent classtoolTips112'>WIA<\/span><\/td>\n<td colspan=\"5\"><span style=\"color: #000000;\"><strong>\u00a0<\/strong><\/span><\/td>\n<\/tr>\n<tr style=\"height: 60px;\">\n<td style=\"width: 5%;\"><img decoding=\"async\" class=\"size-full wp-image-47214 alignleft\" title=\"France\" src=\"https:\/\/www.auzeau.fr\/39-45\/wp-content\/uploads\/images\/Drapeaux\/France.png\" alt=\"France\" width=\"40\" height=\"20\" \/><\/td>\n<td style=\"width: 5%;\"><span class='tooltipsall tooltipsincontent classtoolTips181'>SLT<\/span><\/td>\n<td style=\"width: 25%;\" colspan=\"4\">Corentin Pierre Marie<\/td>\n<td style=\"width: 20%;\" colspan=\"4\"><span style=\"color: #000000;\"><strong>ROGNANT<\/strong><\/span><\/td>\n<td style=\"text-align: center; width: 5%;\"><span class='tooltipsall tooltipsincontent classtoolTips188'>AB<\/span><\/td>\n<td style=\"text-align: center; width: 10%;\"><span class='tooltipsall tooltipsincontent classtoolTips132'>FAF<\/span><\/td>\n<td style=\"text-align: center; width: 10%;\" colspan=\"2\">002344<\/td>\n<td style=\"text-align: center; width: 5%;\"><span style=\"color: #000000;\"><strong><span class='tooltipsall tooltipsincontent classtoolTips110'>KIA<\/span><\/strong><\/span><\/td>\n<td style=\"width: 25%;\" colspan=\"5\"><span style=\"color: #000000;\"><strong><span class='tooltipsall tooltipsincontent classtoolTips126'>MPF<\/span> <\/strong><\/span><em><span style=\"font-size: 8pt;\">Inhum\u00e9 \u00e0 Swartbroek Weert (Pays-Bas)<\/span><\/em><span style=\"color: #000000;\"><strong><br \/>\n<\/strong><\/span><\/td>\n<\/tr>\n<\/tbody>\n<\/table>\n<div id='gallery-1' class='gallery galleryid-103613 gallery-columns-2 gallery-size-thumbnail'><figure class='gallery-item'>\n\t\t\t<div class='gallery-icon portrait'>\n\t\t\t\t<a title=\"Raymond Patry\"  title=\"Raymond Patry\"  href='https:\/\/www.auzeau.fr\/39-45\/wp-content\/uploads\/Cimetieres\/01%20--%2030\/17%20-%20Charente-Maritime\/St-Georges-des-Coteaux\/Patry.JPG'><img decoding=\"async\" width=\"150\" height=\"150\" src=\"https:\/\/www.auzeau.fr\/39-45\/wp-content\/uploads\/Cimetieres\/01 -- 30\/17 - Charente-Maritime\/St-Georges-des-Coteaux\/Patry-150x150.jpg\" class=\"attachment-thumbnail size-thumbnail\" alt=\"\" srcset=\"https:\/\/www.auzeau.fr\/39-45\/wp-content\/uploads\/Cimetieres\/01%20--%2030\/17%20-%20Charente-Maritime\/St-Georges-des-Coteaux\/Patry-150x150.jpg 150w, https:\/\/www.auzeau.fr\/39-45\/wp-content\/uploads\/Cimetieres\/01%20--%2030\/17%20-%20Charente-Maritime\/St-Georges-des-Coteaux\/Patry-50x50.jpg 50w\" sizes=\"(max-width: 150px) 100vw, 150px\" \/><\/a>\n\t\t\t<\/div><\/figure><figure class='gallery-item'>\n\t\t\t<div class='gallery-icon landscape'>\n\t\t\t\t<a title=\"Raymond Patry\"  title=\"Raymond Patry\"  href='https:\/\/www.auzeau.fr\/39-45\/wp-content\/uploads\/Cimetieres\/01%20--%2030\/17%20-%20Charente-Maritime\/St-Georges-des-Coteaux\/R.-Patry-1.jpg'><img loading=\"lazy\" decoding=\"async\" width=\"150\" height=\"150\" src=\"https:\/\/www.auzeau.fr\/39-45\/wp-content\/uploads\/Cimetieres\/01 -- 30\/17 - Charente-Maritime\/St-Georges-des-Coteaux\/R.-Patry-1-150x150.jpg\" class=\"attachment-thumbnail size-thumbnail\" alt=\"\" srcset=\"https:\/\/www.auzeau.fr\/39-45\/wp-content\/uploads\/Cimetieres\/01%20--%2030\/17%20-%20Charente-Maritime\/St-Georges-des-Coteaux\/R.-Patry-1-150x150.jpg 150w, https:\/\/www.auzeau.fr\/39-45\/wp-content\/uploads\/Cimetieres\/01%20--%2030\/17%20-%20Charente-Maritime\/St-Georges-des-Coteaux\/R.-Patry-1-50x50.jpg 50w\" sizes=\"(max-width: 150px) 100vw, 150px\" \/><\/a>\n\t\t\t<\/div><\/figure>\n\t\t<\/div>\n\n<hr \/>\n<p style=\"text-align: center;\"><ul id=\"menu-17-charentes-maritime\" class=\"menu\"><li id=\"menu-item-50782\" class=\"menu-item menu-item-type-post_type menu-item-object-page menu-item-50782\"><a href=\"https:\/\/www.auzeau.fr\/39-45\/france\/17-charente-maritime\/17-ars-en-re\/\">17 \u2013 Ars-en-R\u00e9<\/a><\/li>\n<li id=\"menu-item-113410\" class=\"menu-item menu-item-type-post_type menu-item-object-page menu-item-113410\"><a href=\"https:\/\/www.auzeau.fr\/39-45\/france\/17-charente-maritime\/17-bussac-foret\/\">17 \u2013 Bussac-For\u00eat<\/a><\/li>\n<li id=\"menu-item-50783\" class=\"menu-item menu-item-type-post_type menu-item-object-page menu-item-50783\"><a href=\"https:\/\/www.auzeau.fr\/39-45\/france\/17-charente-maritime\/17-chatelaillon-plage\/\">17 \u2013 Chatelaillon-Plage<\/a><\/li>\n<li id=\"menu-item-113409\" class=\"menu-item menu-item-type-post_type menu-item-object-page menu-item-113409\"><a href=\"https:\/\/www.auzeau.fr\/39-45\/france\/17-charente-maritime\/17-chenac-saint-seurin-duzet-cenophage\/\">17 \u2013 Chenac-Saint-Seurin-d\u2019Uzet (c\u00e9nophage)<\/a><\/li>\n<li id=\"menu-item-113408\" class=\"menu-item menu-item-type-post_type menu-item-object-page menu-item-113408\"><a href=\"https:\/\/www.auzeau.fr\/39-45\/france\/17-charente-maritime\/17-chives\/\">17 \u2013 Chives<\/a><\/li>\n<li id=\"menu-item-103889\" class=\"menu-item menu-item-type-post_type menu-item-object-page menu-item-103889\"><a href=\"https:\/\/www.auzeau.fr\/39-45\/france\/17-charente-maritime\/17-dompierre-sur-mer\/\">17 \u2013 Dompierre-sur-Mer<\/a><\/li>\n<li id=\"menu-item-111408\" class=\"menu-item menu-item-type-post_type menu-item-object-page menu-item-111408\"><a href=\"https:\/\/www.auzeau.fr\/39-45\/france\/17-charente-maritime\/17-fouras\/\">17 \u2013 Fouras<\/a><\/li>\n<li id=\"menu-item-50784\" class=\"menu-item menu-item-type-post_type menu-item-object-page menu-item-50784\"><a href=\"https:\/\/www.auzeau.fr\/39-45\/france\/17-charente-maritime\/17-jonzac\/\">17 \u2013 Jonzac<\/a><\/li>\n<li id=\"menu-item-113407\" class=\"menu-item menu-item-type-post_type menu-item-object-page menu-item-113407\"><a href=\"https:\/\/www.auzeau.fr\/39-45\/france\/17-charente-maritime\/17-la-jard\/\">17 \u2013 La Jard<\/a><\/li>\n<li id=\"menu-item-50785\" class=\"menu-item menu-item-type-post_type menu-item-object-page menu-item-50785\"><a href=\"https:\/\/www.auzeau.fr\/39-45\/france\/17-charente-maritime\/17-la-rochelle\/\">17 \u2013 La Rochelle cimeti\u00e8re de Saint \u00c9loi<\/a><\/li>\n<li id=\"menu-item-113412\" class=\"menu-item menu-item-type-post_type menu-item-object-page menu-item-113412\"><a href=\"https:\/\/www.auzeau.fr\/39-45\/france\/17-charente-maritime\/17-la-rochelle-cimetiere-de-saint-maurice\/\">17 \u2013 La Rochelle cimeti\u00e8re de Saint Maurice<\/a><\/li>\n<li id=\"menu-item-50786\" class=\"menu-item menu-item-type-post_type menu-item-object-page menu-item-50786\"><a href=\"https:\/\/www.auzeau.fr\/39-45\/france\/17-charente-maritime\/17-le-bois-plage-en-re\/\">17 \u2013 Le Bois-Plage-en-R\u00e9<\/a><\/li>\n<li id=\"menu-item-50787\" class=\"menu-item menu-item-type-post_type menu-item-object-page menu-item-50787\"><a href=\"https:\/\/www.auzeau.fr\/39-45\/france\/17-charente-maritime\/17-le-chateau-doleron\/\">17 \u2013 Le Ch\u00e2teau-d\u2019Ol\u00e9ron<\/a><\/li>\n<li id=\"menu-item-50788\" class=\"menu-item menu-item-type-post_type menu-item-object-page menu-item-50788\"><a href=\"https:\/\/www.auzeau.fr\/39-45\/france\/17-charente-maritime\/17-muron\/\">17 \u2013 Muron<\/a><\/li>\n<li id=\"menu-item-50789\" class=\"menu-item menu-item-type-post_type menu-item-object-page menu-item-50789\"><a href=\"https:\/\/www.auzeau.fr\/39-45\/france\/17-charente-maritime\/17-retaud-necropole-nationale\/\">17 \u2013 R\u00e9taud N\u00e9cropole Nationale<\/a><\/li>\n<li id=\"menu-item-50790\" class=\"menu-item menu-item-type-post_type menu-item-object-page menu-item-50790\"><a href=\"https:\/\/www.auzeau.fr\/39-45\/france\/17-charente-maritime\/17-rochefort-cimetiere-communal\/\">17 \u2013 Rochefort Cimeti\u00e8re communal<\/a><\/li>\n<li id=\"menu-item-50791\" class=\"menu-item menu-item-type-post_type menu-item-object-page menu-item-50791\"><a href=\"https:\/\/www.auzeau.fr\/39-45\/france\/17-charente-maritime\/17-rochefort-cimetiere-de-la-marine\/\">17 \u2013 Rochefort Cimeti\u00e8re de la Marine<\/a><\/li>\n<li id=\"menu-item-50792\" class=\"menu-item menu-item-type-post_type menu-item-object-page menu-item-50792\"><a href=\"https:\/\/www.auzeau.fr\/39-45\/france\/17-charente-maritime\/17-royan\/\">17 \u2013 Royan<\/a><\/li>\n<li id=\"menu-item-50793\" class=\"menu-item menu-item-type-post_type menu-item-object-page menu-item-50793\"><a href=\"https:\/\/www.auzeau.fr\/39-45\/france\/17-charente-maritime\/17-saint-crepin\/\">17 \u2013 Saint-Cr\u00e9pin<\/a><\/li>\n<li id=\"menu-item-103665\" class=\"menu-item menu-item-type-post_type menu-item-object-page menu-item-103665\"><a href=\"https:\/\/www.auzeau.fr\/39-45\/france\/17-charente-maritime\/17-saint-georges-des-coteaux\/\">17 \u2013 Saint-Georges-des-Coteaux<\/a><\/li>\n<li id=\"menu-item-50794\" class=\"menu-item menu-item-type-post_type menu-item-object-page menu-item-50794\"><a href=\"https:\/\/www.auzeau.fr\/39-45\/france\/17-charente-maritime\/17-saint-jean-dangely\/\">17 \u2013 Saint-Jean-d\u2019Angely<\/a><\/li>\n<li id=\"menu-item-50795\" class=\"menu-item menu-item-type-post_type menu-item-object-page menu-item-50795\"><a href=\"https:\/\/www.auzeau.fr\/39-45\/france\/17-charente-maritime\/17-saint-martin-de-re\/\">17 \u2013 Saint-Martin-de-R\u00e9<\/a><\/li>\n<li id=\"menu-item-50796\" class=\"menu-item menu-item-type-post_type menu-item-object-page menu-item-50796\"><a href=\"https:\/\/www.auzeau.fr\/39-45\/france\/17-charente-maritime\/17-saint-palais-sur-mer\/\">17 \u2013 Saint-Palais-sur-Mer<\/a><\/li>\n<li id=\"menu-item-113411\" class=\"menu-item menu-item-type-post_type menu-item-object-page menu-item-113411\"><a href=\"https:\/\/www.auzeau.fr\/39-45\/france\/17-charente-maritime\/17-saint-sulpice-de-royan\/\">17 \u2013 Saint-Sulpice-de-Royan<\/a><\/li>\n<li id=\"menu-item-50797\" class=\"menu-item menu-item-type-post_type menu-item-object-page menu-item-50797\"><a href=\"https:\/\/www.auzeau.fr\/39-45\/france\/17-charente-maritime\/17-saint-trojan-les-bains\/\">17 \u2013 Saint-Trojan-les-Bains<\/a><\/li>\n<li id=\"menu-item-50798\" class=\"menu-item menu-item-type-post_type menu-item-object-page menu-item-50798\"><a href=\"https:\/\/www.auzeau.fr\/39-45\/france\/17-charente-maritime\/17-sainte-marie-de-re\/\">17 \u2013 Sainte-Marie-de-R\u00e9<\/a><\/li>\n<li id=\"menu-item-50799\" class=\"menu-item menu-item-type-post_type menu-item-object-page menu-item-50799\"><a href=\"https:\/\/www.auzeau.fr\/39-45\/france\/17-charente-maritime\/17-saintes\/\">17 \u2013 Saintes<\/a><\/li>\n<li id=\"menu-item-50800\" class=\"menu-item menu-item-type-post_type menu-item-object-page menu-item-50800\"><a href=\"https:\/\/www.auzeau.fr\/39-45\/france\/17-charente-maritime\/17-yves\/\">17 \u2013 Yves<\/a><\/li>\n<\/ul>\n<script type=\"text\/javascript\"> toolTips('.classtoolTips89','Sergent-Chef'); <\/script><script type=\"text\/javascript\"> toolTips('.classtoolTips96','Sergent<br\/><br\/>Sergeant'); <\/script><script type=\"text\/javascript\"> toolTips('.classtoolTips98','Colonel'); <\/script><script type=\"text\/javascript\"> toolTips('.classtoolTips110','Tu\u00e9 au combat<br\/><br\/>Killed In Action'); <\/script><script type=\"text\/javascript\"> toolTips('.classtoolTips112','Bless\u00e9 au combat<br\/><br\/>Wounded in action'); <\/script><script type=\"text\/javascript\"> toolTips('.classtoolTips115','Op\u00e9rateur Radio<br\/><br\/>Wireless Op\u00e9rator'); <\/script><script type=\"text\/javascript\"> toolTips('.classtoolTips116','Navigateur<br\/><br\/>Navigator'); <\/script><script type=\"text\/javascript\"> toolTips('.classtoolTips126','Mort Pour la France'); <\/script><script type=\"text\/javascript\"> toolTips('.classtoolTips127','D\u00e9c\u00e9d\u00e9 en Service A\u00e9rien Command\u00e9'); <\/script><script type=\"text\/javascript\"> toolTips('.classtoolTips132','Force A\u00e9rienne Fran\u00e7aise<br\/><br\/>French Air Force'); <\/script><script type=\"text\/javascript\"> toolTips('.classtoolTips139','Section de Liaison A\u00e9rienne'); <\/script><script type=\"text\/javascript\"> toolTips('.classtoolTips144','Royal Corps of Signals'); <\/script><script type=\"text\/javascript\"> toolTips('.classtoolTips151','Pilote<br\/><br\/>Pilot'); <\/script><script type=\"text\/javascript\"> toolTips('.classtoolTips153','Porucznik'); <\/script><script type=\"text\/javascript\"> toolTips('.classtoolTips159','Signalman'); <\/script><script type=\"text\/javascript\"> toolTips('.classtoolTips162','Telegraphist'); <\/script><script type=\"text\/javascript\"> toolTips('.classtoolTips170','Capitaine'); <\/script><script type=\"text\/javascript\"> toolTips('.classtoolTips178','Adjudant-Chef'); <\/script><script type=\"text\/javascript\"> toolTips('.classtoolTips181','Sous-Lieutenant'); <\/script><script type=\"text\/javascript\"> toolTips('.classtoolTips182','Warrant Officer'); <\/script><script type=\"text\/javascript\"> toolTips('.classtoolTips185','Mitrailleur<br\/><br\/>Air Gunner'); <\/script><script type=\"text\/javascript\"> toolTips('.classtoolTips188','Bombardier<br\/><br\/>Air bomber'); <\/script><script type=\"text\/javascript\"> toolTips('.classtoolTips189','M\u00e9canicien volant<br\/><br\/>Flying Enginer'); <\/script><script type=\"text\/javascript\"> toolTips('.classtoolTips194','Lieutenant de Vaisseau'); <\/script><script type=\"text\/javascript\"> toolTips('.classtoolTips197','Aircraftman'); <\/script><script type=\"text\/javascript\"> toolTips('.classtoolTips199','Radio Officer'); <\/script><script type=\"text\/javascript\"> toolTips('.classtoolTips201','Lieutenant'); <\/script>","protected":false},"excerpt":{"rendered":"<p>Halifax NA260 L8-G 347 Sqn GB I\/25 &#8220;Tunisie&#8221; Date : \u00a007 f\u00e9vrier 1945 Mission : \u00a0Goch D\u00e9collage : \u00a0Elvington \u00e0 18:57 Causes de la perte : \u00a0Abattu par la chasse de nuit (Hptm Gerhard Raht I\/NJG 2) Lieu de la perte : \u00a0Asten (Pays-Bas) ADC Jean Georges AULEN Pil FAF C8912 KIA MPF Inhum\u00e9 \u00e0 [&hellip;]<\/p>\n","protected":false},"author":1,"featured_media":0,"parent":57,"menu_order":0,"comment_status":"closed","ping_status":"closed","template":"template-full-width Halifax.php","meta":{"_lmt_disableupdate":"yes","_lmt_disable":"","footnotes":""},"categories":[332],"tags":[2972,2973],"wf_page_folders":[3140],"class_list":["post-103613","page","type-page","status-publish","hentry","category-halifax","tag-347-squadron","tag-gb-i-25-tunisie"],"_links":{"self":[{"href":"https:\/\/www.auzeau.fr\/39-45\/wp-json\/wp\/v2\/pages\/103613","targetHints":{"allow":["GET"]}}],"collection":[{"href":"https:\/\/www.auzeau.fr\/39-45\/wp-json\/wp\/v2\/pages"}],"about":[{"href":"https:\/\/www.auzeau.fr\/39-45\/wp-json\/wp\/v2\/types\/page"}],"author":[{"embeddable":true,"href":"https:\/\/www.auzeau.fr\/39-45\/wp-json\/wp\/v2\/users\/1"}],"replies":[{"embeddable":true,"href":"https:\/\/www.auzeau.fr\/39-45\/wp-json\/wp\/v2\/comments?post=103613"}],"version-history":[{"count":0,"href":"https:\/\/www.auzeau.fr\/39-45\/wp-json\/wp\/v2\/pages\/103613\/revisions"}],"up":[{"embeddable":true,"href":"https:\/\/www.auzeau.fr\/39-45\/wp-json\/wp\/v2\/pages\/57"}],"wp:attachment":[{"href":"https:\/\/www.auzeau.fr\/39-45\/wp-json\/wp\/v2\/media?parent=103613"}],"wp:term":[{"taxonomy":"category","embeddable":true,"href":"https:\/\/www.auzeau.fr\/39-45\/wp-json\/wp\/v2\/categories?post=103613"},{"taxonomy":"post_tag","embeddable":true,"href":"https:\/\/www.auzeau.fr\/39-45\/wp-json\/wp\/v2\/tags?post=103613"},{"taxonomy":"wf_page_folders","embeddable":true,"href":"https:\/\/www.auzeau.fr\/39-45\/wp-json\/wp\/v2\/wf_page_folders?post=103613"}],"curies":[{"name":"wp","href":"https:\/\/api.w.org\/{rel}","templated":true}]}}