{"id":103,"date":"2017-07-30T09:21:21","date_gmt":"2017-07-30T07:21:21","guid":{"rendered":"http:\/\/www.auzeau.fr\/3945\/?page_id=103"},"modified":"2017-07-30T09:21:21","modified_gmt":"2017-07-30T09:21:21","slug":"72-sarthe","status":"publish","type":"page","link":"https:\/\/www.auzeau.fr\/39-45\/france\/72-sarthe\/","title":{"rendered":"72 &#8211; Sarthe"},"content":{"rendered":"<p><img decoding=\"async\" class=\"aligncenter size-full wp-image-47128\" title=\"72-Pt\" src=\"https:\/\/www.auzeau.fr\/39-45\/wp-content\/uploads\/images\/Departement\/72-Pt.png\" alt=\"\" width=\"110\" height=\"112\" srcset=\"https:\/\/www.auzeau.fr\/39-45\/wp-content\/uploads\/images\/Departement\/72-Pt.png 110w, https:\/\/www.auzeau.fr\/39-45\/wp-content\/uploads\/images\/Departement\/72-Pt-50x50.png 50w\" sizes=\"(max-width: 110px) 100vw, 110px\" \/><div class=\"leaflet-map WPLeafletMap\" style=\"height:1000px; width:100%;\"><\/div><script>\nwindow.WPLeafletMapPlugin = window.WPLeafletMapPlugin || [];\nwindow.WPLeafletMapPlugin.push(function WPLeafletMapShortcode() {\/*<script>*\/\nvar baseUrl = atob('aHR0cHM6Ly97c30udGlsZS5vcGVuc3RyZWV0bWFwLm9yZy97en0ve3h9L3t5fS5wbmc=');\nvar base = (!baseUrl && window.MQ) ?\n    window.MQ.mapLayer() : L.tileLayer(baseUrl,\n        L.Util.extend({}, {\n            detectRetina: 0,\n        },\n        {\"subdomains\":\"abc\",\"noWrap\":false,\"maxZoom\":20}        )\n    );\n    var options = L.Util.extend({}, {\n        layers: [base],\n        attributionControl: false\n    },\n    {\"zoomControl\":true,\"scrollWheelZoom\":true,\"doubleClickZoom\":false,\"fitBounds\":true,\"minZoom\":0,\"maxZoom\":20,\"maxBounds\":null,\"attribution\":\"<a href=\\\"http:\\\/\\\/leafletjs.com\\\" title=\\\"Une biblioth\\u00e8que JS pour des cartes interactives\\\">Leaflet<\\\/a>; \\u00a9 <a href=\\\"http:\\\/\\\/www.openstreetmap.org\\\/copyright\\\">OpenStreetMap<\\\/a> contributeurs\"},\n    {});\nwindow.WPLeafletMapPlugin.createMap(options).setView([47.952408284714,0.14144897460938],9);window.WPLeafletMapPlugin.createScale({});});<\/script>\n<script>\nwindow.WPLeafletMapPlugin = window.WPLeafletMapPlugin || [];\nwindow.WPLeafletMapPlugin.push(function WPLeafletMarkerShortcode() {\/*<script>*\/\nvar map = window.WPLeafletMapPlugin.getCurrentMap();\nvar group = window.WPLeafletMapPlugin.getCurrentGroup();\nvar marker_options = window.WPLeafletMapPlugin.getIconOptions({\"iconUrl\":\"https:\\\/\\\/www.auzeau.fr\\\/39-45\\\/wp-content\\\/uploads\\\/images\\\/Punaises\\\/ROYAL.png\",\"iconSize\":\"40,40\",\"iconAnchor\":\"0,40\"});\nvar marker = L.marker(\n    [47.698976,-0.084867],\n    marker_options\n);\nvar is_image = map.is_image_map;\nif (marker_options.draggable) {\n    marker.on('dragend', function () {\n        var latlng = this.getLatLng();\n        var lat = latlng.lat;\n        var lng = latlng.lng;\n        if (is_image) {\n            console.log('leaflet-marker y=' + lat + ' x=' + lng);\n        } else {\n            console.log('leaflet-marker lat=' + lat + ' lng=' + lng);\n        }\n    });\n}\nmarker.addTo( group );\nmarker.bindPopup(window.WPLeafletMapPlugin.unescape(' La Fl\u00e8che ')).openPopup();window.WPLeafletMapPlugin.markers.push( marker );\n        });<\/script>\n<script>\nwindow.WPLeafletMapPlugin = window.WPLeafletMapPlugin || [];\nwindow.WPLeafletMapPlugin.push(function WPLeafletMarkerShortcode() {\/*<script>*\/\nvar map = window.WPLeafletMapPlugin.getCurrentMap();\nvar group = window.WPLeafletMapPlugin.getCurrentGroup();\nvar marker_options = window.WPLeafletMapPlugin.getIconOptions({\"iconUrl\":\"https:\\\/\\\/www.auzeau.fr\\\/39-45\\\/wp-content\\\/uploads\\\/images\\\/Punaises\\\/RAFPOLOGNEUSA.png\",\"iconSize\":\"40,80\",\"iconAnchor\":\"0,80\"});\nvar marker = L.marker(\n    [48.018843,0.192718],\n    marker_options\n);\nvar is_image = map.is_image_map;\nif (marker_options.draggable) {\n    marker.on('dragend', function () {\n        var latlng = this.getLatLng();\n        var lat = latlng.lat;\n        var lng = latlng.lng;\n        if (is_image) {\n            console.log('leaflet-marker y=' + lat + ' x=' + lng);\n        } else {\n            console.log('leaflet-marker lat=' + lat + ' lng=' + lng);\n        }\n    });\n}\nmarker.addTo( group );\nmarker.bindPopup(window.WPLeafletMapPlugin.unescape(' Le Mans ')).openPopup();window.WPLeafletMapPlugin.markers.push( marker );\n        });<\/script>\n<script>\nwindow.WPLeafletMapPlugin = window.WPLeafletMapPlugin || [];\nwindow.WPLeafletMapPlugin.push(function WPLeafletMarkerShortcode() {\/*<script>*\/\nvar map = window.WPLeafletMapPlugin.getCurrentMap();\nvar group = window.WPLeafletMapPlugin.getCurrentGroup();\nvar marker_options = window.WPLeafletMapPlugin.getIconOptions({\"iconUrl\":\"https:\\\/\\\/www.auzeau.fr\\\/39-45\\\/wp-content\\\/uploads\\\/images\\\/Punaises\\\/ROYAL.png\",\"iconSize\":\"40,40\",\"iconAnchor\":\"0,40\"});\nvar marker = L.marker(\n    [48.011943,0.266458],\n    marker_options\n);\nvar is_image = map.is_image_map;\nif (marker_options.draggable) {\n    marker.on('dragend', function () {\n        var latlng = this.getLatLng();\n        var lat = latlng.lat;\n        var lng = latlng.lng;\n        if (is_image) {\n            console.log('leaflet-marker y=' + lat + ' x=' + lng);\n        } else {\n            console.log('leaflet-marker lat=' + lat + ' lng=' + lng);\n        }\n    });\n}\nmarker.addTo( group );\nmarker.bindPopup(window.WPLeafletMapPlugin.unescape(' La Yvr\u00e9-l&amp;#8217;\u00c9v\u00eaque ')).openPopup();window.WPLeafletMapPlugin.markers.push( marker );\n        });<\/script>\n<script>\nwindow.WPLeafletMapPlugin = window.WPLeafletMapPlugin || [];\nwindow.WPLeafletMapPlugin.push(function WPLeafletMarkerShortcode() {\/*<script>*\/\nvar map = window.WPLeafletMapPlugin.getCurrentMap();\nvar group = window.WPLeafletMapPlugin.getCurrentGroup();\nvar marker_options = window.WPLeafletMapPlugin.getIconOptions({\"iconUrl\":\"https:\\\/\\\/www.auzeau.fr\\\/39-45\\\/wp-content\\\/uploads\\\/images\\\/Punaises\\\/ROYAL.png\",\"iconSize\":\"40,40\",\"iconAnchor\":\"0,40\"});\nvar marker = L.marker(\n    [47.864327,0.460899],\n    marker_options\n);\nvar is_image = map.is_image_map;\nif (marker_options.draggable) {\n    marker.on('dragend', function () {\n        var latlng = this.getLatLng();\n        var lat = latlng.lat;\n        var lng = latlng.lng;\n        if (is_image) {\n            console.log('leaflet-marker y=' + lat + ' x=' + lng);\n        } else {\n            console.log('leaflet-marker lat=' + lat + ' lng=' + lng);\n        }\n    });\n}\nmarker.addTo( group );\nmarker.bindPopup(window.WPLeafletMapPlugin.unescape(' Le Grand-Luc\u00e9 ')).openPopup();window.WPLeafletMapPlugin.markers.push( marker );\n        });<\/script>\n<hr \/>\n<p style=\"text-align: center;\"><ul id=\"menu-72-sarthe\" class=\"menu\"><li id=\"menu-item-59049\" class=\"menu-item menu-item-type-post_type menu-item-object-page menu-item-59049\"><a href=\"https:\/\/www.auzeau.fr\/39-45\/france\/72-sarthe\/72-la-fleche\/\">72 \u2013 La Fl\u00e8che<\/a><\/li>\n<li id=\"menu-item-59048\" class=\"menu-item menu-item-type-post_type menu-item-object-page menu-item-59048\"><a href=\"https:\/\/www.auzeau.fr\/39-45\/france\/72-sarthe\/72-le-mans\/\">72 \u2013 Le Mans<\/a><\/li>\n<li id=\"menu-item-59047\" class=\"menu-item menu-item-type-post_type menu-item-object-page menu-item-59047\"><a href=\"https:\/\/www.auzeau.fr\/39-45\/france\/72-sarthe\/72-yvre-leveque\/\">72 &#8211; Yvr\u00e9-l&#8217;\u00c9v\u00eaque<\/a><\/li>\n<li id=\"menu-item-69908\" class=\"menu-item menu-item-type-post_type menu-item-object-page menu-item-69908\"><a href=\"https:\/\/www.auzeau.fr\/39-45\/france\/72-sarthe\/72-le-grand-luce\/\">72 \u2013 Le Grand-Luc\u00e9<\/a><\/li>\n<\/ul>\n<script type=\"text\/javascript\"> toolTips('.classtoolTips82','Chorazy'); <\/script><script type=\"text\/javascript\"> toolTips('.classtoolTips144','Royal Corps of Signals'); <\/script><script type=\"text\/javascript\"> toolTips('.classtoolTips146','Royal Air Force'); <\/script><script type=\"text\/javascript\"> toolTips('.classtoolTips148','<strong>D\u00e9c\u00e9d\u00e9 de ses blessures<\/strong><br\/><br\/>concerne une personne qui a surv\u00e9cu pour atteindre un centre de traitement m\u00e9dical.<br\/><br\/><strong>Died of wounds<\/strong><br\/><br\/>concerns a person who survived to reach a medical treatment center.'); <\/script><script type=\"text\/javascript\"> toolTips('.classtoolTips150','Indemne<br\/><br\/>Unhurt'); <\/script><script type=\"text\/javascript\"> toolTips('.classtoolTips183','Flight Sergeant'); <\/script><script type=\"text\/javascript\"> toolTips('.classtoolTips185','Mitrailleur<br\/><br\/>Air Gunner'); <\/script><script type=\"text\/javascript\"> toolTips('.classtoolTips186','Zone d\u2019Atterrissage<br\/><br\/>Landing Zone'); <\/script><script type=\"text\/javascript\"> toolTips('.classtoolTips188','Bombardier<br\/><br\/>Air bomber'); <\/script><script type=\"text\/javascript\"> toolTips('.classtoolTips195','Enseigne de Vaisseau'); <\/script><script type=\"text\/javascript\"> toolTips('.classtoolTips197','Aircraftman'); <\/script><script type=\"text\/javascript\"> toolTips('.classtoolTips199','Radio Officer'); <\/script><script type=\"text\/javascript\"> toolTips('.classtoolTips201','Lieutenant'); <\/script>","protected":false},"excerpt":{"rendered":"","protected":false},"author":1,"featured_media":0,"parent":32,"menu_order":0,"comment_status":"closed","ping_status":"closed","template":"","meta":{"_lmt_disableupdate":"yes","_lmt_disable":"","footnotes":""},"categories":[3447],"tags":[],"wf_page_folders":[3114,3106],"class_list":["post-103","page","type-page","status-publish","hentry","category-departement"],"_links":{"self":[{"href":"https:\/\/www.auzeau.fr\/39-45\/wp-json\/wp\/v2\/pages\/103","targetHints":{"allow":["GET"]}}],"collection":[{"href":"https:\/\/www.auzeau.fr\/39-45\/wp-json\/wp\/v2\/pages"}],"about":[{"href":"https:\/\/www.auzeau.fr\/39-45\/wp-json\/wp\/v2\/types\/page"}],"author":[{"embeddable":true,"href":"https:\/\/www.auzeau.fr\/39-45\/wp-json\/wp\/v2\/users\/1"}],"replies":[{"embeddable":true,"href":"https:\/\/www.auzeau.fr\/39-45\/wp-json\/wp\/v2\/comments?post=103"}],"version-history":[{"count":0,"href":"https:\/\/www.auzeau.fr\/39-45\/wp-json\/wp\/v2\/pages\/103\/revisions"}],"up":[{"embeddable":true,"href":"https:\/\/www.auzeau.fr\/39-45\/wp-json\/wp\/v2\/pages\/32"}],"wp:attachment":[{"href":"https:\/\/www.auzeau.fr\/39-45\/wp-json\/wp\/v2\/media?parent=103"}],"wp:term":[{"taxonomy":"category","embeddable":true,"href":"https:\/\/www.auzeau.fr\/39-45\/wp-json\/wp\/v2\/categories?post=103"},{"taxonomy":"post_tag","embeddable":true,"href":"https:\/\/www.auzeau.fr\/39-45\/wp-json\/wp\/v2\/tags?post=103"},{"taxonomy":"wf_page_folders","embeddable":true,"href":"https:\/\/www.auzeau.fr\/39-45\/wp-json\/wp\/v2\/wf_page_folders?post=103"}],"curies":[{"name":"wp","href":"https:\/\/api.w.org\/{rel}","templated":true}]}}