{"id":102086,"date":"2022-05-18T17:13:14","date_gmt":"2022-05-18T15:13:14","guid":{"rendered":"http:\/\/39-45.auzeau.fr\/?page_id=102086"},"modified":"2022-06-15T08:18:27","modified_gmt":"2022-06-15T06:18:27","slug":"69-villeurbanne-necropole-nationale","status":"publish","type":"page","link":"https:\/\/www.auzeau.fr\/39-45\/france\/69-rhone\/69-villeurbanne-necropole-nationale\/","title":{"rendered":"69 &#8211; Villeurbanne N\u00e9cropole Nationale"},"content":{"rendered":"<p><center><iframe style=\"border: 0;\" src=\"https:\/\/www.google.com\/maps\/embed?pb=!4v1652875665265!6m8!1m7!1sVIh3fnSvCV1-mZ_B0Mov2g!2m2!1d45.78619491378771!2d4.887948007517394!3f218.87497772320995!4f-0.7363301484948863!5f0.7820865974627469\" width=\"900\" height=\"600\" allowfullscreen=\"allowfullscreen\"><\/iframe><\/center><\/p>\n<table style=\"width: 100%;\" border=\"0\">\n<tbody>\n<tr>\n<td style=\"width: 5%;\"><\/td>\n<td style=\"width: 5%;\"><\/td>\n<td style=\"width: 2%;\"><\/td>\n<td style=\"width: 8%;\"><\/td>\n<td style=\"width: 5%;\"><\/td>\n<td style=\"width: 5%;\"><\/td>\n<td style=\"width: 5%;\"><\/td>\n<td style=\"width: 2%;\"><\/td>\n<td style=\"width: 8%;\"><\/td>\n<td style=\"width: 2%;\"><\/td>\n<td style=\"width: 5%;\"><\/td>\n<td style=\"width: 3%;\"><\/td>\n<td style=\"width: 5%;\"><\/td>\n<td style=\"width: 5%;\"><\/td>\n<td style=\"width: 5%;\"><\/td>\n<td style=\"width: 5%;\"><\/td>\n<td style=\"width: 5%;\"><\/td>\n<td style=\"width: 5%;\"><\/td>\n<td style=\"width: 5%;\"><\/td>\n<td style=\"width: 10%;\"><\/td>\n<\/tr>\n<tr>\n<td style=\"width: 75%;\" colspan=\"16\"><span style=\"font-size: xx-large;\"><strong><span style=\"color: #000000;\">Potez 63.11 n\u00b0 118<br \/>\n<\/span><\/strong><\/span><\/td>\n<td style=\"width: 25%; text-align: center;\" colspan=\"4\"><span style=\"font-size: xx-large;\"><strong>EAA 301<br \/>\n<\/strong><\/span><\/td>\n<\/tr>\n<tr>\n<td style=\"width: 75%;\" colspan=\"16\">Matricule <span class='tooltipsall tooltipsincontent classtoolTips136'>AAF<\/span> : J-942<\/td>\n<td style=\"width: 25%; text-align: center;\" colspan=\"4\"><\/td>\n<\/tr>\n<tr style=\"height: 40px;\">\n<td style=\"text-align: right; width: 5%;\"><\/td>\n<td style=\"text-align: right; width: 5%;\"><\/td>\n<td style=\"text-align: right; width: 2%;\"><\/td>\n<td style=\"text-align: right; width: 8%;\"><\/td>\n<td style=\"text-align: right; width: 5%;\"><\/td>\n<td style=\"text-align: right; width: 5%;\"><\/td>\n<td style=\"text-align: right; width: 5%;\"><\/td>\n<td style=\"text-align: right; width: 2%;\"><\/td>\n<td style=\"text-align: right; width: 8%;\"><\/td>\n<td style=\"text-align: right; width: 2%;\"><\/td>\n<td style=\"text-align: right; width: 5%;\"><\/td>\n<td style=\"text-align: right; width: 3%;\"><\/td>\n<td style=\"text-align: right; width: 5%;\"><\/td>\n<td style=\"text-align: right; width: 5%;\"><\/td>\n<td style=\"text-align: right; width: 5%;\"><\/td>\n<td style=\"text-align: right; width: 5%;\"><\/td>\n<td style=\"text-align: right; width: 5%;\"><\/td>\n<td style=\"text-align: right; width: 5%;\"><\/td>\n<td style=\"text-align: right; width: 5%;\"><\/td>\n<td style=\"text-align: right; width: 10%;\"><\/td>\n<\/tr>\n<tr>\n<td style=\"text-align: right; width: 5%;\"><\/td>\n<td style=\"text-align: right; width: 5%;\"><span style=\"font-size: 14px;\"><strong>Date<\/strong><\/span><\/td>\n<td style=\"width: 2%; text-align: center;\"><strong>:<\/strong><\/td>\n<td style=\"width: 13%; text-align: left;\" colspan=\"2\"><span style=\"font-size: 14px;\"><em>22 d\u00e9cembre 1939<br \/>\n<\/em><\/span><\/td>\n<td style=\"text-align: right; width: 5%;\"><\/td>\n<td style=\"text-align: right; width: 5%;\"><\/td>\n<td style=\"text-align: right; width: 2%;\"><\/td>\n<td style=\"text-align: right; width: 8%;\"><span style=\"font-size: 14px;\"><strong>Mission<\/strong><\/span><\/td>\n<td style=\"width: 2%; text-align: center;\"><strong><span style=\"font-size: 14px;\">:<\/span><\/strong><\/td>\n<td style=\"text-align: left; width: 53%;\" colspan=\"10\"><span style=\"font-size: 14px;\"><em>Convoyage de l&#8217;appareil<\/em><\/span><span style=\"font-size: 14px;\"><em><br \/>\n<\/em><\/span><\/td>\n<\/tr>\n<tr style=\"height: 40px;\">\n<td style=\"text-align: right; width: 5%;\"><\/td>\n<td style=\"text-align: right; width: 5%;\"><\/td>\n<td style=\"width: 2%; text-align: center;\"><\/td>\n<td style=\"width: 8%; text-align: left;\"><\/td>\n<td style=\"text-align: right; width: 5%;\"><\/td>\n<td style=\"text-align: right; width: 5%;\"><\/td>\n<td style=\"text-align: right; width: 5%;\"><\/td>\n<td style=\"text-align: right; width: 2%;\"><\/td>\n<td style=\"text-align: right; width: 8%;\"><\/td>\n<td style=\"width: 2%; text-align: center;\"><\/td>\n<td style=\"text-align: left; width: 5%;\"><\/td>\n<td style=\"text-align: left; width: 3%;\"><\/td>\n<td style=\"text-align: left; width: 5%;\"><\/td>\n<td style=\"text-align: left; width: 5%;\"><\/td>\n<td style=\"text-align: left; width: 5%;\"><\/td>\n<td style=\"text-align: left; width: 5%;\"><\/td>\n<td style=\"text-align: left; width: 5%;\"><\/td>\n<td style=\"text-align: left; width: 5%;\"><\/td>\n<td style=\"text-align: left; width: 5%;\"><\/td>\n<td style=\"text-align: left; width: 10%;\"><\/td>\n<\/tr>\n<tr style=\"height: 40px;\">\n<td style=\"text-align: right; width: 10%;\" colspan=\"2\"><\/td>\n<td style=\"width: 2%; text-align: center;\"><\/td>\n<td style=\"text-align: right; width: 23%;\" colspan=\"4\"><span style=\"font-size: 14px;\"><strong>D\u00e9collage<\/strong><\/span><\/td>\n<td style=\"width: 2%; text-align: center;\"><strong>:<\/strong><\/td>\n<td style=\"text-align: left; width: 63%;\" colspan=\"12\"><span style=\"font-size: 14px;\"><em>M\u00e9aulte (80)<br \/>\n<\/em><\/span><\/td>\n<\/tr>\n<tr style=\"height: 40px;\">\n<td style=\"text-align: right; width: 10%;\" colspan=\"2\"><\/td>\n<td style=\"width: 2%; text-align: center;\"><\/td>\n<td style=\"text-align: right; width: 23%;\" colspan=\"4\"><span style=\"font-size: 14px;\"><strong>Causes de la perte<br \/>\n<\/strong><\/span><\/td>\n<td style=\"width: 2%; text-align: center;\"><strong>:<br \/>\n<\/strong><\/td>\n<td style=\"text-align: left; width: 63%;\" colspan=\"12\"><em>Capote durant un atterrissage en campagne<\/em><\/td>\n<\/tr>\n<tr style=\"height: 40px;\">\n<td style=\"text-align: right; width: 10%;\" colspan=\"2\"><\/td>\n<td style=\"width: 2%; text-align: center;\"><\/td>\n<td style=\"text-align: right; width: 23%;\" colspan=\"4\"><span style=\"font-size: 14px;\"><strong>Lieu de la perte<br \/>\n<\/strong><\/span><\/td>\n<td style=\"width: 2%; text-align: center;\"><strong>:<br \/>\n<\/strong><\/td>\n<td style=\"text-align: left; width: 63%;\" colspan=\"12\"><span style=\"font-size: 14px;\"><em>Vougy (63)<br \/>\n<\/em><\/span><\/td>\n<\/tr>\n<tr style=\"height: 40px;\">\n<td style=\"width: 5%;\"><\/td>\n<td style=\"width: 5%;\"><\/td>\n<td style=\"width: 2%; text-align: center;\"><\/td>\n<td style=\"text-align: right; width: 8%;\"><\/td>\n<td style=\"text-align: right; width: 5%;\"><\/td>\n<td style=\"text-align: right; width: 5%;\"><\/td>\n<td style=\"text-align: right; width: 5%;\"><\/td>\n<td style=\"width: 2%; text-align: center;\"><\/td>\n<td style=\"text-align: left; width: 8%;\"><\/td>\n<td style=\"text-align: left; width: 2%;\"><\/td>\n<td style=\"text-align: left; width: 5%;\"><\/td>\n<td style=\"text-align: left; width: 3%;\"><\/td>\n<td style=\"text-align: left; width: 5%;\"><\/td>\n<td style=\"text-align: left; width: 5%;\"><\/td>\n<td style=\"text-align: left; width: 5%;\"><\/td>\n<td style=\"text-align: left; width: 5%;\"><\/td>\n<td style=\"text-align: left; width: 5%;\"><\/td>\n<td style=\"text-align: left; width: 5%;\"><\/td>\n<td style=\"text-align: left; width: 5%;\"><\/td>\n<td style=\"text-align: left; width: 10%;\"><\/td>\n<\/tr>\n<tr style=\"height: 60px;\">\n<td style=\"width: 5%;\"><span style=\"font-size: 14px;\"><img decoding=\"async\" class=\"aligncenter size-full wp-image-47214\" title=\"France\" src=\"https:\/\/www.auzeau.fr\/39-45\/wp-content\/uploads\/images\/Drapeaux\/France.png\" alt=\"France\" width=\"40\" height=\"20\" \/><\/span><\/td>\n<td style=\"width: 5%;\"><span class=\"tooltipsall tooltipsincontent classtoolTips76\"><span class='tooltipsall tooltipsincontent classtoolTips89'>SCH<\/span><\/span><\/td>\n<td style=\"text-align: left;\" colspan=\"5\">Michel Andr\u00e9<\/td>\n<td style=\"text-align: left;\" colspan=\"3\"><strong><span style=\"color: #000000;\">G\u00c9DEAU<\/span><\/strong><\/td>\n<td style=\"text-align: center;\" colspan=\"2\"><span class=\"tooltipsall tooltipsincontent classtoolTips149\"><span class='tooltipsall tooltipsincontent classtoolTips151'>Pil<\/span><\/span><\/td>\n<td style=\"width: 5%; text-align: center;\"><span class=\"tooltipsall tooltipsincontent classtoolTips107\"><span class='tooltipsall tooltipsincontent classtoolTips136'>AAF<\/span><\/span><\/td>\n<td style=\"text-align: center;\" colspan=\"2\"><\/td>\n<td style=\"width: 5%; text-align: center;\"><span style=\"color: #000000;\"><strong><span class=\"tooltipsall tooltipsincontent classtoolTips87\"><span class='tooltipsall tooltipsincontent classtoolTips125'>NBC<\/span><\/span><\/strong><\/span><\/td>\n<td style=\"text-align: left;\" colspan=\"4\"><span style=\"color: #000000;\"><strong><span class=\"tooltipsall tooltipsincontent classtoolTips100\"><span class='tooltipsall tooltipsincontent classtoolTips126'>MPF<\/span><\/span><\/strong><\/span><\/td>\n<\/tr>\n<\/tbody>\n<\/table>\n<div id='gallery-1' class='gallery galleryid-102086 gallery-columns-1 gallery-size-thumbnail'><figure class='gallery-item'>\n\t\t\t<div class='gallery-icon portrait'>\n\t\t\t\t<a title=\"Michel Gedeau\"  title=\"Michel Gedeau\"  href='https:\/\/www.auzeau.fr\/39-45\/wp-content\/uploads\/Cimetieres\/60%20--\/69-Rh\u00f4ne\/69%20-%20Villeurbanne\/118\/Michel-Gedeau.JPG'><img decoding=\"async\" width=\"150\" height=\"150\" src=\"https:\/\/www.auzeau.fr\/39-45\/wp-content\/uploads\/Cimetieres\/60 --\/69-Rh\u00f4ne\/69 - Villeurbanne\/118\/Michel-Gedeau-150x150.jpg\" class=\"attachment-thumbnail size-thumbnail\" alt=\"\" srcset=\"https:\/\/www.auzeau.fr\/39-45\/wp-content\/uploads\/Cimetieres\/60%20--\/69-Rh\u00f4ne\/69%20-%20Villeurbanne\/118\/Michel-Gedeau-150x150.jpg 150w, https:\/\/www.auzeau.fr\/39-45\/wp-content\/uploads\/Cimetieres\/60%20--\/69-Rh\u00f4ne\/69%20-%20Villeurbanne\/118\/Michel-Gedeau-50x50.jpg 50w\" sizes=\"(max-width: 150px) 100vw, 150px\" \/><\/a>\n\t\t\t<\/div><\/figure>\n\t\t<\/div>\n\n<table style=\"width: 100%; border-collapse: collapse; background-color: #dcdcdc;\">\n<tbody>\n<tr>\n<td style=\"width: 100%; text-align: center;\"><ul id=\"menu-69-villeurbanne\" class=\"menu\"><li id=\"menu-item-102430\" class=\"menu-item menu-item-type-post_type menu-item-object-page menu-item-102430\"><a href=\"https:\/\/www.auzeau.fr\/39-45\/france\/69-rhone\/69-villeurbanne-necropole-nationale\/\">Potez 63.11 n\u00b0 118<\/a><\/li>\n<li id=\"menu-item-102431\" class=\"menu-item menu-item-type-post_type menu-item-object-page menu-item-102431\"><a href=\"https:\/\/www.auzeau.fr\/39-45\/france\/69-rhone\/69-villeurbanne-2\/\">Salmson D2.P3 Phrygane n\u00b0 7\/10<\/a><\/li>\n<li id=\"menu-item-102417\" class=\"menu-item menu-item-type-post_type menu-item-object-page menu-item-102417\"><a href=\"https:\/\/www.auzeau.fr\/39-45\/france\/69-rhone\/69-villeurbanne-3\/\">Caudron C714 n\u00b0 ?<\/a><\/li>\n<li id=\"menu-item-102418\" class=\"menu-item menu-item-type-post_type menu-item-object-page menu-item-102418\"><a href=\"https:\/\/www.auzeau.fr\/39-45\/france\/69-rhone\/69-villeurbanne-4\/\">Caudron C282 Phal\u00e8ne n\u00b0 6917.81<\/a><\/li>\n<li id=\"menu-item-102419\" class=\"menu-item menu-item-type-post_type menu-item-object-page menu-item-102419\"><a href=\"https:\/\/www.auzeau.fr\/39-45\/france\/69-rhone\/69-villeurbanne-necropole-nationale-5\/\">Potez 25 n\u00b0 2160<\/a><\/li>\n<li id=\"menu-item-102420\" class=\"menu-item menu-item-type-post_type menu-item-object-page menu-item-102420\"><a href=\"https:\/\/www.auzeau.fr\/39-45\/france\/69-rhone\/69-villeurbanne-necropole-nationale-6\/\">MS406 n\u00b0 ?<\/a><\/li>\n<li id=\"menu-item-102421\" class=\"menu-item menu-item-type-post_type menu-item-object-page menu-item-102421\"><a href=\"https:\/\/www.auzeau.fr\/39-45\/france\/69-rhone\/69-villeurbanne-necropole-nationale-7\/\">Caudron C635 Simoun n\u00b0 295<\/a><\/li>\n<li id=\"menu-item-102422\" class=\"menu-item menu-item-type-post_type menu-item-object-page menu-item-102422\"><a href=\"https:\/\/www.auzeau.fr\/39-45\/france\/69-rhone\/69-villeurbanne-necropole-nationale-8\/\">Lancaster W4118<\/a><\/li>\n<li id=\"menu-item-102423\" class=\"menu-item menu-item-type-post_type menu-item-object-page menu-item-102423\"><a href=\"https:\/\/www.auzeau.fr\/39-45\/france\/69-rhone\/69-villeurbanne-necropole-nationale-9\/\">Stirling EH884<\/a><\/li>\n<li id=\"menu-item-102424\" class=\"menu-item menu-item-type-post_type menu-item-object-page menu-item-102424\"><a href=\"https:\/\/www.auzeau.fr\/39-45\/france\/69-rhone\/69-villeurbanne-necropole-nationale-10\/\">Halifax JN904<\/a><\/li>\n<li id=\"menu-item-102425\" class=\"menu-item menu-item-type-post_type menu-item-object-page menu-item-102425\"><a href=\"https:\/\/www.auzeau.fr\/39-45\/france\/69-rhone\/69-villeurbanne-necropole-nationale-11\/\">Stirling EJ110<\/a><\/li>\n<li id=\"menu-item-102426\" class=\"menu-item menu-item-type-post_type menu-item-object-page menu-item-102426\"><a href=\"https:\/\/www.auzeau.fr\/39-45\/france\/69-rhone\/69-villeurbanne-necropole-nationale-12\/\">Lancaster LM359<\/a><\/li>\n<li id=\"menu-item-102427\" class=\"menu-item menu-item-type-post_type menu-item-object-page menu-item-102427\"><a href=\"https:\/\/www.auzeau.fr\/39-45\/france\/69-rhone\/69-villeurbanne-necropole-nationale-13\/\">Stirling LJ886<\/a><\/li>\n<li id=\"menu-item-102428\" class=\"menu-item menu-item-type-post_type menu-item-object-page menu-item-102428\"><a href=\"https:\/\/www.auzeau.fr\/39-45\/france\/69-rhone\/69-villeurbanne-necropole-nationale-14\/\">Mosquito HK399<\/a><\/li>\n<li id=\"menu-item-102429\" class=\"menu-item menu-item-type-post_type menu-item-object-page menu-item-102429\"><a href=\"https:\/\/www.auzeau.fr\/39-45\/france\/69-rhone\/69-villeurbanne-necropole-nationale-15\/\">Mosquito NS504<\/a><\/li>\n<li id=\"menu-item-102446\" class=\"menu-item menu-item-type-post_type menu-item-object-page menu-item-102446\"><a href=\"https:\/\/www.auzeau.fr\/39-45\/france\/69-rhone\/69-villeurbanne-necropole-nationale-16\/\">B26 Marauder n\u00b0 32<\/a><\/li>\n<\/ul><\/td>\n<\/tr>\n<\/tbody>\n<\/table>\n<hr \/>\n<p style=\"text-align: center;\"><ul id=\"menu-69-rhone\" class=\"menu\"><li id=\"menu-item-102399\" class=\"menu-item menu-item-type-post_type menu-item-object-page menu-item-102399\"><a href=\"https:\/\/www.auzeau.fr\/39-45\/france\/69-rhone\/69-letra\/\">69 \u2013 Letra<\/a><\/li>\n<li id=\"menu-item-102398\" class=\"menu-item menu-item-type-post_type menu-item-object-page menu-item-102398\"><a href=\"https:\/\/www.auzeau.fr\/39-45\/france\/69-rhone\/69-lyon-cimetiere-de-loyasse\/\">69 \u2013 Lyon cimeti\u00e8re de Loyasse<\/a><\/li>\n<li id=\"menu-item-102400\" class=\"menu-item menu-item-type-post_type menu-item-object-page menu-item-102400\"><a href=\"https:\/\/www.auzeau.fr\/39-45\/france\/69-rhone\/69-villeurbanne-necropole-nationale\/\">69 \u2013 Villeurbanne N\u00e9cropole Nationale<\/a><\/li>\n<\/ul>\n<script type=\"text\/javascript\"> toolTips('.classtoolTips89','Sergent-Chef'); <\/script><script type=\"text\/javascript\"> toolTips('.classtoolTips98','Colonel'); <\/script><script type=\"text\/javascript\"> toolTips('.classtoolTips125','Perte hors combat<br\/><br\/>No Battle Casualty'); <\/script><script type=\"text\/javascript\"> toolTips('.classtoolTips126','Mort Pour la France'); <\/script><script type=\"text\/javascript\"> toolTips('.classtoolTips136','Arm\u00e9e de l\u2019Air Fran\u00e7aise'); <\/script><script type=\"text\/javascript\"> toolTips('.classtoolTips144','Royal Corps of Signals'); <\/script><script type=\"text\/javascript\"> toolTips('.classtoolTips151','Pilote<br\/><br\/>Pilot'); <\/script><script type=\"text\/javascript\"> toolTips('.classtoolTips153','Porucznik'); <\/script><script type=\"text\/javascript\"> toolTips('.classtoolTips184','Capitaine de Vaisseau'); <\/script><script type=\"text\/javascript\"> toolTips('.classtoolTips185','Mitrailleur<br\/><br\/>Air Gunner'); <\/script><script type=\"text\/javascript\"> toolTips('.classtoolTips188','Bombardier<br\/><br\/>Air bomber'); <\/script><script type=\"text\/javascript\"> toolTips('.classtoolTips192','<img class=\"aligncenter size-full wp-image-65858\" title=\"Rampe_V1\" src=\"https:\/\/www.auzeau.fr\/39-45\/wp-content\/uploads\/Avions\/Allemand\/Rampe_V1.jpg\" alt=\"\" width=\"640\" height=\"426\" \/><br\/><img class=\"aligncenter size-full wp-image-65859\" title=\"V1\" src=\"https:\/\/www.auzeau.fr\/39-45\/wp-content\/uploads\/Avions\/Allemand\/V1.jpg\" alt=\"\" width=\"640\" height=\"424\" \/>'); <\/script><script type=\"text\/javascript\"> toolTips('.classtoolTips197','Aircraftman'); <\/script><script type=\"text\/javascript\"> toolTips('.classtoolTips199','Radio Officer'); <\/script><script type=\"text\/javascript\"> toolTips('.classtoolTips201','Lieutenant'); <\/script>","protected":false},"excerpt":{"rendered":"<p>Potez 63.11 n\u00b0 118 EAA 301 Matricule AAF : J-942 Date : 22 d\u00e9cembre 1939 Mission : Convoyage de l&#8217;appareil D\u00e9collage : M\u00e9aulte (80) Causes de la perte : Capote durant un atterrissage en campagne Lieu de la perte : Vougy (63) SCH Michel Andr\u00e9 G\u00c9DEAU Pil AAF NBC MPF<\/p>\n","protected":false},"author":1,"featured_media":0,"parent":102389,"menu_order":0,"comment_status":"closed","ping_status":"closed","template":"template-full-width Potez 63.php","meta":{"_lmt_disableupdate":"yes","_lmt_disable":"","footnotes":""},"categories":[414],"tags":[1478],"wf_page_folders":[10387],"class_list":["post-102086","page","type-page","status-publish","hentry","category-potez-63-11","tag-eaa-301"],"_links":{"self":[{"href":"https:\/\/www.auzeau.fr\/39-45\/wp-json\/wp\/v2\/pages\/102086","targetHints":{"allow":["GET"]}}],"collection":[{"href":"https:\/\/www.auzeau.fr\/39-45\/wp-json\/wp\/v2\/pages"}],"about":[{"href":"https:\/\/www.auzeau.fr\/39-45\/wp-json\/wp\/v2\/types\/page"}],"author":[{"embeddable":true,"href":"https:\/\/www.auzeau.fr\/39-45\/wp-json\/wp\/v2\/users\/1"}],"replies":[{"embeddable":true,"href":"https:\/\/www.auzeau.fr\/39-45\/wp-json\/wp\/v2\/comments?post=102086"}],"version-history":[{"count":0,"href":"https:\/\/www.auzeau.fr\/39-45\/wp-json\/wp\/v2\/pages\/102086\/revisions"}],"up":[{"embeddable":true,"href":"https:\/\/www.auzeau.fr\/39-45\/wp-json\/wp\/v2\/pages\/102389"}],"wp:attachment":[{"href":"https:\/\/www.auzeau.fr\/39-45\/wp-json\/wp\/v2\/media?parent=102086"}],"wp:term":[{"taxonomy":"category","embeddable":true,"href":"https:\/\/www.auzeau.fr\/39-45\/wp-json\/wp\/v2\/categories?post=102086"},{"taxonomy":"post_tag","embeddable":true,"href":"https:\/\/www.auzeau.fr\/39-45\/wp-json\/wp\/v2\/tags?post=102086"},{"taxonomy":"wf_page_folders","embeddable":true,"href":"https:\/\/www.auzeau.fr\/39-45\/wp-json\/wp\/v2\/wf_page_folders?post=102086"}],"curies":[{"name":"wp","href":"https:\/\/api.w.org\/{rel}","templated":true}]}}