{"id":101920,"date":"2022-05-15T14:26:24","date_gmt":"2022-05-15T12:26:24","guid":{"rendered":"http:\/\/39-45.auzeau.fr\/?page_id=101920"},"modified":"2022-05-15T14:26:24","modified_gmt":"2022-05-15T12:26:24","slug":"70-haute-saone","status":"publish","type":"page","link":"https:\/\/www.auzeau.fr\/39-45\/france\/70-haute-saone\/","title":{"rendered":"70 &#8211; Haute-Sa\u00f4ne"},"content":{"rendered":"<p>&nbsp;<\/p>\n<p><img decoding=\"async\" class=\"aligncenter size-full wp-image-101919\" title=\"70 Pt\" src=\"https:\/\/www.auzeau.fr\/39-45\/wp-content\/uploads\/images\/Departement\/70-Pt.png\" alt=\"\" width=\"110\" height=\"112\" srcset=\"https:\/\/www.auzeau.fr\/39-45\/wp-content\/uploads\/images\/Departement\/70-Pt.png 110w, https:\/\/www.auzeau.fr\/39-45\/wp-content\/uploads\/images\/Departement\/70-Pt-50x50.png 50w\" sizes=\"(max-width: 110px) 100vw, 110px\" \/><\/p>\n<div class=\"leaflet-map WPLeafletMap\" style=\"height:1000px; width:100%;\"><\/div><script>\nwindow.WPLeafletMapPlugin = window.WPLeafletMapPlugin || [];\nwindow.WPLeafletMapPlugin.push(function WPLeafletMapShortcode() {\/*<script>*\/\nvar baseUrl = atob('aHR0cHM6Ly97c30udGlsZS5vcGVuc3RyZWV0bWFwLm9yZy97en0ve3h9L3t5fS5wbmc=');\nvar base = (!baseUrl && window.MQ) ?\n    window.MQ.mapLayer() : L.tileLayer(baseUrl,\n        L.Util.extend({}, {\n            detectRetina: 0,\n        },\n        {\"subdomains\":\"abc\",\"noWrap\":false,\"maxZoom\":20}        )\n    );\n    var options = L.Util.extend({}, {\n        layers: [base],\n        attributionControl: false\n    },\n    {\"zoomControl\":true,\"scrollWheelZoom\":true,\"doubleClickZoom\":false,\"fitBounds\":true,\"minZoom\":0,\"maxZoom\":20,\"maxBounds\":null,\"attribution\":\"<a href=\\\"http:\\\/\\\/leafletjs.com\\\" title=\\\"Une biblioth\\u00e8que JS pour des cartes interactives\\\">Leaflet<\\\/a>; \\u00a9 <a href=\\\"http:\\\/\\\/www.openstreetmap.org\\\/copyright\\\">OpenStreetMap<\\\/a> contributeurs\"},\n    {});\nwindow.WPLeafletMapPlugin.createMap(options).setView([49.821854588467,4.5600128173828],10);window.WPLeafletMapPlugin.createScale({});});<\/script>\n<script>\nwindow.WPLeafletMapPlugin = window.WPLeafletMapPlugin || [];\nwindow.WPLeafletMapPlugin.push(function WPLeafletMarkerShortcode() {\/*<script>*\/\nvar map = window.WPLeafletMapPlugin.getCurrentMap();\nvar group = window.WPLeafletMapPlugin.getCurrentGroup();\nvar marker_options = window.WPLeafletMapPlugin.getIconOptions({\"iconUrl\":\"https:\\\/\\\/www.auzeau.fr\\\/39-45\\\/wp-content\\\/uploads\\\/images\\\/Punaises\\\/FRANCE.png\",\"iconSize\":\"40,40\",\"iconAnchor\":\"0,40\"});\nvar marker = L.marker(\n    [47.869345,6.184948],\n    marker_options\n);\nvar is_image = map.is_image_map;\nif (marker_options.draggable) {\n    marker.on('dragend', function () {\n        var latlng = this.getLatLng();\n        var lat = latlng.lat;\n        var lng = latlng.lng;\n        if (is_image) {\n            console.log('leaflet-marker y=' + lat + ' x=' + lng);\n        } else {\n            console.log('leaflet-marker lat=' + lat + ' lng=' + lng);\n        }\n    });\n}\nmarker.addTo( group );\nmarker.bindPopup(window.WPLeafletMapPlugin.unescape(' Jasney ')).openPopup();window.WPLeafletMapPlugin.markers.push( marker );\n        });<\/script>\n<script>\nwindow.WPLeafletMapPlugin = window.WPLeafletMapPlugin || [];\nwindow.WPLeafletMapPlugin.push(function WPLeafletMarkerShortcode() {\/*<script>*\/\nvar map = window.WPLeafletMapPlugin.getCurrentMap();\nvar group = window.WPLeafletMapPlugin.getCurrentGroup();\nvar marker_options = window.WPLeafletMapPlugin.getIconOptions({\"iconUrl\":\"https:\\\/\\\/www.auzeau.fr\\\/39-45\\\/wp-content\\\/uploads\\\/images\\\/Punaises\\\/FRANCE.png\",\"iconSize\":\"40,40\",\"iconAnchor\":\"0,40\"});\nvar marker = L.marker(\n    [47.703868,6.690487],\n    marker_options\n);\nvar is_image = map.is_image_map;\nif (marker_options.draggable) {\n    marker.on('dragend', function () {\n        var latlng = this.getLatLng();\n        var lat = latlng.lat;\n        var lng = latlng.lng;\n        if (is_image) {\n            console.log('leaflet-marker y=' + lat + ' x=' + lng);\n        } else {\n            console.log('leaflet-marker lat=' + lat + ' lng=' + lng);\n        }\n    });\n}\nmarker.addTo( group );\nmarker.bindPopup(window.WPLeafletMapPlugin.unescape(' Champagney ')).openPopup();window.WPLeafletMapPlugin.markers.push( marker );\n        });<\/script>\n<script>\nwindow.WPLeafletMapPlugin = window.WPLeafletMapPlugin || [];\nwindow.WPLeafletMapPlugin.push(function WPLeafletMarkerShortcode() {\/*<script>*\/\nvar map = window.WPLeafletMapPlugin.getCurrentMap();\nvar group = window.WPLeafletMapPlugin.getCurrentGroup();\nvar marker_options = window.WPLeafletMapPlugin.getIconOptions({\"iconUrl\":\"https:\\\/\\\/www.auzeau.fr\\\/39-45\\\/wp-content\\\/uploads\\\/images\\\/Punaises\\\/FRANCE.png\",\"iconSize\":\"40,40\",\"iconAnchor\":\"0,40\"});\nvar marker = L.marker(\n    [47.61234,5.390629],\n    marker_options\n);\nvar is_image = map.is_image_map;\nif (marker_options.draggable) {\n    marker.on('dragend', function () {\n        var latlng = this.getLatLng();\n        var lat = latlng.lat;\n        var lng = latlng.lng;\n        if (is_image) {\n            console.log('leaflet-marker y=' + lat + ' x=' + lng);\n        } else {\n            console.log('leaflet-marker lat=' + lat + ' lng=' + lng);\n        }\n    });\n}\nmarker.addTo( group );\nmarker.bindPopup(window.WPLeafletMapPlugin.unescape(' Percey-le-Grand ')).openPopup();window.WPLeafletMapPlugin.markers.push( marker );\n        });<\/script>\n<script>\nwindow.WPLeafletMapPlugin = window.WPLeafletMapPlugin || [];\nwindow.WPLeafletMapPlugin.push(function WPLeafletMarkerShortcode() {\/*<script>*\/\nvar map = window.WPLeafletMapPlugin.getCurrentMap();\nvar group = window.WPLeafletMapPlugin.getCurrentGroup();\nvar marker_options = window.WPLeafletMapPlugin.getIconOptions({\"iconUrl\":\"https:\\\/\\\/www.auzeau.fr\\\/39-45\\\/wp-content\\\/uploads\\\/images\\\/Punaises\\\/FRANCE.png\",\"iconSize\":\"40,40\",\"iconAnchor\":\"0,40\"});\nvar marker = L.marker(\n    [47.55918,5.754025],\n    marker_options\n);\nvar is_image = map.is_image_map;\nif (marker_options.draggable) {\n    marker.on('dragend', function () {\n        var latlng = this.getLatLng();\n        var lat = latlng.lat;\n        var lng = latlng.lng;\n        if (is_image) {\n            console.log('leaflet-marker y=' + lat + ' x=' + lng);\n        } else {\n            console.log('leaflet-marker lat=' + lat + ' lng=' + lng);\n        }\n    });\n}\nmarker.addTo( group );\nmarker.bindPopup(window.WPLeafletMapPlugin.unescape(' Seveux-Motey ')).openPopup();window.WPLeafletMapPlugin.markers.push( marker );\n        });<\/script>\n<hr \/>\n<p style=\"text-align: center;\"><ul id=\"menu-70-haute-saone\" class=\"menu\"><li id=\"menu-item-101986\" class=\"menu-item menu-item-type-post_type menu-item-object-page menu-item-101986\"><a href=\"https:\/\/www.auzeau.fr\/39-45\/france\/70-haute-saone\/70-champagney\/\">70 \u2013 Champagney<\/a><\/li>\n<li id=\"menu-item-101987\" class=\"menu-item menu-item-type-post_type menu-item-object-page menu-item-101987\"><a href=\"https:\/\/www.auzeau.fr\/39-45\/france\/70-haute-saone\/70-jasney\/\">70 \u2013 Jasney<\/a><\/li>\n<li id=\"menu-item-104529\" class=\"menu-item menu-item-type-post_type menu-item-object-page menu-item-104529\"><a href=\"https:\/\/www.auzeau.fr\/39-45\/france\/70-haute-saone\/70-percey-le-grand\/\">70 \u2013 Percey-le-Grand<\/a><\/li>\n<li id=\"menu-item-110900\" class=\"menu-item menu-item-type-post_type menu-item-object-page menu-item-110900\"><a href=\"https:\/\/www.auzeau.fr\/39-45\/france\/70-haute-saone\/70-seveux-motey\/\">70 \u2013 Seveux-Motey<\/a><\/li>\n<\/ul>\n<script type=\"text\/javascript\"> toolTips('.classtoolTips82','Chorazy'); <\/script><script type=\"text\/javascript\"> toolTips('.classtoolTips144','Royal Corps of Signals'); <\/script><script type=\"text\/javascript\"> toolTips('.classtoolTips148','<strong>D\u00e9c\u00e9d\u00e9 de ses blessures<\/strong><br\/><br\/>concerne une personne qui a surv\u00e9cu pour atteindre un centre de traitement m\u00e9dical.<br\/><br\/><strong>Died of wounds<\/strong><br\/><br\/>concerns a person who survived to reach a medical treatment center.'); <\/script><script type=\"text\/javascript\"> toolTips('.classtoolTips150','Indemne<br\/><br\/>Unhurt'); <\/script><script type=\"text\/javascript\"> toolTips('.classtoolTips183','Flight Sergeant'); <\/script><script type=\"text\/javascript\"> toolTips('.classtoolTips185','Mitrailleur<br\/><br\/>Air Gunner'); <\/script><script type=\"text\/javascript\"> toolTips('.classtoolTips186','Zone d\u2019Atterrissage<br\/><br\/>Landing Zone'); <\/script><script type=\"text\/javascript\"> toolTips('.classtoolTips188','Bombardier<br\/><br\/>Air bomber'); <\/script><script type=\"text\/javascript\"> toolTips('.classtoolTips195','Enseigne de Vaisseau'); <\/script><script type=\"text\/javascript\"> toolTips('.classtoolTips197','Aircraftman'); <\/script><script type=\"text\/javascript\"> toolTips('.classtoolTips199','Radio Officer'); <\/script><script type=\"text\/javascript\"> toolTips('.classtoolTips201','Lieutenant'); <\/script>","protected":false},"excerpt":{"rendered":"<p>&nbsp;<\/p>\n","protected":false},"author":1,"featured_media":0,"parent":32,"menu_order":0,"comment_status":"closed","ping_status":"closed","template":"","meta":{"_lmt_disableupdate":"yes","_lmt_disable":"","footnotes":""},"categories":[3447],"tags":[],"wf_page_folders":[10373,3106],"class_list":["post-101920","page","type-page","status-publish","hentry","category-departement"],"_links":{"self":[{"href":"https:\/\/www.auzeau.fr\/39-45\/wp-json\/wp\/v2\/pages\/101920","targetHints":{"allow":["GET"]}}],"collection":[{"href":"https:\/\/www.auzeau.fr\/39-45\/wp-json\/wp\/v2\/pages"}],"about":[{"href":"https:\/\/www.auzeau.fr\/39-45\/wp-json\/wp\/v2\/types\/page"}],"author":[{"embeddable":true,"href":"https:\/\/www.auzeau.fr\/39-45\/wp-json\/wp\/v2\/users\/1"}],"replies":[{"embeddable":true,"href":"https:\/\/www.auzeau.fr\/39-45\/wp-json\/wp\/v2\/comments?post=101920"}],"version-history":[{"count":0,"href":"https:\/\/www.auzeau.fr\/39-45\/wp-json\/wp\/v2\/pages\/101920\/revisions"}],"up":[{"embeddable":true,"href":"https:\/\/www.auzeau.fr\/39-45\/wp-json\/wp\/v2\/pages\/32"}],"wp:attachment":[{"href":"https:\/\/www.auzeau.fr\/39-45\/wp-json\/wp\/v2\/media?parent=101920"}],"wp:term":[{"taxonomy":"category","embeddable":true,"href":"https:\/\/www.auzeau.fr\/39-45\/wp-json\/wp\/v2\/categories?post=101920"},{"taxonomy":"post_tag","embeddable":true,"href":"https:\/\/www.auzeau.fr\/39-45\/wp-json\/wp\/v2\/tags?post=101920"},{"taxonomy":"wf_page_folders","embeddable":true,"href":"https:\/\/www.auzeau.fr\/39-45\/wp-json\/wp\/v2\/wf_page_folders?post=101920"}],"curies":[{"name":"wp","href":"https:\/\/api.w.org\/{rel}","templated":true}]}}