{"id":101899,"date":"2022-05-15T15:07:18","date_gmt":"2022-05-15T13:07:18","guid":{"rendered":"http:\/\/39-45.auzeau.fr\/?page_id=101899"},"modified":"2022-05-15T15:16:41","modified_gmt":"2022-05-15T13:16:41","slug":"26-la-begude-de-mazenc","status":"publish","type":"page","link":"https:\/\/www.auzeau.fr\/39-45\/france\/26-drome\/26-la-begude-de-mazenc\/","title":{"rendered":"26 &#8211; La B\u00e9gude-de-Mazenc"},"content":{"rendered":"<table style=\"width: 100%;\" border=\"0\">\n<tbody>\n<tr>\n<td style=\"width: 5%;\"><\/td>\n<td style=\"width: 5%;\"><\/td>\n<td style=\"width: 2%;\"><\/td>\n<td style=\"width: 8%;\"><\/td>\n<td style=\"width: 5%;\"><\/td>\n<td style=\"width: 5%;\"><\/td>\n<td style=\"width: 5%;\"><\/td>\n<td style=\"width: 2%;\"><\/td>\n<td style=\"width: 8%;\"><\/td>\n<td style=\"width: 2%;\"><\/td>\n<td style=\"width: 5%;\"><\/td>\n<td style=\"width: 3%;\"><\/td>\n<td style=\"width: 5%;\"><\/td>\n<td style=\"width: 5%;\"><\/td>\n<td style=\"width: 5%;\"><\/td>\n<td style=\"width: 5%;\"><\/td>\n<td style=\"width: 5%;\"><\/td>\n<td style=\"width: 5%;\"><\/td>\n<td style=\"width: 5%;\"><\/td>\n<td style=\"width: 10%;\"><\/td>\n<\/tr>\n<tr>\n<td style=\"width: 75%;\" colspan=\"16\"><span style=\"font-size: xx-large;\"><strong><span style=\"color: #000000;\">Caudron C445 Go\u00e9land n\u00b0 ?<br \/>\n<\/span><\/strong><\/span><\/td>\n<td style=\"width: 25%; text-align: center;\" colspan=\"4\"><span style=\"font-size: xx-large;\"><strong><span class='tooltipsall tooltipsincontent classtoolTips154'>GLA<\/span><br \/>\n<\/strong><\/span><\/td>\n<\/tr>\n<tr style=\"height: 40px;\">\n<td style=\"text-align: right; width: 5%;\"><\/td>\n<td style=\"text-align: right; width: 5%;\"><\/td>\n<td style=\"text-align: right; width: 2%;\"><\/td>\n<td style=\"text-align: right; width: 8%;\"><\/td>\n<td style=\"text-align: right; width: 5%;\"><\/td>\n<td style=\"text-align: right; width: 5%;\"><\/td>\n<td style=\"text-align: right; width: 5%;\"><\/td>\n<td style=\"text-align: right; width: 2%;\"><\/td>\n<td style=\"text-align: right; width: 8%;\"><\/td>\n<td style=\"text-align: right; width: 2%;\"><\/td>\n<td style=\"text-align: right; width: 5%;\"><\/td>\n<td style=\"text-align: right; width: 3%;\"><\/td>\n<td style=\"text-align: right; width: 5%;\"><\/td>\n<td style=\"text-align: right; width: 5%;\"><\/td>\n<td style=\"text-align: right; width: 5%;\"><\/td>\n<td style=\"text-align: right; width: 5%;\"><\/td>\n<td style=\"text-align: right; width: 5%;\"><\/td>\n<td style=\"text-align: right; width: 5%;\"><\/td>\n<td style=\"text-align: right; width: 5%;\"><\/td>\n<td style=\"text-align: right; width: 10%;\"><\/td>\n<\/tr>\n<tr>\n<td style=\"text-align: right; width: 5%;\"><\/td>\n<td style=\"text-align: right; width: 5%;\"><span style=\"font-size: 14px;\"><strong>Date<\/strong><\/span><\/td>\n<td style=\"width: 2%; text-align: center;\"><strong>:<\/strong><\/td>\n<td style=\"width: 13%; text-align: left;\" colspan=\"2\"><span style=\"font-size: 14px;\"><em>15 juillet 1943<br \/>\n<\/em><\/span><\/td>\n<td style=\"text-align: right; width: 5%;\"><\/td>\n<td style=\"text-align: right; width: 5%;\"><\/td>\n<td style=\"text-align: right; width: 2%;\"><\/td>\n<td style=\"text-align: right; width: 8%;\"><span style=\"font-size: 14px;\"><strong>Mission<\/strong><\/span><\/td>\n<td style=\"width: 2%; text-align: center;\"><strong><span style=\"font-size: 14px;\">:<\/span><\/strong><\/td>\n<td style=\"text-align: left; width: 53%;\" colspan=\"10\"><span style=\"font-size: 14px;\"><em>Vol de liaison<\/em><\/span><span style=\"font-size: 14px;\"><em><br \/>\n<\/em><\/span><\/td>\n<\/tr>\n<tr style=\"height: 40px;\">\n<td style=\"text-align: right; width: 5%;\"><\/td>\n<td style=\"text-align: right; width: 5%;\"><\/td>\n<td style=\"width: 2%; text-align: center;\"><\/td>\n<td style=\"width: 8%; text-align: left;\"><\/td>\n<td style=\"text-align: right; width: 5%;\"><\/td>\n<td style=\"text-align: right; width: 5%;\"><\/td>\n<td style=\"text-align: right; width: 5%;\"><\/td>\n<td style=\"text-align: right; width: 2%;\"><\/td>\n<td style=\"text-align: right; width: 8%;\"><\/td>\n<td style=\"width: 2%; text-align: center;\"><\/td>\n<td style=\"text-align: left; width: 5%;\"><\/td>\n<td style=\"text-align: left; width: 3%;\"><\/td>\n<td style=\"text-align: left; width: 5%;\"><\/td>\n<td style=\"text-align: left; width: 5%;\"><\/td>\n<td style=\"text-align: left; width: 5%;\"><\/td>\n<td style=\"text-align: left; width: 5%;\"><\/td>\n<td style=\"text-align: left; width: 5%;\"><\/td>\n<td style=\"text-align: left; width: 5%;\"><\/td>\n<td style=\"text-align: left; width: 5%;\"><\/td>\n<td style=\"text-align: left; width: 10%;\"><\/td>\n<\/tr>\n<tr style=\"height: 40px;\">\n<td style=\"text-align: right; width: 10%;\" colspan=\"2\"><\/td>\n<td style=\"width: 2%; text-align: center;\"><\/td>\n<td style=\"text-align: right; width: 23%;\" colspan=\"4\"><span style=\"font-size: 14px;\"><em>\u00a0<\/em><\/span><span style=\"font-size: 14px;\"><strong>D\u00e9collage<\/strong><\/span><\/td>\n<td style=\"width: 2%; text-align: center;\"><strong>:<\/strong><\/td>\n<td style=\"text-align: left; width: 63%;\" colspan=\"12\"><span style=\"font-size: 14px;\"><em>\u00a0Alger<\/em><\/span><\/td>\n<\/tr>\n<tr style=\"height: 40px;\">\n<td style=\"text-align: right; width: 10%;\" colspan=\"2\"><\/td>\n<td style=\"width: 2%; text-align: center;\"><\/td>\n<td style=\"text-align: right; width: 23%;\" colspan=\"4\"><span style=\"font-size: 14px;\"><strong>Causes de la perte<br \/>\n<\/strong><\/span><\/td>\n<td style=\"width: 2%; text-align: center;\"><strong>:<br \/>\n<\/strong><\/td>\n<td style=\"text-align: left; width: 63%;\" colspan=\"12\"><\/td>\n<\/tr>\n<tr style=\"height: 40px;\">\n<td style=\"text-align: right; width: 10%;\" colspan=\"2\"><\/td>\n<td style=\"width: 2%; text-align: center;\"><\/td>\n<td style=\"text-align: right; width: 23%;\" colspan=\"4\"><span style=\"font-size: 14px;\"><strong>Lieu de la perte<br \/>\n<\/strong><\/span><\/td>\n<td style=\"width: 2%; text-align: center;\"><strong>:<br \/>\n<\/strong><\/td>\n<td style=\"text-align: left; width: 63%;\" colspan=\"12\"><span style=\"font-size: 14px;\"><em>10 Km S-W Mansoura (Alg\u00e9rie)<br \/>\n<\/em><\/span><\/td>\n<\/tr>\n<tr style=\"height: 40px;\">\n<td style=\"width: 5%;\"><\/td>\n<td style=\"width: 5%;\"><\/td>\n<td style=\"width: 2%; text-align: center;\"><\/td>\n<td style=\"text-align: right; width: 8%;\"><\/td>\n<td style=\"text-align: right; width: 5%;\"><\/td>\n<td style=\"text-align: right; width: 5%;\"><\/td>\n<td style=\"text-align: right; width: 5%;\"><\/td>\n<td style=\"width: 2%; text-align: center;\"><\/td>\n<td style=\"text-align: left; width: 8%;\"><\/td>\n<td style=\"text-align: left; width: 2%;\"><\/td>\n<td style=\"text-align: left; width: 5%;\"><\/td>\n<td style=\"text-align: left; width: 3%;\"><\/td>\n<td style=\"text-align: left; width: 5%;\"><\/td>\n<td style=\"text-align: left; width: 5%;\"><\/td>\n<td style=\"text-align: left; width: 5%;\"><\/td>\n<td style=\"text-align: left; width: 5%;\"><\/td>\n<td style=\"text-align: left; width: 5%;\"><\/td>\n<td style=\"text-align: left; width: 5%;\"><\/td>\n<td style=\"text-align: left; width: 5%;\"><\/td>\n<td style=\"text-align: left; width: 10%;\"><\/td>\n<\/tr>\n<tr style=\"height: 60px;\">\n<td style=\"width: 5%;\"><img decoding=\"async\" class=\"aligncenter size-full wp-image-47214\" title=\"France\" src=\"https:\/\/www.auzeau.fr\/39-45\/wp-content\/uploads\/images\/Drapeaux\/France.png\" alt=\"France\" width=\"40\" height=\"20\" \/><\/td>\n<td style=\"width: 5%;\"><span class='tooltipsall tooltipsincontent classtoolTips96'>Sgt<\/span><\/td>\n<td style=\"text-align: left;\" colspan=\"5\">Albert<\/td>\n<td style=\"text-align: left;\" colspan=\"3\"><strong><span style=\"color: #000000;\">MAURIN<br \/>\n<\/span><\/strong><\/td>\n<td style=\"text-align: center;\" colspan=\"2\"><\/td>\n<td style=\"width: 5%; text-align: center;\"><span class='tooltipsall tooltipsincontent classtoolTips132'>FAF<\/span><\/td>\n<td style=\"text-align: center;\" colspan=\"2\"><\/td>\n<td style=\"width: 5%; text-align: center;\"><span style=\"color: #000000;\"><strong><span class='tooltipsall tooltipsincontent classtoolTips125'>NBC<\/span><br \/>\n<\/strong><\/span><\/td>\n<td style=\"text-align: left;\" colspan=\"4\"><span style=\"color: #000000;\"><strong><span class='tooltipsall tooltipsincontent classtoolTips126'>MPF<\/span> <\/strong><\/span><span style=\"color: #000000;\"><strong><br \/>\n<\/strong><\/span><\/td>\n<\/tr>\n<tr style=\"height: 60px;\">\n<td style=\"width: 5%;\"><img decoding=\"async\" class=\"aligncenter size-full wp-image-47214\" title=\"France\" src=\"https:\/\/www.auzeau.fr\/39-45\/wp-content\/uploads\/images\/Drapeaux\/France.png\" alt=\"France\" width=\"40\" height=\"20\" \/><\/td>\n<td style=\"width: 5%;\"><span class='tooltipsall tooltipsincontent classtoolTips179'>Adj<\/span><\/td>\n<td style=\"text-align: left;\" colspan=\"5\">Robert<\/td>\n<td style=\"text-align: left;\" colspan=\"3\"><strong><span style=\"color: #000000;\">ROBERT<br \/>\n<\/span><\/strong><\/td>\n<td style=\"text-align: center;\" colspan=\"2\"><span class='tooltipsall tooltipsincontent classtoolTips151'>Pil<\/span><\/td>\n<td style=\"width: 5%; text-align: center;\"><span class='tooltipsall tooltipsincontent classtoolTips132'>FAF<\/span><\/td>\n<td style=\"text-align: center;\" colspan=\"2\"><\/td>\n<td style=\"width: 5%; text-align: center;\"><span style=\"color: #000000;\"><strong><span class='tooltipsall tooltipsincontent classtoolTips125'>NBC<\/span><br \/>\n<\/strong><\/span><\/td>\n<td style=\"text-align: left;\" colspan=\"4\"><span style=\"color: #000000;\"><strong>\u00a0<\/strong><\/span><span style=\"font-size: 8pt;\">Lieu d&#8217;inhumation inconnu<\/span><\/td>\n<\/tr>\n<tr style=\"height: 60px;\">\n<td style=\"width: 5%;\"><img decoding=\"async\" class=\"aligncenter size-full wp-image-47214\" title=\"France\" src=\"https:\/\/www.auzeau.fr\/39-45\/wp-content\/uploads\/images\/Drapeaux\/France.png\" alt=\"France\" width=\"40\" height=\"20\" \/><\/td>\n<td style=\"width: 5%;\"><span class='tooltipsall tooltipsincontent classtoolTips96'>Sgt<\/span><\/td>\n<td style=\"text-align: left;\" colspan=\"5\">Ren\u00e9<\/td>\n<td style=\"text-align: left;\" colspan=\"3\"><strong><span style=\"color: #000000;\">GALBE<br \/>\n<\/span><\/strong><\/td>\n<td style=\"text-align: center;\" colspan=\"2\"><\/td>\n<td style=\"width: 5%; text-align: center;\"><span class='tooltipsall tooltipsincontent classtoolTips132'>FAF<\/span><\/td>\n<td style=\"text-align: center;\" colspan=\"2\"><\/td>\n<td style=\"width: 5%; text-align: center;\"><span style=\"color: #000000;\"><strong><span class='tooltipsall tooltipsincontent classtoolTips125'>NBC<\/span><br \/>\n<\/strong><\/span><\/td>\n<td style=\"text-align: left;\" colspan=\"4\"><span style=\"color: #000000;\"><strong><span class='tooltipsall tooltipsincontent classtoolTips126'>MPF<\/span> <\/strong><\/span><span style=\"font-size: 8pt;\">Lieu d&#8217;inhumation inconnu<\/span><\/td>\n<\/tr>\n<tr style=\"height: 60px;\">\n<td style=\"width: 5%;\"><\/td>\n<td style=\"width: 5%;\"><\/td>\n<td style=\"text-align: left;\" colspan=\"5\"><\/td>\n<td style=\"text-align: left;\" colspan=\"3\"><strong><span style=\"color: #000000;\">\u00a0<\/span><\/strong><\/td>\n<td style=\"text-align: center;\" colspan=\"2\"><\/td>\n<td style=\"width: 5%; text-align: center;\"><\/td>\n<td style=\"text-align: center;\" colspan=\"2\"><\/td>\n<td style=\"width: 5%; text-align: center;\"><span style=\"color: #000000;\"><strong>\u00a0<\/strong><\/span><\/td>\n<td style=\"text-align: left;\" colspan=\"4\"><span style=\"color: #000000;\"><strong>\u00a0<\/strong><\/span><\/td>\n<\/tr>\n<tr style=\"height: 60px;\">\n<td style=\"width: 5%;\"><img decoding=\"async\" class=\"aligncenter size-full wp-image-47214\" title=\"France\" src=\"https:\/\/www.auzeau.fr\/39-45\/wp-content\/uploads\/images\/Drapeaux\/France.png\" alt=\"France\" width=\"40\" height=\"20\" \/><\/td>\n<td style=\"width: 5%;\"><span class='tooltipsall tooltipsincontent classtoolTips201'>Lt<\/span><\/td>\n<td style=\"text-align: left;\" colspan=\"5\">Jean Fran\u00e7ois Marie \u00c9mile<\/td>\n<td style=\"text-align: left;\" colspan=\"3\"><strong><span style=\"color: #000000;\">BAZAUGOUR<br \/>\n<\/span><\/strong><\/td>\n<td style=\"text-align: center;\" colspan=\"2\"><span class='tooltipsall tooltipsincontent classtoolTips62'>Pass<\/span><\/td>\n<td style=\"width: 5%; text-align: center;\"><span class='tooltipsall tooltipsincontent classtoolTips69'>FAFL<\/span><\/td>\n<td style=\"text-align: center;\" colspan=\"2\"><\/td>\n<td style=\"width: 5%; text-align: center;\"><span class='tooltipsall tooltipsincontent classtoolTips124'>WOU<\/span><\/td>\n<td style=\"text-align: left;\" colspan=\"4\"><\/td>\n<\/tr>\n<tr style=\"height: 60px;\">\n<td style=\"width: 5%;\"><img decoding=\"async\" class=\"aligncenter size-full wp-image-47214\" title=\"France\" src=\"https:\/\/www.auzeau.fr\/39-45\/wp-content\/uploads\/images\/Drapeaux\/France.png\" alt=\"France\" width=\"40\" height=\"20\" \/><\/td>\n<td style=\"width: 5%;\"><span class='tooltipsall tooltipsincontent classtoolTips181'>SLT<\/span><\/td>\n<td style=\"text-align: left;\" colspan=\"5\">Marcel F\u00e9lix Eug\u00e8ne Henri<\/td>\n<td style=\"text-align: left;\" colspan=\"3\"><strong><span style=\"color: #000000;\">LEBOIS<br \/>\n<\/span><\/strong><\/td>\n<td style=\"text-align: center;\" colspan=\"2\"><span class='tooltipsall tooltipsincontent classtoolTips62'>Pass<\/span><\/td>\n<td style=\"width: 5%; text-align: center;\"><span class='tooltipsall tooltipsincontent classtoolTips69'>FAFL<\/span><\/td>\n<td style=\"text-align: center;\" colspan=\"2\">30.078<\/td>\n<td style=\"width: 5%; text-align: center;\"><span style=\"color: #000000;\"><strong><span class='tooltipsall tooltipsincontent classtoolTips125'>NBC<\/span><\/strong><\/span><\/td>\n<td style=\"text-align: left;\" colspan=\"4\"><img decoding=\"async\" class=\"size-full wp-image-47239 alignleft\" title=\"Chevalier L\u00e9gion d'Honneur\" src=\"https:\/\/www.auzeau.fr\/39-45\/wp-content\/uploads\/images\/Medaille\/de7ad77f9fc044a1c8d501e35183a115.png\" alt=\"Chevalier de la L\u00e9gion d'Honneur\" width=\"72\" height=\"20\" \/><img decoding=\"async\" class=\"size-full wp-image-47291 alignleft\" title=\"Compagnon de la Liberation\" src=\"https:\/\/www.auzeau.fr\/39-45\/wp-content\/uploads\/images\/Medaille\/Compagnon-de-la-Liberation.png\" alt=\"Compagnon de la Lib\u00e9ration\" width=\"73\" height=\"20\" \/><img loading=\"lazy\" decoding=\"async\" class=\"size-full wp-image-47270 alignleft\" title=\"Croix de Guerre 39-45\" src=\"https:\/\/www.auzeau.fr\/39-45\/wp-content\/uploads\/images\/Medaille\/Croix-de-Guerre-39-45.png\" alt=\"Croix de Guerre 39-45\" width=\"72\" height=\"20\" \/><img loading=\"lazy\" decoding=\"async\" class=\"size-full wp-image-70364 alignleft\" title=\"M\u00e9daille coloniale\" src=\"https:\/\/www.auzeau.fr\/39-45\/wp-content\/uploads\/images\/Medaille\/Medaille-coloniale.png\" alt=\"M\u00e9daille coloniale\" width=\"72\" height=\"20\" \/><span style=\"color: #000000;\"><strong> <span class='tooltipsall tooltipsincontent classtoolTips126'>MPF<\/span> <\/strong><\/span><a href=\"https:\/\/www.auzeau.fr\/39-45\/france\/85-vendee\/85-angles-2\/\"><span style=\"font-size: 8pt;\">inhum\u00e9 \u00e0 Angles (85)<\/span><\/a><\/td>\n<\/tr>\n<tr style=\"height: 60px;\">\n<td style=\"width: 5%;\"><img decoding=\"async\" class=\"aligncenter size-full wp-image-47214\" title=\"France\" src=\"https:\/\/www.auzeau.fr\/39-45\/wp-content\/uploads\/images\/Drapeaux\/France.png\" alt=\"France\" width=\"40\" height=\"20\" \/><\/td>\n<td style=\"width: 5%;\"><span class='tooltipsall tooltipsincontent classtoolTips174'>Cdt<\/span><\/td>\n<td style=\"text-align: left;\" colspan=\"5\">Pierre<\/td>\n<td style=\"text-align: left;\" colspan=\"3\"><strong><span style=\"color: #000000;\">TASSIN DE SAINT-PEREUSE<br \/>\n<\/span><\/strong><\/td>\n<td style=\"text-align: center;\" colspan=\"2\"><span class='tooltipsall tooltipsincontent classtoolTips62'>Pass<\/span><\/td>\n<td style=\"width: 5%; text-align: center;\"><span class='tooltipsall tooltipsincontent classtoolTips69'>FAFL<\/span><\/td>\n<td style=\"text-align: center;\" colspan=\"2\"><\/td>\n<td style=\"width: 5%; text-align: center;\"><span class='tooltipsall tooltipsincontent classtoolTips124'>WOU<\/span><\/td>\n<td style=\"text-align: left;\" colspan=\"4\"><img loading=\"lazy\" decoding=\"async\" class=\"size-full wp-image-47265 alignleft\" title=\"Commandeur-Legion-dHonneur\" src=\"https:\/\/www.auzeau.fr\/39-45\/wp-content\/uploads\/images\/Medaille\/Commandeur-Legion-dHonneur.png\" alt=\"Commandeur Legion d'Honneur\" width=\"73\" height=\"20\" \/><img decoding=\"async\" class=\"size-full wp-image-47291 alignleft\" title=\"Compagnon de la Liberation\" src=\"https:\/\/www.auzeau.fr\/39-45\/wp-content\/uploads\/images\/Medaille\/Compagnon-de-la-Liberation.png\" alt=\"Compagnon de la Lib\u00e9ration\" width=\"73\" height=\"20\" \/><img loading=\"lazy\" decoding=\"async\" class=\"size-full wp-image-47270 alignleft\" title=\"Croix de Guerre 39-45\" src=\"https:\/\/www.auzeau.fr\/39-45\/wp-content\/uploads\/images\/Medaille\/Croix-de-Guerre-39-45.png\" alt=\"Croix de Guerre 39-45\" width=\"72\" height=\"20\" \/><img loading=\"lazy\" decoding=\"async\" class=\"size-full wp-image-47254 alignleft\" title=\"Medaille de la Resistance avec rosette\" src=\"https:\/\/www.auzeau.fr\/39-45\/wp-content\/uploads\/images\/Medaille\/Medaille-de-la-Resistance-avec-rosette.svg_.png\" alt=\"Medaille de la Resistance avec rosette\" width=\"73\" height=\"20\" \/><img loading=\"lazy\" decoding=\"async\" class=\"size-full wp-image-70364 alignleft\" title=\"M\u00e9daille coloniale\" src=\"https:\/\/www.auzeau.fr\/39-45\/wp-content\/uploads\/images\/Medaille\/Medaille-coloniale.png\" alt=\"M\u00e9daille coloniale\" width=\"72\" height=\"20\" \/><img loading=\"lazy\" decoding=\"async\" class=\"size-full wp-image-47245 alignleft\" title=\"Distinguished Flying Cross\" src=\"https:\/\/www.auzeau.fr\/39-45\/wp-content\/uploads\/images\/Medaille\/Distinguished-Flying-Cross.png\" alt=\"Distinguished Flying Cross\" width=\"73\" height=\"20\" \/><img loading=\"lazy\" decoding=\"async\" class=\"size-full wp-image-99742 alignleft\" title=\"Croix de guerre Tch\u00e8que 1939-1945\" src=\"https:\/\/www.auzeau.fr\/39-45\/wp-content\/uploads\/images\/Medaille\/Croix_guerre_Tcheque_1939-1945.png\" alt=\"\" width=\"71\" height=\"20\" \/><\/td>\n<\/tr>\n<\/tbody>\n<\/table>\n<p>&nbsp;<\/p>\n<div id='gallery-1' class='gallery galleryid-101899 gallery-columns-1 gallery-size-thumbnail'><figure class='gallery-item'>\n\t\t\t<div class='gallery-icon landscape'>\n\t\t\t\t<a title=\"Albert Maurin\"  title=\"Albert Maurin\"  href='https:\/\/www.auzeau.fr\/39-45\/wp-content\/uploads\/Cimetieres\/01%20--%2030\/26%20-%20Drome\/26%20-%20La%20Begude-de-Mazenc\/Albert_Maurin.JPG'><img loading=\"lazy\" decoding=\"async\" width=\"150\" height=\"150\" src=\"https:\/\/www.auzeau.fr\/39-45\/wp-content\/uploads\/Cimetieres\/01 -- 30\/26 - Drome\/26 - La Begude-de-Mazenc\/Albert_Maurin-150x150.jpg\" class=\"attachment-thumbnail size-thumbnail\" alt=\"\" srcset=\"https:\/\/www.auzeau.fr\/39-45\/wp-content\/uploads\/Cimetieres\/01%20--%2030\/26%20-%20Drome\/26%20-%20La%20Begude-de-Mazenc\/Albert_Maurin-150x150.jpg 150w, https:\/\/www.auzeau.fr\/39-45\/wp-content\/uploads\/Cimetieres\/01%20--%2030\/26%20-%20Drome\/26%20-%20La%20Begude-de-Mazenc\/Albert_Maurin-50x50.jpg 50w\" sizes=\"(max-width: 150px) 100vw, 150px\" \/><\/a>\n\t\t\t<\/div><\/figure>\n\t\t<\/div>\n\n<hr \/>\n<p style=\"text-align: center;\"><ul id=\"menu-26-drome\" class=\"menu\"><li id=\"menu-item-103888\" class=\"menu-item menu-item-type-post_type menu-item-object-page menu-item-103888\"><a href=\"https:\/\/www.auzeau.fr\/39-45\/france\/26-drome\/26-bourg-de-peage\/\">26 \u2013 Bourg-de-P\u00e9age<\/a><\/li>\n<li id=\"menu-item-101998\" class=\"menu-item menu-item-type-post_type menu-item-object-page menu-item-101998\"><a href=\"https:\/\/www.auzeau.fr\/39-45\/france\/26-drome\/26-grignan\/\">26 \u2013 Grignan<\/a><\/li>\n<li id=\"menu-item-101997\" class=\"menu-item menu-item-type-post_type menu-item-object-page menu-item-101997\"><a href=\"https:\/\/www.auzeau.fr\/39-45\/france\/26-drome\/26-la-begude-de-mazenc\/\">26 \u2013 La B\u00e9gude-de-Mazenc<\/a><\/li>\n<\/ul>\n<script type=\"text\/javascript\"> toolTips('.classtoolTips62','Passager<br\/><br\/>Passenger'); <\/script><script type=\"text\/javascript\"> toolTips('.classtoolTips69','Force A\u00e9rienne Fran\u00e7aise Libre<br\/><br\/>Free French Air Force'); <\/script><script type=\"text\/javascript\"> toolTips('.classtoolTips96','Sergent<br\/><br\/>Sergeant'); <\/script><script type=\"text\/javascript\"> toolTips('.classtoolTips98','Colonel'); <\/script><script type=\"text\/javascript\"> toolTips('.classtoolTips123','Secret Intelligence Service<br\/><br\/>Service Secret'); <\/script><script type=\"text\/javascript\"> toolTips('.classtoolTips124','Bless\u00e9<br\/><br\/>Wounded'); <\/script><script type=\"text\/javascript\"> toolTips('.classtoolTips125','Perte hors combat<br\/><br\/>No Battle Casualty'); <\/script><script type=\"text\/javascript\"> toolTips('.classtoolTips126','Mort Pour la France'); <\/script><script type=\"text\/javascript\"> toolTips('.classtoolTips132','Force A\u00e9rienne Fran\u00e7aise<br\/><br\/>French Air Force'); <\/script><script type=\"text\/javascript\"> toolTips('.classtoolTips134','\u00c9vad\u00e9<br\/><br\/>Evaded'); <\/script><script type=\"text\/javascript\"> toolTips('.classtoolTips138','<strong>Piste Avanc\u00e9e d\\'Aviation<\/strong><br\/><br\/>A\u00e9rodromes temporaires construits par les Alli\u00e9s au cours de la Seconde Guerre mondiale durant la lib\u00e9ration de l\\'Europe.<br\/><br\/><strong>Advanced Landing Ground<\/strong><br\/><br\/>Temporary advance airfields constructed by the Allies during World War II during the liberation of Europe.'); <\/script><script type=\"text\/javascript\"> toolTips('.classtoolTips144','Royal Corps of Signals'); <\/script><script type=\"text\/javascript\"> toolTips('.classtoolTips151','Pilote<br\/><br\/>Pilot'); <\/script><script type=\"text\/javascript\"> toolTips('.classtoolTips154','Groupe de Liaisons A\u00e9riennes'); <\/script><script type=\"text\/javascript\"> toolTips('.classtoolTips174','Commandant'); <\/script><script type=\"text\/javascript\"> toolTips('.classtoolTips179','Adjudant'); <\/script><script type=\"text\/javascript\"> toolTips('.classtoolTips181','Sous-Lieutenant'); <\/script><script type=\"text\/javascript\"> toolTips('.classtoolTips182','Warrant Officer'); <\/script><script type=\"text\/javascript\"> toolTips('.classtoolTips185','Mitrailleur<br\/><br\/>Air Gunner'); <\/script><script type=\"text\/javascript\"> toolTips('.classtoolTips188','Bombardier<br\/><br\/>Air bomber'); <\/script><script type=\"text\/javascript\"> toolTips('.classtoolTips195','Enseigne de Vaisseau'); <\/script><script type=\"text\/javascript\"> toolTips('.classtoolTips197','Aircraftman'); <\/script><script type=\"text\/javascript\"> toolTips('.classtoolTips199','Radio Officer'); <\/script><script type=\"text\/javascript\"> toolTips('.classtoolTips201','Lieutenant'); <\/script>","protected":false},"excerpt":{"rendered":"<p>Caudron C445 Go\u00e9land n\u00b0 ? GLA Date : 15 juillet 1943 Mission : Vol de liaison \u00a0D\u00e9collage : \u00a0Alger Causes de la perte : Lieu de la perte : 10 Km S-W Mansoura (Alg\u00e9rie) Sgt Albert MAURIN FAF NBC MPF Adj Robert ROBERT Pil FAF NBC \u00a0Lieu d&#8217;inhumation inconnu Sgt Ren\u00e9 GALBE FAF NBC MPF [&hellip;]<\/p>\n","protected":false},"author":1,"featured_media":0,"parent":101888,"menu_order":0,"comment_status":"closed","ping_status":"closed","template":"template-full-width Caudron Goeland.php","meta":{"_lmt_disableupdate":"yes","_lmt_disable":"","footnotes":""},"categories":[10369],"tags":[477],"wf_page_folders":[10365],"class_list":["post-101899","page","type-page","status-publish","hentry","category-caudron-goeland","tag-gr-ii-55"],"_links":{"self":[{"href":"https:\/\/www.auzeau.fr\/39-45\/wp-json\/wp\/v2\/pages\/101899","targetHints":{"allow":["GET"]}}],"collection":[{"href":"https:\/\/www.auzeau.fr\/39-45\/wp-json\/wp\/v2\/pages"}],"about":[{"href":"https:\/\/www.auzeau.fr\/39-45\/wp-json\/wp\/v2\/types\/page"}],"author":[{"embeddable":true,"href":"https:\/\/www.auzeau.fr\/39-45\/wp-json\/wp\/v2\/users\/1"}],"replies":[{"embeddable":true,"href":"https:\/\/www.auzeau.fr\/39-45\/wp-json\/wp\/v2\/comments?post=101899"}],"version-history":[{"count":0,"href":"https:\/\/www.auzeau.fr\/39-45\/wp-json\/wp\/v2\/pages\/101899\/revisions"}],"up":[{"embeddable":true,"href":"https:\/\/www.auzeau.fr\/39-45\/wp-json\/wp\/v2\/pages\/101888"}],"wp:attachment":[{"href":"https:\/\/www.auzeau.fr\/39-45\/wp-json\/wp\/v2\/media?parent=101899"}],"wp:term":[{"taxonomy":"category","embeddable":true,"href":"https:\/\/www.auzeau.fr\/39-45\/wp-json\/wp\/v2\/categories?post=101899"},{"taxonomy":"post_tag","embeddable":true,"href":"https:\/\/www.auzeau.fr\/39-45\/wp-json\/wp\/v2\/tags?post=101899"},{"taxonomy":"wf_page_folders","embeddable":true,"href":"https:\/\/www.auzeau.fr\/39-45\/wp-json\/wp\/v2\/wf_page_folders?post=101899"}],"curies":[{"name":"wp","href":"https:\/\/api.w.org\/{rel}","templated":true}]}}