{"id":101809,"date":"2022-05-10T09:43:46","date_gmt":"2022-05-10T07:43:46","guid":{"rendered":"http:\/\/39-45.auzeau.fr\/?page_id=101809"},"modified":"2022-05-15T14:03:21","modified_gmt":"2022-05-15T12:03:21","slug":"71-montceau-les-mines-cimetiere-du-bois-roulot","status":"publish","type":"page","link":"https:\/\/www.auzeau.fr\/39-45\/france\/71-saone-et-loire\/71-montceau-les-mines-cimetiere-du-bois-roulot\/","title":{"rendered":"71 &#8211; Montceau-les-Mines cimeti\u00e8re du Bois Roulot"},"content":{"rendered":"<p><center><iframe style=\"border: 0;\" src=\"https:\/\/www.google.com\/maps\/embed?pb=!4v1652167404347!6m8!1m7!1srqOB1Zec84dKYnje56Bmjg!2m2!1d46.68201557638661!2d4.38502190254126!3f175.6!4f3.530000000000001!5f0.7820865974627469\" width=\"900\" height=\"600\" allowfullscreen=\"allowfullscreen\"><\/iframe><\/center><\/p>\n<table style=\"width: 100%;\" border=\"0\">\n<tbody>\n<tr>\n<td style=\"width: 5%;\"><\/td>\n<td style=\"width: 5%;\"><\/td>\n<td style=\"width: 5%;\"><\/td>\n<td style=\"width: 5%;\"><\/td>\n<td style=\"width: 5%;\"><\/td>\n<td style=\"width: 5%;\"><\/td>\n<td style=\"width: 5%;\"><\/td>\n<td style=\"width: 5%;\"><\/td>\n<td style=\"width: 5%;\"><\/td>\n<td style=\"width: 5%;\"><\/td>\n<td style=\"width: 5%;\"><\/td>\n<td style=\"width: 5%;\"><\/td>\n<td style=\"width: 5%;\"><\/td>\n<td style=\"width: 5%;\"><\/td>\n<td style=\"width: 5%;\"><\/td>\n<td style=\"width: 5%;\"><\/td>\n<td style=\"width: 5%;\"><\/td>\n<td style=\"width: 5%;\"><\/td>\n<td style=\"width: 5%;\"><\/td>\n<td style=\"width: 5%;\"><\/td>\n<\/tr>\n<tr>\n<td colspan=\"15\"><strong><span style=\"font-size: xx-large;\"><span style=\"color: #000000;\">Potez 63.11 n\u00b0 222<\/span><br \/>\n<\/span><\/strong><\/td>\n<td style=\"text-align: center;\" colspan=\"5\"><strong><span style=\"font-size: xx-large;\">\u00c9cole de l&#8217;Air<br \/>\n<\/span><\/strong><\/td>\n<\/tr>\n<tr style=\"height: 40px;\">\n<td style=\"text-align: right;\" colspan=\"2\"><span style=\"font-size: 14px;\"><strong>Date :\u00a0<\/strong><\/span><\/td>\n<td colspan=\"5\"><span style=\"font-size: 14px;\"><em>22 juillet 1942<br \/>\n<\/em><\/span><\/td>\n<td style=\"text-align: right;\" colspan=\"3\"><span style=\"font-size: 14px;\"><strong>Mission :\u00a0<\/strong><\/span><\/td>\n<td colspan=\"10\"><span style=\"font-size: 14px;\"><em>Vol d&#8217;entrainement<br \/>\n<\/em><\/span><\/td>\n<\/tr>\n<tr style=\"height: 40px;\">\n<td><span style=\"font-size: 14px;\">\u00a0<\/span><\/td>\n<td><span style=\"font-size: 14px;\">\u00a0<\/span><\/td>\n<td style=\"text-align: right;\" colspan=\"5\"><span style=\"font-size: 14px;\"><strong>D\u00e9collage :\u00a0 <\/strong><\/span><\/td>\n<td colspan=\"10\"><span style=\"font-size: 14px;\"><em>Salon-de-Provence (13)<br \/>\n<\/em><\/span><\/td>\n<td><\/td>\n<td><\/td>\n<td><\/td>\n<\/tr>\n<tr style=\"height: 40px;\">\n<td><span style=\"font-size: 14px;\">\u00a0<\/span><\/td>\n<td><span style=\"font-size: 14px;\">\u00a0<\/span><\/td>\n<td style=\"text-align: right;\" colspan=\"5\"><span style=\"font-size: 14px;\"><strong>Causes de la perte :\u00a0<\/strong><\/span><\/td>\n<td colspan=\"13\"><span style=\"font-size: 14px;\"><em>Suite \u00e0 des probl\u00e8mes moteur capote durant un atterissage d&#8217;urgence<br \/>\n<\/em><\/span><\/td>\n<\/tr>\n<tr style=\"height: 40px;\">\n<td><span style=\"font-size: 14px;\">\u00a0<\/span><\/td>\n<td><span style=\"font-size: 14px;\">\u00a0<\/span><\/td>\n<td style=\"text-align: right;\" colspan=\"5\"><span style=\"font-size: 14px;\"><strong>Lieu de la perte :<br \/>\n<\/strong><\/span><\/td>\n<td colspan=\"10\"><span style=\"font-size: 14px;\"><em>Lan\u00e7on-de-Provence (13)<\/em><\/span><\/td>\n<td><\/td>\n<td><\/td>\n<td><\/td>\n<\/tr>\n<tr style=\"height: 60px;\">\n<td><span style=\"font-size: 14px;\"><img decoding=\"async\" class=\"size-full wp-image-47214 alignleft\" title=\"France\" src=\"https:\/\/www.auzeau.fr\/39-45\/wp-content\/uploads\/images\/Drapeaux\/France.png\" alt=\"France\" width=\"40\" height=\"20\" \/><\/span><\/td>\n<td><span style=\"font-size: 14px;\"><span class='tooltipsall tooltipsincontent classtoolTips103'>EV1<\/span><\/span><\/td>\n<td colspan=\"5\"><span style=\"font-size: 14px;\">Paul Serge<br \/>\n<\/span><\/td>\n<td colspan=\"4\"><span style=\"font-size: 14px; color: #000000;\"><strong>CADILHAC<\/strong><\/span><\/td>\n<td style=\"text-align: center;\"><span style=\"font-size: 14px;\">\u00c9l\u00e8ve pilote<\/span><\/td>\n<td style=\"text-align: center;\" colspan=\"2\"><span style=\"font-size: 14px;\"><span class='tooltipsall tooltipsincontent classtoolTips38'>A\u00e9ro<\/span><\/span><\/td>\n<td style=\"text-align: center;\"><span style=\"color: #000000;\"><strong><span style=\"font-size: 14px;\"><span class='tooltipsall tooltipsincontent classtoolTips125'>NBC<\/span><\/span><\/strong><\/span><\/td>\n<td colspan=\"5\"><span style=\"color: #000000;\"><strong><img decoding=\"async\" class=\"size-full wp-image-47239 alignleft\" title=\"Chevalier L\u00e9gion d'Honneur\" src=\"https:\/\/www.auzeau.fr\/39-45\/wp-content\/uploads\/images\/Medaille\/de7ad77f9fc044a1c8d501e35183a115.png\" alt=\"Chevalier de la L\u00e9gion d'Honneur\" width=\"72\" height=\"20\" \/><span class='tooltipsall tooltipsincontent classtoolTips126'>MPF<\/span>\u00a0<\/strong><\/span><\/td>\n<\/tr>\n<\/tbody>\n<\/table>\n<div id='gallery-1' class='gallery galleryid-101809 gallery-columns-2 gallery-size-thumbnail'><figure class='gallery-item'>\n\t\t\t<div class='gallery-icon portrait'>\n\t\t\t\t<a title=\"Paul CADILHAC\"  title=\"Paul CADILHAC\"  href='https:\/\/www.auzeau.fr\/39-45\/wp-content\/uploads\/Cimetieres\/60%20--\/71%20-%20Saone-et-Loire\/71%20-%20Montceaux-les-Mines\/10326528_0_DxO.JPG'><img decoding=\"async\" width=\"150\" height=\"150\" src=\"https:\/\/www.auzeau.fr\/39-45\/wp-content\/uploads\/Cimetieres\/60 --\/71 - Saone-et-Loire\/71 - Montceaux-les-Mines\/10326528_0_DxO-150x150.jpg\" class=\"attachment-thumbnail size-thumbnail\" alt=\"\" srcset=\"https:\/\/www.auzeau.fr\/39-45\/wp-content\/uploads\/Cimetieres\/60%20--\/71%20-%20Saone-et-Loire\/71%20-%20Montceaux-les-Mines\/10326528_0_DxO-150x150.jpg 150w, https:\/\/www.auzeau.fr\/39-45\/wp-content\/uploads\/Cimetieres\/60%20--\/71%20-%20Saone-et-Loire\/71%20-%20Montceaux-les-Mines\/10326528_0_DxO-50x50.jpg 50w\" sizes=\"(max-width: 150px) 100vw, 150px\" \/><\/a>\n\t\t\t<\/div><\/figure><figure class='gallery-item'>\n\t\t\t<div class='gallery-icon landscape'>\n\t\t\t\t<a title=\"Paul CADILHAC\"  title=\"Paul CADILHAC\"  href='https:\/\/www.auzeau.fr\/39-45\/wp-content\/uploads\/Cimetieres\/60%20--\/71%20-%20Saone-et-Loire\/71%20-%20Montceaux-les-Mines\/10326528_1_DxO.JPG'><img loading=\"lazy\" decoding=\"async\" width=\"150\" height=\"150\" src=\"https:\/\/www.auzeau.fr\/39-45\/wp-content\/uploads\/Cimetieres\/60 --\/71 - Saone-et-Loire\/71 - Montceaux-les-Mines\/10326528_1_DxO-150x150.jpg\" class=\"attachment-thumbnail size-thumbnail\" alt=\"\" srcset=\"https:\/\/www.auzeau.fr\/39-45\/wp-content\/uploads\/Cimetieres\/60%20--\/71%20-%20Saone-et-Loire\/71%20-%20Montceaux-les-Mines\/10326528_1_DxO-150x150.jpg 150w, https:\/\/www.auzeau.fr\/39-45\/wp-content\/uploads\/Cimetieres\/60%20--\/71%20-%20Saone-et-Loire\/71%20-%20Montceaux-les-Mines\/10326528_1_DxO-50x50.jpg 50w\" sizes=\"(max-width: 150px) 100vw, 150px\" \/><\/a>\n\t\t\t<\/div><\/figure>\n\t\t<\/div>\n\n<hr \/>\n<p style=\"text-align: center;\"><ul id=\"menu-71-saone-et-loire\" class=\"menu\"><li id=\"menu-item-101982\" class=\"menu-item menu-item-type-post_type menu-item-object-page menu-item-101982\"><a href=\"https:\/\/www.auzeau.fr\/39-45\/france\/71-saone-et-loire\/71-ecuisses\/\">71 \u2013 \u00c9cuisses<\/a><\/li>\n<li id=\"menu-item-100176\" class=\"menu-item menu-item-type-post_type menu-item-object-page menu-item-100176\"><a href=\"https:\/\/www.auzeau.fr\/39-45\/france\/71-saone-et-loire\/71-epinac\/\">71 \u2013 \u00c9pinac<\/a><\/li>\n<li id=\"menu-item-101981\" class=\"menu-item menu-item-type-post_type menu-item-object-page menu-item-101981\"><a href=\"https:\/\/www.auzeau.fr\/39-45\/france\/71-saone-et-loire\/71-mesvres\/\">71 \u2013 Mesvres<\/a><\/li>\n<li id=\"menu-item-101980\" class=\"menu-item menu-item-type-post_type menu-item-object-page menu-item-101980\"><a href=\"https:\/\/www.auzeau.fr\/39-45\/france\/71-saone-et-loire\/71-montceau-les-mines-cimetiere-du-bois-roulot\/\">71 \u2013 Montceau-les-Mines cimeti\u00e8re du Bois Roulot<\/a><\/li>\n<li id=\"menu-item-109336\" class=\"menu-item menu-item-type-post_type menu-item-object-page menu-item-109336\"><a href=\"https:\/\/www.auzeau.fr\/39-45\/france\/71-saone-et-loire\/71-montcony\/\">71 \u2013 Montcony<\/a><\/li>\n<li id=\"menu-item-109335\" class=\"menu-item menu-item-type-post_type menu-item-object-page menu-item-109335\"><a href=\"https:\/\/www.auzeau.fr\/39-45\/france\/71-saone-et-loire\/71-mornay\/\">71 \u2013 Mornay<\/a><\/li>\n<li id=\"menu-item-109332\" class=\"menu-item menu-item-type-post_type menu-item-object-page menu-item-109332\"><a href=\"https:\/\/www.auzeau.fr\/39-45\/france\/71-saone-et-loire\/71-ouroux-sur-saone\/\">71 \u2013 Ouroux-sur-Sa\u00f4ne<\/a><\/li>\n<li id=\"menu-item-109334\" class=\"menu-item menu-item-type-post_type menu-item-object-page menu-item-109334\"><a href=\"https:\/\/www.auzeau.fr\/39-45\/france\/71-saone-et-loire\/71-salornay-sur-guye\/\">71 \u2013 Salornay-sur-Guye<\/a><\/li>\n<li id=\"menu-item-109333\" class=\"menu-item menu-item-type-post_type menu-item-object-page menu-item-109333\"><a href=\"https:\/\/www.auzeau.fr\/39-45\/france\/71-saone-et-loire\/71-sassenay\/\">71 \u2013 Sassenay<\/a><\/li>\n<li id=\"menu-item-101979\" class=\"menu-item menu-item-type-post_type menu-item-object-page menu-item-101979\"><a href=\"https:\/\/www.auzeau.fr\/39-45\/france\/71-saone-et-loire\/71-villeneuve-en-montagne\/\">71 \u2013 Villeneuve-en-Montagne<\/a><\/li>\n<\/ul>\n<script type=\"text\/javascript\"> toolTips('.classtoolTips38','A\u00e9ronavale'); <\/script><script type=\"text\/javascript\"> toolTips('.classtoolTips98','Colonel'); <\/script><script type=\"text\/javascript\"> toolTips('.classtoolTips103','Enseigne de Vaisseau de 1ere classe'); <\/script><script type=\"text\/javascript\"> toolTips('.classtoolTips125','Perte hors combat<br\/><br\/>No Battle Casualty'); <\/script><script type=\"text\/javascript\"> toolTips('.classtoolTips126','Mort Pour la France'); <\/script><script type=\"text\/javascript\"> toolTips('.classtoolTips134','\u00c9vad\u00e9<br\/><br\/>Evaded'); <\/script><script type=\"text\/javascript\"> toolTips('.classtoolTips143','Special Air Service'); <\/script><script type=\"text\/javascript\"> toolTips('.classtoolTips144','Royal Corps of Signals'); <\/script><script type=\"text\/javascript\"> toolTips('.classtoolTips151','Pilote<br\/><br\/>Pilot'); <\/script><script type=\"text\/javascript\"> toolTips('.classtoolTips153','Porucznik'); <\/script><script type=\"text\/javascript\"> toolTips('.classtoolTips185','Mitrailleur<br\/><br\/>Air Gunner'); <\/script><script type=\"text\/javascript\"> toolTips('.classtoolTips188','Bombardier<br\/><br\/>Air bomber'); <\/script><script type=\"text\/javascript\"> toolTips('.classtoolTips192','<img class=\"aligncenter size-full wp-image-65858\" title=\"Rampe_V1\" src=\"https:\/\/www.auzeau.fr\/39-45\/wp-content\/uploads\/Avions\/Allemand\/Rampe_V1.jpg\" alt=\"\" width=\"640\" height=\"426\" \/><br\/><img class=\"aligncenter size-full wp-image-65859\" title=\"V1\" src=\"https:\/\/www.auzeau.fr\/39-45\/wp-content\/uploads\/Avions\/Allemand\/V1.jpg\" alt=\"\" width=\"640\" height=\"424\" \/>'); <\/script><script type=\"text\/javascript\"> toolTips('.classtoolTips193','Royal Navy'); <\/script><script type=\"text\/javascript\"> toolTips('.classtoolTips195','Enseigne de Vaisseau'); <\/script><script type=\"text\/javascript\"> toolTips('.classtoolTips197','Aircraftman'); <\/script><script type=\"text\/javascript\"> toolTips('.classtoolTips199','Radio Officer'); <\/script><script type=\"text\/javascript\"> toolTips('.classtoolTips201','Lieutenant'); <\/script>","protected":false},"excerpt":{"rendered":"<p>Potez 63.11 n\u00b0 222 \u00c9cole de l&#8217;Air Date :\u00a0 22 juillet 1942 Mission :\u00a0 Vol d&#8217;entrainement \u00a0 \u00a0 D\u00e9collage :\u00a0 Salon-de-Provence (13) \u00a0 \u00a0 Causes de la perte :\u00a0 Suite \u00e0 des probl\u00e8mes moteur capote durant un atterissage d&#8217;urgence \u00a0 \u00a0 Lieu de la perte : Lan\u00e7on-de-Provence (13) EV1 Paul Serge CADILHAC \u00c9l\u00e8ve pilote A\u00e9ro [&hellip;]<\/p>\n","protected":false},"author":1,"featured_media":0,"parent":100143,"menu_order":0,"comment_status":"closed","ping_status":"closed","template":"template-full-width Potez 63.php","meta":{"_lmt_disableupdate":"yes","_lmt_disable":"","footnotes":""},"categories":[414],"tags":[10352],"wf_page_folders":[10227],"class_list":["post-101809","page","type-page","status-publish","hentry","category-potez-63-11","tag-ecole-de-lair"],"_links":{"self":[{"href":"https:\/\/www.auzeau.fr\/39-45\/wp-json\/wp\/v2\/pages\/101809","targetHints":{"allow":["GET"]}}],"collection":[{"href":"https:\/\/www.auzeau.fr\/39-45\/wp-json\/wp\/v2\/pages"}],"about":[{"href":"https:\/\/www.auzeau.fr\/39-45\/wp-json\/wp\/v2\/types\/page"}],"author":[{"embeddable":true,"href":"https:\/\/www.auzeau.fr\/39-45\/wp-json\/wp\/v2\/users\/1"}],"replies":[{"embeddable":true,"href":"https:\/\/www.auzeau.fr\/39-45\/wp-json\/wp\/v2\/comments?post=101809"}],"version-history":[{"count":0,"href":"https:\/\/www.auzeau.fr\/39-45\/wp-json\/wp\/v2\/pages\/101809\/revisions"}],"up":[{"embeddable":true,"href":"https:\/\/www.auzeau.fr\/39-45\/wp-json\/wp\/v2\/pages\/100143"}],"wp:attachment":[{"href":"https:\/\/www.auzeau.fr\/39-45\/wp-json\/wp\/v2\/media?parent=101809"}],"wp:term":[{"taxonomy":"category","embeddable":true,"href":"https:\/\/www.auzeau.fr\/39-45\/wp-json\/wp\/v2\/categories?post=101809"},{"taxonomy":"post_tag","embeddable":true,"href":"https:\/\/www.auzeau.fr\/39-45\/wp-json\/wp\/v2\/tags?post=101809"},{"taxonomy":"wf_page_folders","embeddable":true,"href":"https:\/\/www.auzeau.fr\/39-45\/wp-json\/wp\/v2\/wf_page_folders?post=101809"}],"curies":[{"name":"wp","href":"https:\/\/api.w.org\/{rel}","templated":true}]}}