{"id":101335,"date":"2022-04-24T16:10:35","date_gmt":"2022-04-24T14:10:35","guid":{"rendered":"http:\/\/39-45.auzeau.fr\/?page_id=101335"},"modified":"2022-05-01T09:51:09","modified_gmt":"2022-05-01T07:51:09","slug":"56-hennebont-cimetiere-de-st-caradec","status":"publish","type":"page","link":"https:\/\/www.auzeau.fr\/39-45\/france\/56-morbihan\/56-hennebont-cimetiere-de-st-caradec\/","title":{"rendered":"56 &#8211; Hennebont Cimeti\u00e8re de St Caradec"},"content":{"rendered":"<p><center><iframe style=\"border: 0;\" src=\"https:\/\/www.google.com\/maps\/embed?pb=!4v1650802297978!6m8!1m7!1sJiZqXjFMBQXNwm0H3iacTw!2m2!1d47.80641027584458!2d-3.283790721390135!3f64.07226286616294!4f8.343518818497344!5f0.7820865974627469\" width=\"900\" height=\"600\" allowfullscreen=\"allowfullscreen\"><\/iframe><\/center><\/p>\n<table style=\"width: 100%;\" border=\"0\">\n<tbody>\n<tr>\n<td style=\"width: 5%;\"><\/td>\n<td style=\"width: 5%;\"><\/td>\n<td style=\"width: 2%;\"><\/td>\n<td style=\"width: 8%;\"><\/td>\n<td style=\"width: 5%;\"><\/td>\n<td style=\"width: 5%;\"><\/td>\n<td style=\"width: 5%;\"><\/td>\n<td style=\"width: 2%;\"><\/td>\n<td style=\"width: 8%;\"><\/td>\n<td style=\"width: 2%;\"><\/td>\n<td style=\"width: 5%;\"><\/td>\n<td style=\"width: 3%;\"><\/td>\n<td style=\"width: 5%;\"><\/td>\n<td style=\"width: 5%;\"><\/td>\n<td style=\"width: 5%;\"><\/td>\n<td style=\"width: 5%;\"><\/td>\n<td style=\"width: 5%;\"><\/td>\n<td style=\"width: 5%;\"><\/td>\n<td style=\"width: 5%;\"><\/td>\n<td style=\"width: 10%;\"><\/td>\n<\/tr>\n<tr>\n<td style=\"width: 75%;\" colspan=\"16\"><span style=\"font-size: xx-large;\"><strong><span style=\"color: #000000;\">Morane-Saulnier MS406 n\u00b0 327<br \/>\n<\/span><\/strong><\/span><\/td>\n<td style=\"width: 25%; text-align: center;\" colspan=\"4\"><span style=\"font-size: xx-large;\"><strong>GC II\/2<br \/>\n<\/strong><\/span><\/td>\n<\/tr>\n<tr>\n<td style=\"width: 75%;\" colspan=\"16\">Matricule <span class='tooltipsall tooltipsincontent classtoolTips136'>AAF<\/span> : N-739<\/td>\n<td style=\"width: 25%; text-align: center;\" colspan=\"4\"><\/td>\n<\/tr>\n<tr style=\"height: 40px;\">\n<td style=\"text-align: right; width: 5%;\"><\/td>\n<td style=\"text-align: right; width: 5%;\"><\/td>\n<td style=\"text-align: right; width: 2%;\"><\/td>\n<td style=\"text-align: right; width: 8%;\"><\/td>\n<td style=\"text-align: right; width: 5%;\"><\/td>\n<td style=\"text-align: right; width: 5%;\"><\/td>\n<td style=\"text-align: right; width: 5%;\"><\/td>\n<td style=\"text-align: right; width: 2%;\"><\/td>\n<td style=\"text-align: right; width: 8%;\"><\/td>\n<td style=\"text-align: right; width: 2%;\"><\/td>\n<td style=\"text-align: right; width: 5%;\"><\/td>\n<td style=\"text-align: right; width: 3%;\"><\/td>\n<td style=\"text-align: right; width: 5%;\"><\/td>\n<td style=\"text-align: right; width: 5%;\"><\/td>\n<td style=\"text-align: right; width: 5%;\"><\/td>\n<td style=\"text-align: right; width: 5%;\"><\/td>\n<td style=\"text-align: right; width: 5%;\"><\/td>\n<td style=\"text-align: right; width: 5%;\"><\/td>\n<td style=\"text-align: right; width: 5%;\"><\/td>\n<td style=\"text-align: right; width: 10%;\"><\/td>\n<\/tr>\n<tr style=\"height: 40px;\">\n<td style=\"text-align: right; width: 5%;\"><\/td>\n<td style=\"text-align: right; width: 5%;\"><span style=\"font-size: 14px;\"><strong>Date<\/strong><\/span><\/td>\n<td style=\"width: 2%; text-align: center;\"><strong>:<\/strong><\/td>\n<td style=\"width: 13%; text-align: left;\" colspan=\"4\"><span style=\"font-size: 14px;\"><em>13 mai<\/em><\/span><span style=\"font-size: 14px;\"><em> 1940<br \/>\n<\/em><\/span><\/td>\n<td style=\"text-align: right; width: 2%;\"><\/td>\n<td style=\"text-align: right; width: 8%;\"><span style=\"font-size: 14px;\"><strong>Mission<\/strong><\/span><\/td>\n<td style=\"width: 2%; text-align: center;\"><strong><span style=\"font-size: 14px;\">:<\/span><\/strong><\/td>\n<td style=\"text-align: left; width: 53%;\" colspan=\"10\"><span style=\"font-size: 14px;\"><em>Destruction dan le secteur M\u00e9zi\u00e8res \/ Givet (08))<\/em><\/span><span style=\"font-size: 14px;\"><em><br \/>\n<\/em><\/span><\/td>\n<\/tr>\n<tr style=\"height: 40px;\">\n<td style=\"text-align: right; width: 5%;\"><\/td>\n<td style=\"text-align: right; width: 5%;\"><\/td>\n<td style=\"width: 2%; text-align: center;\"><\/td>\n<td style=\"width: 8%; text-align: left;\"><\/td>\n<td style=\"text-align: right; width: 5%;\"><\/td>\n<td style=\"text-align: right; width: 5%;\"><\/td>\n<td style=\"text-align: right; width: 5%;\"><\/td>\n<td style=\"text-align: right; width: 2%;\"><\/td>\n<td style=\"text-align: right; width: 8%;\"><\/td>\n<td style=\"width: 2%; text-align: center;\"><\/td>\n<td style=\"text-align: left; width: 5%;\"><\/td>\n<td style=\"text-align: left; width: 3%;\"><\/td>\n<td style=\"text-align: left; width: 5%;\"><\/td>\n<td style=\"text-align: left; width: 5%;\"><\/td>\n<td style=\"text-align: left; width: 5%;\"><\/td>\n<td style=\"text-align: left; width: 5%;\"><\/td>\n<td style=\"text-align: left; width: 5%;\"><\/td>\n<td style=\"text-align: left; width: 5%;\"><\/td>\n<td style=\"text-align: left; width: 5%;\"><\/td>\n<td style=\"text-align: left; width: 10%;\"><\/td>\n<\/tr>\n<tr style=\"height: 40px;\">\n<td style=\"text-align: right; width: 10%;\" colspan=\"2\"><\/td>\n<td style=\"width: 2%; text-align: center;\"><\/td>\n<td style=\"text-align: right; width: 23%;\" colspan=\"4\"><span style=\"font-size: 14px;\"><strong>D\u00e9collage<\/strong><\/span><\/td>\n<td style=\"width: 2%; text-align: center;\"><strong>:<\/strong><\/td>\n<td style=\"text-align: left; width: 63%;\" colspan=\"12\"><span style=\"font-size: 14px;\"><em>Laon (02) \u00e0 16:35<\/em><\/span><span style=\"font-size: 14px;\"><em><br \/>\n<\/em><\/span><\/td>\n<\/tr>\n<tr style=\"height: 40px;\">\n<td style=\"text-align: right; width: 10%;\" colspan=\"2\"><\/td>\n<td style=\"width: 2%; text-align: center;\"><\/td>\n<td style=\"text-align: right; width: 23%;\" colspan=\"4\"><span style=\"font-size: 14px;\"><strong>Causes de la perte<br \/>\n<\/strong><\/span><\/td>\n<td style=\"width: 2%; text-align: center;\"><strong>:<br \/>\n<\/strong><\/td>\n<td style=\"text-align: left; width: 63%;\" colspan=\"12\"><span style=\"font-size: 14px;\"><em> Abattu en combat a\u00e9rien par des <span class='tooltipsall tooltipsincontent classtoolTips27'>Me 109<\/span> du V.\/LG1<br \/>\n<\/em><\/span><\/td>\n<\/tr>\n<tr style=\"height: 40px;\">\n<td style=\"text-align: right; width: 10%;\" colspan=\"2\"><\/td>\n<td style=\"width: 2%; text-align: center;\"><\/td>\n<td style=\"text-align: right; width: 23%;\" colspan=\"4\"><span style=\"font-size: 14px;\"><strong>Lieu de la perte<br \/>\n<\/strong><\/span><\/td>\n<td style=\"width: 2%; text-align: center;\"><strong>:<br \/>\n<\/strong><\/td>\n<td style=\"text-align: left; width: 63%;\" colspan=\"12\"><span style=\"font-size: 14px;\"><em>Taillette (08)<br \/>\n<\/em><\/span><\/td>\n<\/tr>\n<tr style=\"height: 40px;\">\n<td style=\"width: 5%;\"><\/td>\n<td style=\"width: 5%;\"><\/td>\n<td style=\"width: 2%; text-align: center;\"><\/td>\n<td style=\"text-align: right; width: 8%;\"><\/td>\n<td style=\"text-align: right; width: 5%;\"><\/td>\n<td style=\"text-align: right; width: 5%;\"><\/td>\n<td style=\"text-align: right; width: 5%;\"><\/td>\n<td style=\"width: 2%; text-align: center;\"><\/td>\n<td style=\"text-align: left; width: 8%;\"><\/td>\n<td style=\"text-align: left; width: 2%;\"><\/td>\n<td style=\"text-align: left; width: 5%;\"><\/td>\n<td style=\"text-align: left; width: 3%;\"><\/td>\n<td style=\"text-align: left; width: 5%;\"><\/td>\n<td style=\"text-align: left; width: 5%;\"><\/td>\n<td style=\"text-align: left; width: 5%;\"><\/td>\n<td style=\"text-align: left; width: 5%;\"><\/td>\n<td style=\"text-align: left; width: 5%;\"><\/td>\n<td style=\"text-align: left; width: 5%;\"><\/td>\n<td style=\"text-align: left; width: 5%;\"><\/td>\n<td style=\"text-align: left; width: 10%;\"><\/td>\n<\/tr>\n<tr style=\"height: 60px;\">\n<td style=\"width: 5%;\"><span style=\"font-size: 14px;\"><img decoding=\"async\" class=\"aligncenter size-full wp-image-47214\" title=\"France\" src=\"https:\/\/www.auzeau.fr\/39-45\/wp-content\/uploads\/images\/Drapeaux\/France.png\" alt=\"France\" width=\"40\" height=\"20\" \/><\/span><\/td>\n<td style=\"width: 5%;\"><span class='tooltipsall tooltipsincontent classtoolTips170'>Cne<\/span><\/td>\n<td style=\"text-align: left;\" colspan=\"5\">Henri Joseph Louis<\/td>\n<td style=\"text-align: left;\" colspan=\"3\"><strong><span style=\"color: #000000;\">DE GAIL<br \/>\n<\/span><\/strong><\/td>\n<td style=\"text-align: center;\" colspan=\"2\"><span class='tooltipsall tooltipsincontent classtoolTips151'>Pil<\/span><\/td>\n<td style=\"width: 5%; text-align: center;\"><span class='tooltipsall tooltipsincontent classtoolTips136'>AAF<\/span><\/td>\n<td style=\"text-align: center;\" colspan=\"2\"><\/td>\n<td style=\"width: 5%; text-align: center;\"><span style=\"color: #000000;\"><strong><span class='tooltipsall tooltipsincontent classtoolTips110'>KIA<\/span><br \/>\n<\/strong><\/span><\/td>\n<td style=\"text-align: left;\" colspan=\"4\"><img decoding=\"async\" class=\"size-full wp-image-47239 alignleft\" title=\"Chevalier L\u00e9gion d'Honneur\" src=\"https:\/\/www.auzeau.fr\/39-45\/wp-content\/uploads\/images\/Medaille\/de7ad77f9fc044a1c8d501e35183a115.png\" alt=\"Chevalier de la L\u00e9gion d'Honneur\" width=\"72\" height=\"20\" \/><img decoding=\"async\" class=\"size-full wp-image-47270 alignleft\" title=\"Croix de Guerre 39-45\" src=\"https:\/\/www.auzeau.fr\/39-45\/wp-content\/uploads\/images\/Medaille\/Croix-de-Guerre-39-45.png\" alt=\"Croix de Guerre 39-45\" width=\"72\" height=\"20\" \/><span style=\"color: #000000;\"><strong><span class='tooltipsall tooltipsincontent classtoolTips126'>MPF<\/span><\/strong><\/span><\/td>\n<\/tr>\n<\/tbody>\n<\/table>\n<div id='gallery-1' class='gallery galleryid-101335 gallery-columns-2 gallery-size-thumbnail'><figure class='gallery-item'>\n\t\t\t<div class='gallery-icon portrait'>\n\t\t\t\t<a title=\"De Gail\"  title=\"De Gail\"  href='https:\/\/www.auzeau.fr\/39-45\/wp-content\/uploads\/Cimetieres\/31%20--%2060\/56-Morbihan\/Hennebont\/DeGail_DxO.JPG'><img loading=\"lazy\" decoding=\"async\" width=\"150\" height=\"150\" src=\"https:\/\/www.auzeau.fr\/39-45\/wp-content\/uploads\/Cimetieres\/31 -- 60\/56-Morbihan\/Hennebont\/DeGail_DxO-150x150.jpg\" class=\"attachment-thumbnail size-thumbnail\" alt=\"\" srcset=\"https:\/\/www.auzeau.fr\/39-45\/wp-content\/uploads\/Cimetieres\/31%20--%2060\/56-Morbihan\/Hennebont\/DeGail_DxO-150x150.jpg 150w, https:\/\/www.auzeau.fr\/39-45\/wp-content\/uploads\/Cimetieres\/31%20--%2060\/56-Morbihan\/Hennebont\/DeGail_DxO-50x50.jpg 50w\" sizes=\"(max-width: 150px) 100vw, 150px\" \/><\/a>\n\t\t\t<\/div><\/figure><figure class='gallery-item'>\n\t\t\t<div class='gallery-icon landscape'>\n\t\t\t\t<a title=\"De Gail\"  title=\"De Gail\"  href='https:\/\/www.auzeau.fr\/39-45\/wp-content\/uploads\/Cimetieres\/31%20--%2060\/56-Morbihan\/Hennebont\/Sans-titre-6_DxO.JPG'><img loading=\"lazy\" decoding=\"async\" width=\"150\" height=\"150\" src=\"https:\/\/www.auzeau.fr\/39-45\/wp-content\/uploads\/Cimetieres\/31 -- 60\/56-Morbihan\/Hennebont\/Sans-titre-6_DxO-150x150.jpg\" class=\"attachment-thumbnail size-thumbnail\" alt=\"\" srcset=\"https:\/\/www.auzeau.fr\/39-45\/wp-content\/uploads\/Cimetieres\/31%20--%2060\/56-Morbihan\/Hennebont\/Sans-titre-6_DxO-150x150.jpg 150w, https:\/\/www.auzeau.fr\/39-45\/wp-content\/uploads\/Cimetieres\/31%20--%2060\/56-Morbihan\/Hennebont\/Sans-titre-6_DxO-50x50.jpg 50w\" sizes=\"(max-width: 150px) 100vw, 150px\" \/><\/a>\n\t\t\t<\/div><\/figure>\n\t\t<\/div>\n\n<hr \/>\n<p style=\"text-align: center;\"><ul id=\"menu-56-morbihan\" class=\"menu\"><li id=\"menu-item-55636\" class=\"menu-item menu-item-type-post_type menu-item-object-page menu-item-55636\"><a href=\"https:\/\/www.auzeau.fr\/39-45\/france\/56-morbihan\/56-gavres\/\">56 \u2013 Gavres<\/a><\/li>\n<li id=\"menu-item-55637\" class=\"menu-item menu-item-type-post_type menu-item-object-page menu-item-55637\"><a href=\"https:\/\/www.auzeau.fr\/39-45\/france\/56-morbihan\/56-guidel\/\">56 \u2013 Guidel<\/a><\/li>\n<li id=\"menu-item-101551\" class=\"menu-item menu-item-type-post_type menu-item-object-page menu-item-101551\"><a href=\"https:\/\/www.auzeau.fr\/39-45\/france\/56-morbihan\/56-hennebont-cimetiere-de-st-caradec\/\">56 \u2013 Hennebont Cimeti\u00e8re de St Caradec<\/a><\/li>\n<li id=\"menu-item-68201\" class=\"menu-item menu-item-type-post_type menu-item-object-page menu-item-68201\"><a href=\"https:\/\/www.auzeau.fr\/39-45\/france\/56-morbihan\/56-ile-aux-moines\/\">56 \u2013 Ile-aux-Moines<\/a><\/li>\n<li id=\"menu-item-68200\" class=\"menu-item menu-item-type-post_type menu-item-object-page menu-item-68200\"><a href=\"https:\/\/www.auzeau.fr\/39-45\/france\/56-morbihan\/56-la-trinite-sur-mer\/\">56 \u2013 La Trinit\u00e9-sur-Mer<\/a><\/li>\n<li id=\"menu-item-68199\" class=\"menu-item menu-item-type-post_type menu-item-object-page menu-item-68199\"><a href=\"https:\/\/www.auzeau.fr\/39-45\/france\/56-morbihan\/56-lamor-plage\/\">56 \u2013 Lamor-Plage<\/a><\/li>\n<li id=\"menu-item-55638\" class=\"menu-item menu-item-type-post_type menu-item-object-page menu-item-55638\"><a href=\"https:\/\/www.auzeau.fr\/39-45\/france\/56-morbihan\/56-lanester\/\">56 \u2013 Lanester<\/a><\/li>\n<li id=\"menu-item-55639\" class=\"menu-item menu-item-type-post_type menu-item-object-page menu-item-55639\"><a href=\"https:\/\/www.auzeau.fr\/39-45\/france\/56-morbihan\/56-lorient\/\">56 \u2013 Lorient<\/a><\/li>\n<li id=\"menu-item-68198\" class=\"menu-item menu-item-type-post_type menu-item-object-page menu-item-68198\"><a href=\"https:\/\/www.auzeau.fr\/39-45\/france\/56-morbihan\/56-penestin\/\">56 \u2013 P\u00e9nestin<\/a><\/li>\n<li id=\"menu-item-68197\" class=\"menu-item menu-item-type-post_type menu-item-object-page menu-item-68197\"><a href=\"https:\/\/www.auzeau.fr\/39-45\/france\/56-morbihan\/56-plougoumelen\/\">56 \u2013 Plougoumelen<\/a><\/li>\n<li id=\"menu-item-68203\" class=\"menu-item menu-item-type-post_type menu-item-object-page menu-item-68203\"><a href=\"https:\/\/www.auzeau.fr\/39-45\/france\/56-morbihan\/56-quiberon\/\">56 \u2013 Quiberon<\/a><\/li>\n<li id=\"menu-item-55640\" class=\"menu-item menu-item-type-post_type menu-item-object-page menu-item-55640\"><a href=\"https:\/\/www.auzeau.fr\/39-45\/france\/56-morbihan\/56-reguiny\/\">56 \u2013 R\u00e9guiny<\/a><\/li>\n<li id=\"menu-item-69830\" class=\"menu-item menu-item-type-post_type menu-item-object-page menu-item-69830\"><a href=\"https:\/\/www.auzeau.fr\/39-45\/france\/56-morbihan\/56-sainte-anne-d-auray\/\">56 &#8211; Sainte-Anne-d&#8217;Auray N\u00e9cropole nationale<\/a><\/li>\n<li id=\"menu-item-68195\" class=\"menu-item menu-item-type-post_type menu-item-object-page menu-item-68195\"><a href=\"https:\/\/www.auzeau.fr\/39-45\/france\/56-morbihan\/56-sarzeau\/\">56 \u2013 Sarzeau<\/a><\/li>\n<li id=\"menu-item-68194\" class=\"menu-item menu-item-type-post_type menu-item-object-page menu-item-68194\"><a href=\"https:\/\/www.auzeau.fr\/39-45\/france\/56-morbihan\/56-vannes\/\">56 \u2013 Vannes<\/a><\/li>\n<\/ul>\n<script type=\"text\/javascript\"> toolTips('.classtoolTips27','<img class=\"aligncenter wp-image-65839 size-full\" title=\"ME 109\" src=\"https:\/\/www.auzeau.fr\/39-45\/wp-content\/uploads\/Avions\/Allemand\/Me109.JPG\" alt=\"\" width=\"650\" height=\"357\" \/>'); <\/script><script type=\"text\/javascript\"> toolTips('.classtoolTips98','Colonel'); <\/script><script type=\"text\/javascript\"> toolTips('.classtoolTips110','Tu\u00e9 au combat<br\/><br\/>Killed In Action'); <\/script><script type=\"text\/javascript\"> toolTips('.classtoolTips126','Mort Pour la France'); <\/script><script type=\"text\/javascript\"> toolTips('.classtoolTips134','\u00c9vad\u00e9<br\/><br\/>Evaded'); <\/script><script type=\"text\/javascript\"> toolTips('.classtoolTips136','Arm\u00e9e de l\u2019Air Fran\u00e7aise'); <\/script><script type=\"text\/javascript\"> toolTips('.classtoolTips144','Royal Corps of Signals'); <\/script><script type=\"text\/javascript\"> toolTips('.classtoolTips151','Pilote<br\/><br\/>Pilot'); <\/script><script type=\"text\/javascript\"> toolTips('.classtoolTips153','Porucznik'); <\/script><script type=\"text\/javascript\"> toolTips('.classtoolTips170','Capitaine'); <\/script><script type=\"text\/javascript\"> toolTips('.classtoolTips173','Leading Airman'); <\/script><script type=\"text\/javascript\"> toolTips('.classtoolTips185','Mitrailleur<br\/><br\/>Air Gunner'); <\/script><script type=\"text\/javascript\"> toolTips('.classtoolTips188','Bombardier<br\/><br\/>Air bomber'); <\/script><script type=\"text\/javascript\"> toolTips('.classtoolTips192','<img class=\"aligncenter size-full wp-image-65858\" title=\"Rampe_V1\" src=\"https:\/\/www.auzeau.fr\/39-45\/wp-content\/uploads\/Avions\/Allemand\/Rampe_V1.jpg\" alt=\"\" width=\"640\" height=\"426\" \/><br\/><img class=\"aligncenter size-full wp-image-65859\" title=\"V1\" src=\"https:\/\/www.auzeau.fr\/39-45\/wp-content\/uploads\/Avions\/Allemand\/V1.jpg\" alt=\"\" width=\"640\" height=\"424\" \/>'); <\/script><script type=\"text\/javascript\"> toolTips('.classtoolTips195','Enseigne de Vaisseau'); <\/script><script type=\"text\/javascript\"> toolTips('.classtoolTips197','Aircraftman'); <\/script><script type=\"text\/javascript\"> toolTips('.classtoolTips199','Radio Officer'); <\/script><script type=\"text\/javascript\"> toolTips('.classtoolTips201','Lieutenant'); <\/script>","protected":false},"excerpt":{"rendered":"<p>Morane-Saulnier MS406 n\u00b0 327 GC II\/2 Matricule AAF : N-739 Date : 13 mai 1940 Mission : Destruction dan le secteur M\u00e9zi\u00e8res \/ Givet (08)) D\u00e9collage : Laon (02) \u00e0 16:35 Causes de la perte : Abattu en combat a\u00e9rien par des Me 109 du V.\/LG1 Lieu de la perte : Taillette (08) Cne Henri [&hellip;]<\/p>\n","protected":false},"author":1,"featured_media":0,"parent":43153,"menu_order":0,"comment_status":"closed","ping_status":"closed","template":"template-full-width MS415.php","meta":{"_lmt_disableupdate":"yes","_lmt_disable":"","footnotes":""},"categories":[929],"tags":[1788],"wf_page_folders":[3110],"class_list":["post-101335","page","type-page","status-publish","hentry","category-ms406","tag-gc-ii-2"],"_links":{"self":[{"href":"https:\/\/www.auzeau.fr\/39-45\/wp-json\/wp\/v2\/pages\/101335","targetHints":{"allow":["GET"]}}],"collection":[{"href":"https:\/\/www.auzeau.fr\/39-45\/wp-json\/wp\/v2\/pages"}],"about":[{"href":"https:\/\/www.auzeau.fr\/39-45\/wp-json\/wp\/v2\/types\/page"}],"author":[{"embeddable":true,"href":"https:\/\/www.auzeau.fr\/39-45\/wp-json\/wp\/v2\/users\/1"}],"replies":[{"embeddable":true,"href":"https:\/\/www.auzeau.fr\/39-45\/wp-json\/wp\/v2\/comments?post=101335"}],"version-history":[{"count":0,"href":"https:\/\/www.auzeau.fr\/39-45\/wp-json\/wp\/v2\/pages\/101335\/revisions"}],"up":[{"embeddable":true,"href":"https:\/\/www.auzeau.fr\/39-45\/wp-json\/wp\/v2\/pages\/43153"}],"wp:attachment":[{"href":"https:\/\/www.auzeau.fr\/39-45\/wp-json\/wp\/v2\/media?parent=101335"}],"wp:term":[{"taxonomy":"category","embeddable":true,"href":"https:\/\/www.auzeau.fr\/39-45\/wp-json\/wp\/v2\/categories?post=101335"},{"taxonomy":"post_tag","embeddable":true,"href":"https:\/\/www.auzeau.fr\/39-45\/wp-json\/wp\/v2\/tags?post=101335"},{"taxonomy":"wf_page_folders","embeddable":true,"href":"https:\/\/www.auzeau.fr\/39-45\/wp-json\/wp\/v2\/wf_page_folders?post=101335"}],"curies":[{"name":"wp","href":"https:\/\/api.w.org\/{rel}","templated":true}]}}