{"id":101218,"date":"2022-07-01T09:11:48","date_gmt":"2022-07-01T07:11:48","guid":{"rendered":"http:\/\/39-45.auzeau.fr\/?page_id=101218"},"modified":"2022-07-01T09:11:48","modified_gmt":"2022-07-01T07:11:48","slug":"91-guillerval-3","status":"publish","type":"page","link":"https:\/\/www.auzeau.fr\/39-45\/france\/91-essonne\/91-guillerval-3\/","title":{"rendered":"91 &#8211; Guillerval"},"content":{"rendered":"<table style=\"width: 100%;\" border=\"0\">\n<tbody>\n<tr>\n<td style=\"width: 5%;\"><\/td>\n<td style=\"width: 5%;\"><\/td>\n<td style=\"width: 2%;\"><\/td>\n<td style=\"width: 8%;\"><\/td>\n<td style=\"width: 5%;\"><\/td>\n<td style=\"width: 5%;\"><\/td>\n<td style=\"width: 5%;\"><\/td>\n<td style=\"width: 2%;\"><\/td>\n<td style=\"width: 8%;\"><\/td>\n<td style=\"width: 2%;\"><\/td>\n<td style=\"width: 5%;\"><\/td>\n<td style=\"width: 3%;\"><\/td>\n<td style=\"width: 5%;\"><\/td>\n<td style=\"width: 5%;\"><\/td>\n<td style=\"width: 5%;\"><\/td>\n<td style=\"width: 5%;\"><\/td>\n<td style=\"width: 5%;\"><\/td>\n<td style=\"width: 5%;\"><\/td>\n<td style=\"width: 5%;\"><\/td>\n<td style=\"width: 10%;\"><\/td>\n<\/tr>\n<tr>\n<td style=\"width: 75%;\" colspan=\"16\"><span style=\"font-size: xx-large;\"><strong><span style=\"color: #000000;\">Lysander V9664 MA-<br \/>\n<\/span><\/strong><\/span><\/td>\n<td style=\"width: 25%; text-align: center;\" colspan=\"4\"><span style=\"font-size: xx-large;\"><strong>161 Sqn<br \/>\n<\/strong><\/span><\/td>\n<\/tr>\n<tr>\n<td style=\"width: 75%;\" colspan=\"16\"><\/td>\n<td style=\"width: 25%; text-align: center;\" colspan=\"4\"><\/td>\n<\/tr>\n<tr style=\"height: 40px;\">\n<td style=\"text-align: right; width: 5%;\"><\/td>\n<td style=\"text-align: right; width: 5%;\"><\/td>\n<td style=\"text-align: right; width: 2%;\"><\/td>\n<td style=\"text-align: right; width: 8%;\"><\/td>\n<td style=\"text-align: right; width: 5%;\"><\/td>\n<td style=\"text-align: right; width: 5%;\"><\/td>\n<td style=\"text-align: right; width: 5%;\"><\/td>\n<td style=\"text-align: right; width: 2%;\"><\/td>\n<td style=\"text-align: right; width: 8%;\"><\/td>\n<td style=\"text-align: right; width: 2%;\"><\/td>\n<td style=\"text-align: right; width: 5%;\"><\/td>\n<td style=\"text-align: right; width: 3%;\"><\/td>\n<td style=\"text-align: right; width: 5%;\"><\/td>\n<td style=\"text-align: right; width: 5%;\"><\/td>\n<td style=\"text-align: right; width: 5%;\"><\/td>\n<td style=\"text-align: right; width: 5%;\"><\/td>\n<td style=\"text-align: right; width: 5%;\"><\/td>\n<td style=\"text-align: right; width: 5%;\"><\/td>\n<td style=\"text-align: right; width: 5%;\"><\/td>\n<td style=\"text-align: right; width: 10%;\"><\/td>\n<\/tr>\n<tr>\n<td style=\"text-align: right; width: 5%;\"><\/td>\n<td style=\"text-align: right; width: 5%;\"><span style=\"font-size: 14px;\"><strong>Date<\/strong><\/span><\/td>\n<td style=\"width: 2%; text-align: center;\"><strong>:<\/strong><\/td>\n<td style=\"width: 13%; text-align: left;\" colspan=\"4\"><span style=\"font-size: 14px;\"><em>04 mai 1944<br \/>\n<\/em><\/span><\/td>\n<td style=\"text-align: right; width: 2%;\"><\/td>\n<td style=\"text-align: right; width: 8%;\"><span style=\"font-size: 14px;\"><strong>Mission<\/strong><\/span><\/td>\n<td style=\"width: 2%; text-align: center;\"><strong><span style=\"font-size: 14px;\">:<\/span><\/strong><\/td>\n<td style=\"text-align: left; width: 53%;\" colspan=\"10\"><span style=\"font-size: 14px;\"><em><span class='tooltipsall tooltipsincontent classtoolTips140'>SOE<\/span> Forsythia <span class='tooltipsall tooltipsincontent classtoolTips186'>LZ<\/span> \u00e0 Ouarville (28)<br \/>\n<\/em><\/span><\/td>\n<\/tr>\n<tr style=\"height: 40px;\">\n<td style=\"text-align: right; width: 5%;\"><\/td>\n<td style=\"text-align: right; width: 5%;\"><\/td>\n<td style=\"width: 2%; text-align: center;\"><\/td>\n<td style=\"width: 8%; text-align: left;\"><\/td>\n<td style=\"text-align: right; width: 5%;\"><\/td>\n<td style=\"text-align: right; width: 5%;\"><\/td>\n<td style=\"text-align: right; width: 5%;\"><\/td>\n<td style=\"text-align: right; width: 2%;\"><\/td>\n<td style=\"text-align: right; width: 8%;\"><\/td>\n<td style=\"width: 2%; text-align: center;\"><\/td>\n<td style=\"text-align: left; width: 5%;\"><\/td>\n<td style=\"text-align: left; width: 3%;\"><\/td>\n<td style=\"text-align: left; width: 5%;\"><\/td>\n<td style=\"text-align: left; width: 5%;\"><\/td>\n<td style=\"text-align: left; width: 5%;\"><\/td>\n<td style=\"text-align: left; width: 5%;\"><\/td>\n<td style=\"text-align: left; width: 5%;\"><\/td>\n<td style=\"text-align: left; width: 5%;\"><\/td>\n<td style=\"text-align: left; width: 5%;\"><\/td>\n<td style=\"text-align: left; width: 10%;\"><\/td>\n<\/tr>\n<tr style=\"height: 40px;\">\n<td style=\"text-align: right; width: 10%;\" colspan=\"2\"><\/td>\n<td style=\"width: 2%; text-align: center;\"><\/td>\n<td style=\"text-align: right; width: 23%;\" colspan=\"4\"><span style=\"font-size: 14px;\"><strong>D\u00e9collage<\/strong><\/span><\/td>\n<td style=\"width: 2%; text-align: center;\"><strong>:<\/strong><\/td>\n<td style=\"text-align: left; width: 63%;\" colspan=\"12\"><span style=\"font-size: 14px;\"><em>Tempsford \u00e0 23:26<\/em><\/span><\/td>\n<\/tr>\n<tr style=\"height: 40px;\">\n<td style=\"text-align: right; width: 10%;\" colspan=\"2\"><\/td>\n<td style=\"width: 2%; text-align: center;\"><\/td>\n<td style=\"text-align: right; width: 23%;\" colspan=\"4\"><span style=\"font-size: 14px;\"><strong>Causes de la perte<br \/>\n<\/strong><\/span><\/td>\n<td style=\"width: 2%; text-align: center;\"><strong>:<br \/>\n<\/strong><\/td>\n<td style=\"text-align: left; width: 63%;\" colspan=\"12\"><span style=\"font-size: 14px;\"><em>Abattu par la <span class='tooltipsall tooltipsincontent classtoolTips70'>Flak<\/span> d&#8217;\u00c9tampes- Mond\u00e9sir<br \/>\n<\/em><\/span><\/td>\n<\/tr>\n<tr style=\"height: 40px;\">\n<td style=\"text-align: right; width: 10%;\" colspan=\"2\"><\/td>\n<td style=\"width: 2%; text-align: center;\"><\/td>\n<td style=\"text-align: right; width: 23%;\" colspan=\"4\"><span style=\"font-size: 14px;\"><strong>Lieu de la perte<br \/>\n<\/strong><\/span><\/td>\n<td style=\"width: 2%; text-align: center;\"><strong>:<br \/>\n<\/strong><\/td>\n<td style=\"text-align: left; width: 63%;\" colspan=\"12\"><span style=\"font-size: 14px;\"><em>Guillerval (91)<br \/>\n<\/em><\/span><\/td>\n<\/tr>\n<tr style=\"height: 40px;\">\n<td style=\"width: 5%;\"><\/td>\n<td style=\"width: 5%;\"><\/td>\n<td style=\"width: 2%; text-align: center;\"><\/td>\n<td style=\"text-align: right; width: 8%;\"><\/td>\n<td style=\"text-align: right; width: 5%;\"><\/td>\n<td style=\"text-align: right; width: 5%;\"><\/td>\n<td style=\"text-align: right; width: 5%;\"><\/td>\n<td style=\"width: 2%; text-align: center;\"><\/td>\n<td style=\"text-align: left; width: 8%;\"><\/td>\n<td style=\"text-align: left; width: 2%;\"><\/td>\n<td style=\"text-align: left; width: 5%;\"><\/td>\n<td style=\"text-align: left; width: 3%;\"><\/td>\n<td style=\"text-align: left; width: 5%;\"><\/td>\n<td style=\"text-align: left; width: 5%;\"><\/td>\n<td style=\"text-align: left; width: 5%;\"><\/td>\n<td style=\"text-align: left; width: 5%;\"><\/td>\n<td style=\"text-align: left; width: 5%;\"><\/td>\n<td style=\"text-align: left; width: 5%;\"><\/td>\n<td style=\"text-align: left; width: 5%;\"><\/td>\n<td style=\"text-align: left; width: 10%;\"><\/td>\n<\/tr>\n<tr style=\"height: 60px;\">\n<td style=\"width: 5%;\"><img decoding=\"async\" class=\"aligncenter size-full wp-image-47215\" title=\"Royaume Uni\" src=\"https:\/\/www.auzeau.fr\/39-45\/wp-content\/uploads\/images\/Drapeaux\/Angleterre.png\" alt=\"Royaume Uni\" width=\"40\" height=\"20\" \/><\/td>\n<td style=\"width: 5%;\">Fgt <span class='tooltipsall tooltipsincontent classtoolTips201'>Lt<\/span><\/td>\n<td style=\"text-align: left;\" colspan=\"5\">Leslie Lawrence<\/td>\n<td style=\"text-align: left;\" colspan=\"3\"><span style=\"color: #000000;\"><strong>WHITAKER<\/strong><\/span><\/td>\n<td style=\"text-align: center;\" colspan=\"2\"><span class='tooltipsall tooltipsincontent classtoolTips151'>Pil<\/span><\/td>\n<td style=\"width: 5%; text-align: center;\"><span class='tooltipsall tooltipsincontent classtoolTips45'>RAFVR<\/span><\/td>\n<td style=\"text-align: center;\" colspan=\"2\">65531<\/td>\n<td style=\"width: 5%; text-align: center;\"><span style=\"color: #000000;\"><strong><span class='tooltipsall tooltipsincontent classtoolTips110'>KIA<\/span><\/strong><\/span><\/td>\n<td style=\"text-align: left;\" colspan=\"4\"><img decoding=\"async\" class=\"size-full wp-image-47245 alignleft\" title=\"Distinguished Flying Cross\" src=\"https:\/\/www.auzeau.fr\/39-45\/wp-content\/uploads\/images\/Medaille\/Distinguished-Flying-Cross.png\" alt=\"Distinguished Flying Cross\" width=\"73\" height=\"20\" \/><span style=\"font-size: 8pt;\">le 04\/08\/1942 abattu \u00e0 Lill\u00e5svallen (Su\u00e8de) Spitfire AB314 du 1 <span class='tooltipsall tooltipsincontent classtoolTips108'>PRU<\/span> (<span class='tooltipsall tooltipsincontent classtoolTips134'>EVA<\/span>)<\/span><\/td>\n<\/tr>\n<\/tbody>\n<\/table>\n<div id='gallery-1' class='gallery galleryid-101218 gallery-columns-2 gallery-size-thumbnail'><figure class='gallery-item'>\n\t\t\t<div class='gallery-icon portrait'>\n\t\t\t\t<a title=\"Lysander_V9664\"  title=\"Lysander_V9664\"  href='https:\/\/www.auzeau.fr\/39-45\/wp-content\/uploads\/Cimetieres\/60%20--\/91%20-%20Essonne\/Guillerval\/V9664\/Lysander_V9664.JPG'><img decoding=\"async\" width=\"150\" height=\"150\" src=\"https:\/\/www.auzeau.fr\/39-45\/wp-content\/uploads\/Cimetieres\/60 --\/91 - Essonne\/Guillerval\/V9664\/Lysander_V9664-150x150.jpg\" class=\"attachment-thumbnail size-thumbnail\" alt=\"\" srcset=\"https:\/\/www.auzeau.fr\/39-45\/wp-content\/uploads\/Cimetieres\/60%20--\/91%20-%20Essonne\/Guillerval\/V9664\/Lysander_V9664-150x150.jpg 150w, https:\/\/www.auzeau.fr\/39-45\/wp-content\/uploads\/Cimetieres\/60%20--\/91%20-%20Essonne\/Guillerval\/V9664\/Lysander_V9664-50x50.jpg 50w\" sizes=\"(max-width: 150px) 100vw, 150px\" \/><\/a>\n\t\t\t<\/div><\/figure><figure class='gallery-item'>\n\t\t\t<div class='gallery-icon portrait'>\n\t\t\t\t<a title=\"Whitaker\"  title=\"Whitaker\"  href='https:\/\/www.auzeau.fr\/39-45\/wp-content\/uploads\/Cimetieres\/60%20--\/91%20-%20Essonne\/Guillerval\/V9664\/Whitaker.JPG'><img loading=\"lazy\" decoding=\"async\" width=\"150\" height=\"150\" src=\"https:\/\/www.auzeau.fr\/39-45\/wp-content\/uploads\/Cimetieres\/60 --\/91 - Essonne\/Guillerval\/V9664\/Whitaker-150x150.jpg\" class=\"attachment-thumbnail size-thumbnail\" alt=\"\" srcset=\"https:\/\/www.auzeau.fr\/39-45\/wp-content\/uploads\/Cimetieres\/60%20--\/91%20-%20Essonne\/Guillerval\/V9664\/Whitaker-150x150.jpg 150w, https:\/\/www.auzeau.fr\/39-45\/wp-content\/uploads\/Cimetieres\/60%20--\/91%20-%20Essonne\/Guillerval\/V9664\/Whitaker-50x50.jpg 50w\" sizes=\"(max-width: 150px) 100vw, 150px\" \/><\/a>\n\t\t\t<\/div><\/figure>\n\t\t<\/div>\n\n<table style=\"width: 100%; border-collapse: collapse; background-color: #dcdcdc;\">\n<tbody>\n<tr>\n<td style=\"width: 100%;\"><ul id=\"menu-91-guillerval\" class=\"menu\"><li id=\"menu-item-102699\" class=\"menu-item menu-item-type-post_type menu-item-object-page menu-item-102699\"><a href=\"https:\/\/www.auzeau.fr\/39-45\/france\/91-essonne\/91-guillerval\/\">Typhoon JR215<\/a><\/li>\n<li id=\"menu-item-102698\" class=\"menu-item menu-item-type-post_type menu-item-object-page menu-item-102698\"><a href=\"https:\/\/www.auzeau.fr\/39-45\/france\/91-essonne\/91-guillerval-2\/\">Typhoon JR143<\/a><\/li>\n<li id=\"menu-item-102697\" class=\"menu-item menu-item-type-post_type menu-item-object-page menu-item-102697\"><a href=\"https:\/\/www.auzeau.fr\/39-45\/france\/91-essonne\/91-guillerval-3\/\">Lysander V9664<\/a><\/li>\n<\/ul><\/td>\n<\/tr>\n<\/tbody>\n<\/table>\n<hr \/>\n<p style=\"text-align: center;\"><ul id=\"menu-91-essonne\" class=\"menu\"><li id=\"menu-item-102659\" class=\"menu-item menu-item-type-post_type menu-item-object-page menu-item-102659\"><a href=\"https:\/\/www.auzeau.fr\/39-45\/france\/91-essonne\/91-bievres\/\">91 \u2013 Bi\u00e8vres<\/a><\/li>\n<li id=\"menu-item-102660\" class=\"menu-item menu-item-type-post_type menu-item-object-page menu-item-102660\"><a href=\"https:\/\/www.auzeau.fr\/39-45\/france\/91-essonne\/91-boissy-sous-saint-yon\/\">91 \u2013 Boissy-sous-Saint-Yon<\/a><\/li>\n<li id=\"menu-item-102662\" class=\"menu-item menu-item-type-post_type menu-item-object-page menu-item-102662\"><a href=\"https:\/\/www.auzeau.fr\/39-45\/france\/91-essonne\/91-bretigny-sur-orge\/\">91 \u2013 Br\u00e9tigny-sur-Orge<\/a><\/li>\n<li id=\"menu-item-113874\" class=\"menu-item menu-item-type-post_type menu-item-object-page menu-item-113874\"><a href=\"https:\/\/www.auzeau.fr\/39-45\/france\/91-essonne\/91-breux-jouy\/\">91 \u2013 Breux-Jouy<\/a><\/li>\n<li id=\"menu-item-104379\" class=\"menu-item menu-item-type-post_type menu-item-object-page menu-item-104379\"><a href=\"https:\/\/www.auzeau.fr\/39-45\/france\/91-essonne\/91-corbeil-essonnes\/\">91 \u2013 Corbeil-Essonnes<\/a><\/li>\n<li id=\"menu-item-113876\" class=\"menu-item menu-item-type-post_type menu-item-object-page menu-item-113876\"><a href=\"https:\/\/www.auzeau.fr\/39-45\/france\/91-essonne\/91-courances\/\">91 \u2013 Courances<\/a><\/li>\n<li id=\"menu-item-102665\" class=\"menu-item menu-item-type-post_type menu-item-object-page menu-item-102665\"><a href=\"https:\/\/www.auzeau.fr\/39-45\/france\/91-essonne\/91-etampes-cimetiere-saint-martin\/\">91 \u2013 \u00c9tampe cimeti\u00e8re Saint-Martin<\/a><\/li>\n<li id=\"menu-item-102666\" class=\"menu-item menu-item-type-post_type menu-item-object-page menu-item-102666\"><a href=\"https:\/\/www.auzeau.fr\/39-45\/france\/91-essonne\/91-etampes-cimetiere-notre-dame\/\">91 \u2013 \u00c9tampes cimeti\u00e8re Notre-Dame<\/a><\/li>\n<li id=\"menu-item-102667\" class=\"menu-item menu-item-type-post_type menu-item-object-page menu-item-102667\"><a href=\"https:\/\/www.auzeau.fr\/39-45\/france\/91-essonne\/91-etampes-cimetiere-saint-gilles\/\">91 \u2013 \u00c9tampes cimeti\u00e8re Saint-Gilles<\/a><\/li>\n<li id=\"menu-item-102669\" class=\"menu-item menu-item-type-post_type menu-item-object-page menu-item-102669\"><a href=\"https:\/\/www.auzeau.fr\/39-45\/france\/91-essonne\/91-guillerval\/\">91 \u2013 Guillerval<\/a><\/li>\n<li id=\"menu-item-102862\" class=\"menu-item menu-item-type-post_type menu-item-object-page menu-item-102862\"><a href=\"https:\/\/www.auzeau.fr\/39-45\/france\/91-essonne\/91-massy-cimetiere-sud\/\">91 \u2013 Massy cimeti\u00e8re Sud<\/a><\/li>\n<li id=\"menu-item-102861\" class=\"menu-item menu-item-type-post_type menu-item-object-page menu-item-102861\"><a href=\"https:\/\/www.auzeau.fr\/39-45\/france\/91-essonne\/91-montgeron\/\">91 \u2013 Montgeron<\/a><\/li>\n<li id=\"menu-item-102672\" class=\"menu-item menu-item-type-post_type menu-item-object-page menu-item-102672\"><a href=\"https:\/\/www.auzeau.fr\/39-45\/france\/91-essonne\/91-morigny-champigny\/\">91 \u2013 Morigny-Champigny<\/a><\/li>\n<li id=\"menu-item-113875\" class=\"menu-item menu-item-type-post_type menu-item-object-page menu-item-113875\"><a href=\"https:\/\/www.auzeau.fr\/39-45\/france\/91-essonne\/91-orsay\/\">91 \u2013 Orsay<\/a><\/li>\n<li id=\"menu-item-113877\" class=\"menu-item menu-item-type-post_type menu-item-object-page menu-item-113877\"><a href=\"https:\/\/www.auzeau.fr\/39-45\/france\/91-essonne\/91-souzy-la-briche\/\">91 \u2013 Souzy-la-Briche<\/a><\/li>\n<\/ul>\n<script type=\"text\/javascript\"> toolTips('.classtoolTips45','Royal Air Force Volunteer Reserve'); <\/script><script type=\"text\/javascript\"> toolTips('.classtoolTips70','<img class=\"aligncenter wp-image-65848 size-full\" title=\"Flak18\" src=\"https:\/\/www.auzeau.fr\/39-45\/wp-content\/uploads\/images\/Materiel\/Flak18.JPG\" alt=\"\" width=\"640\" height=\"499\" \/><br\/><img class=\"aligncenter size-full wp-image-65849\" title=\"Flak30\" src=\"https:\/\/www.auzeau.fr\/39-45\/wp-content\/uploads\/images\/Materiel\/Flak30.JPG\" alt=\"\" width=\"640\" height=\"499\" \/>'); <\/script><script type=\"text\/javascript\"> toolTips('.classtoolTips98','Colonel'); <\/script><script type=\"text\/javascript\"> toolTips('.classtoolTips108','Unit\u00e9 de Reconnaissance Photographique<br\/><br\/>Photographic Reconnaissance Unit'); <\/script><script type=\"text\/javascript\"> toolTips('.classtoolTips110','Tu\u00e9 au combat<br\/><br\/>Killed In Action'); <\/script><script type=\"text\/javascript\"> toolTips('.classtoolTips134','\u00c9vad\u00e9<br\/><br\/>Evaded'); <\/script><script type=\"text\/javascript\"> toolTips('.classtoolTips140','Direction des op\u00e9rations sp\u00e9ciales<br\/><br\/>Special Operation Executive'); <\/script><script type=\"text\/javascript\"> toolTips('.classtoolTips144','Royal Corps of Signals'); <\/script><script type=\"text\/javascript\"> toolTips('.classtoolTips146','Royal Air Force'); <\/script><script type=\"text\/javascript\"> toolTips('.classtoolTips151','Pilote<br\/><br\/>Pilot'); <\/script><script type=\"text\/javascript\"> toolTips('.classtoolTips153','Porucznik'); <\/script><script type=\"text\/javascript\"> toolTips('.classtoolTips185','Mitrailleur<br\/><br\/>Air Gunner'); <\/script><script type=\"text\/javascript\"> toolTips('.classtoolTips186','Zone d\u2019Atterrissage<br\/><br\/>Landing Zone'); <\/script><script type=\"text\/javascript\"> toolTips('.classtoolTips188','Bombardier<br\/><br\/>Air bomber'); <\/script><script type=\"text\/javascript\"> toolTips('.classtoolTips195','Enseigne de Vaisseau'); <\/script><script type=\"text\/javascript\"> toolTips('.classtoolTips197','Aircraftman'); <\/script><script type=\"text\/javascript\"> toolTips('.classtoolTips199','Radio Officer'); <\/script><script type=\"text\/javascript\"> toolTips('.classtoolTips201','Lieutenant'); <\/script>","protected":false},"excerpt":{"rendered":"<p>Lysander V9664 MA- 161 Sqn Date : 04 mai 1944 Mission : SOE Forsythia LZ \u00e0 Ouarville (28) D\u00e9collage : Tempsford \u00e0 23:26 Causes de la perte : Abattu par la Flak d&#8217;\u00c9tampes- Mond\u00e9sir Lieu de la perte : Guillerval (91) Fgt Lt Leslie Lawrence WHITAKER Pil RAFVR 65531 KIA le 04\/08\/1942 abattu \u00e0 Lill\u00e5svallen [&hellip;]<\/p>\n","protected":false},"author":1,"featured_media":0,"parent":101170,"menu_order":0,"comment_status":"closed","ping_status":"closed","template":"template-full-width Lysander.php","meta":{"_lmt_disableupdate":"yes","_lmt_disable":"","footnotes":""},"categories":[359],"tags":[338],"wf_page_folders":[10290],"class_list":["post-101218","page","type-page","status-publish","hentry","category-lysander","tag-161-squadron"],"_links":{"self":[{"href":"https:\/\/www.auzeau.fr\/39-45\/wp-json\/wp\/v2\/pages\/101218","targetHints":{"allow":["GET"]}}],"collection":[{"href":"https:\/\/www.auzeau.fr\/39-45\/wp-json\/wp\/v2\/pages"}],"about":[{"href":"https:\/\/www.auzeau.fr\/39-45\/wp-json\/wp\/v2\/types\/page"}],"author":[{"embeddable":true,"href":"https:\/\/www.auzeau.fr\/39-45\/wp-json\/wp\/v2\/users\/1"}],"replies":[{"embeddable":true,"href":"https:\/\/www.auzeau.fr\/39-45\/wp-json\/wp\/v2\/comments?post=101218"}],"version-history":[{"count":0,"href":"https:\/\/www.auzeau.fr\/39-45\/wp-json\/wp\/v2\/pages\/101218\/revisions"}],"up":[{"embeddable":true,"href":"https:\/\/www.auzeau.fr\/39-45\/wp-json\/wp\/v2\/pages\/101170"}],"wp:attachment":[{"href":"https:\/\/www.auzeau.fr\/39-45\/wp-json\/wp\/v2\/media?parent=101218"}],"wp:term":[{"taxonomy":"category","embeddable":true,"href":"https:\/\/www.auzeau.fr\/39-45\/wp-json\/wp\/v2\/categories?post=101218"},{"taxonomy":"post_tag","embeddable":true,"href":"https:\/\/www.auzeau.fr\/39-45\/wp-json\/wp\/v2\/tags?post=101218"},{"taxonomy":"wf_page_folders","embeddable":true,"href":"https:\/\/www.auzeau.fr\/39-45\/wp-json\/wp\/v2\/wf_page_folders?post=101218"}],"curies":[{"name":"wp","href":"https:\/\/api.w.org\/{rel}","templated":true}]}}