{"id":100451,"date":"2022-04-01T14:04:46","date_gmt":"2022-04-01T12:04:46","guid":{"rendered":"http:\/\/39-45.auzeau.fr\/?page_id=100451"},"modified":"2022-04-01T14:04:46","modified_gmt":"2022-04-01T12:04:46","slug":"21-bessey-la-cour","status":"publish","type":"page","link":"https:\/\/www.auzeau.fr\/39-45\/france\/21-cote-dor\/21-bessey-la-cour\/","title":{"rendered":"21 &#8211; Bessey-la-Cour"},"content":{"rendered":"<p><img fetchpriority=\"high\" decoding=\"async\" class=\"aligncenter size-full wp-image-100406\" title=\"Bessey-la-Cour\" src=\"https:\/\/www.auzeau.fr\/39-45\/wp-content\/uploads\/Cimetieres\/01 -- 30\/21 - Cotes d Or\/Bessey-la-Cour\/Bessey-la-Cour.JPG\" alt=\"\" width=\"900\" height=\"512\" srcset=\"https:\/\/www.auzeau.fr\/39-45\/wp-content\/uploads\/Cimetieres\/01%20--%2030\/21%20-%20Cotes%20d%20Or\/Bessey-la-Cour\/Bessey-la-Cour.JPG 900w, https:\/\/www.auzeau.fr\/39-45\/wp-content\/uploads\/Cimetieres\/01%20--%2030\/21%20-%20Cotes%20d%20Or\/Bessey-la-Cour\/Bessey-la-Cour-300x171.jpg 300w, https:\/\/www.auzeau.fr\/39-45\/wp-content\/uploads\/Cimetieres\/01%20--%2030\/21%20-%20Cotes%20d%20Or\/Bessey-la-Cour\/Bessey-la-Cour-768x437.jpg 768w\" sizes=\"(max-width: 900px) 100vw, 900px\" \/><\/p>\n<p>&nbsp;<\/p>\n<table style=\"width: 100%;\" border=\"0\">\n<tbody>\n<tr>\n<td style=\"width: 5%;\"><\/td>\n<td style=\"width: 5%;\"><\/td>\n<td style=\"width: 2%;\"><\/td>\n<td style=\"width: 8%;\"><\/td>\n<td style=\"width: 5%;\"><\/td>\n<td style=\"width: 5%;\"><\/td>\n<td style=\"width: 5%;\"><\/td>\n<td style=\"width: 2%;\"><\/td>\n<td style=\"width: 8%;\"><\/td>\n<td style=\"width: 2%;\"><\/td>\n<td style=\"width: 5%;\"><\/td>\n<td style=\"width: 3%;\"><\/td>\n<td style=\"width: 5%;\"><\/td>\n<td style=\"width: 5%;\"><\/td>\n<td style=\"width: 5%;\"><\/td>\n<td style=\"width: 5%;\"><\/td>\n<td style=\"width: 5%;\"><\/td>\n<td style=\"width: 5%;\"><\/td>\n<td style=\"width: 5%;\"><\/td>\n<td style=\"width: 10%;\"><\/td>\n<\/tr>\n<tr>\n<td style=\"width: 75%;\" colspan=\"16\"><span style=\"font-size: xx-large;\"><strong><span style=\"color: #000000;\">Spitfire MA624 HN-<br \/>\n<\/span><\/strong><\/span><\/td>\n<td style=\"width: 25%; text-align: center;\" colspan=\"4\"><span style=\"font-size: xx-large;\"><strong>93 Sqn<br \/>\n<\/strong><\/span><\/td>\n<\/tr>\n<tr>\n<td style=\"width: 75%;\" colspan=\"16\"><\/td>\n<td style=\"width: 25%; text-align: center;\" colspan=\"4\"><\/td>\n<\/tr>\n<tr style=\"height: 40px;\">\n<td style=\"text-align: right; width: 5%;\"><\/td>\n<td style=\"text-align: right; width: 5%;\"><\/td>\n<td style=\"text-align: right; width: 2%;\"><\/td>\n<td style=\"text-align: right; width: 8%;\"><\/td>\n<td style=\"text-align: right; width: 5%;\"><\/td>\n<td style=\"text-align: right; width: 5%;\"><\/td>\n<td style=\"text-align: right; width: 5%;\"><\/td>\n<td style=\"text-align: right; width: 2%;\"><\/td>\n<td style=\"text-align: right; width: 8%;\"><\/td>\n<td style=\"text-align: right; width: 2%;\"><\/td>\n<td style=\"text-align: right; width: 5%;\"><\/td>\n<td style=\"text-align: right; width: 3%;\"><\/td>\n<td style=\"text-align: right; width: 5%;\"><\/td>\n<td style=\"text-align: right; width: 5%;\"><\/td>\n<td style=\"text-align: right; width: 5%;\"><\/td>\n<td style=\"text-align: right; width: 5%;\"><\/td>\n<td style=\"text-align: right; width: 5%;\"><\/td>\n<td style=\"text-align: right; width: 5%;\"><\/td>\n<td style=\"text-align: right; width: 5%;\"><\/td>\n<td style=\"text-align: right; width: 10%;\"><\/td>\n<\/tr>\n<tr>\n<td style=\"text-align: right; width: 5%;\"><\/td>\n<td style=\"text-align: right; width: 5%;\"><span style=\"font-size: 14px;\"><strong>Date<\/strong><\/span><\/td>\n<td style=\"width: 2%; text-align: center;\"><strong>:<\/strong><\/td>\n<td style=\"width: 13%; text-align: left;\" colspan=\"4\"><span style=\"font-size: 14px;\"><em>08 septembre 1944<br \/>\n<\/em><\/span><\/td>\n<td style=\"text-align: right; width: 2%;\"><\/td>\n<td style=\"text-align: right; width: 8%;\"><span style=\"font-size: 14px;\"><strong>Mission<\/strong><\/span><\/td>\n<td style=\"width: 2%; text-align: center;\"><strong><span style=\"font-size: 14px;\">:<\/span><\/strong><\/td>\n<td style=\"text-align: left; width: 53%;\" colspan=\"10\"><span style=\"font-size: 14px;\"><em>Patrouille \u00e0 l&#8217;ouest de Dijon (21)<\/em><\/span><span style=\"font-size: 14px;\"><em><br \/>\n<\/em><\/span><\/td>\n<\/tr>\n<tr style=\"height: 40px;\">\n<td style=\"text-align: right; width: 5%;\"><\/td>\n<td style=\"text-align: right; width: 5%;\"><\/td>\n<td style=\"width: 2%; text-align: center;\"><\/td>\n<td style=\"width: 8%; text-align: left;\"><\/td>\n<td style=\"text-align: right; width: 5%;\"><\/td>\n<td style=\"text-align: right; width: 5%;\"><\/td>\n<td style=\"text-align: right; width: 5%;\"><\/td>\n<td style=\"text-align: right; width: 2%;\"><\/td>\n<td style=\"text-align: right; width: 8%;\"><\/td>\n<td style=\"width: 2%; text-align: center;\"><\/td>\n<td style=\"text-align: left; width: 5%;\"><\/td>\n<td style=\"text-align: left; width: 3%;\"><\/td>\n<td style=\"text-align: left; width: 5%;\"><\/td>\n<td style=\"text-align: left; width: 5%;\"><\/td>\n<td style=\"text-align: left; width: 5%;\"><\/td>\n<td style=\"text-align: left; width: 5%;\"><\/td>\n<td style=\"text-align: left; width: 5%;\"><\/td>\n<td style=\"text-align: left; width: 5%;\"><\/td>\n<td style=\"text-align: left; width: 5%;\"><\/td>\n<td style=\"text-align: left; width: 10%;\"><\/td>\n<\/tr>\n<tr style=\"height: 40px;\">\n<td style=\"text-align: right; width: 10%;\" colspan=\"2\"><\/td>\n<td style=\"width: 2%; text-align: center;\"><\/td>\n<td style=\"text-align: right; width: 23%;\" colspan=\"4\"><span style=\"font-size: 14px;\"><strong>D\u00e9collage<\/strong><\/span><\/td>\n<td style=\"width: 2%; text-align: center;\"><strong>:<\/strong><\/td>\n<td style=\"text-align: left; width: 63%;\" colspan=\"12\"><span style=\"font-size: 14px;\"><em>Sisteron \u00e0 14:15<\/em><\/span><span style=\"font-size: 14px;\"><em><br \/>\n<\/em><\/span><\/td>\n<\/tr>\n<tr style=\"height: 40px;\">\n<td style=\"text-align: right; width: 10%;\" colspan=\"2\"><\/td>\n<td style=\"width: 2%; text-align: center;\"><\/td>\n<td style=\"text-align: right; width: 23%;\" colspan=\"4\"><span style=\"font-size: 14px;\"><strong>Causes de la perte<br \/>\n<\/strong><\/span><\/td>\n<td style=\"width: 2%; text-align: center;\"><strong>:<br \/>\n<\/strong><\/td>\n<td style=\"text-align: left; width: 63%;\" colspan=\"12\"><em>Abattu par la <span class='tooltipsall tooltipsincontent classtoolTips70'>Flak<\/span><br \/>\n<\/em><\/td>\n<\/tr>\n<tr style=\"height: 40px;\">\n<td style=\"text-align: right; width: 10%;\" colspan=\"2\"><\/td>\n<td style=\"width: 2%; text-align: center;\"><\/td>\n<td style=\"text-align: right; width: 23%;\" colspan=\"4\"><span style=\"font-size: 14px;\"><strong>Lieu de la perte<br \/>\n<\/strong><\/span><\/td>\n<td style=\"width: 2%; text-align: center;\"><strong>:<br \/>\n<\/strong><\/td>\n<td style=\"text-align: left; width: 63%;\" colspan=\"12\"><em>&#8220;La Mer&#8221; \u00e0 Bessey-la-Cour (21)<\/em><\/td>\n<\/tr>\n<tr style=\"height: 40px;\">\n<td style=\"width: 5%;\"><\/td>\n<td style=\"width: 5%;\"><\/td>\n<td style=\"width: 2%; text-align: center;\"><\/td>\n<td style=\"text-align: right; width: 8%;\"><\/td>\n<td style=\"text-align: right; width: 5%;\"><\/td>\n<td style=\"text-align: right; width: 5%;\"><\/td>\n<td style=\"text-align: right; width: 5%;\"><\/td>\n<td style=\"width: 2%; text-align: center;\"><\/td>\n<td style=\"text-align: left; width: 8%;\"><\/td>\n<td style=\"text-align: left; width: 2%;\"><\/td>\n<td style=\"text-align: left; width: 5%;\"><\/td>\n<td style=\"text-align: left; width: 3%;\"><\/td>\n<td style=\"text-align: left; width: 5%;\"><\/td>\n<td style=\"text-align: left; width: 5%;\"><\/td>\n<td style=\"text-align: left; width: 5%;\"><\/td>\n<td style=\"text-align: left; width: 5%;\"><\/td>\n<td style=\"text-align: left; width: 5%;\"><\/td>\n<td style=\"text-align: left; width: 5%;\"><\/td>\n<td style=\"text-align: left; width: 5%;\"><\/td>\n<td style=\"text-align: left; width: 10%;\"><\/td>\n<\/tr>\n<tr style=\"height: 60px;\">\n<td style=\"width: 5%;\"><img decoding=\"async\" class=\"aligncenter size-full wp-image-47215\" title=\"Royaume Uni\" src=\"https:\/\/www.auzeau.fr\/39-45\/wp-content\/uploads\/images\/Drapeaux\/Angleterre.png\" alt=\"Royaume Uni\" width=\"40\" height=\"20\" \/><\/td>\n<td style=\"width: 5%;\"><span class='tooltipsall tooltipsincontent classtoolTips183'>FS<\/span><\/td>\n<td style=\"text-align: left;\" colspan=\"5\">John William<\/td>\n<td style=\"text-align: left;\" colspan=\"3\"><strong><span style=\"color: #000000;\">WAGSTAFFE<br \/>\n<\/span><\/strong><\/td>\n<td style=\"text-align: center;\" colspan=\"2\"><span class='tooltipsall tooltipsincontent classtoolTips151'>Pil<\/span><\/td>\n<td style=\"width: 5%; text-align: center;\"><span class='tooltipsall tooltipsincontent classtoolTips45'>RAFVR<\/span><\/td>\n<td style=\"text-align: center;\" colspan=\"2\">1430722<\/td>\n<td style=\"width: 5%; text-align: center;\"><span style=\"color: #000000;\"><strong><span class='tooltipsall tooltipsincontent classtoolTips110'>KIA<\/span><br \/>\n<\/strong><\/span><\/td>\n<td style=\"text-align: left;\" colspan=\"4\"><\/td>\n<\/tr>\n<\/tbody>\n<\/table>\n<div id='gallery-1' class='gallery galleryid-100451 gallery-columns-2 gallery-size-thumbnail'><figure class='gallery-item'>\n\t\t\t<div class='gallery-icon landscape'>\n\t\t\t\t<a title=\"Spitfire_MA624\"  title=\"Spitfire_MA624\"  href='https:\/\/www.auzeau.fr\/39-45\/wp-content\/uploads\/Cimetieres\/01%20--%2030\/21%20-%20Cotes%20d%20Or\/Bessey-la-Cour\/Spitfire_MA624.JPG'><img decoding=\"async\" width=\"150\" height=\"150\" src=\"https:\/\/www.auzeau.fr\/39-45\/wp-content\/uploads\/Cimetieres\/01 -- 30\/21 - Cotes d Or\/Bessey-la-Cour\/Spitfire_MA624-150x150.jpg\" class=\"attachment-thumbnail size-thumbnail\" alt=\"\" srcset=\"https:\/\/www.auzeau.fr\/39-45\/wp-content\/uploads\/Cimetieres\/01%20--%2030\/21%20-%20Cotes%20d%20Or\/Bessey-la-Cour\/Spitfire_MA624-150x150.jpg 150w, https:\/\/www.auzeau.fr\/39-45\/wp-content\/uploads\/Cimetieres\/01%20--%2030\/21%20-%20Cotes%20d%20Or\/Bessey-la-Cour\/Spitfire_MA624-50x50.jpg 50w\" sizes=\"(max-width: 150px) 100vw, 150px\" \/><\/a>\n\t\t\t<\/div><\/figure><figure class='gallery-item'>\n\t\t\t<div class='gallery-icon portrait'>\n\t\t\t\t<a title=\"Wagstaffe\"  title=\"Wagstaffe\"  href='https:\/\/www.auzeau.fr\/39-45\/wp-content\/uploads\/Cimetieres\/01%20--%2030\/21%20-%20Cotes%20d%20Or\/Bessey-la-Cour\/Wagstaffe.JPG'><img loading=\"lazy\" decoding=\"async\" width=\"150\" height=\"150\" src=\"https:\/\/www.auzeau.fr\/39-45\/wp-content\/uploads\/Cimetieres\/01 -- 30\/21 - Cotes d Or\/Bessey-la-Cour\/Wagstaffe-150x150.jpg\" class=\"attachment-thumbnail size-thumbnail\" alt=\"\" srcset=\"https:\/\/www.auzeau.fr\/39-45\/wp-content\/uploads\/Cimetieres\/01%20--%2030\/21%20-%20Cotes%20d%20Or\/Bessey-la-Cour\/Wagstaffe-150x150.jpg 150w, https:\/\/www.auzeau.fr\/39-45\/wp-content\/uploads\/Cimetieres\/01%20--%2030\/21%20-%20Cotes%20d%20Or\/Bessey-la-Cour\/Wagstaffe-50x50.jpg 50w\" sizes=\"(max-width: 150px) 100vw, 150px\" \/><\/a>\n\t\t\t<\/div><\/figure>\n\t\t<\/div>\n\n<hr \/>\n<p style=\"text-align: center;\"><ul id=\"menu-21-cote-d-or\" class=\"menu\"><li id=\"menu-item-109417\" class=\"menu-item menu-item-type-post_type menu-item-object-page menu-item-109417\"><a href=\"https:\/\/www.auzeau.fr\/39-45\/france\/21-cote-dor\/21-auxonne\/\">21 \u2013 Auxonne<\/a><\/li>\n<li id=\"menu-item-109416\" class=\"menu-item menu-item-type-post_type menu-item-object-page menu-item-109416\"><a href=\"https:\/\/www.auzeau.fr\/39-45\/france\/21-cote-dor\/21-beaune\/\">21 \u2013 Beaune<\/a><\/li>\n<li id=\"menu-item-100872\" class=\"menu-item menu-item-type-post_type menu-item-object-page menu-item-100872\"><a href=\"https:\/\/www.auzeau.fr\/39-45\/france\/21-cote-dor\/21-bessey-la-cour\/\">21 \u2013 Bessey-la-Cour<\/a><\/li>\n<li id=\"menu-item-109413\" class=\"menu-item menu-item-type-post_type menu-item-object-page menu-item-109413\"><a href=\"https:\/\/www.auzeau.fr\/39-45\/france\/21-cote-dor\/21-brazey-en-plaine\/\">21 \u2013 Brazey-en-Plaine<\/a><\/li>\n<li id=\"menu-item-100871\" class=\"menu-item menu-item-type-post_type menu-item-object-page menu-item-100871\"><a href=\"https:\/\/www.auzeau.fr\/39-45\/france\/21-cote-dor\/21-bretiniere\/\">21 \u2013 Bretini\u00e8re<\/a><\/li>\n<li id=\"menu-item-109412\" class=\"menu-item menu-item-type-post_type menu-item-object-page menu-item-109412\"><a href=\"https:\/\/www.auzeau.fr\/39-45\/france\/21-cote-dor\/21-corpeau\/\">21 \u2013 Corpeau<\/a><\/li>\n<li id=\"menu-item-109411\" class=\"menu-item menu-item-type-post_type menu-item-object-page menu-item-109411\"><a href=\"https:\/\/www.auzeau.fr\/39-45\/france\/21-cote-dor\/21-dijon\/\">21 \u2013 Dijon<\/a><\/li>\n<li id=\"menu-item-109408\" class=\"menu-item menu-item-type-post_type menu-item-object-page menu-item-109408\"><a href=\"https:\/\/www.auzeau.fr\/39-45\/france\/21-cote-dor\/21-fontaine-les-dijon\/\">21 \u2013 Fontaine-l\u00e8s-Dijon<\/a><\/li>\n<li id=\"menu-item-109888\" class=\"menu-item menu-item-type-post_type menu-item-object-page menu-item-109888\"><a href=\"https:\/\/www.auzeau.fr\/39-45\/france\/21-cote-dor\/21-gemeaux\/\">21 \u2013 Gemeaux<\/a><\/li>\n<li id=\"menu-item-109887\" class=\"menu-item menu-item-type-post_type menu-item-object-page menu-item-109887\"><a href=\"https:\/\/www.auzeau.fr\/39-45\/france\/21-cote-dor\/21-is-sur-tille\/\">21 \u2013 Is-sur-Tille<\/a><\/li>\n<li id=\"menu-item-100878\" class=\"menu-item menu-item-type-post_type menu-item-object-page menu-item-100878\"><a href=\"https:\/\/www.auzeau.fr\/39-45\/france\/21-cote-dor\/21-la-bussiere-sur-ouche\/\">21 \u2013 La Bussi\u00e8re-sur-Ouche<\/a><\/li>\n<li id=\"menu-item-100877\" class=\"menu-item menu-item-type-post_type menu-item-object-page menu-item-100877\"><a href=\"https:\/\/www.auzeau.fr\/39-45\/france\/21-cote-dor\/21-lignerolles\/\">21 \u2013 Lignerolles<\/a><\/li>\n<li id=\"menu-item-109886\" class=\"menu-item menu-item-type-post_type menu-item-object-page menu-item-109886\"><a href=\"https:\/\/www.auzeau.fr\/39-45\/france\/21-cote-dor\/21-lux\/\">21 \u2013 Lux<\/a><\/li>\n<li id=\"menu-item-109885\" class=\"menu-item menu-item-type-post_type menu-item-object-page menu-item-109885\"><a href=\"https:\/\/www.auzeau.fr\/39-45\/france\/21-cote-dor\/21-massigny-les-semur\/\">21 \u2013 Massigny-l\u00e8s-Semur<\/a><\/li>\n<li id=\"menu-item-109884\" class=\"menu-item menu-item-type-post_type menu-item-object-page menu-item-109884\"><a href=\"https:\/\/www.auzeau.fr\/39-45\/france\/21-cote-dor\/21-messigny-et-vantoux\/\">21 \u2013 Messigny-et-Vantoux<\/a><\/li>\n<li id=\"menu-item-100873\" class=\"menu-item menu-item-type-post_type menu-item-object-page menu-item-100873\"><a href=\"https:\/\/www.auzeau.fr\/39-45\/france\/21-cote-dor\/21-nuits-saint-georges\/\">21 \u2013 Nuits-Saint-Georges<\/a><\/li>\n<li id=\"menu-item-100874\" class=\"menu-item menu-item-type-post_type menu-item-object-page menu-item-100874\"><a href=\"https:\/\/www.auzeau.fr\/39-45\/france\/21-cote-dor\/21-recey-sur-ource\/\">21 \u2013 Recey-sur-Ource<\/a><\/li>\n<li id=\"menu-item-109883\" class=\"menu-item menu-item-type-post_type menu-item-object-page menu-item-109883\"><a href=\"https:\/\/www.auzeau.fr\/39-45\/france\/21-cote-dor\/21-talant\/\">21 \u2013 Talant<\/a><\/li>\n<li id=\"menu-item-100876\" class=\"menu-item menu-item-type-post_type menu-item-object-page menu-item-100876\"><a href=\"https:\/\/www.auzeau.fr\/39-45\/france\/21-cote-dor\/21-vandenesse-en-auxois\/\">21 \u2013 Vandenesse-en-Auxois<\/a><\/li>\n<li id=\"menu-item-109917\" class=\"menu-item menu-item-type-post_type menu-item-object-page menu-item-109917\"><a href=\"https:\/\/www.auzeau.fr\/39-45\/france\/21-cote-dor\/21-varois-et-vantoux\/\">21 \u2013 Varois-et-Vantoux<\/a><\/li>\n<li id=\"menu-item-100875\" class=\"menu-item menu-item-type-post_type menu-item-object-page menu-item-100875\"><a href=\"https:\/\/www.auzeau.fr\/39-45\/france\/21-cote-dor\/21-villiers-le-duc\/\">21 \u2013 Villiers-le-Duc<\/a><\/li>\n<li id=\"menu-item-109918\" class=\"menu-item menu-item-type-post_type menu-item-object-page menu-item-109918\"><a href=\"https:\/\/www.auzeau.fr\/39-45\/france\/21-cote-dor\/21-vosne-romanee\/\">21 \u2013 Vosne-Roman\u00e9e<\/a><\/li>\n<\/ul>\n<script type=\"text\/javascript\"> toolTips('.classtoolTips45','Royal Air Force Volunteer Reserve'); <\/script><script type=\"text\/javascript\"> toolTips('.classtoolTips70','<img class=\"aligncenter wp-image-65848 size-full\" title=\"Flak18\" src=\"https:\/\/www.auzeau.fr\/39-45\/wp-content\/uploads\/images\/Materiel\/Flak18.JPG\" alt=\"\" width=\"640\" height=\"499\" \/><br\/><img class=\"aligncenter size-full wp-image-65849\" title=\"Flak30\" src=\"https:\/\/www.auzeau.fr\/39-45\/wp-content\/uploads\/images\/Materiel\/Flak30.JPG\" alt=\"\" width=\"640\" height=\"499\" \/>'); <\/script><script type=\"text\/javascript\"> toolTips('.classtoolTips98','Colonel'); <\/script><script type=\"text\/javascript\"> toolTips('.classtoolTips110','Tu\u00e9 au combat<br\/><br\/>Killed In Action'); <\/script><script type=\"text\/javascript\"> toolTips('.classtoolTips123','Secret Intelligence Service<br\/><br\/>Service Secret'); <\/script><script type=\"text\/javascript\"> toolTips('.classtoolTips144','Royal Corps of Signals'); <\/script><script type=\"text\/javascript\"> toolTips('.classtoolTips146','Royal Air Force'); <\/script><script type=\"text\/javascript\"> toolTips('.classtoolTips151','Pilote<br\/><br\/>Pilot'); <\/script><script type=\"text\/javascript\"> toolTips('.classtoolTips153','Porucznik'); <\/script><script type=\"text\/javascript\"> toolTips('.classtoolTips159','Signalman'); <\/script><script type=\"text\/javascript\"> toolTips('.classtoolTips169','Pointe'); <\/script><script type=\"text\/javascript\"> toolTips('.classtoolTips183','Flight Sergeant'); <\/script><script type=\"text\/javascript\"> toolTips('.classtoolTips185','Mitrailleur<br\/><br\/>Air Gunner'); <\/script><script type=\"text\/javascript\"> toolTips('.classtoolTips188','Bombardier<br\/><br\/>Air bomber'); <\/script><script type=\"text\/javascript\"> toolTips('.classtoolTips189','M\u00e9canicien volant<br\/><br\/>Flying Enginer'); <\/script><script type=\"text\/javascript\"> toolTips('.classtoolTips197','Aircraftman'); <\/script><script type=\"text\/javascript\"> toolTips('.classtoolTips199','Radio Officer'); <\/script><script type=\"text\/javascript\"> toolTips('.classtoolTips201','Lieutenant'); <\/script>","protected":false},"excerpt":{"rendered":"<p>&nbsp; Spitfire MA624 HN- 93 Sqn Date : 08 septembre 1944 Mission : Patrouille \u00e0 l&#8217;ouest de Dijon (21) D\u00e9collage : Sisteron \u00e0 14:15 Causes de la perte : Abattu par la Flak Lieu de la perte : &#8220;La Mer&#8221; \u00e0 Bessey-la-Cour (21) FS John William WAGSTAFFE Pil RAFVR 1430722 KIA<\/p>\n","protected":false},"author":1,"featured_media":0,"parent":100447,"menu_order":0,"comment_status":"closed","ping_status":"closed","template":"template-full-width Spitfire.php","meta":{"_lmt_disableupdate":"yes","_lmt_disable":"","footnotes":""},"categories":[586],"tags":[10033],"wf_page_folders":[10256],"class_list":["post-100451","page","type-page","status-publish","hentry","category-spitfire","tag-93-squadron"],"_links":{"self":[{"href":"https:\/\/www.auzeau.fr\/39-45\/wp-json\/wp\/v2\/pages\/100451","targetHints":{"allow":["GET"]}}],"collection":[{"href":"https:\/\/www.auzeau.fr\/39-45\/wp-json\/wp\/v2\/pages"}],"about":[{"href":"https:\/\/www.auzeau.fr\/39-45\/wp-json\/wp\/v2\/types\/page"}],"author":[{"embeddable":true,"href":"https:\/\/www.auzeau.fr\/39-45\/wp-json\/wp\/v2\/users\/1"}],"replies":[{"embeddable":true,"href":"https:\/\/www.auzeau.fr\/39-45\/wp-json\/wp\/v2\/comments?post=100451"}],"version-history":[{"count":0,"href":"https:\/\/www.auzeau.fr\/39-45\/wp-json\/wp\/v2\/pages\/100451\/revisions"}],"up":[{"embeddable":true,"href":"https:\/\/www.auzeau.fr\/39-45\/wp-json\/wp\/v2\/pages\/100447"}],"wp:attachment":[{"href":"https:\/\/www.auzeau.fr\/39-45\/wp-json\/wp\/v2\/media?parent=100451"}],"wp:term":[{"taxonomy":"category","embeddable":true,"href":"https:\/\/www.auzeau.fr\/39-45\/wp-json\/wp\/v2\/categories?post=100451"},{"taxonomy":"post_tag","embeddable":true,"href":"https:\/\/www.auzeau.fr\/39-45\/wp-json\/wp\/v2\/tags?post=100451"},{"taxonomy":"wf_page_folders","embeddable":true,"href":"https:\/\/www.auzeau.fr\/39-45\/wp-json\/wp\/v2\/wf_page_folders?post=100451"}],"curies":[{"name":"wp","href":"https:\/\/api.w.org\/{rel}","templated":true}]}}