{"id":100143,"date":"2022-02-11T15:02:27","date_gmt":"2022-02-11T14:02:27","guid":{"rendered":"http:\/\/39-45.auzeau.fr\/?page_id=100143"},"modified":"2022-05-15T14:00:06","modified_gmt":"2022-05-15T12:00:06","slug":"71-saone-et-loire","status":"publish","type":"page","link":"https:\/\/www.auzeau.fr\/39-45\/france\/71-saone-et-loire\/","title":{"rendered":"71 &#8211; Sa\u00f4ne-et-Loire"},"content":{"rendered":"<p><img decoding=\"async\" class=\"aligncenter size-full wp-image-100142\" title=\"71 Pt\" src=\"https:\/\/www.auzeau.fr\/39-45\/wp-content\/uploads\/images\/Departement\/71-Pt.png\" alt=\"\" width=\"110\" height=\"112\" srcset=\"https:\/\/www.auzeau.fr\/39-45\/wp-content\/uploads\/images\/Departement\/71-Pt.png 110w, https:\/\/www.auzeau.fr\/39-45\/wp-content\/uploads\/images\/Departement\/71-Pt-50x50.png 50w\" sizes=\"(max-width: 110px) 100vw, 110px\" \/><\/p>\n<div class=\"leaflet-map WPLeafletMap\" style=\"height:1000px; width:100%;\"><\/div><script>\nwindow.WPLeafletMapPlugin = window.WPLeafletMapPlugin || [];\nwindow.WPLeafletMapPlugin.push(function WPLeafletMapShortcode() {\/*<script>*\/\nvar baseUrl = atob('aHR0cHM6Ly97c30udGlsZS5vcGVuc3RyZWV0bWFwLm9yZy97en0ve3h9L3t5fS5wbmc=');\nvar base = (!baseUrl && window.MQ) ?\n    window.MQ.mapLayer() : L.tileLayer(baseUrl,\n        L.Util.extend({}, {\n            detectRetina: 0,\n        },\n        {\"subdomains\":\"abc\",\"noWrap\":false,\"maxZoom\":20}        )\n    );\n    var options = L.Util.extend({}, {\n        layers: [base],\n        attributionControl: false\n    },\n    {\"zoomControl\":true,\"scrollWheelZoom\":true,\"doubleClickZoom\":false,\"fitBounds\":true,\"minZoom\":0,\"maxZoom\":20,\"maxBounds\":null,\"attribution\":\"<a href=\\\"http:\\\/\\\/leafletjs.com\\\" title=\\\"Une biblioth\\u00e8que JS pour des cartes interactives\\\">Leaflet<\\\/a>; \\u00a9 <a href=\\\"http:\\\/\\\/www.openstreetmap.org\\\/copyright\\\">OpenStreetMap<\\\/a> contributeurs\"},\n    {});\nwindow.WPLeafletMapPlugin.createMap(options).setView([49.821854588467,4.5600128173828],10);window.WPLeafletMapPlugin.createScale({});});<\/script>\n<script>\nwindow.WPLeafletMapPlugin = window.WPLeafletMapPlugin || [];\nwindow.WPLeafletMapPlugin.push(function WPLeafletMarkerShortcode() {\/*<script>*\/\nvar map = window.WPLeafletMapPlugin.getCurrentMap();\nvar group = window.WPLeafletMapPlugin.getCurrentGroup();\nvar marker_options = window.WPLeafletMapPlugin.getIconOptions({\"iconUrl\":\"https:\\\/\\\/www.auzeau.fr\\\/39-45\\\/wp-content\\\/uploads\\\/images\\\/Punaises\\\/ROYAL.png\",\"iconSize\":\"40,40\",\"iconAnchor\":\"0,40\"});\nvar marker = L.marker(\n    [46.992115,4.512722],\n    marker_options\n);\nvar is_image = map.is_image_map;\nif (marker_options.draggable) {\n    marker.on('dragend', function () {\n        var latlng = this.getLatLng();\n        var lat = latlng.lat;\n        var lng = latlng.lng;\n        if (is_image) {\n            console.log('leaflet-marker y=' + lat + ' x=' + lng);\n        } else {\n            console.log('leaflet-marker lat=' + lat + ' lng=' + lng);\n        }\n    });\n}\nmarker.addTo( group );\nmarker.bindPopup(window.WPLeafletMapPlugin.unescape(' Epinac')).openPopup();window.WPLeafletMapPlugin.markers.push( marker );\n        });<\/script>\n<script>\nwindow.WPLeafletMapPlugin = window.WPLeafletMapPlugin || [];\nwindow.WPLeafletMapPlugin.push(function WPLeafletMarkerShortcode() {\/*<script>*\/\nvar map = window.WPLeafletMapPlugin.getCurrentMap();\nvar group = window.WPLeafletMapPlugin.getCurrentGroup();\nvar marker_options = window.WPLeafletMapPlugin.getIconOptions({\"iconUrl\":\"https:\\\/\\\/www.auzeau.fr\\\/39-45\\\/wp-content\\\/uploads\\\/images\\\/Punaises\\\/ROYAL.png\",\"iconSize\":\"40,40\",\"iconAnchor\":\"0,40\"});\nvar marker = L.marker(\n    [46.758256,4.530044],\n    marker_options\n);\nvar is_image = map.is_image_map;\nif (marker_options.draggable) {\n    marker.on('dragend', function () {\n        var latlng = this.getLatLng();\n        var lat = latlng.lat;\n        var lng = latlng.lng;\n        if (is_image) {\n            console.log('leaflet-marker y=' + lat + ' x=' + lng);\n        } else {\n            console.log('leaflet-marker lat=' + lat + ' lng=' + lng);\n        }\n    });\n}\nmarker.addTo( group );\nmarker.bindPopup(window.WPLeafletMapPlugin.unescape(' \u00c9cuisses')).openPopup();window.WPLeafletMapPlugin.markers.push( marker );\n        });<\/script>\n<script>\nwindow.WPLeafletMapPlugin = window.WPLeafletMapPlugin || [];\nwindow.WPLeafletMapPlugin.push(function WPLeafletMarkerShortcode() {\/*<script>*\/\nvar map = window.WPLeafletMapPlugin.getCurrentMap();\nvar group = window.WPLeafletMapPlugin.getCurrentGroup();\nvar marker_options = window.WPLeafletMapPlugin.getIconOptions({\"iconUrl\":\"https:\\\/\\\/www.auzeau.fr\\\/39-45\\\/wp-content\\\/uploads\\\/images\\\/Punaises\\\/FRANCE.png\",\"iconSize\":\"40,40\",\"iconAnchor\":\"0,40\"});\nvar marker = L.marker(\n    [46.864002,4.23772],\n    marker_options\n);\nvar is_image = map.is_image_map;\nif (marker_options.draggable) {\n    marker.on('dragend', function () {\n        var latlng = this.getLatLng();\n        var lat = latlng.lat;\n        var lng = latlng.lng;\n        if (is_image) {\n            console.log('leaflet-marker y=' + lat + ' x=' + lng);\n        } else {\n            console.log('leaflet-marker lat=' + lat + ' lng=' + lng);\n        }\n    });\n}\nmarker.addTo( group );\nmarker.bindPopup(window.WPLeafletMapPlugin.unescape(' Mesvres')).openPopup();window.WPLeafletMapPlugin.markers.push( marker );\n        });<\/script>\n<script>\nwindow.WPLeafletMapPlugin = window.WPLeafletMapPlugin || [];\nwindow.WPLeafletMapPlugin.push(function WPLeafletMarkerShortcode() {\/*<script>*\/\nvar map = window.WPLeafletMapPlugin.getCurrentMap();\nvar group = window.WPLeafletMapPlugin.getCurrentGroup();\nvar marker_options = window.WPLeafletMapPlugin.getIconOptions({\"iconUrl\":\"https:\\\/\\\/www.auzeau.fr\\\/39-45\\\/wp-content\\\/uploads\\\/images\\\/Punaises\\\/FRANCE.png\",\"iconSize\":\"40,40\",\"iconAnchor\":\"0,40\"});\nvar marker = L.marker(\n    [46.681983,4.38498],\n    marker_options\n);\nvar is_image = map.is_image_map;\nif (marker_options.draggable) {\n    marker.on('dragend', function () {\n        var latlng = this.getLatLng();\n        var lat = latlng.lat;\n        var lng = latlng.lng;\n        if (is_image) {\n            console.log('leaflet-marker y=' + lat + ' x=' + lng);\n        } else {\n            console.log('leaflet-marker lat=' + lat + ' lng=' + lng);\n        }\n    });\n}\nmarker.addTo( group );\nmarker.bindPopup(window.WPLeafletMapPlugin.unescape(' Montceau-les-Mines')).openPopup();window.WPLeafletMapPlugin.markers.push( marker );\n        });<\/script>\n<script>\nwindow.WPLeafletMapPlugin = window.WPLeafletMapPlugin || [];\nwindow.WPLeafletMapPlugin.push(function WPLeafletMarkerShortcode() {\/*<script>*\/\nvar map = window.WPLeafletMapPlugin.getCurrentMap();\nvar group = window.WPLeafletMapPlugin.getCurrentGroup();\nvar marker_options = window.WPLeafletMapPlugin.getIconOptions({\"iconUrl\":\"https:\\\/\\\/www.auzeau.fr\\\/39-45\\\/wp-content\\\/uploads\\\/images\\\/Punaises\\\/ROYAL.png\",\"iconSize\":\"40,40\",\"iconAnchor\":\"0,40\"});\nvar marker = L.marker(\n    [46.764422,4.601317],\n    marker_options\n);\nvar is_image = map.is_image_map;\nif (marker_options.draggable) {\n    marker.on('dragend', function () {\n        var latlng = this.getLatLng();\n        var lat = latlng.lat;\n        var lng = latlng.lng;\n        if (is_image) {\n            console.log('leaflet-marker y=' + lat + ' x=' + lng);\n        } else {\n            console.log('leaflet-marker lat=' + lat + ' lng=' + lng);\n        }\n    });\n}\nmarker.addTo( group );\nmarker.bindPopup(window.WPLeafletMapPlugin.unescape(' Villeneuve-en-Montagne')).openPopup();window.WPLeafletMapPlugin.markers.push( marker );\n        });<\/script>\n<p>&nbsp;<\/p>\n<script>\nwindow.WPLeafletMapPlugin = window.WPLeafletMapPlugin || [];\nwindow.WPLeafletMapPlugin.push(function WPLeafletMarkerShortcode() {\/*<script>*\/\nvar map = window.WPLeafletMapPlugin.getCurrentMap();\nvar group = window.WPLeafletMapPlugin.getCurrentGroup();\nvar marker_options = window.WPLeafletMapPlugin.getIconOptions({\"iconUrl\":\"https:\\\/\\\/www.auzeau.fr\\\/39-45\\\/wp-content\\\/uploads\\\/images\\\/Punaises\\\/ROYAL.png\",\"iconSize\":\"40,40\",\"iconAnchor\":\"0,40\"});\nvar marker = L.marker(\n    [46.700298,5.290978],\n    marker_options\n);\nvar is_image = map.is_image_map;\nif (marker_options.draggable) {\n    marker.on('dragend', function () {\n        var latlng = this.getLatLng();\n        var lat = latlng.lat;\n        var lng = latlng.lng;\n        if (is_image) {\n            console.log('leaflet-marker y=' + lat + ' x=' + lng);\n        } else {\n            console.log('leaflet-marker lat=' + lat + ' lng=' + lng);\n        }\n    });\n}\nmarker.addTo( group );\nmarker.bindPopup(window.WPLeafletMapPlugin.unescape(' Montcony')).openPopup();window.WPLeafletMapPlugin.markers.push( marker );\n        });<\/script>\n<script>\nwindow.WPLeafletMapPlugin = window.WPLeafletMapPlugin || [];\nwindow.WPLeafletMapPlugin.push(function WPLeafletMarkerShortcode() {\/*<script>*\/\nvar map = window.WPLeafletMapPlugin.getCurrentMap();\nvar group = window.WPLeafletMapPlugin.getCurrentGroup();\nvar marker_options = window.WPLeafletMapPlugin.getIconOptions({\"iconUrl\":\"https:\\\/\\\/www.auzeau.fr\\\/39-45\\\/wp-content\\\/uploads\\\/images\\\/Punaises\\\/ROYAL.png\",\"iconSize\":\"40,40\",\"iconAnchor\":\"0,40\"});\nvar marker = L.marker(\n    [46.508753,4.381807],\n    marker_options\n);\nvar is_image = map.is_image_map;\nif (marker_options.draggable) {\n    marker.on('dragend', function () {\n        var latlng = this.getLatLng();\n        var lat = latlng.lat;\n        var lng = latlng.lng;\n        if (is_image) {\n            console.log('leaflet-marker y=' + lat + ' x=' + lng);\n        } else {\n            console.log('leaflet-marker lat=' + lat + ' lng=' + lng);\n        }\n    });\n}\nmarker.addTo( group );\nmarker.bindPopup(window.WPLeafletMapPlugin.unescape(' Mornay')).openPopup();window.WPLeafletMapPlugin.markers.push( marker );\n        });<\/script>\n<script>\nwindow.WPLeafletMapPlugin = window.WPLeafletMapPlugin || [];\nwindow.WPLeafletMapPlugin.push(function WPLeafletMarkerShortcode() {\/*<script>*\/\nvar map = window.WPLeafletMapPlugin.getCurrentMap();\nvar group = window.WPLeafletMapPlugin.getCurrentGroup();\nvar marker_options = window.WPLeafletMapPlugin.getIconOptions({\"iconUrl\":\"https:\\\/\\\/www.auzeau.fr\\\/39-45\\\/wp-content\\\/uploads\\\/images\\\/Punaises\\\/ROYAL.png\",\"iconSize\":\"40,40\",\"iconAnchor\":\"0,40\"});\nvar marker = L.marker(\n    [46.719417,4.953921],\n    marker_options\n);\nvar is_image = map.is_image_map;\nif (marker_options.draggable) {\n    marker.on('dragend', function () {\n        var latlng = this.getLatLng();\n        var lat = latlng.lat;\n        var lng = latlng.lng;\n        if (is_image) {\n            console.log('leaflet-marker y=' + lat + ' x=' + lng);\n        } else {\n            console.log('leaflet-marker lat=' + lat + ' lng=' + lng);\n        }\n    });\n}\nmarker.addTo( group );\nmarker.bindPopup(window.WPLeafletMapPlugin.unescape(' Ouroux-sur-Sa\u00f4ne')).openPopup();window.WPLeafletMapPlugin.markers.push( marker );\n        });<\/script>\n<script>\nwindow.WPLeafletMapPlugin = window.WPLeafletMapPlugin || [];\nwindow.WPLeafletMapPlugin.push(function WPLeafletMarkerShortcode() {\/*<script>*\/\nvar map = window.WPLeafletMapPlugin.getCurrentMap();\nvar group = window.WPLeafletMapPlugin.getCurrentGroup();\nvar marker_options = window.WPLeafletMapPlugin.getIconOptions({\"iconUrl\":\"https:\\\/\\\/www.auzeau.fr\\\/39-45\\\/wp-content\\\/uploads\\\/images\\\/Punaises\\\/FRANCE.png\",\"iconSize\":\"40,40\",\"iconAnchor\":\"0,40\"});\nvar marker = L.marker(\n    [46.519632,4.605102],\n    marker_options\n);\nvar is_image = map.is_image_map;\nif (marker_options.draggable) {\n    marker.on('dragend', function () {\n        var latlng = this.getLatLng();\n        var lat = latlng.lat;\n        var lng = latlng.lng;\n        if (is_image) {\n            console.log('leaflet-marker y=' + lat + ' x=' + lng);\n        } else {\n            console.log('leaflet-marker lat=' + lat + ' lng=' + lng);\n        }\n    });\n}\nmarker.addTo( group );\nmarker.bindPopup(window.WPLeafletMapPlugin.unescape(' Salornay-sur-Guye')).openPopup();window.WPLeafletMapPlugin.markers.push( marker );\n        });<\/script>\n<script>\nwindow.WPLeafletMapPlugin = window.WPLeafletMapPlugin || [];\nwindow.WPLeafletMapPlugin.push(function WPLeafletMarkerShortcode() {\/*<script>*\/\nvar map = window.WPLeafletMapPlugin.getCurrentMap();\nvar group = window.WPLeafletMapPlugin.getCurrentGroup();\nvar marker_options = window.WPLeafletMapPlugin.getIconOptions({\"iconUrl\":\"https:\\\/\\\/www.auzeau.fr\\\/39-45\\\/wp-content\\\/uploads\\\/images\\\/Punaises\\\/ROYAL.png\",\"iconSize\":\"40,40\",\"iconAnchor\":\"0,40\"});\nvar marker = L.marker(\n    [46.830837,4.920373],\n    marker_options\n);\nvar is_image = map.is_image_map;\nif (marker_options.draggable) {\n    marker.on('dragend', function () {\n        var latlng = this.getLatLng();\n        var lat = latlng.lat;\n        var lng = latlng.lng;\n        if (is_image) {\n            console.log('leaflet-marker y=' + lat + ' x=' + lng);\n        } else {\n            console.log('leaflet-marker lat=' + lat + ' lng=' + lng);\n        }\n    });\n}\nmarker.addTo( group );\nmarker.bindPopup(window.WPLeafletMapPlugin.unescape(' Sassenay')).openPopup();window.WPLeafletMapPlugin.markers.push( marker );\n        });<\/script>\n<hr \/>\n<p style=\"text-align: center;\"><ul id=\"menu-71-saone-et-loire\" class=\"menu\"><li id=\"menu-item-101982\" class=\"menu-item menu-item-type-post_type menu-item-object-page menu-item-101982\"><a href=\"https:\/\/www.auzeau.fr\/39-45\/france\/71-saone-et-loire\/71-ecuisses\/\">71 \u2013 \u00c9cuisses<\/a><\/li>\n<li id=\"menu-item-100176\" class=\"menu-item menu-item-type-post_type menu-item-object-page menu-item-100176\"><a href=\"https:\/\/www.auzeau.fr\/39-45\/france\/71-saone-et-loire\/71-epinac\/\">71 \u2013 \u00c9pinac<\/a><\/li>\n<li id=\"menu-item-101981\" class=\"menu-item menu-item-type-post_type menu-item-object-page menu-item-101981\"><a href=\"https:\/\/www.auzeau.fr\/39-45\/france\/71-saone-et-loire\/71-mesvres\/\">71 \u2013 Mesvres<\/a><\/li>\n<li id=\"menu-item-101980\" class=\"menu-item menu-item-type-post_type menu-item-object-page menu-item-101980\"><a href=\"https:\/\/www.auzeau.fr\/39-45\/france\/71-saone-et-loire\/71-montceau-les-mines-cimetiere-du-bois-roulot\/\">71 \u2013 Montceau-les-Mines cimeti\u00e8re du Bois Roulot<\/a><\/li>\n<li id=\"menu-item-109336\" class=\"menu-item menu-item-type-post_type menu-item-object-page menu-item-109336\"><a href=\"https:\/\/www.auzeau.fr\/39-45\/france\/71-saone-et-loire\/71-montcony\/\">71 \u2013 Montcony<\/a><\/li>\n<li id=\"menu-item-109335\" class=\"menu-item menu-item-type-post_type menu-item-object-page menu-item-109335\"><a href=\"https:\/\/www.auzeau.fr\/39-45\/france\/71-saone-et-loire\/71-mornay\/\">71 \u2013 Mornay<\/a><\/li>\n<li id=\"menu-item-109332\" class=\"menu-item menu-item-type-post_type menu-item-object-page menu-item-109332\"><a href=\"https:\/\/www.auzeau.fr\/39-45\/france\/71-saone-et-loire\/71-ouroux-sur-saone\/\">71 \u2013 Ouroux-sur-Sa\u00f4ne<\/a><\/li>\n<li id=\"menu-item-109334\" class=\"menu-item menu-item-type-post_type menu-item-object-page menu-item-109334\"><a href=\"https:\/\/www.auzeau.fr\/39-45\/france\/71-saone-et-loire\/71-salornay-sur-guye\/\">71 \u2013 Salornay-sur-Guye<\/a><\/li>\n<li id=\"menu-item-109333\" class=\"menu-item menu-item-type-post_type menu-item-object-page menu-item-109333\"><a href=\"https:\/\/www.auzeau.fr\/39-45\/france\/71-saone-et-loire\/71-sassenay\/\">71 \u2013 Sassenay<\/a><\/li>\n<li id=\"menu-item-101979\" class=\"menu-item menu-item-type-post_type menu-item-object-page menu-item-101979\"><a href=\"https:\/\/www.auzeau.fr\/39-45\/france\/71-saone-et-loire\/71-villeneuve-en-montagne\/\">71 \u2013 Villeneuve-en-Montagne<\/a><\/li>\n<\/ul>\n<script type=\"text\/javascript\"> toolTips('.classtoolTips82','Chorazy'); <\/script><script type=\"text\/javascript\"> toolTips('.classtoolTips143','Special Air Service'); <\/script><script type=\"text\/javascript\"> toolTips('.classtoolTips144','Royal Corps of Signals'); <\/script><script type=\"text\/javascript\"> toolTips('.classtoolTips148','<strong>D\u00e9c\u00e9d\u00e9 de ses blessures<\/strong><br\/><br\/>concerne une personne qui a surv\u00e9cu pour atteindre un centre de traitement m\u00e9dical.<br\/><br\/><strong>Died of wounds<\/strong><br\/><br\/>concerns a person who survived to reach a medical treatment center.'); <\/script><script type=\"text\/javascript\"> toolTips('.classtoolTips150','Indemne<br\/><br\/>Unhurt'); <\/script><script type=\"text\/javascript\"> toolTips('.classtoolTips183','Flight Sergeant'); <\/script><script type=\"text\/javascript\"> toolTips('.classtoolTips185','Mitrailleur<br\/><br\/>Air Gunner'); <\/script><script type=\"text\/javascript\"> toolTips('.classtoolTips186','Zone d\u2019Atterrissage<br\/><br\/>Landing Zone'); <\/script><script type=\"text\/javascript\"> toolTips('.classtoolTips188','Bombardier<br\/><br\/>Air bomber'); <\/script><script type=\"text\/javascript\"> toolTips('.classtoolTips193','Royal Navy'); <\/script><script type=\"text\/javascript\"> toolTips('.classtoolTips197','Aircraftman'); <\/script><script type=\"text\/javascript\"> toolTips('.classtoolTips199','Radio Officer'); <\/script><script type=\"text\/javascript\"> toolTips('.classtoolTips201','Lieutenant'); <\/script>","protected":false},"excerpt":{"rendered":"<p>&nbsp;<\/p>\n","protected":false},"author":1,"featured_media":0,"parent":32,"menu_order":0,"comment_status":"closed","ping_status":"closed","template":"","meta":{"_lmt_disableupdate":"yes","_lmt_disable":"","footnotes":""},"categories":[3447],"tags":[],"wf_page_folders":[10227,3106],"class_list":["post-100143","page","type-page","status-publish","hentry","category-departement"],"_links":{"self":[{"href":"https:\/\/www.auzeau.fr\/39-45\/wp-json\/wp\/v2\/pages\/100143","targetHints":{"allow":["GET"]}}],"collection":[{"href":"https:\/\/www.auzeau.fr\/39-45\/wp-json\/wp\/v2\/pages"}],"about":[{"href":"https:\/\/www.auzeau.fr\/39-45\/wp-json\/wp\/v2\/types\/page"}],"author":[{"embeddable":true,"href":"https:\/\/www.auzeau.fr\/39-45\/wp-json\/wp\/v2\/users\/1"}],"replies":[{"embeddable":true,"href":"https:\/\/www.auzeau.fr\/39-45\/wp-json\/wp\/v2\/comments?post=100143"}],"version-history":[{"count":0,"href":"https:\/\/www.auzeau.fr\/39-45\/wp-json\/wp\/v2\/pages\/100143\/revisions"}],"up":[{"embeddable":true,"href":"https:\/\/www.auzeau.fr\/39-45\/wp-json\/wp\/v2\/pages\/32"}],"wp:attachment":[{"href":"https:\/\/www.auzeau.fr\/39-45\/wp-json\/wp\/v2\/media?parent=100143"}],"wp:term":[{"taxonomy":"category","embeddable":true,"href":"https:\/\/www.auzeau.fr\/39-45\/wp-json\/wp\/v2\/categories?post=100143"},{"taxonomy":"post_tag","embeddable":true,"href":"https:\/\/www.auzeau.fr\/39-45\/wp-json\/wp\/v2\/tags?post=100143"},{"taxonomy":"wf_page_folders","embeddable":true,"href":"https:\/\/www.auzeau.fr\/39-45\/wp-json\/wp\/v2\/wf_page_folders?post=100143"}],"curies":[{"name":"wp","href":"https:\/\/api.w.org\/{rel}","templated":true}]}}